{"id":901,"date":"2023-04-03T14:47:11","date_gmt":"2023-04-03T14:47:11","guid":{"rendered":"https:\/\/betting.com\/de\/?page_id=901"},"modified":"2023-08-02T12:31:05","modified_gmt":"2023-08-02T12:31:05","slug":"polnische-ekstraklasa","status":"publish","type":"page","link":"https:\/\/betting.com\/de\/polnische-ekstraklasa","title":{"rendered":"Polnische Ekstraklasa"},"content":{"rendered":"<div class=\" container-white py-8\">\n\t<div class=\"wp-block-container-toc  \">\n\t\t\t<div class=\"bg-white\">\n\t<div class=\"flex flex-col-reverse lg:flex-row lg:gap-8 py-10\">\n\t\t<article class=\"max-w-[960px] flex-grow\" data-bt-content>\n\t\t\t\n<p>18 Mannschaften treten in dieser Saison in der polnischen Ekstraklasa an (von 16 aufgestockt), und der Meister qualifiziert sich f\u00fcr die Champions League. Dieser Artikel gibt einen \u00dcberblick \u00fcber die Ekstraklasa und bietet Vorschl\u00e4ge und Tipps f\u00fcr Wettauswahlen und -m\u00e4rkte.<\/p>\n\n\n\n<p>In der Ekstraklasa-Saison 2021\/22 gewann Lech Poznan mit f\u00fcnf Punkten Vorsprung seinen 8. Titel. Am Ende der Saison verpasste Piast Gliwice nur knapp den vierten Platz, w\u00e4hrend Lechia Gdansk sich den letzten Qualifikationsplatz f\u00fcr die Europa Conference League sicherte.<\/p>\n\n\n\n<h2 class=\"wp-block-heading\" id=\"alles-was-sie-uber-wetten-auf-die-polnische-ekstraklasa-wissen-mussen\"><strong>Alles, was Sie \u00fcber Wetten auf die polnische Ekstraklasa wissen m\u00fcssen<\/strong><\/h2>\n\n\n\n<p>Der Gesamtsieger der polnischen Ekstraklasa ist der beliebteste Wettmarkt f\u00fcr Wettende. Obwohl Legia Warschau im letzten Jahr gewonnen hat, ist dies keineswegs garantiert, was f\u00fcr ein spannendes und offenes Wetten mit dem Potenzial f\u00fcr gro\u00dfe Gewinne sorgt.<\/p>\n\n\t\t<\/article>\n\t\t<div class=\"lg:w-[300px] lg:flex-shrink-0 relative\" x-data=\"{show_toc: false}\">\n\t\t\t<div class=\"lg:sticky lg:top-4 z-30\">\n\t\t\t\t<div class=\"fixed -top-64 left-0 w-full z-50 lg:static transition-all hidden lg:block\" id=\"fixed-toc\">\n\t\t\t\t\t<div>\n\t\t\t\t<div class=\"border-b border-solid border-gray-30 text-lg font-bold lg:pt-7 max-lg:px-4 py-3 flex items-center justify-between bg-white lg:bg-transparent\">\n\t\t\tWas gibt es auf dieser Seite\n\t\t\t<button @click=\"show_toc = true\" class=\"btn btn-red-outline-white block lg:hidden\">Jump to<\/button>\n\t\t<\/div>\n\t\t\t\t<div\n\t\t\tclass=\"max-lg:fixed max-lg:top-0 max-lg:left-0 max-lg:w-screen max-lg:h-screen max-lg:bg-gray-70 max-lg:bg-opacity-75 max-lg:hidden\"\n\t\t\t:class=\"{'max-lg:hidden': !show_toc}\"\n\t\t\t@click=\"show_toc = false\"\n\t\t>\n\t\t\t<div class=\"max-lg:absolute max-lg:bottom-0 max-lg:left-0 max-lg:w-screen bg-white lg:bg-transparent\">\n\t\t\t\t\t\t\t\t<div class=\"flex lg:hidden items-center justify-between mx-4 border-b border-solid border-gray-30 pt-6 pb-2 font-bold\">\n\n\t\t\t\t\tAuf dieser Seite\n\t\t\t\t\t<button @click=\"show_toc = false\">\n\t\t\t\t\t\t<svg class=\"w-5 h-5 text-gray-100\" xmlns=\"http:\/\/www.w3.org\/2000\/svg\" fill=\"none\" stroke=\"currentColor\" stroke-width=\"1.5\" class=\"w-6 h-6\" viewBox=\"0 0 24 24\"><path stroke-linecap=\"round\" stroke-linejoin=\"round\" d=\"M6 18 18 6M6 6l12 12\"\/><\/svg>\t\t\t\t\t<\/button>\n\t\t\t\t<\/div>\n\t\t\t\t<ul id=\"toc\" class=\"mt-5 max-h-[85vh] overflow-y-auto list-none bt-scrollbars\">\n\n\t\t\t\t\t\t\t\t\t\t\t<li>\n\t\t\t\t\t\t\t<a href=\"#alles-was-sie-uber-wetten-auf-die-polnische-ekstraklasa-wissen-mussen\" data-bt-toc-item=\"alles-was-sie-uber-wetten-auf-die-polnische-ekstraklasa-wissen-mussen\"\n\t\t\t\t\t\t\t\t @click=\"show_toc = false\"\n\t\t\t\t\t\t\t\t class=\"block px-4 py-2 text-black border-l-4 border-solid border-transparent hover:border-red-100 transition-all hover:!border-b-0 hover:font-bold\">\nAlles, was Sie \u00fcber Wetten auf die polnische Ekstraklasa wissen m\u00fcssen\n<\/a>\n\t\t\t\t\t\t<\/li>\n\t\t\t\t\t\t\t\t\t<\/ul>\n\t\t\t\t\t\t\t\t\t\t\t<\/div>\n\t\t<\/div>\n\t<\/div>\n\t\t\t\t\t<\/div>\n\t\t\t<\/div>\n\t\t<\/div>\n\t<\/div>\n<\/div>\n\t<\/div>\n<\/div>\n\n","protected":false},"excerpt":{"rendered":"","protected":false},"author":6,"featured_media":0,"parent":0,"menu_order":1000,"comment_status":"closed","ping_status":"closed","template":"","meta":{"footnotes":""},"tags":[],"acf":[],"_links":{"self":[{"href":"https:\/\/betting.com\/de\/wp-json\/wp\/v2\/pages\/901"}],"collection":[{"href":"https:\/\/betting.com\/de\/wp-json\/wp\/v2\/pages"}],"about":[{"href":"https:\/\/betting.com\/de\/wp-json\/wp\/v2\/types\/page"}],"author":[{"embeddable":true,"href":"https:\/\/betting.com\/de\/wp-json\/wp\/v2\/users\/6"}],"replies":[{"embeddable":true,"href":"https:\/\/betting.com\/de\/wp-json\/wp\/v2\/comments?post=901"}],"version-history":[{"count":3,"href":"https:\/\/betting.com\/de\/wp-json\/wp\/v2\/pages\/901\/revisions"}],"predecessor-version":[{"id":6209,"href":"https:\/\/betting.com\/de\/wp-json\/wp\/v2\/pages\/901\/revisions\/6209"}],"wp:attachment":[{"href":"https:\/\/betting.com\/de\/wp-json\/wp\/v2\/media?parent=901"}],"wp:term":[{"taxonomy":"post_tag","embeddable":true,"href":"https:\/\/betting.com\/de\/wp-json\/wp\/v2\/tags?post=901"}],"curies":[{"name":"wp","href":"https:\/\/api.w.org\/{rel}","templated":true}]}}