{"id":899,"date":"2023-04-03T14:40:48","date_gmt":"2023-04-03T14:40:48","guid":{"rendered":"https:\/\/betting.com\/de\/?page_id=899"},"modified":"2023-08-02T12:31:05","modified_gmt":"2023-08-02T12:31:05","slug":"rugby-union","status":"publish","type":"page","link":"https:\/\/betting.com\/de\/rugby-union","title":{"rendered":"Rugby Union"},"content":{"rendered":"<div class=\" container-white py-8\">\n\t<div class=\"wp-block-container-toc  \">\n\t\t\t<div class=\"bg-white\">\n\t<div class=\"flex flex-col-reverse lg:flex-row lg:gap-8 py-10\">\n\t\t<article class=\"max-w-[960px] flex-grow\" data-bt-content>\n\t\t\t\n<p>Noch heute sind wir mit beiden Kodizes gesegnet \u2013 sehr zur Freude der Rugby-Fans auf der ganzen Welt. W\u00e4hrend sich die Union mehr auf Macht und Organisation konzentriert, wird die Liga in einem viel schnelleren Tempo gespielt und pr\u00e4sentiert sich auch beim typischen Line-out in einer besseren Form.<\/p>\n\n\n\n<p>Rugby ist eine der beliebtesten Sportarten auf der ganzen Welt und zieht Millionen von Zuschauern und W\u00e4hlern an. Die Urspr\u00fcnge von Rugby liegen in den 1800er Jahren in England, und der Sport w\u00e4chst weiter.<\/p>\n\n\n\n<p>&nbsp;Rugby ist in vielen L\u00e4ndern sehr beliebt, darunter Gro\u00dfbritannien, Irland, Frankreich, Australien, Neuseeland, S\u00fcdafrika, Argentinien, Italien und Samoa. Es gibt zwei verschiedene Arten von popul\u00e4ren Rugby-Codes &#8211; Rugby Union und Rugby League, die beide unter dem Namen Rugby Football zusammengefasst sind.<\/p>\n\n\n\n<h2 class=\"wp-block-heading\" id=\"beliebte-rugby-union-ereignisse-auf-die-man-wetten-kann\"><strong>Beliebte Rugby-Union-Ereignisse, auf die man wetten kann&nbsp;<\/strong><\/h2>\n\n\n\n<p>Rugby Union ist bei britischen Wettfreunden sehr beliebt. Wir haben die gr\u00f6\u00dften Wettbewerbe und Ligen herausgesucht:<\/p>\n\n\n\n<p><strong>Rugby Union World Cup:<\/strong> Der H\u00f6hepunkt des internationalen Rugby-Union-Sports ist die Rugby-Weltmeisterschaft, die alle vier Jahre ausgetragen wird. Spitzenmannschaften der s\u00fcdlichen Hemisph\u00e4re wie S\u00fcdafrika, Australien und die neuseel\u00e4ndischen All Blacks treffen auf England, Irland, Frankreich, Schottland und Wales. 2023 ist das Jahr der Weltmeisterschaft, in dem Neuseeland, Frankreich und Irland zu den Favoriten z\u00e4hlen.<\/p>\n\n\n\n<p><strong>Six Nations Championships: <\/strong>Die Sechs-Nationen-Meisterschaft ist ein j\u00e4hrlicher Wettbewerb, bei dem sechs der besten internationalen Mannschaften Europas gegeneinander antreten. Die sechs Mannschaften sind: England, Wales, Irland, Schottland, Italien und Frankreich. Das Turnier wurde 1883 als F\u00fcnf-Nationen-Meisterschaft ins Leben gerufen, aber seit 2000, als Italien eingeladen wurde, ist es als Sechs-Nationen-Meisterschaft bekannt. Sie k\u00f6nnen auf den Gesamtsieger wetten, aber es gibt auch andere Wettbewerbe und Variablen innerhalb des Turniers. Es gibt den Grand Slam, bei dem eine Mannschaft alle Spiele des Turniers gewinnt. Dann gibt es noch die Triple Crown, wenn eine der Heimnationen (England, Irland, Schottland und Wales) alle drei Heimspiele gewinnt.<\/p>\n\n\n\n<p><strong>Rugby-Meisterschaft:<\/strong> Hier k\u00f6nnen Sie auf die Rugby Union der s\u00fcdlichen Hemisph\u00e4re wetten. Neuseeland, Australien, S\u00fcdafrika und Argentinien k\u00e4mpfen in der s\u00fcdlichen Hemisph\u00e4re in der Rugby Championship, dem Pendant zu den Six Nations.<\/p>\n\n\n\n<p><strong>Gallagher Premiership:<\/strong> Wettende k\u00f6nnen auf Englands h\u00f6chste Spielklasse wetten.<\/p>\n\n\n\n<p><strong>Andere Wettbewerbe: <\/strong>Es gibt viele andere Rugby-Union-Wettbewerbe, auf die Sie wetten k\u00f6nnen, wie die Top 14 in Frankreich, die Nationale Rugby-Meisterschaft und viele andere, einschlie\u00dflich Rugby Sevens.<\/p>\n\n\t\t<\/article>\n\t\t<div class=\"lg:w-[300px] lg:flex-shrink-0 relative\" x-data=\"{show_toc: false}\">\n\t\t\t<div class=\"lg:sticky lg:top-4 z-30\">\n\t\t\t\t<div class=\"fixed -top-64 left-0 w-full z-50 lg:static transition-all hidden lg:block\" id=\"fixed-toc\">\n\t\t\t\t\t<div>\n\t\t\t\t<div class=\"border-b border-solid border-gray-30 text-lg font-bold lg:pt-7 max-lg:px-4 py-3 flex items-center justify-between bg-white lg:bg-transparent\">\n\t\t\tWas gibt es auf dieser Seite\n\t\t\t<button @click=\"show_toc = true\" class=\"btn btn-red-outline-white block lg:hidden\">Jump to<\/button>\n\t\t<\/div>\n\t\t\t\t<div\n\t\t\tclass=\"max-lg:fixed max-lg:top-0 max-lg:left-0 max-lg:w-screen max-lg:h-screen max-lg:bg-gray-70 max-lg:bg-opacity-75 max-lg:hidden\"\n\t\t\t:class=\"{'max-lg:hidden': !show_toc}\"\n\t\t\t@click=\"show_toc = false\"\n\t\t>\n\t\t\t<div class=\"max-lg:absolute max-lg:bottom-0 max-lg:left-0 max-lg:w-screen bg-white lg:bg-transparent\">\n\t\t\t\t\t\t\t\t<div class=\"flex lg:hidden items-center justify-between mx-4 border-b border-solid border-gray-30 pt-6 pb-2 font-bold\">\n\n\t\t\t\t\tAuf dieser Seite\n\t\t\t\t\t<button @click=\"show_toc = false\">\n\t\t\t\t\t\t<svg class=\"w-5 h-5 text-gray-100\" xmlns=\"http:\/\/www.w3.org\/2000\/svg\" fill=\"none\" stroke=\"currentColor\" stroke-width=\"1.5\" class=\"w-6 h-6\" viewBox=\"0 0 24 24\"><path stroke-linecap=\"round\" stroke-linejoin=\"round\" d=\"M6 18 18 6M6 6l12 12\"\/><\/svg>\t\t\t\t\t<\/button>\n\t\t\t\t<\/div>\n\t\t\t\t<ul id=\"toc\" class=\"mt-5 max-h-[85vh] overflow-y-auto list-none bt-scrollbars\">\n\n\t\t\t\t\t\t\t\t\t\t\t<li>\n\t\t\t\t\t\t\t<a href=\"#beliebte-rugby-union-ereignisse-auf-die-man-wetten-kann\" data-bt-toc-item=\"beliebte-rugby-union-ereignisse-auf-die-man-wetten-kann\"\n\t\t\t\t\t\t\t\t @click=\"show_toc = false\"\n\t\t\t\t\t\t\t\t class=\"block px-4 py-2 text-black border-l-4 border-solid border-transparent hover:border-red-100 transition-all hover:!border-b-0 hover:font-bold\">\nBeliebte Rugby-Union-Ereignisse, auf die man wetten kann&nbsp;\n<\/a>\n\t\t\t\t\t\t<\/li>\n\t\t\t\t\t\t\t\t\t<\/ul>\n\t\t\t\t\t\t\t\t\t\t\t<\/div>\n\t\t<\/div>\n\t<\/div>\n\t\t\t\t\t<\/div>\n\t\t\t<\/div>\n\t\t<\/div>\n\t<\/div>\n<\/div>\n\t<\/div>\n<\/div>\n\n","protected":false},"excerpt":{"rendered":"","protected":false},"author":6,"featured_media":0,"parent":0,"menu_order":1000,"comment_status":"closed","ping_status":"closed","template":"","meta":{"footnotes":""},"tags":[],"acf":[],"_links":{"self":[{"href":"https:\/\/betting.com\/de\/wp-json\/wp\/v2\/pages\/899"}],"collection":[{"href":"https:\/\/betting.com\/de\/wp-json\/wp\/v2\/pages"}],"about":[{"href":"https:\/\/betting.com\/de\/wp-json\/wp\/v2\/types\/page"}],"author":[{"embeddable":true,"href":"https:\/\/betting.com\/de\/wp-json\/wp\/v2\/users\/6"}],"replies":[{"embeddable":true,"href":"https:\/\/betting.com\/de\/wp-json\/wp\/v2\/comments?post=899"}],"version-history":[{"count":3,"href":"https:\/\/betting.com\/de\/wp-json\/wp\/v2\/pages\/899\/revisions"}],"predecessor-version":[{"id":6208,"href":"https:\/\/betting.com\/de\/wp-json\/wp\/v2\/pages\/899\/revisions\/6208"}],"wp:attachment":[{"href":"https:\/\/betting.com\/de\/wp-json\/wp\/v2\/media?parent=899"}],"wp:term":[{"taxonomy":"post_tag","embeddable":true,"href":"https:\/\/betting.com\/de\/wp-json\/wp\/v2\/tags?post=899"}],"curies":[{"name":"wp","href":"https:\/\/api.w.org\/{rel}","templated":true}]}}