{"id":892,"date":"2023-04-03T14:17:05","date_gmt":"2023-04-03T14:17:05","guid":{"rendered":"https:\/\/betting.com\/de\/?page_id=892"},"modified":"2023-08-02T12:31:05","modified_gmt":"2023-08-02T12:31:05","slug":"rumaenische-liga-1","status":"publish","type":"page","link":"https:\/\/betting.com\/de\/rumaenische-liga-1","title":{"rendered":"Rum\u00e4nische Liga 1"},"content":{"rendered":"<div class=\" container-white py-8\">\n\t<div class=\"wp-block-container-toc  \">\n\t\t\t<div class=\"bg-white\">\n\t<div class=\"flex flex-col-reverse lg:flex-row lg:gap-8 py-10\">\n\t\t<article class=\"max-w-[960px] flex-grow\" data-bt-content>\n\t\t\t\n<p>Da Rum\u00e4nien zu dieser Zeit ein kommunistisches Land war, wurde vielen der beteiligten Spieler die M\u00f6glichkeit verwehrt, bei einigen der gr\u00f6\u00dften europ\u00e4ischen Klubs zu spielen, so dass sie nie das erlebten, was andere nur wenige Jahre sp\u00e4ter erlebten.<\/p>\n\n\n\n<p>Denn mit dem Fall des Kommunismus fiel der Eiserne Vorhang, und damit konnten Spieler wie Gheorge Hagi, Ilie Dumitrescu, Florin Raducioiu und Giga Popescu ihr Talent auf der gr\u00f6\u00dften B\u00fchne und in den gr\u00f6\u00dften Wettbewerben unter Beweis stellen.<\/p>\n\n\n\n<p><em>Die gr\u00f6\u00dfte B\u00fchne f\u00fcr die gesamte Nation war zweifellos die Weltmeisterschaft 1994, bei der dieses junge Ensemble ein wesentlicher Bestandteil des rum\u00e4nischen Angebots war, wodurch es schnell zu Rum\u00e4niens zweiter Mannschaft wurde.<\/em><\/p>\n\n\n\n<p>Leider war dies f\u00fcr den rum\u00e4nischen Fu\u00dfball die goldene Generation, und obwohl in dem Vierteljahrhundert, das seitdem vergangen ist, einzelne Stars herangezogen wurden, gab es keine Mannschaft, die mit der von Mitte der 90er Jahre mithalten konnte.<\/p>\n\n\n\n<p>Das Gleiche gilt f\u00fcr die oberste Spielklasse des rum\u00e4nischen Fu\u00dfballs, wo zwar Mannschaften wie CFR Cluj zu den bekannten Gesichtern geh\u00f6ren, wenn es um die europ\u00e4ischen Wettbewerbe geht, doch niemand hat jemals die gleichen H\u00f6hen erklommen wie Steaua Bukarest vor mehr als 30 Jahren.<\/p>\n\n\n\n<p>Die rum\u00e4nische Liga 1, die in der UEFA-Koeffizienten-Rangliste auf Platz 25 liegt, gilt europaweit als mittelklassige Liga, was durch das Niveau des Fu\u00dfballs, das Woche f\u00fcr Woche geboten wird, noch verst\u00e4rkt wird.<\/p>\n\n\n\n<p>Wie in vielen anderen Ligen \u00e4hnlicher Gr\u00f6\u00dfe oder mit \u00e4hnlichem Stellenwert mangelt es nicht an Leidenschaft, wobei bei den Vereinen, die in der Hauptstadt Bukarest spielen, der st\u00e4ndige Kampf um das Recht zu prahlen immer von Interesse ist.<\/p>\n\n\n\n<p>Das derzeitige Wettbewerbsformat sieht vor, dass 16 Vereine in der regul\u00e4ren Saison in insgesamt 30 Spielen zu Hause und ausw\u00e4rts gegeneinander antreten, von denen die besten sechs in die Play-off-Runde und die letzten zehn in die Play-out-Runde einziehen.<\/p>\n\n\n\n<p>In beiden Phasen werden die in der regul\u00e4ren Saison erzielten Punkte halbiert, und in der Play-off-Runde spielen die sechs Qualifikanten zu Hause und ausw\u00e4rts gegeneinander, wobei die Mannschaft, die nach zehn Runden an der Spitze steht, zum Meister gek\u00fcrt wird.<\/p>\n\n\n\n<p>In der Playout-Runde spielen die zehn Mannschaften in diesem Abschnitt der Aufteilung nur einmal zu Hause oder ausw\u00e4rts gegeneinander, woraufhin die beiden letztplatzierten Vereine nach neun Spieltagen in die zweite Liga absteigen.<\/p>\n\n\t\t<\/article>\n\t\t<div class=\"lg:w-[300px] lg:flex-shrink-0 relative\" x-data=\"{show_toc: false}\">\n\t\t\t<div class=\"lg:sticky lg:top-4 z-30\">\n\t\t\t\t<div class=\"fixed -top-64 left-0 w-full z-50 lg:static transition-all hidden lg:block\" id=\"fixed-toc\">\n\t\t\t\t\t<div>\n\t\t\t\t<div\n\t\t\tclass=\"max-lg:fixed max-lg:top-0 max-lg:left-0 max-lg:w-screen max-lg:h-screen max-lg:bg-gray-70 max-lg:bg-opacity-75 max-lg:hidden\"\n\t\t\t:class=\"{'max-lg:hidden': !show_toc}\"\n\t\t\t@click=\"show_toc = false\"\n\t\t>\n\t\t\t<div class=\"max-lg:absolute max-lg:bottom-0 max-lg:left-0 max-lg:w-screen bg-white lg:bg-transparent\">\n\t\t\t\t\t\t\t\t\t\t\t<\/div>\n\t\t<\/div>\n\t<\/div>\n\t\t\t\t\t<\/div>\n\t\t\t<\/div>\n\t\t<\/div>\n\t<\/div>\n<\/div>\n\t<\/div>\n<\/div>\n\n","protected":false},"excerpt":{"rendered":"","protected":false},"author":6,"featured_media":0,"parent":0,"menu_order":1000,"comment_status":"closed","ping_status":"closed","template":"","meta":{"footnotes":""},"tags":[],"acf":[],"_links":{"self":[{"href":"https:\/\/betting.com\/de\/wp-json\/wp\/v2\/pages\/892"}],"collection":[{"href":"https:\/\/betting.com\/de\/wp-json\/wp\/v2\/pages"}],"about":[{"href":"https:\/\/betting.com\/de\/wp-json\/wp\/v2\/types\/page"}],"author":[{"embeddable":true,"href":"https:\/\/betting.com\/de\/wp-json\/wp\/v2\/users\/6"}],"replies":[{"embeddable":true,"href":"https:\/\/betting.com\/de\/wp-json\/wp\/v2\/comments?post=892"}],"version-history":[{"count":3,"href":"https:\/\/betting.com\/de\/wp-json\/wp\/v2\/pages\/892\/revisions"}],"predecessor-version":[{"id":6207,"href":"https:\/\/betting.com\/de\/wp-json\/wp\/v2\/pages\/892\/revisions\/6207"}],"wp:attachment":[{"href":"https:\/\/betting.com\/de\/wp-json\/wp\/v2\/media?parent=892"}],"wp:term":[{"taxonomy":"post_tag","embeddable":true,"href":"https:\/\/betting.com\/de\/wp-json\/wp\/v2\/tags?post=892"}],"curies":[{"name":"wp","href":"https:\/\/api.w.org\/{rel}","templated":true}]}}