{"id":89,"date":"2022-06-15T10:17:37","date_gmt":"2022-06-15T10:17:37","guid":{"rendered":"https:\/\/betting.com\/de\/?page_id=89"},"modified":"2023-08-02T12:31:08","modified_gmt":"2023-08-02T12:31:08","slug":"quoten","status":"publish","type":"page","link":"https:\/\/betting.com\/de\/tennis\/quoten","title":{"rendered":"Tennis Quoten"},"content":{"rendered":"<div class=\" container-white py-8\">\n\t<div class=\"wp-block-container-toc  \">\n\t\t\t<div class=\"bg-white\">\n\t<div class=\"flex flex-col-reverse lg:flex-row lg:gap-8 py-10\">\n\t\t<article class=\"max-w-[960px] flex-grow\" data-bt-content>\n\t\t\t\n<h2 class=\"wp-block-heading\" id=\"tennis-wettquoten-fur-die-heutigen-veranstaltungen-vergleichen\">Tennis Wettquoten f\u00fcr die Heutigen Veranstaltungen vergleichen<\/h2>\n\n\n\n<p>Wenn Sie mit den h\u00f6chsten und aktuellsten Quoten wetten m\u00f6chten, sind Sie auf jeden Fall am richtigen Ort. Tennisquoten zu berechnen kann ein komplizierter Vorgang sein, aber Sie m\u00fcssen einfach nur lernen, welche Umst\u00e4nde dazu f\u00fchren, dass sich alle Tennisquoten \u00e4ndern.&nbsp;<\/p>\n\n\n\n<p>Wenn es um solche Dinge wie Unterst\u00fctzung durch die Fangemeinde, Temperament und allgemeine Leistung in der entscheidenden Phase geht, wird Ihnen dies eine gute Vorstellung davon vermitteln, auf welchen M\u00e4rkten Sie eine Gelegenheit ergreifen m\u00fcssen. Wenn Sie mit einem analytischen Verstand an alle Tennisquoten herangehen, wird Ihr Kontostand aufbl\u00fchen.<\/p>\n\n\n\n<h2 class=\"wp-block-heading\" id=\"wie-sie-tennisquoten-dazu-einsetzen-konnen-ihren-wettschein-aufzubessern\">Wie sie Tennisquoten dazu einsetzen k\u00f6nnen, ihren Wettschein aufzubessern<\/h2>\n\n\n\n<p>Tennis ist eine der paradoxesten Sportarten in der gesamten Sportwettengemeinschaft. Obwohl nicht ganz so beliebt wie Fu\u00dfball, entscheiden sich viele Wetter dazu, Tennisquoten zu ihren Wettscheinen hinzuzuf\u00fcgen.&nbsp;<\/p>\n\n\n\n<p>Warum ist das so? Nun, nach den besten Tennisquoten Ausschau zu halten erlaubt es Wettern, ihre Akku-Wetten an einem tr\u00e4gen Fu\u00dfball- oder Rugby-Tag zu \u201eerg\u00e4nzen\u201c oder ihre H\u00f6chstgewinne durch einen m\u00f6glichen \u00dcberraschungserfolg aufzubessern.<\/p>\n\n\n\n<p>Obwohl die Tennisquoten genau wie die meisten normalen M\u00e4rkte in anderen Sportarten funktionieren, sind doch auch ziemlich viele eigenartige Details damit verbunden. Es sind genau diese Details, die Wetter dazu verleiten, einen Multisport-Wettschein zu erstellen.&nbsp;<\/p>\n\n\n\n<p>Einige dieser Details sorgen jedoch bekannterma\u00dfen f\u00fcr gro\u00dfe Verwirrung und f\u00fchren zu einer Menge Fehler. Das ist, was wir bei Betting.com mit diesem Schnellkurs in Tennisquoten erreichen wollten. Sie werden lernen, wie Sie siegreiche Entscheidungen treffen und Ihr Bankroll-Management im Handumdrehen verbessern.<\/p>\n\n\n\n<h2 class=\"wp-block-heading\" id=\"wie-werden-tennisquoten-berechnet\">Wie werden Tennisquoten Berechnet?<\/h2>\n\n\n\n<p>Tennisquoten werden von professionellen Buchhaltern sowohl erstellt als auch bekannt gegeben, f\u00fcr gew\u00f6hnlich in Zusammenarbeit mit Wettseiten. Diese Experten verfolgen t\u00e4glich die globale Tennisszene und versuchen den Bereich der \u201aimpliziten Wahrscheinlichkeit\u2018 f\u00fcr eine Vielzahl von Ergebnissen zu bestimmen.&nbsp;<\/p>\n\n\n\n<p>Implizite Wahrscheinlichkeit ist ein h\u00e4ufig gebrauchter Ausdruck bei der Berechnung von Tennisquoten. Zu ihrer Berechnung werden statistische Daten und vorherige Resultate herangezogen in dem Versuch, eine Voraussage zu treffen, wie ein Punkt, ein Spiel, ein Satz oder ein Match enden werden.<\/p>\n\n\n\n<p>Denken Sie daran: Tennisquoten stellen keine Aussage dar, dass etwas mit Sicherheit eintreten wird. Stattdessen dienen sie lediglich dazu, Wetter daran zu erinnern, dass vorherige Ergebnisse eines Spielers oder eines Doppels darauf hindeuten, dass sie wahrscheinlich gewinnen oder verlieren werden. Je n\u00e4her die Tennisquoten (im dezimalen Quotensystem) an 1 liegen, desto wahrscheinlicher ist das Ergebnis.<\/p>\n\n\n\n<p>Wenn die Quoten eines Siegs von Federer \u00fcber einen 17-j\u00e4hrigen Neuling bei 1.01 stehen, bedeutet dies, dass das Ergebnis zu 99% sicher ist. Tennisquoten sind jedoch selten ann\u00e4hernd so wasserdicht.&nbsp;<\/p>\n\n\n\n<p>Da es so viele variable Gr\u00f6\u00dfen w\u00e4hrend jedes einzelnen Punktes, geschweige denn w\u00e4hrend eines Matches gibt, haben Beispiele wie das obengenannte Seltenheitswert. Es ist daher selbst f\u00fcr diejenigen, die keine Fans dieser Sportart sind wichtig, den Einfluss der Tennisquoten zu ber\u00fccksichtigen. Sie bringen Geld herein und f\u00fcllen auf meisterliche Art und Weise die L\u00fccken.<\/p>\n\n\n\n<p>W\u00e4hrend sich Tennisquoten um die 1,70-2,70 Marke \u00e4ndern, werden sie als grenzwertig unbest\u00e4ndig betrachtet, haupts\u00e4chlich weil es zu h\u00e4ufigen \u00dcberraschungserfolgen kommt. Dennoch ist es m\u00f6glich genau zu bestimmen, wie Tennisquoten berechnet werden. Unser Team hat die verf\u00fcgbaren M\u00f6glichkeiten gegeneinander abgewogen, und ist schlie\u00dflich bei einer endg\u00fcltigen Liste mit den folgenden vier Faktoren angelangt.<\/p>\n\n\n\n<p><strong>Belag.<\/strong> In fast allen Wettkampfrunden wird Tennis entweder auf Hartpl\u00e4tzen, roten Sandpl\u00e4tzen oder auf Graspl\u00e4tzen gespielt. Die Wahl des Belags beeinflusst die Tennisquoten mehr als man anf\u00e4nglich glauben m\u00f6chte. Rote Sandpl\u00e4tze sind zum Beispiel die beste Wahl f\u00fcr Spieler ohne besonderen Aufschlag oder besondere Vorhand, die aber dennoch technisch solide spielen.&nbsp;<\/p>\n\n\n\n<p>Rafael Nadal ist f\u00fcr seine Geschwindigkeit und Leistungen auf diesem langsamen Belag bekannt. Die Tennisquoten sagen h\u00e4ufiger einen \u00dcberraschungserfolg voraus, wenn Spieler mit unterschiedlichen Spielstilen sich an die geringere Geschwindigkeit anpassen m\u00fcssen.&nbsp;<\/p>\n\n\n\n<p>Gras l\u00e4sst die B\u00e4lle niedriger als gewohnt zur\u00fcckspringen, was Spieler mit schnellen Reflexen wie Novak Djokovic und Roger Federer zu Legenden auf diesem Belag macht. \u00dcblicherweise ber\u00fccksichtigen Tennisquoten verschiedene Bel\u00e4ge, aber es gibt keine M\u00f6glichkeit zu sagen, wie ein Spiel ausgehen wird.<\/p>\n\n\n\n<p><strong>Form.<\/strong> Wenn es um Tennisquoten geht, ist die Form nicht nur in einer, sondern in zweifacher Hinsicht von Bedeutung. Wenn ein Spieler in den letzten Monaten oft verloren hat, dann ist es viel wahrscheinlicher, dass er wieder verlieren wird.&nbsp;<\/p>\n\n\n\n<p>Andererseits kann ein Spieler, der mehrere Turniere hintereinander gewonnen hat, durchaus aufgrund der vielen Matches, an denen er teilgenommen hat, der Au\u00dfenseiter sein. Bekannterma\u00dfen ber\u00fccksichtigen Tennisquoten einen Burnout, aber es ist nicht m\u00f6glich, legend\u00e4re Serien vorherzusagen. Das ist ja auch, warum sie legend\u00e4r genannt werden, nicht wahr?<\/p>\n\n\n\n<p><strong>Auslosungsproblematik<\/strong>. Dieser Faktor wirkt sich haupts\u00e4chlich auf Tennisquoten aus, wenn es um Future-Wetten geht. Die Aussichten, dass ein Spieler ein Turnier gewinnt, sind zum Beispiel wesentlich niedriger, wenn er\/sie bereits fr\u00fch im Spiel einem Top-5-Spieler gegen\u00fcbersteht. Das Gleiche gilt sogar f\u00fcr die besten Spieler, wenn diese ab der Runde der letzten 64 gegen mehrere Top-20\/30 Spieler antreten m\u00fcssen.&nbsp;<\/p>\n\n\n\n<p><strong>Die Auslosungsproblematik wirkt sich auch auf die Tennisquoten aus<\/strong>, wenn Sie auf das Viertelfinale, Halbfinale oder Finale eines Turniers wetten. Der schlechtere Spieler k\u00f6nnte siegreich aus dem Match hervorgehen, wenn die Auslosung eines einfachen Gegners es ihm oder ihr erlaubt hat, seine\/ihre Energien zu schonen.<\/p>\n\n\n\n<p><strong>Der Spielstil beider Spieler.<\/strong> Obwohl die folgenden drei Variablen die Tennisquoten ma\u00dfgeblich beeinflussen, kann eine Gegen\u00fcberstellung der Spielstile der beiden Spieler diese alle in den Schatten stellen.&nbsp;<\/p>\n\n\n\n<p>Wenn der eine einen starken Aufschlag und der andere einen schwachen R\u00fcckschlag hat, ist es absolut m\u00f6glich, dass Letzterer verliert, selbst wenn er oder sie auf der ATP\/WTA-Weltrangliste einen h\u00f6heren Rang einnimmt.&nbsp;<\/p>\n\n\n\n<p>Viele Wetter ber\u00fccksichtigen diesen Umstand und begeben sich in noch gr\u00f6\u00dferem Umfang auf die Jagd nach den besten Tennisquoten &#8211; indem sie auf Challenger Serienturniere wetten. Da es unm\u00f6glich ist zu wissen, wie ein Spieler spielt, versuchen sie die Bank mittels einiger reizvoller Gewinnchancen zu sprengen.<\/p>\n\n\n\n<p>Haben Sie sich je gefragt, warum die Tennisquoten von Buchmacher zu Buchmacher unterschiedlich sind? Wenn Sie nach den Tennisquoten von heute suchen, laufen die Unterschiede zwischen Beispielen des gleichen Wettmarktes alle darauf hinaus, dass unterschiedliche Quotenmacher unterschiedliche Methoden und Software einsetzen.&nbsp;<\/p>\n\n\n\n<p>Sie sollten daher die gleiche Analyse durchf\u00fchren, die zur Berechnung der Tenniswettquoten verwendet wurde und die Daten mit dem vergleichen, was jeder Buchmacher bekanntgegeben hat.<\/p>\n\n\n\n<p>Auf diese Weise sind Sie in der Lage, die Wahrscheinlichkeit von ungef\u00e4hr 90% aller Tennisquoten richtig einzusch\u00e4tzen. Es handelt sich um eine unverzichtbare F\u00e4higkeit und bedeutet auf lange Sicht ein bedeutendes finanzielles Polster, unabh\u00e4ngig von Ihrem Erfahrungsniveau oder Ihren Neigungen.<\/p>\n\n\n\n<h2 class=\"wp-block-heading\" id=\"ist-es-moglich-dass-sich-tennisquoten-andern\">Ist es m\u00f6glich, dass sich Tennisquoten \u00e4ndern?<\/h2>\n\n\n\n<p>Wenn Sie sich je f\u00fcr Tennisquoten interessiert haben, haben Sie vielleicht geh\u00f6rt, dass Leute den Begriff \u201eBewegung\u201c bzw. \u201e\u00c4nderung\u201c im Gespr\u00e4ch \u00fcber den gesamten Nischenmarkt erw\u00e4hnen. Wie in jedem Sport k\u00f6nnen sich die Tennisquoten \u00e4ndern, wenn ein Ereignis eintritt, von dem angenommen wird, dass es die Wahrscheinlichkeit eines Ergebnisses verringert oder erh\u00f6ht.&nbsp;<\/p>\n\n\n\n<p>Dabei kann es sich um viele Dinge handeln, denn ein einzelnes Tennismatch weist Millionen von variablen Gr\u00f6\u00dfen auf, die in jedem Augenblick die Tennisquoten beeinflussen k\u00f6nnen.<\/p>\n\n\n\n<p>Von all den Sportarten, die wir bisher behandelt haben, ist Tennis bei weitem der unberechenbarste Sport. Selbst wenn Sie sich der besten Vergleichsinstrumente bedienen w\u00fcrden, w\u00e4ren Sie immer noch nicht in der Lage vorauszusagen, was genau passieren wird. Deswegen ist es uns auch besonders schwergefallen zu bestimmen, welche Umst\u00e4nde zu regelm\u00e4\u00dfigen \u00c4nderungen bei den Tennisquoten f\u00fchren. Nach mehreren Tagen der Recherche konnten wir dann mit einer Liste der gr\u00f6\u00dften Variablen aufwarten:<\/p>\n\n\n\n<p><strong>Forfait.<\/strong> Erinnern Sie sich daran, dass wir gesagt haben, dass die Auslosungsproblematik die Tennisquoten beeinflusst? Nun, es ist erw\u00e4hnenswert, dass Tennis eine Sportart ist, bei der Spieler ihre Meldung f\u00fcr ein Match zur\u00fcckziehen k\u00f6nnen. Wenn Sie auf ein gr\u00f6\u00dferes Turnier wetten ist es m\u00f6glich, dass Ihnen Situationen begegnen, in denen der Umstand, dass Top-5-Spieler ihre Meldung f\u00fcr ihre Matches zur\u00fcckziehen zu einem v\u00f6lligen Schwanken aller Tennisquoten f\u00fchrt.&nbsp;<\/p>\n\n\n\n<p>Nehmen wir einmal an, dass Novak Djokovic einfach nicht mit seinem Match gegen einen niedrig gesetzten Spieler fortfahren konnte. Ganz pl\u00f6tzlich k\u00f6nnten sich die Tennisquoten durch die Bank ver\u00e4ndern, besonders wenn ein Spieler die Gelegenheit erh\u00e4lt, bis zum Titel durchzumarschieren.<\/p>\n\n\n\n<p><strong>Witterungsverh\u00e4ltnisse.<\/strong> Ob Sie es glauben oder nicht, das Wetter kann Tennisquoten f\u00f6rdern oder zunichte machen. Gew\u00f6hnlich ist dar\u00fcber nichts zu h\u00f6ren, aber das r\u00fchrt daher, weil alle ATP und WTA Turniere w\u00e4hrend der idealen Wetterperiode in der jeweiligen Region angesetzt werden.&nbsp;<\/p>\n\n\n\n<p>Tennisquoten k\u00f6nnen in Gefahr geraten, wenn ein leichter Wind bl\u00e4st oder Regen zum Anhalten eines Matches f\u00fchrt. Wenn die Fortsetzung des Matchs f\u00fcr ein oder zwei Tage sp\u00e4ter angesetzt wird, k\u00f6nnten beide Spieler Gelegenheit haben, sich von ihren strapazi\u00f6sen Auslosungsspielen zu erholen und damit die Tennisquoten noch weiter verdrehen.<\/p>\n\n\n\n<p><strong>Leistungsspitzen.<\/strong> Der Umstand, dass die meisten Tennisquoten 2-3 Wochen vor dem Spiel bekannt gegeben werden, l\u00e4sst eine Menge Raum f\u00fcr \u00c4nderungen. Aschenputtelgeschichten kommen zwar nicht so oft vor, aber es ist durchaus m\u00f6glich, dass ein Au\u00dfenseiter alle Erwartungen \u00fcbertrifft und sogar den Titel gewinnt. Erinnern Sie sich an Naomi Osaka? In die Tennisquoten flie\u00dft die j\u00fcngste Form des Spielers mit ein, um verschiedene Wahrscheinlichkeitsgrade abzubilden. Ungeachtet seines\/ihres Rangs auf der ATP\/WTA-Liste oder der anf\u00e4nglich bekanntgegebenen Tennisquoten kann eine Aneinanderreihung unwahrscheinlicher Siege einen Spieler aufgrund der schieren Schwungkraft zum Sieg verhelfen.<\/p>\n\n\n\n<h2 class=\"wp-block-heading\" id=\"erkenntnisse-von-betting-com\">Erkenntnisse von Betting.com<\/h2>\n\n\n\n<p>Um Tennisquoten in ihrem vollen Ausma\u00df zu verstehen, m\u00fcssen Sie \u00fcber die blo\u00dfen Umst\u00e4nde und Statistiken hinausschauen. Wir bei Betting.com verfolgen das Ziel, selbst das kleinste sichtbare Muster einzugrenzen und auszuwerten, um herauszufinden, ob es Wettern dabei helfen kann, ihre Tennisquoten besser zu beherrschen.&nbsp;<\/p>\n\n\n\n<p>W\u00e4hrend Fu\u00dfball und andere Sportarten aus Situationen zusammengesetzt sind, die sich leicht vorhersagen lassen, gibt es beim Tennis einige Besonderheiten:<\/p>\n\n\n\n<ul><li>Die Anzahl der Fans eines bestimmten Spielers, die bei einer Veranstaltung anwesend sind kann die Tennisquoten beeinflussen. Rafa wird hei\u00df geliebt bei allen Sandplatzturnieren, daher kann man also damit rechnen, dass er eine grundsolide Unterst\u00fctzung erf\u00e4hrt.&nbsp;<\/li><\/ul>\n\n\n\n<p>Obwohl dies bei den Tennisquoten oft nicht ber\u00fccksichtigt wird, k\u00f6nnte eine Minute Beifall nach einem wichtigen Ass dem Spieler ein wenig zus\u00e4tzliche Energie geben.<\/p>\n\n\n\n<ul><li>Sie m\u00fcssen auch die nicht greifbaren Faktoren in Betracht ziehen, wenn Sie wirklich die ideale Zusammenstellung von Tennisquoten finden wollen. Es gibt Spieler, die daf\u00fcr bekannt sind, dass sie einen Wutanfall bekommen, wenn die Dinge nicht nach ihrem Kopf laufen.&nbsp;<\/li><\/ul>\n\n\n\n<p>Wenn diese Spieler an einem Match mit hohen Wetteins\u00e4tzen teilnehmen, sollten Sie sich die Tennisquoten f\u00fcr Live-Wettm\u00e4rkte anschauen. Sie werden damit in der Lage sein, den genauen Moment vorherzusagen, wann der Spieler die Beherrschung verliert und damit die Buchmacher bis aufs Hemd ausnehmen.<\/p>\n\n\n\n<ul><li>Ein Wechsel des Trainerteams kann bei einer Reihe von Spielern ebenfalls zu einer Delle in den Tennisquoten f\u00fchren. Es ist schwierig f\u00fcr jemanden, sich an ein v\u00f6llig neues System anzupassen<\/li><\/ul>\n\n\t\t<\/article>\n\t\t<div class=\"lg:w-[300px] lg:flex-shrink-0 relative\" x-data=\"{show_toc: false}\">\n\t\t\t<div class=\"lg:sticky lg:top-4 z-30\">\n\t\t\t\t<div class=\"fixed -top-64 left-0 w-full z-50 lg:static transition-all hidden lg:block\" id=\"fixed-toc\">\n\t\t\t\t\t<div>\n\t\t\t\t<div class=\"border-b border-solid border-gray-30 text-lg font-bold lg:pt-7 max-lg:px-4 py-3 flex items-center justify-between bg-white lg:bg-transparent\">\n\t\t\tWas gibt es auf dieser Seite\n\t\t\t<button @click=\"show_toc = true\" class=\"btn btn-red-outline-white block lg:hidden\">Jump to<\/button>\n\t\t<\/div>\n\t\t\t\t<div\n\t\t\tclass=\"max-lg:fixed max-lg:top-0 max-lg:left-0 max-lg:w-screen max-lg:h-screen max-lg:bg-gray-70 max-lg:bg-opacity-75 max-lg:hidden\"\n\t\t\t:class=\"{'max-lg:hidden': !show_toc}\"\n\t\t\t@click=\"show_toc = false\"\n\t\t>\n\t\t\t<div class=\"max-lg:absolute max-lg:bottom-0 max-lg:left-0 max-lg:w-screen bg-white lg:bg-transparent\">\n\t\t\t\t\t\t\t\t<div class=\"flex lg:hidden items-center justify-between mx-4 border-b border-solid border-gray-30 pt-6 pb-2 font-bold\">\n\n\t\t\t\t\tAuf dieser Seite\n\t\t\t\t\t<button @click=\"show_toc = false\">\n\t\t\t\t\t\t<svg class=\"w-5 h-5 text-gray-100\" xmlns=\"http:\/\/www.w3.org\/2000\/svg\" fill=\"none\" stroke=\"currentColor\" stroke-width=\"1.5\" class=\"w-6 h-6\" viewBox=\"0 0 24 24\"><path stroke-linecap=\"round\" stroke-linejoin=\"round\" d=\"M6 18 18 6M6 6l12 12\"\/><\/svg>\t\t\t\t\t<\/button>\n\t\t\t\t<\/div>\n\t\t\t\t<ul id=\"toc\" class=\"mt-5 max-h-[85vh] overflow-y-auto list-none bt-scrollbars\">\n\n\t\t\t\t\t\t\t\t\t\t\t<li>\n\t\t\t\t\t\t\t<a href=\"#tennis-wettquoten-fur-die-heutigen-veranstaltungen-vergleichen\" data-bt-toc-item=\"tennis-wettquoten-fur-die-heutigen-veranstaltungen-vergleichen\"\n\t\t\t\t\t\t\t\t @click=\"show_toc = false\"\n\t\t\t\t\t\t\t\t class=\"block px-4 py-2 text-black border-l-4 border-solid border-transparent hover:border-red-100 transition-all hover:!border-b-0 hover:font-bold\">\nTennis Wettquoten f\u00fcr die Heutigen Veranstaltungen vergleichen\n<\/a>\n\t\t\t\t\t\t<\/li>\n\t\t\t\t\t\t\t\t\t\t\t<li>\n\t\t\t\t\t\t\t<a href=\"#wie-sie-tennisquoten-dazu-einsetzen-konnen-ihren-wettschein-aufzubessern\" data-bt-toc-item=\"wie-sie-tennisquoten-dazu-einsetzen-konnen-ihren-wettschein-aufzubessern\"\n\t\t\t\t\t\t\t\t @click=\"show_toc = false\"\n\t\t\t\t\t\t\t\t class=\"block px-4 py-2 text-black border-l-4 border-solid border-transparent hover:border-red-100 transition-all hover:!border-b-0 hover:font-bold\">\nWie sie Tennisquoten dazu einsetzen k\u00f6nnen, ihren Wettschein aufzubessern\n<\/a>\n\t\t\t\t\t\t<\/li>\n\t\t\t\t\t\t\t\t\t\t\t<li>\n\t\t\t\t\t\t\t<a href=\"#wie-werden-tennisquoten-berechnet\" data-bt-toc-item=\"wie-werden-tennisquoten-berechnet\"\n\t\t\t\t\t\t\t\t @click=\"show_toc = false\"\n\t\t\t\t\t\t\t\t class=\"block px-4 py-2 text-black border-l-4 border-solid border-transparent hover:border-red-100 transition-all hover:!border-b-0 hover:font-bold\">\nWie werden Tennisquoten Berechnet?\n<\/a>\n\t\t\t\t\t\t<\/li>\n\t\t\t\t\t\t\t\t\t\t\t<li>\n\t\t\t\t\t\t\t<a href=\"#ist-es-moglich-dass-sich-tennisquoten-andern\" data-bt-toc-item=\"ist-es-moglich-dass-sich-tennisquoten-andern\"\n\t\t\t\t\t\t\t\t @click=\"show_toc = false\"\n\t\t\t\t\t\t\t\t class=\"block px-4 py-2 text-black border-l-4 border-solid border-transparent hover:border-red-100 transition-all hover:!border-b-0 hover:font-bold\">\nIst es m\u00f6glich, dass sich Tennisquoten \u00e4ndern?\n<\/a>\n\t\t\t\t\t\t<\/li>\n\t\t\t\t\t\t\t\t\t\t\t<li>\n\t\t\t\t\t\t\t<a href=\"#erkenntnisse-von-betting-com\" data-bt-toc-item=\"erkenntnisse-von-betting-com\"\n\t\t\t\t\t\t\t\t @click=\"show_toc = false\"\n\t\t\t\t\t\t\t\t class=\"block px-4 py-2 text-black border-l-4 border-solid border-transparent hover:border-red-100 transition-all hover:!border-b-0 hover:font-bold\">\nErkenntnisse von Betting.com\n<\/a>\n\t\t\t\t\t\t<\/li>\n\t\t\t\t\t\t\t\t\t<\/ul>\n\t\t\t\t\t\t\t\t\t\t\t<\/div>\n\t\t<\/div>\n\t<\/div>\n\t\t\t\t\t<\/div>\n\t\t\t<\/div>\n\t\t<\/div>\n\t<\/div>\n<\/div>\n\t<\/div>\n<\/div>\n\n","protected":false},"excerpt":{"rendered":"","protected":false},"author":6,"featured_media":496,"parent":1019,"menu_order":1000,"comment_status":"closed","ping_status":"closed","template":"","meta":{"footnotes":""},"tags":[],"acf":[],"_links":{"self":[{"href":"https:\/\/betting.com\/de\/wp-json\/wp\/v2\/pages\/89"}],"collection":[{"href":"https:\/\/betting.com\/de\/wp-json\/wp\/v2\/pages"}],"about":[{"href":"https:\/\/betting.com\/de\/wp-json\/wp\/v2\/types\/page"}],"author":[{"embeddable":true,"href":"https:\/\/betting.com\/de\/wp-json\/wp\/v2\/users\/6"}],"replies":[{"embeddable":true,"href":"https:\/\/betting.com\/de\/wp-json\/wp\/v2\/comments?post=89"}],"version-history":[{"count":4,"href":"https:\/\/betting.com\/de\/wp-json\/wp\/v2\/pages\/89\/revisions"}],"predecessor-version":[{"id":6152,"href":"https:\/\/betting.com\/de\/wp-json\/wp\/v2\/pages\/89\/revisions\/6152"}],"up":[{"embeddable":true,"href":"https:\/\/betting.com\/de\/wp-json\/wp\/v2\/pages\/1019"}],"wp:featuredmedia":[{"embeddable":true,"href":"https:\/\/betting.com\/de\/wp-json\/wp\/v2\/media\/496"}],"wp:attachment":[{"href":"https:\/\/betting.com\/de\/wp-json\/wp\/v2\/media?parent=89"}],"wp:term":[{"taxonomy":"post_tag","embeddable":true,"href":"https:\/\/betting.com\/de\/wp-json\/wp\/v2\/tags?post=89"}],"curies":[{"name":"wp","href":"https:\/\/api.w.org\/{rel}","templated":true}]}}