{"id":889,"date":"2023-04-03T14:09:41","date_gmt":"2023-04-03T14:09:41","guid":{"rendered":"https:\/\/betting.com\/de\/?page_id=889"},"modified":"2023-08-02T12:31:05","modified_gmt":"2023-08-02T12:31:05","slug":"russische-premier-league","status":"publish","type":"page","link":"https:\/\/betting.com\/de\/russische-premier-league","title":{"rendered":"Russische Premier League"},"content":{"rendered":"<div class=\" container-white py-8\">\n\t<div class=\"wp-block-container-toc  \">\n\t\t\t<div class=\"bg-white\">\n\t<div class=\"flex flex-col-reverse lg:flex-row lg:gap-8 py-10\">\n\t\t<article class=\"max-w-[960px] flex-grow\" data-bt-content>\n\t\t\t\n<p>Mit legend\u00e4ren Vereinen wie Spartak Moskau und seinem Stadtrivalen Lokomotiv, die noch immer aktiv sind, werden schnell Erinnerungen an die Zeit hinter dem Eisernen Vorhang wach.<\/p>\n\n\n\n<p>Gl\u00fccklicherweise ist der Kalte Krieg schon lange vorbei, und eine neue Welle des Wohlstands, die das Land in den letzten Jahrzehnten erfasst hat, hat den Aufstieg von Aufsteigern wie Zenit Sankt Petersburg erm\u00f6glicht.<\/p>\n\n\n\n<p>Damit wurde der traditionelle Status quo des sowjetischen und russischen Fu\u00dfballs durchbrochen, und mit der neuen Ordnung hat sich die Machtbasis des Fu\u00dfballs schon lange aus der Hauptstadt des Landes verlagert.<\/p>\n\n\n\n<p>Mit diesem Reichtum ging ein Zustrom ausl\u00e4ndischer Talente einher \u2013 vor allem brasilianischer Spieler, die dank des nach Osten gewanderten Sambastils zu einer der wettbewerbsf\u00e4higsten Ligen Europas geworden ist.<\/p>\n\n\n\n<p>Die Nation ist nun in der UEFA-Rangliste unter den 10 besten Ligen vertreten, was der Liga insgesamt f\u00fcnf europ\u00e4ische Qualifikationspl\u00e4tze f\u00fcr die n\u00e4chste Saison einbringt. Diese verteilen sich auf die Champions-, Europa- und Europa Conference League.<\/p>\n\n\n\n<h3 class=\"wp-block-heading\" id=\"wettbewerb\">Wettbewerb<\/h3>\n\n\n\n<p>Spiel der russischen Premier League zwischen Zenit und Dynamo (das letzte Spiel von Zenit im Kirov-Stadion, das bereits teilweise abgerissen wurde).<br>In der russischen Premier League spielen die Mannschaften zweimal gegeneinander, einmal zu Hause und einmal ausw\u00e4rts, insgesamt also 30 Spiele. F\u00fcr einen Sieg werden drei Punkte vergeben, f\u00fcr ein Unentschieden einer und f\u00fcr eine Niederlage keiner. Bei Punktgleichheit entscheidet die Anzahl der Siege, dann die Tordifferenz und schlie\u00dflich verschiedene andere Faktoren. Bei Punktgleichheit auf dem ersten Platz entscheidet die Anzahl der Siege, dann das Kopf-an-Kopf-Rennen. Wenn die Mannschaften, die sich um den ersten Platz streiten, nicht durch diese Entscheidungsfaktoren getrennt werden k\u00f6nnen, wird ein Entscheidungsspiel um die Meisterschaft angesetzt.<\/p>\n\n\n\n<p>Spiel der russischen Premier League zwischen Lokomotiv und Spartak in der RZD-Arena<br>Ab der Saison 2020-21 qualifiziert sich der Meister f\u00fcr die Gruppenphase der UEFA Champions League. Der Vizemeister qualifiziert sich f\u00fcr die dritte Qualifikationsrunde der Champions League. <\/p>\n\n\n\n<p>Die dritt- und viertplatzierten Mannschaften qualifizieren sich f\u00fcr die UEFA Europa Conference League. Wenn der Sieger des russischen Pokals in der gleichen Saison Erster oder Zweiter wird, qualifiziert sich der Drittplatzierte f\u00fcr die Gruppenphase der UEFA Europa League, w\u00e4hrend sich der Viert- und F\u00fcnftplatzierte f\u00fcr die UEFA Europa Conference League qualifizieren. <\/p>\n\n\n\n<p>Die beiden letztplatzierten Mannschaften steigen in die Erste Liga ab. Ab der Saison 2020-21 spielen die Mannschaften auf den Pl\u00e4tzen 13 und 14 ein zweistufiges Abstiegs-Playoff gegen die viert- und drittplatzierten Mannschaften der National League. Die beiden Gewinner dieses Play-offs sichern sich das Recht, in der folgenden Saison in der Premier League zu spielen.<\/p>\n\n\t\t<\/article>\n\t\t<div class=\"lg:w-[300px] lg:flex-shrink-0 relative\" x-data=\"{show_toc: false}\">\n\t\t\t<div class=\"lg:sticky lg:top-4 z-30\">\n\t\t\t\t<div class=\"fixed -top-64 left-0 w-full z-50 lg:static transition-all hidden lg:block\" id=\"fixed-toc\">\n\t\t\t\t\t<div>\n\t\t\t\t<div\n\t\t\tclass=\"max-lg:fixed max-lg:top-0 max-lg:left-0 max-lg:w-screen max-lg:h-screen max-lg:bg-gray-70 max-lg:bg-opacity-75 max-lg:hidden\"\n\t\t\t:class=\"{'max-lg:hidden': !show_toc}\"\n\t\t\t@click=\"show_toc = false\"\n\t\t>\n\t\t\t<div class=\"max-lg:absolute max-lg:bottom-0 max-lg:left-0 max-lg:w-screen bg-white lg:bg-transparent\">\n\t\t\t\t\t\t\t\t\t\t\t<\/div>\n\t\t<\/div>\n\t<\/div>\n\t\t\t\t\t<\/div>\n\t\t\t<\/div>\n\t\t<\/div>\n\t<\/div>\n<\/div>\n\t<\/div>\n<\/div>\n\n","protected":false},"excerpt":{"rendered":"","protected":false},"author":6,"featured_media":0,"parent":0,"menu_order":1000,"comment_status":"closed","ping_status":"closed","template":"","meta":{"footnotes":""},"tags":[],"acf":[],"_links":{"self":[{"href":"https:\/\/betting.com\/de\/wp-json\/wp\/v2\/pages\/889"}],"collection":[{"href":"https:\/\/betting.com\/de\/wp-json\/wp\/v2\/pages"}],"about":[{"href":"https:\/\/betting.com\/de\/wp-json\/wp\/v2\/types\/page"}],"author":[{"embeddable":true,"href":"https:\/\/betting.com\/de\/wp-json\/wp\/v2\/users\/6"}],"replies":[{"embeddable":true,"href":"https:\/\/betting.com\/de\/wp-json\/wp\/v2\/comments?post=889"}],"version-history":[{"count":3,"href":"https:\/\/betting.com\/de\/wp-json\/wp\/v2\/pages\/889\/revisions"}],"predecessor-version":[{"id":6206,"href":"https:\/\/betting.com\/de\/wp-json\/wp\/v2\/pages\/889\/revisions\/6206"}],"wp:attachment":[{"href":"https:\/\/betting.com\/de\/wp-json\/wp\/v2\/media?parent=889"}],"wp:term":[{"taxonomy":"post_tag","embeddable":true,"href":"https:\/\/betting.com\/de\/wp-json\/wp\/v2\/tags?post=889"}],"curies":[{"name":"wp","href":"https:\/\/api.w.org\/{rel}","templated":true}]}}