{"id":887,"date":"2023-04-03T13:54:28","date_gmt":"2023-04-03T13:54:28","guid":{"rendered":"https:\/\/betting.com\/de\/?page_id=887"},"modified":"2023-08-02T12:31:05","modified_gmt":"2023-08-02T12:31:05","slug":"slowenische-prva-liga","status":"publish","type":"page","link":"https:\/\/betting.com\/de\/slowenische-prva-liga","title":{"rendered":"Slowenische Prva Liga"},"content":{"rendered":"<div class=\" container-white py-8\">\n\t<div class=\"wp-block-container-toc  \">\n\t\t\t<div class=\"bg-white\">\n\t<div class=\"flex flex-col-reverse lg:flex-row lg:gap-8 py-10\">\n\t\t<article class=\"max-w-[960px] flex-grow\" data-bt-content>\n\t\t\t\n<p>In der Prva Liga spielen die 10 besten Mannschaften Sloweniens und haben die M\u00f6glichkeit, sich f\u00fcr beide UEFA-Wettbewerbe zu qualifizieren.&nbsp;<\/p>\n\n\n\n<p>Das Spielformat der Prva Liga sieht vor, dass alle Mannschaften insgesamt 36 Spiele bestreiten, wobei die Teams viermal in der Saison gegeneinander antreten. Nach einer erstaunlichen Saison im vergangenen Jahr ist N\u0160 Mura der Titelverteidiger.<\/p>\n\n\n\n<h3 class=\"wp-block-heading\" id=\"format\"><strong>Format<\/strong><\/h3>\n\n\n\n<p>Die PrvaLiga wird nach dem Rundensystem ausgetragen. Jede Mannschaft spielt viermal gegen jede andere, zweimal zu Hause und zweimal ausw\u00e4rts, insgesamt also 36 Runden lang.&nbsp;<\/p>\n\n\n\n<p>Die Mannschaften erhalten drei Punkte f\u00fcr einen Sieg, einen Punkt f\u00fcr ein Unentschieden und keine Punkte f\u00fcr eine Niederlage.<\/p>\n\n\n\n<p>&nbsp;Die Mannschaften werden nach der Gesamtzahl der Punkte eingestuft, und bei Punktgleichheit zwischen zwei Mannschaften wird das direkte Aufeinandertreffen als erstes Klassifizierungskriterium herangezogen. Am Ende der Saison qualifizieren sich die drei bestplatzierten Vereine f\u00fcr die UEFA Champions League und die Qualifikationsrunden der UEFA Europa Conference League, w\u00e4hrend sich der Neuntplatzierte f\u00fcr die Abstiegs-Play-offs qualifiziert und der Tabellenletzte in die zweite slowenische Liga absteigt.<\/p>\n\n\n\n<p>Das derzeitige System wird seit 2005 angewandt.<\/p>\n\n\n\n<p>&nbsp;Zwischen 1993 und 1995 wurde ein regelm\u00e4\u00dfiges Doppelrundenformat mit 16 Vereinen verwendet, bevor es f\u00fcr drei Spielzeiten bis 1998 durch das aktuelle System mit zehn Vereinen ersetzt wurde. Zwischen 1998 und 2003 wurde dann ein dreifaches Rundensystem mit zw\u00f6lf Vereinen und zwei Direktabsteigern angewandt.&nbsp;<\/p>\n\n\n\n<p>In den n\u00e4chsten beiden Spielzeiten, 2003\/04 und 2004\/05, wurde die Liga nach Abschluss der regul\u00e4ren Saison in eine Meisterschafts- und eine Abstiegsgruppe aufgeteilt.<\/p>\n\n\t\t<\/article>\n\t\t<div class=\"lg:w-[300px] lg:flex-shrink-0 relative\" x-data=\"{show_toc: false}\">\n\t\t\t<div class=\"lg:sticky lg:top-4 z-30\">\n\t\t\t\t<div class=\"fixed -top-64 left-0 w-full z-50 lg:static transition-all hidden lg:block\" id=\"fixed-toc\">\n\t\t\t\t\t<div>\n\t\t\t\t<div\n\t\t\tclass=\"max-lg:fixed max-lg:top-0 max-lg:left-0 max-lg:w-screen max-lg:h-screen max-lg:bg-gray-70 max-lg:bg-opacity-75 max-lg:hidden\"\n\t\t\t:class=\"{'max-lg:hidden': !show_toc}\"\n\t\t\t@click=\"show_toc = false\"\n\t\t>\n\t\t\t<div class=\"max-lg:absolute max-lg:bottom-0 max-lg:left-0 max-lg:w-screen bg-white lg:bg-transparent\">\n\t\t\t\t\t\t\t\t\t\t\t<\/div>\n\t\t<\/div>\n\t<\/div>\n\t\t\t\t\t<\/div>\n\t\t\t<\/div>\n\t\t<\/div>\n\t<\/div>\n<\/div>\n\t<\/div>\n<\/div>\n\n","protected":false},"excerpt":{"rendered":"","protected":false},"author":38,"featured_media":0,"parent":0,"menu_order":0,"comment_status":"closed","ping_status":"closed","template":"","meta":{"footnotes":""},"tags":[],"acf":[],"_links":{"self":[{"href":"https:\/\/betting.com\/de\/wp-json\/wp\/v2\/pages\/887"}],"collection":[{"href":"https:\/\/betting.com\/de\/wp-json\/wp\/v2\/pages"}],"about":[{"href":"https:\/\/betting.com\/de\/wp-json\/wp\/v2\/types\/page"}],"author":[{"embeddable":true,"href":"https:\/\/betting.com\/de\/wp-json\/wp\/v2\/users\/38"}],"replies":[{"embeddable":true,"href":"https:\/\/betting.com\/de\/wp-json\/wp\/v2\/comments?post=887"}],"version-history":[{"count":3,"href":"https:\/\/betting.com\/de\/wp-json\/wp\/v2\/pages\/887\/revisions"}],"predecessor-version":[{"id":6205,"href":"https:\/\/betting.com\/de\/wp-json\/wp\/v2\/pages\/887\/revisions\/6205"}],"wp:attachment":[{"href":"https:\/\/betting.com\/de\/wp-json\/wp\/v2\/media?parent=887"}],"wp:term":[{"taxonomy":"post_tag","embeddable":true,"href":"https:\/\/betting.com\/de\/wp-json\/wp\/v2\/tags?post=887"}],"curies":[{"name":"wp","href":"https:\/\/api.w.org\/{rel}","templated":true}]}}