{"id":881,"date":"2023-04-03T13:44:43","date_gmt":"2023-04-03T13:44:43","guid":{"rendered":"https:\/\/betting.com\/de\/?page_id=881"},"modified":"2023-08-02T12:31:05","modified_gmt":"2023-08-02T12:31:05","slug":"schottische-premiership","status":"publish","type":"page","link":"https:\/\/betting.com\/de\/schottische-premiership","title":{"rendered":"Schottische Premiership"},"content":{"rendered":"<div class=\" container-white py-8\">\n\t<div class=\"wp-block-container-toc  \">\n\t\t\t<div class=\"bg-white\">\n\t<div class=\"flex flex-col-reverse lg:flex-row lg:gap-8 py-10\">\n\t\t<article class=\"max-w-[960px] flex-grow\" data-bt-content>\n\t\t\t\n<p>Obwohl sich Celtic und die Rangers st\u00e4ndig gegen\u00fcberstehen, ist die Leidenschaft und Spannung w\u00e4hrend der gesamten Saison zu sp\u00fcren, und obwohl der Wettbewerb immer nur ein Zweikampf ist, ist es ein Rennen, das normalerweise bis zum Schluss spannend bleibt.<\/p>\n\n\n\n<p>Seit 2014 ist die schottische Premiership die h\u00f6chste Fu\u00dfballliga in Schottland. Die Premiership ist der Nachfolger der ehemaligen Scottish Premier League und wurde 2013 ins Leben der schottischen Fu\u00dfballfans gerufen.&nbsp;<\/p>\n\n\n\n<p>Was die Meisterschaften angeht, liefern sich Celtic Glasgow und die Glasgow Rangers einen hei\u00dfen Kampf.&nbsp;<\/p>\n\n\n\n<h2 class=\"wp-block-heading\" id=\"spfl-spielklasse-fur-profivereine-in-schottland\"><strong>SPFL-&nbsp; <\/strong><strong>Spielklasse f\u00fcr Profivereine in Schottland<\/strong><\/h2>\n\n\n\n<p>Die Scottish Professional League (SPFL) ist die h\u00f6chste Spielklasse f\u00fcr Profivereine in Schottland. Die Liga wurde 1998 als SPL gegr\u00fcndet, fusionierte jedoch 2013 mit den drei darunter liegenden Ligen, um ihre heutige Gr\u00f6\u00dfe zu erhalten.<\/p>\n\n\n\n<p>Die regul\u00e4re Saison l\u00e4uft von August bis Mai, wobei es am Ende der Saison an Dramatik nicht mangelt, und zwar in Form eines Abstiegs-Playoffs zwischen dem Verein, der den 11. Platz in der Premiership-Tabelle belegt und demjenigen, der sich aus der Championship qualifiziert.<\/p>\n\n\n\n<p>Der Teilnehmer der Championship am Abstiegs-\/Aufstiegs-Playoff wird in einer Reihe von Playoffs ermittelt, bei denen der Vierte gegen den Dritten spielt und der Sieger dieses Spiels ein weiteres Playoff mit zwei Spielen gegen den Zweitplatzierten der Division bestreitet.<\/p>\n\n\n\n<p>Der Sieger dieser Begegnung trifft dann auf den Zweitplatzierten der Scottish Premiership. Obwohl diese Konstellation die Mannschaft aus der obersten Spielklasse beg\u00fcnstigt, gab es in den letzten Jahren immer wieder Vereine, die den Abstieg hinnehmen mussten.<\/p>\n\n\n\n<p>In jeder Saison spielen 12 Mannschaften in der Scottish Premiership, welche in zwei Phasen unterteilt ist. In der ersten Phase spielt jeder Verein drei Spiele gegen jeden anderen Verein (zweimal zu Hause und einmal ausw\u00e4rts oder umgekehrt). Nach der ersten Phase haben alle Vereine 33 Spiele absolviert.<\/p>\n\n\n\n<p>In dieser Phase ziehen die sechs Erstplatzierten in die Meisterschaftsrunde ein, in der entschieden wird, wer in dieser Saison Meister wird und wer sich schlie\u00dflich f\u00fcr Europa qualifiziert.<\/p>\n\n\n\n<p>Die sechs letztplatzierten Vereine versuchen, sich \u00fcber Wasser zu halten und entweder den automatischen Abstieg zu vermeiden, indem sie den letzten Platz in der Tabelle belegen, oder in die bereits erw\u00e4hnten Play-offs einzuziehen.<\/p>\n\n\n\n<p>In dieser Saisonphase spielt jede Mannschaft innerhalb ihrer Gruppe einmal zu Beginn der Saison gegen alle anderen Mannschaften, was manchmal eine ungleiche Verteilung der Heim- und Ausw\u00e4rtsspiele bedeutet. Die Gesamtzahl der Spiele wird jedoch immer 38 f\u00fcr alle Vereine betragen.<\/p>\n\n\n\n<p>Dabei ist zu bedenken, dass die Mannschaften in der unteren H\u00e4lfte der Tabelle manchmal mehr Punkte sammeln k\u00f6nnen als die in der oberen H\u00e4lfte, weil sie mehr Siege gegen schw\u00e4chere Gegner einfahren. Allerdings k\u00f6nnen sie nur bis zum 7. Platz in der Tabelle vorsto\u00dfen.<\/p>\n\n\t\t<\/article>\n\t\t<div class=\"lg:w-[300px] lg:flex-shrink-0 relative\" x-data=\"{show_toc: false}\">\n\t\t\t<div class=\"lg:sticky lg:top-4 z-30\">\n\t\t\t\t<div class=\"fixed -top-64 left-0 w-full z-50 lg:static transition-all hidden lg:block\" id=\"fixed-toc\">\n\t\t\t\t\t<div>\n\t\t\t\t<div class=\"border-b border-solid border-gray-30 text-lg font-bold lg:pt-7 max-lg:px-4 py-3 flex items-center justify-between bg-white lg:bg-transparent\">\n\t\t\tWas gibt es auf dieser Seite\n\t\t\t<button @click=\"show_toc = true\" class=\"btn btn-red-outline-white block lg:hidden\">Jump to<\/button>\n\t\t<\/div>\n\t\t\t\t<div\n\t\t\tclass=\"max-lg:fixed max-lg:top-0 max-lg:left-0 max-lg:w-screen max-lg:h-screen max-lg:bg-gray-70 max-lg:bg-opacity-75 max-lg:hidden\"\n\t\t\t:class=\"{'max-lg:hidden': !show_toc}\"\n\t\t\t@click=\"show_toc = false\"\n\t\t>\n\t\t\t<div class=\"max-lg:absolute max-lg:bottom-0 max-lg:left-0 max-lg:w-screen bg-white lg:bg-transparent\">\n\t\t\t\t\t\t\t\t<div class=\"flex lg:hidden items-center justify-between mx-4 border-b border-solid border-gray-30 pt-6 pb-2 font-bold\">\n\n\t\t\t\t\tAuf dieser Seite\n\t\t\t\t\t<button @click=\"show_toc = false\">\n\t\t\t\t\t\t<svg class=\"w-5 h-5 text-gray-100\" xmlns=\"http:\/\/www.w3.org\/2000\/svg\" fill=\"none\" stroke=\"currentColor\" stroke-width=\"1.5\" class=\"w-6 h-6\" viewBox=\"0 0 24 24\"><path stroke-linecap=\"round\" stroke-linejoin=\"round\" d=\"M6 18 18 6M6 6l12 12\"\/><\/svg>\t\t\t\t\t<\/button>\n\t\t\t\t<\/div>\n\t\t\t\t<ul id=\"toc\" class=\"mt-5 max-h-[85vh] overflow-y-auto list-none bt-scrollbars\">\n\n\t\t\t\t\t\t\t\t\t\t\t<li>\n\t\t\t\t\t\t\t<a href=\"#spfl-spielklasse-fur-profivereine-in-schottland\" data-bt-toc-item=\"spfl-spielklasse-fur-profivereine-in-schottland\"\n\t\t\t\t\t\t\t\t @click=\"show_toc = false\"\n\t\t\t\t\t\t\t\t class=\"block px-4 py-2 text-black border-l-4 border-solid border-transparent hover:border-red-100 transition-all hover:!border-b-0 hover:font-bold\">\nSPFL-&nbsp; Spielklasse f\u00fcr Profivereine in Schottland\n<\/a>\n\t\t\t\t\t\t<\/li>\n\t\t\t\t\t\t\t\t\t<\/ul>\n\t\t\t\t\t\t\t\t\t\t\t<\/div>\n\t\t<\/div>\n\t<\/div>\n\t\t\t\t\t<\/div>\n\t\t\t<\/div>\n\t\t<\/div>\n\t<\/div>\n<\/div>\n\t<\/div>\n<\/div>\n\n","protected":false},"excerpt":{"rendered":"","protected":false},"author":6,"featured_media":0,"parent":0,"menu_order":1000,"comment_status":"closed","ping_status":"closed","template":"","meta":{"footnotes":""},"tags":[],"acf":[],"_links":{"self":[{"href":"https:\/\/betting.com\/de\/wp-json\/wp\/v2\/pages\/881"}],"collection":[{"href":"https:\/\/betting.com\/de\/wp-json\/wp\/v2\/pages"}],"about":[{"href":"https:\/\/betting.com\/de\/wp-json\/wp\/v2\/types\/page"}],"author":[{"embeddable":true,"href":"https:\/\/betting.com\/de\/wp-json\/wp\/v2\/users\/6"}],"replies":[{"embeddable":true,"href":"https:\/\/betting.com\/de\/wp-json\/wp\/v2\/comments?post=881"}],"version-history":[{"count":3,"href":"https:\/\/betting.com\/de\/wp-json\/wp\/v2\/pages\/881\/revisions"}],"predecessor-version":[{"id":6204,"href":"https:\/\/betting.com\/de\/wp-json\/wp\/v2\/pages\/881\/revisions\/6204"}],"wp:attachment":[{"href":"https:\/\/betting.com\/de\/wp-json\/wp\/v2\/media?parent=881"}],"wp:term":[{"taxonomy":"post_tag","embeddable":true,"href":"https:\/\/betting.com\/de\/wp-json\/wp\/v2\/tags?post=881"}],"curies":[{"name":"wp","href":"https:\/\/api.w.org\/{rel}","templated":true}]}}