{"id":879,"date":"2023-04-03T13:39:01","date_gmt":"2023-04-03T13:39:01","guid":{"rendered":"https:\/\/betting.com\/de\/?page_id=879"},"modified":"2023-08-02T12:31:05","modified_gmt":"2023-08-02T12:31:05","slug":"tuerkische-super-lig","status":"publish","type":"page","link":"https:\/\/betting.com\/de\/tuerkische-super-lig","title":{"rendered":"T\u00fcrkische S\u00fcper Lig"},"content":{"rendered":"<div class=\" container-white py-8\">\n\t<div class=\"wp-block-container-toc  \">\n\t\t\t<div class=\"bg-white\">\n\t<div class=\"flex flex-col-reverse lg:flex-row lg:gap-8 py-10\">\n\t\t<article class=\"max-w-[960px] flex-grow\" data-bt-content>\n\t\t\t\n<p>Da die Liga relativ ausgeglichen ist, lassen sich auch sehr gute Quoten auf die Partien der S\u00fcper Lig vorfinden. Auch f\u00fcr Akkumulatoren-Wetten bietet die S\u00fcper Lig eine ideale Gelegenheit, da sich fast an jedem Wochenende eine Wette finden l\u00e4sst, die aufgehen sollte.&nbsp;<\/p>\n\n\n\n<p>Um die besten Wettm\u00f6glichkeiten ausfindig zu machen, sollte der Verlauf der Saison beobachtet werden. Speziell zu Saisonende lassen sich in der S\u00fcper Lig gute Quoten auf gewisse Spiele finden.<\/p>\n\n\n\n<p>Wenn es ein Wort gibt, das den t\u00fcrkischen Fu\u00dfball am besten beschreibt, dann ist es wohl Leidenschaft. Andererseits beschreibt Leidenschaft nicht ann\u00e4hernd die leidenschaftliche Unterst\u00fctzung, die den Vereinen in der S\u00fcper Lig zuteil wird.<\/p>\n\n\n\n<p>Solange man nicht selbst ein Spiel besucht hat, kann man nicht einsch\u00e4tzen, wie sehr diese Stadien zu einem Hexenkessel werden. Im europ\u00e4ischen Wettbewerb kann dieser L\u00e4rm oft als zus\u00e4tzlicher Spieler auf dem Spielfeld wirken.<\/p>\n\n\n\n<p>Zweifellos hat der t\u00fcrkische Fu\u00dfball den Ruf, einsch\u00fcchternd zu sein, aber es stellt sich oft die Frage, ob die Talente auf dem Spielfeld dem gerecht werden k\u00f6nnen, was von den Trib\u00fcnen gerufen wird oder nicht.<\/p>\n\n\n\n<p>Obwohl es an Abl\u00f6sesummen nicht mangelt, wird kritisiert, dass die t\u00fcrkische Super Lig das europ\u00e4ische Altersheim f\u00fcr alternde Stars ist, die ihr Gl\u00fcck nicht in der J League oder in der MLS versuchen wollen.<\/p>\n\n\n\n<p>Das bedeutet, dass einige der Namen bekannt sind, aber ihnen vielleicht das Tempo fehlt, das sie fr\u00fcher hatten. Au\u00dferdem haben diese \u00e4lteren Spieler manchmal die Angewohnheit, j\u00fcngeren Spielern den Weg in die erste Mannschaft zu versperren.<\/p>\n\n\n\n<p><em>Allerdings ist die t\u00fcrkische S\u00fcper Lig ein Wettbewerb, der nie langweilig wird und mit dem derzeitigen 18. Platz in der UEFA-Koeffizienten-Rangliste muss man sich vielleicht mehr auf die Dinge innerhalb statt au\u00dferhalb des Platzes konzentrieren.<\/em><\/p>\n\n\n\n<p>Der Spielplan ist den gro\u00dfen europ\u00e4ischen Ligen nachempfunden und besteht aus einem doppelten Hin- und R\u00fcckspiel. Dabei treten 20 Vereine in 38 Spielrunden sowohl zu Hause als auch ausw\u00e4rts gegeneinander an, ohne dass die regul\u00e4re Saison aufgeteilt wird.<\/p>\n\n\n\n<p>Bei 20 Vereinen gibt es allerdings einen kleinen Unterschied zur englischen Premier League, da in dieser Saison vier Vereine absteigen, was bis zum letzten Spieltag f\u00fcr Unterhaltung sorgen wird.<\/p>\n\n\n\n<p>Im t\u00fcrkischen Fu\u00dfball gibt es nat\u00fcrlich eine Reihe legend\u00e4rer Vereine, die in Istanbul beheimatet sind. Das sind Galatasaray, Fenerbahce und Besiktas, die zwar als die gro\u00dfen Drei gelten, wenn es um den heimischen Fu\u00dfball geht, aber nicht unbedingt alles selbst in der Hand haben.<\/p>\n\n\n\n<p>Denn jetzt erleben wir in der S\u00fcper Lig so etwas wie ein neues Zeitalter, in dem eine Reihe von Vereinen, die nicht aus Istanbul kommen, an der Spitze mitspielen. Dadurch wurde der alte Status quo unterbrochen und ein frischer Wind weht durch die t\u00fcrkische Spitzenliga.<\/p>\n\n\t\t<\/article>\n\t\t<div class=\"lg:w-[300px] lg:flex-shrink-0 relative\" x-data=\"{show_toc: false}\">\n\t\t\t<div class=\"lg:sticky lg:top-4 z-30\">\n\t\t\t\t<div class=\"fixed -top-64 left-0 w-full z-50 lg:static transition-all hidden lg:block\" id=\"fixed-toc\">\n\t\t\t\t\t<div>\n\t\t\t\t<div\n\t\t\tclass=\"max-lg:fixed max-lg:top-0 max-lg:left-0 max-lg:w-screen max-lg:h-screen max-lg:bg-gray-70 max-lg:bg-opacity-75 max-lg:hidden\"\n\t\t\t:class=\"{'max-lg:hidden': !show_toc}\"\n\t\t\t@click=\"show_toc = false\"\n\t\t>\n\t\t\t<div class=\"max-lg:absolute max-lg:bottom-0 max-lg:left-0 max-lg:w-screen bg-white lg:bg-transparent\">\n\t\t\t\t\t\t\t\t\t\t\t<\/div>\n\t\t<\/div>\n\t<\/div>\n\t\t\t\t\t<\/div>\n\t\t\t<\/div>\n\t\t<\/div>\n\t<\/div>\n<\/div>\n\t<\/div>\n<\/div>\n\n","protected":false},"excerpt":{"rendered":"","protected":false},"author":6,"featured_media":0,"parent":0,"menu_order":1000,"comment_status":"closed","ping_status":"closed","template":"","meta":{"footnotes":""},"tags":[],"acf":[],"_links":{"self":[{"href":"https:\/\/betting.com\/de\/wp-json\/wp\/v2\/pages\/879"}],"collection":[{"href":"https:\/\/betting.com\/de\/wp-json\/wp\/v2\/pages"}],"about":[{"href":"https:\/\/betting.com\/de\/wp-json\/wp\/v2\/types\/page"}],"author":[{"embeddable":true,"href":"https:\/\/betting.com\/de\/wp-json\/wp\/v2\/users\/6"}],"replies":[{"embeddable":true,"href":"https:\/\/betting.com\/de\/wp-json\/wp\/v2\/comments?post=879"}],"version-history":[{"count":3,"href":"https:\/\/betting.com\/de\/wp-json\/wp\/v2\/pages\/879\/revisions"}],"predecessor-version":[{"id":6203,"href":"https:\/\/betting.com\/de\/wp-json\/wp\/v2\/pages\/879\/revisions\/6203"}],"wp:attachment":[{"href":"https:\/\/betting.com\/de\/wp-json\/wp\/v2\/media?parent=879"}],"wp:term":[{"taxonomy":"post_tag","embeddable":true,"href":"https:\/\/betting.com\/de\/wp-json\/wp\/v2\/tags?post=879"}],"curies":[{"name":"wp","href":"https:\/\/api.w.org\/{rel}","templated":true}]}}