{"id":876,"date":"2023-04-03T13:34:25","date_gmt":"2023-04-03T13:34:25","guid":{"rendered":"https:\/\/betting.com\/de\/?page_id=876"},"modified":"2023-08-02T12:31:05","modified_gmt":"2023-08-02T12:31:05","slug":"slowakische-superliga","status":"publish","type":"page","link":"https:\/\/betting.com\/de\/slowakische-superliga","title":{"rendered":"Slowakische Superliga"},"content":{"rendered":"<div class=\" container-white py-8\">\n\t<div class=\"wp-block-container-toc  \">\n\t\t\t<div class=\"bg-white\">\n\t<div class=\"flex flex-col-reverse lg:flex-row lg:gap-8 py-10\">\n\t\t<article class=\"max-w-[960px] flex-grow\" data-bt-content>\n\t\t\t\n<p>Die Slowakische Superliga, auch bekannt als Fortuna Liga, ist die h\u00f6chste Spielklasse in der Slowakei.<\/p>\n\n\n\n<p>Der Gesamtsieger der slowakischen Super Liga ist ein wichtiger Markt f\u00fcr die slowakische Super Liga.&nbsp;<\/p>\n\n\n\n<p>Unsere Experten-Wetttipps geben Ihnen einen detaillierten \u00dcberblick \u00fcber die slowakische Super Liga und informieren Sie \u00fcber Mannschaften, Spieler und Neuzug\u00e4nge.&nbsp;<\/p>\n\n\n\n<p>Diese Informationen k\u00f6nnen Ihnen bei der Auswahl Ihrer Wetten helfen.<\/p>\n\n\n\n<p>Unsere Plattform erm\u00f6glicht es Ihnen, Tippgebern zu folgen, die Ihnen bei Ihren Wettentscheidungen helfen.&nbsp;<\/p>\n\n\n\n<p>Die Slowakei war Teil der Tschechoslowakei (1918-1939 und 1945-1993).&nbsp;<\/p>\n\n\n\n<p>Die erste slowakische Meisterschaft Zv\u00e4zov\u00e9 Majstrovstv\u00e1 Slovenska wurde zwischen slowakischen Mannschaften ausgetragen (1925-1933); bis 1935-36 spielte keine slowakische Mannschaft in der tschechoslowakischen (professionellen, staatlichen) Liga. Nach der Aufl\u00f6sung der Tschechoslowakei im Jahr 1939 und der Gr\u00fcndung der mit Deutschland verb\u00fcndeten Slowakischen Republik spielte der einzige slowakische Verein in der Tschechoslowakei, \u0160K Bratislava, in der neuen slowakischen Liga, der Slovensk\u00e1 liga (1939-1945).<\/p>\n\n\t\t<\/article>\n\t\t<div class=\"lg:w-[300px] lg:flex-shrink-0 relative\" x-data=\"{show_toc: false}\">\n\t\t\t<div class=\"lg:sticky lg:top-4 z-30\">\n\t\t\t\t<div class=\"fixed -top-64 left-0 w-full z-50 lg:static transition-all hidden lg:block\" id=\"fixed-toc\">\n\t\t\t\t\t<div>\n\t\t\t\t<div\n\t\t\tclass=\"max-lg:fixed max-lg:top-0 max-lg:left-0 max-lg:w-screen max-lg:h-screen max-lg:bg-gray-70 max-lg:bg-opacity-75 max-lg:hidden\"\n\t\t\t:class=\"{'max-lg:hidden': !show_toc}\"\n\t\t\t@click=\"show_toc = false\"\n\t\t>\n\t\t\t<div class=\"max-lg:absolute max-lg:bottom-0 max-lg:left-0 max-lg:w-screen bg-white lg:bg-transparent\">\n\t\t\t\t\t\t\t\t\t\t\t<\/div>\n\t\t<\/div>\n\t<\/div>\n\t\t\t\t\t<\/div>\n\t\t\t<\/div>\n\t\t<\/div>\n\t<\/div>\n<\/div>\n\t<\/div>\n<\/div>\n\n","protected":false},"excerpt":{"rendered":"","protected":false},"author":6,"featured_media":0,"parent":0,"menu_order":1000,"comment_status":"closed","ping_status":"closed","template":"","meta":{"footnotes":""},"tags":[],"acf":[],"_links":{"self":[{"href":"https:\/\/betting.com\/de\/wp-json\/wp\/v2\/pages\/876"}],"collection":[{"href":"https:\/\/betting.com\/de\/wp-json\/wp\/v2\/pages"}],"about":[{"href":"https:\/\/betting.com\/de\/wp-json\/wp\/v2\/types\/page"}],"author":[{"embeddable":true,"href":"https:\/\/betting.com\/de\/wp-json\/wp\/v2\/users\/6"}],"replies":[{"embeddable":true,"href":"https:\/\/betting.com\/de\/wp-json\/wp\/v2\/comments?post=876"}],"version-history":[{"count":3,"href":"https:\/\/betting.com\/de\/wp-json\/wp\/v2\/pages\/876\/revisions"}],"predecessor-version":[{"id":6202,"href":"https:\/\/betting.com\/de\/wp-json\/wp\/v2\/pages\/876\/revisions\/6202"}],"wp:attachment":[{"href":"https:\/\/betting.com\/de\/wp-json\/wp\/v2\/media?parent=876"}],"wp:term":[{"taxonomy":"post_tag","embeddable":true,"href":"https:\/\/betting.com\/de\/wp-json\/wp\/v2\/tags?post=876"}],"curies":[{"name":"wp","href":"https:\/\/api.w.org\/{rel}","templated":true}]}}