{"id":873,"date":"2023-04-03T13:26:59","date_gmt":"2023-04-03T13:26:59","guid":{"rendered":"https:\/\/betting.com\/de\/?page_id=873"},"modified":"2023-08-02T12:31:05","modified_gmt":"2023-08-02T12:31:05","slug":"schweizer-super-league","status":"publish","type":"page","link":"https:\/\/betting.com\/de\/schweizer-super-league","title":{"rendered":"Schweizer Super League"},"content":{"rendered":"<div class=\" container-white py-8\">\n\t<div class=\"wp-block-container-toc  \">\n\t\t\t<div class=\"bg-white\">\n\t<div class=\"flex flex-col-reverse lg:flex-row lg:gap-8 py-10\">\n\t\t<article class=\"max-w-[960px] flex-grow\" data-bt-content>\n\t\t\t\n<p>Zwar gilt die Schweizer Super League nicht unbedingt als Brutst\u00e4tte des europ\u00e4ischen Fu\u00dfballs, doch ist sie ein zumindest respektabler Wettbewerb, der mit seinen Vereinen durchaus in der Lage ist, den einen oder anderen europ\u00e4ischen Erfolg zu erringen, auch wenn er manchmal \u00fcbersehen wird.<\/p>\n\n\n\n<p>Wie die \u00d6sterreichische Bundesliga von \u00e4hnlicher Gr\u00f6\u00dfe und Statur ist die Schweizer Super League ein attraktiver Wettbewerb, der von den Anh\u00e4ngern der zehn teilnehmenden Mannschaften leidenschaftlich unterst\u00fctzt wird, und sobald die Stadiontore ge\u00f6ffnet werden, kann man mit einer lautstarken Atmosph\u00e4re rechnen.<\/p>\n\n\n\n<p><em>Die zehn Spitzenvereine der Schweizer Super League spielen je zweimal zu Hause und ausw\u00e4rts gegeneinander, was zu vier wiederholten Spieltagen f\u00fchrt.<\/em><\/p>\n\n\n\n<p>Angesichts der geringen Anzahl an Vereinen in der obersten Spielklasse sind die einzigen anderen Ausweichm\u00f6glichkeiten 18 Spiele (Doppelrunde mit Heim- und Ausw\u00e4rtsspielen \u2013 aber eine zu kurze Saison) oder 27 Spiele (was zu einem Ungleichgewicht f\u00fchren w\u00fcrde), so dass man das Gef\u00fchl hat, dass dies die einzige praktikable Option ist.<\/p>\n\n\n\n<p>Dieses Format bietet auf jeden Fall interessanten Fu\u00dfball, auch wenn das Rennen um den Titel manchmal gar nicht stattfindet. Da es im Kampf um die europ\u00e4ische Qualifikation und im Abstiegs-Playoff immer spannend bleibt, gibt es an beiden Enden der Tabelle immer viel Spannung und Dramatik.<\/p>\n\n\t\t<\/article>\n\t\t<div class=\"lg:w-[300px] lg:flex-shrink-0 relative\" x-data=\"{show_toc: false}\">\n\t\t\t<div class=\"lg:sticky lg:top-4 z-30\">\n\t\t\t\t<div class=\"fixed -top-64 left-0 w-full z-50 lg:static transition-all hidden lg:block\" id=\"fixed-toc\">\n\t\t\t\t\t<div>\n\t\t\t\t<div\n\t\t\tclass=\"max-lg:fixed max-lg:top-0 max-lg:left-0 max-lg:w-screen max-lg:h-screen max-lg:bg-gray-70 max-lg:bg-opacity-75 max-lg:hidden\"\n\t\t\t:class=\"{'max-lg:hidden': !show_toc}\"\n\t\t\t@click=\"show_toc = false\"\n\t\t>\n\t\t\t<div class=\"max-lg:absolute max-lg:bottom-0 max-lg:left-0 max-lg:w-screen bg-white lg:bg-transparent\">\n\t\t\t\t\t\t\t\t\t\t\t<\/div>\n\t\t<\/div>\n\t<\/div>\n\t\t\t\t\t<\/div>\n\t\t\t<\/div>\n\t\t<\/div>\n\t<\/div>\n<\/div>\n\t<\/div>\n<\/div>\n\n","protected":false},"excerpt":{"rendered":"","protected":false},"author":6,"featured_media":0,"parent":0,"menu_order":1000,"comment_status":"closed","ping_status":"closed","template":"","meta":{"footnotes":""},"tags":[],"acf":[],"_links":{"self":[{"href":"https:\/\/betting.com\/de\/wp-json\/wp\/v2\/pages\/873"}],"collection":[{"href":"https:\/\/betting.com\/de\/wp-json\/wp\/v2\/pages"}],"about":[{"href":"https:\/\/betting.com\/de\/wp-json\/wp\/v2\/types\/page"}],"author":[{"embeddable":true,"href":"https:\/\/betting.com\/de\/wp-json\/wp\/v2\/users\/6"}],"replies":[{"embeddable":true,"href":"https:\/\/betting.com\/de\/wp-json\/wp\/v2\/comments?post=873"}],"version-history":[{"count":3,"href":"https:\/\/betting.com\/de\/wp-json\/wp\/v2\/pages\/873\/revisions"}],"predecessor-version":[{"id":6201,"href":"https:\/\/betting.com\/de\/wp-json\/wp\/v2\/pages\/873\/revisions\/6201"}],"wp:attachment":[{"href":"https:\/\/betting.com\/de\/wp-json\/wp\/v2\/media?parent=873"}],"wp:term":[{"taxonomy":"post_tag","embeddable":true,"href":"https:\/\/betting.com\/de\/wp-json\/wp\/v2\/tags?post=873"}],"curies":[{"name":"wp","href":"https:\/\/api.w.org\/{rel}","templated":true}]}}