{"id":86,"date":"2022-06-15T10:06:05","date_gmt":"2022-06-15T10:06:05","guid":{"rendered":"https:\/\/betting.com\/de\/?page_id=86"},"modified":"2023-08-02T12:31:08","modified_gmt":"2023-08-02T12:31:08","slug":"quoten","status":"publish","type":"page","link":"https:\/\/betting.com\/de\/rugby-union\/quoten","title":{"rendered":"Rugby Union Quoten"},"content":{"rendered":"<div class=\" container-white py-8\">\n\t<div class=\"wp-block-container-toc  \">\n\t\t\t<div class=\"bg-white\">\n\t<div class=\"flex flex-col-reverse lg:flex-row lg:gap-8 py-10\">\n\t\t<article class=\"max-w-[960px] flex-grow\" data-bt-content>\n\t\t\t\n<h2 class=\"wp-block-heading\" id=\"rugby-union-wettquoten-fur-die-heutigen-veranstaltung-vergleichen\">Rugby Union Wettquoten f\u00fcr die Heutigen Veranstaltung vergleichen<\/h2>\n\n\n\n<p>Im Gegensatz zu anderen Sportarten lassen sich Rugby Union-Quoten recht einfach meistern. Auf der Grundlage von Mannschaftsform, Qualit\u00e4t des Trainings und Anzahl der anwesenden Starspieler ist es einfach, sich ein Bild von den wahrscheinlichsten und unwahrscheinlichsten Ergebnissen zu machen.&nbsp;<\/p>\n\n\n\n<p>Probleme tauchen jedoch dann auf, wenn es um \u00c4nderungen geht, denn aufgrund der Schnelligkeit des Spiels k\u00f6nnen sich Rugby Union-Quoten im Handumdrehen \u00e4ndern. Ein Risiko einzugehen wird sie nicht weiterbringen, also seien Sie klug und st\u00fctzen Sie ihre Wetten auf konkrete Informationen.<\/p>\n\n\n\n<h2 class=\"wp-block-heading\" id=\"der-allumfassende-leitfaden-fur-rugby-union-quoten\">Der Allumfassende Leitfaden f\u00fcr Rugby Union Quoten<\/h2>\n\n\n\n<p>Sie m\u00f6chten also den Umgang mit Rugby Union-Quoten lernen? Als ersten Schritt m\u00fcssen Sie sich dazu in das Spiel vertiefen. Es gibt reichlich Gr\u00fcnde, zu jubeln &#8211; vor Ihnen liegen mehr als 100 Jahre Geschichte, die Sie bis hin zum aktuellen Stand erkunden k\u00f6nnen, wo sich der Sport bis nach Australasien, Nordamerika und sogar S\u00fcdamerika ausgebreitet hat. Mit all diesem sofort greifbaren Wissen wird das Meistern der Welt der Rugby Union-Quoten f\u00fcr Sie zum Kinderspiel.<\/p>\n\n\n\n<p>Um Ihnen dabei zu helfen, den Prozess zu beschleunigen, haben wir diesen Leitfaden \u00fcber alles, was mit dem Thema Rugby Union-Quoten zu tun hat, zusammengestellt.&nbsp;<\/p>\n\n\n\n<p>Wenn Sie erst einmal alle Vorgehensweisen gelernt und angefangen haben, die Schl\u00fcsselfaktoren zu erkennen, werden Ihre Erfahrungen mit Sportwetten viel angenehmer ausfallen. Und was noch hinzukommt &#8211; Sie werden sich in eine der rasantesten und aufregendsten Sportarten verliebt haben, bei der wir das Vergn\u00fcgen haben, zuzuschauen.<\/p>\n\n\n\n<h2 class=\"wp-block-heading\" id=\"wie-werden-rugby-union-quoten-berechnet\">Wie werden Rugby Union Quoten berechnet?<\/h2>\n\n\n\n<p>Rugby Union-Quoten werden von professionellen Quotenmachern berechnet. Das sind feine Leute, die ihr Geld damit verdienen, dass sie sich rund um die Uhr in das Spiel vertiefen. Neben ihrer guten Beobachtungsgabe verwenden sie Datennachverfolgungssoftware zur Pflege aller Statistiken f\u00fcr jeden Spieler, jedes Spiel und jeden Wettbewerb. Was f\u00fcr Daten auch immer &#8211; diesen Leuten stehen sie zur Verf\u00fcgung.<\/p>\n\n\n\n<p>Um mit den besten Rugby Union-Quoten aufzuwarten, suchen die Quotenmacher nach dem h\u00f6chstm\u00f6glichen Grad an impliziter Wahrscheinlichkeit. In der Welt der Rugby Union-Wettquoten bedeutet der Ausdruck \u2018implizierte Wahrscheinlichkeit\u2019 schlicht und einfach, wie wahrscheinlich es ist, dass etwas geschieht.&nbsp;<\/p>\n\n\n\n<p>Wegen der komplizierten Formulierung verstehen die meisten Wetter diesen Begriff falsch, aber es geht immer darum, dass die Rugby Union-Quoten auf echten, greifbaren Anhaltspunkten aus der Vergangenheit basieren.<\/p>\n\n\n\n<p>Dies alles bedeutet ganz einfach, dass kein Buchmacher jederzeit 100% richtige Rugby Union-Quoten bekanntgeben kann. Implizierte Wahrscheinlichkeit bedeutet, dass ein Ergebnis wahrscheinlich ist, aber nicht sicher. Es wird impliziert, nicht behauptet. Ein Verst\u00e4ndnis f\u00fcr Rugby Union-Quoten zu entwickeln erfordert daher, dass Sie wissen, wie man statistische Daten aus der Vergangenheit der Spieler und der Mannschaft verarbeitet.<\/p>\n\n\n\n<p>Das Beste aus den von Buchmachern angebotenen Rugby Union-Quoten herauszuholen erfordert daher, dass Sie sich auf drei Schl\u00fcsselfaktoren konzentrieren. Unser Team bei Betting.com hat die folgenden Faktoren als Bausteine aller Rugby-Linienwetten eingegrenzt:<\/p>\n\n\n\n<p><strong>Mannschaftsform.<\/strong> Der wichtigste ausschlaggebende Faktor, wenn Sie Rugby Union-Quoten bestimmen wollen, ist die Leistung einer Mannschaft in den letzten Spielen. Wenn Sie Wetten auf Vereinsebene abschlie\u00dfen, spielt dieser Faktor eine viel gr\u00f6\u00dfere Rolle. Bei Turnieren und gr\u00f6\u00dferen Wettk\u00e4mpfen h\u00e4ngen die Rugby Union-Quoten mehr vom Mannschaftszusammenhalt ab.&nbsp;<\/p>\n\n\n\n<p>Dennoch ist es wichtig zu wissen, wie sich ein Team in den letzten Spielen gegen h\u00e4rtere Gegner geschlagen hat. Wenn sie die meisten ihrer Siege gegen unterdurchschnittliche Gegner eingefahren haben, werden die Rugby Union-Quoten auf ihren Sieg mittel bis hoch stehen.<\/p>\n\n\n\n<p><strong>Die Anwesenheit von Starspielern.<\/strong> Wenn es um Mannschaften mit zwei oder mehr Starspielern geht, wird Ihnen jedes Vergleichsinstrument f\u00fcr Rugby Union-Quoten das gleiche Ergebnis zeigen &#8211; niedrige Quoten! Ganz recht, selbst wenn eine Mannschaft in der einen oder anderen Position schw\u00e4chelt kann eine gute Gruppe Fl\u00fcgelspieler und ein linker Fl\u00fcgelst\u00fcrmer sie zu sehr vielen Siegen f\u00fchren.&nbsp;<\/p>\n\n\n\n<p>St\u00fctzen Sie Ihre Rugby Union-Quotenwahl darauf, wie auf Starspieler gegr\u00fcndete Mannschaften gegen eine engere Verteidigung abschneiden. Sie lassen sich leicht kaltstellen, sobald der entscheidende Mann oder die entscheidende Frau aus dem Spiel ist.<\/p>\n\n\n\n<p><strong>Training.<\/strong> Obwohl die Spieler diejenigen sind, die die Drecksarbeit erledigen, kann die Qualit\u00e4t eines Trainers Rugby Union-Quoten steigen lassen oder zunichte machen. Ein Trainer, der gut motivieren kann, ist in der Lage, das Feuer f\u00fcr einen Comeback-Sieg zu entfachen, daher ist es am Besten, wenn Sie sich mit den Eigenschaften der Trainer vertraut machen.&nbsp;<\/p>\n\n\n\n<p>Wenn Sie die Rugby Union-Quoten von heute auf Spread-Wetten durchsuchen sollten Sie nach Trainern Ausschau halten, die Taktiker sind. Sie wissen, wie man eine undurchdringliche Strategie entwirft, die oft einem klaren Sieg vorausgeht.<\/p>\n\n\n\n<p>Im Vergleich zu anderen Sportarten sind Rugby Union-Quoten recht einfach zu verstehen. Wenn Sie die drei oben erw\u00e4hnten S\u00e4ulen der Berechnung anwenden, k\u00f6nnen Sie die Quoten selbst einsch\u00e4tzen und ermitteln, ob diese hoch oder niedrig sind.&nbsp;<\/p>\n\n\n\n<p>Mit diesem Ansatz an der Hand k\u00f6nnen Sie leicht die allerbesten Rugby Union-Quoten finden. Bevor Sie jedoch mit dieser Suche beginnen, m\u00fcssen Sie wissen, warum es zu \u00c4nderungen kommt.<\/p>\n\n\n\n<h2 class=\"wp-block-heading\" id=\"warum-andern-sich-rugby-union-quoten\">Warum \u00e4ndern sich Rugby Union Quoten?<\/h2>\n\n\n\n<p>Rugby Union-Quoten \u00e4ndern sich, weil etwas geschehen ist und ein bestimmtes Ergebnis nun als mehr oder weniger wahrscheinlich angesehen wird. Anfangs geben die Quotenmacher ihre Rugby Union-Quoten als Future-Wetten bekannt. Sie k\u00f6nnen z.B. auf den World Cup 2023 wetten, aber keine Wahl ist sicher, denn in 40 Monaten kann eine Menge passieren.<\/p>\n\n\n\n<p>Sobald die Zeit und das Datum des Spiels bekannt werden, sind die Rugby Union-Quoten keine Futures mehr. Stattdessen werden sie 2-3 Wochen vor dem Ereignis erneut als regul\u00e4re, vor dem Spiel platzierte Wetten bekannt gegeben.&nbsp;<\/p>\n\n\n\n<p>In dieser Zeitspanne kann sich eine Menge ereignen. Quotenmacher beobachten ihre Quoten sehr genau und grenzen jedes Ereignis ein, das einen Einflussfaktor darstellen und die Zahlen ver\u00e4ndern k\u00f6nnte.<\/p>\n\n\n\n<p>Aber sind denn die Rugby Union-Quoten je nach Standort verschieden? Nun, Quotenmacher messen bestimmten Faktoren h\u00e4ufig gr\u00f6\u00dferen Wert bei oder haben einen anderen Blickwinkel als ihre Kollegen.&nbsp;<\/p>\n\n\n\n<p>Um ein Beispiel zu nennen: Sie erhalten h\u00f6here Rugby Union-Quoten auf einem bestimmten Wettquotenmarkt, weil der Quotenmacher der Meinung ist, dass die Wahrscheinlichkeit, dass etwas eintritt, jetzt viel geringer ist.<\/p>\n\n\n\n<p>Obwohl es Millionen Gr\u00fcnde gibt, warum sich Rugby Union-Quoten \u00e4ndern, werden nur die folgenden drei allgemein von allen Experten bewertet:<\/p>\n\n\n\n<ul><li><strong>Verletzungen. <\/strong>Wenn ein Spielmacher ausf\u00e4llt, gehen die Rugby Union-Quoten infolgedessen nach unten. Dies ist die normale Vorgehensweise, aber Sie k\u00f6nnen f\u00fcr sich herausfinden, ob die Quoten gut genug sind, indem sie die Wichtigkeit dieses Spielers sorgf\u00e4ltig abw\u00e4gen. Wenn Sie auf dem Markt f\u00fcr Rugby Union-Quoten f\u00fcr Live-Wetten unterwegs sind, sollten Sie eine Wette abschlie\u00dfen, bevor die Schwere der Verletzung festgestellt wird.<\/li><\/ul>\n\n\n\n<ul><li><strong>Taktische Fehltritte.<\/strong> Manche Spiele sollten besser in Vergessenheit geraten. Selbst die besten Mannschaften k\u00f6nnen Opfer einer taktischen Dem\u00fctigung werden, so dass sich die Rugby Union-Quoten mitten im Spiel deswegen ver\u00e4ndern. Wenn der Trainer der gegnerischen Mannschaft oder die Spieler erst einmal Blut lecken, werden sie hart zuschlagen. Wenn Sie vor dem Spiel auf Spreads (Spannen) gesetzt haben, ist das Gl\u00fcck auf Ihrer Seite.<\/li><\/ul>\n\n\n\n<ul><li><strong>\u00c4nderungen der Mannschaftsaufstellung.<\/strong> Auf Vereinsebene basteln die Trainer oft an den Aufstellungen herum, wenn etwas nicht funktioniert. Zu dem Zeitpunkt neigen die Rugby Union-Quoten dazu, au\u00dfer Rand und Band zu geraten und Buchmacher stellen alle m\u00f6glichen Angebote ein. Wenn Sie es wirklich darauf anlegen, riskante Wetten einzugehen, dann entscheiden Sie sich f\u00fcr die besten Linienwetten und beten Sie, dass Sie Recht hatten.<\/li><\/ul>\n\n\n\n<h2 class=\"wp-block-heading\" id=\"erkenntnisse-von-betting-com\">Erkenntnisse von Betting.com<\/h2>\n\n\n\n<p>Wenn Sie erst einmal eine gute Routine f\u00fcr die Prognose von \u00c4nderungen der Rugby Union-Quoten erworben haben, steht es Ihnen frei, sich mit den weniger konkreten Aspekten des ganzen Vorgangs zu befassen.&nbsp;<\/p>\n\n\n\n<p>Auch wenn bei Sportwetten h\u00e4ufige Vorkommnisse und Vorhersagen eine Rolle spielen, gibt es manchmal Details, die durch das Netz schl\u00fcpfen. Diese Details sind es, die die ganze Suche nach Rugby Union-Quoten so erfreulich machen.<\/p>\n\n\n\n<p>Unsere Experten zum Thema Rugby Union-Quoten glauben, dass Sie Ihre Strategie mit den folgenden Hinweisen aufbessern k\u00f6nnen:<\/p>\n\n\n\n<ul><li>Geben Sie dem Handicap vor allen anderen Rugby Union-Quoten den Vorrang. Wenn Sie erst einmal \u00fcber der Spanne liegen, k\u00f6nnen Sie gedanklich abschalten und aufh\u00f6ren, sich den Kopf dar\u00fcber zu zerbrechen, was passieren wird. Cash-outs (Ticketr\u00fcckk\u00e4ufe) sind ebenfalls eine gro\u00dfartige M\u00f6glichkeit.<\/li><\/ul>\n\n\n\n<ul><li>Ihr Wettschein sollte nie mehr als 1 oder 2 Behauptungswetten (Props) enthalten. Hohe Rugby Union-Quoten k\u00f6nnen auf den ersten Blick sehr attraktiv sein, k\u00f6nnen aber sehr wohl Ihr Schiff zum sinken bringen.<\/li><\/ul>\n\n\n\n<ul><li>Verfolgen Sie aufmerksam die Auftritte der Spieler in den sozialen Medien und die Aktivit\u00e4ten in ihrem Privatleben. Rugby Union-Quoten spiegeln dies nicht unbedingt wider, aber es ist bekannt, dass sich pers\u00f6nliche Probleme auch auf dem Spielfeld offenbaren.<\/li><\/ul>\n\n\n\n<ul><li>Setzen Sie Ihre Wetten immer auf Ligen\/Wettk\u00e4mpfe, \u00fcber die Sie sich kundig gemacht haben. W\u00e4hrend es immer leicht ist, sich von allen m\u00f6glichen hohen Rugby Union-Quoten verleiten zu lassen, sollten Sie niemals einer Bauchentscheidung den Vorrang geben. Unsicherheit ist eine Zutat, die Sie Ihrer Sportwettenstrategie auf keinen Fall hinzuf\u00fcgen sollten.<\/li><\/ul>\n\n\t\t<\/article>\n\t\t<div class=\"lg:w-[300px] lg:flex-shrink-0 relative\" x-data=\"{show_toc: false}\">\n\t\t\t<div class=\"lg:sticky lg:top-4 z-30\">\n\t\t\t\t<div class=\"fixed -top-64 left-0 w-full z-50 lg:static transition-all hidden lg:block\" id=\"fixed-toc\">\n\t\t\t\t\t<div>\n\t\t\t\t<div class=\"border-b border-solid border-gray-30 text-lg font-bold lg:pt-7 max-lg:px-4 py-3 flex items-center justify-between bg-white lg:bg-transparent\">\n\t\t\tWas gibt es auf dieser Seite\n\t\t\t<button @click=\"show_toc = true\" class=\"btn btn-red-outline-white block lg:hidden\">Jump to<\/button>\n\t\t<\/div>\n\t\t\t\t<div\n\t\t\tclass=\"max-lg:fixed max-lg:top-0 max-lg:left-0 max-lg:w-screen max-lg:h-screen max-lg:bg-gray-70 max-lg:bg-opacity-75 max-lg:hidden\"\n\t\t\t:class=\"{'max-lg:hidden': !show_toc}\"\n\t\t\t@click=\"show_toc = false\"\n\t\t>\n\t\t\t<div class=\"max-lg:absolute max-lg:bottom-0 max-lg:left-0 max-lg:w-screen bg-white lg:bg-transparent\">\n\t\t\t\t\t\t\t\t<div class=\"flex lg:hidden items-center justify-between mx-4 border-b border-solid border-gray-30 pt-6 pb-2 font-bold\">\n\n\t\t\t\t\tAuf dieser Seite\n\t\t\t\t\t<button @click=\"show_toc = false\">\n\t\t\t\t\t\t<svg class=\"w-5 h-5 text-gray-100\" xmlns=\"http:\/\/www.w3.org\/2000\/svg\" fill=\"none\" stroke=\"currentColor\" stroke-width=\"1.5\" class=\"w-6 h-6\" viewBox=\"0 0 24 24\"><path stroke-linecap=\"round\" stroke-linejoin=\"round\" d=\"M6 18 18 6M6 6l12 12\"\/><\/svg>\t\t\t\t\t<\/button>\n\t\t\t\t<\/div>\n\t\t\t\t<ul id=\"toc\" class=\"mt-5 max-h-[85vh] overflow-y-auto list-none bt-scrollbars\">\n\n\t\t\t\t\t\t\t\t\t\t\t<li>\n\t\t\t\t\t\t\t<a href=\"#rugby-union-wettquoten-fur-die-heutigen-veranstaltung-vergleichen\" data-bt-toc-item=\"rugby-union-wettquoten-fur-die-heutigen-veranstaltung-vergleichen\"\n\t\t\t\t\t\t\t\t @click=\"show_toc = false\"\n\t\t\t\t\t\t\t\t class=\"block px-4 py-2 text-black border-l-4 border-solid border-transparent hover:border-red-100 transition-all hover:!border-b-0 hover:font-bold\">\nRugby Union Wettquoten f\u00fcr die Heutigen Veranstaltung vergleichen\n<\/a>\n\t\t\t\t\t\t<\/li>\n\t\t\t\t\t\t\t\t\t\t\t<li>\n\t\t\t\t\t\t\t<a href=\"#der-allumfassende-leitfaden-fur-rugby-union-quoten\" data-bt-toc-item=\"der-allumfassende-leitfaden-fur-rugby-union-quoten\"\n\t\t\t\t\t\t\t\t @click=\"show_toc = false\"\n\t\t\t\t\t\t\t\t class=\"block px-4 py-2 text-black border-l-4 border-solid border-transparent hover:border-red-100 transition-all hover:!border-b-0 hover:font-bold\">\nDer Allumfassende Leitfaden f\u00fcr Rugby Union Quoten\n<\/a>\n\t\t\t\t\t\t<\/li>\n\t\t\t\t\t\t\t\t\t\t\t<li>\n\t\t\t\t\t\t\t<a href=\"#wie-werden-rugby-union-quoten-berechnet\" data-bt-toc-item=\"wie-werden-rugby-union-quoten-berechnet\"\n\t\t\t\t\t\t\t\t @click=\"show_toc = false\"\n\t\t\t\t\t\t\t\t class=\"block px-4 py-2 text-black border-l-4 border-solid border-transparent hover:border-red-100 transition-all hover:!border-b-0 hover:font-bold\">\nWie werden Rugby Union Quoten berechnet?\n<\/a>\n\t\t\t\t\t\t<\/li>\n\t\t\t\t\t\t\t\t\t\t\t<li>\n\t\t\t\t\t\t\t<a href=\"#warum-andern-sich-rugby-union-quoten\" data-bt-toc-item=\"warum-andern-sich-rugby-union-quoten\"\n\t\t\t\t\t\t\t\t @click=\"show_toc = false\"\n\t\t\t\t\t\t\t\t class=\"block px-4 py-2 text-black border-l-4 border-solid border-transparent hover:border-red-100 transition-all hover:!border-b-0 hover:font-bold\">\nWarum \u00e4ndern sich Rugby Union Quoten?\n<\/a>\n\t\t\t\t\t\t<\/li>\n\t\t\t\t\t\t\t\t\t\t\t<li>\n\t\t\t\t\t\t\t<a href=\"#erkenntnisse-von-betting-com\" data-bt-toc-item=\"erkenntnisse-von-betting-com\"\n\t\t\t\t\t\t\t\t @click=\"show_toc = false\"\n\t\t\t\t\t\t\t\t class=\"block px-4 py-2 text-black border-l-4 border-solid border-transparent hover:border-red-100 transition-all hover:!border-b-0 hover:font-bold\">\nErkenntnisse von Betting.com\n<\/a>\n\t\t\t\t\t\t<\/li>\n\t\t\t\t\t\t\t\t\t<\/ul>\n\t\t\t\t\t\t\t\t\t\t\t<\/div>\n\t\t<\/div>\n\t<\/div>\n\t\t\t\t\t<\/div>\n\t\t\t<\/div>\n\t\t<\/div>\n\t<\/div>\n<\/div>\n\t<\/div>\n<\/div>\n\n","protected":false},"excerpt":{"rendered":"","protected":false},"author":6,"featured_media":493,"parent":899,"menu_order":1000,"comment_status":"closed","ping_status":"closed","template":"","meta":{"footnotes":""},"tags":[],"acf":[],"_links":{"self":[{"href":"https:\/\/betting.com\/de\/wp-json\/wp\/v2\/pages\/86"}],"collection":[{"href":"https:\/\/betting.com\/de\/wp-json\/wp\/v2\/pages"}],"about":[{"href":"https:\/\/betting.com\/de\/wp-json\/wp\/v2\/types\/page"}],"author":[{"embeddable":true,"href":"https:\/\/betting.com\/de\/wp-json\/wp\/v2\/users\/6"}],"replies":[{"embeddable":true,"href":"https:\/\/betting.com\/de\/wp-json\/wp\/v2\/comments?post=86"}],"version-history":[{"count":4,"href":"https:\/\/betting.com\/de\/wp-json\/wp\/v2\/pages\/86\/revisions"}],"predecessor-version":[{"id":6151,"href":"https:\/\/betting.com\/de\/wp-json\/wp\/v2\/pages\/86\/revisions\/6151"}],"up":[{"embeddable":true,"href":"https:\/\/betting.com\/de\/wp-json\/wp\/v2\/pages\/899"}],"wp:featuredmedia":[{"embeddable":true,"href":"https:\/\/betting.com\/de\/wp-json\/wp\/v2\/media\/493"}],"wp:attachment":[{"href":"https:\/\/betting.com\/de\/wp-json\/wp\/v2\/media?parent=86"}],"wp:term":[{"taxonomy":"post_tag","embeddable":true,"href":"https:\/\/betting.com\/de\/wp-json\/wp\/v2\/tags?post=86"}],"curies":[{"name":"wp","href":"https:\/\/api.w.org\/{rel}","templated":true}]}}