{"id":84,"date":"2022-06-15T09:57:25","date_gmt":"2022-06-15T09:57:25","guid":{"rendered":"https:\/\/betting.com\/de\/?page_id=84"},"modified":"2023-08-02T12:31:08","modified_gmt":"2023-08-02T12:31:08","slug":"quoten","status":"publish","type":"page","link":"https:\/\/betting.com\/de\/quoten","title":{"rendered":"Quoten"},"content":{"rendered":"<div class=\" container-white py-8\">\n\t<div class=\"wp-block-container-toc  \">\n\t\t\t<div class=\"bg-white\">\n\t<div class=\"flex flex-col-reverse lg:flex-row lg:gap-8 py-10\">\n\t\t<article class=\"max-w-[960px] flex-grow\" data-bt-content>\n\t\t\t\n<h2 class=\"wp-block-heading\">Quoten f\u00fcr die Heutigen Veranstaltungen vergleichen<\/h2>\n\n\n\n<p>Der Betting.com-Quotenvergleich soll Ihnen dabei helfen, Ihre Wettgewinne zu maximieren, indem Sie Ihre Wetten zu den h\u00f6chsten auf dem Markt verf\u00fcgbaren Quoten abgeben. Unser Quotenvergleich zeigt Ihnen nur ausgew\u00e4hlte und verifizierte Buchmacher an, die \u00fcber alle erforderlichen Spielelizenzen verf\u00fcgen, sodass Sie Ihre Wetten sicher abgeben k\u00f6nnen.<\/p>\n\n\n\n<h2 class=\"wp-block-heading\">Quoten f\u00fcr die heutigen Ereignisse vergleichen<\/h2>\n\n\n\n<p>Der Vergleich von Wettquoten ist ein wesentlicher Bestandteil von Online-Sportwetten, egal ob Sie neu im Bereich der Sportwetten oder ein Veteran auf diesem Gebiet sind. Bei Betting.com stellen wir Ihnen die besten Sportwetten-Quoten auf dem Markt von britischen Buchmachern zur Verf\u00fcgung. Wir erkl\u00e4ren, wie Sportwetten-Quoten funktionieren und wie Sie sie optimal nutzen k\u00f6nnen.&nbsp;<\/p>\n\n\n\n<p>Dazu geh\u00f6rt auch eine \u00dcbersicht \u00fcber die jeweiligen Tools, mit denen Sie Quoten vergleichen k\u00f6nnen, bevor Sie wetten.<\/p>\n\n\n\n<h2 class=\"wp-block-heading\">Was ist ein Quotenvergleich und wie funktioniert er?<\/h2>\n\n\n\n<p>Bevor Sie mit dem Quotenvergleich beginnen, m\u00fcssen Sie verstehen, was Wettquoten sind und wie sie funktionieren. Kurz gesagt: Wettquoten geben Ihnen Informationen \u00fcber den m\u00f6glichen Ausgang eines bestimmten Ereignisses. Die Buchmacher stellen Ihnen Sportwetten-Quoten zur Verf\u00fcgung, nachdem sie die Wetteins\u00e4tze und sportlichen Trends analysiert haben.&nbsp;<\/p>\n\n\n\n<p>Dar\u00fcber hinaus geben Ihnen die Wettquoten eine Vorstellung davon, wie viel Sie erhalten, wenn Ihre Vorhersagen eintreffen. Mit anderen Worten: Sportwetten-Quoten geben Ihnen einen Hinweis darauf, ob eine bestimmte Wette Ihre Zeit wert ist oder nicht.<\/p>\n\n\n\n<h2 class=\"wp-block-heading\">Was bedeutet Quotenvergleich?<\/h2>\n\n\n\n<p>Der Quotenvergleich bedeutet genau das, was er auf der Packung stehen hat. Es ist der Prozess, bei dem die verschiedenen Wettquoten verschiedener Buchmacher gegeneinander verglichen werden. Wie bereits erw\u00e4hnt, geben die meisten Sportwettenanbieter eine Reihe von Wettquoten vor, mit denen die Spieler arbeiten m\u00fcssen, wenn sie ihre Wetten platzieren.<\/p>\n\n\n\n<p>Andere Buchmacher f\u00fchren bessere Untersuchungen durch und kommen zu g\u00fcnstigeren Zahlen als andere. Deshalb werden Sie feststellen, dass die Quoten f\u00fcr Sportwetten von einem Buchmacher zum anderen variieren. Andere Sportwettenanbieter bieten Ihnen die besten Wettquoten, aber nur in ausgew\u00e4hlten M\u00e4rkten.<\/p>\n\n\n\n<p>Ein Buchmacher kann Ihnen zum Beispiel die neuesten Quoten f\u00fcr Fu\u00dfball bieten. Aber Sie werden feststellen, dass die Quoten f\u00fcr Pferderennen sehr zu w\u00fcnschen \u00fcbrig lassen.&nbsp;<\/p>\n\n\n\n<p>Deshalb m\u00fcssen Sie sich nach den besten Wettquoten f\u00fcr Ihre bevorzugte Sportart und M\u00e4rkte umsehen, bevor Sie Ihre Wette platzieren. Gleichzeitig k\u00f6nnen Sie durch den Quotenvergleich den Buchmacher herausfinden, der die besten Quoten f\u00fcr mehrere M\u00e4rkte anbietet. Das ist der Buchmacher, auf den Sie setzen wollen.<\/p>\n\n\t\t<\/article>\n\t\t<div class=\"lg:w-[300px] lg:flex-shrink-0 relative\" x-data=\"{show_toc: false}\">\n\t\t\t<div class=\"lg:sticky lg:top-4 z-30\">\n\t\t\t\t<div class=\"fixed -top-64 left-0 w-full z-50 lg:static transition-all hidden lg:block\" id=\"fixed-toc\">\n\t\t\t\t\t<div>\n\t\t\t\t<div\n\t\t\tclass=\"max-lg:fixed max-lg:top-0 max-lg:left-0 max-lg:w-screen max-lg:h-screen max-lg:bg-gray-70 max-lg:bg-opacity-75 max-lg:hidden\"\n\t\t\t:class=\"{'max-lg:hidden': !show_toc}\"\n\t\t\t@click=\"show_toc = false\"\n\t\t>\n\t\t\t<div class=\"max-lg:absolute max-lg:bottom-0 max-lg:left-0 max-lg:w-screen bg-white lg:bg-transparent\">\n\t\t\t\t\t\t\t\t\t\t\t<\/div>\n\t\t<\/div>\n\t<\/div>\n\t\t\t\t\t<\/div>\n\t\t\t<\/div>\n\t\t<\/div>\n\t<\/div>\n<\/div>\n\t<\/div>\n<\/div>\n\n","protected":false},"excerpt":{"rendered":"","protected":false},"author":6,"featured_media":481,"parent":0,"menu_order":1000,"comment_status":"closed","ping_status":"closed","template":"","meta":{"footnotes":""},"tags":[],"acf":[],"_links":{"self":[{"href":"https:\/\/betting.com\/de\/wp-json\/wp\/v2\/pages\/84"}],"collection":[{"href":"https:\/\/betting.com\/de\/wp-json\/wp\/v2\/pages"}],"about":[{"href":"https:\/\/betting.com\/de\/wp-json\/wp\/v2\/types\/page"}],"author":[{"embeddable":true,"href":"https:\/\/betting.com\/de\/wp-json\/wp\/v2\/users\/6"}],"replies":[{"embeddable":true,"href":"https:\/\/betting.com\/de\/wp-json\/wp\/v2\/comments?post=84"}],"version-history":[{"count":3,"href":"https:\/\/betting.com\/de\/wp-json\/wp\/v2\/pages\/84\/revisions"}],"predecessor-version":[{"id":6150,"href":"https:\/\/betting.com\/de\/wp-json\/wp\/v2\/pages\/84\/revisions\/6150"}],"wp:featuredmedia":[{"embeddable":true,"href":"https:\/\/betting.com\/de\/wp-json\/wp\/v2\/media\/481"}],"wp:attachment":[{"href":"https:\/\/betting.com\/de\/wp-json\/wp\/v2\/media?parent=84"}],"wp:term":[{"taxonomy":"post_tag","embeddable":true,"href":"https:\/\/betting.com\/de\/wp-json\/wp\/v2\/tags?post=84"}],"curies":[{"name":"wp","href":"https:\/\/api.w.org\/{rel}","templated":true}]}}