{"id":82,"date":"2022-06-15T09:47:46","date_gmt":"2022-06-15T09:47:46","guid":{"rendered":"https:\/\/betting.com\/de\/?page_id=82"},"modified":"2023-08-02T12:31:08","modified_gmt":"2023-08-02T12:31:08","slug":"quoten","status":"publish","type":"page","link":"https:\/\/betting.com\/de\/pferderennen\/quoten","title":{"rendered":"Pferderennen Quoten"},"content":{"rendered":"<div class=\" container-white py-8\">\n\t<div class=\"wp-block-container-toc  \">\n\t\t\t<div class=\"bg-white\">\n\t<div class=\"flex flex-col-reverse lg:flex-row lg:gap-8 py-10\">\n\t\t<article class=\"max-w-[960px] flex-grow\" data-bt-content>\n\t\t\t\n<h2 class=\"wp-block-heading\" id=\"pferderennen-wettquoten-fur-die-heutigen-veranstaltungen-vergleichen\">Pferderennen Wettquoten f\u00fcr die Heutigen Veranstaltungen vergleichen<\/h2>\n\n\n\n<p>Hier finden und vergleichen Sie topaktuelle Quoten f\u00fcr die heutigen Pferderennen weltweit. Da die Quoten beim Pferderennen h\u00e4ufig diskutiert und oft missverstanden werden, haben wir einen detaillierten Leitfaden ausgearbeitet, der all Ihre Fragen beantworten soll.&nbsp;<\/p>\n\n\n\n<p>Lesen Sie unsere nachstehenden Ausf\u00fchrungen und finden Sie heraus, wer die Quoten f\u00fcr Pferderennen berechnet, wodurch sie sich \u00e4ndern, wie wichtig der Jockey ist und erfahren Sie viele weitere n\u00fctzliche Informationen \u00fcber Quoten beim Pferderennen.<\/p>\n\n\n\n<h2 class=\"wp-block-heading\" id=\"der-ultimative-crashkurs-fur-pferderennen\">Der ultimative Crashkurs f\u00fcr Pferderennen<\/h2>\n\n\n\n<p>Obwohl von Quotenmachern und H\u00e4ndlern berechnet, werden Pferderennquoten in hohem Ma\u00dfe auch von Expertenbeitr\u00e4gen beeinflusst, zu denen neben Trainern und Rennbeobachtern auch andere mit der Branche verbundene Personen z\u00e4hlen. Dennoch kann man den Jockey, das Pferd und beider Erfolgs- und Erfahrungsgeschichte als die wichtigsten Gr\u00f6\u00dfen eingrenzen, die in die Berechnung von Pferderennquoten einflie\u00dfen.&nbsp;<\/p>\n\n\n\n<p>Eine \u00c4nderung erfolgt dann, wenn ein Pferd beim Galoppieren die geforderte Leistung nicht erbringt, oder wenn sein Trainer wechselt. Achten Sie auf Dinge wie Fl\u00fcche; Sie k\u00f6nnen sich aber ruhig auch an Wettb\u00f6rsen heranwagen, wenn Sie auf der Suche nach etwas Neuem sind.<\/p>\n\n\n\n<p>Wenn es um Sportarten von enormer historischer Bedeutung geht, verzeichnet der Pferderennsport bei weitem nicht gen\u00fcgend Behauptungswetten (Props). Seit den Wagenrennen im alten Rom hat sich viel getan, denn Zeit auf der Pferderennbahn zu verbringen ist f\u00fcr viele Wetter in allen L\u00e4ndern des Commonwealth zu einem beliebten Zeitvertreib geworden.&nbsp;<\/p>\n\n\n\n<p>Als die Bedeutung von Online-Wetten zunahm, begannen Wetter auf die Wissenschaft der Pferderennquoten und deren Auswirkungen auf den Vorgang der Wettabgabe aufmerksam zu werden.<\/p>\n\n\n\n<p>Obwohl heutzutage reichlich aufkl\u00e4rende Quellen bereitstehen, h\u00e4ngt \u00fcber dem Thema Pferderennquoten noch immer eine dicke Wolke der Verwirrung. Das ist genau der Umstand, den wir mit der Zusammenstellung dieses Leitfadens \u00e4ndern wollen.&nbsp;<\/p>\n\n\n\n<p>Um Ihnen zu einem Verst\u00e4ndnis zu verhelfen, wie Pferderennquoten berechnet, verschoben und beobachtet werden, haben wir alle wesentlichen Informationen zu diesem Thema zusammengestellt und diese unserem Expertenteam zur Analyse, Pr\u00fcfung und schlie\u00dflich zur Darstellung \u00fcbergeben. Nach Abschluss der Lekt\u00fcre werden sie feststellen, dass all Ihre Probleme gel\u00f6st und all ihre Fragen beantwortet wurden.<\/p>\n\n\n\n<h2 class=\"wp-block-heading\" id=\"wie-werden-pferderennquoten-uberhaupt-berechnet\">Wie werden Pferderennquoten \u00fcberhaupt berechnet?<\/h2>\n\n\n\n<p>Pferderennquoten sind das Werk von professionellen Quotenmachern. Diese Leute sind ein wesentlicher Bestandteil der gesamten Sportwettenbranche, da ihnen die Aufgabe zuf\u00e4llt, jedes einzelne Rennen, jede Veranstaltung, jedes Pferd und jeden Jockey zu beobachten. All dies dient ihnen als Mittel zur Berechnung von Pferderennquoten auf m\u00f6glichst pr\u00e4zise Art und Weise.&nbsp;<\/p>\n\n\n\n<p>Denken Sie daran: die T\u00e4tigkeit eines Quotenmachers erfordert nicht, dass dieser ein Nostradamus oder etwas \u00c4hnliches ist. Stattdessen m\u00fcssen sie einfach den Wahrscheinlichkeitsbereich eines bestimmten Ergebnisses bestimmen, was sich dann in den eigentlichen Pferderennquoten niederschl\u00e4gt.<\/p>\n\n\n\n<p>In jedes einzelne Rennen wird eine Menge Arbeit investiert, wobei ein Gro\u00dfteil dazu dient, die Schl\u00fcsselvariablen herauszukristallisieren, die in die Berechnung von Pferderennquoten einflie\u00dfen.&nbsp;<\/p>\n\n\n\n<p>Das ist auch der Grund daf\u00fcr, dass es Vergleichsinstrumente f\u00fcr Pferderennquoten gibt &#8211; verschiedene Quotenmacher haben unterschiedliche Meinungen dar\u00fcber, was passieren wird. Selbst wenn es sich dabei nur um winzige Unterschiede handelt, wollen wir bei Betting.com Ihnen helfen, das Meiste aus Ihrem Wetteinsatz zu holen.<\/p>\n\n\n\n<p>In den Tagen vor der Ver\u00f6ffentlichung dieses Schnellkurses hat sich unser Team einige hitzige Debatten geliefert, aber es ist uns gelungen, Einigkeit dar\u00fcber zu erreichen, was die Erstellung von Pferderennquoten angeht. Letzten Endes l\u00e4uft es auf die folgenden Variablen hinaus:<\/p>\n\n\n\n<p><strong>Der Jockey. <\/strong>Rennpferde werden dazu gez\u00fcchtet und geboren, so schnell wie m\u00f6glich zu laufen. Dies ist jedoch kein Grund, die Auswirkungen zu schm\u00e4lern, die ein Jockey auf die Pferderennquoten hat. Diese tapferen M\u00e4nner und Frauen investieren zahllose Stunden, um das meiste aus ihren Pferden herauszuholen. Wenn ein Rennen einen ber\u00fchmten Jockey aufweist, der ein wenig begehrtes Pferd reitet, so k\u00f6nnen die von den Buchmachern bekannt gemachten Pferderennquoten dennoch zu Gunsten dieser Kombination sein. Dies gilt insbesondere dann, wenn der Jockey in der Vergangenheit bereits Erfolge in Situationen verzeichnen konnte, in denen sein Pferd nicht als der eindeutige Favorit galt.<\/p>\n\n\n\n<p><strong>Die Rennbahn selbst.<\/strong> Man k\u00f6nnte meinen, dass die Oberfl\u00e4che jeder Pferderennbahn gleich ist, und da k\u00f6nnte man sogar recht haben. Allerdings sagen manche Rennbahnen manchen Pferden und Jockeys mehr zu als andere. Vor Berechnung der Pferderennquoten ist es daher wichtig, sich die Erfolgs- und Erfahrungsgeschichte jedes Jockeys oder Pferdes auf besagter oder \u00e4hnlichen Rennbahnen anzuschauen, wenn sie ihr Deb\u00fct geben. Dennoch spielt der Standort immer eine gro\u00dfe Rolle bei den Pferderennquoten und wird dies auch immer tun.<\/p>\n\n\n\n<p><strong>Fr\u00fchere Ergebnisse. <\/strong>Die Quoten beim Pferderennen werden stark von der Art und Weise beeinflusst, wie Quotenmacher fr\u00fchere Erfolge sowohl f\u00fcr Pferde als auch f\u00fcr Jockeys wahrnehmen. Selbst wenn es einen besseren Kandidaten f\u00fcr den Gewinn des Rennens gibt, k\u00f6nnen Pferderennquoten durch eine besonders hei\u00dfe Erfolgsstr\u00e4hne eines bestimmten Pferdes beeinflusst werden. Dies ist eine Sportart wie keine andere, daher sind fr\u00fchere Ergebnisse eine gute M\u00f6glichkeit, die Pferderennquoten f\u00fcr jede Veranstaltung zu ermitteln. Die Variablen auf der Rennbahn sind minimal, wodurch diesem Faktor deutlich mehr Bedeutung zukommt.<\/p>\n\n\n\n<p>Pferderennquoten werden immer nach denselben Grundprinzipien ermittelt, unabh\u00e4ngig vom angestrebten Wettformat. Exotische Wetten waren schon immer volatiler, weil so viele Variablen im Spiel sind, insbesondere wenn es sich um Exacta- oder Wheel-Wetten handelt.&nbsp;<\/p>\n\n\n\n<p>Wenn Sie sich f\u00fcr das klassische Win\/Place\/Show-Format interessieren, ist es viel einfacher, die Realisierbarkeit bestimmter Pferderennen zu bestimmen.<\/p>\n\n\n\n<p>Nat\u00fcrlich gibt es weniger konkrete Faktoren, die die Pferderennquoten beeinflussen, aber die oben genannten sind die Basis f\u00fcr alle anderen.&nbsp;<\/p>\n\n\n\n<p>Sie haben das gr\u00f6\u00dfte Gewicht, egal ob Sie nach den heutigen Pferderennen oder den besten Pferderennen f\u00fcr die k\u00fcnftige Verwendung suchen.&nbsp;<\/p>\n\n\n\n<p>Um jedoch das Berechnungsverfahren wirklich zu verstehen, ist es wichtig, dass Sie das Konzept der Quotenbewegung verstehen.<\/p>\n\n\n\n<h2 class=\"wp-block-heading\" id=\"wie-andern-sich-pferderennquoten\">Wie \u00e4ndern sich Pferderennquoten?<\/h2>\n\n\n\n<p>In der Welt der Pferderennen ist eine Quotenbewegung am besten als eine Quoten\u00e4nderung zu definieren. Diese \u00c4nderungen werden von denselben Quotenmachern vorgenommen, die die Pferderennquoten anf\u00e4nglich berechnet haben, und sind meistens das Ergebnis von \u00c4nderungen bei den Schl\u00fcsselfaktoren, die das Ergebnis eines bestimmten Rennens ver\u00e4ndern k\u00f6nnen. Da alle Pferderennquoten ab dem Zeitpunkt ihrer Ver\u00f6ffentlichung \u00fcberwacht werden, erfolgen alle \u00c4nderungen sehr schnell.<\/p>\n\n\n\n<p>Da hohe Quoten oft fallen, ist es wichtig zu wissen, wie sich \u00c4nderungen bei Pferderennquoten vorhergesagen lassen. Obwohl eine solche Prognose nicht mit einer einzigen Methode oder Herangehensweise m\u00f6glich ist, hat unser Betting.com-Team festgestellt, dass die folgenden Faktoren f\u00fcr die \u00c4nderung von Pferderennen von entscheidender Bedeutung sind:<\/p>\n\n\n\n<p><strong>Ein Trainerwechsel. <\/strong>Die meisten guten Pferde haben einen hohen Status erreicht, weil sie die richtigen Trainer haben. Oftmals \u00e4ndern sich Pferderennquoten aufgrund von Ver\u00e4nderungen beim Trainingspersonal, insbesondere wenn ein besonders angesehener Trainer das Team verl\u00e4sst.&nbsp;<\/p>\n\n\n\n<p>Ebenso ist zu bedenken, dass unterschiedliche Trainer unterschiedliche Ans\u00e4tze verfolgen. Selbst der gr\u00f6\u00dfte Favorit kann einige Zeit brauchen, um sich an eine neue Trainingsmethode zu gew\u00f6hnen, ein Umstand, der die Quoten f\u00fcr das gesamte Rennen beeinflussen kann.<\/p>\n\n\n\n<p><strong>Beitr\u00e4ge von Rennbeobachtern.<\/strong> Da die meisten Rennen zu festen Terminen stattfinden, herrscht vor dem gro\u00dfen Tag jede Menge Aufregung.&nbsp;<\/p>\n\n\n\n<p>Rennbeobachter str\u00f6men herbei, um den besten Pferden beim Training zuzusehen und deren gegenw\u00e4rtigen Status herauszufinden. Da diese Experten in der Branche so viel Macht besitzen, kann ihre Meinung die Pferderennquoten entweder f\u00f6rdern oder zunichte machen.&nbsp;<\/p>\n\n\n\n<p>Selbst potenziell eindeutige Gewinner k\u00f6nnen sich in Au\u00dfenseiter verwandeln, wenn negative Kommentare von Beobachtern dazu f\u00fchren, dass die Pferderennquoten fallen. Das Gleiche passiert, wenn ein Au\u00dfenseiter alle \u00fcberrascht &#8211; die Pferderennquoten steigen rapide an und die Wetter k\u00f6nnen ihre Strategie rasch \u00e4ndern.<\/p>\n\n\n\n<p><strong>Trittbrettfahrende Buchmacher.<\/strong> Ob Sie es glauben oder nicht, aber nicht jede Wettseite hat ihren eigenen Quotenmacher, der die Pferderennquoten festlegt.&nbsp;<\/p>\n\n\n\n<p>Stattdessen \u201aleihen\u2018 sich die meisten Sportwettseiten die Pferderennquoten von Buchmachern, die diese fr\u00fch bekanntgeben. Dies kann katastrophale Auswirkungen in Bezug auf sich \u00e4ndernde Quoten haben, da das Abschreiben von fr\u00fchen &#8211; gr\u00f6\u00dftenteils ungenauen &#8211; Quoten, dazu f\u00fchren kann, dass Wetter ein bestimmtes Pferd favorisieren und den Markt mit ihren Wetten verschieben.&nbsp;<\/p>\n\n\n\n<p>Buchmacher beobachten, auf welche Pferderennquoten ihre Kunden abzielen, und sind so in der Lage, ihre anf\u00e4nglichen Gebote anzupassen.<\/p>\n\n\n\n<p>Der Einfluss des Marktes an sich ist in der Welt der Pferderennquoten ausgepr\u00e4gter als anderswo in der Branche. Experten, Kritiker und Trainer k\u00f6nnen durch einen einzigen Kommentar oder eine einzige Meinungs\u00e4u\u00dferung alles ins Wanken bringen.&nbsp;<\/p>\n\n\n\n<p>Ob das gut ist oder nicht, dar\u00fcber l\u00e4sst sich streiten. Trotzdem erfordern Pferderennquoten viel mehr Beobachtung, als dies bei anderen Sportarten der Fall ist.<\/p>\n\n\n\n<p>Um eine Gewinnwette abschlie\u00dfen zu k\u00f6nnen, m\u00fcssen Sie die Nachrichten in Bezug auf ein Rennen, auf das sie setzen wollen, verfolgen, und gleichzeitig diese Kommentare mit den aktuellen Pferderennquoten vergleichen.&nbsp;<\/p>\n\n\n\n<p>Handeln Sie entsprechend, wenn Ihnen dabei irgendwelche Unstimmigkeiten auffallen, oder Sie das Gef\u00fchl haben, dass sich ein bestimmtes Pferd pl\u00f6tzlich als Favorit herausstellen k\u00f6nnte. Pferderennquoten sind unbest\u00e4ndig und erfordern sofortiges Handeln.<\/p>\n\n\n\n<h2 class=\"wp-block-heading\" id=\"erkenntnisse-von-betting-com\">Erkenntnisse von Betting.com<\/h2>\n\n\n\n<p>In der Welt der Pferderennquoten ist es wichtig, so viele Informationen wie m\u00f6glich zu sammeln. Unserem Gef\u00fchl nach sind alle bestehenden Leitf\u00e4den zum Thema Pferderennquoten nur unzureichend mit n\u00fctzlichen Daten und Hinweisen gef\u00fcllt.&nbsp;<\/p>\n\n\n\n<p>Aus diesem Grund haben wir unser Team gebeten, Parallelen zwischen verschiedenen Ereignissen zu ziehen und Ihnen Hinweise zur richtigen Herangehensweise an das Thema Pferderennquoten zu geben. Nun m\u00f6gen einige dieser Hinweise ungew\u00f6hnlich klingen, aber das r\u00fchrt meist daher, dass sie an der Grenze zu dem liegen, was dem Verstand zug\u00e4nglich ist:<\/p>\n\n\n\n<p><strong>Fl\u00fcche.<\/strong> Pferderennquoten an sich stehen schon in enger Verbindung zu verschiedenen Arten von Aberglauben. Da es so schwierig ist, einen eindeutigen Favoriten f\u00fcr jedes Rennen zu bestimmen, sind Liebhaber des Sports inzwischen geradezu fasziniert von Fl\u00fcchen.&nbsp;<\/p>\n\n\n\n<p>Kein anderer Fluch hat die Pferderennquoten mehr beeinflusst als der \u201eFluch des Apollo\u201c. Zu diesem seltsamen Ph\u00e4nomen kam es, als Apollo 1882 das Kentucky Derby durch einen vernichtenden Sieg \u00fcber den 4:5 Favoriten, Runnymede, gewann.&nbsp;<\/p>\n\n\n\n<p>Seit diesem schicksalhaften Tag hat kein Pferd mehr das Rennen gewonnen, dem als Zweij\u00e4hriger noch keine Startgenehmigung f\u00fcr ein Rennen gew\u00e4hrt wurde. Allerdings wurde der Fluch 2018 von Justify gebrochen.<\/p>\n\n\n\n<p><strong>Witterungsverh\u00e4ltnisse.<\/strong> Die Auswirkungen der Witterungsverh\u00e4ltnisse auf Pferderennquoten ist ein Thema, das ungerechtfertigter Weise beiseite geschoben wird. Selbst eine leichte \u00c4nderung der Windrichtung kann dazu f\u00fchren, dass ein Pferd die erwartete Leistung nicht erbringt.&nbsp;<\/p>\n\n\n\n<p>Wetter lieben diese besondere Variable, da sie so unberechenbar ist. Folgen Sie daher dem Wetterbericht vor dem Rennen, einfach nur um zu beobachten, wie die Pferderennquoten sich in dieser Situation verhalten.<\/p>\n\n\n\n<p><strong>Wettb\u00f6rsen.<\/strong> Wenn Sie kein Fan davon sind, die \u00fcblichen Pferderennquoten als Hinweise zu verwenden, k\u00f6nnen Sie auch einer Wettb\u00f6rse beitreten.&nbsp;<\/p>\n\n\n\n<p>Dort werden die Quoten und m\u00f6glichen Auszahlungen von der Geldsumme bestimmt, die durch jeden zusammengetragen wurde, der sich entschlossen hat, auf dieses bestimmte Rennen oder diesen Markt zu wetten. Wir empfehlen Ihnen jedoch, dies erst dann zu tun, wenn Sie wirklich versiert im Analysieren von Pferderennquoten sind.<\/p>\n\n\t\t<\/article>\n\t\t<div class=\"lg:w-[300px] lg:flex-shrink-0 relative\" x-data=\"{show_toc: false}\">\n\t\t\t<div class=\"lg:sticky lg:top-4 z-30\">\n\t\t\t\t<div class=\"fixed -top-64 left-0 w-full z-50 lg:static transition-all hidden lg:block\" id=\"fixed-toc\">\n\t\t\t\t\t<div>\n\t\t\t\t<div class=\"border-b border-solid border-gray-30 text-lg font-bold lg:pt-7 max-lg:px-4 py-3 flex items-center justify-between bg-white lg:bg-transparent\">\n\t\t\tWas gibt es auf dieser Seite\n\t\t\t<button @click=\"show_toc = true\" class=\"btn btn-red-outline-white block lg:hidden\">Jump to<\/button>\n\t\t<\/div>\n\t\t\t\t<div\n\t\t\tclass=\"max-lg:fixed max-lg:top-0 max-lg:left-0 max-lg:w-screen max-lg:h-screen max-lg:bg-gray-70 max-lg:bg-opacity-75 max-lg:hidden\"\n\t\t\t:class=\"{'max-lg:hidden': !show_toc}\"\n\t\t\t@click=\"show_toc = false\"\n\t\t>\n\t\t\t<div class=\"max-lg:absolute max-lg:bottom-0 max-lg:left-0 max-lg:w-screen bg-white lg:bg-transparent\">\n\t\t\t\t\t\t\t\t<div class=\"flex lg:hidden items-center justify-between mx-4 border-b border-solid border-gray-30 pt-6 pb-2 font-bold\">\n\n\t\t\t\t\tAuf dieser Seite\n\t\t\t\t\t<button @click=\"show_toc = false\">\n\t\t\t\t\t\t<svg class=\"w-5 h-5 text-gray-100\" xmlns=\"http:\/\/www.w3.org\/2000\/svg\" fill=\"none\" stroke=\"currentColor\" stroke-width=\"1.5\" class=\"w-6 h-6\" viewBox=\"0 0 24 24\"><path stroke-linecap=\"round\" stroke-linejoin=\"round\" d=\"M6 18 18 6M6 6l12 12\"\/><\/svg>\t\t\t\t\t<\/button>\n\t\t\t\t<\/div>\n\t\t\t\t<ul id=\"toc\" class=\"mt-5 max-h-[85vh] overflow-y-auto list-none bt-scrollbars\">\n\n\t\t\t\t\t\t\t\t\t\t\t<li>\n\t\t\t\t\t\t\t<a href=\"#pferderennen-wettquoten-fur-die-heutigen-veranstaltungen-vergleichen\" data-bt-toc-item=\"pferderennen-wettquoten-fur-die-heutigen-veranstaltungen-vergleichen\"\n\t\t\t\t\t\t\t\t @click=\"show_toc = false\"\n\t\t\t\t\t\t\t\t class=\"block px-4 py-2 text-black border-l-4 border-solid border-transparent hover:border-red-100 transition-all hover:!border-b-0 hover:font-bold\">\nPferderennen Wettquoten f\u00fcr die Heutigen Veranstaltungen vergleichen\n<\/a>\n\t\t\t\t\t\t<\/li>\n\t\t\t\t\t\t\t\t\t\t\t<li>\n\t\t\t\t\t\t\t<a href=\"#der-ultimative-crashkurs-fur-pferderennen\" data-bt-toc-item=\"der-ultimative-crashkurs-fur-pferderennen\"\n\t\t\t\t\t\t\t\t @click=\"show_toc = false\"\n\t\t\t\t\t\t\t\t class=\"block px-4 py-2 text-black border-l-4 border-solid border-transparent hover:border-red-100 transition-all hover:!border-b-0 hover:font-bold\">\nDer ultimative Crashkurs f\u00fcr Pferderennen\n<\/a>\n\t\t\t\t\t\t<\/li>\n\t\t\t\t\t\t\t\t\t\t\t<li>\n\t\t\t\t\t\t\t<a href=\"#wie-werden-pferderennquoten-uberhaupt-berechnet\" data-bt-toc-item=\"wie-werden-pferderennquoten-uberhaupt-berechnet\"\n\t\t\t\t\t\t\t\t @click=\"show_toc = false\"\n\t\t\t\t\t\t\t\t class=\"block px-4 py-2 text-black border-l-4 border-solid border-transparent hover:border-red-100 transition-all hover:!border-b-0 hover:font-bold\">\nWie werden Pferderennquoten \u00fcberhaupt berechnet?\n<\/a>\n\t\t\t\t\t\t<\/li>\n\t\t\t\t\t\t\t\t\t\t\t<li>\n\t\t\t\t\t\t\t<a href=\"#wie-andern-sich-pferderennquoten\" data-bt-toc-item=\"wie-andern-sich-pferderennquoten\"\n\t\t\t\t\t\t\t\t @click=\"show_toc = false\"\n\t\t\t\t\t\t\t\t class=\"block px-4 py-2 text-black border-l-4 border-solid border-transparent hover:border-red-100 transition-all hover:!border-b-0 hover:font-bold\">\nWie \u00e4ndern sich Pferderennquoten?\n<\/a>\n\t\t\t\t\t\t<\/li>\n\t\t\t\t\t\t\t\t\t\t\t<li>\n\t\t\t\t\t\t\t<a href=\"#erkenntnisse-von-betting-com\" data-bt-toc-item=\"erkenntnisse-von-betting-com\"\n\t\t\t\t\t\t\t\t @click=\"show_toc = false\"\n\t\t\t\t\t\t\t\t class=\"block px-4 py-2 text-black border-l-4 border-solid border-transparent hover:border-red-100 transition-all hover:!border-b-0 hover:font-bold\">\nErkenntnisse von Betting.com\n<\/a>\n\t\t\t\t\t\t<\/li>\n\t\t\t\t\t\t\t\t\t<\/ul>\n\t\t\t\t\t\t\t\t\t\t\t<\/div>\n\t\t<\/div>\n\t<\/div>\n\t\t\t\t\t<\/div>\n\t\t\t<\/div>\n\t\t<\/div>\n\t<\/div>\n<\/div>\n\t<\/div>\n<\/div>\n\n","protected":false},"excerpt":{"rendered":"","protected":false},"author":6,"featured_media":420,"parent":1017,"menu_order":1000,"comment_status":"closed","ping_status":"closed","template":"","meta":{"footnotes":""},"tags":[],"acf":[],"_links":{"self":[{"href":"https:\/\/betting.com\/de\/wp-json\/wp\/v2\/pages\/82"}],"collection":[{"href":"https:\/\/betting.com\/de\/wp-json\/wp\/v2\/pages"}],"about":[{"href":"https:\/\/betting.com\/de\/wp-json\/wp\/v2\/types\/page"}],"author":[{"embeddable":true,"href":"https:\/\/betting.com\/de\/wp-json\/wp\/v2\/users\/6"}],"replies":[{"embeddable":true,"href":"https:\/\/betting.com\/de\/wp-json\/wp\/v2\/comments?post=82"}],"version-history":[{"count":4,"href":"https:\/\/betting.com\/de\/wp-json\/wp\/v2\/pages\/82\/revisions"}],"predecessor-version":[{"id":6149,"href":"https:\/\/betting.com\/de\/wp-json\/wp\/v2\/pages\/82\/revisions\/6149"}],"up":[{"embeddable":true,"href":"https:\/\/betting.com\/de\/wp-json\/wp\/v2\/pages\/1017"}],"wp:featuredmedia":[{"embeddable":true,"href":"https:\/\/betting.com\/de\/wp-json\/wp\/v2\/media\/420"}],"wp:attachment":[{"href":"https:\/\/betting.com\/de\/wp-json\/wp\/v2\/media?parent=82"}],"wp:term":[{"taxonomy":"post_tag","embeddable":true,"href":"https:\/\/betting.com\/de\/wp-json\/wp\/v2\/tags?post=82"}],"curies":[{"name":"wp","href":"https:\/\/api.w.org\/{rel}","templated":true}]}}