{"id":79,"date":"2022-06-15T09:39:09","date_gmt":"2022-06-15T09:39:09","guid":{"rendered":"https:\/\/betting.com\/de\/?page_id=79"},"modified":"2023-08-02T12:31:08","modified_gmt":"2023-08-02T12:31:08","slug":"qouten","status":"publish","type":"page","link":"https:\/\/betting.com\/de\/fussball\/qouten","title":{"rendered":"Fussball Qouten"},"content":{"rendered":"<div class=\" container-white py-8\">\n\t<div class=\"wp-block-container-toc  \">\n\t\t\t<div class=\"bg-white\">\n\t<div class=\"flex flex-col-reverse lg:flex-row lg:gap-8 py-10\">\n\t\t<article class=\"max-w-[960px] flex-grow\" data-bt-content>\n\t\t\t\n<h2 class=\"wp-block-heading\" id=\"fussball-wettquoten-fur-die-heutigen-veranstaltungen-vergleiche\">Fu\u00dfball Wettquoten f\u00fcr die heutigen veranstaltungen vergleiche<\/h2>\n\n\n\n<p>Fu\u00dfballquoten werden nie wirklich so verstanden, wie es der Fall sein sollte, haupts\u00e4chlich aufgrund der immensen Anzahl an Variablen im Spiel. Sie werden von Quotenmachern berechnet, die sich bem\u00fchen, jeden einzelnen Faktor zu ber\u00fccksichtigen, der den Ausgang eines Spiels beeinflussen kann.&nbsp;<\/p>\n\n\n\n<p>In einigen F\u00e4llen ber\u00fccksichtigen selbst die Besten in diesem Gesch\u00e4ft einige der konkreten Faktoren nicht. Diese Variablen f\u00fchren dazu, dass sich die Fu\u00dfballquoten \u00e4ndern. Dies sollte Ihnen ein klareres Bild davon geben, wie Sie die besten M\u00e4rkte finden und welche M\u00e4rkte Sie meiden sollten.<\/p>\n\n\n\n<h2 class=\"wp-block-heading\" id=\"der-ultimative-leitfaden-zu-fussballquote\">Der ultimative Leitfaden zu Fussballquote<\/h2>\n\n\n\n<p>Hier finden und vergleichen Sie topaktuelle Quoten f\u00fcr die heutigen Fu\u00dfballspiele weltweit. Da die Quoten beim Fu\u00dfball h\u00e4ufig diskutiert und oft missverstanden werden, haben wir einen detaillierten Leitfaden ausgearbeitet, der all Ihre Fragen beantworten soll. Lesen Sie unsere nachstehenden Ausf\u00fchrungen und finden Sie heraus, wie die Fu\u00dfballquoten berechnet werden, wie Sie sie optimal nutzen k\u00f6nnen und erhalten nat\u00fcrlich von unserem Team erstellte Erkenntnisse, die Ihnen helfen, Ihre Wettperformance zu verbessern.<\/p>\n\n\n\n<p>Fu\u00dfballwetten sind sowohl abh\u00e4ngig von Ihrem Wissen als auch von den Quoten, bei denen Sie Ihr Geld setzen. Die Informationen, \u00fcber die Sie verf\u00fcgen, sind nur dann wertvoll, wenn Sie sie richtig nutzen k\u00f6nnen. Deshalb ist es wichtig, die bestm\u00f6glichen Fu\u00dfballquoten zu ermitteln. Bei jeder richtigen Wette, den Sie abgegeben, steigt das Guthaben Ihrer Bankroll deutlich an. Um langfristig von Ihren Wettscheinen zu profitieren, m\u00fcssen Sie die Grundlage daf\u00fcr verstehen, wie Quoten funktionieren.<\/p>\n\n\n\n<p>Das Wesen von Fu\u00dfballquoten und ihre Berechnung sind genau die Gr\u00fcnde, warum wir uns entschlossen haben, diesen Leitfaden zu erstellen. In den folgenden Abschnitten erfahren Sie, wie Sie feststellen k\u00f6nnen, ob ein Angebot zu gut ist, um wahr zu sein, und wie Sie sich den richtigen Wettschein zusammenstellen. Au\u00dferdem erhalten Sie einige exklusive Erkenntnisse vom Betting.com-Team.<\/p>\n\n\n\n<h2 class=\"wp-block-heading\" id=\"wie-werden-fussballqouten-berechnet\">Wie werden Fussballqouten berechnet?&nbsp;<\/h2>\n\n\n\n<p>Die Fu\u00dfballquoten werden von Quotenmachern berechnet, von Profis, die \u00fcber ausreichende Kenntnisse des Spiels verf\u00fcgen und die in der Lage sind zu bestimmen, wie lukrativ eine Auszahlung f\u00fcr Wetten auf jedes Ergebnis sein sollte. Die Quoten werden \u00fcblicherweise zwei bis drei Wochen vor einem Spiel bekannt gegeben. Sie fragen sich vielleicht &#8211; warum werden Fu\u00dfballquoten so sp\u00e4t berechnet, wenn wir bereits wissen, wer gegen wen spielt? Hier kommen einige Gr\u00fcnde ins Spiel:<\/p>\n\n\n\n<ul><li><strong>Die vorherige Saison ist keine gute statistische Grundlage f\u00fcr die Ergebnisse dieser Saison<\/strong>. Obwohl das starke Ergebnis eines Teams in den letzten Spielen bedeuten kann, dass es diesen Erfolg auch in der n\u00e4chsten Saison wiederholen kann, gibt es daf\u00fcr keine Garantien. Fu\u00dfball-Wettquoten k\u00f6nnen durch eine solche \u00dcberlegenheit beeinflusst werden, aber jede Mannschaft kann zusammenbrechen, insbesondere aus unkonkreten Gr\u00fcnden (dazu sp\u00e4ter mehr).<\/li><\/ul>\n\n\n\n<ul><li><strong>Es geschehen durchaus saisonale Wunder.<\/strong> Erinnern Sie sich, als Leicester den Premier League-Pokal 2015\/16 mit nach Hause nahm? Vor der Saison standen die Quoten daf\u00fcr bei 4000\/1, ob Sie es glauben oder nicht. F\u00e4lle wie diese zeigen uns, dass Fu\u00dfballquoten nicht alles vorhersagen k\u00f6nnen. Eine erfolgreiche Str\u00e4hne oder ein Leistungseinbruch kann die Landschaft einer Liga ver\u00e4ndern, bevor Sie \u00fcberhaupt wissen, was los ist.<\/li><\/ul>\n\n\n\n<ul><li><strong>Die Form<\/strong> beeinflusst die Fu\u00dfballquoten mehr als Sie denken. Um die Instrumente f\u00fcr den Vergleich von Fu\u00dfballquoten nutzen zu k\u00f6nnen, ist es wichtig, die Form zu verstehen. Wenn ein Team hervorragend spielt, gibt es allen Grund zu der Annahme, dass es seine Form auch weiterhin halten wird. Auf der anderen Seite f\u00e4llt eine schlechte Mannschaft durch eine Reihe von glanzlosen Spielen in ein Loch, das exponentiell immer tiefer wird.<\/li><\/ul>\n\n\n\n<p>Es gibt keine M\u00f6glichkeit, die Fu\u00dfballquoten f\u00fcr ein Spiel zu berechnen. Jeder Quotenmacher hat seine eigene Herangehensweise an die Situationen, wobei einige Variablen auf einigen Wettsites eine gr\u00f6\u00dfere Rolle spielen als auf anderen. Aus diesem Grund ist es wichtig, die Instrumente von Betting.com zu nutzen. Wenn Sie so wollen, k\u00f6nnen Sie aufgrund unterschiedlicher Berechnungen der Fu\u00dfballquoten f\u00fcr dasselbe Spiel mehr Geld f\u00fcr dasselbe Ma\u00df an \u201eHellsicht\u201c erhalten.<\/p>\n\n\n\n<h2 class=\"wp-block-heading\" id=\"wie-andern-sich-fussballquoten\">Wie \u00e4ndern sich Fussballquoten?<\/h2>\n\n\n\n<p>Die Fu\u00dfballquoten \u00e4ndern sich bzw. sie \u201ebewegen sich\u201c, wie wir oft umgangssprachlich sagen, wenn etwas geschieht, das die Chancen einer oder beider Mannschaften stark beeinflusst.&nbsp;<\/p>\n\n\n\n<p>Nachdem die Quoten 14 bis 20 Tage vor dem Spiel ver\u00f6ffentlicht werden, werden sie von den Quotenmachern nicht einfach ignoriert. Stattdessen werden alle von den Quotenmachern ver\u00f6ffentlichten Fu\u00dfballquoten \u00fcberwacht und mit den Informationen, die f\u00fcr das jeweilige Spiel verf\u00fcgbar sind, verglichen.<\/p>\n\n\n\n<p>Sobald sie bemerken, dass etwas die Wahrscheinlichkeiten beeinflusst, \u00e4ndern sie die Quoten dahingehend, dass diese das, was auf dem Spielfeld passieren k\u00f6nnte, korrekt widerspiegeln. Fu\u00dfballquoten \u00e4ndern sich im Allgemeinen aufgrund der folgenden Faktoren:<\/p>\n\n\n\n<p><strong>Verletzungen<\/strong>. Jede Mannschaft spielt am besten, wenn man sich auf alle Spieler gleicherma\u00dfen verlassen kann, oder? Nat\u00fcrlich. Aus diesem Grund kann die Verletzung eines wichtigen K\u00f6rperteils die Hoffnungen einer Mannschaft auf den Sieg zunichte machen und dazu f\u00fchren, dass sich die Fu\u00dfballquoten \u00e4ndern. Dies wird am deutlichsten, wenn ein wichtiger St\u00fcrmer oder Innenverteilidger ausf\u00e4llt, da die gesamte Angriffs- bzw. Verteidigungslinie der Mannschaft von ihm abh\u00e4ngt.<\/p>\n\n\n\n<p><strong>Interne Querelen<\/strong>. Wenn Sie nach den Fu\u00dfballquoten von heute suchen, m\u00fcssen Sie \u00fcber den Verletzungsbericht hinaus sehen. Zwar missbilligt die Fu\u00dfball-Wett-Community normalerweise die Verwendung von unkonkrete Faktoren als Prognosehilfen, sie sind jedoch ebenso wichtig wie die Statistik. Wenn eine Mannschaft mit ihrem Trainer nicht zufrieden ist, besteht eine hohe Wahrscheinlichkeit, dass sie absichtlich verliert, nur um den Trainer abzus\u00e4gen. Quotenmacher z\u00f6gern normalerweise, ihre Fu\u00dfballquoten auf Berichte \u00fcber interne Querelen zu st\u00fctzen. Dies ist also eine gro\u00dfartige M\u00f6glichkeit, zus\u00e4tzliche Gewinne zu erzielen.<\/p>\n\n\n\n<p><strong>Die Umst\u00e4nde des Spiels<\/strong>. Die besten Fu\u00dfballquoten zu erzielen bedeutet oft, sich \u00fcber die Umst\u00e4nde des jeweiligen Spiels zu informieren. Wenn zwei Mannschaften aufeinander treffen, ist es wichtig, \u00fcber das hinauszusehen, was auf dem Papier steht. Zum Beispiel ist ein Spiel zwischen Juventus und Brescia nicht immer gleich.&nbsp;<\/p>\n\n\n\n<p>Zu Beginn der Saison kann Brescia leicht von der st\u00e4rkeren \u201ealten Dame\u201c \u00fcbertroffen werden. Wenn Brescia jedoch ein Abstiegskandidat ist und sp\u00e4t in der Saison noch mindestens einen Punkt ben\u00f6tigt, kann man mit einer \u00dcberraschung rechnen. Fu\u00dfballquoten spiegeln dies oft wider, aber halt nicht immer.<\/p>\n\n\n\n<p>Transfers.Spieler, die zu neuen Mannschaften sto\u00dfen oder entsprechend Mannschaften verlassen, stellen direkt nach Ablauf des Transferzeitraums eine wichtige Variable dar.&nbsp;<\/p>\n\n\n\n<p>Die Fu\u00dfballquoten \u00e4ndern sich definitiv, wenn es einem bestimmten Kader gelingt, seine erste 11 zu st\u00e4rken, oder in geringerem Ma\u00dfe, wenn er seine Bank mit einigen soliden Spielern \u201eaufpeppt\u201c. Sie sollten auch beobachten, wie die Fu\u00dfballquoten davon beeinflusst werden, wie ein Spieler in eine neue Umgebung passt \u2013 oder eben nicht<\/p>\n\n\n\n<p>Fu\u00dfballquoten k\u00f6nnen sich auch aufgrund von Wetterbedingungen, Massenverboten und anderen, geringf\u00fcgigeren Faktoren \u00e4ndern. Um stets die absolut besten Fu\u00dfballquoten zu erzielen, ist es wichtig, dass Sie die Nachrichten verfolgen. Mit jeder Information, die Sie erfassen und analysieren, k\u00f6nnen Sie bei bestimmten Fu\u00dfballquoten effektiv zwischen Fakt und Fiktion unterscheiden.<\/p>\n\n\n\n<p>Letztendlich ist Erfahrung vonn\u00f6ten, um Ihr Wissen \u00fcber Fu\u00dfballquoten zu verbessern. Je intensiver Sie die Nachrichten verfolgen, desto besser k\u00f6nnen Sie die richtigen Erg\u00e4nzungen f\u00fcr Ihre Akku-Wetten finden.<\/p>\n\n\n\n<h2 class=\"wp-block-heading\" id=\"erkenntnisse-von-betting-com\">Erkenntnisse von Betting.com&nbsp;<\/h2>\n\n\n\n<p>Die Fu\u00dfballquoten sind oft unbest\u00e4ndig, daher ben\u00f6tigen Sie jede Hilfe, die Sie bekommen k\u00f6nnen. Mit einigen besonderen Erkenntnissen unserer Teammitglieder werden Sie die Bedeutung einer jeden Variablen sowie deren Pr\u00e4valenz in bestimmten Situationen besser verstehen. Au\u00dferdem spiegeln Fu\u00dfballquoten oft nicht die ganze Geschichte wider. Diese F\u00e4lle sind hervorragende Beispiele:<\/p>\n\n\n\n<p><strong>Achten Sie auf lokale Derbys<\/strong>. Selbst wenn eine Mannschaft ein Au\u00dfenseiter ist, wird sie sicherlich ihr Bestes geben, um die Rivalen in die Schranken zu verweisen und ihre \u00dcberlegenheit in der Region zu demonstrieren.<\/p>\n\n\n\n<p>Selbst die besten Fu\u00dfballquoten k\u00f6nnen nicht die volle Bedeutung dieser kulturell wichtigen Zusammentreffen widerspiegeln. Daher finden Sie hier die profitabelsten Gelegenheiten.<\/p>\n\n\n\n<p><strong>Die Form kann t\u00e4uschen<\/strong>, wenn die Spielstile der jeweiligen Mannschaften unterschiedlich sind. Wenn beispielsweise zwei Mannschaften in hervorragender Form aufeinandertreffen, spiegeln die Fu\u00dfballquoten m\u00f6glicherweise nicht immer die Unterschiede zwischen ihren Spielstilen wider. Angenommen, Manchester United hat sieben Spiele in Folge gewonnen, k\u00f6nnte aber durchaus gegen eine Mannschaft verlieren, f\u00fcr deren Taktik sie nicht ger\u00fcstet sind. Wenn Sie die Fu\u00dfballquoten beobachten, k\u00f6nnen Sie sich auch \u00fcber Taktiken informieren, um zu sehen, was geschehen k\u00f6nnte.<\/p>\n\n\n\n<p><strong>Verletzungsanf\u00e4llige Spieler<\/strong> beeinflussen die Fu\u00dfballquoten so stark, dass sie zum schlimmsten Albtraum eines Buchmachers geworden sind. \u00dcberpr\u00fcfen Sie, nachdem die Quotenmachern die Fu\u00dfballquoten f\u00fcr ein bestimmtes Spiel ver\u00f6ffentlicht haben, ob es verletzungsanf\u00e4llige Fu\u00dfballer in den jeweiligen Mannschaften gibt.&nbsp;<\/p>\n\n\n\n<p>Wenn sie f\u00fcr das Team wichtig sind, besteht eine hohe Wahrscheinlichkeit, dass die meisten Buchmacher die Fu\u00dfballquoten \u00e4ndern, wenn sich diese Spieler erneut verletzen.<\/p>\n\n\n\n<p>Wir haben diese Erkenntnisse geteilt, um Ihnen zu helfen zu verstehen, dass Fu\u00dfballquoten sehr umst\u00e4ndlich sind, unabh\u00e4ngig davon, wie geschickt Buchmacher und Quotenmacher wirklich sind. Es gilt viel mehr zu beachten als die offensichtlichen Faktoren.&nbsp;<\/p>\n\n\n\n<p>Zwar bem\u00fchen wir bei Betting.com uns, Ihnen die besten Instrumente zur Verf\u00fcgung zu stellen, um die idealen Fu\u00dfballquoten f\u00fcr Sie zu finden, dieses zus\u00e4tzliche Wissen kann Ihnen jedoch helfen, diese Instrumente auch in vollem Umfang zu nutzen.<\/p>\n\n\n\n<h2 class=\"wp-block-heading\" id=\"hohe-oder-niedrige-fussballquoten-welche-sollten-sie-wahlen\">Hohe oder niedrige Fussballquoten &#8211; Welche sollten sie w\u00e4hlen?<\/h2>\n\n\n\n<p>Sowohl niedrige als auch hohe Fu\u00dfballquoten haben ihre Vorteile. Durch hohe Quoten erh\u00f6hen sich Ihre Gewinne erheblich, die Ergebnisse sind jedoch zumeist weniger wahrscheinlich, als Sie m\u00f6chten.&nbsp;<\/p>\n\n\n\n<p>Deshalb sollten Sie Ihren Wettschein oder Ihre Akku-Wetten immer auf niedrige Fu\u00dfballquoten st\u00fctzen. Auf diese Weise m\u00fcssen Sie sich keine Sorgen machen, dass Ihr gesamtes Prognoseschema unsicher ist.<\/p>\n\n\n\n<p>Anstatt sich auf eine Art von Fu\u00dfballquoten zu konzentrieren, sollten Sie stets Kombinationen w\u00e4hlen. Sie sollten Ihren Wettschein so ausf\u00fcllen, dass 40-60 % auf niedrigen Fu\u00dfballquoten im Bereich von 1,5-2,0 basiert.<\/p>\n\n\n\n<h2 class=\"wp-block-heading\" id=\"woher-weiss-man-welche-markte-die-besten-fussballquoten-habe\">Woher weiss man, welche M\u00e4rkte die besten Fussballquoten habe?<\/h2>\n\n\n\n<p>Die besten Fu\u00dfballquoten gibt es normalerweise auf M\u00e4rkten, die vorkommen k\u00f6nnen, halt nur nicht so oft. \u201e\u00dcber 4-5 Tore\u201c-M\u00e4rkte bieten einige der besten Fu\u00dfballquoten, vor allem, weil solche Umst\u00e4nde selten in Form eines Musters auftreten. Auch \u201eProps\u201c eignen sich hervorragend f\u00fcr hohe Fu\u00dfballquoten, insbesondere wenn Sie gern \u00fcber den Tellerrand hinwegsehen und gelegentlich gern etwas Verr\u00fccktes tun.<\/p>\n\n\n\n<p>Alles in allem sollten Sie sich darauf konzentrieren, die Stabilit\u00e4t Ihres Wettscheins aufrechtzuerhalten und niedrige Fu\u00dfballquoten als Grundlage f\u00fcr Ihren Wettschein zu nutzen. Aufregung ist jedoch eine wichtige Facette beim Abgeben von Wetten. Daher ben\u00f6tigen Sie von Zeit zu Zeit hohe Fu\u00dfballquoten, um einige Akku-Wetten mit hohen Gewinnen einzustreichen.<\/p>\n\n\n\n<h2 class=\"wp-block-heading\" id=\"welche-fussballquoten-sollten-sie-vermeiden\">Welche Fussballquoten sollten sie vermeiden?<\/h2>\n\n\n\n<p>Die einzigen Fu\u00dfballquoten, die Sie vermeiden sollten, sind jene, die zu riskant oder einfach zu gut sind, um wahr zu sein. Obwohl wir uns einig sind, dass wir immer Wetten platzieren sollten, bei denen wir einen Mehrwert sehen, sollten wir gelegentlich vorsichtig sein, wenn es einen gro\u00dfen Fehler bei den Quoten zu geben scheint.&nbsp;<\/p>\n\n\n\n<p>Kurz gesagt: Sie k\u00f6nnen dies nur feststellen, wenn Sie verfolgen, was in den Tagen vor dem Spiel passiert, oder wenn Sie einen komplett datengesteuerten Prognosealgorithmus eingerichtet haben, dem Sie voll und ganz vertrauen.&nbsp;<\/p>\n\n\n\n<p>Zu wissen, wie Sie unn\u00f6tige Risiken oder unfundierte Fu\u00dfballquoten vermeiden k\u00f6nnen, ist vielleicht der wichtigste Teil, um Ihr Bankroll-Management zu perfektionieren und langfristig mit Ihren Sportwetten erfolgreich zu sein.<\/p>\n\n\t\t<\/article>\n\t\t<div class=\"lg:w-[300px] lg:flex-shrink-0 relative\" x-data=\"{show_toc: false}\">\n\t\t\t<div class=\"lg:sticky lg:top-4 z-30\">\n\t\t\t\t<div class=\"fixed -top-64 left-0 w-full z-50 lg:static transition-all hidden lg:block\" id=\"fixed-toc\">\n\t\t\t\t\t<div>\n\t\t\t\t<div class=\"border-b border-solid border-gray-30 text-lg font-bold lg:pt-7 max-lg:px-4 py-3 flex items-center justify-between bg-white lg:bg-transparent\">\n\t\t\tWas gibt es auf dieser Seite\n\t\t\t<button @click=\"show_toc = true\" class=\"btn btn-red-outline-white block lg:hidden\">Jump to<\/button>\n\t\t<\/div>\n\t\t\t\t<div\n\t\t\tclass=\"max-lg:fixed max-lg:top-0 max-lg:left-0 max-lg:w-screen max-lg:h-screen max-lg:bg-gray-70 max-lg:bg-opacity-75 max-lg:hidden\"\n\t\t\t:class=\"{'max-lg:hidden': !show_toc}\"\n\t\t\t@click=\"show_toc = false\"\n\t\t>\n\t\t\t<div class=\"max-lg:absolute max-lg:bottom-0 max-lg:left-0 max-lg:w-screen bg-white lg:bg-transparent\">\n\t\t\t\t\t\t\t\t<div class=\"flex lg:hidden items-center justify-between mx-4 border-b border-solid border-gray-30 pt-6 pb-2 font-bold\">\n\n\t\t\t\t\tAuf dieser Seite\n\t\t\t\t\t<button @click=\"show_toc = false\">\n\t\t\t\t\t\t<svg class=\"w-5 h-5 text-gray-100\" xmlns=\"http:\/\/www.w3.org\/2000\/svg\" fill=\"none\" stroke=\"currentColor\" stroke-width=\"1.5\" class=\"w-6 h-6\" viewBox=\"0 0 24 24\"><path stroke-linecap=\"round\" stroke-linejoin=\"round\" d=\"M6 18 18 6M6 6l12 12\"\/><\/svg>\t\t\t\t\t<\/button>\n\t\t\t\t<\/div>\n\t\t\t\t<ul id=\"toc\" class=\"mt-5 max-h-[85vh] overflow-y-auto list-none bt-scrollbars\">\n\n\t\t\t\t\t\t\t\t\t\t\t<li>\n\t\t\t\t\t\t\t<a href=\"#fussball-wettquoten-fur-die-heutigen-veranstaltungen-vergleiche\" data-bt-toc-item=\"fussball-wettquoten-fur-die-heutigen-veranstaltungen-vergleiche\"\n\t\t\t\t\t\t\t\t @click=\"show_toc = false\"\n\t\t\t\t\t\t\t\t class=\"block px-4 py-2 text-black border-l-4 border-solid border-transparent hover:border-red-100 transition-all hover:!border-b-0 hover:font-bold\">\nFu\u00dfball Wettquoten f\u00fcr die heutigen veranstaltungen vergleiche\n<\/a>\n\t\t\t\t\t\t<\/li>\n\t\t\t\t\t\t\t\t\t\t\t<li>\n\t\t\t\t\t\t\t<a href=\"#der-ultimative-leitfaden-zu-fussballquote\" data-bt-toc-item=\"der-ultimative-leitfaden-zu-fussballquote\"\n\t\t\t\t\t\t\t\t @click=\"show_toc = false\"\n\t\t\t\t\t\t\t\t class=\"block px-4 py-2 text-black border-l-4 border-solid border-transparent hover:border-red-100 transition-all hover:!border-b-0 hover:font-bold\">\nDer ultimative Leitfaden zu Fussballquote\n<\/a>\n\t\t\t\t\t\t<\/li>\n\t\t\t\t\t\t\t\t\t\t\t<li>\n\t\t\t\t\t\t\t<a href=\"#wie-werden-fussballqouten-berechnet\" data-bt-toc-item=\"wie-werden-fussballqouten-berechnet\"\n\t\t\t\t\t\t\t\t @click=\"show_toc = false\"\n\t\t\t\t\t\t\t\t class=\"block px-4 py-2 text-black border-l-4 border-solid border-transparent hover:border-red-100 transition-all hover:!border-b-0 hover:font-bold\">\nWie werden Fussballqouten berechnet?&nbsp;\n<\/a>\n\t\t\t\t\t\t<\/li>\n\t\t\t\t\t\t\t\t\t\t\t<li>\n\t\t\t\t\t\t\t<a href=\"#wie-andern-sich-fussballquoten\" data-bt-toc-item=\"wie-andern-sich-fussballquoten\"\n\t\t\t\t\t\t\t\t @click=\"show_toc = false\"\n\t\t\t\t\t\t\t\t class=\"block px-4 py-2 text-black border-l-4 border-solid border-transparent hover:border-red-100 transition-all hover:!border-b-0 hover:font-bold\">\nWie \u00e4ndern sich Fussballquoten?\n<\/a>\n\t\t\t\t\t\t<\/li>\n\t\t\t\t\t\t\t\t\t\t\t<li>\n\t\t\t\t\t\t\t<a href=\"#erkenntnisse-von-betting-com\" data-bt-toc-item=\"erkenntnisse-von-betting-com\"\n\t\t\t\t\t\t\t\t @click=\"show_toc = false\"\n\t\t\t\t\t\t\t\t class=\"block px-4 py-2 text-black border-l-4 border-solid border-transparent hover:border-red-100 transition-all hover:!border-b-0 hover:font-bold\">\nErkenntnisse von Betting.com&nbsp;\n<\/a>\n\t\t\t\t\t\t<\/li>\n\t\t\t\t\t\t\t\t\t\t\t<li>\n\t\t\t\t\t\t\t<a href=\"#hohe-oder-niedrige-fussballquoten-welche-sollten-sie-wahlen\" data-bt-toc-item=\"hohe-oder-niedrige-fussballquoten-welche-sollten-sie-wahlen\"\n\t\t\t\t\t\t\t\t @click=\"show_toc = false\"\n\t\t\t\t\t\t\t\t class=\"block px-4 py-2 text-black border-l-4 border-solid border-transparent hover:border-red-100 transition-all hover:!border-b-0 hover:font-bold\">\nHohe oder niedrige Fussballquoten &#8211; Welche sollten sie w\u00e4hlen?\n<\/a>\n\t\t\t\t\t\t<\/li>\n\t\t\t\t\t\t\t\t\t\t\t<li>\n\t\t\t\t\t\t\t<a href=\"#woher-weiss-man-welche-markte-die-besten-fussballquoten-habe\" data-bt-toc-item=\"woher-weiss-man-welche-markte-die-besten-fussballquoten-habe\"\n\t\t\t\t\t\t\t\t @click=\"show_toc = false\"\n\t\t\t\t\t\t\t\t class=\"block px-4 py-2 text-black border-l-4 border-solid border-transparent hover:border-red-100 transition-all hover:!border-b-0 hover:font-bold\">\nWoher weiss man, welche M\u00e4rkte die besten Fussballquoten habe?\n<\/a>\n\t\t\t\t\t\t<\/li>\n\t\t\t\t\t\t\t\t\t\t\t<li>\n\t\t\t\t\t\t\t<a href=\"#welche-fussballquoten-sollten-sie-vermeiden\" data-bt-toc-item=\"welche-fussballquoten-sollten-sie-vermeiden\"\n\t\t\t\t\t\t\t\t @click=\"show_toc = false\"\n\t\t\t\t\t\t\t\t class=\"block px-4 py-2 text-black border-l-4 border-solid border-transparent hover:border-red-100 transition-all hover:!border-b-0 hover:font-bold\">\nWelche Fussballquoten sollten sie vermeiden?\n<\/a>\n\t\t\t\t\t\t<\/li>\n\t\t\t\t\t\t\t\t\t<\/ul>\n\t\t\t\t\t\t\t\t\t\t\t<\/div>\n\t\t<\/div>\n\t<\/div>\n\t\t\t\t\t<\/div>\n\t\t\t<\/div>\n\t\t<\/div>\n\t<\/div>\n<\/div>\n\t<\/div>\n<\/div>\n\n","protected":false},"excerpt":{"rendered":"","protected":false},"author":6,"featured_media":492,"parent":1013,"menu_order":1000,"comment_status":"closed","ping_status":"closed","template":"","meta":{"footnotes":""},"tags":[],"acf":[],"_links":{"self":[{"href":"https:\/\/betting.com\/de\/wp-json\/wp\/v2\/pages\/79"}],"collection":[{"href":"https:\/\/betting.com\/de\/wp-json\/wp\/v2\/pages"}],"about":[{"href":"https:\/\/betting.com\/de\/wp-json\/wp\/v2\/types\/page"}],"author":[{"embeddable":true,"href":"https:\/\/betting.com\/de\/wp-json\/wp\/v2\/users\/6"}],"replies":[{"embeddable":true,"href":"https:\/\/betting.com\/de\/wp-json\/wp\/v2\/comments?post=79"}],"version-history":[{"count":4,"href":"https:\/\/betting.com\/de\/wp-json\/wp\/v2\/pages\/79\/revisions"}],"predecessor-version":[{"id":6148,"href":"https:\/\/betting.com\/de\/wp-json\/wp\/v2\/pages\/79\/revisions\/6148"}],"up":[{"embeddable":true,"href":"https:\/\/betting.com\/de\/wp-json\/wp\/v2\/pages\/1013"}],"wp:featuredmedia":[{"embeddable":true,"href":"https:\/\/betting.com\/de\/wp-json\/wp\/v2\/media\/492"}],"wp:attachment":[{"href":"https:\/\/betting.com\/de\/wp-json\/wp\/v2\/media?parent=79"}],"wp:term":[{"taxonomy":"post_tag","embeddable":true,"href":"https:\/\/betting.com\/de\/wp-json\/wp\/v2\/tags?post=79"}],"curies":[{"name":"wp","href":"https:\/\/api.w.org\/{rel}","templated":true}]}}