{"id":77,"date":"2022-06-15T09:32:07","date_gmt":"2022-06-15T09:32:07","guid":{"rendered":"https:\/\/betting.com\/de\/?page_id=77"},"modified":"2023-08-02T12:31:08","modified_gmt":"2023-08-02T12:31:08","slug":"quoten","status":"publish","type":"page","link":"https:\/\/betting.com\/de\/esports\/quoten","title":{"rendered":"eSport-Quoten"},"content":{"rendered":"<div class=\" container-white py-8\">\n\t<div class=\"wp-block-container-toc  \">\n\t\t\t<div class=\"bg-white\">\n\t<div class=\"flex flex-col-reverse lg:flex-row lg:gap-8 py-10\">\n\t\t<article class=\"max-w-[960px] flex-grow\" data-bt-content>\n\t\t\t\n<h2 class=\"wp-block-heading\" id=\"esports-wettquoten-fur-die-heutigen-veranstaltung-vergleichen\">eSports Wettquoten f\u00fcr die Heutigen Veranstaltung vergleichen<\/h2>\n\n\n\n<p>eSports-Quoten waren schon immer schwer zu berechnen, da sich nur wenige auf bestimmte Spiele spezialisiert haben. Dennoch gibt es gemeinsame Faktoren, die Ihnen helfen k\u00f6nnen, etwas \u00fcber spielspezifische Variablen zu lernen. Ein wichtiger Teil des Verst\u00e4ndnisses von eSports-Quoten besteht darin, zu untersuchen, wie sie sich bewegen, w\u00e4hrend Sie gleichzeitig Ihr logisches Denken mit statistischen Daten st\u00e4rken.&nbsp;<\/p>\n\n\n\n<p>Sobald Sie die Grundlagen beherrschen, k\u00f6nnen Sie Ihre Vorlieben erweitern und den gesamten Wettprozess viel angenehmer gestalten. Es mag viel Arbeit erfordern, aber es gibt keinen Grund, warum Sie eSports-Wetten keine Chance geben sollten<\/p>\n\n\n\n<p>eSports-Quoten waren schon immer schwer zu berechnen, da sich nur wenige auf bestimmte Spiele spezialisiert haben. Dennoch gibt es gemeinsame Faktoren, die Ihnen helfen k\u00f6nnen, etwas \u00fcber spielspezifische Variablen zu lernen.&nbsp;<\/p>\n\n\n\n<p>Ein wichtiger Teil des Verst\u00e4ndnisses von eSports-Quoten besteht darin, zu untersuchen, wie sie sich bewegen, w\u00e4hrend Sie gleichzeitig Ihr logisches Denken mit statistischen Daten st\u00e4rken.&nbsp;<\/p>\n\n\n\n<p>Sobald Sie die Grundlagen beherrschen, k\u00f6nnen Sie Ihre Vorlieben erweitern und den gesamten Wettprozess viel angenehmer gestalten. Es mag viel Arbeit erfordern, aber es gibt keinen Grund, warum Sie eSports-Wetten keine Chance geben sollten<\/p>\n\n\n\n<h2 class=\"wp-block-heading\" id=\"die-funktionsweise-von-esport-quoten-verstehen\">Die Funktionsweise von eSport-Quoten verstehen<\/h2>\n\n\n\n<p>Vor langer Zeit waren eSports-Quoten ein Begriff, der nur verwendet wurde, wenn es in den fr\u00fchen 2000er Jahren um kleine illegale Buchmacher ging. Gegen Ende des Jahrzehnts wurden PCs und Konsolen zug\u00e4nglicher und deutlich g\u00fcnstiger, und eSports (kurz f\u00fcr Electronic Sports) wurden zu einem legitimen Beruf.&nbsp;<\/p>\n\n\n\n<p>Die Zeiten des freizeitm\u00e4\u00dfigen Spielens sind schon lange vorbei. Die Besten der Besten hatten die gr\u00f6\u00dften Turniere im Blick und die Buchmacher begannen, regelm\u00e4\u00dfig eSport-Quoten auszugeben.<\/p>\n\n\n\n<p>W\u00e4hrend eSports-Quoten selbst f\u00fcr Traditionalisten sicherlich verlockend genug sind, um ihnen eine Chance zu geben, k\u00f6nnen sie jedoch manchmal auch verwirrend sein. Wir bei Betting.com waren der Meinung, dass jeder Wetter die Chance haben sollte, die besten eSport-Quoten zu finden.&nbsp;<\/p>\n\n\n\n<p>Daher war es f\u00fcr uns eine Selbstverst\u00e4ndlichkeit, diesen Leitfaden zu erstellen. Darin finden Sie alles, was Sie \u00fcber diese unglaubliche Sportwetten-Nische brauchen, sowie einige exklusive Erkenntnisse unseres Expertenteams.<\/p>\n\n\n\n<h2 class=\"wp-block-heading\" id=\"wie-werden-esports-quoten-berechnet\">Wie werden eSports-Quoten berechnet?<\/h2>\n\n\n\n<p>eSports-Quoten werden, wie Quoten f\u00fcr jede andere Sportart auch, von professionellen Quotenmachern berechnet und ver\u00f6ffentlicht. Der eSports-Quotenbereich eines einzelnen Buchmachers ist jedoch h\u00f6chstwahrscheinlich das Ergebnis mehrerer Quotenmacher, die sich zusammengetan haben, da es sich nicht um eine einzelne Sportart handelt. Da \u201eeSports\u201c ein \u00dcberbegriff f\u00fcr alle interaktiven steuerbaren Videoinhalte ist, umfasst er eine Vielzahl von Spielen mit unterschiedlichen Regeln,&nbsp;<\/p>\n\n\n\n<p>Fantasiewelten und so ziemlich allem anderen. Daher ist die Berechnung der eSport-Quoten von Anfang an eine Herausforderung, vor allem aufgrund der vielen verschiedenen M\u00e4rkte.<\/p>\n\n\n\n<p>Dies bedeutet nicht, dass die eSport-Quoten von Natur aus fehlerhaft sind, aber es kann zu Situationen kommen, in denen es schwierig ist, eine genaue Sch\u00e4tzung zu erhalten, sodass Sie einige potenziell sehr lukrative Quoten auf Ihrem Wettschein haben. Um eSports-Wettquoten komplett zu verstehen, ist es am besten, die entsprechenden Variablen in zwei Kategorien zu unterteilen.<\/p>\n\n\n\n<ul><li>Allgemeine Wettkampfvariablen<\/li><li>Spielspezifische Variablen<\/li><\/ul>\n\n\n\n<p>Alle eSport-Quoten h\u00e4ngen von allgemeinen Wettbewerbsvariablen ab, damit eine maximale Anzahl an M\u00e4rkten festgelegt werden kann. Sie dienen als Grundlage und beziehen sich auf Wetten wie darauf, wer gewinnt, wer zuerst das Ziel erreicht, wer den ersten Kill\/das erste Tor erzielt usw. Was die eSport-Quoten angeht, so sind diese die wahrscheinlich am besten verifizierten Quoten mit der gr\u00f6\u00dften Abdeckung aller f\u00fcr ein Spiel verf\u00fcgbaren M\u00e4rkte.<\/p>\n\n\n\n<p>Was spielspezifische Variablen anbelangt, sind sie die unbest\u00e4ndigsten. Selbst wenn Buchmacher eSport-Quoten f\u00fcr diese detailbasierten M\u00e4rkte anbieten, erfolgen sie in Form von ungef\u00e4hren Sch\u00e4tzungen.&nbsp;<\/p>\n\n\n\n<p>Dies liegt daran, dass es sehr schwierig ist, die genaue Wahrscheinlichkeit eines Ereignisses zu bestimmen, insbesondere bei Ego-Shootern, wie Call of Duty oder Counter Strike: Global Offensive.&nbsp;<\/p>\n\n\n\n<p>Die eSport-Quoten f\u00fcr diese M\u00e4rkte weisen eine gro\u00dfe Differenz auf und k\u00f6nnen so eine sch\u00f6ne Erg\u00e4nzung zu Ihrem Wettschein darstellen. Das hei\u00dft, wenn Sie sich auskennen. Alternativ k\u00f6nnen Sie sich zur\u00fccklehnen, entspannen und einem eSport-Tipster folgen, der sich \u00fcber alles im Klaren ist, was man wissen muss.<\/p>\n\n\n\n<p>Um sich richtig auf ein oder zwei Spiele konzentrieren zu k\u00f6nnen, ist es wichtig zu verstehen, wie die eSport-Quoten f\u00fcr die g\u00e4ngigeren M\u00e4rkte berechnet werden. Wir werden nicht auf alle beliebten Spiele eingehen, aber unser Team von Betting.com hat es geschafft, die Faktoren zusammenzufassen, die alle Spiele gemeinsam haben:<\/p>\n\n\n\n<p><strong>Teamzusammenhalt<\/strong>. Wenn wir \u00fcber eSport-Quoten f\u00fcr Multiplayer-Spiele sprechen, ist es wichtig sich anzusehen, wie die einzelnen Spieler als Team zusammenarbeiten. In League of Legends kann ein Spieler ein Superstar sein, aber er oder sie wird zugrunde gehen, wenn ihn seine Teamkollegen nicht in jeder Situation effektiv unterst\u00fctzen k\u00f6nnen.&nbsp;<\/p>\n\n\n\n<p>Ehrlich gesagt sind nicht alle eSport-Quoten von dieser Variablen betroffen, was die Analyse so unterhaltsam macht. Bei Ego-Shootern, wie CS: GO, kann ein einzelner Spieler durch seine hervorragende Platzierung, seine Strategie und seine Perspektive ein ganzes Team ausschalten.&nbsp;<\/p>\n\n\n\n<p>Bevor Sie die besten eSport-Quoten auf Ihren Wettschein aufnehmen, sollten Sie \u00fcber die Bedeutung von Teamarbeit bei diesem Spiel nachdenken.<\/p>\n\n\n\n<p><strong>Aktuelle Form.<\/strong> Wenn Sie ein Spieler\/Team im Wettbewerb sind, sagt die Art und Weise, wie Sie k\u00fcrzlich gespielt haben, viel \u00fcber die Wahrscheinlichkeit aus, ob Sie sich einen weiteren Sieg holen werden oder nicht. Die eSport-Gewinnchancen spiegeln dies sehr gut wider, da besonders erfolgreiche Spieler\/Teams fr\u00fchzeitig erkannt werden.&nbsp;<\/p>\n\n\n\n<p>Wenn Sie keine gro\u00dfen Turniere, wie die DOTA 2-Weltmeisterschaft, abdecken m\u00f6chten, k\u00f6nnen Sie die heutigen eSport-Quoten f\u00fcr einige weniger begehrte Wettbewerbe leicht finden und die mangelnde Zuverl\u00e4ssigkeit genie\u00dfen.&nbsp;<\/p>\n\n\n\n<p>Weniger Recherchen und Analysen auf den unteren R\u00e4ngen bedeutet, dass Sie dort tats\u00e4chlich hohe Gewinne einfahren k\u00f6nnen. Bei einigen eSport-Quoten wird die Form nicht einmal als wichtigen Faktor angesehen.<\/p>\n\n\n\n<p><strong>Erfahrung mit gro\u00dfen Spielen.<\/strong> Manchmal m\u00f6chten Sie eSports-Quotenvergleichsinstrumente nur anwenden, um bessere Einblicke in die wichtigsten Showdowns zu erhalten. Das ist in Ordnung, denn ehrlich gesagt ist es langweilig, auf Zahlen zu setzen, anstatt dies einfach zur reinen Unterhaltung zu wetten.&nbsp;<\/p>\n\n\n\n<p>\u00dcberpr\u00fcfen Sie bei der Analyse eines bestimmten Markts, wie es beiden Spielern\/Mannschaften in \u00e4hnlichen Situationen ergangen ist. Halten sie dem Druck nicht stand? Hatten sie k\u00fcrzlich ein Comeback? Aus all dem ergeben sich die eSport-Gewinnquoten bei nahezu jedem Spiel.<\/p>\n\n\n\n<p><strong>Spielstil(e).<\/strong>In jedem Spiel entwickeln Top-Profis ihre eigenen Spielstile. In der NBA 2K League gibt es Mannschaften, die offensiver spielen, w\u00e4hrend andere sich auf den Schutz der Farbe konzentrieren. Die eSport-Quoten f\u00fcr die gr\u00f6\u00dften Wettbewerbe ber\u00fccksichtigen, wie zwei Mannschaften gegeneinander antreten. Bei anderen Wettbewerben ist dies jedoch meistens nicht der Fall. Wenn Sie sich fr\u00fchere Streams und Highlights eines Spielers\/einer Mannschaft ansehen, wissen Sie, wie Sie gute eSport-Quoten finden.<\/p>\n\n\n\n<p>Der n\u00e4chste Schritt, nachdem Sie wissen, wie Sie diese Faktoren genau bestimmen k\u00f6nnen, ist die Beherrschung der eSport-Quoten. Da so viele Spiele im Wettbewerb gespielt werden, m\u00fcssen Sie maximal drei Titel finden (aus Gr\u00fcnden der Vielfalt aus verschiedenen Genres) und Ihr Wissen auf eSport-Quoten anwenden, die sich auf weniger begehrte M\u00e4rkte f\u00fcr diese Spiele konzentrieren.<\/p>\n\n\n\n<h2 class=\"wp-block-heading\" id=\"wie-andern-sich-esports-quoten\">Wie \u00e4ndern sich eSports-Quoten?<\/h2>\n\n\n\n<p>Die eSport-Quoten \u00e4ndern sich, wenn sich die implizite Wahrscheinlichkeit eines bestimmten Ergebnisses durch ein wichtiges oder weniger wichtiges Ereignis \u00e4ndert. Diese Ereignisse k\u00f6nnen sich auf einzelne Spieler, Wettbewerbe, Spielaktualisierungen und eine Vielzahl anderer Dinge beziehen, die f\u00fcr ein bestimmtes Spiel relevant sind.&nbsp;<\/p>\n\n\n\n<p>Die meisten Quotenmacher f\u00fcr eSport-Quoten ver\u00f6ffentlichen ihre Linien und M\u00e4rkte 2-3 Wochen vor den Spielen. In der Zeit vor dem Spiel verfolgen sie jeden Markt genau und nehmen \u00c4nderungen an den Linien vor, wenn etwas Bedeutendes passiert.<\/p>\n\n\n\n<p>Die Sache ist die, dass verschiedene Buchmacher von verschiedenen Quotenmachern beliefert werden, was dazu f\u00fchrt, dass die eSport-Quoten von Site zu Site sichtbar unterschiedlich sind. Diese Meinungen sind allesamt davon abh\u00e4ngig, was jeder Quotenmacher f\u00fcr einen w\u00fcrdigen Grund f\u00fcr einen Transfer h\u00e4lt oder welche Art von Software er verwendet.&nbsp;<\/p>\n\n\n\n<p>Wir bei Betting.com gehen den Dingen immer gern auf den Grund, und die eSport-Quoten sind da nicht anders. Aus diesem Grund haben wir mehr als 20 Titel mit Querverweisen versehen und festgestellt, dass die wichtigsten Ursachen f\u00fcr die Bewegung der eSport-Quoten folgende sind:<\/p>\n\n\n\n<p>Es wurde eine Schw\u00e4che gefunden. Bei gro\u00dfen Turnieren werden die eSport-Quoten unter die Lupe genommen, da alles ein gro\u00dfer Test f\u00fcr das Team\/den Spieler ist. In der Anfangsphase des Wettbewerbs k\u00f6nnen Schw\u00e4chen auftreten. Diese werden jedoch im Handumdrehen sowohl von Fans als auch von Experten gefunden und die eSport-Quoten werden umgehend entsprechend ge\u00e4ndert.<\/p>\n\n\n\n<p>Comebacks in den letzten Spielen. Ob Sie es glauben oder nicht, wenn bekannt ist, dass eine Mannschaft ab und zu Comebacks schafft, spiegelt die eSport-Quote diese Tendenz wider.&nbsp;<\/p>\n\n\n\n<p>Quotenmacher werden feststellen, wie gut Teams in der Lage sind, schnell aus der Gosse herauszukommen, sodass aufgrund dieses besonderen Faktors Bewegungen sichtbar sind. Sie sollten jedoch nur eSport-Quoten ausw\u00e4hlen, die todsichere Fehler sind, da Comebacks buchst\u00e4blich jeden Moment stattfinden k\u00f6nnen.<\/p>\n\n\n\n<p>Erg\u00e4nzungen und Abfahrten. eSports-Teams sind in den letzten Jahren zu legitimen Unternehmen geworden, mit Spielern, die lukrative Vertr\u00e4ge haben. Die eSport-Quoten spiegeln h\u00e4ufig die Gr\u00f6\u00dfe dieser Art von Markt wider, da sie schnell ge\u00e4ndert werden, wenn es bei einer Mannschaft zu Ver\u00e4nderungen bei der Spieleraufstellung kommt.&nbsp;<\/p>\n\n\n\n<p>Sogar legend\u00e4re Mannschaften, wie Fnatic, haben Anzeichen von Schw\u00e4che gezeigt, als sie eine gr\u00f6\u00dfere Mannschafts\u00e4nderung vorgenommen hatten. Verfolgen Sie die Nachrichten und Sie werden wissen, inwiefern sich diese \u00c4nderungen auf die eSport-Gewinnchancen auswirken.<\/p>\n\n\n\n<p>Nat\u00fcrlich sind auch eSport-Quoten von spielspezifischen \u00c4nderungen betroffen. Solche Dinge geschehen heutzutage jedoch selten, vor allem, weil viele Publisher und Entwickler Bedenken haben, die Community mit zu \u201eaggressiven\u201c Ver\u00e4nderungen zu \u201eschockieren\u201c. Verfolgen Sie bei jedem Spiel die Entwicklungen und Sie k\u00f6nnen die besten eSport-Quoten auf dem Markt ermitteln.<\/p>\n\n\n\n<h2 class=\"wp-block-heading\" id=\"erkenntnisse-von-betting-com\">Erkenntnisse von Betting.com<\/h2>\n\n\n\n<p>Da eSports-Quoten eine so gro\u00dfe Nische darstellen, m\u00fcssen Sie sich intensiv und umfassend informieren, wenn Sie Ihre Bankroll verbessern und die richtigen Entscheidungen treffen m\u00f6chten. Um Ihnen bei der Auswahl einer bestimmten eSport-Nische oder eines bestimmten Spiels zu helfen, haben wir f\u00fcr Sie eine Liste mit wichtigen Hinweisen zusammengestellt:<\/p>\n\n\n\n<p>Stellen Sie sicher, dass Sie \u00fcber das Spiel, auf das Sie wetten, Bescheid wissen. Gute eSport-Quoten sind nutzlos, wenn Sie nicht wissen, wie Sie sie anwenden. Aus diesem Grund sollten Sie geduldig sein, sich in Online-Handb\u00fcchern informieren und lernen, wie eSport-Quoten berechnet werden.<\/p>\n\n\n\n<p>W\u00e4hlen Sie f\u00fcr Live-Wetten Ego-Shooter. Die besten eSport-Quoten finden Sie bei Spielen mit vielen verr\u00fcckten Features und einem Comeback. Lassen Sie sich von der Ungewissheit nicht entmutigen \u2013 nehmen Sie sie stattdessen an.<\/p>\n\n\n\n<p>Z\u00f6gern Sie nicht, eSport-Quoten mit traditionellen Sportarten zu kombinieren. Denken Sie daran: Bei Sportwetten geht es nur ums Gewinnen, und Sie m\u00fcssen sicherstellen, dass dies geschieht. Nutzen Sie Ihr gesamtes Wissen \u00fcber Fu\u00dfball und Basketball, w\u00e4hrend Sie Ihre Wetttscheine mit den eSports-Quoten von Betting.com vervollst\u00e4ndigen.<\/p>\n\n\n\n<p>Wetten Sie anfangs moderat. Da eSports-Quoten so einfach falsch zu berechnen sind, werden die meisten Spieler mitgerissen und geben dann zu viel Geld f\u00fcr Wetten aus. Haben Sie immer ein Budget und wetten Sie nicht, um Ziele zu erreichen. Es geht im Grunde darum, aus einem Loch herauszukommen, ohne sich darum zu k\u00fcmmern, welche eSport-Quoten Sie verwenden.<\/p>\n\n\t\t<\/article>\n\t\t<div class=\"lg:w-[300px] lg:flex-shrink-0 relative\" x-data=\"{show_toc: false}\">\n\t\t\t<div class=\"lg:sticky lg:top-4 z-30\">\n\t\t\t\t<div class=\"fixed -top-64 left-0 w-full z-50 lg:static transition-all hidden lg:block\" id=\"fixed-toc\">\n\t\t\t\t\t<div>\n\t\t\t\t<div class=\"border-b border-solid border-gray-30 text-lg font-bold lg:pt-7 max-lg:px-4 py-3 flex items-center justify-between bg-white lg:bg-transparent\">\n\t\t\tWas gibt es auf dieser Seite\n\t\t\t<button @click=\"show_toc = true\" class=\"btn btn-red-outline-white block lg:hidden\">Jump to<\/button>\n\t\t<\/div>\n\t\t\t\t<div\n\t\t\tclass=\"max-lg:fixed max-lg:top-0 max-lg:left-0 max-lg:w-screen max-lg:h-screen max-lg:bg-gray-70 max-lg:bg-opacity-75 max-lg:hidden\"\n\t\t\t:class=\"{'max-lg:hidden': !show_toc}\"\n\t\t\t@click=\"show_toc = false\"\n\t\t>\n\t\t\t<div class=\"max-lg:absolute max-lg:bottom-0 max-lg:left-0 max-lg:w-screen bg-white lg:bg-transparent\">\n\t\t\t\t\t\t\t\t<div class=\"flex lg:hidden items-center justify-between mx-4 border-b border-solid border-gray-30 pt-6 pb-2 font-bold\">\n\n\t\t\t\t\tAuf dieser Seite\n\t\t\t\t\t<button @click=\"show_toc = false\">\n\t\t\t\t\t\t<svg class=\"w-5 h-5 text-gray-100\" xmlns=\"http:\/\/www.w3.org\/2000\/svg\" fill=\"none\" stroke=\"currentColor\" stroke-width=\"1.5\" class=\"w-6 h-6\" viewBox=\"0 0 24 24\"><path stroke-linecap=\"round\" stroke-linejoin=\"round\" d=\"M6 18 18 6M6 6l12 12\"\/><\/svg>\t\t\t\t\t<\/button>\n\t\t\t\t<\/div>\n\t\t\t\t<ul id=\"toc\" class=\"mt-5 max-h-[85vh] overflow-y-auto list-none bt-scrollbars\">\n\n\t\t\t\t\t\t\t\t\t\t\t<li>\n\t\t\t\t\t\t\t<a href=\"#esports-wettquoten-fur-die-heutigen-veranstaltung-vergleichen\" data-bt-toc-item=\"esports-wettquoten-fur-die-heutigen-veranstaltung-vergleichen\"\n\t\t\t\t\t\t\t\t @click=\"show_toc = false\"\n\t\t\t\t\t\t\t\t class=\"block px-4 py-2 text-black border-l-4 border-solid border-transparent hover:border-red-100 transition-all hover:!border-b-0 hover:font-bold\">\neSports Wettquoten f\u00fcr die Heutigen Veranstaltung vergleichen\n<\/a>\n\t\t\t\t\t\t<\/li>\n\t\t\t\t\t\t\t\t\t\t\t<li>\n\t\t\t\t\t\t\t<a href=\"#die-funktionsweise-von-esport-quoten-verstehen\" data-bt-toc-item=\"die-funktionsweise-von-esport-quoten-verstehen\"\n\t\t\t\t\t\t\t\t @click=\"show_toc = false\"\n\t\t\t\t\t\t\t\t class=\"block px-4 py-2 text-black border-l-4 border-solid border-transparent hover:border-red-100 transition-all hover:!border-b-0 hover:font-bold\">\nDie Funktionsweise von eSport-Quoten verstehen\n<\/a>\n\t\t\t\t\t\t<\/li>\n\t\t\t\t\t\t\t\t\t\t\t<li>\n\t\t\t\t\t\t\t<a href=\"#wie-werden-esports-quoten-berechnet\" data-bt-toc-item=\"wie-werden-esports-quoten-berechnet\"\n\t\t\t\t\t\t\t\t @click=\"show_toc = false\"\n\t\t\t\t\t\t\t\t class=\"block px-4 py-2 text-black border-l-4 border-solid border-transparent hover:border-red-100 transition-all hover:!border-b-0 hover:font-bold\">\nWie werden eSports-Quoten berechnet?\n<\/a>\n\t\t\t\t\t\t<\/li>\n\t\t\t\t\t\t\t\t\t\t\t<li>\n\t\t\t\t\t\t\t<a href=\"#wie-andern-sich-esports-quoten\" data-bt-toc-item=\"wie-andern-sich-esports-quoten\"\n\t\t\t\t\t\t\t\t @click=\"show_toc = false\"\n\t\t\t\t\t\t\t\t class=\"block px-4 py-2 text-black border-l-4 border-solid border-transparent hover:border-red-100 transition-all hover:!border-b-0 hover:font-bold\">\nWie \u00e4ndern sich eSports-Quoten?\n<\/a>\n\t\t\t\t\t\t<\/li>\n\t\t\t\t\t\t\t\t\t\t\t<li>\n\t\t\t\t\t\t\t<a href=\"#erkenntnisse-von-betting-com\" data-bt-toc-item=\"erkenntnisse-von-betting-com\"\n\t\t\t\t\t\t\t\t @click=\"show_toc = false\"\n\t\t\t\t\t\t\t\t class=\"block px-4 py-2 text-black border-l-4 border-solid border-transparent hover:border-red-100 transition-all hover:!border-b-0 hover:font-bold\">\nErkenntnisse von Betting.com\n<\/a>\n\t\t\t\t\t\t<\/li>\n\t\t\t\t\t\t\t\t\t<\/ul>\n\t\t\t\t\t\t\t\t\t\t\t<\/div>\n\t\t<\/div>\n\t<\/div>\n\t\t\t\t\t<\/div>\n\t\t\t<\/div>\n\t\t<\/div>\n\t<\/div>\n<\/div>\n\t<\/div>\n<\/div>\n\n","protected":false},"excerpt":{"rendered":"","protected":false},"author":6,"featured_media":462,"parent":1009,"menu_order":1000,"comment_status":"closed","ping_status":"closed","template":"","meta":{"footnotes":""},"tags":[],"acf":[],"_links":{"self":[{"href":"https:\/\/betting.com\/de\/wp-json\/wp\/v2\/pages\/77"}],"collection":[{"href":"https:\/\/betting.com\/de\/wp-json\/wp\/v2\/pages"}],"about":[{"href":"https:\/\/betting.com\/de\/wp-json\/wp\/v2\/types\/page"}],"author":[{"embeddable":true,"href":"https:\/\/betting.com\/de\/wp-json\/wp\/v2\/users\/6"}],"replies":[{"embeddable":true,"href":"https:\/\/betting.com\/de\/wp-json\/wp\/v2\/comments?post=77"}],"version-history":[{"count":4,"href":"https:\/\/betting.com\/de\/wp-json\/wp\/v2\/pages\/77\/revisions"}],"predecessor-version":[{"id":6147,"href":"https:\/\/betting.com\/de\/wp-json\/wp\/v2\/pages\/77\/revisions\/6147"}],"up":[{"embeddable":true,"href":"https:\/\/betting.com\/de\/wp-json\/wp\/v2\/pages\/1009"}],"wp:featuredmedia":[{"embeddable":true,"href":"https:\/\/betting.com\/de\/wp-json\/wp\/v2\/media\/462"}],"wp:attachment":[{"href":"https:\/\/betting.com\/de\/wp-json\/wp\/v2\/media?parent=77"}],"wp:term":[{"taxonomy":"post_tag","embeddable":true,"href":"https:\/\/betting.com\/de\/wp-json\/wp\/v2\/tags?post=77"}],"curies":[{"name":"wp","href":"https:\/\/api.w.org\/{rel}","templated":true}]}}