{"id":75,"date":"2022-06-15T09:22:02","date_gmt":"2022-06-15T09:22:02","guid":{"rendered":"https:\/\/betting.com\/de\/?page_id=75"},"modified":"2023-08-02T12:31:08","modified_gmt":"2023-08-02T12:31:08","slug":"quoten","status":"publish","type":"page","link":"https:\/\/betting.com\/de\/eishockey\/quoten","title":{"rendered":"Eishockey Quoten"},"content":{"rendered":"<div class=\" container-white py-8\">\n\t<div class=\"wp-block-container-toc  \">\n\t\t\t<div class=\"bg-white\">\n\t<div class=\"flex flex-col-reverse lg:flex-row lg:gap-8 py-10\">\n\t\t<article class=\"max-w-[960px] flex-grow\" data-bt-content>\n\t\t\t\n<h2 class=\"wp-block-heading\" id=\"eishockey-wettquoten-fur-die-heutigen-veranstaltungen-vergleichen\">Eishockey Wettquoten f\u00fcr die Heutigen veranstaltungen vergleichen<\/h2>\n\n\n\n<p>Finden und vergleichen Sie die aktuellsten Wettquoten im Eishockey. Weil es sich um eine ungew\u00f6hnliche Sportart handelt, werden Eishockeyquoten oft falsch verstanden. Variable Gr\u00f6\u00dfen wie z.B. die Qualit\u00e4ten des Torh\u00fcters, aber auch die Strafen, beeinflussen das Spiel auf ihre ganz eigene Weise.&nbsp;<\/p>\n\n\n\n<p>Eishockeyquoten \u00e4ndern sich haupts\u00e4chlich aufgrund von taktischen Ver\u00e4nderungen, Verletzungen und dem Verlauf vergangener Power Plays (\u00dcberzahlspiele). Selbst wenn dies nicht an allen Tagen so ist, werden Quoten doch auch von solchen Faktoren wie der Qualit\u00e4t der heimischen Fangemeinde und der Mannschaftschemie beeinflusst. Wenn Ihnen alle diese Bausteine zur Verf\u00fcgung stehen, sehen Sie pl\u00f6tzlich das Puzzle in seiner Gesamtheit vor sich.<\/p>\n\n\n\n<h2 class=\"wp-block-heading\" id=\"wie-man-eishockeyquoten-besser-versteht\">Wie man Eishockeyquoten besser versteht<\/h2>\n\n\n\n<p>Der Eishockeysport mag nicht so viele Anh\u00e4nger haben wie Fu\u00dfball und Basketball, aber viele erfahrene Wetter waren schon immer vernarrt in den Sport. Es ist ein rasanter Sport, der viele Richtungs\u00e4nderungen und kleine Details beinhaltet und Sie reich machen kann, wenn Sie Ihre Karten richtig spielen.&nbsp;<\/p>\n\n\n\n<p>Allerdings sind Eishockeyquoten bekannt daf\u00fcr, dass sie f\u00fcr eine F\u00fclle von R\u00e4tseln und Verwirrung sorgen, besonders wenn es darum geht, wie sie berechnet oder verschoben werden.<\/p>\n\n\n\n<p>In diesem kurzen Leitfaden beabsichtigen wir, die Wissenschaft hinter den Eishockeyquoten zu zerlegen und Ihnen zu zeigen, wie Sie diese zu Ihrem Vorteil nutzen k\u00f6nnen.&nbsp;<\/p>\n\n\n\n<p>Mit dem Wissen, dass Sie mit Leichtigkeit gewonnen haben, wenn Sie mit dem Lesen fertig sind, werden Sie wissen, wie Sie unser Instrument zum Vergleichen von Eishockeyquoten einsetzen und mit verifizierten Wetttipps kombinieren k\u00f6nnen, um so Ihre langfristigen Chancen, einen Gewinn aus Eishockeywetten zu erzielen, massiv zu steigern. Keine Sorge, es ist leichter, als es aussieht!<\/p>\n\n\n\n<h2 class=\"wp-block-heading\" id=\"wie-werden-eishockeyquoten-berechnet\">Wie werden Eishockeyquoten berechnet?<\/h2>\n\n\n\n<p>Eishockeyquoten werden von professionellen Quotenmachern bestimmt und bekannt gegeben. Dies sind Menschen, deren Berufsleben sich darum dreht, den Sport zu verfolgen und Muster darin wahrzunehmen. Sie m\u00fcssen jeden einzelnen Faktor oder jede mit dem Spiel zusammenh\u00e4ngende Gr\u00f6\u00dfe bewerten, angefangen bei den einzelnen Spielern bis hin zu der Art und Weise, wie beide Mannschaften in j\u00fcngster Zeit gespielt haben.&nbsp;<\/p>\n\n\n\n<p>Nachdem sie all dies erfasst haben, werden die Eishockeyquoten f\u00fcr die Buchmacher freigegeben, die sie dann den Wettern anbieten.<\/p>\n\n\n\n<p>Vielleicht ist Ihnen aufgefallen, dass Eishockeyquoten nie fr\u00fcher als 2-3 Wochen vor Spielbeginn bekannt gegeben werden. Was meinen Sie, warum das so ist?&nbsp;<\/p>\n\n\n\n<p>Aus statistischer Sicht ist es unm\u00f6glich, Eishockeywettquoten f\u00fcr Teampaarungen zu bestimmen, die noch zu weit in der Zukunft liegen. Obwohl es viele Variablen im Spiel gibt, h\u00e4ngen Eishockeyquoten und ihre Berechnung von folgenden Faktoren ab:<\/p>\n\n\n\n<p><strong>Dem Torh\u00fcter.<\/strong> Da die Eisbahn so klein ist, haben Torh\u00fcter eine viel ausgepr\u00e4gtere Wirkung auf den Spielausgang, als dies in anderen Sportarten wie Handball oder Fu\u00dfball der Fall ist.&nbsp;<\/p>\n\n\n\n<p>Auch wegen der rasanten Geschwindigkeit des Spiels, bei dem schnelle Reflexe und Reaktionen entscheidend sind, h\u00e4ngen Eishockeyquoten von den Torh\u00fctern ab. H\u00e4ufig erhalten Torh\u00fcter einen freien Tag und die Eignung oder Untauglichkeit des Ersatzmanns kann gro\u00dfen Einfluss auf die Eishockeyquoten haben.<\/p>\n\n\n\n<p><strong>Den j\u00fcngsten Ergebnisse der Mannschaft.<\/strong> Bevor Sie sich dazu entschlie\u00dfen, unsere Vergleichsinstrumente f\u00fcr Eishockeyquoten zu nutzen, m\u00fcssen Sie sich \u00fcber die Wichtigkeit der Form im Klaren sein.&nbsp;<\/p>\n\n\n\n<p>Als bester Gradmesser f\u00fcr die Chancen einer Mannschaft dient ihre Leistung w\u00e4hrend der letzten Spiele. Das ist auch der Grund, warum man Wetten am besten abschlie\u00dft, nachdem bereits 15-20 Spiele in einer Saison gespielt wurden. So werden Muster sichtbar und die Eishockeyquoten werden genauer.<\/p>\n\n\n\n<p><strong>Strafen pro Spiel.<\/strong> W\u00e4hrend die meisten Quotenmacher diese Gr\u00f6\u00dfe gar nicht in den Entstehungsprozess der Eishockeyquoten einflie\u00dfen lassen, ist dies dennoch ein wichtiger Kennwert.&nbsp;<\/p>\n\n\n\n<p>Wenn eine Mannschaft zu viele Enforcer aufweist, also Spieler, die auf der Eisbahn sind, um k\u00f6rperlich anzugreifen und Schl\u00e4ge auszuteilen, hei\u00dft dies, dass sie reichlich Zeit damit verbringen, ihre Strafen abzusitzen, anstatt ihrem Team zu helfen.&nbsp;<\/p>\n\n\n\n<p>Dies f\u00fchrt dazu, dass die gegnerische Mannschaft ihnen zahlenm\u00e4\u00dfig \u00fcberlegen ist und sie anf\u00e4lliger daf\u00fcr werden, Tore zu kassieren. Wenn Sie die Eishockeyquoten verfolgen, sollten Sie diese Statistik aufmerksam beobachten.<\/p>\n\n\n\n<p>Und denken Sie nicht, dass alle Eishockeyquoten richtig sind &#8211; in der Tat sollen sie das auch gar nicht sein. Stattdessen berechnen Quotenmacher diese nur, um einen ungef\u00e4hren Anhaltspunkt f\u00fcr das zu haben, was passieren k\u00f6nnte.&nbsp;<\/p>\n\n\n\n<p>Unter Anwendung verschiedener Analysemethoden haben wir festgestellt, dass die drei obengenannten Faktoren ausschlaggebend sind f\u00fcr die Jagd nach den besten Eishockeyquoten auf dem Markt. Bevor Sie jedoch damit beginnen, Ihren Wettschein zusammenzustellen, ist es wichtig, dass Sie das Konzept der Bewegung verstehen.<\/p>\n\n\n\n<h2 class=\"wp-block-heading\" id=\"warum-andern-sich-eishockeyquoten\">Warum \u00e4ndern sich Eishockeyquoten?<\/h2>\n\n\n\n<p>In der Welt der Eishockeyquoten bezeichnet eine Verschiebung die \u00c4nderung der Quoten an sich. Sie werden von den Quotenmachern, von denen sie gemacht wurden, und die alle wichtigen Faktoren in den Tagen vor dem Spiel beobachten, aktualisiert. Wenn diese der Meinung sind, dass etwas die Wahrscheinlichkeit von Sieg oder Niederlage des Teams erh\u00f6ht, \u00e4ndern sie ihre urspr\u00fcnglich berechneten Eishockeyquoten, damit diese die tats\u00e4chliche Wahrscheinlichkeit eines bestimmten Ergebnisses besser wiedergeben.<\/p>\n\n\n\n<p>Diese Vorgehensweise ist nicht nur an den klassischen 1&#215;2-Markt gebunden, sondern Eishockeyquoten werden f\u00fcr alle Arten von Wetten aktualisiert, wenn ein untrennbar mit ihnen verbundener Faktor sich ver\u00e4ndert. Durch das Beobachten sowohl des Eishockeyspiels als Ganzes als auch der \u00c4nderung der Eishockeyquoten, haben wir festgestellt, dass die untenstehenden Ereignisse die Eintr\u00e4glichkeit Ihrer Wetten am st\u00e4rksten beeinflussen:<\/p>\n\n\n\n<p><strong>Leistung w\u00e4hrend Power Play. <\/strong>Wenn ein Team sich unf\u00e4hig zeigt, aus Situationen Kapital zu schlagen, in denen es mehr Spieler als die andere Mannschaft hat, k\u00f6nnen sich die Eishockeyquoten \u00e4ndern, und sogar um eine betr\u00e4chtliche Spanne. Nehmen wir einmal an, sie wetten darauf, dass die Canucks die Devils schlagen.&nbsp;<\/p>\n\n\n\n<p>Nun beobachten Sie, wie die Canucks mit Power Play Situationen umgehen. Wenn das Team in diesen Situationen nicht in der Lage ist, Punkte zu holen, sollten Sie versuchen, aus anderen Eishockeyquoten Kapital zu schlagen, die Ihnen bei Ihren Recherchen begegnen.<\/p>\n\n\n\n<p><strong>Verletzungen.<\/strong> Wenn Sie auf eine Kontaktsportart wetten, k\u00f6nnen Sie davon ausgehen, dass es zu Verletzungen kommen wird. Eishockeyquoten stecken einen gro\u00dfen Schlag ein, wenn ein wichtiger Spieler nicht in der Lage ist, an einem Spiel teilzunehmen.&nbsp;<\/p>\n\n\n\n<p>Sie sollten sich jedoch auch die Erfolgsgeschichte des Teams ohne diesen Spieler ansehen. Selbst wenn die Eishockeyquoten den Eindruck vermitteln k\u00f6nnten, dass die Mannschaft schlechter spielen wird, k\u00f6nnte sie sich wieder fangen und den Sieg dem Rachen der Niederlage entrei\u00dfen.<\/p>\n\n\n\n<p><strong>Taktiken.<\/strong> Selbst wenn eine Mannschaft f\u00fcr gew\u00f6hnlich schlechtere Teams vernichtend schl\u00e4gt, d\u00fcrfen Sie sich nicht von irgendwelchen lukrativen Eishockeyquoten beeindrucken lassen.&nbsp;<\/p>\n\n\n\n<p>Diese k\u00f6nnen sich n\u00e4mlich leicht \u00e4ndern, wenn sich herausstellt, dass das gegnerische Team einige taktische Ver\u00e4nderungen vorgenommen oder ein vorher bestehendes Problem gel\u00f6st hat.&nbsp;<\/p>\n\n\n\n<p>Sogar die Eishockeyquoten von heute k\u00f6nnen sich \u00e4ndern, wenn es gen\u00fcgend Raum daf\u00fcr gibt, dass so etwas aufgrund von taktischen \u00c4nderungen, oder weil die Mannschaft ihren Spielstil abwandelt, passiert.<\/p>\n\n\n\n<p>Was die Variablen betrifft, die einen Einfluss auf die Eishockeyquoten haben, werden sich kaum wichtigere finden, als die von uns aufgef\u00fchrten. Dennoch liegt der ganze Sinn, Eishockeywettquoten zu studieren darin, dass man lernt, auf Muster zu achten.&nbsp;<\/p>\n\n\n\n<p>Dies ist kritisch, wenn es um Quoten\u00e4nderungen geht, da es Sie in die Lage versetzt, nicht nur das Ergebnis vorauszusagen, sondern auch die Art und Weise, in der sich Eishockeyquoten \u00e4ndern k\u00f6nnten.<\/p>\n\n\n\n<h2 class=\"wp-block-heading\" id=\"erkenntnisse-von-betting-com\">Erkenntnisse von Betting.com<\/h2>\n\n\n\n<p>Unser Ziel bei Betting.com ist es, Ihnen zu helfen, die Wissenschaft hinter den Eishockeyquoten zu verstehen. Damit Ihnen dies gelingt, m\u00fcssen Sie hinter die \u00fcblichen Variablen schauen. Dies ist der Grund warum sich unser Team entschlossen hat, herauszufinden, welche nicht greifbaren Faktoren bekannterma\u00dfen die Chancen f\u00fcr Sieg oder Niederlage einer Mannschaft erh\u00f6hen.<\/p>\n\n\n\n<p>Wir beabsichtigten dabei, uns auf alle mit den Eishockeyquoten zusammenh\u00e4ngenden Faktoren zu konzentrieren, die normalerweise nicht von Quotenmachern ber\u00fccksichtigt werden. Es ist schwer zu glauben, dass diese Experten auf dem Gebiet der Eishockeyquoten nicht in der Lage sind, alles in Betracht zu ziehen, aber f\u00fcr gew\u00f6hnlich entgehen ihnen diese Faktoren:<\/p>\n\n\n\n<p><strong>Qualit\u00e4t der heimischen Fangemeinde. <\/strong>Einige Mannschaften haben bessere, lautere Fangemeinden als andere. Man kann sich dar\u00fcber streiten, ob dies dem kulturellen Hintergrund der jeweiligen Stadt oder den j\u00fcngsten Erfolgen der Mannschaft zuzuschreiben ist. Wenn Ihnen hohe Eishockeyquoten begegnen, sollten Sie nicht direkt den Sprung wagen. Schauen Sie sich stattdessen erst einmal an, ob ihre Fangemeinde die Mannschaft zu unglaublichen Ergebnissen anspornt.<\/p>\n\n\n\n<p><strong>Mannschaftschemie.<\/strong> Ob Sie es glauben oder nicht, aber bei Eishockeyquoten wird der Einfluss der Mannschaftschemie oftmals nicht ber\u00fccksichtigt. Quotenmacher schauen sich die Situation h\u00e4ufig nur auf dem Papier an, wobei solche Faktoren wie die Qualit\u00e4t der einzelnen Spieler vorrangig sind. Eishockeyquoten werden vielleicht nicht so sehr davon beeinflusst, wie eingespielt das Team ist, aber Sie sollten danach Ausschau halten, wo Spieler gut zusammenpassen und sich bereits lange kennen.<\/p>\n\n\n\n<p><strong>Schweregrad des vorherigen Spiels.<\/strong> Bei Eishockeyquoten wird oft \u00fcbersehen, wie zerm\u00fcrbend die vorherigen Spiele der Mannschaft waren. Daher sollten Sie haupts\u00e4chlich dann auf M\u00e4rkte aufspringen, die hohe Eishockeyquoten bieten, wenn Sie meinen, dass sich ein Team am Abend zuvor in einer Spielverl\u00e4ngerung oder einer Abwehrschlacht festfahren k\u00f6nnte<\/p>\n\n\n\n<p>Wir hoffen, diese Erkenntnisse Sie in die Lage versetzen werden, den Kode der Eishockeyquoten zu knacken. Auf den ersten Blick k\u00f6nnen diese sehr kompliziert wirken, aber die wahre Wissenschaft liegt darin, wie Sie an die Quoten herangehen.&nbsp;<\/p>\n\n\n\n<p>Seien sie vorsichtig, welche Eishockeyquoten Sie w\u00e4hlen, aber machen Sie sich auch Gedanken \u00fcber die Zielsetzung der Wette, die Sie abgeben m\u00f6chten. Wenn Sie sich erst einmal aller Faktoren bewusst sind, ist das Aufsp\u00fcren der besten Eishockeyquoten eine leichte \u00dcbung.<\/p>\n\n\t\t<\/article>\n\t\t<div class=\"lg:w-[300px] lg:flex-shrink-0 relative\" x-data=\"{show_toc: false}\">\n\t\t\t<div class=\"lg:sticky lg:top-4 z-30\">\n\t\t\t\t<div class=\"fixed -top-64 left-0 w-full z-50 lg:static transition-all hidden lg:block\" id=\"fixed-toc\">\n\t\t\t\t\t<div>\n\t\t\t\t<div class=\"border-b border-solid border-gray-30 text-lg font-bold lg:pt-7 max-lg:px-4 py-3 flex items-center justify-between bg-white lg:bg-transparent\">\n\t\t\tWas gibt es auf dieser Seite\n\t\t\t<button @click=\"show_toc = true\" class=\"btn btn-red-outline-white block lg:hidden\">Jump to<\/button>\n\t\t<\/div>\n\t\t\t\t<div\n\t\t\tclass=\"max-lg:fixed max-lg:top-0 max-lg:left-0 max-lg:w-screen max-lg:h-screen max-lg:bg-gray-70 max-lg:bg-opacity-75 max-lg:hidden\"\n\t\t\t:class=\"{'max-lg:hidden': !show_toc}\"\n\t\t\t@click=\"show_toc = false\"\n\t\t>\n\t\t\t<div class=\"max-lg:absolute max-lg:bottom-0 max-lg:left-0 max-lg:w-screen bg-white lg:bg-transparent\">\n\t\t\t\t\t\t\t\t<div class=\"flex lg:hidden items-center justify-between mx-4 border-b border-solid border-gray-30 pt-6 pb-2 font-bold\">\n\n\t\t\t\t\tAuf dieser Seite\n\t\t\t\t\t<button @click=\"show_toc = false\">\n\t\t\t\t\t\t<svg class=\"w-5 h-5 text-gray-100\" xmlns=\"http:\/\/www.w3.org\/2000\/svg\" fill=\"none\" stroke=\"currentColor\" stroke-width=\"1.5\" class=\"w-6 h-6\" viewBox=\"0 0 24 24\"><path stroke-linecap=\"round\" stroke-linejoin=\"round\" d=\"M6 18 18 6M6 6l12 12\"\/><\/svg>\t\t\t\t\t<\/button>\n\t\t\t\t<\/div>\n\t\t\t\t<ul id=\"toc\" class=\"mt-5 max-h-[85vh] overflow-y-auto list-none bt-scrollbars\">\n\n\t\t\t\t\t\t\t\t\t\t\t<li>\n\t\t\t\t\t\t\t<a href=\"#eishockey-wettquoten-fur-die-heutigen-veranstaltungen-vergleichen\" data-bt-toc-item=\"eishockey-wettquoten-fur-die-heutigen-veranstaltungen-vergleichen\"\n\t\t\t\t\t\t\t\t @click=\"show_toc = false\"\n\t\t\t\t\t\t\t\t class=\"block px-4 py-2 text-black border-l-4 border-solid border-transparent hover:border-red-100 transition-all hover:!border-b-0 hover:font-bold\">\nEishockey Wettquoten f\u00fcr die Heutigen veranstaltungen vergleichen\n<\/a>\n\t\t\t\t\t\t<\/li>\n\t\t\t\t\t\t\t\t\t\t\t<li>\n\t\t\t\t\t\t\t<a href=\"#wie-man-eishockeyquoten-besser-versteht\" data-bt-toc-item=\"wie-man-eishockeyquoten-besser-versteht\"\n\t\t\t\t\t\t\t\t @click=\"show_toc = false\"\n\t\t\t\t\t\t\t\t class=\"block px-4 py-2 text-black border-l-4 border-solid border-transparent hover:border-red-100 transition-all hover:!border-b-0 hover:font-bold\">\nWie man Eishockeyquoten besser versteht\n<\/a>\n\t\t\t\t\t\t<\/li>\n\t\t\t\t\t\t\t\t\t\t\t<li>\n\t\t\t\t\t\t\t<a href=\"#wie-werden-eishockeyquoten-berechnet\" data-bt-toc-item=\"wie-werden-eishockeyquoten-berechnet\"\n\t\t\t\t\t\t\t\t @click=\"show_toc = false\"\n\t\t\t\t\t\t\t\t class=\"block px-4 py-2 text-black border-l-4 border-solid border-transparent hover:border-red-100 transition-all hover:!border-b-0 hover:font-bold\">\nWie werden Eishockeyquoten berechnet?\n<\/a>\n\t\t\t\t\t\t<\/li>\n\t\t\t\t\t\t\t\t\t\t\t<li>\n\t\t\t\t\t\t\t<a href=\"#warum-andern-sich-eishockeyquoten\" data-bt-toc-item=\"warum-andern-sich-eishockeyquoten\"\n\t\t\t\t\t\t\t\t @click=\"show_toc = false\"\n\t\t\t\t\t\t\t\t class=\"block px-4 py-2 text-black border-l-4 border-solid border-transparent hover:border-red-100 transition-all hover:!border-b-0 hover:font-bold\">\nWarum \u00e4ndern sich Eishockeyquoten?\n<\/a>\n\t\t\t\t\t\t<\/li>\n\t\t\t\t\t\t\t\t\t\t\t<li>\n\t\t\t\t\t\t\t<a href=\"#erkenntnisse-von-betting-com\" data-bt-toc-item=\"erkenntnisse-von-betting-com\"\n\t\t\t\t\t\t\t\t @click=\"show_toc = false\"\n\t\t\t\t\t\t\t\t class=\"block px-4 py-2 text-black border-l-4 border-solid border-transparent hover:border-red-100 transition-all hover:!border-b-0 hover:font-bold\">\nErkenntnisse von Betting.com\n<\/a>\n\t\t\t\t\t\t<\/li>\n\t\t\t\t\t\t\t\t\t<\/ul>\n\t\t\t\t\t\t\t\t\t\t\t<\/div>\n\t\t<\/div>\n\t<\/div>\n\t\t\t\t\t<\/div>\n\t\t\t<\/div>\n\t\t<\/div>\n\t<\/div>\n<\/div>\n\t<\/div>\n<\/div>\n\n","protected":false},"excerpt":{"rendered":"","protected":false},"author":6,"featured_media":489,"parent":1007,"menu_order":1000,"comment_status":"closed","ping_status":"closed","template":"","meta":{"footnotes":""},"tags":[],"acf":[],"_links":{"self":[{"href":"https:\/\/betting.com\/de\/wp-json\/wp\/v2\/pages\/75"}],"collection":[{"href":"https:\/\/betting.com\/de\/wp-json\/wp\/v2\/pages"}],"about":[{"href":"https:\/\/betting.com\/de\/wp-json\/wp\/v2\/types\/page"}],"author":[{"embeddable":true,"href":"https:\/\/betting.com\/de\/wp-json\/wp\/v2\/users\/6"}],"replies":[{"embeddable":true,"href":"https:\/\/betting.com\/de\/wp-json\/wp\/v2\/comments?post=75"}],"version-history":[{"count":4,"href":"https:\/\/betting.com\/de\/wp-json\/wp\/v2\/pages\/75\/revisions"}],"predecessor-version":[{"id":6146,"href":"https:\/\/betting.com\/de\/wp-json\/wp\/v2\/pages\/75\/revisions\/6146"}],"up":[{"embeddable":true,"href":"https:\/\/betting.com\/de\/wp-json\/wp\/v2\/pages\/1007"}],"wp:featuredmedia":[{"embeddable":true,"href":"https:\/\/betting.com\/de\/wp-json\/wp\/v2\/media\/489"}],"wp:attachment":[{"href":"https:\/\/betting.com\/de\/wp-json\/wp\/v2\/media?parent=75"}],"wp:term":[{"taxonomy":"post_tag","embeddable":true,"href":"https:\/\/betting.com\/de\/wp-json\/wp\/v2\/tags?post=75"}],"curies":[{"name":"wp","href":"https:\/\/api.w.org\/{rel}","templated":true}]}}