{"id":721,"date":"2022-07-08T19:20:25","date_gmt":"2022-07-08T19:20:25","guid":{"rendered":"https:\/\/betting.com\/de\/?page_id=721"},"modified":"2023-08-02T12:31:06","modified_gmt":"2023-08-02T12:31:06","slug":"boni","status":"publish","type":"page","link":"https:\/\/betting.com\/de\/boni","title":{"rendered":"Sportwetten Bonus"},"content":{"rendered":"<div class=\" container-white py-8\">\n\t<div class=\"wp-block-container-toc  \">\n\t\t\t<div class=\"bg-white\">\n\t<div class=\"flex flex-col-reverse lg:flex-row lg:gap-8 py-10\">\n\t\t<article class=\"max-w-[960px] flex-grow\" data-bt-content>\n\t\t\t\n<h2 class=\"wp-block-heading\" id=\"sportwetten-bonus-angebote-promotionen-gratiswetten\">Sportwetten Bonus Angebote, Promotionen &amp; Gratiswetten<\/h2>\n\n\n\n<p>Wenn Sie nach speziellen Buchmacherangeboten suchen, sind Sie hier genau richtig. Wir haben die harte Arbeit f\u00fcr Sie geleistet, im Internet f\u00fcr Sie recherchiert und die aktuellsten und exklusivsten Buchmacher-Sonderangebote f\u00fcr Sie zusammengestellt. Alle hier aufgef\u00fchrten Sonderangebote sind exklusiv und wir haben sie pers\u00f6nlich \u00fcberpr\u00fcft, um sicherzustellen, dass sie auch wirklich existieren und Sie sie beanspruchen k\u00f6nnen.&nbsp;<\/p>\n\n\n\n<p>Unser Ziel ist es, Ihnen dabei zu helfen, die besten im Internet verf\u00fcgbaren Sonderangebote zu finden und gleichzeitig viel Zeit zu sparen. Um eine hohe Qualit\u00e4t der aufgef\u00fchrten Sonderangebote zu gew\u00e4hrleisten, werden diese dank unseres engagierten Teams t\u00e4glich aktualisiert.<\/p>\n\n\n\n<h2 class=\"wp-block-heading\" id=\"sportwetten-bonus-angebote-erklart-1\">Sportwetten Bonus Angebote erkl\u00e4rt<\/h2>\n\n\n\n<p>Wir alle wissen, dass das Internet voller Websites steckt, auf denen Sie Buchmacher-Willkommensboni finden und Angebote f\u00fcr Neukunden in Anspruch nehmen k\u00f6nnen. Hier bei Betting.com verstehen wir, wie schwierig und anspruchsvoll die Auswahl Ihres n\u00e4chsten Buchmachers sein kann. Aus diesem Grund haben wir&nbsp;verschiedene Buchmacher&nbsp;objektiv \u00fcberpr\u00fcft und ihre St\u00e4rken und Schw\u00e4chen hervorgehoben.<\/p>\n\n\n\n<p>W\u00e4hrend wir am Markt im Hinblick auf Informationen und Buchmacher recherchiert haben, haben wir festgestellt, dass nur sehr wenige Websites tats\u00e4chlich auf die Buchmacher-Sonderangebote f\u00fcr Neukunden achten. <\/p>\n\n\n\n<p>Wir gehen davon aus, dass einige der Websites beschlossen haben, sich nicht auf die Sportwetten Bonus Angebote zu konzentrieren, da es zeitaufw\u00e4ndig ist, alle Buchmacher durchzugehen und jene mit  einem besonderen Anmeldungsangebot auf eine engere Auswahlliste zu setzen. <\/p>\n\n\n\n<p>Dar\u00fcber hinaus sind die meisten Buchmacher-Sonderangebote auf eine bestimmte Veranstaltung zugeschnitten und daher sehr kurzlebig \u2013 h\u00e4ufig sind sie nur ein oder zwei Tage lang verf\u00fcgbar.<\/p>\n\n\n\n<p>Wir glauben, dass viele Kunden einige Buchmacher-Sonderangebote aufgrund fehlender Informationen verpassen. Alles, was wir bei Betting.com tun, dreht sich um den Kunden. Aus diesem Grund haben wir uns entschlossen, einen eigenen Bereich zu schaffen, der sich ausschlie\u00dflich auf Buchmacher-Sonderangebote f\u00fcr Neukunden konzentriert. <\/p>\n\n\n\n<p>Dieser Abschnitt unserer Website wird t\u00e4glich nur zu einem Zweck mit den aktuellsten Buchmacher-Sonderangeboten aktualisiert: Damit Sie bei Er\u00f6ffnung eines neuen Kontos die besten online verf\u00fcgbaren Boni erhalten.<\/p>\n\n\n\n<h2 class=\"wp-block-heading\" id=\"sportwetten-bonus-angebote-fur-neue-spieler\">Sportwetten Bonus Angebote f\u00fcr neue Spieler<\/h2>\n\n\n\n<p>Sportwetten Bonus Angebote sind eine zus\u00e4tzliche Marketingstrategie, die Buchmacher anwenden, um potenzielle Neukunden dazu zu motivieren, ein Konto bei ihnen zu er\u00f6ffnen. Wir alle wissen, dass der Online-Wettmarkt \u00e4u\u00dferst hart umk\u00e4mpft ist und nur die besten Buchmacher unter diesen schwierigen Bedingungen bestehen. <\/p>\n\n\n\n<p>Buchmacher m\u00fcssen nicht nur ihren Bestandskunden einen au\u00dfergew\u00f6hnlichen Service bieten, sondern auch kreative Wege finden, neue Kunden zu gewinnen.<\/p>\n\n\n\n<p>In der guten alten Zeit h\u00e4tte ein Willkommensbonus von 20 \u00a3 ausgereicht, um jemanden zu ermutigen, ein Konto bei einem neuen Buchmacher zu er\u00f6ffnen. <\/p>\n\n\n\n<p>Dies ist jedoch weit von dem entfernt, was der heutige anspruchsvolle Markt verlangt. Kunden sind deutlich besser informiert und sie suchen nach einem Buchmacher, der sich von der Masse abhebt. Hier spielt das Buchmacher-Sonderangebot eine entscheidende Rolle.<\/p>\n\n\n\n<p>Das Buchmacher-Sonderangebot ist ein verh\u00e4ltnism\u00e4\u00dfig neuer Marketingansatz, der bei neuen Wetter immer beliebter wird. Der Hauptunterschied zwischen dem Buchmacher-Sonderbonus und dem normalen Anmeldebonus ist die Personalisierung. <\/p>\n\n\n\n<p>So wird der Standard-Willkommensbonus beispielsweise f\u00fcr alle gelten, wohingegen das spezielle Buchmacherangebot auf eine Gro\u00dfveranstaltung zugeschnitten ist und eine deutlich geringere G\u00fcltigkeit hat. <\/p>\n\n\n\n<p>In der Regel ist es nur wenige Tage aktiv. Das Buchmacher-Sonderangebot f\u00fcr Neukunden unterliegt ebenfalls weiteren Einschr\u00e4nkungen. Wenn beispielsweise Manchester United gegen Watford spielt, kann irgendein Buchmacher eine besondere Quote f\u00fcr Man United haben, das auf Neukunden und einen Einsatz auf maximal 5 \u20ac begrenzt ist.<\/p>\n\n\n\n<h3 class=\"wp-block-heading\" id=\"verschiedene-typen-von-wettbonus-des-buchmachers\">Verschiedene Typen von Wettbonus des Buchmachers<\/h3>\n\n\n\n<p>Das oben aufgef\u00fchrte Beispiel f\u00fcr die Quotenerh\u00f6hung war nur eines der vielen Buchmacher-Sonderangebote, die im Internet verf\u00fcgbar sind. Ich werde versuchen, die h\u00e4ufigsten Buchmacher-Sonderangebote f\u00fcr Neukunden im Folgenden kurz zu erl\u00e4utern, damit Sie fundierte Entscheidungen treffen k\u00f6nnen.<\/p>\n\n\n\n<h3 class=\"wp-block-heading\" id=\"quotenerhohung-optimierte-quoten\">Quotenerh\u00f6hung\/Optimierte Quoten<\/h3>\n\n\n\n<p>Dies ist ein sehr h\u00e4ufig verwendetes Buchmacher-Sonderangebot f\u00fcr Neukunden, da es einfach und f\u00fcr potenzielle Neukunden schnell verst\u00e4ndlich ist. Kurz gesagt: Der Quotenerh\u00f6hung, die auch als optimierte Quote bezeichnet wird, ist nur eine andere Form des Bargeldbonus. <\/p>\n\n\n\n<p>Anstatt ihn jedoch in Form von Bargeld zu gew\u00e4hren, das Ihrem Konto gutgeschrieben wird, wird er Ihnen als gro\u00dfz\u00fcgige Quotenerh\u00f6hung f\u00fcr bestimmte Sportarten gew\u00e4hrt. <\/p>\n\n\n\n<p>So k\u00f6nnen Sie beispielsweise am \u201eGl\u00fccksdienstag\u201c die besten Quoten f\u00fcr alle Pferderennen an diesem Tag erhalten \u2013 was Ihnen effektiv garantiert, dass Sie Ihre Wetten dort abgeben, wo es die h\u00f6chsten auf dem Markt verf\u00fcgbaren Quoten gibt.<\/p>\n\n\n\n<h3 class=\"wp-block-heading\" id=\"sonderquoten-auf-match-wetten\">Sonderquoten auf Match-Wetten<\/h3>\n\n\n\n<p>Diese Art von Buchmacher-Sonderangebot ist den optimierten Quoten sehr \u00e4hnlich, konzentriert sich jedoch eher auf ein bestimmtes Sportereignis als auf den gesamten Sport. Die Vermarkter der Buchmacher sind sehr klug und wissen, dass Sportfans wahrscheinlich ein Konto bei ihnen er\u00f6ffnen, wenn sie f\u00fcr das Team, dem sie folgen, besondere Quoten erhalten. <\/p>\n\n\n\n<p>Ein Beispiel f\u00fcr ein typisches Sonderangebot zur Quotenerh\u00f6hung ist, wenn Liverpool gegen Manchester United spielt und die Quoten f\u00fcr Liverpool von 2,5 auf 5 erh\u00f6ht werden. <\/p>\n\n\n\n<p>Wenn Sie ein Liverpool-Fan sind und nur ein Konto bei Buchmacher Y haben und auf das oben genannte Angebot sto\u00dfen, werden Sie h\u00f6chstwahrscheinlich ein Konto bei Buchmacher X er\u00f6ffnen und von den besseren Quoten profitieren.<\/p>\n\n\n\n<h3 class=\"wp-block-heading\" id=\"geld-zuruck\">Geld zur\u00fcck<\/h3>\n\n\n\n<p>Dies ist ein weiteres Sonderangebot, das Buchmacher nutzen, um sich von ihren Mitbewerbern abzuheben und neue Kunden zu gewinnen. Buchmacher-Sonderangebote mit Geld-zur\u00fcck-Garantie sind etwas komplizierter, da mehr Variablen ber\u00fccksichtigt werden m\u00fcssen. <\/p>\n\n\n\n<p>Kurz gesagt bedeutet ein Sonderangebot mit Geld-zur\u00fcck-Garantie jedoch effektiv, dass Sie unter bestimmten Umst\u00e4nden entweder Ihren gesamten Einsatz oder zumindest einen Teil davon zur\u00fcckerhalten. <\/p>\n\n\n\n<p>Alle Buchmacher haben unterschiedliche Bedingungen, die auf das Geld-zur\u00fcck-Angebot zugeschnitten sind. Ich rate Ihnen daher, diese sorgf\u00e4ltig zu lesen, bevor Sie ein solches Angebot nutzen.<\/p>\n\n\n\n<h3 class=\"wp-block-heading\" id=\"akkumulatorangebote-acca-angebote\">Akkumulatorangebote (ACCA-Angebote)<\/h3>\n\n\n\n<p>Die Buchmacher sind sehr bem\u00fcht, neue kreative Sonderangebote zu entwickeln, die ihnen helfen, ihr Unternehmen weiter auszuweiten und neue Kunden zu gewinnen. <\/p>\n\n\n\n<p>Der Akkumulatorbonus ist ein weiterer Sonderangebotstyp, von dem Sie als Neukunde profitieren k\u00f6nnen. Einige Sonderangebote f\u00fcr Akkumulatoren bieten Ihnen eine Versicherung f\u00fcr Ihre Akku-Wette und Sie erhalten Ihr Geld zur\u00fcck, wenn ein Teil Ihres Akkumulators verliert. <\/p>\n\n\n\n<p>Andere geben Ihnen einen einfachen Bonus und Sie werden mit einem h\u00f6heren Prozentsatz als Bonus auf Ihrem Wettschein belohnt. Auch hier variieren die Sonderangebote f\u00fcr Akkumulatoren je nach Buchmacher und Sie sollten sicherstellen, dass Sie die jeweiligen allgemeinen Gesch\u00e4ftsbedingungen gelesen und verstanden haben.<\/p>\n\n\n\n<h3 class=\"wp-block-heading\" id=\"keine-wetten-ohne-einzahlung\">Keine Wetten ohne Einzahlung<\/h3>\n\n\n\n<p>Die Gratiswette ohne Einzahlung ist das begehrteste Buchmacher-Sonderangebot der Kunden. Leider sind solche Sonderangebote heute sehr selten. <\/p>\n\n\n\n<p>Wenn Sie eines dieser exklusiven Gratiswettangebote ohne Einzahlung finden m\u00f6chten, m\u00fcssen Sie entweder einige Zeit im Internet recherchieren oder Sie k\u00f6nnen einfach unsere Seite mit speziellen Buchmacherangeboten besuchen, wo Sie innerhalb weniger Minuten ein geeignetes Angebot finden werden. <\/p>\n\n\n\n<p>Das Angebot f\u00fcr Gratiswetten ohne Einzahlung ist sehr einfach. Sie er\u00f6ffnen einfach ein Konto bei einem bestimmten Buchmacher und dieser finanziert Ihr Konto mit einer Gratiswette, die Sie unter bestimmten Bedingungen einsetzen k\u00f6nnen. <\/p>\n\n\n\n<p>Bitte beachten Sie, dass Sie Ihre Gratiswette nicht zur\u00fcckziehen k\u00f6nnen, und wenn Ihre Gratiswette gewinnt, erhalten Sie auf Ihrem Konto nur die Gewinne gutgeschrieben.<\/p>\n\n\n\n<h2 class=\"wp-block-heading\" id=\"sportwetten-bonus-angebote-fazit\">Sportwetten Bonus Angebote \u2013 Fazit<\/h2>\n\n\n\n<p>Wie bereits erw\u00e4hnt, ist der heutige Online-Wettmarkt \u00e4u\u00dferst hart umk\u00e4mpft. Daher m\u00fcssen Buchmacher ihr Wettbonus weiter verbessern und sicherstellen, dass die Kunden zufrieden sind.&nbsp;Der Standard-Willkommensbonus&nbsp;f\u00fcr Neukunden wird weiterhin neue Spieler anziehen, aber f\u00fcr die Zukunft ist klar, dass die Kunden eine besondere Behandlung und personalisierte Angebote ben\u00f6tigen. Buchmacher, denen es gelingt, die relevantesten und aufregendsten Sonderangebote zu pr\u00e4sentieren, werden die Gewinner sein und Marktf\u00fchrer werden.<\/p>\n\n\n\n<p>Wir wissen, wie schwierig es sein kann, einen Ort zu finden, an dem t\u00e4glich alle Sportwetten Bonus Angebote zusammengef\u00fchrt und aktualisiert werden. Aus diesem Grund konzentrieren wir uns darauf, einen Bereich zu erstellen, der t\u00e4glich aktualisiert wird und in dem nur Buchmacher-Sonderangebote aufgef\u00fchrt werden, die aktiv sind und \u00fcberpr\u00fcft wurden.<\/p>\n\n\n\n<p>Buchmacher verwenden viele Herangehensweisen, um sich am Markt zu positionieren und neue Benutzer anzulocken. Eine schnelle Website und ein gutes Design, das die Vorteile der Registrierung bei einem bestimmten Buchmacher deutlich hervorhebt, sind auf dem heutigen hart umk\u00e4mpften Wettmarkt unabdingbar.<\/p>\n\n\n\n<p>Wir empfehlen Ihnen, alle auf unserer Website verf\u00fcgbaren Wettbonus zu \u00fcberpr\u00fcfen und das Beste daraus zu machen, da es immer Spa\u00df macht, Geschenke und tolle Boni zu erhalten.<\/p>\n\n\n\n<h2 class=\"wp-block-heading\" id=\"betting-com-verpflichtet-sich-zu-verantwortungsbewusster-werbung\">Betting.com verpflichtet sich zu verantwortungsbewusster Werbung<\/h2>\n\n\n\n<p>Betting.com ist eine Plattform, die allen Besuchern ein verantwortungsbewusstes Wetten und transparente Werbeaktionen bieten m\u00f6chte. Aus diesem Grund halten wir uns in puncto&nbsp;Marketing und Kommunikation&nbsp;streng an die komplette UKGC-Checkliste. <\/p>\n\n\n\n<p>Wir f\u00f6rdern nur regulierte und lizenzierte Betreiber, welche die von&nbsp;GamCare&nbsp;(Anbieter von Informationen, Anleitung und Unterst\u00fctzung f\u00fcr alle Menschen, die ein Spielproblem haben) implementierten Standards einhalten. Au\u00dferdem k\u00f6nnen Sie&nbsp;Gamble Aware&nbsp;besuchen, wenn Sie weitere Informationen oder Hilfe zum Thema Gl\u00fccksspiel ben\u00f6tigen.<\/p>\n\n\t\t<\/article>\n\t\t<div class=\"lg:w-[300px] lg:flex-shrink-0 relative\" x-data=\"{show_toc: false}\">\n\t\t\t<div class=\"lg:sticky lg:top-4 z-30\">\n\t\t\t\t<div class=\"fixed -top-64 left-0 w-full z-50 lg:static transition-all hidden lg:block\" id=\"fixed-toc\">\n\t\t\t\t\t<div>\n\t\t\t\t<div class=\"border-b border-solid border-gray-30 text-lg font-bold lg:pt-7 max-lg:px-4 py-3 flex items-center justify-between bg-white lg:bg-transparent\">\n\t\t\tWas gibt es auf dieser Seite\n\t\t\t<button @click=\"show_toc = true\" class=\"btn btn-red-outline-white block lg:hidden\">Jump to<\/button>\n\t\t<\/div>\n\t\t\t\t<div\n\t\t\tclass=\"max-lg:fixed max-lg:top-0 max-lg:left-0 max-lg:w-screen max-lg:h-screen max-lg:bg-gray-70 max-lg:bg-opacity-75 max-lg:hidden\"\n\t\t\t:class=\"{'max-lg:hidden': !show_toc}\"\n\t\t\t@click=\"show_toc = false\"\n\t\t>\n\t\t\t<div class=\"max-lg:absolute max-lg:bottom-0 max-lg:left-0 max-lg:w-screen bg-white lg:bg-transparent\">\n\t\t\t\t\t\t\t\t<div class=\"flex lg:hidden items-center justify-between mx-4 border-b border-solid border-gray-30 pt-6 pb-2 font-bold\">\n\n\t\t\t\t\tAuf dieser Seite\n\t\t\t\t\t<button @click=\"show_toc = false\">\n\t\t\t\t\t\t<svg class=\"w-5 h-5 text-gray-100\" xmlns=\"http:\/\/www.w3.org\/2000\/svg\" fill=\"none\" stroke=\"currentColor\" stroke-width=\"1.5\" class=\"w-6 h-6\" viewBox=\"0 0 24 24\"><path stroke-linecap=\"round\" stroke-linejoin=\"round\" d=\"M6 18 18 6M6 6l12 12\"\/><\/svg>\t\t\t\t\t<\/button>\n\t\t\t\t<\/div>\n\t\t\t\t<ul id=\"toc\" class=\"mt-5 max-h-[85vh] overflow-y-auto list-none bt-scrollbars\">\n\n\t\t\t\t\t\t\t\t\t\t\t<li>\n\t\t\t\t\t\t\t<a href=\"#sportwetten-bonus-angebote-promotionen-gratiswetten\" data-bt-toc-item=\"sportwetten-bonus-angebote-promotionen-gratiswetten\"\n\t\t\t\t\t\t\t\t @click=\"show_toc = false\"\n\t\t\t\t\t\t\t\t class=\"block px-4 py-2 text-black border-l-4 border-solid border-transparent hover:border-red-100 transition-all hover:!border-b-0 hover:font-bold\">\nSportwetten Bonus Angebote, Promotionen &amp; Gratiswetten\n<\/a>\n\t\t\t\t\t\t<\/li>\n\t\t\t\t\t\t\t\t\t\t\t<li>\n\t\t\t\t\t\t\t<a href=\"#sportwetten-bonus-angebote-erklart-1\" data-bt-toc-item=\"sportwetten-bonus-angebote-erklart-1\"\n\t\t\t\t\t\t\t\t @click=\"show_toc = false\"\n\t\t\t\t\t\t\t\t class=\"block px-4 py-2 text-black border-l-4 border-solid border-transparent hover:border-red-100 transition-all hover:!border-b-0 hover:font-bold\">\nSportwetten Bonus Angebote erkl\u00e4rt\n<\/a>\n\t\t\t\t\t\t<\/li>\n\t\t\t\t\t\t\t\t\t\t\t<li>\n\t\t\t\t\t\t\t<a href=\"#sportwetten-bonus-angebote-fur-neue-spieler\" data-bt-toc-item=\"sportwetten-bonus-angebote-fur-neue-spieler\"\n\t\t\t\t\t\t\t\t @click=\"show_toc = false\"\n\t\t\t\t\t\t\t\t class=\"block px-4 py-2 text-black border-l-4 border-solid border-transparent hover:border-red-100 transition-all hover:!border-b-0 hover:font-bold\">\nSportwetten Bonus Angebote f\u00fcr neue Spieler\n<\/a>\n\t\t\t\t\t\t<\/li>\n\t\t\t\t\t\t\t\t\t\t\t<li>\n\t\t\t\t\t\t\t<a href=\"#sportwetten-bonus-angebote-fazit\" data-bt-toc-item=\"sportwetten-bonus-angebote-fazit\"\n\t\t\t\t\t\t\t\t @click=\"show_toc = false\"\n\t\t\t\t\t\t\t\t class=\"block px-4 py-2 text-black border-l-4 border-solid border-transparent hover:border-red-100 transition-all hover:!border-b-0 hover:font-bold\">\nSportwetten Bonus Angebote \u2013 Fazit\n<\/a>\n\t\t\t\t\t\t<\/li>\n\t\t\t\t\t\t\t\t\t\t\t<li>\n\t\t\t\t\t\t\t<a href=\"#betting-com-verpflichtet-sich-zu-verantwortungsbewusster-werbung\" data-bt-toc-item=\"betting-com-verpflichtet-sich-zu-verantwortungsbewusster-werbung\"\n\t\t\t\t\t\t\t\t @click=\"show_toc = false\"\n\t\t\t\t\t\t\t\t class=\"block px-4 py-2 text-black border-l-4 border-solid border-transparent hover:border-red-100 transition-all hover:!border-b-0 hover:font-bold\">\nBetting.com verpflichtet sich zu verantwortungsbewusster Werbung\n<\/a>\n\t\t\t\t\t\t<\/li>\n\t\t\t\t\t\t\t\t\t<\/ul>\n\t\t\t\t\t\t\t\t\t\t\t<\/div>\n\t\t<\/div>\n\t<\/div>\n\t\t\t\t\t<\/div>\n\t\t\t<\/div>\n\t\t<\/div>\n\t<\/div>\n<\/div>\n\t<\/div>\n<\/div>\n\n","protected":false},"excerpt":{"rendered":"","protected":false},"author":6,"featured_media":491,"parent":0,"menu_order":0,"comment_status":"closed","ping_status":"closed","template":"","meta":{"footnotes":""},"tags":[],"acf":[],"_links":{"self":[{"href":"https:\/\/betting.com\/de\/wp-json\/wp\/v2\/pages\/721"}],"collection":[{"href":"https:\/\/betting.com\/de\/wp-json\/wp\/v2\/pages"}],"about":[{"href":"https:\/\/betting.com\/de\/wp-json\/wp\/v2\/types\/page"}],"author":[{"embeddable":true,"href":"https:\/\/betting.com\/de\/wp-json\/wp\/v2\/users\/6"}],"replies":[{"embeddable":true,"href":"https:\/\/betting.com\/de\/wp-json\/wp\/v2\/comments?post=721"}],"version-history":[{"count":5,"href":"https:\/\/betting.com\/de\/wp-json\/wp\/v2\/pages\/721\/revisions"}],"predecessor-version":[{"id":6200,"href":"https:\/\/betting.com\/de\/wp-json\/wp\/v2\/pages\/721\/revisions\/6200"}],"wp:featuredmedia":[{"embeddable":true,"href":"https:\/\/betting.com\/de\/wp-json\/wp\/v2\/media\/491"}],"wp:attachment":[{"href":"https:\/\/betting.com\/de\/wp-json\/wp\/v2\/media?parent=721"}],"wp:term":[{"taxonomy":"post_tag","embeddable":true,"href":"https:\/\/betting.com\/de\/wp-json\/wp\/v2\/tags?post=721"}],"curies":[{"name":"wp","href":"https:\/\/api.w.org\/{rel}","templated":true}]}}