{"id":72,"date":"2022-06-15T09:15:21","date_gmt":"2022-06-15T09:15:21","guid":{"rendered":"https:\/\/betting.com\/de\/?page_id=72"},"modified":"2023-08-02T12:31:08","modified_gmt":"2023-08-02T12:31:08","slug":"quoten","status":"publish","type":"page","link":"https:\/\/betting.com\/de\/boxen\/quoten","title":{"rendered":"Boxen Quoten"},"content":{"rendered":"<div class=\" container-white py-8\">\n\t<div class=\"wp-block-container-toc  \">\n\t\t\t<div class=\"bg-white\">\n\t<div class=\"flex flex-col-reverse lg:flex-row lg:gap-8 py-10\">\n\t\t<article class=\"max-w-[960px] flex-grow\" data-bt-content>\n\t\t\t\n<h2 class=\"wp-block-heading\" id=\"boxen-wettquoten-fur-die-heutigen-veranstaltungen-vergleichen\">Boxen Wettquoten f\u00fcr die Heutigen Veranstaltungen vergleichen<\/h2>\n\n\n\n<p>Finden die h\u00f6chsten Quoten bei gepr\u00fcften und zuverl\u00e4ssigen Buchmachern und schlie\u00dfen Sie entsprechende Wetten ab. Wenn es um Boxquoten geht, m\u00fcssen Sie sich die Aufzeichnungen der K\u00e4mpfer ansehen, Sie sollten diese aber nur als Ausgangspunkte verwenden.&nbsp;<\/p>\n\n\n\n<p>Konzentrieren Sie sich bei jedem ihrer K\u00e4mpfe auf die Methode des Sieges und behalten Sie gleichzeitig die St\u00e4rke und die Qualit\u00e4ten der vorherigen Kontrahenten im Auge.&nbsp;<\/p>\n\n\n\n<p>\u00c4ltere Boxer gelten als Au\u00dfenseiter, w\u00e4hrend Rechtsausleger immer bevorzugt behandelt werden. Verfolgen Sie die Nachrichten zu beiden Kontrahenten, wenn Sie eine Bewegung der Boxquoten in eine Richtung vorhersagen m\u00f6chten.<\/p>\n\n\n\n<h2 class=\"wp-block-heading\" id=\"so-konnen-sie-box-quoten-zu-ihrem-vorteil-nutzen\">So k\u00f6nnen sie Box Quoten zu Ihrem vorteil nutzen<\/h2>\n\n\n\n<p>Boxquoten sind eine Nische, die angeblich von vielen beherrscht wird. In Wirklichkeit sind sich die meisten Spieler jedoch nicht sicher, wie sie sie verstehen sollen. Das scheint seltsam, denn Boxen ist seit mehr als einem Jahrhundert DAS Standbein der Sportwetten-Community.&nbsp;<\/p>\n\n\n\n<p>Heutzutage ist der Sport zu einer eigenen Wissenschaft geworden, aber keine Popularit\u00e4t oder Statistik-Tracking-Software kann das Konzept der Boxquoten einfacher gestalten. Warum ist das so?<\/p>\n\n\n\n<p>Nun, Boxquoten wirken viel komplizierter als sie es tats\u00e4chlich sind, haupts\u00e4chlich weil der Sport selbst in hohem Ma\u00dfe ambivalent ist. Wenn Sie eine angemessene Grundlage haben, ist es einfach, sich zurechtzufinden. Und genau das wollen wir mit diesem Leitfaden f\u00fcr Boxquoten erreichen.&nbsp;<\/p>\n\n\n\n<p>Sobald Sie mit dem Lesen fertig sind, k\u00f6nnen Sie den Sport wie ein Experte beobachten. Auf diese Weise k\u00f6nnen Sie die besten Boxquoten finden und sie Ihrem Sportwetten-Arsenal hinzuf\u00fcgen. Es ist ein Kinderspiel, vertrauen Sie uns.<\/p>\n\n\n\n<h2 class=\"wp-block-heading\" id=\"wer-berechnet-die-quoten-beim-boxen\">Wer berechnet die Quoten beim Boxen?<\/h2>\n\n\n\n<p>Boxquoten werden von Quotenmachern berechnet. Diese Profis \u00e4hneln in gewisser Weise der Sportversion von Datenanalysten. Ihre Aufgabe besteht darin, allen wichtigen Boxkreisen zu folgen (wobei MMA h\u00e4ufig im Mix enthalten ist), den \u00dcberblick zu behalten und anhand dieser Informationen die Wahrscheinlichkeit eines bestimmten Ergebnisses bei einem Kampf zu bestimmen.<\/p>\n\n\n\n<p>Bei der Ank\u00fcndigung einer gro\u00dfen Veranstaltung, wie beispielsweise eines Titelkampfes, werden die Boxquoten zun\u00e4chst in Form von Futures ver\u00f6ffentlicht. Dies sind die gr\u00f6bsten Sch\u00e4tzungen, die Quotenmacher zum Zeitpunkt der Ank\u00fcndigung eines Kampfes treffen k\u00f6nnen.&nbsp;<\/p>\n\n\n\n<p>Zu Werbezwecken werden die Boxquoten auch f\u00fcr unangek\u00fcndigte Spiele berechnet, einfach nur, um festzustellen, wie die Lage gerade ist. Wenn der Prozess so einfach ist, warum gibt es dann auf jeder Wettsite unterschiedliche Boxquoten?<\/p>\n\n\n\n<p>Sobald Sie die Quotenvergleichsinstrumente f\u00fcr das Boxen von Betting.com verwenden, werden Sie feststellen, dass verschiedene Buchmacher auf ein und demselben Markt unterschiedliche Ertr\u00e4ge bieten.&nbsp;<\/p>\n\n\n\n<p>Dies geschieht, weil Quotenmacher unterschiedliche Meinungen dar\u00fcber haben, was sich auf die ersten ver\u00f6ffentlichten Boxquoten auswirkt. Obwohl sie dieselbe Software und dieselbe Logik verwenden, wird nicht jeder Faktor auf dieselbe Weise ber\u00fccksichtigt.<\/p>\n\n\n\n<p>Dies ist keine \u00dcberraschung, vor allem, weil es eine Vielzahl von Variablen gibt. Um herauszufinden, welches die h\u00e4ufigsten Faktoren bei der Berechnung von Boxquoten sind, haben wir \u00fcber 20 Buchmacher verfolgt, die sich auf verschiedene Wettbewerbsstufen spezialisiert haben.&nbsp;<\/p>\n\n\n\n<p>Wir haben uns auch intensiv mit jeder Sekunde der Karriere der beiden Boxkontrahenten befasst und festgestellt, dass diese Dinge am wichtigsten sind:<\/p>\n\n\n\n<p><strong>Vorheriger Rekord<\/strong>. Fast immer kursiert der Begriff \u201eUngeschlagen\u201c, wenn es um Boxwetten geht. Zu viele Quotenmacher sind bereit, niedrige Quoten f\u00fcr einen Boxer auszugeben, nur weil dieser alle seine K\u00e4mpfe gewonnen hat.&nbsp;<\/p>\n\n\n\n<p>Obwohl es beeindruckend ist, als Profi ungeschlagen zu sein, relativiert sich dies, wenn man die verschiedenen Signifikanzebenen n\u00e4her betrachtet. Um festzustellen, ob der Favorit wirklich der Favorit ist, werfen Sie einen Blick auf seine vorherigen Gegner.&nbsp;<\/p>\n\n\n\n<p>Boxquoten spiegeln beispielsweise nicht immer die Tatsache wider, dass jemand nur gegen Gegner mit einer k\u00fcrzeren Reichweite gek\u00e4mpft hat. And-O-Rekorde k\u00f6nnen t\u00e4uschen, daher ist das Wetten auf den Gegner der Inbegriff daf\u00fcr, die besten Boxquoten f\u00fcr Ihre Wettscheine zu ergattern.<\/p>\n\n\n\n<p><strong>Methode des Sieges und die damit verbundenen Statistiken.<\/strong> Obwohl Siege immer eine gute Sache sind, werden nicht alle Siege gleich erzielt und die Boxquoten werden von diesem Faktor schnell beeinflusst.&nbsp;<\/p>\n\n\n\n<p>Wenn Sie zwei Boxer miteinander vergleichen und der erste einen 9: 0-Rekord h\u00e4lt, wobei er all seine Gegner durch KO bezwungen hat, w\u00e4hrend der andere den gleichen Rekord hat, aber mit 3 KOs und 6 Siegen durch Entscheidung \u2013 wer ist Ihrer Meinung nach besser?&nbsp;<\/p>\n\n\n\n<p>Genau, wenn Sie nach den heutigen Boxquoten suchen, denken Sie daran, dass KOs und TKOs ein Zeichen von \u00dcberlegenheit sind. Wetten Sie nicht viel auf Boxer, die immer durch Entscheidung gewinnen oder deren K\u00e4mpfe sich lange hinziehen.<\/p>\n\n\n\n<p><strong>Rechtsausleger oder nicht.<\/strong> Wenn es eine Sache gibt, die beim Boxen sicher ist, ist es die Vorstellung, dass orthodoxe Boxer immer zu k\u00e4mpfen haben, wenn sie gegen Rechtsausleger antreten.&nbsp;<\/p>\n\n\n\n<p>Bei den Boxquoten wird die Seltenheit der Rechtsausleger ber\u00fccksichtigt, sodass Sie bei einigen Ihrer Wetten gegen einen Rechtsausleger einen h\u00f6heren Ertrag erzielen k\u00f6nnen. Und warum ist das so? Wenn Sie eine Rechtsauslegerhaltung einnehmen, muss Ihr Gegner Sie auf eine v\u00f6llig andere Weise schlagen. Dadurch kommt es zu Fehlschl\u00e4gen, da die meisten Boxer das Durchdringen einer Rechtsauslegerhaltung nicht trainieren. Vergleichen Sie die verschiedenen Haltungen, bevor Sie eine Reihe von Boxquoten ausw\u00e4hlen.<\/p>\n\n\n\n<p><strong>Alter der Boxer.<\/strong> Zwar k\u00f6nnen Boxer noch bis in die 40er wahre Kampfmaschinen sein, aber der menschliche K\u00f6rper vertr\u00e4gt nur ein gewisses Ma\u00df an Schl\u00e4gen. Es ist bekannt, dass die Boxquoten selbst der besten K\u00e4mpfer mit zunehmendem Alter sinken. Wenn Sie auf den Sieger setzen, m\u00fcssen Sie dies unbedingt ber\u00fccksichtigen.&nbsp;<\/p>\n\n\n\n<p>Um diesen Faktor vollst\u00e4ndig unter Kontrolle zu haben, m\u00fcssen Sie Recherchen zu allem anstellen. Selbst kleine Details, wie die Qualit\u00e4t der Ern\u00e4hrung des jeweiligen Boxers, k\u00f6nnen viel helfen. Hohe Boxquoten f\u00fcr Props mit \u00e4lteren Boxern sind keine Seltenheit, insbesondere, wenn es um TKOs und Zeit bis zum Sieg (Time of Victory) geht.<\/p>\n\n\n\n<p>Jetzt wissen Sie, wie Sie die Boxquoten gem\u00e4\u00df den oben genannten Faktoren analysieren k\u00f6nnen. Sie k\u00f6nnen sehen, dass wir mehrere andere Unterfaktoren erw\u00e4hnt haben, sodass es viele M\u00f6glichkeiten gibt, Ihr Wissen zu erweitern.&nbsp;<\/p>\n\n\n\n<p>Wenn Sie einen Ausgangspunkt f\u00fcr Ihre Boxquotenrecherche finden, l\u00e4sst sich Ihre Bankroll deutlich reibungsloser aufbauen. Bevor Sie jedoch mit dem eigentlichen Wetten beginnen, m\u00fcssen Sie unbedingt lernen, wie Sie die Bewegung der Boxquoten vorhersagen k\u00f6nnen.<\/p>\n\n\n\n<h2 class=\"wp-block-heading\" id=\"wie-andern-sich-box-quoten\">Wie \u00e4ndern sich Box Quoten?<\/h2>\n\n\n\n<p>Boxquoten \u00e4ndern sich immer dann, wenn etwas die Wahrscheinlichkeit eines bestimmten Ergebnisses innerhalb des Kampfes selbst st\u00f6rt. Ein h\u00e4ufiger Fehler ist zu glauben, dass sich die Boxquoten nicht schnell \u00e4ndern, da nicht so viele Variablen im Spiel sind. Wir reden hier ja schlie\u00dflich nur von zwei Boxern, oder? Genau.&nbsp;<\/p>\n\n\n\n<p>Der Mangel an anderen Menschen scheint jedoch keinen Einfluss auf die Vorstellung zu haben, dass Boxquoten zu den Quoten mit den gr\u00f6\u00dften Bewegungen auf dem Markt geh\u00f6ren. Was also ist schief gelaufen? Letzten Endes l\u00e4uft es auf die folgenden Gr\u00fcnde hinaus:<\/p>\n\n\n\n<ul><li>K\u00e4mpfe werden Monate im Voraus angek\u00fcndigt \u2013 da kann noch alles passieren<\/li><\/ul>\n\n\n\n<ul><li>Wir leben im Zeitalter leicht verf\u00fcgbarer Informationen \u2013 Quotenmacher haben Zugriff auf alle Erkenntnisse und z\u00f6gern nicht, die Quoten zu \u00e4ndern<\/li><\/ul>\n\n\n\n<ul><li>Da es so viele Informationen gibt, schlie\u00dfen sich Wetter dem Hype an und beeinflussen so den Markt mit einer \u00fcberm\u00e4\u00dfigen Bevorzugung eines bestimmten Ergebnisses<\/li><\/ul>\n\n\n\n<p>Aufgrund des Einflusses dieser Faktoren sind die Boxquoten \u00e4u\u00dferst anf\u00e4llig f\u00fcr \u00c4nderungen. Wir bei Betting.com sind immer bem\u00fcht, die genaue Antwort auf etwas zu finden, und wollten dieser ganzen \u201eBewegungsangelegenheit\u201c auf den Grund gehen. W\u00e4hrend eines ganzen halben Jahres haben wir beobachtet, wie sich die Boxquoten bewegen und was die Hauptfaktoren f\u00fcr diese \u00c4nderungen sind. Hier ist eine Zusammenfassung unserer Ergebnisse:<\/p>\n\n\n\n<p>Der Schweregrad einer Verletzung. Boxquoten leiden immer dann, wenn sich ein Boxer im Training verletzt. In den Monaten vor dem gro\u00dfen Kampf geschehen solche Dinge h\u00e4ufig. Je nach Schwere einer Verletzung geraten alle Boxquoten in Bewegung. Vermeiden Sie um jeden Preis Wetten auf verletzungsanf\u00e4llige Boxer.<\/p>\n\n\n\n<p>Form. Heutzutage \u00e4ndern sich die Boxquoten t\u00e4glich, da die Boxer bestrebt sind, ihre K\u00f6rper in den sozialen Medien zu pr\u00e4sentieren. Wenn ein Au\u00dfenseiter in einer besseren Verfassung denn je zu sein scheint, wetten Sie auf ihn, bevor es jeder bemerkt.<\/p>\n\n\n\n<p>Verz\u00f6gerungen. Ob Sie es glauben oder nicht, Verz\u00f6gerungen haben einige der besten Boxquoten hervorgebracht, die wir je gesehen haben. Den Kampf ein paar Monate in die Zukunft zu verschieben, kann Wunder f\u00fcr die Genesung beider Boxer bedeuten. Und es bedeutet auch mehr Training.<\/p>\n\n\n\n<h2 class=\"wp-block-heading\" id=\"erkenntnisse-von-betting-com\">Erkenntnisse von Betting.com<\/h2>\n\n\n\n<p>Als Boxexperten wollten wir nicht nur die Boxquoten verstehen. Stattdessen glauben wir, dass es wichtig ist zu wissen, was selbst hinter den attraktivsten M\u00e4rkten steckt. Aus diesem Grund f\u00fchren wir eine weitere Test-Runde durch, damit Sie verstehen, auf was es bei den Boxquoten am meisten ankommt. Zwar k\u00f6nnen diese Indikatoren als unkonkret erachtet werden, sie spiegeln sich jedoch in den Boxquoten auf Ihren Wettscheinen wider.<\/p>\n\n\n\n<p>Pers\u00f6nliche Streitigkeiten wirken sich ebenfalls auf die Boxquoten aus. Ein normalerweise durchschnittlicher Boxer wird definitiv gegen einen Gegner antreten, gegen den er einen Groll hegt. Ob es Ihnen gef\u00e4llt oder nicht, Drama war schon immer ein Teil des Sports und genau darauf sollten Sie bei der Analyse der Boxquoten achten.<\/p>\n\n\n\n<p>Auch die (fehlende) Unterst\u00fctzung durch die Massen kann Ihre Boxchancen beeintr\u00e4chtigen. Wenn eine Arena \u00fcberwiegend f\u00fcr den Au\u00dfenseiter ist, kann ein entscheidender Moment des Jubels schnell zu einer Katastrophe f\u00fcr seinen Gegner f\u00fchren. Deshalb sollten Sie nach Umfragen zum Kampf suchen und Ihre Boxquoten mit ihnen vergleichen.<\/p>\n\n\n\n<p>Pers\u00f6nliche Probleme. Was ein Boxer in seinem Alltag tut, kann sich selbst auf die besten Boxquoten positiv oder negativ auswirken. H\u00fcten Sie sich vor Athleten, von denen bekannt ist, dass sie Probleme mit dem Gesetz oder mit Landesverweisen haben. Sie k\u00f6nnen Ihnen nat\u00fcrlich hohe Gewinne einbringen.<\/p>\n\n\t\t<\/article>\n\t\t<div class=\"lg:w-[300px] lg:flex-shrink-0 relative\" x-data=\"{show_toc: false}\">\n\t\t\t<div class=\"lg:sticky lg:top-4 z-30\">\n\t\t\t\t<div class=\"fixed -top-64 left-0 w-full z-50 lg:static transition-all hidden lg:block\" id=\"fixed-toc\">\n\t\t\t\t\t<div>\n\t\t\t\t<div class=\"border-b border-solid border-gray-30 text-lg font-bold lg:pt-7 max-lg:px-4 py-3 flex items-center justify-between bg-white lg:bg-transparent\">\n\t\t\tWas gibt es auf dieser Seite\n\t\t\t<button @click=\"show_toc = true\" class=\"btn btn-red-outline-white block lg:hidden\">Jump to<\/button>\n\t\t<\/div>\n\t\t\t\t<div\n\t\t\tclass=\"max-lg:fixed max-lg:top-0 max-lg:left-0 max-lg:w-screen max-lg:h-screen max-lg:bg-gray-70 max-lg:bg-opacity-75 max-lg:hidden\"\n\t\t\t:class=\"{'max-lg:hidden': !show_toc}\"\n\t\t\t@click=\"show_toc = false\"\n\t\t>\n\t\t\t<div class=\"max-lg:absolute max-lg:bottom-0 max-lg:left-0 max-lg:w-screen bg-white lg:bg-transparent\">\n\t\t\t\t\t\t\t\t<div class=\"flex lg:hidden items-center justify-between mx-4 border-b border-solid border-gray-30 pt-6 pb-2 font-bold\">\n\n\t\t\t\t\tAuf dieser Seite\n\t\t\t\t\t<button @click=\"show_toc = false\">\n\t\t\t\t\t\t<svg class=\"w-5 h-5 text-gray-100\" xmlns=\"http:\/\/www.w3.org\/2000\/svg\" fill=\"none\" stroke=\"currentColor\" stroke-width=\"1.5\" class=\"w-6 h-6\" viewBox=\"0 0 24 24\"><path stroke-linecap=\"round\" stroke-linejoin=\"round\" d=\"M6 18 18 6M6 6l12 12\"\/><\/svg>\t\t\t\t\t<\/button>\n\t\t\t\t<\/div>\n\t\t\t\t<ul id=\"toc\" class=\"mt-5 max-h-[85vh] overflow-y-auto list-none bt-scrollbars\">\n\n\t\t\t\t\t\t\t\t\t\t\t<li>\n\t\t\t\t\t\t\t<a href=\"#boxen-wettquoten-fur-die-heutigen-veranstaltungen-vergleichen\" data-bt-toc-item=\"boxen-wettquoten-fur-die-heutigen-veranstaltungen-vergleichen\"\n\t\t\t\t\t\t\t\t @click=\"show_toc = false\"\n\t\t\t\t\t\t\t\t class=\"block px-4 py-2 text-black border-l-4 border-solid border-transparent hover:border-red-100 transition-all hover:!border-b-0 hover:font-bold\">\nBoxen Wettquoten f\u00fcr die Heutigen Veranstaltungen vergleichen\n<\/a>\n\t\t\t\t\t\t<\/li>\n\t\t\t\t\t\t\t\t\t\t\t<li>\n\t\t\t\t\t\t\t<a href=\"#so-konnen-sie-box-quoten-zu-ihrem-vorteil-nutzen\" data-bt-toc-item=\"so-konnen-sie-box-quoten-zu-ihrem-vorteil-nutzen\"\n\t\t\t\t\t\t\t\t @click=\"show_toc = false\"\n\t\t\t\t\t\t\t\t class=\"block px-4 py-2 text-black border-l-4 border-solid border-transparent hover:border-red-100 transition-all hover:!border-b-0 hover:font-bold\">\nSo k\u00f6nnen sie Box Quoten zu Ihrem vorteil nutzen\n<\/a>\n\t\t\t\t\t\t<\/li>\n\t\t\t\t\t\t\t\t\t\t\t<li>\n\t\t\t\t\t\t\t<a href=\"#wer-berechnet-die-quoten-beim-boxen\" data-bt-toc-item=\"wer-berechnet-die-quoten-beim-boxen\"\n\t\t\t\t\t\t\t\t @click=\"show_toc = false\"\n\t\t\t\t\t\t\t\t class=\"block px-4 py-2 text-black border-l-4 border-solid border-transparent hover:border-red-100 transition-all hover:!border-b-0 hover:font-bold\">\nWer berechnet die Quoten beim Boxen?\n<\/a>\n\t\t\t\t\t\t<\/li>\n\t\t\t\t\t\t\t\t\t\t\t<li>\n\t\t\t\t\t\t\t<a href=\"#wie-andern-sich-box-quoten\" data-bt-toc-item=\"wie-andern-sich-box-quoten\"\n\t\t\t\t\t\t\t\t @click=\"show_toc = false\"\n\t\t\t\t\t\t\t\t class=\"block px-4 py-2 text-black border-l-4 border-solid border-transparent hover:border-red-100 transition-all hover:!border-b-0 hover:font-bold\">\nWie \u00e4ndern sich Box Quoten?\n<\/a>\n\t\t\t\t\t\t<\/li>\n\t\t\t\t\t\t\t\t\t\t\t<li>\n\t\t\t\t\t\t\t<a href=\"#erkenntnisse-von-betting-com\" data-bt-toc-item=\"erkenntnisse-von-betting-com\"\n\t\t\t\t\t\t\t\t @click=\"show_toc = false\"\n\t\t\t\t\t\t\t\t class=\"block px-4 py-2 text-black border-l-4 border-solid border-transparent hover:border-red-100 transition-all hover:!border-b-0 hover:font-bold\">\nErkenntnisse von Betting.com\n<\/a>\n\t\t\t\t\t\t<\/li>\n\t\t\t\t\t\t\t\t\t<\/ul>\n\t\t\t\t\t\t\t\t\t\t\t<\/div>\n\t\t<\/div>\n\t<\/div>\n\t\t\t\t\t<\/div>\n\t\t\t<\/div>\n\t\t<\/div>\n\t<\/div>\n<\/div>\n\t<\/div>\n<\/div>\n\n","protected":false},"excerpt":{"rendered":"","protected":false},"author":6,"featured_media":484,"parent":968,"menu_order":1000,"comment_status":"closed","ping_status":"closed","template":"","meta":{"footnotes":""},"tags":[],"acf":[],"_links":{"self":[{"href":"https:\/\/betting.com\/de\/wp-json\/wp\/v2\/pages\/72"}],"collection":[{"href":"https:\/\/betting.com\/de\/wp-json\/wp\/v2\/pages"}],"about":[{"href":"https:\/\/betting.com\/de\/wp-json\/wp\/v2\/types\/page"}],"author":[{"embeddable":true,"href":"https:\/\/betting.com\/de\/wp-json\/wp\/v2\/users\/6"}],"replies":[{"embeddable":true,"href":"https:\/\/betting.com\/de\/wp-json\/wp\/v2\/comments?post=72"}],"version-history":[{"count":5,"href":"https:\/\/betting.com\/de\/wp-json\/wp\/v2\/pages\/72\/revisions"}],"predecessor-version":[{"id":6145,"href":"https:\/\/betting.com\/de\/wp-json\/wp\/v2\/pages\/72\/revisions\/6145"}],"up":[{"embeddable":true,"href":"https:\/\/betting.com\/de\/wp-json\/wp\/v2\/pages\/968"}],"wp:featuredmedia":[{"embeddable":true,"href":"https:\/\/betting.com\/de\/wp-json\/wp\/v2\/media\/484"}],"wp:attachment":[{"href":"https:\/\/betting.com\/de\/wp-json\/wp\/v2\/media?parent=72"}],"wp:term":[{"taxonomy":"post_tag","embeddable":true,"href":"https:\/\/betting.com\/de\/wp-json\/wp\/v2\/tags?post=72"}],"curies":[{"name":"wp","href":"https:\/\/api.w.org\/{rel}","templated":true}]}}