{"id":67,"date":"2022-06-15T08:56:33","date_gmt":"2022-06-15T08:56:33","guid":{"rendered":"https:\/\/betting.com\/de\/?page_id=67"},"modified":"2023-08-02T12:31:08","modified_gmt":"2023-08-02T12:31:08","slug":"quoten","status":"publish","type":"page","link":"https:\/\/betting.com\/de\/basketball\/quoten","title":{"rendered":"Basketball Quoten"},"content":{"rendered":"<div class=\" container-white py-8\">\n\t<div class=\"wp-block-container-toc  \">\n\t\t\t<div class=\"bg-white\">\n\t<div class=\"flex flex-col-reverse lg:flex-row lg:gap-8 py-10\">\n\t\t<article class=\"max-w-[960px] flex-grow\" data-bt-content>\n\t\t\t\n<h2 class=\"wp-block-heading\" id=\"verstehen-der-wissenschaft-hinter-den-basketballquoten\">Verstehen der Wissenschaft hinter den Basketballquoten<\/h2>\n\n\n\n<p>Neben Fu\u00dfball war Basketball schon immer ein Eckpfeiler der Sportwetten-Community. \u00c4hnlich wie sein \u201eRasen\u201c-Gegenst\u00fcck hat dieser Sport einen wirklich globalen Einfluss. Aufgrund dieser umwerfenden Beliebtheit ist es Wettern gelungen, viele komplizierte Wettsysteme zu entwickeln.&nbsp;<\/p>\n\n\n\n<p>Einige dieser Ans\u00e4tze haben sich als erfolgreich erwiesen, w\u00e4hrend andere jene, die mutig genug sind, sie auszuprobieren, oft entt\u00e4uschen. Beide Sportarten erfordern jedoch ein Verst\u00e4ndnis der entsprechenden Quoten.<\/p>\n\n\n\n<p>Um Ihnen bei jedem Wettschein, den Sie abgeben m\u00f6chten, zu helfen, haben wir beschlossen, einen umfassenden Leitfaden zu allen Aspekten der Basketballquoten zusammenzustellen.&nbsp;<\/p>\n\n\n\n<p>Sobald Sie erkennen, wie die Quoten berechnet werden, wie sie sich bewegen und wie Sie sie zu Ihrem Vorteil manipulieren k\u00f6nnen, werden Ihre Wetten konsistenter und genauer. Wer Basketballquoten versteht, ist oft mit einer gut florierenden Bankroll gesegnet. Kommen wir also zur Sache.<\/p>\n\n\n\n<h2 class=\"wp-block-heading\" id=\"wie-werden-basketballquoten-berechnet\">Wie werden Basketballquoten berechnet?<\/h2>\n\n\n\n<p>Basketballquoten werden von Quotenmachern berechnet. Das sind Profis, die \u00fcber ein umfassendes Wissen \u00fcber alle Aspekte des Spiels verf\u00fcgen, wodurch sie die Wahrscheinlichkeiten eines Ereignisses auf dem Spielfeld genau vorhersagen k\u00f6nnen.&nbsp;<\/p>\n\n\n\n<p>Quotenmacher sind keine Hellseher und sie liegen oft falsch, aber f\u00fcr ihre Arbeit m\u00fcssen sie nicht 100 % pr\u00e4zise sein. Stattdessen m\u00fcssen sie den Wetter nur Basketballquoten geben, die sowohl auf konkreten als auch auf unkonkreten Argumenten basieren.<\/p>\n\n\n\n<p>Basketballquoten werden zwei oder drei Wochen vor dem eigentlichen Spiel ver\u00f6ffentlicht. F\u00fcr viele von uns scheint dies auf den ersten Blick erst einmal seltsam zu sein. Die Berechnung der Basketballquoten mehr als zwei Wochen in Voraus ist jedoch nicht m\u00f6glich, haupts\u00e4chlich aufgrund der folgenden Faktoren:<\/p>\n\n\n\n<p><strong>Die Form ist wichtig.<\/strong> Beim Basketball kommt es mehr als bei jeder anderen Sportart auf die Dynamik an. Auch wenn eine Mannschaft anfangs noch nicht gut aufgestellt war, kann sie dennoch erstaunliche Ergebnisse erzielen, wenn sie ihren Rhythmus gefunden hat. <\/p>\n\n\n\n<p>Aus diesem Grund kann man technisch nie wissen, ob es eine Mannschaft schafft, in der Vorsaison oder in der Zwischensaison eine Erfolgsstr\u00e4hne zu haben. Zwei Wochen vor dem Spiel ist ein idealer Zeitplan, da es sowohl Buchmachern als auch Quotenmachern ausreichend Zeit gibt, die Basketballquoten anzupassen und zu \u00e4ndern.<\/p>\n\n\n\n<p><strong>Ja, Cinderella-Storys kommen vor.<\/strong> Erinnern Sie an die Toronto Raptors w\u00e4hrend der NBA-Saison 2018\/9, obwohl alle sie als Verlierer gesehen haben? Basketballquoten k\u00f6nnen solche Situationen nicht ber\u00fccksichtigen, daher m\u00fcssen sie kurz vor dem eigentlichen Spiel ver\u00f6ffentlicht werden. Wenn Sie Basketball-Quotenvergleichsinstrumente nutzen, k\u00f6nnen Sie vergleichen, wie verschiedene Quotenmacher und Sportwetten die Chancen einer Mannschaft wahrnehmen.<\/p>\n\n\n\n<p><strong>Der Schwerpunkt liegt auf dem Spieler.<\/strong> Wenn Sie nach den besten Basketballquoten suchen, m\u00fcssen Sie wissen, dass ein Spiel leicht von einem einzelnen Spieler beeinflusst werden kann. Beim Fu\u00dfball gibt es 11 Spieler auf dem Spielfeld, und alle m\u00fcssen als Team zusammenarbeiten, um erfolgreich zu sein. Beim Basketball k\u00f6nnen die Spieler das Spiel \u00fcbernehmen, da sich jeweils nur zehn Spieler auf dem Platz befinden.<\/p>\n\n\n\n<p>Da es sich um einen Sport mit derart vielen Stars handelt, ist die korrekte Berechnung der Basketballquoten besonders entmutigend. Dadurch reduziert sich die Anzahl der Variablen, die sich auf das Endergebnis auswirken k\u00f6nnen.&nbsp;<\/p>\n\n\n\n<p>Sie k\u00f6nnen jedoch stets nach den heutigen Basketballquoten suchen und sich auf Spieler anstatt auf ganze Mannschaften konzentrieren. Dies ist eine Strategie, die von vielen Tpstern verfolgt wird und die unserer Erfahrung nach recht erfolgreich ist.<\/p>\n\n\n\n<p>Aufgrund der ganzen Star Power, insbesondere in der NBA und bei internationalen Wettbewerben, dreht sich bei Basketballwetten alles um die Props. Es ist einfach, einzelnen Spielern zu folgen und Ihr Wissen in Kombination mit den Basketballquoten zu nutzen, die wir Ihnen bei Betting.com bieten.<\/p>\n\n\n\n<h2 class=\"wp-block-heading\" id=\"wie-andern-sich-basketballquoten\">Wie \u00e4ndern sich Basketballquoten?<\/h2>\n\n\n\n<p>Basketballquoten werden ge\u00e4ndert, wenn Quotenmacher ein bestimmtes Ereignis oder eine bestimmte Entwicklung f\u00fcr signifikant genug halten, um die bestehenden Wahrscheinlichkeiten eines bestimmten Ergebnisses zu gef\u00e4hrden. Sobald Quoten bei Online-Sportwetten angezeigt werden, werden diese sehr genau \u00fcberwacht und dahingehend aktualisiert, wie es der Buchmacher oder die Quotenmacher f\u00fcr richtig halten.<\/p>\n\n\n\n<p>Einige Faktoren und Variablen beeinflussen die Basketballquoten st\u00e4rker als andere, was bedeutet, dass die \u00c4nderung der urspr\u00fcnglich ver\u00f6ffentlichten Zahlen gr\u00f6\u00dfer ist. Hier sind einige Ereignisse, die die Basketballquoten am meisten beeinflussen:<\/p>\n\n\n\n<p>Die Chemie stimmt nicht. Beim Basketball ist der Platz klein und der Trainer kann im Umgang mit der Mannschaft aktiv und direkt eingreifen. Die Spieler m\u00fcssen au\u00dferdem synchroner sein als bei anderen Sportarten, sodass selbst kleinste Probleme die Art und Weise beeinflussen k\u00f6nnen, in der eine Mannschaft spielt.&nbsp;<\/p>\n\n\n\n<p>Aufs\u00e4ssigkeiten gegen Trainer sind ziemlich h\u00e4ufig, besonders bei NBA-Mannschaften. Daher ist es nicht ungew\u00f6hnlich, dass Spieler versuchen, einen Trainer mit einem absichtlich schlechten Spiel zu verdr\u00e4ngen, nur um dann \u00fcberragende Erfolge zu feiern, wenn er weg ist. Dies hat einen gro\u00dfen Einfluss auf die Basketballquoten.<\/p>\n\n\n\n<p>Verletzungen. Wenn Sie auf einen Kontaktsport wetten, der bei jeder Bewegung viele Richtungs\u00e4nderungen mit sich bringt, wissen Sie, dass etwas schief gehen kann. Basketballquoten \u00e4ndern sich, wenn ein wichtiger Spieler verletzt wird, da seine Abwesenheit den Spielplan der Mannschaft st\u00f6rt und deren allgemeinen Gewinnchancen mindert. Je wichtiger ein Spieler ist, desto gr\u00f6\u00dfer ist die \u00c4nderung der Basketballquoten.<\/p>\n\n\n\n<p>Die Bedeutung des Spiels f\u00fcr die beiden Mannschaften. Dieser Faktor tritt meistens am Ende von Spielzeiten oder Wettbewerben auf und die meisten Spieler verstehen die Auswirkungen auf die Basketballquoten nicht richtig. <\/p>\n\n\n\n<p>Wenn eine schw\u00e4chere Mannschaft gegen einen st\u00e4rkeren Gegner spielt und gewinnt, um in die Playoffs einzutreten, werden die Basketball-Wettquoten sie sogar leicht beg\u00fcnstigen, da die Quoten hoch sind und sie jede Art von Hilfe brauchen k\u00f6nnen, die sie bekommen k\u00f6nnen.<\/p>\n\n\n\n<p>Die Basketballquoten k\u00f6nnen sich sogar aufgrund weniger wichtiger Faktoren \u00e4ndern, z. B. aufgrund eines pers\u00f6nlichen Grolls zwischen zwei Spielern in gegnerischen Mannschaften oder sogar aufgrund von Spielern, die ihre pers\u00f6nlichen Rekorde verfolgen. Verfolgen Sie die Entwicklungen vor dem Spiel genau, um sicherzustellen, dass Sie Ihrem Wettschein nur die besten Basketballquoten hinzuf\u00fcgen.<\/p>\n\n\n\n<h2 class=\"wp-block-heading\" id=\"erkenntnisse-von-betting-com\">Erkenntnisse von Betting.com<\/h2>\n\n\n\n<p>Basketballquoten sind leicht zu erfassen, aber nur, wenn Sie wirklich jeden Aspekt auf Dinge analysieren, die schief gehen k\u00f6nnten. Wir bei Betting.com bevorzugen immer eine analytische Haltung gegen\u00fcber Basketballquoten, da wir uns bem\u00fchen, sowohl konkrete als auch unkonkrete Variablen zu ber\u00fccksichtigen.<\/p>\n\n\n\n<p>Die Art und Weise, in der Statistiken und Muster die Basketballquoten beeinflussen, ist gr\u00f6\u00dftenteils gar nicht so schwer zu verstehen. Es ist der unkonkrete Teil, der alle verwirrt. Deshalb m\u00fcssen Sie beim Wetten auf Basketball auf diese weniger begehrten Facetten achten:<\/p>\n\n\n\n<p><strong>Lastenmanagement Ein Trend<\/strong>, der in der NBA mit Kawhi Leonard begann. Das Lastmanagement kann selbst die stabilsten Basketballquoten in Bewegung bringen. Bei jedem Wettbewerb muss ein Team den Preis im Auge haben, was bedeutet, dass jeder <strong>Spieler auf den Titelgewinn konditioniert werden muss<\/strong>. Spieler sind auch nur Menschen und m\u00fcssen sich von Zeit zu Zeit ausruhen, insbesondere bei Spielen gegen schw\u00e4chere Gegner. Beobachten Sie diese Muster, um die Basketballchancen besser zu verstehen.<\/p>\n\n\n\n<p><strong>Rivalit\u00e4ten.<\/strong> Sie k\u00f6nnen darauf wetten, dass sich die Basketballquoten wahrscheinlich \u00e4ndern werden, wenn beispielsweise die Lakers gegen die Celtics spielen. Selbst wenn eine der Mannschaften im Augenblick schlecht ist, werden sie ihr Spiel verbessern, um ihre Ehre gegen den historischen Rivalen zu verteidigen. Die meisten Quotenmacher ber\u00fccksichtigen dies bei der Berechnung der Basketballquoten nicht. Sie haben also die M\u00f6glichkeit, saftige Gewinne zu erzielen.<\/p>\n\n\n\n<p><strong>Taktik<\/strong>. Basketballquoten k\u00f6nnen auch dadurch beeinflusst werden, wie eine Mannschaft auf die Taktik der jeweils anderen Mannschaft reagiert. Selbst wenn eine Mannschaft jeden, der ihm im Weg steht, \u00fcberrollt, hat sie dennoch taktische Schw\u00e4chen, wie z. B. die Reaktion auf die Zonenverteidigung, das Pick-and-Roll-Spiel usw. Studieren Sie das Spiel, um die Basketballquoten richtig zu beurteilen.<\/p>\n\n\n\n<h2 class=\"wp-block-heading\" id=\"welche-markte-haben-die-lukrativsten-basketballquoten\">Welche M\u00e4rkte Haben die Lukrativsten Basketballquoten?<\/h2>\n\n\n\n<p>Der allgemeine Konsens ist, dass die besten Basketballquoten in der Spread-Wettnische zu finden sind. Im Gegensatz zum \u00fcblichen Format, bei dem Sie darauf wetten, wer gewinnt, k\u00f6nnen Sie anhand von Spreads beurteilen, in welchem Ausma\u00df eine Mannschaft gewinnt, verliert oder sogar, welche Punkte beide Mannschaften erhalten werden. Spreads belohnen traditionell pr\u00e4zise Vorhersagen und geben ihnen das prahlerische Recht, die besten Basketballquoten anzubieten.<\/p>\n\n\t\t<\/article>\n\t\t<div class=\"lg:w-[300px] lg:flex-shrink-0 relative\" x-data=\"{show_toc: false}\">\n\t\t\t<div class=\"lg:sticky lg:top-4 z-30\">\n\t\t\t\t<div class=\"fixed -top-64 left-0 w-full z-50 lg:static transition-all hidden lg:block\" id=\"fixed-toc\">\n\t\t\t\t\t<div>\n\t\t\t\t<div class=\"border-b border-solid border-gray-30 text-lg font-bold lg:pt-7 max-lg:px-4 py-3 flex items-center justify-between bg-white lg:bg-transparent\">\n\t\t\tWas gibt es auf dieser Seite\n\t\t\t<button @click=\"show_toc = true\" class=\"btn btn-red-outline-white block lg:hidden\">Jump to<\/button>\n\t\t<\/div>\n\t\t\t\t<div\n\t\t\tclass=\"max-lg:fixed max-lg:top-0 max-lg:left-0 max-lg:w-screen max-lg:h-screen max-lg:bg-gray-70 max-lg:bg-opacity-75 max-lg:hidden\"\n\t\t\t:class=\"{'max-lg:hidden': !show_toc}\"\n\t\t\t@click=\"show_toc = false\"\n\t\t>\n\t\t\t<div class=\"max-lg:absolute max-lg:bottom-0 max-lg:left-0 max-lg:w-screen bg-white lg:bg-transparent\">\n\t\t\t\t\t\t\t\t<div class=\"flex lg:hidden items-center justify-between mx-4 border-b border-solid border-gray-30 pt-6 pb-2 font-bold\">\n\n\t\t\t\t\tAuf dieser Seite\n\t\t\t\t\t<button @click=\"show_toc = false\">\n\t\t\t\t\t\t<svg class=\"w-5 h-5 text-gray-100\" xmlns=\"http:\/\/www.w3.org\/2000\/svg\" fill=\"none\" stroke=\"currentColor\" stroke-width=\"1.5\" class=\"w-6 h-6\" viewBox=\"0 0 24 24\"><path stroke-linecap=\"round\" stroke-linejoin=\"round\" d=\"M6 18 18 6M6 6l12 12\"\/><\/svg>\t\t\t\t\t<\/button>\n\t\t\t\t<\/div>\n\t\t\t\t<ul id=\"toc\" class=\"mt-5 max-h-[85vh] overflow-y-auto list-none bt-scrollbars\">\n\n\t\t\t\t\t\t\t\t\t\t\t<li>\n\t\t\t\t\t\t\t<a href=\"#verstehen-der-wissenschaft-hinter-den-basketballquoten\" data-bt-toc-item=\"verstehen-der-wissenschaft-hinter-den-basketballquoten\"\n\t\t\t\t\t\t\t\t @click=\"show_toc = false\"\n\t\t\t\t\t\t\t\t class=\"block px-4 py-2 text-black border-l-4 border-solid border-transparent hover:border-red-100 transition-all hover:!border-b-0 hover:font-bold\">\nVerstehen der Wissenschaft hinter den Basketballquoten\n<\/a>\n\t\t\t\t\t\t<\/li>\n\t\t\t\t\t\t\t\t\t\t\t<li>\n\t\t\t\t\t\t\t<a href=\"#wie-werden-basketballquoten-berechnet\" data-bt-toc-item=\"wie-werden-basketballquoten-berechnet\"\n\t\t\t\t\t\t\t\t @click=\"show_toc = false\"\n\t\t\t\t\t\t\t\t class=\"block px-4 py-2 text-black border-l-4 border-solid border-transparent hover:border-red-100 transition-all hover:!border-b-0 hover:font-bold\">\nWie werden Basketballquoten berechnet?\n<\/a>\n\t\t\t\t\t\t<\/li>\n\t\t\t\t\t\t\t\t\t\t\t<li>\n\t\t\t\t\t\t\t<a href=\"#wie-andern-sich-basketballquoten\" data-bt-toc-item=\"wie-andern-sich-basketballquoten\"\n\t\t\t\t\t\t\t\t @click=\"show_toc = false\"\n\t\t\t\t\t\t\t\t class=\"block px-4 py-2 text-black border-l-4 border-solid border-transparent hover:border-red-100 transition-all hover:!border-b-0 hover:font-bold\">\nWie \u00e4ndern sich Basketballquoten?\n<\/a>\n\t\t\t\t\t\t<\/li>\n\t\t\t\t\t\t\t\t\t\t\t<li>\n\t\t\t\t\t\t\t<a href=\"#erkenntnisse-von-betting-com\" data-bt-toc-item=\"erkenntnisse-von-betting-com\"\n\t\t\t\t\t\t\t\t @click=\"show_toc = false\"\n\t\t\t\t\t\t\t\t class=\"block px-4 py-2 text-black border-l-4 border-solid border-transparent hover:border-red-100 transition-all hover:!border-b-0 hover:font-bold\">\nErkenntnisse von Betting.com\n<\/a>\n\t\t\t\t\t\t<\/li>\n\t\t\t\t\t\t\t\t\t\t\t<li>\n\t\t\t\t\t\t\t<a href=\"#welche-markte-haben-die-lukrativsten-basketballquoten\" data-bt-toc-item=\"welche-markte-haben-die-lukrativsten-basketballquoten\"\n\t\t\t\t\t\t\t\t @click=\"show_toc = false\"\n\t\t\t\t\t\t\t\t class=\"block px-4 py-2 text-black border-l-4 border-solid border-transparent hover:border-red-100 transition-all hover:!border-b-0 hover:font-bold\">\nWelche M\u00e4rkte Haben die Lukrativsten Basketballquoten?\n<\/a>\n\t\t\t\t\t\t<\/li>\n\t\t\t\t\t\t\t\t\t<\/ul>\n\t\t\t\t\t\t\t\t\t\t\t<\/div>\n\t\t<\/div>\n\t<\/div>\n\t\t\t\t\t<\/div>\n\t\t\t<\/div>\n\t\t<\/div>\n\t<\/div>\n<\/div>\n\t<\/div>\n<\/div>\n\n","protected":false},"excerpt":{"rendered":"","protected":false},"author":6,"featured_media":482,"parent":947,"menu_order":1000,"comment_status":"closed","ping_status":"closed","template":"","meta":{"footnotes":""},"tags":[],"acf":[],"_links":{"self":[{"href":"https:\/\/betting.com\/de\/wp-json\/wp\/v2\/pages\/67"}],"collection":[{"href":"https:\/\/betting.com\/de\/wp-json\/wp\/v2\/pages"}],"about":[{"href":"https:\/\/betting.com\/de\/wp-json\/wp\/v2\/types\/page"}],"author":[{"embeddable":true,"href":"https:\/\/betting.com\/de\/wp-json\/wp\/v2\/users\/6"}],"replies":[{"embeddable":true,"href":"https:\/\/betting.com\/de\/wp-json\/wp\/v2\/comments?post=67"}],"version-history":[{"count":7,"href":"https:\/\/betting.com\/de\/wp-json\/wp\/v2\/pages\/67\/revisions"}],"predecessor-version":[{"id":6144,"href":"https:\/\/betting.com\/de\/wp-json\/wp\/v2\/pages\/67\/revisions\/6144"}],"up":[{"embeddable":true,"href":"https:\/\/betting.com\/de\/wp-json\/wp\/v2\/pages\/947"}],"wp:featuredmedia":[{"embeddable":true,"href":"https:\/\/betting.com\/de\/wp-json\/wp\/v2\/media\/482"}],"wp:attachment":[{"href":"https:\/\/betting.com\/de\/wp-json\/wp\/v2\/media?parent=67"}],"wp:term":[{"taxonomy":"post_tag","embeddable":true,"href":"https:\/\/betting.com\/de\/wp-json\/wp\/v2\/tags?post=67"}],"curies":[{"name":"wp","href":"https:\/\/api.w.org\/{rel}","templated":true}]}}