{"id":65,"date":"2022-06-15T08:40:22","date_gmt":"2022-06-15T08:40:22","guid":{"rendered":"https:\/\/betting.com\/de\/?page_id=65"},"modified":"2023-08-02T12:31:08","modified_gmt":"2023-08-02T12:31:08","slug":"quoten","status":"publish","type":"page","link":"https:\/\/betting.com\/de\/oesterreichische-bundesliga\/quoten","title":{"rendered":"\u00d6sterreichische 1. Bundesliga Quoten"},"content":{"rendered":"<div class=\" container-white py-8\">\n\t<div class=\"wp-block-container-toc  \">\n\t\t\t<div class=\"bg-white\">\n\t<div class=\"flex flex-col-reverse lg:flex-row lg:gap-8 py-10\">\n\t\t<article class=\"max-w-[960px] flex-grow\" data-bt-content>\n\t\t\t\n<h2 class=\"wp-block-heading\" id=\"die-quoten-der-osterreichischen-bundesliga\">Die Quoten der \u00d6sterreichischen Bundesliga<\/h2>\n\n\n\n<p>Die \u00f6sterreichische Bundesliga z\u00e4hlt unter Wettspielern schon lange als eine Art \u201cGeheimwaffe\u201d, aber die letzten Jahre haben die Quoten der \u00f6sterreichischen Bundesliga sogar Wettspieler auf globaler Ebene angezogen.&nbsp;<\/p>\n\n\n\n<p>Der Grund, warum Wettspieler aus aller Welt auf die \u00f6sterreichische Bundesliga wetten, ist, weil die Liga relativ berechenbar ist. Red Bull Salzburg hat die letzten sieben Meistertitel gewonnen. Dies alleine zeigt schon, dass es in der \u00f6sterreichischen Bundesliga einen klaren Favoriten gibt.&nbsp;<\/p>\n\n\n\n<p>Abgesehen von Red Bull Salzburg ist die Liga jedoch sehr ausgeglichen und bekannt daf\u00fcr, dass Spiele relativ oft in einem Unentschieden enden. Diese Informationen machen die Liga berechenbar. Zudem vergeben Buchmacher oft sehr gute Quoten auf die Spiele der \u00f6sterreichischen Bundesliga. Quoten zwischen 2.40 und 3.10 sind keine Seltenheit.&nbsp;<\/p>\n\n\n\n<h2 class=\"wp-block-heading\" id=\"die-struktur-der-osterreichischen-bundesliga\">Die Struktur der \u00d6sterreichischen Bundesliga<\/h2>\n\n\n\n<p>Die \u00f6sterreichische Bundesliga ist die h\u00f6chste Fu\u00dfballliga in \u00d6sterreich. Der heutige Modus der Liga unterscheidet sich zu vielen anderen Fu\u00dfball-Profiligen. Die Saison f\u00e4ngt mit 12 Mannschaften an, die alle 22 Spiele bestreiten. Wenn diese Spiele abgeschlossen sind, werden die Karten neu gemischt.&nbsp;<\/p>\n\n\n\n<p>Die Punkte, die jede Mannschaft zu diesem Zeitpunkt erzielt hat, werden halbiert und die Meisterschaft wird in zwei separaten Gruppen ausgetragen. Die ersten sechs Mannschaften spielen um die Meisterschaft und die internationalen Pl\u00e4tze. Die unteren sechs Teams spielen um den Abstieg.&nbsp;<\/p>\n\n\n\n<p>Um die Abstiegsrunde neben dem Abstiegskampf zus\u00e4tzlich interessanter zu gestalten, erh\u00e4lt die Mannschaft, die den siebten Platz erreicht, die M\u00f6glichkeit, gegen die Mannschaft anzutreten, die den letzten Europa League Qualifikationsplatz erreicht hat. Die Mannschaft, die dieses Spiel gewinnt, erh\u00e4lt den letzten Europa League Platz.&nbsp;<\/p>\n\n\n\n<p>Die Mannschaft, die nach Saisonende auf dem letzten Tabellenplatz steht, steigt automatisch in die Zweite Liga ab. Die Meistermannschaft qualifiziert sich automatisch f\u00fcr die Champions League Gruppenphase, der Vizemeister sichert sich einen Platz in der dritten Runde der Champions League Qualifikation und die drittplatzierte Mannschaft sichert sich einen Platz in der Gruppenphase der Europa League.&nbsp;<\/p>\n\n\n\n<p>Zus\u00e4tzlich f\u00fcr die Gruppenphase der Europa League qualifiziert sich die Mannschaft, die den&nbsp;<\/p>\n\n\n\n<p>Austrian Cup gewinnt. Die viertplatzierte Mannschaft erh\u00e4lt einen Platz in der dritten Qualifikationsrunde der Europa League.<\/p>\n\n\n\n<h2 class=\"wp-block-heading\" id=\"die-beliebtesten-wettmarkte-der-osterreichischen-bundesliga\">Die beliebtesten Wettm\u00e4rkte der \u00d6sterreichischen Bundesliga<\/h2>\n\n\n\n<p><strong>&#8211; Spielergebnis (1&#215;2)<\/strong> &#8211; Hier wird auf den Ausgang des Spiels gewettet. In der \u00f6sterreichischen Bundesliga w\u00e4re dies Sieg, Niederlage oder Unentschieden nach Spielende.<\/p>\n\n\n\n<p><strong>&#8211; \u00dcber\/Unter Tore<\/strong> &#8211; Hier geben die Buchmacher eine Dezimalzahl wie zum Beispiel 3.5 oder 4.5 an, die die Tore reflektieren sollen und deine Aufgabe ist es darauf zu wetten, ob mehr oder weniger Tore als diese Anzahl geschossen werden.&nbsp;<\/p>\n\n\n\n<p><strong>&#8211; Handicap<\/strong> &#8211; Bei Handicap Wetten wird darauf gewettet, um wie viel Tore die st\u00e4rkere Mannschaft gewinnen wird.<\/p>\n\n\n\n<h2 class=\"wp-block-heading\" id=\"die-zukunftswetten-in-der-osterreichischen-bundesliga\">Die Zukunftswetten In der \u00d6sterreichischen Bundesliga<\/h2>\n\n\n\n<p>Dies ist ein interessanter Markt, speziell, wenn man am Anfang der Saison darauf wettet, welche Mannschaft den Meistertitel holen wird. Jetzt werden sich einige Leute denken, dass sich hier einfaches Geld verdienen l\u00e4sst, da Red Bull Salzburg oft als klarer Favorit in die Saison geht und die Meistertitel der letzten sieben Jahre dies auch best\u00e4tigen.&nbsp;<\/p>\n\n\n\n<p>Nat\u00fcrlich sind sich dessen auch die Buchmacher bewusst und werden die Quoten auf einen Meistertitel dementsprechend anpassen. Wo es hier jedoch interessant werden k\u00f6nnte, ist, wenn man geringe Betr\u00e4ge auf Au\u00dfenseitermannschaften setzt. Denn selbst kleine Wetteins\u00e4tze k\u00f6nnen auf diesen Markt gro\u00dfe Gewinne einbringen.&nbsp;<\/p>\n\n\n\n<p>Eine zus\u00e4tzliche Zukunftswette, die unter Wettspielern beliebt ist, ist darauf zu wetten, welcher Spieler zum Torsch\u00fctzenk\u00f6nig wird. 2021\/22 wurde es Karim Adeyemi, der auf insgesamt 19 Tore in 29 Spiele kam. Auch f\u00fcr Zukunftswetten kannst du unseren Quotenvergleich benutzen.&nbsp;<\/p>\n\n\n\n<p>Wenn du also der Meinung bist, dass ein gewisser Spieler das Zeug hat, Torsch\u00fctzenk\u00f6nig zu werden, dann hast du mit unserem Quotenvergleich die M\u00f6glichkeit, die besten Quoten auf diesen Spieler vorzufinden.&nbsp;<\/p>\n\n\n\n<h2 class=\"wp-block-heading\" id=\"weitere-beliebte-wetten-auf-die-osterreichische-bundesliga\">Weitere beliebte Wetten auf die \u00d6sterreichische Bundesliga<\/h2>\n\n\n\n<p>Abgesehen von den Standardwetten und den Zukunftswetten, die du auf die \u00f6sterreichische Bundesliga abschlie\u00dfen kannst, hast du auch die M\u00f6glichkeit, auf andere M\u00e4rkte zu wetten wie zum Beispiel Ecken, Gelbe und Rote Karten, Fouls oder welche Mannschaft das erste Tor erzielen wird.&nbsp;<\/p>\n\n\n\n<p>Diese M\u00e4rkte sind jedoch oft sehr schwer vorherzusagen, deshalb solltest du hier speziell bei Akkumulatoren Wetten vorsichtig sein. Wenn du allerdings ein Gesp\u00fcr f\u00fcr solche M\u00e4rkte hast, dann k\u00f6nnen diese Wetten sehr profitabel sein.&nbsp;<\/p>\n\n\n\n<h2 class=\"wp-block-heading\" id=\"wichtige-hilfsmittel-fur-wetten-auf-die-osterreichische-bundesliga\">Wichtige Hilfsmittel f\u00fcr Wetten auf die \u00d6sterreichische Bundesliga<\/h2>\n\n\n\n<p><strong>Der Spielmodus:<\/strong> Da sich der Spielmodus in der \u00f6sterreichischen Bundesliga zu anderen gro\u00dfen Ligen sehr unterscheidet, ist es wichtig, die Leistungen der Mannschaften genau zu beachten.&nbsp;<\/p>\n\n\n\n<p>Informationen, die du zu Beginn der Saison gesammelt hast, k\u00f6nnen sehr hilfreich sein, wenn die Mannschaften nach den ersten 22 Spielen in zwei Gruppen aufgeteilt werden.&nbsp;<\/p>\n\n\n\n<p><strong>Die Motivation:<\/strong> Die Motivation der Mannschaft kann einen unglaublichen Einfluss darauf haben, wie eine Mannschaft antreten wird. Wenn es also um den Abstieg oder um die Champions League und Europa League Pl\u00e4tze geht, dann k\u00f6nnen unterschiedliche Mannschaften durchaus \u00fcberraschen. Dies sollte man immer beachten.&nbsp;<\/p>\n\n\n\n<p><strong>Nutz die Boni der Buchmacher:<\/strong> Die Boni der Buchmacher bringen zus\u00e4tzliches Wettkapital und dieses kann ohne schlechtes Gewissen verspielt werden. Wenn du also eine bestimmte Wette platzieren willst, bei der du dir nicht sicher bist, ob sie aufgeht oder nicht, dann kannst du diese Wette zum Beispiel mit einem Willkommensbonus eines Buchmachers abschlie\u00dfen. Alle Boni der Buchmacher findest du auf Betting.com.&nbsp;<\/p>\n\n\t\t<\/article>\n\t\t<div class=\"lg:w-[300px] lg:flex-shrink-0 relative\" x-data=\"{show_toc: false}\">\n\t\t\t<div class=\"lg:sticky lg:top-4 z-30\">\n\t\t\t\t<div class=\"fixed -top-64 left-0 w-full z-50 lg:static transition-all hidden lg:block\" id=\"fixed-toc\">\n\t\t\t\t\t<div>\n\t\t\t\t<div class=\"border-b border-solid border-gray-30 text-lg font-bold lg:pt-7 max-lg:px-4 py-3 flex items-center justify-between bg-white lg:bg-transparent\">\n\t\t\tWas gibt es auf dieser Seite\n\t\t\t<button @click=\"show_toc = true\" class=\"btn btn-red-outline-white block lg:hidden\">Jump to<\/button>\n\t\t<\/div>\n\t\t\t\t<div\n\t\t\tclass=\"max-lg:fixed max-lg:top-0 max-lg:left-0 max-lg:w-screen max-lg:h-screen max-lg:bg-gray-70 max-lg:bg-opacity-75 max-lg:hidden\"\n\t\t\t:class=\"{'max-lg:hidden': !show_toc}\"\n\t\t\t@click=\"show_toc = false\"\n\t\t>\n\t\t\t<div class=\"max-lg:absolute max-lg:bottom-0 max-lg:left-0 max-lg:w-screen bg-white lg:bg-transparent\">\n\t\t\t\t\t\t\t\t<div class=\"flex lg:hidden items-center justify-between mx-4 border-b border-solid border-gray-30 pt-6 pb-2 font-bold\">\n\n\t\t\t\t\tAuf dieser Seite\n\t\t\t\t\t<button @click=\"show_toc = false\">\n\t\t\t\t\t\t<svg class=\"w-5 h-5 text-gray-100\" xmlns=\"http:\/\/www.w3.org\/2000\/svg\" fill=\"none\" stroke=\"currentColor\" stroke-width=\"1.5\" class=\"w-6 h-6\" viewBox=\"0 0 24 24\"><path stroke-linecap=\"round\" stroke-linejoin=\"round\" d=\"M6 18 18 6M6 6l12 12\"\/><\/svg>\t\t\t\t\t<\/button>\n\t\t\t\t<\/div>\n\t\t\t\t<ul id=\"toc\" class=\"mt-5 max-h-[85vh] overflow-y-auto list-none bt-scrollbars\">\n\n\t\t\t\t\t\t\t\t\t\t\t<li>\n\t\t\t\t\t\t\t<a href=\"#die-quoten-der-osterreichischen-bundesliga\" data-bt-toc-item=\"die-quoten-der-osterreichischen-bundesliga\"\n\t\t\t\t\t\t\t\t @click=\"show_toc = false\"\n\t\t\t\t\t\t\t\t class=\"block px-4 py-2 text-black border-l-4 border-solid border-transparent hover:border-red-100 transition-all hover:!border-b-0 hover:font-bold\">\nDie Quoten der \u00d6sterreichischen Bundesliga\n<\/a>\n\t\t\t\t\t\t<\/li>\n\t\t\t\t\t\t\t\t\t\t\t<li>\n\t\t\t\t\t\t\t<a href=\"#die-struktur-der-osterreichischen-bundesliga\" data-bt-toc-item=\"die-struktur-der-osterreichischen-bundesliga\"\n\t\t\t\t\t\t\t\t @click=\"show_toc = false\"\n\t\t\t\t\t\t\t\t class=\"block px-4 py-2 text-black border-l-4 border-solid border-transparent hover:border-red-100 transition-all hover:!border-b-0 hover:font-bold\">\nDie Struktur der \u00d6sterreichischen Bundesliga\n<\/a>\n\t\t\t\t\t\t<\/li>\n\t\t\t\t\t\t\t\t\t\t\t<li>\n\t\t\t\t\t\t\t<a href=\"#die-beliebtesten-wettmarkte-der-osterreichischen-bundesliga\" data-bt-toc-item=\"die-beliebtesten-wettmarkte-der-osterreichischen-bundesliga\"\n\t\t\t\t\t\t\t\t @click=\"show_toc = false\"\n\t\t\t\t\t\t\t\t class=\"block px-4 py-2 text-black border-l-4 border-solid border-transparent hover:border-red-100 transition-all hover:!border-b-0 hover:font-bold\">\nDie beliebtesten Wettm\u00e4rkte der \u00d6sterreichischen Bundesliga\n<\/a>\n\t\t\t\t\t\t<\/li>\n\t\t\t\t\t\t\t\t\t\t\t<li>\n\t\t\t\t\t\t\t<a href=\"#die-zukunftswetten-in-der-osterreichischen-bundesliga\" data-bt-toc-item=\"die-zukunftswetten-in-der-osterreichischen-bundesliga\"\n\t\t\t\t\t\t\t\t @click=\"show_toc = false\"\n\t\t\t\t\t\t\t\t class=\"block px-4 py-2 text-black border-l-4 border-solid border-transparent hover:border-red-100 transition-all hover:!border-b-0 hover:font-bold\">\nDie Zukunftswetten In der \u00d6sterreichischen Bundesliga\n<\/a>\n\t\t\t\t\t\t<\/li>\n\t\t\t\t\t\t\t\t\t\t\t<li>\n\t\t\t\t\t\t\t<a href=\"#weitere-beliebte-wetten-auf-die-osterreichische-bundesliga\" data-bt-toc-item=\"weitere-beliebte-wetten-auf-die-osterreichische-bundesliga\"\n\t\t\t\t\t\t\t\t @click=\"show_toc = false\"\n\t\t\t\t\t\t\t\t class=\"block px-4 py-2 text-black border-l-4 border-solid border-transparent hover:border-red-100 transition-all hover:!border-b-0 hover:font-bold\">\nWeitere beliebte Wetten auf die \u00d6sterreichische Bundesliga\n<\/a>\n\t\t\t\t\t\t<\/li>\n\t\t\t\t\t\t\t\t\t\t\t<li>\n\t\t\t\t\t\t\t<a href=\"#wichtige-hilfsmittel-fur-wetten-auf-die-osterreichische-bundesliga\" data-bt-toc-item=\"wichtige-hilfsmittel-fur-wetten-auf-die-osterreichische-bundesliga\"\n\t\t\t\t\t\t\t\t @click=\"show_toc = false\"\n\t\t\t\t\t\t\t\t class=\"block px-4 py-2 text-black border-l-4 border-solid border-transparent hover:border-red-100 transition-all hover:!border-b-0 hover:font-bold\">\nWichtige Hilfsmittel f\u00fcr Wetten auf die \u00d6sterreichische Bundesliga\n<\/a>\n\t\t\t\t\t\t<\/li>\n\t\t\t\t\t\t\t\t\t<\/ul>\n\t\t\t\t\t\t\t\t\t\t\t<\/div>\n\t\t<\/div>\n\t<\/div>\n\t\t\t\t\t<\/div>\n\t\t\t<\/div>\n\t\t<\/div>\n\t<\/div>\n<\/div>\n\t<\/div>\n<\/div>\n\n","protected":false},"excerpt":{"rendered":"","protected":false},"author":6,"featured_media":440,"parent":903,"menu_order":1000,"comment_status":"closed","ping_status":"closed","template":"","meta":{"footnotes":""},"tags":[],"acf":[],"_links":{"self":[{"href":"https:\/\/betting.com\/de\/wp-json\/wp\/v2\/pages\/65"}],"collection":[{"href":"https:\/\/betting.com\/de\/wp-json\/wp\/v2\/pages"}],"about":[{"href":"https:\/\/betting.com\/de\/wp-json\/wp\/v2\/types\/page"}],"author":[{"embeddable":true,"href":"https:\/\/betting.com\/de\/wp-json\/wp\/v2\/users\/6"}],"replies":[{"embeddable":true,"href":"https:\/\/betting.com\/de\/wp-json\/wp\/v2\/comments?post=65"}],"version-history":[{"count":4,"href":"https:\/\/betting.com\/de\/wp-json\/wp\/v2\/pages\/65\/revisions"}],"predecessor-version":[{"id":6143,"href":"https:\/\/betting.com\/de\/wp-json\/wp\/v2\/pages\/65\/revisions\/6143"}],"up":[{"embeddable":true,"href":"https:\/\/betting.com\/de\/wp-json\/wp\/v2\/pages\/903"}],"wp:featuredmedia":[{"embeddable":true,"href":"https:\/\/betting.com\/de\/wp-json\/wp\/v2\/media\/440"}],"wp:attachment":[{"href":"https:\/\/betting.com\/de\/wp-json\/wp\/v2\/media?parent=65"}],"wp:term":[{"taxonomy":"post_tag","embeddable":true,"href":"https:\/\/betting.com\/de\/wp-json\/wp\/v2\/tags?post=65"}],"curies":[{"name":"wp","href":"https:\/\/api.w.org\/{rel}","templated":true}]}}