{"id":63,"date":"2022-06-15T08:25:54","date_gmt":"2022-06-15T08:25:54","guid":{"rendered":"https:\/\/betting.com\/de\/?page_id=63"},"modified":"2023-08-02T12:31:08","modified_gmt":"2023-08-02T12:31:08","slug":"quoten","status":"publish","type":"page","link":"https:\/\/betting.com\/de\/tuerkische-super-lig\/quoten","title":{"rendered":"T\u00fcrkischen S\u00fcper Lig Quoten"},"content":{"rendered":"<div class=\" container-white py-8\">\n\t<div class=\"wp-block-container-toc  \">\n\t\t\t<div class=\"bg-white\">\n\t<div class=\"flex flex-col-reverse lg:flex-row lg:gap-8 py-10\">\n\t\t<article class=\"max-w-[960px] flex-grow\" data-bt-content>\n\t\t\t\n<h2 class=\"wp-block-heading\" id=\"die-quoten-der-turkischen-super-lig\">Die Quoten der T\u00fcrkischen S\u00fcper Lig<\/h2>\n\n\n\n<p>Die S\u00fcper Lig ist die h\u00f6chste Spielklasse im t\u00fcrkischen Fu\u00dfball. Die Liga selbst genie\u00dft einen sehr hohen Stellenwert in der T\u00fcrkei und auch unter Wettspielern ist die t\u00fcrkische Profiliga sehr beliebt. Auch wenn die S\u00fcper Lig nicht mit anderen gro\u00dfen Ligen wie der Premier League oder der Bundesliga mithalten kann, ist die Liga f\u00fcr sehr guten Fu\u00dfball und einen ausgeglichenen Wettbewerb bekannt.&nbsp;<\/p>\n\n\n\n<p>Da die Liga relativ ausgeglichen ist, lassen sich auch sehr gute Quoten auf die Partien der S\u00fcper Lig vorfinden. Auch f\u00fcr Akkumulatoren-Wetten bietet die S\u00fcper Lig eine ideale Gelegenheit, da sich fast an jedem Wochenende eine Wette finden l\u00e4sst, die aufgehen sollte.&nbsp;<\/p>\n\n\n\n<p>Um die besten Wettm\u00f6glichkeiten ausfindig zu machen, sollte der Verlauf der Saison beobachtet werden. Speziell zu Saisonende lassen sich in der S\u00fcper Lig gute Quoten auf gewisse Spiele finden.<\/p>\n\n\n\n<h2 class=\"wp-block-heading\" id=\"die-geschichte-und-die-struktur-der-super-lig\">Die Geschichte und die Struktur der S\u00fcper Lig<\/h2>\n\n\n\n<p>Die S\u00fcper Lig wurde 1959 unter dem Namen Mill\u00ee Lig eingef\u00fchrt. Seit Gr\u00fcndung der Liga haben nur sechs Mannschaften die Meisterschaft gewonnen. Ein ganz knappes Rennen liefern sich Galatasaray und Fenerbah\u00e7e.&nbsp;<\/p>\n\n\n\n<p>Galatasaray gewann die Meisterschaft bislang 22-mal und Fenerbah\u00e7e insgesamt 19-mal. Auch Besiktas kann einige Meistertitel vorweisen, die Mannschaft gewann den Titel schon 15-mal. Hier ist die Topliste der gewonnenen Meisterschaften von 1924:<\/p>\n\n\n\n<ul><li>Fenerbah\u00e7e 28<\/li><li>Galatasaray 23<\/li><li>Besiktas 21<\/li><li>Trabzonspor 7<\/li><\/ul>\n\n\n\n<p>In der S\u00fcper Lig spielen insgesamt 18 Mannschaften, die alle 34 Spieltage bestreiten. F\u00fcr einen Sieg bekommen die Mannschaften drei Punkte und bei einem Unentschieden einen.&nbsp;<\/p>\n\n\n\n<p>Die Mannschaft, die am Saisonende auf dem ersten Tabellenplatz steht, wird zum Meister ernannt. Sollte es vorkommen, dass zwei Mannschaften die gleiche Punktzahl aufweisen k\u00f6nnen, dann wird durch den direkten Vergleich entschieden.&nbsp;<\/p>\n\n\n\n<p>Die letzten drei Mannschaften steigen in die Zweite Liga ab, w\u00e4hrend zwei Mannschaften aus der Zweiten Liga automatisch aufsteigen. Die dritte Mannschaft, die in die S\u00fcper Lig aufsteigt, wird durch ein Play-off Format ermittelt, indem Platz drei bis sechs der Zweiten Liga gegeneinander antreten.&nbsp;<\/p>\n\n\n\n<p>Auch in den europ\u00e4ischen Wettbewerben sind die t\u00fcrkischen Teams vertreten. Momentan steht die S\u00fcper Lig auf Platz 10 des UEFA-Rankings.<\/p>\n\n\n\n<h2 class=\"wp-block-heading\" id=\"die-beliebtesten-markte-der-turkischen-super-lig\">Die beliebtesten M\u00e4rkte der T\u00fcrkischen S\u00fcper Lig<\/h2>\n\n\n\n<p><strong>&#8211; Spielergebnis (1&#215;2) <\/strong>&#8211; Hier wird auf den Ausgang des Spiels gewettet. In der t\u00fcrkischen S\u00fcper Lig w\u00e4re dies Sieg, Niederlage oder Unentschieden nach Spielende.<\/p>\n\n\n\n<p><strong>&#8211; \u00dcber\/Unter Tore<\/strong> &#8211; Hier geben die Buchmacher eine Dezimalzahl wie zum Beispiel 3.5 oder 4.5 an, die die Tore reflektieren sollen und deine Aufgabe ist es darauf zu wetten, ob mehr oder weniger Tore als diese Anzahl geschossen werden.&nbsp;<\/p>\n\n\n\n<p><strong>&#8211; Handicap<\/strong> &#8211; Bei Handicap Wetten wird darauf gewettet, um wie viel Tore die st\u00e4rkere Mannschaft gewinnen wird.<\/p>\n\n\n\n<h2 class=\"wp-block-heading\" id=\"die-zukunftsmarkte-der-super-lig\">Die Zukunftsm\u00e4rkte der S\u00fcper Lig<\/h2>\n\n\n\n<p>Eine beliebte Zukunftswette ist darauf zu wetten, welche Mannschaft den Titel in der S\u00fcper Lig gewinnt. Dieser Markt kann sehr gewinnerbringend sein, jedoch ist es in der t\u00fcrkischen S\u00fcper Lig oft schwer vorherzusagen, wer am Ende den Titel holen wird.<\/p>\n\n\n\n<p>&nbsp;Auch wenn Galatasaray und Fenerbah\u00e7e die meisten Titel gewonnen haben, kommt es durchaus vor, dass andere Mannschaften \u00fcberraschen. So gelang es im letzten Jahr Istanbul Ba\u015fak\u015fehir ihren ersten Titel zu gewinnen.&nbsp;<\/p>\n\n\n\n<p>Die Zukunftsm\u00e4rkte sind oft schwer vorherzusagen und deshalb ist es wichtig, wenn man auf diese M\u00e4rkte wetten will, dass man gut informiert ist. F\u00fcr viele Wettspieler ist der Aufwand zu hoch, um in allen Ligen auf dem Laufenden zu bleiben. Deshalb nutzen viele Wettspieler die Dienste von Tippgebern.&nbsp;<\/p>\n\n\n\n<p>Viele Tippgeber haben sich auf gewisse Liga spezialisiert und so lassen sich auch Tippgeber finden, die sich auf die S\u00fcper Lig spezialisiert haben. In der Regel verf\u00fcgen Tippgeber \u00fcber Informationen und Fachwissen, was vielen Wett-Spielern fehlt. Mit den Information und Tipps der Tippgeber lassen sich viele Wetten besser gestalten. Jedoch solltest du auch wissen, dass es keinen Tippgeber gibt, der immer richtig liegt.&nbsp;<\/p>\n\n\n\n<p>Eine zus\u00e4tzliche Zukunftswette, die interessant sein k\u00f6nnte, ist darauf zu wetten, welcher Spieler die meisten Tore in der gesamten Saison erzielen wird. Auch auf diesen Markt lassen sich sehr gute Quoten vorfinden. Letztes Jahr gelang es Umut Bozok die meisten Tore in der S\u00fcper Lig zu erzielen. Der T\u00fcrke erzielte insgesamt 18 Treffer.&nbsp;<\/p>\n\n\n\n<h2 class=\"wp-block-heading\" id=\"weitere-interessante-wettmarkte-fur-die-super-lig\">Weitere Interessante Wettm\u00e4rkte f\u00fcr die S\u00fcper Lig<\/h2>\n\n\n\n<p>Selbstverst\u00e4ndlich werden von den Buchmachern auch Wetten auf die kleineren M\u00e4rkte der S\u00fcper Lig angeboten. Hier kann zum Beispiel darauf gewettet werden, welcher Spieler ein Tor erzielt, welcher Spieler mit einer Karte verwarnt wird oder wie viel Eckst\u00f6\u00dfe eine Mannschaft erh\u00e4lt.&nbsp;<\/p>\n\n\n\n<p>Diese M\u00e4rkte sind ein wenig schwieriger vorherzusagen. Wenn du jedoch ein wenig Recherche betreibt, lassen sich oft gewisse Trends der Spieler und Mannschaften feststellen. Einige Spieler werden mit mehr Karten verwarnt als andere und manche Mannschaften lassen mehr Eckb\u00e4lle zu wie andere. Wenn dir so ein Trend auff\u00e4llt, solltest du diese Informationen nutzen.&nbsp;<\/p>\n\n\n\n<h2 class=\"wp-block-heading\" id=\"wichtige-hilfsmittel-fur-wetten-auf-die-turkische-super-lig\">Wichtige Hilfsmittel f\u00fcr Wetten auf die T\u00fcrkische S\u00fcper Lig<\/h2>\n\n\n\n<p>Die Abstiegskandidaten: Untersch\u00e4tz die Mannschaften im unteren Tabellenbereich nicht. Die S\u00fcper Lig ist bekannt daf\u00fcr, dass Mannschaften, die weit unten in der Tabelle stehen, f\u00fcr \u00dcberraschungen gut sind.&nbsp;<\/p>\n\n\n\n<p><strong>Verletzungsanf\u00e4llige Spieler:<\/strong> Dies k\u00f6nnte speziell f\u00fcr Zukunftswetten relevant sein. Wenn eine starke Mannschaft \u00fcber ein paar Spieler verf\u00fcgt, die verletzungsanf\u00e4llig sind, dann sollte dies f\u00fcr dich ein Warnzeichen sein. Eine Zukunftswette kann so n\u00e4mlich schnell verloren gehen, wenn der beste Spieler f\u00fcr die H\u00e4lfte der Saison ausf\u00e4llt.&nbsp;<\/p>\n\n\n\n<p><strong>Wett-Statistik: <\/strong>Um deine Wett-Strategie weiter auszubauen, ist es wichtig, dass du deine Wetten verfolgst. Nur so erf\u00e4hrst du, ob deine Strategie funktioniert oder nicht. Dies ist besonders wichtig f\u00fcr Wetten, die du auf Ligen abschlie\u00dft, in denen du \u00fcber nicht so viel Erfahrung verf\u00fcgst.<\/p>\n\n\t\t<\/article>\n\t\t<div class=\"lg:w-[300px] lg:flex-shrink-0 relative\" x-data=\"{show_toc: false}\">\n\t\t\t<div class=\"lg:sticky lg:top-4 z-30\">\n\t\t\t\t<div class=\"fixed -top-64 left-0 w-full z-50 lg:static transition-all hidden lg:block\" id=\"fixed-toc\">\n\t\t\t\t\t<div>\n\t\t\t\t<div class=\"border-b border-solid border-gray-30 text-lg font-bold lg:pt-7 max-lg:px-4 py-3 flex items-center justify-between bg-white lg:bg-transparent\">\n\t\t\tWas gibt es auf dieser Seite\n\t\t\t<button @click=\"show_toc = true\" class=\"btn btn-red-outline-white block lg:hidden\">Jump to<\/button>\n\t\t<\/div>\n\t\t\t\t<div\n\t\t\tclass=\"max-lg:fixed max-lg:top-0 max-lg:left-0 max-lg:w-screen max-lg:h-screen max-lg:bg-gray-70 max-lg:bg-opacity-75 max-lg:hidden\"\n\t\t\t:class=\"{'max-lg:hidden': !show_toc}\"\n\t\t\t@click=\"show_toc = false\"\n\t\t>\n\t\t\t<div class=\"max-lg:absolute max-lg:bottom-0 max-lg:left-0 max-lg:w-screen bg-white lg:bg-transparent\">\n\t\t\t\t\t\t\t\t<div class=\"flex lg:hidden items-center justify-between mx-4 border-b border-solid border-gray-30 pt-6 pb-2 font-bold\">\n\n\t\t\t\t\tAuf dieser Seite\n\t\t\t\t\t<button @click=\"show_toc = false\">\n\t\t\t\t\t\t<svg class=\"w-5 h-5 text-gray-100\" xmlns=\"http:\/\/www.w3.org\/2000\/svg\" fill=\"none\" stroke=\"currentColor\" stroke-width=\"1.5\" class=\"w-6 h-6\" viewBox=\"0 0 24 24\"><path stroke-linecap=\"round\" stroke-linejoin=\"round\" d=\"M6 18 18 6M6 6l12 12\"\/><\/svg>\t\t\t\t\t<\/button>\n\t\t\t\t<\/div>\n\t\t\t\t<ul id=\"toc\" class=\"mt-5 max-h-[85vh] overflow-y-auto list-none bt-scrollbars\">\n\n\t\t\t\t\t\t\t\t\t\t\t<li>\n\t\t\t\t\t\t\t<a href=\"#die-quoten-der-turkischen-super-lig\" data-bt-toc-item=\"die-quoten-der-turkischen-super-lig\"\n\t\t\t\t\t\t\t\t @click=\"show_toc = false\"\n\t\t\t\t\t\t\t\t class=\"block px-4 py-2 text-black border-l-4 border-solid border-transparent hover:border-red-100 transition-all hover:!border-b-0 hover:font-bold\">\nDie Quoten der T\u00fcrkischen S\u00fcper Lig\n<\/a>\n\t\t\t\t\t\t<\/li>\n\t\t\t\t\t\t\t\t\t\t\t<li>\n\t\t\t\t\t\t\t<a href=\"#die-geschichte-und-die-struktur-der-super-lig\" data-bt-toc-item=\"die-geschichte-und-die-struktur-der-super-lig\"\n\t\t\t\t\t\t\t\t @click=\"show_toc = false\"\n\t\t\t\t\t\t\t\t class=\"block px-4 py-2 text-black border-l-4 border-solid border-transparent hover:border-red-100 transition-all hover:!border-b-0 hover:font-bold\">\nDie Geschichte und die Struktur der S\u00fcper Lig\n<\/a>\n\t\t\t\t\t\t<\/li>\n\t\t\t\t\t\t\t\t\t\t\t<li>\n\t\t\t\t\t\t\t<a href=\"#die-beliebtesten-markte-der-turkischen-super-lig\" data-bt-toc-item=\"die-beliebtesten-markte-der-turkischen-super-lig\"\n\t\t\t\t\t\t\t\t @click=\"show_toc = false\"\n\t\t\t\t\t\t\t\t class=\"block px-4 py-2 text-black border-l-4 border-solid border-transparent hover:border-red-100 transition-all hover:!border-b-0 hover:font-bold\">\nDie beliebtesten M\u00e4rkte der T\u00fcrkischen S\u00fcper Lig\n<\/a>\n\t\t\t\t\t\t<\/li>\n\t\t\t\t\t\t\t\t\t\t\t<li>\n\t\t\t\t\t\t\t<a href=\"#die-zukunftsmarkte-der-super-lig\" data-bt-toc-item=\"die-zukunftsmarkte-der-super-lig\"\n\t\t\t\t\t\t\t\t @click=\"show_toc = false\"\n\t\t\t\t\t\t\t\t class=\"block px-4 py-2 text-black border-l-4 border-solid border-transparent hover:border-red-100 transition-all hover:!border-b-0 hover:font-bold\">\nDie Zukunftsm\u00e4rkte der S\u00fcper Lig\n<\/a>\n\t\t\t\t\t\t<\/li>\n\t\t\t\t\t\t\t\t\t\t\t<li>\n\t\t\t\t\t\t\t<a href=\"#weitere-interessante-wettmarkte-fur-die-super-lig\" data-bt-toc-item=\"weitere-interessante-wettmarkte-fur-die-super-lig\"\n\t\t\t\t\t\t\t\t @click=\"show_toc = false\"\n\t\t\t\t\t\t\t\t class=\"block px-4 py-2 text-black border-l-4 border-solid border-transparent hover:border-red-100 transition-all hover:!border-b-0 hover:font-bold\">\nWeitere Interessante Wettm\u00e4rkte f\u00fcr die S\u00fcper Lig\n<\/a>\n\t\t\t\t\t\t<\/li>\n\t\t\t\t\t\t\t\t\t\t\t<li>\n\t\t\t\t\t\t\t<a href=\"#wichtige-hilfsmittel-fur-wetten-auf-die-turkische-super-lig\" data-bt-toc-item=\"wichtige-hilfsmittel-fur-wetten-auf-die-turkische-super-lig\"\n\t\t\t\t\t\t\t\t @click=\"show_toc = false\"\n\t\t\t\t\t\t\t\t class=\"block px-4 py-2 text-black border-l-4 border-solid border-transparent hover:border-red-100 transition-all hover:!border-b-0 hover:font-bold\">\nWichtige Hilfsmittel f\u00fcr Wetten auf die T\u00fcrkische S\u00fcper Lig\n<\/a>\n\t\t\t\t\t\t<\/li>\n\t\t\t\t\t\t\t\t\t<\/ul>\n\t\t\t\t\t\t\t\t\t\t\t<\/div>\n\t\t<\/div>\n\t<\/div>\n\t\t\t\t\t<\/div>\n\t\t\t<\/div>\n\t\t<\/div>\n\t<\/div>\n<\/div>\n\t<\/div>\n<\/div>\n\n","protected":false},"excerpt":{"rendered":"","protected":false},"author":6,"featured_media":479,"parent":879,"menu_order":1000,"comment_status":"closed","ping_status":"closed","template":"","meta":{"footnotes":""},"tags":[],"acf":[],"_links":{"self":[{"href":"https:\/\/betting.com\/de\/wp-json\/wp\/v2\/pages\/63"}],"collection":[{"href":"https:\/\/betting.com\/de\/wp-json\/wp\/v2\/pages"}],"about":[{"href":"https:\/\/betting.com\/de\/wp-json\/wp\/v2\/types\/page"}],"author":[{"embeddable":true,"href":"https:\/\/betting.com\/de\/wp-json\/wp\/v2\/users\/6"}],"replies":[{"embeddable":true,"href":"https:\/\/betting.com\/de\/wp-json\/wp\/v2\/comments?post=63"}],"version-history":[{"count":4,"href":"https:\/\/betting.com\/de\/wp-json\/wp\/v2\/pages\/63\/revisions"}],"predecessor-version":[{"id":6142,"href":"https:\/\/betting.com\/de\/wp-json\/wp\/v2\/pages\/63\/revisions\/6142"}],"up":[{"embeddable":true,"href":"https:\/\/betting.com\/de\/wp-json\/wp\/v2\/pages\/879"}],"wp:featuredmedia":[{"embeddable":true,"href":"https:\/\/betting.com\/de\/wp-json\/wp\/v2\/media\/479"}],"wp:attachment":[{"href":"https:\/\/betting.com\/de\/wp-json\/wp\/v2\/media?parent=63"}],"wp:term":[{"taxonomy":"post_tag","embeddable":true,"href":"https:\/\/betting.com\/de\/wp-json\/wp\/v2\/tags?post=63"}],"curies":[{"name":"wp","href":"https:\/\/api.w.org\/{rel}","templated":true}]}}