{"id":61,"date":"2022-06-15T08:16:47","date_gmt":"2022-06-15T08:16:47","guid":{"rendered":"https:\/\/betting.com\/de\/?page_id=61"},"modified":"2023-08-02T12:31:08","modified_gmt":"2023-08-02T12:31:08","slug":"quoten","status":"publish","type":"page","link":"https:\/\/betting.com\/de\/serie-a\/quoten","title":{"rendered":"Serie A Quoten"},"content":{"rendered":"<div class=\" container-white py-8\">\n\t<div class=\"wp-block-container-toc  \">\n\t\t\t<div class=\"bg-white\">\n\t<div class=\"flex flex-col-reverse lg:flex-row lg:gap-8 py-10\">\n\t\t<article class=\"max-w-[960px] flex-grow\" data-bt-content>\n\t\t\t\n<h2 class=\"wp-block-heading\" id=\"die-quoten-der-serie-a-verstehen\">Die Quoten der Serie A verstehen<\/h2>\n\n\n\n<p>Die Serie A ist ein professioneller Ligawettbewerb in Italien und steht an der Spitze des italienischen Ligasystems. Der Gewinner wird mit der Coppa Campioni d&#8217;Italia ausgezeichnet. Die Serie A geh\u00f6rt zu den Top-5 Ligen in Europa und gilt als die taktischste Liga der Welt. Viele der besten Spieler in der Geschichte des Fu\u00dfballs haben in dieser Liga gespielt. Auch viele deutsche Spieler spielten oder spielen in der Serie A. Unter anderen Lothar Matth\u00e4us, Miroslav Klose oder Sami Khedira.&nbsp;<\/p>\n\n\n\n<p>Die italienischen Klubs haben im europ\u00e4ischen Fu\u00dfball au\u00dfergew\u00f6hnlich gut abgeschnitten, weshalb sie als drittbeste Liga unter den europ\u00e4ischen Ligen hinter der La Liga und der Premier League gelten. Mit Ausnahmen der La Liga, haben mehr Spieler die begehrte Auszeichnung \u201eBallon d&#8217;Or\u201c gewonnen, w\u00e4hrend sie bei einem Klub der Serie A spielten, als in irgendeiner anderen Liga der Welt.<\/p>\n\n\n\n<h2 class=\"wp-block-heading\" id=\"die-struktur-der-serie-a\">Die Struktur der Serie A<\/h2>\n\n\n\n<p>Die Entstehung der Serie A liegt viele Jahre zur\u00fcck, denn die Liga wurde schon in 1898 gegr\u00fcndet. Selbstverst\u00e4ndlich hat sich bis heute einiges an dem Ligabetrieb ge\u00e4ndert. Heute besteht die Serie A aus 20 Mannschaften, von denen jede Mannschaft 38 Saisonspiele absolviert.&nbsp;<\/p>\n\n\n\n<p>Die Mannschaft, die am Saisonende die meisten Punkte aufweisen kann, wird zum Meister erkl\u00e4rt. Mit 36 gewonnen Meisterschaften ist Juventus Turin die erfolgreichste Mannschaft in der Serie A. Juventus gelang es auch letztes Jahr den Titel zu holen. Der AC Mailand und Inter Mailand verf\u00fcgen jeweils \u00fcber 18 Meisterschaften. Die besten vier Mannschaften der Serie A qualifizieren sich automatisch f\u00fcr die Champions League.&nbsp;<\/p>\n\n\n\n<p>Selbstverst\u00e4ndlich gibt es in der Serie A auch einen Ab- und Aufstieg, was zugleich ein interessante Markt f\u00fcr Wetten sein kann. Die drei untersten Teams in der Tabelle steigen zu Saisonende in die Serie B ab. Die ersten zwei Mannschaften der Serie B steigen automatisch in die Serie A auf.&nbsp;<\/p>\n\n\n\n<p>Der dritte Platz in der Serie A ist einem Aufsteiger vorbehalten und dieser wird in einem Playoff-Turnier ausgespielt. Die Quoten in der italienischen Serie A haben jedoch noch einen weiteren interessanten Aspekt.&nbsp;<\/p>\n\n\n\n<p>Oftmals sieht man in der Serie B einen dominanten 3. Platz und sollte es die 3. Mannschaft nach Saisonende schaffen, mit 10 Punkte oder mehr vor der 4. Mannschaft zu liegen, dann steigt die 3. Mannschaft automatisch auf.<\/p>\n\n\n\n<p>Diese Struktur ist auch der Grund, warum die Quoten der italienischen Serie A auch zu Saisonende so gut sind. Speziell in den letzten f\u00fcnf bis sechs Spieltagen sind in der Serie A immer noch Quoten von 2.50 vorzufinden, was in anderen Ligen oft nicht der Fall ist. Wir bei Betting.com sind der Meinung, dass es sechs verschiedene Gruppierungen in der Serie A gibt. Diese w\u00e4ren:<\/p>\n\n\n\n<ul><li>Meisterschaftsanw\u00e4rter<\/li><li>Champions League KO-Runden-Anw\u00e4rter<\/li><li>Europa League Pl\u00e4tze<\/li><li>Mittelfeld Mannschaften<\/li><li>Durchschnittsmannschaften<\/li><li>Abstiegskandidaten<\/li><\/ul>\n\n\n\n<h2 class=\"wp-block-heading\" id=\"die-beliebtesten-markte-der-serie-a\">Die Beliebtesten M\u00e4rkte der Serie A<\/h2>\n\n\n\n<p><strong>&#8211; Spielergebnis (1&#215;2)<\/strong> &#8211; Hier wird auf den Ausgang des Spiels gewettet. In der Serie A w\u00e4re dies Sieg, Niederlage oder Unentschieden nach Spielende.<\/p>\n\n\n\n<p><strong>&#8211; \u00dcber\/Unter Tore<\/strong> &#8211; Hier geben die Buchmacher eine Dezimalzahl wie zum Beispiel 3.5 oder 4.5 an, die die Tore reflektieren sollen und deine Aufgabe ist es darauf zu wetten, ob mehr oder weniger Tore als diese Anzahl geschossen werden.&nbsp;<\/p>\n\n\n\n<p><strong>&#8211; Handicap<\/strong> &#8211; Bei Handicap Wetten wird darauf gewettet, um wie viel Tore die st\u00e4rkere Mannschaft gewinnen wird.&nbsp;<\/p>\n\n\n\n<h2 class=\"wp-block-heading\" id=\"die-zukunftmarkte-in-der-serie-a\">Die Zukunftm\u00e4rkte in der Serie A<\/h2>\n\n\n\n<p>Selbstverst\u00e4ndlich ist es auch m\u00f6glich, Wetten abzuschlie\u00dfen, bei denen das Ergebnis erst weitaus sp\u00e4ter bekannt wird. So kannst du zum Beispiel darauf wetten, welche Mannschaft die Serie A gewinnt, welche Mannschaft absteigen wird oder welche Mannschaften sich f\u00fcr die Champions League qualifizieren wird. Auch dies sind sehr beliebte M\u00e4rkte.<\/p>\n\n\n\n<p>Bei den Zukunftswetten lassen sich oft gute Quoten finden, speziell am Anfang der Saison, da es f\u00fcr die Buchmacher hier noch schwierig ist, die Teams einzusch\u00e4tzen.&nbsp;<\/p>\n\n\n\n<p>Die Auswahl der Zukunftsm\u00e4rkte ist breit gef\u00e4chert und die Angebote der Buchmacher k\u00f6nnen auf diese M\u00e4rkte durchaus unterschiedlich sein. Apropos Angebote, [alle Bonus- und Promotion Angebote der Buchmacher findest du hier](\/de\/boni).&nbsp;<\/p>\n\n\n\n<h2 class=\"wp-block-heading\" id=\"zusatzliche-beliebte-markte-der-serie-a\">Zus\u00e4tzliche beliebte M\u00e4rkte der Serie A<\/h2>\n\n\n\n<p>Abgesehen von den Standardwetten und den Zukunftswetten, die du auf die Serie A abschlie\u00dfen kannst, hast du auch die M\u00f6glichkeit, auf andere M\u00e4rkte zu wetten wie zum Beispiel Ecken, Gelbe und Rote Karten, Fouls oder welche Mannschaft das erste Tor erzielen wird. Diese M\u00e4rkte sind jedoch oft sehr schwer vorherzusagen, deshalb solltest du hier speziell bei Akkumulatoren Wetten vorsichtig sein.&nbsp;<\/p>\n\n\n\n<h2 class=\"wp-block-heading\" id=\"wichtige-informationen-fur-die-serie-a\">Wichtige Informationen f\u00fcr die Serie A<\/h2>\n\n\n\n<p><strong>Star-Spieler in der Serie A:<\/strong> In der Serie A k\u00f6nnen Star-Spieler wie zum Beispiel Christiano Ronaldo von Juventus Turin eine entscheidende Rolle spielen. Oftmals kommt es in der Serie A vor, dass Superstars Spiele selbst entscheiden k\u00f6nnen. Dies solltest du beachten, wenn du deine Wetten abschlie\u00dft. Zus\u00e4tzlich solltest du hochkar\u00e4tige Transfers im Auge behalten, denn ein neuer guter Spieler kann eine Mannschaft schnell aus dem Tabellen-Keller holen.<\/p>\n\n\n\n<p><strong>Derbies: <\/strong>Derbies in der italienischen Serie A k\u00f6nnen einen gro\u00dfen Einfluss auf ein Spiel haben. Auch wenn momentan keine Zuschauer wegen der Corona Krise in die Stadien d\u00fcrfen, k\u00f6nnen Derbies einen gro\u00dfen Unterschied machen, da die beiden Teams oft Rivalen sind und dadurch nat\u00fcrlich auch gewisse Emotionen hochkommen. Dies kann sich dann auf die Leistung der Spieler \u00fcbertragen.&nbsp;<\/p>\n\n\n\n<p><strong>Die Oldies: <\/strong>Die italienische Serie A ist bekannt daf\u00fcr, dass gro\u00dfartige Spieler, die etwas \u00e4lter geworden sind, sich gerne in die Serie A zur\u00fcckziehen. Oft haben diese Spieler jedoch noch ein wenig Gas im Tank und bringen sehr viel Erfahrung mit. Deshalb solltest du Mannschaften beobachten, die \u00fcber solche Spieler verf\u00fcgen.<\/p>\n\n\t\t<\/article>\n\t\t<div class=\"lg:w-[300px] lg:flex-shrink-0 relative\" x-data=\"{show_toc: false}\">\n\t\t\t<div class=\"lg:sticky lg:top-4 z-30\">\n\t\t\t\t<div class=\"fixed -top-64 left-0 w-full z-50 lg:static transition-all hidden lg:block\" id=\"fixed-toc\">\n\t\t\t\t\t<div>\n\t\t\t\t<div class=\"border-b border-solid border-gray-30 text-lg font-bold lg:pt-7 max-lg:px-4 py-3 flex items-center justify-between bg-white lg:bg-transparent\">\n\t\t\tWas gibt es auf dieser Seite\n\t\t\t<button @click=\"show_toc = true\" class=\"btn btn-red-outline-white block lg:hidden\">Jump to<\/button>\n\t\t<\/div>\n\t\t\t\t<div\n\t\t\tclass=\"max-lg:fixed max-lg:top-0 max-lg:left-0 max-lg:w-screen max-lg:h-screen max-lg:bg-gray-70 max-lg:bg-opacity-75 max-lg:hidden\"\n\t\t\t:class=\"{'max-lg:hidden': !show_toc}\"\n\t\t\t@click=\"show_toc = false\"\n\t\t>\n\t\t\t<div class=\"max-lg:absolute max-lg:bottom-0 max-lg:left-0 max-lg:w-screen bg-white lg:bg-transparent\">\n\t\t\t\t\t\t\t\t<div class=\"flex lg:hidden items-center justify-between mx-4 border-b border-solid border-gray-30 pt-6 pb-2 font-bold\">\n\n\t\t\t\t\tAuf dieser Seite\n\t\t\t\t\t<button @click=\"show_toc = false\">\n\t\t\t\t\t\t<svg class=\"w-5 h-5 text-gray-100\" xmlns=\"http:\/\/www.w3.org\/2000\/svg\" fill=\"none\" stroke=\"currentColor\" stroke-width=\"1.5\" class=\"w-6 h-6\" viewBox=\"0 0 24 24\"><path stroke-linecap=\"round\" stroke-linejoin=\"round\" d=\"M6 18 18 6M6 6l12 12\"\/><\/svg>\t\t\t\t\t<\/button>\n\t\t\t\t<\/div>\n\t\t\t\t<ul id=\"toc\" class=\"mt-5 max-h-[85vh] overflow-y-auto list-none bt-scrollbars\">\n\n\t\t\t\t\t\t\t\t\t\t\t<li>\n\t\t\t\t\t\t\t<a href=\"#die-quoten-der-serie-a-verstehen\" data-bt-toc-item=\"die-quoten-der-serie-a-verstehen\"\n\t\t\t\t\t\t\t\t @click=\"show_toc = false\"\n\t\t\t\t\t\t\t\t class=\"block px-4 py-2 text-black border-l-4 border-solid border-transparent hover:border-red-100 transition-all hover:!border-b-0 hover:font-bold\">\nDie Quoten der Serie A verstehen\n<\/a>\n\t\t\t\t\t\t<\/li>\n\t\t\t\t\t\t\t\t\t\t\t<li>\n\t\t\t\t\t\t\t<a href=\"#die-struktur-der-serie-a\" data-bt-toc-item=\"die-struktur-der-serie-a\"\n\t\t\t\t\t\t\t\t @click=\"show_toc = false\"\n\t\t\t\t\t\t\t\t class=\"block px-4 py-2 text-black border-l-4 border-solid border-transparent hover:border-red-100 transition-all hover:!border-b-0 hover:font-bold\">\nDie Struktur der Serie A\n<\/a>\n\t\t\t\t\t\t<\/li>\n\t\t\t\t\t\t\t\t\t\t\t<li>\n\t\t\t\t\t\t\t<a href=\"#die-beliebtesten-markte-der-serie-a\" data-bt-toc-item=\"die-beliebtesten-markte-der-serie-a\"\n\t\t\t\t\t\t\t\t @click=\"show_toc = false\"\n\t\t\t\t\t\t\t\t class=\"block px-4 py-2 text-black border-l-4 border-solid border-transparent hover:border-red-100 transition-all hover:!border-b-0 hover:font-bold\">\nDie Beliebtesten M\u00e4rkte der Serie A\n<\/a>\n\t\t\t\t\t\t<\/li>\n\t\t\t\t\t\t\t\t\t\t\t<li>\n\t\t\t\t\t\t\t<a href=\"#die-zukunftmarkte-in-der-serie-a\" data-bt-toc-item=\"die-zukunftmarkte-in-der-serie-a\"\n\t\t\t\t\t\t\t\t @click=\"show_toc = false\"\n\t\t\t\t\t\t\t\t class=\"block px-4 py-2 text-black border-l-4 border-solid border-transparent hover:border-red-100 transition-all hover:!border-b-0 hover:font-bold\">\nDie Zukunftm\u00e4rkte in der Serie A\n<\/a>\n\t\t\t\t\t\t<\/li>\n\t\t\t\t\t\t\t\t\t\t\t<li>\n\t\t\t\t\t\t\t<a href=\"#zusatzliche-beliebte-markte-der-serie-a\" data-bt-toc-item=\"zusatzliche-beliebte-markte-der-serie-a\"\n\t\t\t\t\t\t\t\t @click=\"show_toc = false\"\n\t\t\t\t\t\t\t\t class=\"block px-4 py-2 text-black border-l-4 border-solid border-transparent hover:border-red-100 transition-all hover:!border-b-0 hover:font-bold\">\nZus\u00e4tzliche beliebte M\u00e4rkte der Serie A\n<\/a>\n\t\t\t\t\t\t<\/li>\n\t\t\t\t\t\t\t\t\t\t\t<li>\n\t\t\t\t\t\t\t<a href=\"#wichtige-informationen-fur-die-serie-a\" data-bt-toc-item=\"wichtige-informationen-fur-die-serie-a\"\n\t\t\t\t\t\t\t\t @click=\"show_toc = false\"\n\t\t\t\t\t\t\t\t class=\"block px-4 py-2 text-black border-l-4 border-solid border-transparent hover:border-red-100 transition-all hover:!border-b-0 hover:font-bold\">\nWichtige Informationen f\u00fcr die Serie A\n<\/a>\n\t\t\t\t\t\t<\/li>\n\t\t\t\t\t\t\t\t\t<\/ul>\n\t\t\t\t\t\t\t\t\t\t\t<\/div>\n\t\t<\/div>\n\t<\/div>\n\t\t\t\t\t<\/div>\n\t\t\t<\/div>\n\t\t<\/div>\n\t<\/div>\n<\/div>\n\t<\/div>\n<\/div>\n\n","protected":false},"excerpt":{"rendered":"","protected":false},"author":6,"featured_media":472,"parent":975,"menu_order":1000,"comment_status":"closed","ping_status":"closed","template":"","meta":{"footnotes":""},"tags":[],"acf":[],"_links":{"self":[{"href":"https:\/\/betting.com\/de\/wp-json\/wp\/v2\/pages\/61"}],"collection":[{"href":"https:\/\/betting.com\/de\/wp-json\/wp\/v2\/pages"}],"about":[{"href":"https:\/\/betting.com\/de\/wp-json\/wp\/v2\/types\/page"}],"author":[{"embeddable":true,"href":"https:\/\/betting.com\/de\/wp-json\/wp\/v2\/users\/6"}],"replies":[{"embeddable":true,"href":"https:\/\/betting.com\/de\/wp-json\/wp\/v2\/comments?post=61"}],"version-history":[{"count":5,"href":"https:\/\/betting.com\/de\/wp-json\/wp\/v2\/pages\/61\/revisions"}],"predecessor-version":[{"id":6141,"href":"https:\/\/betting.com\/de\/wp-json\/wp\/v2\/pages\/61\/revisions\/6141"}],"up":[{"embeddable":true,"href":"https:\/\/betting.com\/de\/wp-json\/wp\/v2\/pages\/975"}],"wp:featuredmedia":[{"embeddable":true,"href":"https:\/\/betting.com\/de\/wp-json\/wp\/v2\/media\/472"}],"wp:attachment":[{"href":"https:\/\/betting.com\/de\/wp-json\/wp\/v2\/media?parent=61"}],"wp:term":[{"taxonomy":"post_tag","embeddable":true,"href":"https:\/\/betting.com\/de\/wp-json\/wp\/v2\/tags?post=61"}],"curies":[{"name":"wp","href":"https:\/\/api.w.org\/{rel}","templated":true}]}}