{"id":59,"date":"2022-06-15T07:56:02","date_gmt":"2022-06-15T07:56:02","guid":{"rendered":"https:\/\/betting.com\/de\/?page_id=59"},"modified":"2023-08-02T12:31:08","modified_gmt":"2023-08-02T12:31:08","slug":"quoten","status":"publish","type":"page","link":"https:\/\/betting.com\/de\/schweizer-super-league\/quoten","title":{"rendered":"Schweizer Super League Quoten"},"content":{"rendered":"<div class=\" container-white py-8\">\n\t<div class=\"wp-block-container-toc  \">\n\t\t\t<div class=\"bg-white\">\n\t<div class=\"flex flex-col-reverse lg:flex-row lg:gap-8 py-10\">\n\t\t<article class=\"max-w-[960px] flex-grow\" data-bt-content>\n\t\t\t\n<h2 class=\"wp-block-heading\" id=\"die-quoten-der-schweizer-super-league-verstehen\">Die Quoten der schweizer Super League verstehen<\/h2>\n\n\n\n<p>Obwohl die Quoten der Schweizer Super League nicht unbedingt die beliebtesten und bekanntesten sind, k\u00f6nnen sie eine ideale Erg\u00e4nzung sein, um dein Wett-Portfolio ein wenig vielf\u00e4ltiger zu gestalten. Mit einem vielf\u00e4ltigen Wett-Portfolio hast du den Vorteil, dass du dein Risiko ein wenig minimieren kannst.&nbsp;<\/p>\n\n\n\n<p>Wenn du n\u00e4mlich nur auf eine Liga deine Wetten abschlie\u00dft, dann l\u00e4ufst du hohes Risiko, dass diese Wette nicht aufgeht und dein kompletter Wetteinsatz verloren geht. Wenn du aber deine Eins\u00e4tze auf mehrere Spiele und Ligen verteilst, dann minimierst du das Risiko, dein ganzes Geld auf nur einen Markt zu verspielen.<\/p>\n\n\n\n<p>Die Quoten der Super League k\u00f6nnen auch ideal genutzt werden, um eine Akkumulatoren-Wette vielf\u00e4ltiger zu gestalten. Oft lassen sich in der Schweizer Super League Quoten vorfinden, die als relativ sicher gelten. Wenn man diese Quoten mit in die Akkumulatoren-Wette aufnimmt, besteht eine gro\u00dfe Chance, dass du nicht entt\u00e4uscht wirst.&nbsp;<\/p>\n\n\n\n<h2 class=\"wp-block-heading\" id=\"die-struktur-der-schweizer-super-league\">Die Struktur der schweizer Super League<\/h2>\n\n\n\n<p>Die Schweizer Super League existiert seit 1931 und besteht heute aus 10 Mannschaften. Jede Mannschaft bestreitet 36 Spieltage und spielt somit gegen jeden Gegner viermal. Zwei Spiele werden im Heimstadion ausgetragen und die anderen beiden ausw\u00e4rts.&nbsp;<\/p>\n\n\n\n<p>Die Mannschaft, die nach Saisonende auf dem ersten Tabellenplatz steht, wird zum Meister erkl\u00e4rt. Sollten mehrere Mannschaften die gleiche Punktezahl vorweisen k\u00f6nnen, wird durch die Tordifferenz der Meister ermittelt. Die letztplatzierte Mannschaft steigt in die zweite Spielklasse ab.&nbsp;<\/p>\n\n\n\n<p>Auch international sind die Mannschaften der Schweizer Super League vertreten. Die erstplatzierte Mannschaft nimmt an der Gruppenphase oder der Qualifikation f\u00fcr die Champions League teil.&nbsp;<\/p>\n\n\n\n<p>Der Zweitplatzierte nimmt an der Qualifikation f\u00fcr die Champions League teil oder erh\u00e4lt einen Platz in der Europa League. Der dritte und gegebenenfalls vierte Mannschaft nehmen an der Qualifikation der Europa League teil.&nbsp;<\/p>\n\n\n\n<h2 class=\"wp-block-heading\" id=\"die-meisten-titel-der-schweizer-super-league\">Die Meisten Titel der Schweizer Super League<\/h2>\n\n\n\n<ul><li>Grasshopper Club Z\u00fcrich 27<\/li><li>FC Basel 20<\/li><li>Servette FC 17<\/li><li>BSC Young Boys 15<\/li><li>FC Z\u00fcrich 13<\/li><\/ul>\n\n\n\n<p>Die Liste der meisten Titel in der Schweizer Super League f\u00fchren die Grasshopper aus Z\u00fcrich an. In den letzten drei Jahren waren es jedoch die Young Boys, die drei Titel in Folge gewinnen konnte. Bevor die Meisterserie der Young Boy losging, konnte sich der FC Basel acht Meisterschaften in Folge sichern.&nbsp;<\/p>\n\n\n\n<h2 class=\"wp-block-heading\" id=\"die-beliebtesten-markte-der-schweizer-super-league\">Die beliebtesten M\u00e4rkte der schweizer Super League<\/h2>\n\n\n\n<p><strong>&#8211; Spielergebnis (1&#215;2)<\/strong> &#8211; Hier wird auf den Ausgang des Spiels gewettet. In der Schweizer Super League w\u00e4re dies Sieg, Niederlage oder Unentschieden nach Spielende.<\/p>\n\n\n\n<p><strong>&#8211; Handicap<\/strong> &#8211; Bei Handicap Wetten wird darauf gewettet, um wie viel Tore die st\u00e4rkere Mannschaft gewinnen wird.<\/p>\n\n\n\n<p><strong>&#8211; \u00dcber\/Unter Tore<\/strong> &#8211; Hier geben die Buchmacher eine Dezimalzahl wie zum Beispiel 3.5 oder 4.5 an, die die Tore reflektieren sollen und deine Aufgabe ist es darauf zu wetten, ob mehr oder weniger Tore als diese Anzahl geschossen werden.&nbsp;<\/p>\n\n\n\n<h2 class=\"wp-block-heading\" id=\"die-zukunftsmarkte-der-schweizer-super-league\">Die Zukunftsm\u00e4rkte der schweizer Super League<\/h2>\n\n\n\n<p>Es macht den Anschein, dass es in der Schweizer Super League relativ einfach ist, die Meistermannschaften vorherzusagen, da es \u00f6fter vorkommt, dass die gleiche Mannschaft den Titel mehrmals hintereinander gewinnt.&nbsp;<\/p>\n\n\n\n<p>Dies stimmt auch gewisserma\u00dfen, jedoch sollte man immer vorsichtig sein, wenn man eine Zukunftswette platziert, da viele individuelle Faktoren \u00fcber die ganze Saison am Schluss einen Unterschied machen k\u00f6nnen. Dies k\u00f6nnten Verletzungen von Schl\u00fcsselspielern sein oder Transfers w\u00e4hrend der Saison.&nbsp;<\/p>\n\n\n\n<p>Nichtsdestotrotz bietet die Schweizer Liga einen hervorragenden Markt, wenn es um Zukunftswetten auf den Meister geht. Die Young Boys f\u00fchren die Tabelle auch dieses Jahr an, mal sehen, ob sie die vierte Meisterschaft in Folge holen k\u00f6nnen.<\/p>\n\n\n\n<p>Weitere Zukunftswetten auf die Schweizer Super League unterscheiden sich von Buchmacher zu Buchmacher, jedoch bieten die meisten Wettanbieter auch Zukunftswetten auf den besten Torsch\u00fctzen der Schweizer Super League an.&nbsp;<\/p>\n\n\n\n<h2 class=\"wp-block-heading\" id=\"weiter-interessante-markte-der-schweizer-super-league\">Weiter Interessante M\u00e4rkte Der Schweizer Super League<\/h2>\n\n\n\n<p>Neben den Standardwetten und Zukunftswetten schlie\u00dfen viele Wettspieler auch Wetten auf die M\u00e4rkte wie Karten, Fouls, Eckb\u00e4lle und Torsch\u00fcsse ab. Diese M\u00e4rkte sorgen f\u00fcr Spannung, denn eine Wette kann oftmals noch in der Nachspielzeit gewonnen oder verloren werden. Viele Wettspieler schlie\u00dfen Wetten auf diese M\u00e4rkte vereinzelt ab, wobei es schwierig werden kann, den \u00dcberblick aller Wetten zu behalten.&nbsp;<\/p>\n\n\n\n<h2 class=\"wp-block-heading\" id=\"wichtige-hilfsmittel-fur-deine-wetten-auf-die-schweizer-super-league\">Wichtige Hilfsmittel F\u00fcr Deine Wetten Auf Die Schweizer Super League<\/h2>\n\n\n\n<p><strong>Tippgeber:<\/strong> Da die Schweizer Super League nicht mit den gro\u00dfen Fu\u00dfballligen wie der Premier Liga oder der Bundesliga mithalten kann, ist es auch verst\u00e4ndlich, dass sich viele Wett-Spieler mit dieser Liga nicht so intensiv befassen wie mit anderen.&nbsp;<\/p>\n\n\n\n<p>Dies bedeutet zeitgleich, dass sich viele Wett-Spieler nicht zu helfen wissen, wenn es um Informationen der Super League geht. Um trotzdem lukrative Wetten auf die Schweizer Super League zu platzieren, kannst du die Tipps der Tippgeber benutzen.&nbsp;<\/p>\n\n\n\n<p>Viele Tippgeber haben sich auf individuelle Ligen spezialisiert, unter anderem die Schweizer Super League und verf\u00fcgen somit \u00fcber viel Fachwissen.&nbsp;<\/p>\n\n\n\n<p><strong>Benutz die Boni der Buchmacher:<\/strong> Viele Buchmacher bieten ihren Kunden sehr gute Bonusaktion an. Zudem bekommen Neukunden bei den meisten Wettanbietern einen Willkommensbonus. Diese Boni eignen sich ideal daf\u00fcr, Wetten auf die Super League abzuschlie\u00dfen.&nbsp;<\/p>\n\n\n\n<p>Selbst wenn du dich nicht so gut mit dieser Liga auskennst, kannst du dich mit den Boni der Buchmacher an die Super League langsam herantasten. Der Idealfall tritt ein, wenn deine Wetten aufgehen, sollten deine Wetten anfangs nicht aufgehen, dann ist es auch nicht weiter schlimm, denn du verlierst nur dein Bonusgeld und nicht dein eigenes.&nbsp;<\/p>\n\n\t\t<\/article>\n\t\t<div class=\"lg:w-[300px] lg:flex-shrink-0 relative\" x-data=\"{show_toc: false}\">\n\t\t\t<div class=\"lg:sticky lg:top-4 z-30\">\n\t\t\t\t<div class=\"fixed -top-64 left-0 w-full z-50 lg:static transition-all hidden lg:block\" id=\"fixed-toc\">\n\t\t\t\t\t<div>\n\t\t\t\t<div class=\"border-b border-solid border-gray-30 text-lg font-bold lg:pt-7 max-lg:px-4 py-3 flex items-center justify-between bg-white lg:bg-transparent\">\n\t\t\tWas gibt es auf dieser Seite\n\t\t\t<button @click=\"show_toc = true\" class=\"btn btn-red-outline-white block lg:hidden\">Jump to<\/button>\n\t\t<\/div>\n\t\t\t\t<div\n\t\t\tclass=\"max-lg:fixed max-lg:top-0 max-lg:left-0 max-lg:w-screen max-lg:h-screen max-lg:bg-gray-70 max-lg:bg-opacity-75 max-lg:hidden\"\n\t\t\t:class=\"{'max-lg:hidden': !show_toc}\"\n\t\t\t@click=\"show_toc = false\"\n\t\t>\n\t\t\t<div class=\"max-lg:absolute max-lg:bottom-0 max-lg:left-0 max-lg:w-screen bg-white lg:bg-transparent\">\n\t\t\t\t\t\t\t\t<div class=\"flex lg:hidden items-center justify-between mx-4 border-b border-solid border-gray-30 pt-6 pb-2 font-bold\">\n\n\t\t\t\t\tAuf dieser Seite\n\t\t\t\t\t<button @click=\"show_toc = false\">\n\t\t\t\t\t\t<svg class=\"w-5 h-5 text-gray-100\" xmlns=\"http:\/\/www.w3.org\/2000\/svg\" fill=\"none\" stroke=\"currentColor\" stroke-width=\"1.5\" class=\"w-6 h-6\" viewBox=\"0 0 24 24\"><path stroke-linecap=\"round\" stroke-linejoin=\"round\" d=\"M6 18 18 6M6 6l12 12\"\/><\/svg>\t\t\t\t\t<\/button>\n\t\t\t\t<\/div>\n\t\t\t\t<ul id=\"toc\" class=\"mt-5 max-h-[85vh] overflow-y-auto list-none bt-scrollbars\">\n\n\t\t\t\t\t\t\t\t\t\t\t<li>\n\t\t\t\t\t\t\t<a href=\"#die-quoten-der-schweizer-super-league-verstehen\" data-bt-toc-item=\"die-quoten-der-schweizer-super-league-verstehen\"\n\t\t\t\t\t\t\t\t @click=\"show_toc = false\"\n\t\t\t\t\t\t\t\t class=\"block px-4 py-2 text-black border-l-4 border-solid border-transparent hover:border-red-100 transition-all hover:!border-b-0 hover:font-bold\">\nDie Quoten der schweizer Super League verstehen\n<\/a>\n\t\t\t\t\t\t<\/li>\n\t\t\t\t\t\t\t\t\t\t\t<li>\n\t\t\t\t\t\t\t<a href=\"#die-struktur-der-schweizer-super-league\" data-bt-toc-item=\"die-struktur-der-schweizer-super-league\"\n\t\t\t\t\t\t\t\t @click=\"show_toc = false\"\n\t\t\t\t\t\t\t\t class=\"block px-4 py-2 text-black border-l-4 border-solid border-transparent hover:border-red-100 transition-all hover:!border-b-0 hover:font-bold\">\nDie Struktur der schweizer Super League\n<\/a>\n\t\t\t\t\t\t<\/li>\n\t\t\t\t\t\t\t\t\t\t\t<li>\n\t\t\t\t\t\t\t<a href=\"#die-meisten-titel-der-schweizer-super-league\" data-bt-toc-item=\"die-meisten-titel-der-schweizer-super-league\"\n\t\t\t\t\t\t\t\t @click=\"show_toc = false\"\n\t\t\t\t\t\t\t\t class=\"block px-4 py-2 text-black border-l-4 border-solid border-transparent hover:border-red-100 transition-all hover:!border-b-0 hover:font-bold\">\nDie Meisten Titel der Schweizer Super League\n<\/a>\n\t\t\t\t\t\t<\/li>\n\t\t\t\t\t\t\t\t\t\t\t<li>\n\t\t\t\t\t\t\t<a href=\"#die-beliebtesten-markte-der-schweizer-super-league\" data-bt-toc-item=\"die-beliebtesten-markte-der-schweizer-super-league\"\n\t\t\t\t\t\t\t\t @click=\"show_toc = false\"\n\t\t\t\t\t\t\t\t class=\"block px-4 py-2 text-black border-l-4 border-solid border-transparent hover:border-red-100 transition-all hover:!border-b-0 hover:font-bold\">\nDie beliebtesten M\u00e4rkte der schweizer Super League\n<\/a>\n\t\t\t\t\t\t<\/li>\n\t\t\t\t\t\t\t\t\t\t\t<li>\n\t\t\t\t\t\t\t<a href=\"#die-zukunftsmarkte-der-schweizer-super-league\" data-bt-toc-item=\"die-zukunftsmarkte-der-schweizer-super-league\"\n\t\t\t\t\t\t\t\t @click=\"show_toc = false\"\n\t\t\t\t\t\t\t\t class=\"block px-4 py-2 text-black border-l-4 border-solid border-transparent hover:border-red-100 transition-all hover:!border-b-0 hover:font-bold\">\nDie Zukunftsm\u00e4rkte der schweizer Super League\n<\/a>\n\t\t\t\t\t\t<\/li>\n\t\t\t\t\t\t\t\t\t\t\t<li>\n\t\t\t\t\t\t\t<a href=\"#weiter-interessante-markte-der-schweizer-super-league\" data-bt-toc-item=\"weiter-interessante-markte-der-schweizer-super-league\"\n\t\t\t\t\t\t\t\t @click=\"show_toc = false\"\n\t\t\t\t\t\t\t\t class=\"block px-4 py-2 text-black border-l-4 border-solid border-transparent hover:border-red-100 transition-all hover:!border-b-0 hover:font-bold\">\nWeiter Interessante M\u00e4rkte Der Schweizer Super League\n<\/a>\n\t\t\t\t\t\t<\/li>\n\t\t\t\t\t\t\t\t\t\t\t<li>\n\t\t\t\t\t\t\t<a href=\"#wichtige-hilfsmittel-fur-deine-wetten-auf-die-schweizer-super-league\" data-bt-toc-item=\"wichtige-hilfsmittel-fur-deine-wetten-auf-die-schweizer-super-league\"\n\t\t\t\t\t\t\t\t @click=\"show_toc = false\"\n\t\t\t\t\t\t\t\t class=\"block px-4 py-2 text-black border-l-4 border-solid border-transparent hover:border-red-100 transition-all hover:!border-b-0 hover:font-bold\">\nWichtige Hilfsmittel F\u00fcr Deine Wetten Auf Die Schweizer Super League\n<\/a>\n\t\t\t\t\t\t<\/li>\n\t\t\t\t\t\t\t\t\t<\/ul>\n\t\t\t\t\t\t\t\t\t\t\t<\/div>\n\t\t<\/div>\n\t<\/div>\n\t\t\t\t\t<\/div>\n\t\t\t<\/div>\n\t\t<\/div>\n\t<\/div>\n<\/div>\n\t<\/div>\n<\/div>\n\n","protected":false},"excerpt":{"rendered":"","protected":false},"author":6,"featured_media":475,"parent":873,"menu_order":1000,"comment_status":"closed","ping_status":"closed","template":"","meta":{"footnotes":""},"tags":[],"acf":[],"_links":{"self":[{"href":"https:\/\/betting.com\/de\/wp-json\/wp\/v2\/pages\/59"}],"collection":[{"href":"https:\/\/betting.com\/de\/wp-json\/wp\/v2\/pages"}],"about":[{"href":"https:\/\/betting.com\/de\/wp-json\/wp\/v2\/types\/page"}],"author":[{"embeddable":true,"href":"https:\/\/betting.com\/de\/wp-json\/wp\/v2\/users\/6"}],"replies":[{"embeddable":true,"href":"https:\/\/betting.com\/de\/wp-json\/wp\/v2\/comments?post=59"}],"version-history":[{"count":4,"href":"https:\/\/betting.com\/de\/wp-json\/wp\/v2\/pages\/59\/revisions"}],"predecessor-version":[{"id":6140,"href":"https:\/\/betting.com\/de\/wp-json\/wp\/v2\/pages\/59\/revisions\/6140"}],"up":[{"embeddable":true,"href":"https:\/\/betting.com\/de\/wp-json\/wp\/v2\/pages\/873"}],"wp:featuredmedia":[{"embeddable":true,"href":"https:\/\/betting.com\/de\/wp-json\/wp\/v2\/media\/475"}],"wp:attachment":[{"href":"https:\/\/betting.com\/de\/wp-json\/wp\/v2\/media?parent=59"}],"wp:term":[{"taxonomy":"post_tag","embeddable":true,"href":"https:\/\/betting.com\/de\/wp-json\/wp\/v2\/tags?post=59"}],"curies":[{"name":"wp","href":"https:\/\/api.w.org\/{rel}","templated":true}]}}