{"id":586,"date":"2022-07-08T12:36:20","date_gmt":"2022-07-08T12:36:20","guid":{"rendered":"https:\/\/betting.com\/de\/?page_id=586"},"modified":"2023-08-02T12:31:06","modified_gmt":"2023-08-02T12:31:06","slug":"wettanbieter","status":"publish","type":"page","link":"https:\/\/betting.com\/de\/wettanbieter","title":{"rendered":"Wettanbieter"},"content":{"rendered":"<div class=\" container-white py-8\">\n\t<div class=\"wp-block-container-toc  \">\n\t\t\t<div class=\"bg-white\">\n\t<div class=\"flex flex-col-reverse lg:flex-row lg:gap-8 py-10\">\n\t\t<article class=\"max-w-[960px] flex-grow\" data-bt-content>\n\t\t\t\n<h2 class=\"wp-block-heading\" id=\"experten-buchmacher-bewertungen-rezensionen-boni\">Experten-Buchmacher-Bewertungen, Rezensionen &amp; Boni<\/h2>\n\n\n\n<p>Wir sind bei unseren Buchmacherrezensionen stets aufrichtig und heben sowohl die St\u00e4rken als auch die Schw\u00e4chen bei der Er\u00f6ffnung eines Kontos bei dem jeweiligen Betreiber hervor.&nbsp;Wir sind stolz darauf, nur mit seri\u00f6sen Marken zusammenzuarbeiten, die sich um ihre Kunden k\u00fcmmern. Hier finden Sie die aktuellsten Buchmacherrezensionen der von uns empfohlenen Wettanbieter. <\/p>\n\n\n\n<p>Wir sind bei unseren Buchmacherrezensionen stets aufrichtig und heben sowohl die St\u00e4rken als auch die Schw\u00e4chen bei der Er\u00f6ffnung eines Kontos bei dem jeweiligen Betreiber hervor. Um mehr dar\u00fcber zu erfahren, wie wir Buchmacher bewerten und warum einige Sportwetten besser sind als andere, lesen Sie unsere Ausf\u00fchrungen weiter unten, in denen wir beschreiben, wie genau wir die Wettanbieter beurteilen, wenn wir sie \u00fcberpr\u00fcfen.<\/p>\n\n\n\n<h2 class=\"wp-block-heading\" id=\"wettanbieterrezensionen-beurteilung-des-designs-der-geschwindigkeit-und-des-benutzererlebnisses\">Wettanbieterrezensionen \u2013 Beurteilung des Designs, der Geschwindigkeit und des Benutzererlebnisses<\/h2>\n\n\n\n<p>Unser Team unternimmt gro\u00dfe Anstrengungen, um das Internet zu filtern und Ihnen nur Buchmacher-Boni, Gratiswetten und Bonuscode-Aktionen anzubieten, die \u00fcberpr\u00fcft wurden und von echten Wettern verwendet werden k\u00f6nnen. Wir hoffen, Ihnen dabei helfen zu k\u00f6nnen, fundierte Entscheidungen zu treffen und die richtigen Wettanbieter f\u00fcr Sie auszuw\u00e4hlen. Auf unserer Website finden Sie auch aktuelle, ehrliche und objektive Rezensionen zu verschiedenen Buchmachern. Wir sind bei unseren Buchmacherrezensionen stets aufrichtig und heben sowohl die St\u00e4rken als auch die Schw\u00e4chen eines bestimmten Betreibers hervor. Lassen Sie uns Ihnen dennoch etwas mehr dar\u00fcber erz\u00e4hlen, wie wir die Buchmacher bei der \u00dcberpr\u00fcfung bewerten.<\/p>\n\n\n\n<p>Wenn ein Teammitglied von Betting.com einen Wettanbieter bewertet, bewertet es zun\u00e4chst, wie Sie sich wohl vorstellen k\u00f6nnen, das Design des Buchmachers. Das Design des Buchmachers ist f\u00fcr die Benutzererfahrung von entscheidender Bedeutung, und das wissen wir sicher. Ein gutes Buchmacher-Design in Kombination mit den richtigen Farben sorgt daf\u00fcr, dass Sie sich wohl f\u00fchlen und Ihre Augen nie \u00fcberanstrengen.<\/p>\n\n\n\n<p>Als n\u00e4chstes bewerten wir bei unserer \u00dcberpr\u00fcfung eines Buchmachers die Geschwindigkeit der Website. Ein zuverl\u00e4ssiger Buchmacher sollte in der Lage sein, seine Technologie zu optimieren und ein schnelles Laden auf jedes Ger\u00e4t erm\u00f6glichen. Die Geschwindigkeit des Buchmachers gew\u00e4hrleistet zudem eine einfache und schnelle Navigation. Dies f\u00fchrt dazu, dass die Website anwenderfreundlich ist, was wiederum bedeutet, dass der Kunde des Buchmachers zufrieden sein wird.<\/p>\n\n\n\n<p>Wettanbieter verwenden viele Herangehensweisen, um sich am Markt zu positionieren und neue Benutzer anzulocken. Eine schnelle Website und ein gutes Design, das die Vorteile der Registrierung bei einem bestimmten Buchmacher deutlich hervorhebt, sind auf dem heutigen hart umk\u00e4mpften Wettmarkt unabdingbar.<\/p>\n\n\n\n<p>Ein weiterer Faktor, den wir f\u00fcr sehr wichtig halten und den wir in unseren Buchmacher-Rezensionen stets betonen, ist die Bewertung, wie einfach es ist, ein Konto bei dem \u00fcberpr\u00fcften Buchmacher zu er\u00f6ffnen. <\/p>\n\n\n\n<p>Wir wissen, dass viele Wetter von der M\u00f6glichkeit inspiriert sind, sofort eine Wette abgeben zu k\u00f6nnen, weil sie eine Value-Wette oder hilfreiche Wett-Tipps gefunden haben oder einfach nur, weil sie das Spiel, das sie sich gerade ansehen, ein wenig aufregender gestalten m\u00f6chten. Manchmal ist der KYC (Know Your Customer\/Kennen Sie Ihren Kunden)-Prozess oder sind die Schritte, die Sie ausf\u00fchren m\u00fcssen, um Ihre Identit\u00e4t zu verifizieren, nicht so schnell. <\/p>\n\n\n\n<p>Tats\u00e4chlich wissen wir aus Erfahrung, dass Buchmacher viele Kunden aufgrund eines nervt\u00f6tenden Kontoverifizierungsprozesses verloren haben. Die Buchmacher, die in unserem Rezensionsbereich eine hohe Punktzahl erzielen, bieten einen angenehmen und anwenderfreundlichen KYC-Prozess. Um den Prozess zu beschleunigen und an Ihrem Ende vorbereitet zu sein, empfehlen wir Ihnen, die erforderlichen Dokumente im Voraus bereit zu halten, um Zeit zu sparen. <\/p>\n\n\n\n<p>Sobald Sie den KYC-Prozess abgeschlossen haben, k\u00f6nnen Sie sich an den Buchmacher wenden und ihn dar\u00fcber informieren dass Sie die Dokumente gesendet haben, damit die Genehmigung Ihres Kontos schneller vonstatten geht.<\/p>\n\n\n\n<p>Betting.com z\u00e4hlt zu den Buchmachern, die es geschafft haben, ihre Vorteile gegen\u00fcber den Mitbewerbern klar auszudr\u00fccken, schnell zu laden, einen einfachen Einstiegsprozess zu haben und nat\u00fcrlich einen attraktiven Willkommensbonus anzubieten.<\/p>\n\n\n\n<h2 class=\"wp-block-heading\" id=\"rezensionen-zum-buchmacher-wettmarkt-den-quoten-und-den-limits\">Rezensionen zum Buchmacher-Wettmarkt, den Quoten und den Limits<\/h2>\n\n\n\n<p>Etwas anderes, f\u00fcr das wir bei der \u00dcberpr\u00fcfung eines Buchmachers immer zus\u00e4tzliche Zeit aufwenden, sind die angebotenen Wettm\u00f6glichkeiten. Ein guter Buchmacher sollte mindestens 20 verschiedene Sportarten anbieten und nicht nur die Oberligen, sondern auch die unteren Ligen abdecken. Er muss sicherstellen, dass sie sowohl vor dem Spiel als auch w\u00e4hrend des Spiels gut vertreten sind. Ein guter Buchmacher sollte mindestens 80 Wettm\u00e4rkte pro Oberliga-Veranstaltung und 40 f\u00fcr die unteren Ligen unterst\u00fctzen, um bei der \u00dcberpr\u00fcfung durch Betting.com ein hohes Ergebnis zu erzielen. <\/p>\n\n\n\n<p>Eine weitere wichtige Sache, nach der wir immer sehen, sind die verschiedenen angebotenen Sportarten. Im heutigen Wettgesch\u00e4ft bieten alle Buchmacher Sportarten wie Fu\u00dfball, Basketball und Tennis an. Bei unserer Pr\u00fcfung von Buchmachern liegt unser Schwerpunkt jedoch auf den trendigen Wettm\u00f6glichkeiten, wie eSport, Pferderennen, Darts, amerikanische Sportarten und andere, da das Anbieten dieser Wettm\u00f6glichkeiten der richtige Weg ist, die neue Generation von Wettern anzusprechen und Ihr Engagement gegen\u00fcber den Kunden zu zeigen.<\/p>\n\n\n\n<p>Eine weitere Komponente, die wir bei der Beurteilung eines Buchmachers hoch bewerten, sind die angebotenen Wettquoten. Wenn wir \u00fcber Online-Sportwetten sprechen, sind die Quoten eines der wichtigsten Elemente, um langfristig profitabel zu sein. Buchmacher, die konstant h\u00f6here Quoten anbieten, erzielen bei den Beurteilungen durch Betting.com bessere Ergebnisse, da dies im Grunde bedeutet, dass sie ihre Kunden fairer behandeln. <\/p>\n\n\n\n<p>Au\u00dferdem ist die Vielfalt der M\u00e4rkte heutzutage bei Wetten recht wichtig, da die Spieler nach aufregenden neuen M\u00f6glichkeiten suchen, um eine Wette abzugeben, wie beispielsweise nach Kombiwetten (Ausw\u00e4rtsteam gewinnt + beide Teams punkten), Wett-Buildern (wenige Auswahlen aus einem einzigen Spiel) uvm.<\/p>\n\n\n\n<h2 class=\"wp-block-heading\" id=\"buchmacherrezensionen-live-wetten-statistiken-aktuelle-boni-und-andere-funktionen\">Buchmacherrezensionen \u2013 Live-Wetten, Statistiken, aktuelle Boni und andere Funktionen<\/h2>\n\n\n\n<p>Um sicherzugehen, dass die Buchmacher, die wir \u00fcberpr\u00fcfen, die st\u00e4ndig wachsende Nachfrage nach In-Play-Wetten unterst\u00fctzen, \u00fcberpr\u00fcfen wir stets den In-Play-Bereich des jeweiligen, derzeit von uns \u00fcberpr\u00fcften Buchmachers. Angesichts der technologischen Neuerungen \u00e4ndern die Spieler ihr Verhalten. <\/p>\n\n\n\n<p>Sie verwenden beispielsweise zum Wetten viel eher ihre Mobiltelefone und die Wetter von heute bevorzugen das Abgeben einer Wette, w\u00e4hrend sie das Spiel genie\u00dfen, wodurch das Fu\u00dfballspiel viel aufregender wird. Es ist interessant zu erw\u00e4hnen, dass \u00fcber 50 % aller heutzutage abgegebenen Wetten \u00fcber ein Mobilger\u00e4t abgegeben werden, wobei diese Zahl in absehbarer Zukunft voraussichtlich noch steigen wird. <\/p>\n\n\n\n<p>Alle Buchmacher, die eine anwenderfreundliche Live-Wettfunktion, verschiedene In-Play-M\u00e4rkte, Live-Streaming (oder zumindest ein Feld mit den interessantesten Statistiken zum Spiel) anbieten, haben eine h\u00f6here Bewertung als jene, die sich um derartige Funktionen nicht k\u00fcmmern.<\/p>\n\n\n\n<p>Das Team von Betting.com erstellt die Beurteilungen der Buchmacher stets mit dem Hauptziel, alle f\u00fcr die Kunden verf\u00fcgbaren Extras anzuzeigen sowie auch die Schwachstellen des jeweiligen Buchmachers hervorzuheben. Da sich die Wettbranche stark auf Mobilger\u00e4te konzentriert, m\u00fcssen wir stets einige Zeit damit verbringen, die mobilen Apps des Buchmachers, den wir bewerten, zu \u00fcberpr\u00fcfen. <\/p>\n\n\n\n<p>Wir pr\u00fcfen immer, ob der Buchmacher eine mobile App f\u00fcr alle Android- und iOS-Betriebssysteme entwickelt hat. Wir bewerten, wie einfach das Herunterladen und das Anmelden\/Registrieren von der mobilen App aus ist und ob der jeweilige Buchmacher einen exklusiven Bonus f\u00fcr seine Mobilger\u00e4te-Version hat. Wir bewerten zudem, ob er App-Benachrichtigungen versendet sowie so ziemlich alles andere, was Sie sich vorstellen k\u00f6nnen.<\/p>\n\n\n\n<p>F\u00fcr Buchmacher, die sich von der Masse abheben m\u00f6chten, ist es unabdingbar, Funktionen zu haben, die mit den Wettern interagieren und ihnen die Kontrolle \u00fcber den Wettvorgang erm\u00f6glichen. Eine Option, wie die Auszahlung, ist ein Muss f\u00fcr einen Buchmacher, der die neue Generation von Wettern, die sich immer Gewinne oder eine Begrenzung ihrer Verluste sichern m\u00f6chten, anziehen m\u00f6chte. <\/p>\n\n\n\n<p>Es hat sich gezeigt, dass die Auszahlungsfunktion von allen sehr gesch\u00e4tzt wird und sehr beliebt ist, da die M\u00f6glichkeit, den Zustand die Wette vor Spielende zu kontrollieren, A) aufregend ist und Ihnen B) etwas mehr Kontrolle gibt. Aus diesem Grund \u00fcberpr\u00fcfen wir, w\u00e4hrend wir unsere Buchmacher-Rezension erstellen, regelm\u00e4\u00dfig die Funktionalit\u00e4t der Auszahlungsfunktion.<\/p>\n\n\n\n<p>Eine weitere wichtige Funktion, die wir uns bei unserer Buchmacher-Rezension ansehen, ist die detaillierte Statistik vor dem Spiel und w\u00e4hrend des Spiels f\u00fcr jede Liga (ein Buchmacher, der ernst genommen werden m\u00f6chte, sollte \u00fcber detaillierte Wettstatistiken f\u00fcr verschiedene Sportarten verf\u00fcgen), einen Blog mit Sportnachrichten, internen Nachrichten und Prognosen f\u00fcr die Spiele. Im Allgemeinen m\u00f6chten die Teilnehmer ein interaktives Erlebnis mit verschiedenen hilfreichen Instrumenten und Funktionen.<\/p>\n\n\n\n<h2 class=\"wp-block-heading\" id=\"rezensionen-der-sozialen-verantwortung-zum-rechtlichen-status-und-zum-kundendienst-der-buchmacher\">Rezensionen der sozialen Verantwortung, zum rechtlichen Status und zum Kundendienst der Buchmacher<\/h2>\n\n\n\n<p>Hier auf der informativen Plattform von Betting.com nehmen wir unsere sozialen Verantwortung sehr ernst. Deshalb versucht unser Team immer herauszufinden, ob sich die Buchmacher f\u00fcr die Community interessieren. Patenschaften, Wohlt\u00e4tigkeit und soziale Verantwortung stehen bei uns immer an vorderster Stelle, wenn wir eine Buchmacher-Rezension erstellen, und jeder Buchmacher, der sich darum k\u00fcmmert, erh\u00e4lt bei unseren Beurteilungen Extrapunkte.<\/p>\n\n\n\n<p>Um bei Beurteilungen von Betting.com eine hohe Punktzahl zu erzielen, sollten Buchmacher einen au\u00dfergew\u00f6hnlich guten Kundensupport bieten. Wir haben das alle erlebt, als wir neu bei einem Buchmacher waren. Das ausgefallene Design und der aufregende Anmeldebonus haben uns angezogen, aber wir hatten keine Ahnung, wie wir ihn anfordern sollen. <\/p>\n\n\n\n<p>Wir bieten zwei M\u00f6glichkeiten, entweder stundenlang die FAQs zu lesen oder die Antwort innerhalb von 2 Minuten zu erhalten, indem Sie mit jemandem im Live-Chat sprechen. Welche w\u00fcrden Sie bevorzugen? Nat\u00fcrlich die Live-Chat-Option! Wenden Sie sich einfach an einen Kundendienstmitarbeiter und stellen Sie Ihre Frage. In k\u00fcrzester Zeit erfahren Sie, wie Sie den Buchmacher-Bonus anfordern k\u00f6nnen. <\/p>\n\n\n\n<p>Die Pflege einer gesunden Beziehung zu Ihren Kunden ist von entscheidender Bedeutung, und alle Buchmacher, die genauso denken wie wir, erhalten einen Extrapunkt bei unserer Buchmacherrezension.<\/p>\n\n\n\n<p>Wir achten auch sehr auf das Engagement des Buchmachers in Bezug auf den Wetter. Buchmacher, die einen super aufregenden Willkommensbonus anbieten, aber keine kontinuierlichen Werbeaktionen oder Gratiswetten, erzielen bei Betting.com schlechtere Ergebnisse als Buchmacher mit einem etwas weniger attraktiven Willkommensbonus, die aber kontinuierlich auf den Wetter zugehen und ihm Sonderwetten und spezielle Werbeaktionen anbieten.<\/p>\n\n\n\n<p>Wir geben zu, dass die meisten Buchmacher wunderbare Willkommensangebote haben, aber wenn sie ihre Kunden mit verbesserten Quoten, Gratiswetten und Werbeaktionen halten, dann ist das Sportwetten-Angebot ausgezeichnet. <\/p>\n\n\n\n<p>Dar\u00fcber hinaus machen die Wettbedingungen die Angebote f\u00fcr die Wetter erst wertvoll und attraktiv, und wir legen bei unseren Buchmacherrezensionen gro\u00dfen Wert darauf. Wenn Sie 20 \u20ac einzahlen und den Betrag 15-mal einsetzen m\u00fcssen, sieht das Angebot nicht so ansprechend aus. Aber keine Sorge, Sie finden alles, was Sie wissen m\u00fcssen, in unseren ausf\u00fchrlichen Buchmacher-Rezensionen.<\/p>\n\n\n\n<p>Zweifelsohne sind Werbeaktionen und Buchmacher-Boni wichtig, aber wir bewerten auch die Beschr\u00e4nkungen, die dem Wetter auferlegt werden \u2013 \u00fcbrigens ein zunehmendes Problem. Es gibt verschiedene Arten von Wettern \u2013 jene, die ab und zu eine Wette abgeben, und jene, die jeden Samstag eine Wette abgeben, und dann gibt es da noch einige andere Wetter, die das Wetten etwas ernster betreiben. <\/p>\n\n\n\n<p>Einige Buchmacher neigen dazu, Wettern mit einem bestimmten Wettverhalten, die bei ein oder zwei Veranstaltungen mit hohen Quoten gewonnen haben, stark einzuschr\u00e4nken, was wir pers\u00f6nlich sehr \u00e4rgerlich finden. Buchmacher, die Wetter stark einschr\u00e4nken, sobald diese anfangen, etwas Geld oder eine gr\u00f6\u00dfere Wette beim Pferderennen zu gewinnen, erhalten bei uns keine hohe Bewertung.<\/p>\n\n\n\n<p>Ein weiteres Element, das wir bei unseren Buchmacher-Rezensionen immer \u00fcberpr\u00fcfen, ist, welche Zahlungsmodalit\u00e4ten auf den Buchmacher-Websites verf\u00fcgbar sind. Wir tun dies, um Ihnen zu helfen, den Buchmacher zu finden, der verschiedene Zahlungsmodalit\u00e4ten anbietet und flexibel genug ist, um Ihre Bed\u00fcrfnisse zu erf\u00fcllen. <\/p>\n\n\n\n<p>Wenn Sie beispielsweise eine Einzahlung mit Skrill vornehmen, dieser Anbieter auf der Buchmacher-Website jedoch nicht angeboten wird, werden Sie wohl ein wenig entt\u00e4uscht sein und vermutlich nie wieder als Kunde zu diesem Buchmacher zur\u00fcckkehren. <\/p>\n\n\n\n<p>Um auf unserer Rankingseite ganz oben zu stehen, sollten Buchmacher ihren Kunden erlauben, Ein- und Auszahlungen mit verschiedenen Zahlungsmodalit\u00e4ten, wie beispielsweise allen g\u00e4ngigen Kredit- und Debitkarten, E-Wallets, Bank\u00fcberweisungen und anderen Methoden, vorzunehmen. Dar\u00fcber hinaus ist die Bearbeitungszeit f\u00fcr Ein- und Auszahlungen von erheblicher Bedeutung f\u00fcr die Benutzer, was ebenfalls in unseren Buchmacher-Rezensionen bewertet wird. <\/p>\n\n\n\n<p>Bei den meisten f\u00fchrenden Betreibern sind Ihre Einzahlungen innerhalb einer Minute verf\u00fcgbar, bei den Auszahlungen sieht dies jedoch anders aus. Jeder Buchmacher, der es schafft, Gewinne innerhalb von 1 bis 2 Tagen an die Kunden zu \u00fcberweisen, hat ein besseres Ranking als jene, bei denen dieser Prozess eher lange dauert.<\/p>\n\n\n\n<p>Und schlie\u00dflich achten wir sehr auf die Seite mit den Rechtsvermerken des jeweiligen Buchmachers. Wir \u00fcberpr\u00fcfen die vorhandenen Lizenzen, aus welchem Land der jeweilige Buchmacher Wetter annehmen darf, und wir haben jemanden, der im Internet speziell nach Problemen mit diesem Buchmacher sucht! Buchmacher, die reguliert sind und \u00fcber die im Internet keine Beschwerden laut werden, werden von Betting.com logischerweise hoch bewertet, da dies bedeutet, dass sie f\u00fcr die Wetter sicher sind. <\/p>\n\n\n\n<p>Dar\u00fcber hinaus \u00fcberpr\u00fcfen wir im Internet immer wieder andere Meinungen \u00fcber die Buchmacher, ob es Beschwerden \u00fcber das Unternehmen gibt und was die anderen allgemein \u00fcber das Unternehmen denken.<\/p>\n\n\n\n<h2 class=\"wp-block-heading\" id=\"wir-eroffnen-immer-ein-konto-bei-dem-sportwetten-buchmacher-den-wir-uberprufen\">Wir er\u00f6ffnen immer ein Konto bei dem Sportwetten-Buchmacher, den wir \u00fcberpr\u00fcfen<\/h2>\n\n\n\n<p>Da wir uns sehr f\u00fcr jeden Wetter interessieren, der unsere Buchmacher-Rezensionen liest, m\u00f6chten wir sicherstellen, dass jeder ein einzigartiges Erlebnis erh\u00e4lt, wenn er ein Konto bei einem Sportwettenanbieter er\u00f6ffnet. Deshalb wiederholen wir einige Aktionen, bevor wir anfangen, eine exklusive Buchmacher-Rezension zu schreiben. <\/p>\n\n\n\n<p>Zun\u00e4chst er\u00f6ffnen wir ein Konto beim Buchmacher, nutzen alle Funktionen, zahlen Geld ein und versuchen, den Kundensupport des Buchmachers unter Druck zu setzen, indem wir verschiedene Fragen stellen. <\/p>\n\n\n\n<p>Dann beginnen wir, einige Wetten abzugeben, verwenden die Auszahlungsoption und nutzen ehrlich gesagt alle Funktionen, die uns bereitgestellt werden, ganz wie ein regul\u00e4rer Kunde. Auf diese Weise erreichen wir die beste Kundenerfahrung mit dem Buchmacher, den wir Ihnen pr\u00e4sentieren m\u00f6chten, was uns letztendlich hilft, Ihnen die beste Wettansicht und eine verl\u00e4ssliche Meinung zu geben. <\/p>\n\n\n\n<p>Wir glauben, dass das Lesen einer aufrichtigen und authentischen Buchmacher-Rezension die Chancen f\u00fcr jeden Wetter leicht erh\u00f6ht, bestm\u00f6glich in sein Wettabenteuer zu starten.<\/p>\n\n\t\t<\/article>\n\t\t<div class=\"lg:w-[300px] lg:flex-shrink-0 relative\" x-data=\"{show_toc: false}\">\n\t\t\t<div class=\"lg:sticky lg:top-4 z-30\">\n\t\t\t\t<div class=\"fixed -top-64 left-0 w-full z-50 lg:static transition-all hidden lg:block\" id=\"fixed-toc\">\n\t\t\t\t\t<div>\n\t\t\t\t<div class=\"border-b border-solid border-gray-30 text-lg font-bold lg:pt-7 max-lg:px-4 py-3 flex items-center justify-between bg-white lg:bg-transparent\">\n\t\t\tWas gibt es auf dieser Seite\n\t\t\t<button @click=\"show_toc = true\" class=\"btn btn-red-outline-white block lg:hidden\">Jump to<\/button>\n\t\t<\/div>\n\t\t\t\t<div\n\t\t\tclass=\"max-lg:fixed max-lg:top-0 max-lg:left-0 max-lg:w-screen max-lg:h-screen max-lg:bg-gray-70 max-lg:bg-opacity-75 max-lg:hidden\"\n\t\t\t:class=\"{'max-lg:hidden': !show_toc}\"\n\t\t\t@click=\"show_toc = false\"\n\t\t>\n\t\t\t<div class=\"max-lg:absolute max-lg:bottom-0 max-lg:left-0 max-lg:w-screen bg-white lg:bg-transparent\">\n\t\t\t\t\t\t\t\t<div class=\"flex lg:hidden items-center justify-between mx-4 border-b border-solid border-gray-30 pt-6 pb-2 font-bold\">\n\n\t\t\t\t\tAuf dieser Seite\n\t\t\t\t\t<button @click=\"show_toc = false\">\n\t\t\t\t\t\t<svg class=\"w-5 h-5 text-gray-100\" xmlns=\"http:\/\/www.w3.org\/2000\/svg\" fill=\"none\" stroke=\"currentColor\" stroke-width=\"1.5\" class=\"w-6 h-6\" viewBox=\"0 0 24 24\"><path stroke-linecap=\"round\" stroke-linejoin=\"round\" d=\"M6 18 18 6M6 6l12 12\"\/><\/svg>\t\t\t\t\t<\/button>\n\t\t\t\t<\/div>\n\t\t\t\t<ul id=\"toc\" class=\"mt-5 max-h-[85vh] overflow-y-auto list-none bt-scrollbars\">\n\n\t\t\t\t\t\t\t\t\t\t\t<li>\n\t\t\t\t\t\t\t<a href=\"#experten-buchmacher-bewertungen-rezensionen-boni\" data-bt-toc-item=\"experten-buchmacher-bewertungen-rezensionen-boni\"\n\t\t\t\t\t\t\t\t @click=\"show_toc = false\"\n\t\t\t\t\t\t\t\t class=\"block px-4 py-2 text-black border-l-4 border-solid border-transparent hover:border-red-100 transition-all hover:!border-b-0 hover:font-bold\">\nExperten-Buchmacher-Bewertungen, Rezensionen &amp; Boni\n<\/a>\n\t\t\t\t\t\t<\/li>\n\t\t\t\t\t\t\t\t\t\t\t<li>\n\t\t\t\t\t\t\t<a href=\"#wettanbieterrezensionen-beurteilung-des-designs-der-geschwindigkeit-und-des-benutzererlebnisses\" data-bt-toc-item=\"wettanbieterrezensionen-beurteilung-des-designs-der-geschwindigkeit-und-des-benutzererlebnisses\"\n\t\t\t\t\t\t\t\t @click=\"show_toc = false\"\n\t\t\t\t\t\t\t\t class=\"block px-4 py-2 text-black border-l-4 border-solid border-transparent hover:border-red-100 transition-all hover:!border-b-0 hover:font-bold\">\nWettanbieterrezensionen \u2013 Beurteilung des Designs, der Geschwindigkeit und des Benutzererlebnisses\n<\/a>\n\t\t\t\t\t\t<\/li>\n\t\t\t\t\t\t\t\t\t\t\t<li>\n\t\t\t\t\t\t\t<a href=\"#rezensionen-zum-buchmacher-wettmarkt-den-quoten-und-den-limits\" data-bt-toc-item=\"rezensionen-zum-buchmacher-wettmarkt-den-quoten-und-den-limits\"\n\t\t\t\t\t\t\t\t @click=\"show_toc = false\"\n\t\t\t\t\t\t\t\t class=\"block px-4 py-2 text-black border-l-4 border-solid border-transparent hover:border-red-100 transition-all hover:!border-b-0 hover:font-bold\">\nRezensionen zum Buchmacher-Wettmarkt, den Quoten und den Limits\n<\/a>\n\t\t\t\t\t\t<\/li>\n\t\t\t\t\t\t\t\t\t\t\t<li>\n\t\t\t\t\t\t\t<a href=\"#buchmacherrezensionen-live-wetten-statistiken-aktuelle-boni-und-andere-funktionen\" data-bt-toc-item=\"buchmacherrezensionen-live-wetten-statistiken-aktuelle-boni-und-andere-funktionen\"\n\t\t\t\t\t\t\t\t @click=\"show_toc = false\"\n\t\t\t\t\t\t\t\t class=\"block px-4 py-2 text-black border-l-4 border-solid border-transparent hover:border-red-100 transition-all hover:!border-b-0 hover:font-bold\">\nBuchmacherrezensionen \u2013 Live-Wetten, Statistiken, aktuelle Boni und andere Funktionen\n<\/a>\n\t\t\t\t\t\t<\/li>\n\t\t\t\t\t\t\t\t\t\t\t<li>\n\t\t\t\t\t\t\t<a href=\"#rezensionen-der-sozialen-verantwortung-zum-rechtlichen-status-und-zum-kundendienst-der-buchmacher\" data-bt-toc-item=\"rezensionen-der-sozialen-verantwortung-zum-rechtlichen-status-und-zum-kundendienst-der-buchmacher\"\n\t\t\t\t\t\t\t\t @click=\"show_toc = false\"\n\t\t\t\t\t\t\t\t class=\"block px-4 py-2 text-black border-l-4 border-solid border-transparent hover:border-red-100 transition-all hover:!border-b-0 hover:font-bold\">\nRezensionen der sozialen Verantwortung, zum rechtlichen Status und zum Kundendienst der Buchmacher\n<\/a>\n\t\t\t\t\t\t<\/li>\n\t\t\t\t\t\t\t\t\t\t\t<li>\n\t\t\t\t\t\t\t<a href=\"#wir-eroffnen-immer-ein-konto-bei-dem-sportwetten-buchmacher-den-wir-uberprufen\" data-bt-toc-item=\"wir-eroffnen-immer-ein-konto-bei-dem-sportwetten-buchmacher-den-wir-uberprufen\"\n\t\t\t\t\t\t\t\t @click=\"show_toc = false\"\n\t\t\t\t\t\t\t\t class=\"block px-4 py-2 text-black border-l-4 border-solid border-transparent hover:border-red-100 transition-all hover:!border-b-0 hover:font-bold\">\nWir er\u00f6ffnen immer ein Konto bei dem Sportwetten-Buchmacher, den wir \u00fcberpr\u00fcfen\n<\/a>\n\t\t\t\t\t\t<\/li>\n\t\t\t\t\t\t\t\t\t<\/ul>\n\t\t\t\t\t\t\t\t\t\t\t<\/div>\n\t\t<\/div>\n\t<\/div>\n\t\t\t\t\t<\/div>\n\t\t\t<\/div>\n\t\t<\/div>\n\t<\/div>\n<\/div>\n\t<\/div>\n<\/div>\n\n","protected":false},"excerpt":{"rendered":"","protected":false},"author":6,"featured_media":481,"parent":0,"menu_order":0,"comment_status":"closed","ping_status":"closed","template":"","meta":{"footnotes":""},"tags":[],"acf":[],"_links":{"self":[{"href":"https:\/\/betting.com\/de\/wp-json\/wp\/v2\/pages\/586"}],"collection":[{"href":"https:\/\/betting.com\/de\/wp-json\/wp\/v2\/pages"}],"about":[{"href":"https:\/\/betting.com\/de\/wp-json\/wp\/v2\/types\/page"}],"author":[{"embeddable":true,"href":"https:\/\/betting.com\/de\/wp-json\/wp\/v2\/users\/6"}],"replies":[{"embeddable":true,"href":"https:\/\/betting.com\/de\/wp-json\/wp\/v2\/comments?post=586"}],"version-history":[{"count":5,"href":"https:\/\/betting.com\/de\/wp-json\/wp\/v2\/pages\/586\/revisions"}],"predecessor-version":[{"id":6198,"href":"https:\/\/betting.com\/de\/wp-json\/wp\/v2\/pages\/586\/revisions\/6198"}],"wp:featuredmedia":[{"embeddable":true,"href":"https:\/\/betting.com\/de\/wp-json\/wp\/v2\/media\/481"}],"wp:attachment":[{"href":"https:\/\/betting.com\/de\/wp-json\/wp\/v2\/media?parent=586"}],"wp:term":[{"taxonomy":"post_tag","embeddable":true,"href":"https:\/\/betting.com\/de\/wp-json\/wp\/v2\/tags?post=586"}],"curies":[{"name":"wp","href":"https:\/\/api.w.org\/{rel}","templated":true}]}}