{"id":57,"date":"2022-06-15T07:44:09","date_gmt":"2022-06-15T07:44:09","guid":{"rendered":"https:\/\/betting.com\/de\/?page_id=57"},"modified":"2023-08-02T12:31:08","modified_gmt":"2023-08-02T12:31:08","slug":"quoten","status":"publish","type":"page","link":"https:\/\/betting.com\/de\/schottische-premiership\/quoten","title":{"rendered":"Schottische Premiership  Quoten"},"content":{"rendered":"<div class=\" container-white py-8\">\n\t<div class=\"wp-block-container-toc  \">\n\t\t\t<div class=\"bg-white\">\n\t<div class=\"flex flex-col-reverse lg:flex-row lg:gap-8 py-10\">\n\t\t<article class=\"max-w-[960px] flex-grow\" data-bt-content>\n\t\t\t\n<h2 class=\"wp-block-heading\" id=\"die-quoten-der-schottischen-premiership-verstehen\">Die Quoten der Schottischen Premiership Verstehen<\/h2>\n\n\n\n<p>Auch wenn die schottische Premiership ein wenig im Schatten der Premier League steht, bedeutet das nicht, dass auf die Premiership keine guten Quoten vergeben werden. Im Gegenteil, die schottische Premiership ist eine sehr beliebte Liga unter Wettspielen, denn viele Spiele in dieser Liga sind oftmals berechenbar.&nbsp;<\/p>\n\n\n\n<p>Speziell wenn es um Akkumulatoren-Wetten geht, greifen mehr und mehr Wettspieler auf die schottische Premiership zur\u00fcck. Auch wenn deine Akkumulatoren-Wetten nicht nur auf Spiele der Premiership basieren sollten, gibt es gewisse Spiele in der h\u00f6chsten schottischen Fu\u00dfballliga, die du in deine Akkumulatoren-Wetten integrieren solltest. Ein weiterer Grund, warum Wettspieler auf diese Liga zur\u00fcckgreifen ist, weil es vielen Wettspielen wichtig ist, dass sie ihr Risiko verbreiten.&nbsp;<\/p>\n\n\n\n<p>Je mehr Wetten du auf individuelle Ligen abschlie\u00dft, desto mehr verringerst du das Risiko, dass du mit nur einer Wette viel Geld verlierst. Um ein abwechslungsreiches Wettportfolio zu haben, ist es fast ein Muss, Wetten auf die schottische Premiership mit aufzunehmen. Je vielf\u00e4ltiger dein Wett-Portfolio ist, desto schwieriger wird es auch, deine Wetten zu verfolgen und deine Wetten zu analysieren.&nbsp;<\/p>\n\n\n\n<h2 class=\"wp-block-heading\" id=\"die-geschichte-der-schottischen-premiership\">Die Geschichte der Schottischen Premiership<\/h2>\n\n\n\n<p>Seit 2014 ist die schottische Premiership die h\u00f6chste Fu\u00dfballliga in Schottland. Die Premiership ist der Nachfolger der ehemaligen Scottish Premier League und wurde 2013 ins Leben der schottischen Fu\u00dfballfans gerufen.&nbsp;<\/p>\n\n\n\n<p>Was die Meisterschaften angeht, liefern sich Celtic Glasgow und die Glasgow Rangers einen hei\u00dfen Kampf.&nbsp;<\/p>\n\n\n\n<p>Die Rangers verf\u00fcgen insgesamt \u00fcber 55 Meistertitel und werden somit gejagt von Celtic, die 52 Meisterschaften gewonnen haben. Celtic konnte in den letzten Jahren sieben Meistertitel in Folge holen und somit wurde das Rennen zwischen den beiden Teams immer enger.<\/p>\n\n\n\n<h2 class=\"wp-block-heading\" id=\"die-struktur-der-schottischen-premiership\">Die Struktur der Schottischen Premiership<\/h2>\n\n\n\n<p>Die Liga verf\u00fcgt \u00fcber 12 Mannschaften, die alle drei Mal gegeneinander antreten. Nach 33 Spieltagen wird die Liga aufgeteilt. Die besten 6 Mannschaften kommen in eine Gruppe und spielen die Meisterschaft aus, w\u00e4hrend die 6 schw\u00e4chsten Mannschaften in eine andere Gruppe kommen, in der es um den Abstieg geht.&nbsp;<\/p>\n\n\n\n<p>Die letztplatzierte Mannschaft steigt in die Zweite Liga ab und wird somit ersetzt durch den Meister der Zweiten Liga. Auch die vorletzte Mannschaft hat sich ihren Platz in der Premiership f\u00fcr die n\u00e4chste Saison noch nicht gesichert, denn um dies zu tun, muss sie sich erst in einem Play-off Modus mit den Mannschaften auf Platz zwei bis vier der Zweiten Liga durchsetzen.&nbsp;<\/p>\n\n\n\n<p>Auch in der Champions League und in der Europa League sind Mannschaften aus der schottischen Premiership vertreten.&nbsp;<\/p>\n\n\n\n<h2 class=\"wp-block-heading\" id=\"die-beliebtesten-markte-der-schottischen-premiership\">Die Beliebtesten M\u00e4rkte der Schottischen Premiership<\/h2>\n\n\n\n<p><strong>&#8211; Spielergebnis (1&#215;2)<\/strong> &#8211; Hier wird auf den Ausgang des Spiels gewettet. In der schottischen Premiership w\u00e4re dies Sieg, Niederlage oder Unentschieden nach Spielende.<\/p>\n\n\n\n<p><strong>&#8211; \u00dcber\/Unter Tore<\/strong> &#8211; Hier geben die Buchmacher eine Dezimalzahl wie zum Beispiel 3.5 oder 4.5 an, die die Tore reflektieren sollen und deine Aufgabe ist es darauf zu wetten, ob mehr oder weniger Tore als diese Anzahl geschossen werden.&nbsp;<\/p>\n\n\n\n<p><strong>&#8211; Handicap<\/strong> &#8211; Bei Handicap Wetten wird darauf gewettet, um wie viel Tore die st\u00e4rkere Mannschaft gewinnen wird.<\/p>\n\n\n\n<h2 class=\"wp-block-heading\" id=\"die-zukunftsmarkte-der-schottischen-premiership\">Die Zukunftsm\u00e4rkte der Schottischen Premiership<\/h2>\n\n\n\n<p>Eine Zukunftswette auf die Meistermannschaft abzuschlie\u00dfen, ist in der schottischen Premiership oft nicht allzu profitabel, denn die Quoten f\u00fcr die Liga werden oft stark hinsichtlich der Favoriten gewichtet.&nbsp;<\/p>\n\n\n\n<p>Eine M\u00f6glichkeit, dies zu umgehen, besteht jedoch darin, mehr zu setzen. Mit anderen Worten: Weil die Mannschaften nicht so ausgeglichen sind wie in anderen Ligen, gewinnen Schottlands Spitzenteams \u00f6fter. Wenn das der Fall ist, kannst du st\u00e4rker auf die Favoriten setzen und eine ziemlich konstante Siegquote erzielen.<\/p>\n\n\n\n<p>Ein interessanter Markt, speziell am Anfang der Saison ist der Torsch\u00fctzenmarkt. Auf diesen Markt sind oft sehr gute Quoten vorzufinden. Wenn du also der Meinung bist, dass du den richtigen Riecher hast, dass ein gewisser Spieler zum Torsch\u00fctzenk\u00f6nig wird, dann ist dies eine Wette, die du auf jeden Fall platzieren solltest.&nbsp;<\/p>\n\n\n\n<h2 class=\"wp-block-heading\" id=\"zusatzliche-markte-der-schottischen-premiership\">Zus\u00e4tzliche M\u00e4rkte der Schottischen Premiership<\/h2>\n\n\n\n<p>Weitere M\u00e4rkte, die in der schottischen Premiership interessant sein k\u00f6nnten, sind die M\u00e4rkte auf Ecken, Fouls, Karten, Ballbesitz etc. Vorsichtig sollte man hier jedoch bei Akkumulatoren-Wetten sein, denn diese M\u00e4rkte k\u00f6nnen dazu neigen, dass sie instabil sind.&nbsp;<\/p>\n\n\n\n<p>Mit ein wenig Recherche lassen sich jedoch gewisse Trends der Mannschaften feststellen und somit k\u00f6nnen profitable Wetten dabei rausspringen.<\/p>\n\n\n\n<h2 class=\"wp-block-heading\" id=\"wichtige-hilfsmittel-fur-wetten-auf-die-schottische-premiership\">Wichtige Hilfsmittel f\u00fcr wetten auf die Schottische Premiership<\/h2>\n\n\n\n<p><strong>Favoriten:<\/strong> Glasgow Rangers und Celtic Glasgow sind die zwei Mannschaften, die diese Liga dominieren. Auch wenn die Buchmacher auf diese Mannschaften nur geringe Quoten vergeben, bieten diese beiden Teams oft gute Gelegenheiten f\u00fcr sicheres Geld. Um ein wenig aus deinen Wetten auf diese beiden Mannschaften herauszuholen, m\u00fcssen die Eins\u00e4tze selbstverst\u00e4ndlich auch ein wenig h\u00f6her angesetzt werden.<\/p>\n\n\n\n<p><strong>Gruppeneinteilung: <\/strong>Wenn die Mannschaften nach dem 33. Spieltag in zwei Gruppen aufgeteilt werden, dann wird es in der schottischen Premiership noch mal richtig spannend.&nbsp;<\/p>\n\n\n\n<p>In dieser Phase der Saison treten alle Mannschaften hoch motiviert auf, da es in der einen Gruppe um die Meisterschaft und europ\u00e4ische Turnierplatzierungen geht und in der anderen Gruppe um den Abstieg geht. In dieser Phase der Saison lassen sich auch oftmals sehr gute Quoten vorfinden.&nbsp;<\/p>\n\n\n\n<p><strong>Benutz die Boni der Buchmacher:<\/strong> Viele Buchmacher bieten ihren Kunden sehr gute Bonusaktion an. Zudem bekommen Neukunden bei den meisten Wettanbietern einen Willkommensbonus. Diese Boni eignen sich ideal daf\u00fcr, Wetten auf die schottische Premiership abzuschlie\u00dfen.&nbsp;<\/p>\n\n\n\n<p>Selbst wenn du dich nicht so gut mit dieser Liga auskennst, kannst du dich mit den Boni der Buchmacher an die schottische Premiership langsam herantasten. Der Idealfall tritt ein, wenn deine Wetten aufgehen, sollten deine Wetten anfangs nicht aufgehen, dann ist es auch nicht weiter schlimm, denn du verlierst nur dein Bonusgeld und nicht dein eigenes.&nbsp;<\/p>\n\n\t\t<\/article>\n\t\t<div class=\"lg:w-[300px] lg:flex-shrink-0 relative\" x-data=\"{show_toc: false}\">\n\t\t\t<div class=\"lg:sticky lg:top-4 z-30\">\n\t\t\t\t<div class=\"fixed -top-64 left-0 w-full z-50 lg:static transition-all hidden lg:block\" id=\"fixed-toc\">\n\t\t\t\t\t<div>\n\t\t\t\t<div class=\"border-b border-solid border-gray-30 text-lg font-bold lg:pt-7 max-lg:px-4 py-3 flex items-center justify-between bg-white lg:bg-transparent\">\n\t\t\tWas gibt es auf dieser Seite\n\t\t\t<button @click=\"show_toc = true\" class=\"btn btn-red-outline-white block lg:hidden\">Jump to<\/button>\n\t\t<\/div>\n\t\t\t\t<div\n\t\t\tclass=\"max-lg:fixed max-lg:top-0 max-lg:left-0 max-lg:w-screen max-lg:h-screen max-lg:bg-gray-70 max-lg:bg-opacity-75 max-lg:hidden\"\n\t\t\t:class=\"{'max-lg:hidden': !show_toc}\"\n\t\t\t@click=\"show_toc = false\"\n\t\t>\n\t\t\t<div class=\"max-lg:absolute max-lg:bottom-0 max-lg:left-0 max-lg:w-screen bg-white lg:bg-transparent\">\n\t\t\t\t\t\t\t\t<div class=\"flex lg:hidden items-center justify-between mx-4 border-b border-solid border-gray-30 pt-6 pb-2 font-bold\">\n\n\t\t\t\t\tAuf dieser Seite\n\t\t\t\t\t<button @click=\"show_toc = false\">\n\t\t\t\t\t\t<svg class=\"w-5 h-5 text-gray-100\" xmlns=\"http:\/\/www.w3.org\/2000\/svg\" fill=\"none\" stroke=\"currentColor\" stroke-width=\"1.5\" class=\"w-6 h-6\" viewBox=\"0 0 24 24\"><path stroke-linecap=\"round\" stroke-linejoin=\"round\" d=\"M6 18 18 6M6 6l12 12\"\/><\/svg>\t\t\t\t\t<\/button>\n\t\t\t\t<\/div>\n\t\t\t\t<ul id=\"toc\" class=\"mt-5 max-h-[85vh] overflow-y-auto list-none bt-scrollbars\">\n\n\t\t\t\t\t\t\t\t\t\t\t<li>\n\t\t\t\t\t\t\t<a href=\"#die-quoten-der-schottischen-premiership-verstehen\" data-bt-toc-item=\"die-quoten-der-schottischen-premiership-verstehen\"\n\t\t\t\t\t\t\t\t @click=\"show_toc = false\"\n\t\t\t\t\t\t\t\t class=\"block px-4 py-2 text-black border-l-4 border-solid border-transparent hover:border-red-100 transition-all hover:!border-b-0 hover:font-bold\">\nDie Quoten der Schottischen Premiership Verstehen\n<\/a>\n\t\t\t\t\t\t<\/li>\n\t\t\t\t\t\t\t\t\t\t\t<li>\n\t\t\t\t\t\t\t<a href=\"#die-geschichte-der-schottischen-premiership\" data-bt-toc-item=\"die-geschichte-der-schottischen-premiership\"\n\t\t\t\t\t\t\t\t @click=\"show_toc = false\"\n\t\t\t\t\t\t\t\t class=\"block px-4 py-2 text-black border-l-4 border-solid border-transparent hover:border-red-100 transition-all hover:!border-b-0 hover:font-bold\">\nDie Geschichte der Schottischen Premiership\n<\/a>\n\t\t\t\t\t\t<\/li>\n\t\t\t\t\t\t\t\t\t\t\t<li>\n\t\t\t\t\t\t\t<a href=\"#die-struktur-der-schottischen-premiership\" data-bt-toc-item=\"die-struktur-der-schottischen-premiership\"\n\t\t\t\t\t\t\t\t @click=\"show_toc = false\"\n\t\t\t\t\t\t\t\t class=\"block px-4 py-2 text-black border-l-4 border-solid border-transparent hover:border-red-100 transition-all hover:!border-b-0 hover:font-bold\">\nDie Struktur der Schottischen Premiership\n<\/a>\n\t\t\t\t\t\t<\/li>\n\t\t\t\t\t\t\t\t\t\t\t<li>\n\t\t\t\t\t\t\t<a href=\"#die-beliebtesten-markte-der-schottischen-premiership\" data-bt-toc-item=\"die-beliebtesten-markte-der-schottischen-premiership\"\n\t\t\t\t\t\t\t\t @click=\"show_toc = false\"\n\t\t\t\t\t\t\t\t class=\"block px-4 py-2 text-black border-l-4 border-solid border-transparent hover:border-red-100 transition-all hover:!border-b-0 hover:font-bold\">\nDie Beliebtesten M\u00e4rkte der Schottischen Premiership\n<\/a>\n\t\t\t\t\t\t<\/li>\n\t\t\t\t\t\t\t\t\t\t\t<li>\n\t\t\t\t\t\t\t<a href=\"#die-zukunftsmarkte-der-schottischen-premiership\" data-bt-toc-item=\"die-zukunftsmarkte-der-schottischen-premiership\"\n\t\t\t\t\t\t\t\t @click=\"show_toc = false\"\n\t\t\t\t\t\t\t\t class=\"block px-4 py-2 text-black border-l-4 border-solid border-transparent hover:border-red-100 transition-all hover:!border-b-0 hover:font-bold\">\nDie Zukunftsm\u00e4rkte der Schottischen Premiership\n<\/a>\n\t\t\t\t\t\t<\/li>\n\t\t\t\t\t\t\t\t\t\t\t<li>\n\t\t\t\t\t\t\t<a href=\"#zusatzliche-markte-der-schottischen-premiership\" data-bt-toc-item=\"zusatzliche-markte-der-schottischen-premiership\"\n\t\t\t\t\t\t\t\t @click=\"show_toc = false\"\n\t\t\t\t\t\t\t\t class=\"block px-4 py-2 text-black border-l-4 border-solid border-transparent hover:border-red-100 transition-all hover:!border-b-0 hover:font-bold\">\nZus\u00e4tzliche M\u00e4rkte der Schottischen Premiership\n<\/a>\n\t\t\t\t\t\t<\/li>\n\t\t\t\t\t\t\t\t\t\t\t<li>\n\t\t\t\t\t\t\t<a href=\"#wichtige-hilfsmittel-fur-wetten-auf-die-schottische-premiership\" data-bt-toc-item=\"wichtige-hilfsmittel-fur-wetten-auf-die-schottische-premiership\"\n\t\t\t\t\t\t\t\t @click=\"show_toc = false\"\n\t\t\t\t\t\t\t\t class=\"block px-4 py-2 text-black border-l-4 border-solid border-transparent hover:border-red-100 transition-all hover:!border-b-0 hover:font-bold\">\nWichtige Hilfsmittel f\u00fcr wetten auf die Schottische Premiership\n<\/a>\n\t\t\t\t\t\t<\/li>\n\t\t\t\t\t\t\t\t\t<\/ul>\n\t\t\t\t\t\t\t\t\t\t\t<\/div>\n\t\t<\/div>\n\t<\/div>\n\t\t\t\t\t<\/div>\n\t\t\t<\/div>\n\t\t<\/div>\n\t<\/div>\n<\/div>\n\t<\/div>\n<\/div>\n\n","protected":false},"excerpt":{"rendered":"","protected":false},"author":6,"featured_media":473,"parent":881,"menu_order":1000,"comment_status":"closed","ping_status":"closed","template":"","meta":{"footnotes":""},"tags":[],"acf":[],"_links":{"self":[{"href":"https:\/\/betting.com\/de\/wp-json\/wp\/v2\/pages\/57"}],"collection":[{"href":"https:\/\/betting.com\/de\/wp-json\/wp\/v2\/pages"}],"about":[{"href":"https:\/\/betting.com\/de\/wp-json\/wp\/v2\/types\/page"}],"author":[{"embeddable":true,"href":"https:\/\/betting.com\/de\/wp-json\/wp\/v2\/users\/6"}],"replies":[{"embeddable":true,"href":"https:\/\/betting.com\/de\/wp-json\/wp\/v2\/comments?post=57"}],"version-history":[{"count":4,"href":"https:\/\/betting.com\/de\/wp-json\/wp\/v2\/pages\/57\/revisions"}],"predecessor-version":[{"id":6139,"href":"https:\/\/betting.com\/de\/wp-json\/wp\/v2\/pages\/57\/revisions\/6139"}],"up":[{"embeddable":true,"href":"https:\/\/betting.com\/de\/wp-json\/wp\/v2\/pages\/881"}],"wp:featuredmedia":[{"embeddable":true,"href":"https:\/\/betting.com\/de\/wp-json\/wp\/v2\/media\/473"}],"wp:attachment":[{"href":"https:\/\/betting.com\/de\/wp-json\/wp\/v2\/media?parent=57"}],"wp:term":[{"taxonomy":"post_tag","embeddable":true,"href":"https:\/\/betting.com\/de\/wp-json\/wp\/v2\/tags?post=57"}],"curies":[{"name":"wp","href":"https:\/\/api.w.org\/{rel}","templated":true}]}}