{"id":55,"date":"2022-06-15T07:29:50","date_gmt":"2022-06-15T07:29:50","guid":{"rendered":"https:\/\/betting.com\/de\/?page_id=55"},"modified":"2023-08-02T12:31:08","modified_gmt":"2023-08-02T12:31:08","slug":"quoten","status":"publish","type":"page","link":"https:\/\/betting.com\/de\/premier-league\/quoten","title":{"rendered":"Premier League Quoten"},"content":{"rendered":"<div class=\" container-white py-8\">\n\t<div class=\"wp-block-container-toc  \">\n\t\t\t<div class=\"bg-white\">\n\t<div class=\"flex flex-col-reverse lg:flex-row lg:gap-8 py-10\">\n\t\t<article class=\"max-w-[960px] flex-grow\" data-bt-content>\n\t\t\t\n<h2 class=\"wp-block-heading\" id=\"hintergrundwissen-um-die-wettquoten-der-premier-league-zu-verstehen\">Hintergrundwissen, um die Wettquoten der Premier League zu verstehen<\/h2>\n\n\n\n<p>Die am 20. Februar 1992 gegr\u00fcndete Premier League repr\u00e4sentiert die Elite des Fu\u00dfballs in England. Die Premier League ist jedoch auch eine der unberechenbarsten Fu\u00dfball Ligen der Welt.&nbsp;<\/p>\n\n\n\n<p>Mit vier verschiedenen Meistern in den letzten f\u00fcnf Spielzeiten ist es schwer vorherzusagen, wer der eindeutige Sieger dieses Jahr sein wird. Da die Meisterschaft sehr umk\u00e4mpft ist, spiegelt sich das auch in den Wettquoten f\u00fcr die englische Premier League der laufenden Saison wieder und macht das Wetten auf deinen Favoriten noch spannender. Welches Team schafft es, 2022\/23 den Titel zu holen?<\/p>\n\n\n\n<p>Hintergrundwissen, Um Die Wettquoten Der Premier League Zu Verstehen<\/p>\n\n\n\n<p>Von 1993 bis 2001 trug die League den Namen FA Carling Premiership. Im Jahr 2001 \u00fcbernahm Barclaycard die F\u00fchrung und seitdem ist die Liga als Barclays Premier League bekannt.&nbsp;<\/p>\n\n\n\n<p>Heutzutage genie\u00dft die Liga den Status der besten Fu\u00dfballliga der Welt. Auch wenn die Spitzenklubs in England nicht so h\u00e4ufig die gr\u00f6\u00dften Pokale in Europa gewinnen wie die Spitzenklubs in Spanien, gilt die Premier League nach wie vor als die h\u00e4rteste Liga der Welt. Erfahr mehr \u00fcber die Wettquoten der englischen Premier League.<\/p>\n\n\n\n<h2 class=\"wp-block-heading\" id=\"die-struktur-der-premier-league\">Die Struktur der Premier League<\/h2>\n\n\n\n<p>Die englische Premier League verf\u00fcgt per 20 Mannschaften und jeder dieser Mannschaften bestreitet 38 Spieler w\u00e4hrend der Saison. Der Start der Premier League ist normalerweise immer im August und zieht sich bis May. Innerhalb dieser neun Monate spielt jedes Team zweimal gegen den gleichen Gegner.&nbsp;<\/p>\n\n\n\n<p>Ein Heimspiel und ein Ausw\u00e4rtsspiel. F\u00fcr einen Sieg bekommen die Mannschaften drei Punkte zugeschrieben, wenn das Spiel jedoch Unentschieden enden sollten, dann bekommt jede Mannschaft einen Punkt.&nbsp;<\/p>\n\n\n\n<p>Wenn alle Spiele der Saison beendet sind, wird die Mannschaft, die die meisten Punkte vorweisen kann, zum Meister erkl\u00e4rt. Sollte es vorkom-men, dass die besten zwei Mannschaften die gleiche Punktzahl aufweisen k\u00f6nnen, wird durch die Tordifferenz entschieden.<\/p>\n\n\n\n<p>W\u00e4hrend es f\u00fcr jede Mannschaft das gr\u00f6\u00dfte Ziel ist, die Meisterschaft zu gewinnen, gibt es noch einen anderen Grund, soweit oben wie m\u00f6glich in der Tabelle zu stehen und zwar die Champions League.&nbsp;<\/p>\n\n\n\n<p>Die besten drei Mannschaften qualifizieren sich n\u00e4mlich automatisch f\u00fcr die Champions League, die viertplatzierte Mannschaft muss in die Qualifikation, um sich f\u00fcr die Champions League zu qualifizieren.&nbsp;<\/p>\n\n\n\n<p>Auch wenn viele Mannschaften bereits wissen, dass ihre bisherige Leistung nicht reichen wird, um die Meisterschaft zu gewinnen, wollen alle Mannschaften zumindest einen Champions League Platz erreichen.<\/p>\n\n\n\n<p>Auch der Abstieg aus der Premier League spielt eine sehr gro\u00dfe Rolle, denn die drei schlechtesten Mannschaften der Saison steigen automatisch in die zweite Liga ab. Dies bedeutet gleichzeitig, dass drei Mannschaften aus der zweiten Liga in die Premier League aufsteigen.<\/p>\n\n\n\n<h2 class=\"wp-block-heading\" id=\"die-historische-daten-der-premier-league\">Die Historische Daten der Premier League<\/h2>\n\n\n\n<p>Die englische Premier League ist heute die finanzst\u00e4rkste Liga der Welt. Unter den Klubs erwirtschaftete Manchester United 2019\/20 mit 159,9 Millionen Euro den gr\u00f6\u00dften Anteil der Rundfunkeinnahmen. In der Liga wurden bislang 28 Meistertitel gewonnen. Von den 47 Klubs, die seit 1992 in der Premier League spielen oder spielten, haben sechs den Titel gewonnen:<\/p>\n\n\n\n<ul><li>Arsenal<\/li><li>Blackburn Rovers<\/li><li>Chelsea<\/li><li>Manchester City<\/li><li>Manchester United<\/li><li>Liverpool<\/li><\/ul>\n\n\n\n<p>Manchester City ist der momentane Titelverteidiger. Die Mannschaft wird von dem spanischen Trainer Pep Guardiola gef\u00fchrt. Seit der Ligaeinf\u00fchrung in 1992, gibt es nur sieben Mannschaften, die nicht ein einziges Mal abgestiegen sind (Arsenal, Aston Villa, Chelsea, Everton, Liverpool, Manchester United und Tottenham Hotspur).<\/p>\n\n\n\n<h2 class=\"wp-block-heading\" id=\"die-beliebtesten-markte-der-premier-league\">Die Beliebtesten M\u00e4rkte Der Premier League<\/h2>\n\n\n\n<p>Spielergebnis (1&#215;2) &#8211; Hier wird auf den Ausgang des Spiels gewettet. In der Premier League w\u00e4re dies Sieg, Niederlage oder Unentschieden nach Spielende.<\/p>\n\n\n\n<p>\u00dcber\/Unter Tore &#8211; Hier geben die Buchmacher eine Dezimalzahl wie zum Beispiel 3.5 oder 4.5 an, die die Tore reflektieren sollen und deine Aufgabe ist es darauf zu wetten, ob mehr oder weniger Tore als diese Anzahl geschossen werden.<\/p>\n\n\n\n<p>Handicap &#8211; Bei Handicap Wetten wird darauf gewettet, um wie viel Tore die st\u00e4rkere Mannschaft gewinnen wird<\/p>\n\n\n\n<h2 class=\"wp-block-heading\" id=\"die-markte-der-zukunftswetten-in-der-premier-league\">Die M\u00e4rkte der Zukunftswetten In Der Premier League<\/h2>\n\n\n\n<p>Selbstverst\u00e4ndlich ist es auch m\u00f6glich, Wetten abzuschlie\u00dfen, bei denen das Ergebnis erst weitaus sp\u00e4ter bekannt wird. So kann man zum Beispiel darauf wetten, welche Mannschaft die Premier League gewinnt, welche Mannschaft absteigen wird oder welche Mannschaften sich f\u00fcr die Champions League qualifizieren. Auch dies sind sehr beliebte M\u00e4rkte. Wett-Spieler, die eine am\u00fcsante Zukunftswette platzieren wollen, k\u00f6nnen darauf wetten, welcher Manager eines Premier League Teams als erstes entlassen wird.<\/p>\n\n\n\n<p>Bei den Zukunftswetten lassen sich oft gute Quoten finden, speziell am Anfang der Saison, da es f\u00fcr die Buchmacher hier noch schwierig ist, die Teams einzusch\u00e4tzen.&nbsp;<\/p>\n\n\n\n<p>Die Auswahl der Zukunftsm\u00e4rkte ist breit gef\u00e4chert und die Angebote der Buchmacher k\u00f6nnen auf diese M\u00e4rkte durchaus unterschiedlich sein. Apropos Angebote, alle Bonus- und Promotion Angebote der Buchmacher findest du hier.<\/p>\n\n\n\n<h2 class=\"wp-block-heading\" id=\"weitere-beliebte-markte-der-premier-league\">Weitere beliebte m\u00e4rkte der Premier League<\/h2>\n\n\n\n<p>Abgesehen von den Standardwetten und den Zukunftswetten, die du auf die Premier League abschlie\u00dfen kannst, hast du auch die M\u00f6glichkeit, auf andere M\u00e4rkte zu wetten wie zum Beispiel Ecken, Gelbe und Rote Karten, Fouls oder welche Mannschaft das erste Tor erzielen wird.&nbsp;<\/p>\n\n\n\n<p>Diese M\u00e4rkte sind jedoch oft sehr schwer vorherzusagen, deshalb solltest du hier speziell bei Akkumulatoren Wetten vorsichtig sein.<\/p>\n\n\n\n<h2 class=\"wp-block-heading\" id=\"die-besten-wettquoten-der-premier-league\">Die Besten Wettquoten der Premier League<\/h2>\n\n\n\n<p>Die englische Premier League ist die beliebteste Fu\u00dfballliga der Welt. Wir bieten Wett-Liebhabern w\u00f6chentlich Tausende von Gelegenheiten, das Beste aus ihren Wettquoten f\u00fcr die englische Premier League zu machen.&nbsp;<\/p>\n\n\n\n<p>Es gibt eine schier endlose Anzahl an besten Wettquoten f\u00fcr die englische Premier League.&nbsp;<\/p>\n\n\n\n<p>Die Angebote reichen von den seit Langem bestehenden M\u00e4rkten f\u00fcr Premier League-Sieger bis hin zu In-Play-Optionen wie Spielquoten, die f\u00fcr jedes der 380 Spiele angeboten werden.<\/p>\n\n\n\n<h2 class=\"wp-block-heading\" id=\"wichtige-hilfsmittel-fur-wetten-auf-die-premier-league\">Wichtige Hilfsmittel f\u00fcr wetten auf die Premier League<\/h2>\n\n\n\n<p>Um die besten Gewinnchancen mit Wetten auf die Premier League zu erzielen, ist es wichtig, dass du mehr als nur die oberfl\u00e4chigen Sportnachrichten f\u00fcr deine Recherchen benutzt. Oft sind es die kleinen Details, die bei einer Wette den Unterschied ausmachen k\u00f6nnen.&nbsp;<\/p>\n\n\n\n<p>Wenn du diese Details \u00fcbersiehst, wirst du dich im Nachhinein \u00e4rgern. Bei Betting.com haben wir die letzten 27 Premier League Saisons analysiert und haben einige bemerkenswerte Informationen gesammelt, die dir helfen k\u00f6nnen, deine Wetten auf die Premier League zu verbessern.<\/p>\n\n\n\n<p>Behalte deine Wett-Statistik im Auge: Es ist wichtig, dass du deine Wett-Leistungen verfolgst, um zu sehen, welche Wetten nicht aufgegangen sind und wo du eventuell eine falsche Einsch\u00e4tzung getrof-fen hast. Deine Wettergebnisse zu kontrollieren ist nicht nur wichtig, um zu sehen, was du falsch gemacht hast, sondern auch, um herauszufinden, welche Wetten und welche Systeme f\u00fcr dich funktionieren.&nbsp;<\/p>\n\n\n\n<p>Somit kannst du in Zukunft auf diese M\u00e4rkte bevorzugt wetten, w\u00e4hrend du dich von denen distanzierst, bei denen du nicht so erfolgreich bist. Der Wett-Tracker von Betting.com eignet sich hervorragend, um alle deine Wetten im \u00dcberblick zu behalten.<\/p>\n\n\n\n<p><strong>Verletzungsanf\u00e4llige Spieler: <\/strong>Dies k\u00f6nnte speziell f\u00fcr Zukunftswetten relevant sein. Wenn eine starke Mannschaft \u00fcber ein paar Spieler verf\u00fcgt, die verletzungsanf\u00e4llig sind, dann sollte dies f\u00fcr dich ein Warnzeichen sein. Eine Zukunftswette kann so n\u00e4mlich schnell verloren gehen, wenn der beste Spiele f\u00fcr die H\u00e4lfte der Saison ausf\u00e4llt.<\/p>\n\n\n\n<p><strong>Neuverpflichtungen: <\/strong>Wenn ein Star-Spieler einen Vertrag bei einem Premier League Team unterschreibt, sind die Erwartungen immer gro\u00df. Hier sollte jedoch immer darauf geachtet und spekuliert werden, wie sich der neue Spieler in die Mannschaft oder in das System des Trainers einf\u00fcgen wird. Oft kommt es n\u00e4mlich vor, dass sich neue Spieler nicht sofort Einf\u00fcgen k\u00f6nnen und dadurch wird ihre und die Leistung der Mannschaft beeinflusst.<\/p>\n\n\n\n<p><strong>Beobachte die jungen Spieler: <\/strong>Wenn du mit deinen Wetten in diesem Jahr nicht so viel Gl\u00fcck hast oder dich deine eigene Mannschaft entt\u00e4uscht, dann kannst du die restliche Saison damit verbringen, den Nachwuchs ein wenig zu verfolgen.&nbsp;<\/p>\n\n\n\n<p>Oft ist es der Fall, dass wenn eine Mannschaft nicht die Leistung bringt, die sie bringen sollte, bekommen j\u00fcngere Spieler eine Chance. Junge Spieler haben des \u00d6fteren schon bewiesen, dass sie einen Unterschied ausmachen k\u00f6nnen. Das k\u00f6nnte dir eine hervorragende Ausgangsposition bei deiner n\u00e4chsten Zukunftswette verschaffen.<\/p>\n\n\t\t<\/article>\n\t\t<div class=\"lg:w-[300px] lg:flex-shrink-0 relative\" x-data=\"{show_toc: false}\">\n\t\t\t<div class=\"lg:sticky lg:top-4 z-30\">\n\t\t\t\t<div class=\"fixed -top-64 left-0 w-full z-50 lg:static transition-all hidden lg:block\" id=\"fixed-toc\">\n\t\t\t\t\t<div>\n\t\t\t\t<div class=\"border-b border-solid border-gray-30 text-lg font-bold lg:pt-7 max-lg:px-4 py-3 flex items-center justify-between bg-white lg:bg-transparent\">\n\t\t\tWas gibt es auf dieser Seite\n\t\t\t<button @click=\"show_toc = true\" class=\"btn btn-red-outline-white block lg:hidden\">Jump to<\/button>\n\t\t<\/div>\n\t\t\t\t<div\n\t\t\tclass=\"max-lg:fixed max-lg:top-0 max-lg:left-0 max-lg:w-screen max-lg:h-screen max-lg:bg-gray-70 max-lg:bg-opacity-75 max-lg:hidden\"\n\t\t\t:class=\"{'max-lg:hidden': !show_toc}\"\n\t\t\t@click=\"show_toc = false\"\n\t\t>\n\t\t\t<div class=\"max-lg:absolute max-lg:bottom-0 max-lg:left-0 max-lg:w-screen bg-white lg:bg-transparent\">\n\t\t\t\t\t\t\t\t<div class=\"flex lg:hidden items-center justify-between mx-4 border-b border-solid border-gray-30 pt-6 pb-2 font-bold\">\n\n\t\t\t\t\tAuf dieser Seite\n\t\t\t\t\t<button @click=\"show_toc = false\">\n\t\t\t\t\t\t<svg class=\"w-5 h-5 text-gray-100\" xmlns=\"http:\/\/www.w3.org\/2000\/svg\" fill=\"none\" stroke=\"currentColor\" stroke-width=\"1.5\" class=\"w-6 h-6\" viewBox=\"0 0 24 24\"><path stroke-linecap=\"round\" stroke-linejoin=\"round\" d=\"M6 18 18 6M6 6l12 12\"\/><\/svg>\t\t\t\t\t<\/button>\n\t\t\t\t<\/div>\n\t\t\t\t<ul id=\"toc\" class=\"mt-5 max-h-[85vh] overflow-y-auto list-none bt-scrollbars\">\n\n\t\t\t\t\t\t\t\t\t\t\t<li>\n\t\t\t\t\t\t\t<a href=\"#hintergrundwissen-um-die-wettquoten-der-premier-league-zu-verstehen\" data-bt-toc-item=\"hintergrundwissen-um-die-wettquoten-der-premier-league-zu-verstehen\"\n\t\t\t\t\t\t\t\t @click=\"show_toc = false\"\n\t\t\t\t\t\t\t\t class=\"block px-4 py-2 text-black border-l-4 border-solid border-transparent hover:border-red-100 transition-all hover:!border-b-0 hover:font-bold\">\nHintergrundwissen, um die Wettquoten der Premier League zu verstehen\n<\/a>\n\t\t\t\t\t\t<\/li>\n\t\t\t\t\t\t\t\t\t\t\t<li>\n\t\t\t\t\t\t\t<a href=\"#die-struktur-der-premier-league\" data-bt-toc-item=\"die-struktur-der-premier-league\"\n\t\t\t\t\t\t\t\t @click=\"show_toc = false\"\n\t\t\t\t\t\t\t\t class=\"block px-4 py-2 text-black border-l-4 border-solid border-transparent hover:border-red-100 transition-all hover:!border-b-0 hover:font-bold\">\nDie Struktur der Premier League\n<\/a>\n\t\t\t\t\t\t<\/li>\n\t\t\t\t\t\t\t\t\t\t\t<li>\n\t\t\t\t\t\t\t<a href=\"#die-historische-daten-der-premier-league\" data-bt-toc-item=\"die-historische-daten-der-premier-league\"\n\t\t\t\t\t\t\t\t @click=\"show_toc = false\"\n\t\t\t\t\t\t\t\t class=\"block px-4 py-2 text-black border-l-4 border-solid border-transparent hover:border-red-100 transition-all hover:!border-b-0 hover:font-bold\">\nDie Historische Daten der Premier League\n<\/a>\n\t\t\t\t\t\t<\/li>\n\t\t\t\t\t\t\t\t\t\t\t<li>\n\t\t\t\t\t\t\t<a href=\"#die-beliebtesten-markte-der-premier-league\" data-bt-toc-item=\"die-beliebtesten-markte-der-premier-league\"\n\t\t\t\t\t\t\t\t @click=\"show_toc = false\"\n\t\t\t\t\t\t\t\t class=\"block px-4 py-2 text-black border-l-4 border-solid border-transparent hover:border-red-100 transition-all hover:!border-b-0 hover:font-bold\">\nDie Beliebtesten M\u00e4rkte Der Premier League\n<\/a>\n\t\t\t\t\t\t<\/li>\n\t\t\t\t\t\t\t\t\t\t\t<li>\n\t\t\t\t\t\t\t<a href=\"#die-markte-der-zukunftswetten-in-der-premier-league\" data-bt-toc-item=\"die-markte-der-zukunftswetten-in-der-premier-league\"\n\t\t\t\t\t\t\t\t @click=\"show_toc = false\"\n\t\t\t\t\t\t\t\t class=\"block px-4 py-2 text-black border-l-4 border-solid border-transparent hover:border-red-100 transition-all hover:!border-b-0 hover:font-bold\">\nDie M\u00e4rkte der Zukunftswetten In Der Premier League\n<\/a>\n\t\t\t\t\t\t<\/li>\n\t\t\t\t\t\t\t\t\t\t\t<li>\n\t\t\t\t\t\t\t<a href=\"#weitere-beliebte-markte-der-premier-league\" data-bt-toc-item=\"weitere-beliebte-markte-der-premier-league\"\n\t\t\t\t\t\t\t\t @click=\"show_toc = false\"\n\t\t\t\t\t\t\t\t class=\"block px-4 py-2 text-black border-l-4 border-solid border-transparent hover:border-red-100 transition-all hover:!border-b-0 hover:font-bold\">\nWeitere beliebte m\u00e4rkte der Premier League\n<\/a>\n\t\t\t\t\t\t<\/li>\n\t\t\t\t\t\t\t\t\t\t\t<li>\n\t\t\t\t\t\t\t<a href=\"#die-besten-wettquoten-der-premier-league\" data-bt-toc-item=\"die-besten-wettquoten-der-premier-league\"\n\t\t\t\t\t\t\t\t @click=\"show_toc = false\"\n\t\t\t\t\t\t\t\t class=\"block px-4 py-2 text-black border-l-4 border-solid border-transparent hover:border-red-100 transition-all hover:!border-b-0 hover:font-bold\">\nDie Besten Wettquoten der Premier League\n<\/a>\n\t\t\t\t\t\t<\/li>\n\t\t\t\t\t\t\t\t\t\t\t<li>\n\t\t\t\t\t\t\t<a href=\"#wichtige-hilfsmittel-fur-wetten-auf-die-premier-league\" data-bt-toc-item=\"wichtige-hilfsmittel-fur-wetten-auf-die-premier-league\"\n\t\t\t\t\t\t\t\t @click=\"show_toc = false\"\n\t\t\t\t\t\t\t\t class=\"block px-4 py-2 text-black border-l-4 border-solid border-transparent hover:border-red-100 transition-all hover:!border-b-0 hover:font-bold\">\nWichtige Hilfsmittel f\u00fcr wetten auf die Premier League\n<\/a>\n\t\t\t\t\t\t<\/li>\n\t\t\t\t\t\t\t\t\t<\/ul>\n\t\t\t\t\t\t\t\t\t\t\t<\/div>\n\t\t<\/div>\n\t<\/div>\n\t\t\t\t\t<\/div>\n\t\t\t<\/div>\n\t\t<\/div>\n\t<\/div>\n<\/div>\n\t<\/div>\n<\/div>\n\n","protected":false},"excerpt":{"rendered":"","protected":false},"author":6,"featured_media":463,"parent":956,"menu_order":1000,"comment_status":"closed","ping_status":"closed","template":"","meta":{"footnotes":""},"tags":[],"acf":[],"_links":{"self":[{"href":"https:\/\/betting.com\/de\/wp-json\/wp\/v2\/pages\/55"}],"collection":[{"href":"https:\/\/betting.com\/de\/wp-json\/wp\/v2\/pages"}],"about":[{"href":"https:\/\/betting.com\/de\/wp-json\/wp\/v2\/types\/page"}],"author":[{"embeddable":true,"href":"https:\/\/betting.com\/de\/wp-json\/wp\/v2\/users\/6"}],"replies":[{"embeddable":true,"href":"https:\/\/betting.com\/de\/wp-json\/wp\/v2\/comments?post=55"}],"version-history":[{"count":4,"href":"https:\/\/betting.com\/de\/wp-json\/wp\/v2\/pages\/55\/revisions"}],"predecessor-version":[{"id":6138,"href":"https:\/\/betting.com\/de\/wp-json\/wp\/v2\/pages\/55\/revisions\/6138"}],"up":[{"embeddable":true,"href":"https:\/\/betting.com\/de\/wp-json\/wp\/v2\/pages\/956"}],"wp:featuredmedia":[{"embeddable":true,"href":"https:\/\/betting.com\/de\/wp-json\/wp\/v2\/media\/463"}],"wp:attachment":[{"href":"https:\/\/betting.com\/de\/wp-json\/wp\/v2\/media?parent=55"}],"wp:term":[{"taxonomy":"post_tag","embeddable":true,"href":"https:\/\/betting.com\/de\/wp-json\/wp\/v2\/tags?post=55"}],"curies":[{"name":"wp","href":"https:\/\/api.w.org\/{rel}","templated":true}]}}