{"id":53,"date":"2022-06-15T07:13:36","date_gmt":"2022-06-15T07:13:36","guid":{"rendered":"https:\/\/betting.com\/de\/?page_id=53"},"modified":"2023-08-02T12:31:08","modified_gmt":"2023-08-02T12:31:08","slug":"quoten","status":"publish","type":"page","link":"https:\/\/betting.com\/de\/primeira-liga\/quoten","title":{"rendered":"Portugiesischen Primeira Liga Quoten"},"content":{"rendered":"<div class=\" container-white py-8\">\n\t<div class=\"wp-block-container-toc  \">\n\t\t\t<div class=\"bg-white\">\n\t<div class=\"flex flex-col-reverse lg:flex-row lg:gap-8 py-10\">\n\t\t<article class=\"max-w-[960px] flex-grow\" data-bt-content>\n\t\t\t\n<h2 class=\"wp-block-heading\" id=\"die-quoten-der-primeira-liga-verstehen\">Die Quoten der Primeira Liga verstehen<\/h2>\n\n\n\n<p>Wenn es um das Thema \u201cFu\u00dfballwetten\u201d geht, sprechen viel Leute immer \u00fcber dieselben Ligen. Die Premier League, La Liga, Bundesliga und die Serie A sind sehr beliebte Ligen, auf die Wett-Spieler ihre Wetten abschlie\u00dfen. Die Primeira Liga wird jedoch oft \u00fcbersehen.&nbsp;<\/p>\n\n\n\n<p>Dies kann ein fataler Fehler sein, denn es sind genau Ligen wie die portugiesische Primeira Liga, in denen sehr viele Gewinne m\u00f6glich sind. Die Liga ist sehr ausgeglichen und es ist deswegen oft schwer f\u00fcr die Buchmacher, die Spiele in der Primeira Liga einzusch\u00e4tzen.&nbsp;<\/p>\n\n\n\n<p>Einige portugiesische Mannschaften der Primeira Liga sind auch in internationalen Turnieren vertreten wie zum Beispiel der Champions League oder der Europa League, diese Veranstaltungen bieten zus\u00e4tzliche M\u00f6glichkeiten, auf portugiesische Mannschaften zu wetten. Die Primeira Liga liegt in dem UEFA-Ranking auf Platz sechs und ist speziell f\u00fcr junge Fu\u00dfballtalente oft eine sehr gute und beliebte Anlaufstelle.&nbsp;<\/p>\n\n\n\n<h2 class=\"wp-block-heading\" id=\"die-geschichte-und-struktur-der-primeira-liga\">Die Geschichte und Struktur der Primeira Liga<\/h2>\n\n\n\n<p>Die Primeira Liga wurde 1934 ins Leben gerufen und gilt als die h\u00f6chste Fu\u00dfballliga in Portugal. Seit der Saison 2014\/15 spielen 18 Mannschaften in der Liga. Mit 37 Meistertitel verf\u00fcgt Benfica Lissabon \u00fcber die meisten Titel der Primeira Liga. Der FC Porto kann 29 Meisterschaften vorweisen.&nbsp;<\/p>\n\n\n\n<p>Der FC Porto konnte auch in der letzten Saison die Meisterschaft f\u00fcr sich entscheiden. Die Mannschaft, die nach Saisonende auf dem ersten Tabellenplatz steht, wird nicht nur zum Meister ernannt, sonder qualifiziert sich automatisch f\u00fcr die Gruppenphase der Champions League, w\u00e4hrend sich die zweitplatzierte Mannschaft f\u00fcr die Play-offs der Champions League Gruppenphase qualifiziert.&nbsp;<\/p>\n\n\n\n<p>Die Mannschaften, die den dritten und vierten Platz der Primeira Liga erreichen, qualifizieren sich f\u00fcr die Europa League. F\u00fcr die Europa League qualifiziert sich auch der Gewinner des \u201cTa\u00e7a de Portugal Cup\u201d, dieser ist vergleichbar mit dem DFB-Pokal.&nbsp;<\/p>\n\n\n\n<p>Wenn eine Mannschaft schon einen Champions League oder Europa League Platz durch die Platzierung in der Liga erreicht hat, dann geht der zus\u00e4tzliche Europa League Platz an die f\u00fcnftplatzierte Mannschaft.&nbsp;<\/p>\n\n\n\n<p>In der Primeira Liga gibt es selbstverst\u00e4ndlich auch einen Abstieg. Die zwei schw\u00e4chsten Mannschaften nach Saisonende steigen ab und werden durch die zwei besten Mannschaften aus der Zweiten Liga ersetzt. In der Primeira Liga sind insgesamt 34 Spieltage angesetzt, von denen jeder einzelne Spieltag gro\u00dfartige Wettm\u00f6glichkeiten bietet.&nbsp;<\/p>\n\n\n\n<h2 class=\"wp-block-heading\" id=\"die-beliebtesten-markte-in-der-primeira-liga\">Die beliebtesten M\u00e4rkte In der Primeira Liga<\/h2>\n\n\n\n<p><strong>&#8211; Handicap<\/strong> &#8211; Bei Handicap Wetten wird darauf gewettet, um wie viel Tore die st\u00e4rkere Mannschaft gewinnen wird.<\/p>\n\n\n\n<p><strong>&#8211; Spielergebnis (1&#215;2)<\/strong> &#8211; Hier wird auf den Ausgang des Spiels gewettet. In der Primeira Liga w\u00e4re dies Sieg, Niederlage oder Unentschieden nach Spielende.<\/p>\n\n\n\n<p><strong>&#8211; \u00dcber\/Unter Tore<\/strong> &#8211; Hier geben die Buchmacher eine Dezimalzahl wie zum Beispiel 3.5 oder 4.5 an, die die Tore reflektieren sollen und deine Aufgabe ist es darauf zu wetten, ob mehr oder weniger Tore als diese Anzahl geschossen werden.&nbsp;<\/p>\n\n\n\n<h2 class=\"wp-block-heading\" id=\"zukunftswetten-in-der-primeira-liga\">Zukunftswetten in der Primeira Liga<\/h2>\n\n\n\n<p>Wie in jeder anderen Liga ist auch in der Primeira Liga die beliebteste Zukunftswette auf den Gesamtsieger der Saison zu wetten. Auch wenn Benfica Lissabon, der FC Porto und Sporting CP zusammen 84 Meistertitel vorweisen k\u00f6nnen, sind in der Primeira Liga immer \u00dcberraschungen m\u00f6glich.&nbsp;<\/p>\n\n\n\n<p>Eine Zukunftswette auf den Sieger der Meisterschaft sollte jedoch so fr\u00fch wie m\u00f6glich abgeschlossen werden, da es am Anfang der Saison f\u00fcr die Buchmacher noch schwer ist, die Mannschaften richtig einzusch\u00e4tzen.&nbsp;<\/p>\n\n\n\n<p>Eine weitere interessante Zukunftswette in der Primeira Liga ist oft auf den besten Torsch\u00fctzen der Liga zu wetten. Auch hier lassen sich in der Regel gro\u00dfartige Quoten finden.&nbsp;<\/p>\n\n\n\n<h2 class=\"wp-block-heading\" id=\"weitere-interessante-markte-in-der-primeira-liga\">Weitere interessante M\u00e4rkte in der Primeira Liga<\/h2>\n\n\n\n<p>Auch In-Play Wetten k\u00f6nnen eine sehr interessante Option in der Primeira Liga sein. Hier kann zum Beispiel darauf gewettet werden, welche Mannschaft die n\u00e4chste Ecke erh\u00e4lt oder welche Mannschaft den n\u00e4chsten Torschuss erzielt.&nbsp;<\/p>\n\n\n\n<p>Auch Wetten auf Fouls, Karten und Ballbesitz sind Optionen. In der portugiesischen Primeira Liga gibt es viele verschiedene M\u00f6glichkeiten, Wetten auf unterschiedliche M\u00e4rkte zu platzieren.<\/p>\n\n\n\n<h2 class=\"wp-block-heading\" id=\"hilfreiche-tipps-fur-wetten-auf-die-primeira-liga\">Hilfreiche Tipps f\u00fcr Wetten auf die Primeira Liga<\/h2>\n\n\n\n<p><strong>Tippgeber:<\/strong> Die meisten Wett-Spieler verf\u00fcgen \u00fcber gute bis sehr gute Kenntnisse in den beliebtesten Fu\u00dfballligen wie zum Beispiel der Premier League, Bundesliga, Serie A und der La Liga.&nbsp;<\/p>\n\n\n\n<p>Wenn es jedoch um Ligen wie die Primeira Liga geht und das damit verbundenen Fachwissen, dann sto\u00dfen viele Wett-Spieler, vor allem Freizeitspieler an ihre Grenzen.&nbsp;<\/p>\n\n\n\n<p>Hier k\u00f6nnte sich ein Tippgeber rentieren, denn die meisten Tippgeber haben sich in der Regel auf eine bestimmte Liga spezialisiert und verf\u00fcgen deswegen \u00fcber Informationen und Fachwissen, das dir eventuell fehlt.&nbsp;<\/p>\n\n\n\n<p>Viele Tippgeber bieten ihre Tipps kostenlos an, andere verlangen f\u00fcr ihre Dienste eine Geb\u00fchr.&nbsp;<\/p>\n\n\n\n<p><strong>Buchmacher Boni:<\/strong> Wenn dir die Primeira Liga zu heikel ist, da du nicht \u00fcber gen\u00fcgend Fachwissen in dieser Liga verf\u00fcgst und du auch keinen Tippgeber benutzen willst, dann kannst du die Bonusangebote der Buchmacher nutzen, um mit diesem Geld zu spielen.&nbsp;<\/p>\n\n\n\n<p>Die meisten Buchmacher bieten ihren Neukunden einen Willkommensbonus an, mit diesem Bonus kannst du dann Wetten auf die Primeira Liga abschlie\u00dfen. Wenn die Wetten aufgehen, toll, wenn nicht, dann hast du nicht dein eigenes Geld verspielt. In der Regel wird ein Willkommensbonus jedoch nur nach einer Ersteinzahlung freigeschaltet.&nbsp;<\/p>\n\n\n\n<p>Dieses Geld kannst du f\u00fcr deine sicheren Wetten benutzen, bei denen du \u00fcber mehr Fachwissen verf\u00fcgst. Alle Boni der Buchmacher findest du auf Betting.com.&nbsp;<br><strong>Vielf\u00e4ltiges Wett-Portfolio:<\/strong> Auch wenn die Primeira Liga nicht deine erste Wahl ist, wenn du eine Wette platzierst, solltest du diese Liga in Erw\u00e4gung ziehen, um dein Wettportfolio zu erweitern. Oft sind es die Wetten, bei denen man sich anfangs nicht so sicher war, die Gewinne einbringen.<\/p>\n\n\t\t<\/article>\n\t\t<div class=\"lg:w-[300px] lg:flex-shrink-0 relative\" x-data=\"{show_toc: false}\">\n\t\t\t<div class=\"lg:sticky lg:top-4 z-30\">\n\t\t\t\t<div class=\"fixed -top-64 left-0 w-full z-50 lg:static transition-all hidden lg:block\" id=\"fixed-toc\">\n\t\t\t\t\t<div>\n\t\t\t\t<div class=\"border-b border-solid border-gray-30 text-lg font-bold lg:pt-7 max-lg:px-4 py-3 flex items-center justify-between bg-white lg:bg-transparent\">\n\t\t\tWas gibt es auf dieser Seite\n\t\t\t<button @click=\"show_toc = true\" class=\"btn btn-red-outline-white block lg:hidden\">Jump to<\/button>\n\t\t<\/div>\n\t\t\t\t<div\n\t\t\tclass=\"max-lg:fixed max-lg:top-0 max-lg:left-0 max-lg:w-screen max-lg:h-screen max-lg:bg-gray-70 max-lg:bg-opacity-75 max-lg:hidden\"\n\t\t\t:class=\"{'max-lg:hidden': !show_toc}\"\n\t\t\t@click=\"show_toc = false\"\n\t\t>\n\t\t\t<div class=\"max-lg:absolute max-lg:bottom-0 max-lg:left-0 max-lg:w-screen bg-white lg:bg-transparent\">\n\t\t\t\t\t\t\t\t<div class=\"flex lg:hidden items-center justify-between mx-4 border-b border-solid border-gray-30 pt-6 pb-2 font-bold\">\n\n\t\t\t\t\tAuf dieser Seite\n\t\t\t\t\t<button @click=\"show_toc = false\">\n\t\t\t\t\t\t<svg class=\"w-5 h-5 text-gray-100\" xmlns=\"http:\/\/www.w3.org\/2000\/svg\" fill=\"none\" stroke=\"currentColor\" stroke-width=\"1.5\" class=\"w-6 h-6\" viewBox=\"0 0 24 24\"><path stroke-linecap=\"round\" stroke-linejoin=\"round\" d=\"M6 18 18 6M6 6l12 12\"\/><\/svg>\t\t\t\t\t<\/button>\n\t\t\t\t<\/div>\n\t\t\t\t<ul id=\"toc\" class=\"mt-5 max-h-[85vh] overflow-y-auto list-none bt-scrollbars\">\n\n\t\t\t\t\t\t\t\t\t\t\t<li>\n\t\t\t\t\t\t\t<a href=\"#die-quoten-der-primeira-liga-verstehen\" data-bt-toc-item=\"die-quoten-der-primeira-liga-verstehen\"\n\t\t\t\t\t\t\t\t @click=\"show_toc = false\"\n\t\t\t\t\t\t\t\t class=\"block px-4 py-2 text-black border-l-4 border-solid border-transparent hover:border-red-100 transition-all hover:!border-b-0 hover:font-bold\">\nDie Quoten der Primeira Liga verstehen\n<\/a>\n\t\t\t\t\t\t<\/li>\n\t\t\t\t\t\t\t\t\t\t\t<li>\n\t\t\t\t\t\t\t<a href=\"#die-geschichte-und-struktur-der-primeira-liga\" data-bt-toc-item=\"die-geschichte-und-struktur-der-primeira-liga\"\n\t\t\t\t\t\t\t\t @click=\"show_toc = false\"\n\t\t\t\t\t\t\t\t class=\"block px-4 py-2 text-black border-l-4 border-solid border-transparent hover:border-red-100 transition-all hover:!border-b-0 hover:font-bold\">\nDie Geschichte und Struktur der Primeira Liga\n<\/a>\n\t\t\t\t\t\t<\/li>\n\t\t\t\t\t\t\t\t\t\t\t<li>\n\t\t\t\t\t\t\t<a href=\"#die-beliebtesten-markte-in-der-primeira-liga\" data-bt-toc-item=\"die-beliebtesten-markte-in-der-primeira-liga\"\n\t\t\t\t\t\t\t\t @click=\"show_toc = false\"\n\t\t\t\t\t\t\t\t class=\"block px-4 py-2 text-black border-l-4 border-solid border-transparent hover:border-red-100 transition-all hover:!border-b-0 hover:font-bold\">\nDie beliebtesten M\u00e4rkte In der Primeira Liga\n<\/a>\n\t\t\t\t\t\t<\/li>\n\t\t\t\t\t\t\t\t\t\t\t<li>\n\t\t\t\t\t\t\t<a href=\"#zukunftswetten-in-der-primeira-liga\" data-bt-toc-item=\"zukunftswetten-in-der-primeira-liga\"\n\t\t\t\t\t\t\t\t @click=\"show_toc = false\"\n\t\t\t\t\t\t\t\t class=\"block px-4 py-2 text-black border-l-4 border-solid border-transparent hover:border-red-100 transition-all hover:!border-b-0 hover:font-bold\">\nZukunftswetten in der Primeira Liga\n<\/a>\n\t\t\t\t\t\t<\/li>\n\t\t\t\t\t\t\t\t\t\t\t<li>\n\t\t\t\t\t\t\t<a href=\"#weitere-interessante-markte-in-der-primeira-liga\" data-bt-toc-item=\"weitere-interessante-markte-in-der-primeira-liga\"\n\t\t\t\t\t\t\t\t @click=\"show_toc = false\"\n\t\t\t\t\t\t\t\t class=\"block px-4 py-2 text-black border-l-4 border-solid border-transparent hover:border-red-100 transition-all hover:!border-b-0 hover:font-bold\">\nWeitere interessante M\u00e4rkte in der Primeira Liga\n<\/a>\n\t\t\t\t\t\t<\/li>\n\t\t\t\t\t\t\t\t\t\t\t<li>\n\t\t\t\t\t\t\t<a href=\"#hilfreiche-tipps-fur-wetten-auf-die-primeira-liga\" data-bt-toc-item=\"hilfreiche-tipps-fur-wetten-auf-die-primeira-liga\"\n\t\t\t\t\t\t\t\t @click=\"show_toc = false\"\n\t\t\t\t\t\t\t\t class=\"block px-4 py-2 text-black border-l-4 border-solid border-transparent hover:border-red-100 transition-all hover:!border-b-0 hover:font-bold\">\nHilfreiche Tipps f\u00fcr Wetten auf die Primeira Liga\n<\/a>\n\t\t\t\t\t\t<\/li>\n\t\t\t\t\t\t\t\t\t<\/ul>\n\t\t\t\t\t\t\t\t\t\t\t<\/div>\n\t\t<\/div>\n\t<\/div>\n\t\t\t\t\t<\/div>\n\t\t\t<\/div>\n\t\t<\/div>\n\t<\/div>\n<\/div>\n\t<\/div>\n<\/div>\n\n","protected":false},"excerpt":{"rendered":"","protected":false},"author":6,"featured_media":470,"parent":983,"menu_order":1000,"comment_status":"closed","ping_status":"closed","template":"","meta":{"footnotes":""},"tags":[],"acf":[],"_links":{"self":[{"href":"https:\/\/betting.com\/de\/wp-json\/wp\/v2\/pages\/53"}],"collection":[{"href":"https:\/\/betting.com\/de\/wp-json\/wp\/v2\/pages"}],"about":[{"href":"https:\/\/betting.com\/de\/wp-json\/wp\/v2\/types\/page"}],"author":[{"embeddable":true,"href":"https:\/\/betting.com\/de\/wp-json\/wp\/v2\/users\/6"}],"replies":[{"embeddable":true,"href":"https:\/\/betting.com\/de\/wp-json\/wp\/v2\/comments?post=53"}],"version-history":[{"count":4,"href":"https:\/\/betting.com\/de\/wp-json\/wp\/v2\/pages\/53\/revisions"}],"predecessor-version":[{"id":6137,"href":"https:\/\/betting.com\/de\/wp-json\/wp\/v2\/pages\/53\/revisions\/6137"}],"up":[{"embeddable":true,"href":"https:\/\/betting.com\/de\/wp-json\/wp\/v2\/pages\/983"}],"wp:featuredmedia":[{"embeddable":true,"href":"https:\/\/betting.com\/de\/wp-json\/wp\/v2\/media\/470"}],"wp:attachment":[{"href":"https:\/\/betting.com\/de\/wp-json\/wp\/v2\/media?parent=53"}],"wp:term":[{"taxonomy":"post_tag","embeddable":true,"href":"https:\/\/betting.com\/de\/wp-json\/wp\/v2\/tags?post=53"}],"curies":[{"name":"wp","href":"https:\/\/api.w.org\/{rel}","templated":true}]}}