{"id":51,"date":"2022-06-15T06:59:05","date_gmt":"2022-06-15T06:59:05","guid":{"rendered":"https:\/\/betting.com\/de\/?page_id=51"},"modified":"2023-08-02T12:31:08","modified_gmt":"2023-08-02T12:31:08","slug":"quoten","status":"publish","type":"page","link":"https:\/\/betting.com\/de\/ligue-1\/quoten","title":{"rendered":"Ligue 1 Quoten"},"content":{"rendered":"<div class=\" container-white py-8\">\n\t<div class=\"wp-block-container-toc  \">\n\t\t\t<div class=\"bg-white\">\n\t<div class=\"flex flex-col-reverse lg:flex-row lg:gap-8 py-10\">\n\t\t<article class=\"max-w-[960px] flex-grow\" data-bt-content>\n\t\t\t\n<h2 class=\"wp-block-heading\" id=\"hintergrundwissen-der-ligue-1\">Hintergrundwissen der Ligue 1<\/h2>\n\n\n\n<p>Die Ligue 1 ist Frankreichs h\u00f6chste Fu\u00dfballliga. Die Liga besteht seit 1932 und durchlief seit der Entstehung der Liga mehrere Namens\u00e4nderungen, bis die Liga 2002 endlich ihren Namen \u201cLigue 1\u201d erhalten hat. Die meisten Meisterschaften seit Gr\u00fcndung der Liga kann Saint-\u00c9tienne mit 10 Titeln aufweisen. Dieser Rekord wird jedoch vom letztj\u00e4hrigen Meister Paris Saint-Germain gejagt, die insgesamt \u00fcber 10 Meisterschaftstitel verf\u00fcgen.&nbsp;<\/p>\n\n\n\n<p>Neben den anderen gro\u00dfen Fu\u00dfballligen der Welt, wie zum Beispiel der Premier League, der La Liga oder der deutschen Bundesliga, wird \u00fcber die franz\u00f6sische Ligue 1 von vielen Wett-Spielern vernachl\u00e4ssigt, was ein gro\u00dfer Fehler ist, denn oftmals sind bei den verschiedenen Buchmachern sehr gute Quote auf die Spiele der Ligue 1 vorzufinden.&nbsp;<\/p>\n\n\n\n<p>Der Grund, warum Wetten auf die Ligue 1 nicht so beliebt sind, k\u00f6nnte auch sein, dass die franz\u00f6sischen Mannschaften oft nicht sehr gute Leistungen auf internationaler Ebene bringen. Du solltest dir die Chancen der Ligue 1 jedoch nicht entgehen lassen.&nbsp;<\/p>\n\n\n\n<p>Wenn du dir deine Wetten ausrechnen willst, um herauszufinden, welche Eins\u00e4tze du verwenden musst, um einen gewissen Gewinn auf deine Wetten in der Ligue 1 zu erhalten, dann kannst du einen Wett-Rechner benutzen. Mit einem Wett-Rechner kannst du dir alle deine potenziellen Gewinne zuvor ausrechnen lassen und kannst somit bessere Entscheidungen treffen.<\/p>\n\n\n\n<p>Um ein erfolgreicher Wett-Spieler zu werden, ist es wichtig, dass du dein Wett-Portfolio diversifiziert. Das hei\u00dft, dass du deine Wetten nicht nur auf eine Mannschaft oder eine Liga abschlie\u00dfen solltest. Der Grund hierf\u00fcr ist, dass du mit mehreren Wetten auf verschiedene Ligen herausfindest, welche Wetten funktionieren und welche nicht.&nbsp;<\/p>\n\n\n\n<p>Wenn du zum Beispiel Wetten auf die Bundesliga, die Premier League und die Ligue 1 abschlie\u00dfen w\u00fcrdest, dann wirst du mit hoher Wahrscheinlichkeit nach einer Weile einen Trend feststellen, der dir zeigt, in welchen Ligen du erfolgreich bist und in welchen Ligen du deine Wetten verlierst.&nbsp;<\/p>\n\n\n\n<p>Somit kannst du dich dann auf die Ligen fokussieren, mit denen du Erfolg hast und kannst dich gleichzeitig von den Ligen distanzieren, die dir st\u00e4ndige Verluste einfahren.&nbsp;<\/p>\n\n\n\n<h2 class=\"wp-block-heading\" id=\"die-struktur-der-ligue-1\">Die Struktur der Ligue 1<\/h2>\n\n\n\n<p>Die Liga verf\u00fcgt \u00fcber 20 Mannschaften und alle Mannschaften bestreiten 38 Spiele pro Saison. Wie in den meisten Profi-Ligen gibt es auch in der Ligue 1 einen Auf- und Abstieg, was gleichzeitig sehr beliebte Wettm\u00e4rkte sind. Die letzten beiden Mannschaften steigen automatisch in die zweite Liga ab.&nbsp;<\/p>\n\n\n\n<p>Die Mannschaft, die auf dem 18. Platz landet, muss in die Relegation gegen die drittplatzierte Mannschaft aus der zweiten Liga. In der Ligue 1 ist der Abstieg oft sehr umk\u00e4mpft und deswegen wird es besonders zum Ende der Saison hin richtig spannend. Oft bietet der Abstiegskampf gro\u00dfe Gelegenheiten f\u00fcr Arbitrage-Wetten, die du auf keinen Fall verpassen solltest.&nbsp;<\/p>\n\n\n\n<p>Auch in der Champions League und der Europa League sind Mannschaften aus der Ligue 1 vertreten. Dadurch, dass die Ligue 1 in dem UEFA-Ranking auf dem f\u00fcnften platz steht, bekommen nur die ersten zwei Mannschaften einen automatischen Platz in der Gruppenphase der Champions League. Die drittplatzierte Mannschaft startet in der dritten Runde der Champions League Qualifikation.&nbsp;<\/p>\n\n\n\n<p>Die Mannschaft, die nach Saisonende auf dem vierten Tabellenplatz steht, qualifiziert sich automatisch f\u00fcr die Gruppenphase der Europa League. Gro\u00dfartige Wettm\u00e4rkte sind auch der Coupe de France und der Coupe de la Ligue und auch die Gewinner dieser beiden Pokale qualifizieren sich ebenfalls automatisch f\u00fcr die Gruppenphase der Europa League.&nbsp;<\/p>\n\n\n\n<p>Sollte sich doch einer oder beide Gewinner dieser Pokale schon durch die normale Tabellenplatzierung f\u00fcr die Europa League qualifiziert haben, dann r\u00fccken die f\u00fcnft und\/oder sechstplatzierte Mannschaft\/en nach.&nbsp;<\/p>\n\n\n\n<h2 class=\"wp-block-heading\" id=\"die-beliebte-wettmarkte-der-ligue-1\">Die Beliebte wettm\u00e4rkte der Ligue 1<\/h2>\n\n\n\n<p><strong>Spielergebnis (1&#215;2)<\/strong> &#8211; Hier wird auf den Ausgang des Spiels gewettet. In der Ligue 1 w\u00e4re dies Sieg, Niederlage oder Unentschieden nach Spielende.<\/p>\n\n\n\n<p><strong>\u00dcber\/Unter Tore<\/strong> &#8211; Hier geben die Buchmacher eine Dezimalzahl wie zum Beispiel 3.5 oder 4.5 an, die die Tore reflektieren sollen und deine Aufgabe ist es darauf zu wetten, ob mehr oder weniger Tore als diese Anzahl geschossen werden.&nbsp;<\/p>\n\n\n\n<p><strong>Handicap<\/strong> &#8211; Bei Handicap Wetten wird darauf gewettet, um wie viel Tore die st\u00e4rkere Mannschaft gewinnen wird.<\/p>\n\n\n\n<h2 class=\"wp-block-heading\" id=\"zukunftsmarkte-der-ligue-1\">Zukunftsm\u00e4rkte der Ligue 1<\/h2>\n\n\n\n<p>Auch die Zukunftsm\u00e4rkte der Ligue 1 k\u00f6nnen sehr lukrativ sein. Hier kann zum Beispiel darauf gewettet werden, welche Mannschaft am Ende der Saison die Meisterschaft gewinnt, welcher Spieler Torsch\u00fctzenk\u00f6nig wird und welche Mannschaft absteigen wird.&nbsp;<\/p>\n\n\n\n<p>Zukunftsm\u00e4rkte sind speziell am Anfang der Saison interessant, da es f\u00fcr die Buchmache am Anfang der Saison noch schwierig ist, die Mannschaften einzusch\u00e4tzen. Mit guten Recherchen kannst du auf diese M\u00e4rkte die Buchmacher oft \u00fcberbieten.&nbsp;<\/p>\n\n\n\n<h2 class=\"wp-block-heading\" id=\"weitere-interessante-markte\">Weitere Interessante M\u00e4rkte<\/h2>\n\n\n\n<p>M\u00e4rkte, die in der franz\u00f6sischen Ligue 1 zus\u00e4tzlich von Bedeutung sein k\u00f6nnen, sind die M\u00e4rkte auf Ecken, Karten, Tore, Ballbesitz und Fouls.&nbsp;<\/p>\n\n\n\n<p>Auch wenn Paris Saint-Germain die Meisterschaft siebenmal innerhalb der letzten zehn Saisons gewinnen konnte, sollte dieser Faktor dich nicht abschrecken, auf die Ligue 1 zu wetten, da andere Mannschaften wie Marseille, Lille, Rennes und viele weitere auch sehr gute Spiele gegeneinander abschlie\u00dfen mit oft \u00fcberragenden Quoten der Buchmacher.&nbsp;<\/p>\n\n\n\n<h2 class=\"wp-block-heading\" id=\"wichtige-hilfsmittel-fur-wetten-auf-die-ligue-1\">Wichtige hilfsmittel f\u00fcr wetten auf die Ligue 1<\/h2>\n\n\n\n<p>Der Spieler mit den meisten Eins\u00e4tzen ist der Torh\u00fcter Micka\u00ebl Landreau, der zwischen 1996 und 2014 in vier franz\u00f6sischen Vereinen (Nantes, PSG, Lille und Bastia) spielte. Insgesamt absolvierte er 618 Eins\u00e4tze. Ein weiterer Spieler, der Torh\u00fcter Jean-Luc Ettori, absolvierte \u00fcber 600 Spiele in der Ligue 1.<\/p>\n\n\n\n<p><strong>Behalte deine Wett-Statistik im Auge:<\/strong> Wie wir bereits erw\u00e4hnten, kann es von Vorteil sein, wenn du deine Wetten genau verfolgst. Es ist wichtig, dass du deine Wett-Leistungen kontrollierst, um zu sehen, welche von deinen Wetten nicht aufgegangen sind und wo du eventuell eine falsche Einsch\u00e4tzung getroffen hast.&nbsp;<\/p>\n\n\n\n<p>Deine Wettergebnisse zu kontrollieren ist nicht nur wichtig, um zu sehen, was du falsch gemacht hast, sondern auch, um herauszufinden, welche Wetten und welche Systeme f\u00fcr dich funktionieren. Somit kannst du in Zukunft auf diese M\u00e4rkte bevorzugt wetten, w\u00e4hrend du dich von den Wetten distanzierst, bei denen du nicht so erfolgreich bist. Der Wett-Tracker von Betting.com eignet sich hervorragend, um alle deine Wetten im \u00dcberblick zu behalten.&nbsp;<\/p>\n\n\n\n<p><strong>Benutz die Boni der Buchmacher:<\/strong> Die Quoten auf die franz\u00f6sische Ligue 1 sind nicht unbedingt volatil, wenn du am Anfang der Saison jedoch noch ein wenig zus\u00e4tzliches Wettkapital ben\u00f6tigst, solltest du die Angebote der Buchmacher nutzen.&nbsp;<\/p>\n\n\n\n<p>Oft lassen sich mit einem Willkommensbonus eines Buchmachers gro\u00dfartige Wetten abschlie\u00dfen. Alle Bonus und Promotionsangebote aller Buchmacher findest du hier bei uns!&nbsp;<\/p>\n\n\n\n<p><strong>Benutze einen Tippgeber:<\/strong> Solltest du dich in der franz\u00f6sischen Ligue 1 nicht so gut auskennen, kann es durchaus hilfreich sein, wenn du die Leistungen eines Tippgebers in Erw\u00e4gung ziehst.&nbsp;<\/p>\n\n\n\n<p>Viele Tippgeber haben sich auf spezielle Ligen spezialisiert und verf\u00fcgen somit \u00fcber sehr gutes Fachwissen. Viele Tippgeber bieten ihre Tipps kostenlos an, andere jedoch verlangen eine Bezahlung. Alle Tipps der Tippgeber findest du hier unter Wett Tips.&nbsp;<\/p>\n\n\t\t<\/article>\n\t\t<div class=\"lg:w-[300px] lg:flex-shrink-0 relative\" x-data=\"{show_toc: false}\">\n\t\t\t<div class=\"lg:sticky lg:top-4 z-30\">\n\t\t\t\t<div class=\"fixed -top-64 left-0 w-full z-50 lg:static transition-all hidden lg:block\" id=\"fixed-toc\">\n\t\t\t\t\t<div>\n\t\t\t\t<div class=\"border-b border-solid border-gray-30 text-lg font-bold lg:pt-7 max-lg:px-4 py-3 flex items-center justify-between bg-white lg:bg-transparent\">\n\t\t\tWas gibt es auf dieser Seite\n\t\t\t<button @click=\"show_toc = true\" class=\"btn btn-red-outline-white block lg:hidden\">Jump to<\/button>\n\t\t<\/div>\n\t\t\t\t<div\n\t\t\tclass=\"max-lg:fixed max-lg:top-0 max-lg:left-0 max-lg:w-screen max-lg:h-screen max-lg:bg-gray-70 max-lg:bg-opacity-75 max-lg:hidden\"\n\t\t\t:class=\"{'max-lg:hidden': !show_toc}\"\n\t\t\t@click=\"show_toc = false\"\n\t\t>\n\t\t\t<div class=\"max-lg:absolute max-lg:bottom-0 max-lg:left-0 max-lg:w-screen bg-white lg:bg-transparent\">\n\t\t\t\t\t\t\t\t<div class=\"flex lg:hidden items-center justify-between mx-4 border-b border-solid border-gray-30 pt-6 pb-2 font-bold\">\n\n\t\t\t\t\tAuf dieser Seite\n\t\t\t\t\t<button @click=\"show_toc = false\">\n\t\t\t\t\t\t<svg class=\"w-5 h-5 text-gray-100\" xmlns=\"http:\/\/www.w3.org\/2000\/svg\" fill=\"none\" stroke=\"currentColor\" stroke-width=\"1.5\" class=\"w-6 h-6\" viewBox=\"0 0 24 24\"><path stroke-linecap=\"round\" stroke-linejoin=\"round\" d=\"M6 18 18 6M6 6l12 12\"\/><\/svg>\t\t\t\t\t<\/button>\n\t\t\t\t<\/div>\n\t\t\t\t<ul id=\"toc\" class=\"mt-5 max-h-[85vh] overflow-y-auto list-none bt-scrollbars\">\n\n\t\t\t\t\t\t\t\t\t\t\t<li>\n\t\t\t\t\t\t\t<a href=\"#hintergrundwissen-der-ligue-1\" data-bt-toc-item=\"hintergrundwissen-der-ligue-1\"\n\t\t\t\t\t\t\t\t @click=\"show_toc = false\"\n\t\t\t\t\t\t\t\t class=\"block px-4 py-2 text-black border-l-4 border-solid border-transparent hover:border-red-100 transition-all hover:!border-b-0 hover:font-bold\">\nHintergrundwissen der Ligue 1\n<\/a>\n\t\t\t\t\t\t<\/li>\n\t\t\t\t\t\t\t\t\t\t\t<li>\n\t\t\t\t\t\t\t<a href=\"#die-struktur-der-ligue-1\" data-bt-toc-item=\"die-struktur-der-ligue-1\"\n\t\t\t\t\t\t\t\t @click=\"show_toc = false\"\n\t\t\t\t\t\t\t\t class=\"block px-4 py-2 text-black border-l-4 border-solid border-transparent hover:border-red-100 transition-all hover:!border-b-0 hover:font-bold\">\nDie Struktur der Ligue 1\n<\/a>\n\t\t\t\t\t\t<\/li>\n\t\t\t\t\t\t\t\t\t\t\t<li>\n\t\t\t\t\t\t\t<a href=\"#die-beliebte-wettmarkte-der-ligue-1\" data-bt-toc-item=\"die-beliebte-wettmarkte-der-ligue-1\"\n\t\t\t\t\t\t\t\t @click=\"show_toc = false\"\n\t\t\t\t\t\t\t\t class=\"block px-4 py-2 text-black border-l-4 border-solid border-transparent hover:border-red-100 transition-all hover:!border-b-0 hover:font-bold\">\nDie Beliebte wettm\u00e4rkte der Ligue 1\n<\/a>\n\t\t\t\t\t\t<\/li>\n\t\t\t\t\t\t\t\t\t\t\t<li>\n\t\t\t\t\t\t\t<a href=\"#zukunftsmarkte-der-ligue-1\" data-bt-toc-item=\"zukunftsmarkte-der-ligue-1\"\n\t\t\t\t\t\t\t\t @click=\"show_toc = false\"\n\t\t\t\t\t\t\t\t class=\"block px-4 py-2 text-black border-l-4 border-solid border-transparent hover:border-red-100 transition-all hover:!border-b-0 hover:font-bold\">\nZukunftsm\u00e4rkte der Ligue 1\n<\/a>\n\t\t\t\t\t\t<\/li>\n\t\t\t\t\t\t\t\t\t\t\t<li>\n\t\t\t\t\t\t\t<a href=\"#weitere-interessante-markte\" data-bt-toc-item=\"weitere-interessante-markte\"\n\t\t\t\t\t\t\t\t @click=\"show_toc = false\"\n\t\t\t\t\t\t\t\t class=\"block px-4 py-2 text-black border-l-4 border-solid border-transparent hover:border-red-100 transition-all hover:!border-b-0 hover:font-bold\">\nWeitere Interessante M\u00e4rkte\n<\/a>\n\t\t\t\t\t\t<\/li>\n\t\t\t\t\t\t\t\t\t\t\t<li>\n\t\t\t\t\t\t\t<a href=\"#wichtige-hilfsmittel-fur-wetten-auf-die-ligue-1\" data-bt-toc-item=\"wichtige-hilfsmittel-fur-wetten-auf-die-ligue-1\"\n\t\t\t\t\t\t\t\t @click=\"show_toc = false\"\n\t\t\t\t\t\t\t\t class=\"block px-4 py-2 text-black border-l-4 border-solid border-transparent hover:border-red-100 transition-all hover:!border-b-0 hover:font-bold\">\nWichtige hilfsmittel f\u00fcr wetten auf die Ligue 1\n<\/a>\n\t\t\t\t\t\t<\/li>\n\t\t\t\t\t\t\t\t\t<\/ul>\n\t\t\t\t\t\t\t\t\t\t\t<\/div>\n\t\t<\/div>\n\t<\/div>\n\t\t\t\t\t<\/div>\n\t\t\t<\/div>\n\t\t<\/div>\n\t<\/div>\n<\/div>\n\t<\/div>\n<\/div>\n\n","protected":false},"excerpt":{"rendered":"","protected":false},"author":6,"featured_media":459,"parent":953,"menu_order":1000,"comment_status":"closed","ping_status":"closed","template":"","meta":{"footnotes":""},"tags":[],"acf":[],"_links":{"self":[{"href":"https:\/\/betting.com\/de\/wp-json\/wp\/v2\/pages\/51"}],"collection":[{"href":"https:\/\/betting.com\/de\/wp-json\/wp\/v2\/pages"}],"about":[{"href":"https:\/\/betting.com\/de\/wp-json\/wp\/v2\/types\/page"}],"author":[{"embeddable":true,"href":"https:\/\/betting.com\/de\/wp-json\/wp\/v2\/users\/6"}],"replies":[{"embeddable":true,"href":"https:\/\/betting.com\/de\/wp-json\/wp\/v2\/comments?post=51"}],"version-history":[{"count":5,"href":"https:\/\/betting.com\/de\/wp-json\/wp\/v2\/pages\/51\/revisions"}],"predecessor-version":[{"id":6136,"href":"https:\/\/betting.com\/de\/wp-json\/wp\/v2\/pages\/51\/revisions\/6136"}],"up":[{"embeddable":true,"href":"https:\/\/betting.com\/de\/wp-json\/wp\/v2\/pages\/953"}],"wp:featuredmedia":[{"embeddable":true,"href":"https:\/\/betting.com\/de\/wp-json\/wp\/v2\/media\/459"}],"wp:attachment":[{"href":"https:\/\/betting.com\/de\/wp-json\/wp\/v2\/media?parent=51"}],"wp:term":[{"taxonomy":"post_tag","embeddable":true,"href":"https:\/\/betting.com\/de\/wp-json\/wp\/v2\/tags?post=51"}],"curies":[{"name":"wp","href":"https:\/\/api.w.org\/{rel}","templated":true}]}}