{"id":49,"date":"2022-06-15T06:46:22","date_gmt":"2022-06-15T06:46:22","guid":{"rendered":"https:\/\/betting.com\/de\/?page_id=49"},"modified":"2023-08-02T12:31:08","modified_gmt":"2023-08-02T12:31:08","slug":"quoten","status":"publish","type":"page","link":"https:\/\/betting.com\/de\/laliga\/quoten","title":{"rendered":"La Liga Quoten"},"content":{"rendered":"<div class=\" container-white py-8\">\n\t<div class=\"wp-block-container-toc  \">\n\t\t\t<div class=\"bg-white\">\n\t<div class=\"flex flex-col-reverse lg:flex-row lg:gap-8 py-10\">\n\t\t<article class=\"max-w-[960px] flex-grow\" data-bt-content>\n\t\t\t\n<h2 class=\"wp-block-heading\" id=\"hintergrundwissen-um-die-quoten-der-la-liga-zu-verstehen\">Hintergrundwissen, um die Quoten der La Liga Zu verstehen<\/h2>\n\n\n\n<p>Auch wenn die La Liga bekannt daf\u00fcr ist, dass die Liga sehr unausgeglichen ist, bedeutet das nicht, dass sie von Wett-Spielern vernachl\u00e4ssigt wird. Im Gegenteil, die La Liga ist unter Wett-Spielern sehr beliebt. Dadurch, dass die La Liga so unausgeglichen ist, ist es auch nachvollziehbar, dass die Buchmacher die besseren Quoten auf Spiele der Favoriten-Mannschaften vergeben.&nbsp;<\/p>\n\n\n\n<p>Hier kann es n\u00fctzlich sein, wenn man die Motivation der einzelnen Mannschaften in Erw\u00e4gung zieht. Wenn eine Mannschaft zum Beispiel um den Abstieg k\u00e4mpft, dann kann es durchaus sein, dass diese Mannschaft motivierter an den Start geht als eine Mannschaft im mittleren Tabellenfeld.&nbsp;<\/p>\n\n\n\n<h2 class=\"wp-block-heading\" id=\"die-struktur-der-la-liga\">Die Struktur der La Liga<\/h2>\n\n\n\n<p>Insgesamt verf\u00fcgt die spanische La Liga \u00fcber 20 Mannschaften, von denen jede Mannschaft 38 Spieltage in einer regul\u00e4ren Saison bestreitet. Jedes Team spielt zweimal gegen den gleichen Gegner. Ein Spiel findet zuhause statt und das andere ausw\u00e4rts. Die Saison startet in der Regel Ende August oder Anfang September und geht bis Juni. Die Mannschaft, die nach dem letzten Spieltag die meisten Punkte vorweisen kann wir zum Meister erkl\u00e4rt. Sollten zwei Mannschaften die gleiche Anzahl an Punkten vorweisen k\u00f6nnen, wird durch den direkten Vergleich entschieden.&nbsp;<\/p>\n\n\n\n<p>Einen Abstieg gibt es in der La Liga selbstverst\u00e4ndlich auch. Die letzten drei Mannschaften der Tabelle steigen automatisch in die Zweite Liga ab. Die ersten beiden Mannschaften der Zweiten Liga steigen im Gegenzug automatisch in die La Liga auf. Die dritte Mannschaft, die von der zweiten Liga in die La Liga aufsteigt, wird durch ein Play-off Format der Mannschaften auf Tabellenplatz 3 &#8211; 6 ausgespielt.<\/p>\n\n\n\n<h2 class=\"wp-block-heading\" id=\"die-historischen-daten-der-la-liga\">Die Historischen Daten der La Liga<\/h2>\n\n\n\n<p>Die spanische La Liga besteht seit 1929. Die erfolgreichste Mannschaft der La Liga ist Real Madrid, die die Meisterschaft insgesamt 34 Mal gewinnen konnten. Mit 26 gewonnenen Meisterschaften ist der FC Barcelona die zweiterfolgreichste Mannschaft. Hier ist eine Liste aller Meistertitel:<\/p>\n\n\n\n<ul><li>Real Madrid 35<\/li><li>FC Barcelona 26<\/li><li>Atl\u00e9tico Madrid 11<\/li><li>Athletic Bilboa 8<\/li><li>FC Valencia 6<\/li><li>Real Sociedad San Sebasti\u00e1n 2<\/li><li>Real Betis Sevilla 1<\/li><li>FC Sevilla 1<\/li><li>Deportivo de La Coru\u00f1a 1<\/li><\/ul>\n\n\n\n<h2 class=\"wp-block-heading\" id=\"die-beliebtesten-markte-der-la-liga\">Die Beliebtesten M\u00e4rkte der La Liga<\/h2>\n\n\n\n<p>Spielergebnis (1&#215;2) &#8211; Hier wird auf den Ausgang des Spiels gewettet. In der La Liga w\u00e4re dies Sieg, Niederlage oder Unentschieden nach Spielende.<\/p>\n\n\n\n<p>\u00dcber\/Unter Tore &#8211; Hier geben die Buchmacher eine Dezimalzahl wie zum Beispiel 3.5 oder 4.5 an, die die Tore reflektieren sollen und deine Aufgabe ist es darauf zu wetten, ob mehr oder weniger Tore als diese Anzahl geschossen werden.&nbsp;<\/p>\n\n\n\n<p>Handicap &#8211; Bei Handicap Wetten wird darauf gewettet, um wie viel Tore die st\u00e4rkere Mannschaft gewinnen wird.<\/p>\n\n\n\n<h2 class=\"wp-block-heading\" id=\"die-markte-der-zukunftswetten\">Die M\u00e4rkte der Zukunftswetten<\/h2>\n\n\n\n<p>Auch Zukunftswetten sind auf die La Liga sehr beleibt. Die g\u00e4ngigste Zukunftswette ist definitiv auf die Meistermannschaft zu wetten. Diese Wetten k\u00f6nnen sehr rentable sein. Speziell am Anfang der Saison sind auf diese M\u00e4rkte sehr gut Quoten vorzufinden, denn zu diesem Zeitpunkt ist es f\u00fcr die Buchmacher oft noch schwierig, die Mannschaften einzusch\u00e4tzen.&nbsp;<\/p>\n\n\n\n<p>Selbstverst\u00e4ndlich kann auch darauf gewettet werden, welche Mannschaft in die zweite Liga absteigt oder welcher Spieler die meisten Tore erzielen wird.&nbsp;<\/p>\n\n\n\n<h2 class=\"wp-block-heading\" id=\"weitere-beliebte-markte\">Weitere beliebte M\u00e4rkte<\/h2>\n\n\n\n<p>Neben den Standardwetten und den Zukunftswetten, die du auf die La Liga abschlie\u00dfen kannst, hast du auch die M\u00f6glichkeit, auf andere M\u00e4rkte zu wetten wie zum Beispiel Ecken, Gelbe und Rote Karten, Fouls oder welche Mannschaft das erste Tor erzielen wird. Diese M\u00e4rkte sind jedoch oft sehr schwer vorherzusagen, deshalb solltest du hier speziell bei Akkumulatoren Wetten vorsichtig sein.&nbsp;<\/p>\n\n\n\n<p>Diese Wetten k\u00f6nnen jedoch auch sehr lukrativ sein, wenn du gut informiert bist. Wenn du zum Beispiel beobachtet, dass eine bestimmte Mannschaft in der La Liga eine hohe Anzahl an Ecken hat oder \u00fcber einen Spieler verf\u00fcgt, der st\u00e4ndig mit Gelben Karten verwarnt wird, dann w\u00e4ren das sehr gute M\u00e4rkte, auf die du eine Wette platzieren solltest.&nbsp;<\/p>\n\n\n\n<h2 class=\"wp-block-heading\" id=\"die-besten-wettquoten-der-la-liga\">Die besten Wettquoten der La Liga<\/h2>\n\n\n\n<p>Real Madrid gewann seine 35. La Liga-Troph\u00e4e und wird in der kommenden Saison Titelverteidiger sein. Real Madrid ist auch der Hauptkandidat f\u00fcr den Gewinn der Liga in der Saison 2022\/23. Barcelona belegte in der letzten Saison den zweiten Platz. Um dieses Jahr den Meistertitel zu holen, wird ter Stegen jedoch ein wenig Hilfe von seinen Mitspielern ben\u00f6tigen.&nbsp;<\/p>\n\n\n\n<h2 class=\"wp-block-heading\" id=\"wichtige-hilfsmittel-fur-wetten-auf-die-la-liga\">Wichtige Hilfsmittel f\u00fcr wetten auf die La Liga<\/h2>\n\n\n\n<p><strong>Verletzungsanf\u00e4llige Spieler:<\/strong> Es ist immer schlecht, wenn sich ein Star Spieler verletzt. Ganz bitter wird es jedoch, wenn sich ein Star Spieler einer Mannschaft verletzt, auf die du eine Zukunftswette laufen hast. Deshalb ist es wichtig, dass man die Verletzungswahrscheinlichkeit gewisser Spieler einsch\u00e4tzt. Manche Spieler sind einfach anf\u00e4lliger als andere.&nbsp;<\/p>\n\n\n\n<p><strong>Star Spieler:<\/strong> Mit Karim Benzema verf\u00fcgt der Real Madrid und die La Liga \u00fcber einen der besten Fu\u00dfballer der Welt. Benzema ist ein Spieler, der Spiele im Alleingang entscheiden kann. Dies solltest du immer beachten wenn du eine Wette gegen den Real Madrid abschlie\u00dfen willst.&nbsp;<\/p>\n\n\t\t<\/article>\n\t\t<div class=\"lg:w-[300px] lg:flex-shrink-0 relative\" x-data=\"{show_toc: false}\">\n\t\t\t<div class=\"lg:sticky lg:top-4 z-30\">\n\t\t\t\t<div class=\"fixed -top-64 left-0 w-full z-50 lg:static transition-all hidden lg:block\" id=\"fixed-toc\">\n\t\t\t\t\t<div>\n\t\t\t\t<div class=\"border-b border-solid border-gray-30 text-lg font-bold lg:pt-7 max-lg:px-4 py-3 flex items-center justify-between bg-white lg:bg-transparent\">\n\t\t\tWas gibt es auf dieser Seite\n\t\t\t<button @click=\"show_toc = true\" class=\"btn btn-red-outline-white block lg:hidden\">Jump to<\/button>\n\t\t<\/div>\n\t\t\t\t<div\n\t\t\tclass=\"max-lg:fixed max-lg:top-0 max-lg:left-0 max-lg:w-screen max-lg:h-screen max-lg:bg-gray-70 max-lg:bg-opacity-75 max-lg:hidden\"\n\t\t\t:class=\"{'max-lg:hidden': !show_toc}\"\n\t\t\t@click=\"show_toc = false\"\n\t\t>\n\t\t\t<div class=\"max-lg:absolute max-lg:bottom-0 max-lg:left-0 max-lg:w-screen bg-white lg:bg-transparent\">\n\t\t\t\t\t\t\t\t<div class=\"flex lg:hidden items-center justify-between mx-4 border-b border-solid border-gray-30 pt-6 pb-2 font-bold\">\n\n\t\t\t\t\tAuf dieser Seite\n\t\t\t\t\t<button @click=\"show_toc = false\">\n\t\t\t\t\t\t<svg class=\"w-5 h-5 text-gray-100\" xmlns=\"http:\/\/www.w3.org\/2000\/svg\" fill=\"none\" stroke=\"currentColor\" stroke-width=\"1.5\" class=\"w-6 h-6\" viewBox=\"0 0 24 24\"><path stroke-linecap=\"round\" stroke-linejoin=\"round\" d=\"M6 18 18 6M6 6l12 12\"\/><\/svg>\t\t\t\t\t<\/button>\n\t\t\t\t<\/div>\n\t\t\t\t<ul id=\"toc\" class=\"mt-5 max-h-[85vh] overflow-y-auto list-none bt-scrollbars\">\n\n\t\t\t\t\t\t\t\t\t\t\t<li>\n\t\t\t\t\t\t\t<a href=\"#hintergrundwissen-um-die-quoten-der-la-liga-zu-verstehen\" data-bt-toc-item=\"hintergrundwissen-um-die-quoten-der-la-liga-zu-verstehen\"\n\t\t\t\t\t\t\t\t @click=\"show_toc = false\"\n\t\t\t\t\t\t\t\t class=\"block px-4 py-2 text-black border-l-4 border-solid border-transparent hover:border-red-100 transition-all hover:!border-b-0 hover:font-bold\">\nHintergrundwissen, um die Quoten der La Liga Zu verstehen\n<\/a>\n\t\t\t\t\t\t<\/li>\n\t\t\t\t\t\t\t\t\t\t\t<li>\n\t\t\t\t\t\t\t<a href=\"#die-struktur-der-la-liga\" data-bt-toc-item=\"die-struktur-der-la-liga\"\n\t\t\t\t\t\t\t\t @click=\"show_toc = false\"\n\t\t\t\t\t\t\t\t class=\"block px-4 py-2 text-black border-l-4 border-solid border-transparent hover:border-red-100 transition-all hover:!border-b-0 hover:font-bold\">\nDie Struktur der La Liga\n<\/a>\n\t\t\t\t\t\t<\/li>\n\t\t\t\t\t\t\t\t\t\t\t<li>\n\t\t\t\t\t\t\t<a href=\"#die-historischen-daten-der-la-liga\" data-bt-toc-item=\"die-historischen-daten-der-la-liga\"\n\t\t\t\t\t\t\t\t @click=\"show_toc = false\"\n\t\t\t\t\t\t\t\t class=\"block px-4 py-2 text-black border-l-4 border-solid border-transparent hover:border-red-100 transition-all hover:!border-b-0 hover:font-bold\">\nDie Historischen Daten der La Liga\n<\/a>\n\t\t\t\t\t\t<\/li>\n\t\t\t\t\t\t\t\t\t\t\t<li>\n\t\t\t\t\t\t\t<a href=\"#die-beliebtesten-markte-der-la-liga\" data-bt-toc-item=\"die-beliebtesten-markte-der-la-liga\"\n\t\t\t\t\t\t\t\t @click=\"show_toc = false\"\n\t\t\t\t\t\t\t\t class=\"block px-4 py-2 text-black border-l-4 border-solid border-transparent hover:border-red-100 transition-all hover:!border-b-0 hover:font-bold\">\nDie Beliebtesten M\u00e4rkte der La Liga\n<\/a>\n\t\t\t\t\t\t<\/li>\n\t\t\t\t\t\t\t\t\t\t\t<li>\n\t\t\t\t\t\t\t<a href=\"#die-markte-der-zukunftswetten\" data-bt-toc-item=\"die-markte-der-zukunftswetten\"\n\t\t\t\t\t\t\t\t @click=\"show_toc = false\"\n\t\t\t\t\t\t\t\t class=\"block px-4 py-2 text-black border-l-4 border-solid border-transparent hover:border-red-100 transition-all hover:!border-b-0 hover:font-bold\">\nDie M\u00e4rkte der Zukunftswetten\n<\/a>\n\t\t\t\t\t\t<\/li>\n\t\t\t\t\t\t\t\t\t\t\t<li>\n\t\t\t\t\t\t\t<a href=\"#weitere-beliebte-markte\" data-bt-toc-item=\"weitere-beliebte-markte\"\n\t\t\t\t\t\t\t\t @click=\"show_toc = false\"\n\t\t\t\t\t\t\t\t class=\"block px-4 py-2 text-black border-l-4 border-solid border-transparent hover:border-red-100 transition-all hover:!border-b-0 hover:font-bold\">\nWeitere beliebte M\u00e4rkte\n<\/a>\n\t\t\t\t\t\t<\/li>\n\t\t\t\t\t\t\t\t\t\t\t<li>\n\t\t\t\t\t\t\t<a href=\"#die-besten-wettquoten-der-la-liga\" data-bt-toc-item=\"die-besten-wettquoten-der-la-liga\"\n\t\t\t\t\t\t\t\t @click=\"show_toc = false\"\n\t\t\t\t\t\t\t\t class=\"block px-4 py-2 text-black border-l-4 border-solid border-transparent hover:border-red-100 transition-all hover:!border-b-0 hover:font-bold\">\nDie besten Wettquoten der La Liga\n<\/a>\n\t\t\t\t\t\t<\/li>\n\t\t\t\t\t\t\t\t\t\t\t<li>\n\t\t\t\t\t\t\t<a href=\"#wichtige-hilfsmittel-fur-wetten-auf-die-la-liga\" data-bt-toc-item=\"wichtige-hilfsmittel-fur-wetten-auf-die-la-liga\"\n\t\t\t\t\t\t\t\t @click=\"show_toc = false\"\n\t\t\t\t\t\t\t\t class=\"block px-4 py-2 text-black border-l-4 border-solid border-transparent hover:border-red-100 transition-all hover:!border-b-0 hover:font-bold\">\nWichtige Hilfsmittel f\u00fcr wetten auf die La Liga\n<\/a>\n\t\t\t\t\t\t<\/li>\n\t\t\t\t\t\t\t\t\t<\/ul>\n\t\t\t\t\t\t\t\t\t\t\t<\/div>\n\t\t<\/div>\n\t<\/div>\n\t\t\t\t\t<\/div>\n\t\t\t<\/div>\n\t\t<\/div>\n\t<\/div>\n<\/div>\n\t<\/div>\n<\/div>\n\n","protected":false},"excerpt":{"rendered":"","protected":false},"author":6,"featured_media":458,"parent":992,"menu_order":1000,"comment_status":"closed","ping_status":"closed","template":"","meta":{"footnotes":""},"tags":[],"acf":[],"_links":{"self":[{"href":"https:\/\/betting.com\/de\/wp-json\/wp\/v2\/pages\/49"}],"collection":[{"href":"https:\/\/betting.com\/de\/wp-json\/wp\/v2\/pages"}],"about":[{"href":"https:\/\/betting.com\/de\/wp-json\/wp\/v2\/types\/page"}],"author":[{"embeddable":true,"href":"https:\/\/betting.com\/de\/wp-json\/wp\/v2\/users\/6"}],"replies":[{"embeddable":true,"href":"https:\/\/betting.com\/de\/wp-json\/wp\/v2\/comments?post=49"}],"version-history":[{"count":4,"href":"https:\/\/betting.com\/de\/wp-json\/wp\/v2\/pages\/49\/revisions"}],"predecessor-version":[{"id":6135,"href":"https:\/\/betting.com\/de\/wp-json\/wp\/v2\/pages\/49\/revisions\/6135"}],"up":[{"embeddable":true,"href":"https:\/\/betting.com\/de\/wp-json\/wp\/v2\/pages\/992"}],"wp:featuredmedia":[{"embeddable":true,"href":"https:\/\/betting.com\/de\/wp-json\/wp\/v2\/media\/458"}],"wp:attachment":[{"href":"https:\/\/betting.com\/de\/wp-json\/wp\/v2\/media?parent=49"}],"wp:term":[{"taxonomy":"post_tag","embeddable":true,"href":"https:\/\/betting.com\/de\/wp-json\/wp\/v2\/tags?post=49"}],"curies":[{"name":"wp","href":"https:\/\/api.w.org\/{rel}","templated":true}]}}