{"id":47,"date":"2022-06-15T06:34:29","date_gmt":"2022-06-15T06:34:29","guid":{"rendered":"https:\/\/betting.com\/de\/?page_id=47"},"modified":"2023-08-02T12:31:09","modified_gmt":"2023-08-02T12:31:09","slug":"quoten","status":"publish","type":"page","link":"https:\/\/betting.com\/de\/griechische-super-league\/quoten","title":{"rendered":"Griechische Super League Quoten"},"content":{"rendered":"<div class=\" container-white py-8\">\n\t<div class=\"wp-block-container-toc  \">\n\t\t\t<div class=\"bg-white\">\n\t<div class=\"flex flex-col-reverse lg:flex-row lg:gap-8 py-10\">\n\t\t<article class=\"max-w-[960px] flex-grow\" data-bt-content>\n\t\t\t\n<h2 class=\"wp-block-heading\" id=\"die-quoten-der-griechischen-super-league\">Die Quoten der griechischen Super League<\/h2>\n\n\n\n<p>Unter vielen professionellen Wettspielern sind die Quoten der griechischen Super League sehr beliebt. Der Grund hierf\u00fcr ist, dass die Liga ein wenig unter dem Radar der Buchmacher l\u00e4uft. Wie es bei den kleineren Ligen oft der Fall ist, lassen sich auch auf die griechische Super League ausgezeichnete Quoten vorfinden.&nbsp;<\/p>\n\n\n\n<p>Die meisten Buchmacher fokussieren sich n\u00e4mlich wie die meisten Wettspieler auf die gro\u00dfen Fu\u00dfballligen der Welt und vernachl\u00e4ssigen somit die kleineren Ligen. Mit einem minimalen Aufwand an Recherchen kann man sich in der griechischen Super League einen fabelhaften Vorteil gegen\u00fcber den Buchmachern verschaffen.&nbsp;<\/p>\n\n\n\n<p>Wenn du ein Fan von Akkumulatoren-Wetten bist, dann solltest du auf jeden Fall die Spieler der Super League mit aufnehmen. Oft lassen sich in der h\u00f6chsten griechischen Spielklasse klare Wetten vorfinden.&nbsp;<\/p>\n\n\n\n<h2 class=\"wp-block-heading\" id=\"die-geschichte-und-die-struktur-der-liga\">Die Geschichte und die Struktur der Liga<\/h2>\n\n\n\n<p>In der griechischen Super League spielen momentan 14 Mannschaften. Olympiacos Pir\u00e4us ist mit Abstand die erfolgreichste Mannschaft der Super League. Die Mannschaft gewann die griechische Meisterschaft insgesamt 47-mal.&nbsp;<\/p>\n\n\n\n<p>Dieser Rekord ist nicht ansatzweise in Gefahr, denn mit 20 Meistertitel hat Panathinaikos Athen noch einiges zu tun, um an Olympiacos heranzukommen. Hier ist die komplette Liste der gewonnenen Meisterschaften:<\/p>\n\n\n\n<ul><li>Olympiacos Pir\u00e4us 47<\/li><li>Panathinaikos Athen 20<\/li><li>AEK Athen 12<\/li><li>Aris Thessaloniki 3<\/li><li>PAOK Thessaloniki 3<\/li><li>AE Larisa 1<\/li><\/ul>\n\n\n\n<p>Olympiacos ist auch die Mannschaft, die die meisten Auftritte bei internationalen Turnieren vorweisen kann, denn die Erstplatzierte Mannschaft nach Saisonende wird nicht nur zum Meister, sondern sichert sich auch automatisch einen Platz in der Qualifikation der Champions League.&nbsp;<\/p>\n\n\n\n<p>Der griechische Pokalsieger und die Mannschaft, die den zweiten Play-off Platz erreicht hat, sichern sich Tickets f\u00fcr die dritte Qualifikationsrunde der Europa League. Die drittplatzierte Mannschaft der Play-offs bekommt auch einen Europa League Qualifikationsplatz, jedoch muss diese Mannschaft schon in der zweiten Runde ran.&nbsp;<\/p>\n\n\n\n<p>Im Ligabetrieb selbst gibt es selbstverst\u00e4ndlich auch einen Abstieg. Die letzten beiden Mannschaften nach Saisonende steigen in die Zweite Liga ab. Zum Ausgleich steigen die zwei besten Mannschaften der Zweiten Liga in die Super League auf.&nbsp;<\/p>\n\n\n\n<h2 class=\"wp-block-heading\" id=\"die-beliebtesten-wettmarkte-der-griechischen-super-league\">Die Beliebtesten Wettm\u00e4rkte der griechischen Super League<\/h2>\n\n\n\n<p><strong>&#8211; Spielergebnis (1&#215;2)<\/strong> &#8211; Hier wird auf den Ausgang des Spiels gewettet. In der griechischen Super League w\u00e4re dies Sieg, Niederlage oder Unentschieden nach Spielende.<\/p>\n\n\n\n<p><strong>&#8211; Handicap<\/strong> &#8211; Bei Handicap Wetten wird darauf gewettet, um wie viel Tore die st\u00e4rkere Mannschaft gewinnen wird.<\/p>\n\n\n\n<p><strong>&#8211; \u00dcber\/Unter Tore<\/strong> &#8211; Hier geben die Buchmacher eine Dezimalzahl wie zum Beispiel 3.5 oder 4.5 an, die die Tore reflektieren sollen und deine Aufgabe ist es darauf zu wetten, ob mehr oder weniger Tore als diese Anzahl geschossen werden.&nbsp;<\/p>\n\n\n\n<h2 class=\"wp-block-heading\" id=\"die-zukunftsmarkte-der-griechischen-super-league\">Die Zukunftsm\u00e4rkte Der Griechischen Super League<\/h2>\n\n\n\n<p>Um auf die Meistermannschaft zu wetten, scheint in der Super League nicht allzu schwer zu sein, da Olympiacos das Powerhouse der Super League ist. Hier sollte man jedoch vorsichtig sein, denn oftmals setzten Wettspieler hohe Summen auf diesen Markt und werden dann bitter entt\u00e4uscht, wenn dann doch eine andere Mannschaft den Meistertitel holt.&nbsp;<\/p>\n\n\n\n<p>Genau dies geschah 2018, als AEK Athen den Titel gewann und das Jahr drauf als PAOK Themaloniki die Meisterschaft gewann. Die Jahre davor war es jedoch Olympiacos, die den Titel achtenmal in Folge holten. Auch letztes Jahr stand die Mannschaft aus Pir\u00e4us wieder ganz oben.&nbsp;<\/p>\n\n\n\n<p>Wie du siehst, ist Olympiacos die Favoritenmannschaft, jedoch gelingt es Mannschaften immer wieder, dem Rekordmeister einen Strich durch seine Rechnung zu machen. Erschwerend hinzu kommt noch, dass die Buchmacher auch wissen, dass Olympiacos der Favorit ist und deshalb werden auf diesen Markt die Quoten auch dementsprechend angepasst.&nbsp;<\/p>\n\n\n\n<p>Das bedeutet, du musst schon eine ordentliche Stange Geld auf einen Titelgewinn von Olympiacos setzen, um einen guten Gewinn zu erzielen. Wenn jedoch genau in diesem Jahr eine andere Mannschaft den Meistertitel holt, dann w\u00e4re es sehr schmerzhaft f\u00fcr deinen Geldbeutel.&nbsp;<\/p>\n\n\n\n<p>Auch auf den besten Torsch\u00fctzen der griechischen Super League werden von den Buchmachern Zukunftswetten angeboten. Letztes Jahr gelang es Youssef El Arabi von Olympiacos die meisten Tore zu erzielen. Mit 20 Toren wurde der St\u00fcrmer zum Torsch\u00fctzenk\u00f6nig der Super League.&nbsp;<\/p>\n\n\n\n<h2 class=\"wp-block-heading\" id=\"weitere-interessante-wettmarkte-der-griechischen-super-league\">Weitere Interessante Wettm\u00e4rkte Der Griechischen Super League<\/h2>\n\n\n\n<p>Neben den traditionellen Wetten und den Zukunftswetten sind auch die Wetten auf Fouls, Karten und Eckb\u00e4lle sehr beliebt. Wenn man auf diese M\u00e4rkte wettet, ist es von Vorteil, wenn man gut informiert ist, denn oftmals lassen sich gewisse Trends feststellen, die einen gro\u00dfen Unterschied ausmachen k\u00f6nnen.&nbsp;<\/p>\n\n\n\n<p>Wenn dir zum Beispiel auff\u00e4llt, dass ein gewisser Spieler st\u00e4ndig Fouls begeht, dann w\u00e4re es eine gute Entscheidung, wenn du darauf wettest, dass dieser Spieler im n\u00e4chsten Spiel wieder ein Foul begeht. Wenn dir die Recherchen zu aufwendig sind, dann kannst du auch einem Tippgeber folgen.&nbsp;<\/p>\n\n\n\n<p>Tippgeber verf\u00fcgen \u00fcber sehr viel Fachwissen und Informationen, die die meisten Leute nicht besitzen. Die meisten Tippgeber spezialisieren sich auf gewisse Ligen und dadurch ist ihr Fachwissen noch spezifischer. Wenn du also auf die griechische Super League wetten willst, dir aber das gewisse Fachwissen fehlt, dann solltest du einen Tippgeber in Erw\u00e4gung ziehen.<\/p>\n\n\n\n<h2 class=\"wp-block-heading\" id=\"wichtige-hilfsmittel-fur-wetten-auf-die-super-league\">Wichtige Hilfsmittel f\u00fcr Wetten auf die Super League<\/h2>\n\n\n\n<p><strong>Abstiegskampf:<\/strong> In der griechischen Super League wird es zu Ende der Saison nochmal richtig interessant, denn da k\u00e4mpfen die unteren Mannschaften um den Abstieg.&nbsp;<\/p>\n\n\n\n<p>Wenn du zum Ende der Saison Wetten auf die Super League abschlie\u00dft, solltest du die abstiegsgef\u00e4hrdeten Mannschaften nicht untersch\u00e4tzen, denn sie werden alles daran setzen, den Abstieg zu vermeiden und somit k\u00f6nnen diese Mannschaften f\u00fcr \u00dcberraschungen sorgen.&nbsp;<\/p>\n\n\n\n<p><strong>Der Favorit:<\/strong> Auch wenn Olympiacos die \u00dcbermannschaft in der Super League ist, solltest du deine Wetten nicht zu \u00fcbereifrig auf den Rekordmeister abschlie\u00dfen. In den letzten Jahren war die Mannschaft nicht mehr so stark wie die Jahre zuvor.&nbsp;<\/p>\n\n\t\t<\/article>\n\t\t<div class=\"lg:w-[300px] lg:flex-shrink-0 relative\" x-data=\"{show_toc: false}\">\n\t\t\t<div class=\"lg:sticky lg:top-4 z-30\">\n\t\t\t\t<div class=\"fixed -top-64 left-0 w-full z-50 lg:static transition-all hidden lg:block\" id=\"fixed-toc\">\n\t\t\t\t\t<div>\n\t\t\t\t<div class=\"border-b border-solid border-gray-30 text-lg font-bold lg:pt-7 max-lg:px-4 py-3 flex items-center justify-between bg-white lg:bg-transparent\">\n\t\t\tWas gibt es auf dieser Seite\n\t\t\t<button @click=\"show_toc = true\" class=\"btn btn-red-outline-white block lg:hidden\">Jump to<\/button>\n\t\t<\/div>\n\t\t\t\t<div\n\t\t\tclass=\"max-lg:fixed max-lg:top-0 max-lg:left-0 max-lg:w-screen max-lg:h-screen max-lg:bg-gray-70 max-lg:bg-opacity-75 max-lg:hidden\"\n\t\t\t:class=\"{'max-lg:hidden': !show_toc}\"\n\t\t\t@click=\"show_toc = false\"\n\t\t>\n\t\t\t<div class=\"max-lg:absolute max-lg:bottom-0 max-lg:left-0 max-lg:w-screen bg-white lg:bg-transparent\">\n\t\t\t\t\t\t\t\t<div class=\"flex lg:hidden items-center justify-between mx-4 border-b border-solid border-gray-30 pt-6 pb-2 font-bold\">\n\n\t\t\t\t\tAuf dieser Seite\n\t\t\t\t\t<button @click=\"show_toc = false\">\n\t\t\t\t\t\t<svg class=\"w-5 h-5 text-gray-100\" xmlns=\"http:\/\/www.w3.org\/2000\/svg\" fill=\"none\" stroke=\"currentColor\" stroke-width=\"1.5\" class=\"w-6 h-6\" viewBox=\"0 0 24 24\"><path stroke-linecap=\"round\" stroke-linejoin=\"round\" d=\"M6 18 18 6M6 6l12 12\"\/><\/svg>\t\t\t\t\t<\/button>\n\t\t\t\t<\/div>\n\t\t\t\t<ul id=\"toc\" class=\"mt-5 max-h-[85vh] overflow-y-auto list-none bt-scrollbars\">\n\n\t\t\t\t\t\t\t\t\t\t\t<li>\n\t\t\t\t\t\t\t<a href=\"#die-quoten-der-griechischen-super-league\" data-bt-toc-item=\"die-quoten-der-griechischen-super-league\"\n\t\t\t\t\t\t\t\t @click=\"show_toc = false\"\n\t\t\t\t\t\t\t\t class=\"block px-4 py-2 text-black border-l-4 border-solid border-transparent hover:border-red-100 transition-all hover:!border-b-0 hover:font-bold\">\nDie Quoten der griechischen Super League\n<\/a>\n\t\t\t\t\t\t<\/li>\n\t\t\t\t\t\t\t\t\t\t\t<li>\n\t\t\t\t\t\t\t<a href=\"#die-geschichte-und-die-struktur-der-liga\" data-bt-toc-item=\"die-geschichte-und-die-struktur-der-liga\"\n\t\t\t\t\t\t\t\t @click=\"show_toc = false\"\n\t\t\t\t\t\t\t\t class=\"block px-4 py-2 text-black border-l-4 border-solid border-transparent hover:border-red-100 transition-all hover:!border-b-0 hover:font-bold\">\nDie Geschichte und die Struktur der Liga\n<\/a>\n\t\t\t\t\t\t<\/li>\n\t\t\t\t\t\t\t\t\t\t\t<li>\n\t\t\t\t\t\t\t<a href=\"#die-beliebtesten-wettmarkte-der-griechischen-super-league\" data-bt-toc-item=\"die-beliebtesten-wettmarkte-der-griechischen-super-league\"\n\t\t\t\t\t\t\t\t @click=\"show_toc = false\"\n\t\t\t\t\t\t\t\t class=\"block px-4 py-2 text-black border-l-4 border-solid border-transparent hover:border-red-100 transition-all hover:!border-b-0 hover:font-bold\">\nDie Beliebtesten Wettm\u00e4rkte der griechischen Super League\n<\/a>\n\t\t\t\t\t\t<\/li>\n\t\t\t\t\t\t\t\t\t\t\t<li>\n\t\t\t\t\t\t\t<a href=\"#die-zukunftsmarkte-der-griechischen-super-league\" data-bt-toc-item=\"die-zukunftsmarkte-der-griechischen-super-league\"\n\t\t\t\t\t\t\t\t @click=\"show_toc = false\"\n\t\t\t\t\t\t\t\t class=\"block px-4 py-2 text-black border-l-4 border-solid border-transparent hover:border-red-100 transition-all hover:!border-b-0 hover:font-bold\">\nDie Zukunftsm\u00e4rkte Der Griechischen Super League\n<\/a>\n\t\t\t\t\t\t<\/li>\n\t\t\t\t\t\t\t\t\t\t\t<li>\n\t\t\t\t\t\t\t<a href=\"#weitere-interessante-wettmarkte-der-griechischen-super-league\" data-bt-toc-item=\"weitere-interessante-wettmarkte-der-griechischen-super-league\"\n\t\t\t\t\t\t\t\t @click=\"show_toc = false\"\n\t\t\t\t\t\t\t\t class=\"block px-4 py-2 text-black border-l-4 border-solid border-transparent hover:border-red-100 transition-all hover:!border-b-0 hover:font-bold\">\nWeitere Interessante Wettm\u00e4rkte Der Griechischen Super League\n<\/a>\n\t\t\t\t\t\t<\/li>\n\t\t\t\t\t\t\t\t\t\t\t<li>\n\t\t\t\t\t\t\t<a href=\"#wichtige-hilfsmittel-fur-wetten-auf-die-super-league\" data-bt-toc-item=\"wichtige-hilfsmittel-fur-wetten-auf-die-super-league\"\n\t\t\t\t\t\t\t\t @click=\"show_toc = false\"\n\t\t\t\t\t\t\t\t class=\"block px-4 py-2 text-black border-l-4 border-solid border-transparent hover:border-red-100 transition-all hover:!border-b-0 hover:font-bold\">\nWichtige Hilfsmittel f\u00fcr Wetten auf die Super League\n<\/a>\n\t\t\t\t\t\t<\/li>\n\t\t\t\t\t\t\t\t\t<\/ul>\n\t\t\t\t\t\t\t\t\t\t\t<\/div>\n\t\t<\/div>\n\t<\/div>\n\t\t\t\t\t<\/div>\n\t\t\t<\/div>\n\t\t<\/div>\n\t<\/div>\n<\/div>\n\t<\/div>\n<\/div>\n\n","protected":false},"excerpt":{"rendered":"","protected":false},"author":6,"featured_media":476,"parent":922,"menu_order":1000,"comment_status":"closed","ping_status":"closed","template":"","meta":{"footnotes":""},"tags":[],"acf":[],"_links":{"self":[{"href":"https:\/\/betting.com\/de\/wp-json\/wp\/v2\/pages\/47"}],"collection":[{"href":"https:\/\/betting.com\/de\/wp-json\/wp\/v2\/pages"}],"about":[{"href":"https:\/\/betting.com\/de\/wp-json\/wp\/v2\/types\/page"}],"author":[{"embeddable":true,"href":"https:\/\/betting.com\/de\/wp-json\/wp\/v2\/users\/6"}],"replies":[{"embeddable":true,"href":"https:\/\/betting.com\/de\/wp-json\/wp\/v2\/comments?post=47"}],"version-history":[{"count":4,"href":"https:\/\/betting.com\/de\/wp-json\/wp\/v2\/pages\/47\/revisions"}],"predecessor-version":[{"id":6134,"href":"https:\/\/betting.com\/de\/wp-json\/wp\/v2\/pages\/47\/revisions\/6134"}],"up":[{"embeddable":true,"href":"https:\/\/betting.com\/de\/wp-json\/wp\/v2\/pages\/922"}],"wp:featuredmedia":[{"embeddable":true,"href":"https:\/\/betting.com\/de\/wp-json\/wp\/v2\/media\/476"}],"wp:attachment":[{"href":"https:\/\/betting.com\/de\/wp-json\/wp\/v2\/media?parent=47"}],"wp:term":[{"taxonomy":"post_tag","embeddable":true,"href":"https:\/\/betting.com\/de\/wp-json\/wp\/v2\/tags?post=47"}],"curies":[{"name":"wp","href":"https:\/\/api.w.org\/{rel}","templated":true}]}}