{"id":45,"date":"2022-06-15T06:25:32","date_gmt":"2022-06-15T06:25:32","guid":{"rendered":"https:\/\/betting.com\/de\/?page_id=45"},"modified":"2023-08-02T12:31:09","modified_gmt":"2023-08-02T12:31:09","slug":"quoten","status":"publish","type":"page","link":"https:\/\/betting.com\/de\/europa-league\/quoten","title":{"rendered":"Europa League Quoten"},"content":{"rendered":"<div class=\" container-white py-8\">\n\t<div class=\"wp-block-container-toc  \">\n\t\t\t<div class=\"bg-white\">\n\t<div class=\"flex flex-col-reverse lg:flex-row lg:gap-8 py-10\">\n\t\t<article class=\"max-w-[960px] flex-grow\" data-bt-content>\n\t\t\t\n<h2 class=\"wp-block-heading\" id=\"die-europa-league-quoten-verstehen\">Die Europa League Quoten verstehen<\/h2>\n\n\n\n<p>Die Europa League k\u00f6nnte man mit dem kleinen Bruder der Champions League vergleichen. Oft ist es so, dass die kleineren Geschwister die alten Klamotten der gro\u00dfen Geschwister auftragen m\u00fcssen oder sie mit den alten Spielsachen ihrer \u00e4lteren Geschwister spielen m\u00fcssen.&nbsp;<\/p>\n\n\n\n<p>Hier werden die kleineren Geschwister oft vernachl\u00e4ssigt. Genau dies ist auch der Fall mit Wetten auf die Europa League.<\/p>\n\n\n\n<p>Da die Champions League ein so dominantes und beliebtes Ereignis ist, wird \u00fcber die Europa League oft hinweggesehen. Dies k\u00f6nnte jedoch ein gro\u00dfer Fehler sein, da es oft die Spiele in der Europa League sind, auf die man sehr gute Quoten vorfinden kann und somit gro\u00dfe Gewinne erzielen kann.&nbsp;<\/p>\n\n\n\n<p>Man kann die Mannschaften in der Europe League auch als zweite Garde bezeichnen, die den Einzug in die Champions League nur knapp verpasst hat. Keine Frage, die \u00dcbermannschaften messen sich in der Champions League, jedoch kommt es vereinzelt auch vor, dass Top-Teams nach einer schlechten Liga-Saison \u00fcber keinen Champions League Platz verf\u00fcgen und somit in der Europa League antreten m\u00fcssen.&nbsp;<\/p>\n\n\n\n<p>Die Europa League bietet viele Chancen, gro\u00dfartige Wetten zu platzieren und du solltest diese M\u00f6glichkeiten nutzen, um diese Wetten in dein Wett-Portfolio zu integrieren.<\/p>\n\n\n\n<h2 class=\"wp-block-heading\" id=\"die-struktur-der-europa-league\">Die Struktur der Europa League<\/h2>\n\n\n\n<p>Die Europa League wurde 1971 ins Leben gerufen, damals noch unter dem Namen UEFA-Cup. Im Jahr 2009 wurde der UEFA-Cup dann umbenannt in Europa League. Wie in der Champions League gibt es auch eine Qualifikationsphase in der Europa League, welche \u00fcber drei Runden geht.&nbsp;<\/p>\n\n\n\n<p>Anschlie\u00dfend wird eine Play-off-Runde gespielt, die dann den Hauptwettbewerb beginnen l\u00e4sst. Die Gruppenphase in der Europa League unterscheidet sich von der Gruppenphase in der Champions League, da in der Europa League 48 Mannschaften an den Start gehen.&nbsp;<\/p>\n\n\n\n<p>Anfangs war auch die Anzahl der Mannschaften in der Europa League geringer, jedoch wollte die UEFA ihren Horizont ein wenig erweitern und das Europa League Erlebnis auch f\u00fcr andere Regionen und M\u00e4rkte anbieten. Aus diesem Grund beginnt die Gruppenphase nun mit 48 Mannschaften, die in acht Gruppen mit je vier Mannschaften eingeteilt werden.<\/p>\n\n\n\n<p>Um herauszufinden, welche Mannschaften in welche Gruppe eingeteilt werden, werden alle Mannschaften, die sich f\u00fcr die Europa League qualifiziert haben, nach ihrem UEFA-Koeffizient eingestuft.&nbsp;<\/p>\n\n\n\n<p>In der Regel bekommt jedes Land drei Europa League Pl\u00e4tze, au\u00dfer die Mannschaften, die einen der niedrigsten R\u00e4nge in der UEFA Koeffizient haben. Dies sind L\u00e4nder wie Andorra, San Marino, Gibraltar und Lichtenstein.&nbsp;<\/p>\n\n\n\n<p>Dadurch, dass diese Mannschaften im Rang soweit unterstehen, bekommen sie keinen automatischen Platz in der Gruppenphase und m\u00fcssen sich erst f\u00fcr die Europa League qualifizieren. Die Qualifikationsphase ist ebenfalls ein sehr lukrativer Markt f\u00fcr gute Wettchancen und anst\u00e4ndige Quoten.<\/p>\n\n\n\n<p>Wenn sich alle Mannschaften letztendlich f\u00fcr die Gruppenphase qualifiziert haben, geht die Gruppenphase los. In der Gruppenphase spielt jede Mannschaft gegen jeden Gegner ihrer Gruppe zweimal. Ein Heimspiel und ein Ausw\u00e4rtsspiel.&nbsp;<\/p>\n\n\n\n<p>F\u00fcr einen Sieg gibt es drei Punkte und f\u00fcr ein Unentschieden einen Punkt. Wenn am Ende der Gruppenphasen zwei Mannschaften die gleiche Punktzahl aufweisen k\u00f6nnen, dann wird durch das Torverh\u00e4ltnis entschieden. Die H\u00e4lfte der Mannschaften, also zwei aus jeder Gruppe, kommen in die n\u00e4chste Runde.&nbsp;<\/p>\n\n\n\n<p>Hier kommen dann acht Mannschaften hinzu, die den dritten Platz in ihrer Champions League Gruppe erreicht haben. Die Quoten in dieser Runde sind f\u00fcr die Buchmacher oft schwer einzusch\u00e4tzen, weil sie nie richtig wissen, wie sich Au\u00dfenseiter schlagen werden.<\/p>\n\n\n\n<p>Wenn auch die Runde der 32 Mannschaften abgeschlossen ist, dann fangen die vier KO-Runden an. Hier wird es dann richtig spannend. In der KO-Phase spielt eine Mannschaft zweimal gegen den gleichen Gegner und der Gewinner kommt in die n\u00e4chste Runde. Im Finale wird nur ein Spiel gespielt. In der Regel findet das Finale 10 Tage vor dem Champions League Finale statt.<\/p>\n\n\n\n<p>Auch wenn es den Anschein macht, dass das System der Europa League ein wenig komplizierter ist als das der Champions League, ist es eigentlich nur wichtig, dass du \u00fcber die Begegnungen selbst Bescheid wei\u00dft und dich \u00fcber die teilnehmenden Mannschaften informierst.<\/p>\n\n\n\n<h2 class=\"wp-block-heading\" id=\"welche-phase-der-europa-league-hat-die-besten-chancen\">Welche Phase der Europa League hat die besten Chancen?<\/h2>\n\n\n\n<p>Wir bei Betting.com bevorzugen eine Strategie, die wir als einen schrittweisen Ansatz bezeichnen. Dies ist eine spezielle Methode, die dazu dient, dein Wettguthaben \u00fcber einen l\u00e4ngeren Zeitraum zu verbessern.&nbsp;<\/p>\n\n\n\n<p>In der ersten Phase wird auf die Qualifikation gewettet. In der Regel findet man in der Qualifikationsphase oft Spiele, die ein wenig unausgeglichen sind. Dies bedeutet nat\u00fcrlich auch geringere Quoten. Hier kann es oft von Vorteil sein, wenn man die Willkommensangebote der Buchmacher benutzt.&nbsp;<\/p>\n\n\n\n<p>Alle Willkommensangebote der Buchmacher findest du hier auf Betting.com. Mit dem Willkommensbonus kannst du dir dann ein gutes Fundament f\u00fcr das komplette Turnier aufbauen.<\/p>\n\n\n\n<p>In der Gruppenphase kann es dann von Vorteil sein, wenn du einem Tippgeber folgst. Unsere verifizierten Tippgeber verf\u00fcgen \u00fcber Fachwissen, das dir eventuell fehlt oder helfen dir Dinge zu sehen, auf die du zuvor noch nie geachtet hast.&nbsp;<\/p>\n\n\n\n<p>Wenn du dich anderweitig nach einem Tipp umsiehst, dann solltest du nie einem Tippgeber vertrauen, ohne dass du seine Aussagen und Tipps vorher \u00fcberpr\u00fcft hast, denn wenn die Wette einmal abgeschlossen ist, gibt es kein Zur\u00fcck mehr.<\/p>\n\n\n\n<p>In der KO-Runde wird die Angelegenheit dann ein wenig spannender und wir sind der Meinung, dass in dieser Phase die besten Quoten vorzufinden sind. Da wir uns durch die Qualifikation und der Gruppenphase ein Bild von den Mannschaften machen konnte, wird es in der KO-Phase ein wenig schwieriger, da die acht Mannschaften aus der Champions League hinzukommen. Oft ist es eine gute Idee, wenn man in dieser Phase \u00fcber eine Akkumulatoren-Wette nachdenkt.<\/p>\n\n\n\n<p>Abschlie\u00dfend l\u00e4sst sich sagen, dass die besten Quoten sich in den KO-Phasen finden lassen.<\/p>\n\n\n\n<h2 class=\"wp-block-heading\" id=\"dies-sind-die-beliebtesten-markte-der-europa-league\">Dies sind die Beliebtesten M\u00e4rkte der Europa League<\/h2>\n\n\n\n<p><strong>Spielergebnis (1&#215;2) &#8211;<\/strong> Hier wird auf den Ausgang des Spiels gewettet. In der Europe League w\u00e4re dies w\u00e4hrend der Gruppenphase Sieg, Niederlage oder Unentschieden nach Spielende. In der KO Runde kann dann auch ein Elfmeterschie\u00dfen eine Partie entscheiden.<\/p>\n\n\n\n<p><strong>\u00dcber\/Unter Tore &#8211; <\/strong>Hier geben die Buchmacher eine Dezimalzahl wie zum Beispiel 3.5 oder 4.5 an, die die Tore reflektieren sollen und deine Aufgabe ist es darauf zu wetten, ob mehr oder weniger Tore als diese Anzahl geschossen werden.<\/p>\n\n\n\n<p><strong>Handicap &#8211;<\/strong> Bei Handicap Wetten wird darauf gewettet, um wie viel Tore die st\u00e4rkere Mannschaft gewinnen wird.<\/p>\n\n\n\n<h2 class=\"wp-block-heading\" id=\"die-zukunftsmarkte-der-europa-league\">Die Zukunftsm\u00e4rkte der Europa League<\/h2>\n\n\n\n<p>Welche Mannschaft gewinnt die Europa League? Dies ist mit Abstand die beliebteste Zukunftswette in der Europa League. Das gute an dieser Zukunftswette ist, dass du mit nur einem kleinen Einsatz relativ viel Geld gewinnen kannst.&nbsp;<\/p>\n\n\n\n<p>Auf der anderen Seite sind deine Gewinnchancen meist sehr niedrig, da es nicht vorhersehbar ist, wie die Gruppenphase verl\u00e4uft und auf welche Gegner eine Mannschaft in den KO-Runden trifft. Wenn die Buchmacher ihre Quoten f\u00fcr diesen Markt berechnen, werden oft die Leistungen vom Vorjahr bewertet und die Leistungen der Mannschaft in der laufenden Saison.&nbsp;<\/p>\n\n\n\n<p>Wenn du einen Favoriten hast, bei dem du der Meinung bist, er k\u00f6nnte die Europa League gewinnen, dann solltest du alle Buchmacher auf ihre Quoten untersuchen, da viele Buchmacher unterschiedliche Quoten auf bestimmte Teams vergeben.<\/p>\n\n\n\n<h2 class=\"wp-block-heading\" id=\"zusatzliche-markte\">Zus\u00e4tzliche M\u00e4rkte<\/h2>\n\n\n\n<p>Interessante M\u00e4rkte k\u00f6nnen auch die M\u00e4rkte auf Eckb\u00e4lle, Tore, Gelbe und Rote Karten sowie Fouls sein. Oft sind dies die M\u00e4rkte, die in der Europa League rentable sein k\u00f6nnen.&nbsp;<\/p>\n\n\n\n<p>Wenn dir w\u00e4hrend deiner Recherche also auff\u00e4llt, dass gewisse Mannschaften eine hohe Anzahl auf Ecken hatten oder ein bestimmter Spieler des \u00d6fteren wegen Fouls auff\u00e4llt, solltest du diese Information zu deinem Vorteil nutzen.<\/p>\n\n\n\n<h2 class=\"wp-block-heading\" id=\"wichtige-hilfsmittel-fur-wetten-auf-die-europa-league\">Wichtige Hilfsmittel f\u00fcr Wetten auf die Europa League<\/h2>\n\n\n\n<p>Nachdem wir nun die Vor- und Nachteile der Quoten in der Europa League sowie die Strategie, die du anwenden k\u00f6nntest, besprochen haben, ist es nun an der Zeit, sich auf die Details zu konzentrieren.&nbsp;<\/p>\n\n\n\n<p>Bevor du deinen Wettrechner benutzt, solltest du wissen, dass die meisten dieser Faktoren in der Tat nicht konkret sind und sich somit nicht in Zahlen umwandeln lassen, um sie zum besseren Verst\u00e4ndnis deiner Wettstatistiken zu nutzen.<\/p>\n\n\n\n<p>Wir bei Betting.com sind stolz darauf, die Quoten f\u00fcr die Europa League sehr sorgf\u00e4ltig zu recherchieren. Die folgenden Tipps sind das Ergebnis jahrelanger Forschung und Tests, seit das aktuelle Europa League-Format eingef\u00fchrt wurde:<\/p>\n\n\n\n<ul><li><strong>Der Wille des Teams:<\/strong> Auch wenn die meisten Experten mit diesem Ansatz nicht einverstanden sein m\u00f6gen, solltest du immer den Siegeswillen einer Mannschaft ber\u00fccksichtigen. Wenn zum Beispiel Sheffield United um den ersten Platz in der Premier League und gleichzeitig in der Europa League k\u00e4mpft, wird der Trainer wahrscheinlich eine schw\u00e4chere Mannschaft f\u00fcr die Europa League-Spiele aufstellen.&nbsp;<\/li><\/ul>\n\n\n\n<p>Gr\u00fcnde hierf\u00fcr k\u00f6nnten sein, dass der Trainer seine Star-Spieler schonen will oder das die Mannschaft einfach \u00fcberlastet ist. Du solltest die Optionen und die Verfassung des Kaders in allen Wettbewerben, an denen du teilnimmst, abw\u00e4gen. Sobald du dir sicher bist, dass eine Mannschaft tats\u00e4chlich die Europa League bevorzugt, kannst du auf sie wetten.<\/p>\n\n\n\n<ul><li><strong>Die Champions League Teams:<\/strong> Achte besonders auf die Europa-League-Quoten von Mannschaften, die in der ersten H\u00e4lfte der europ\u00e4ischen Saison in der Champions League gespielt haben. Wenn diese Mannschaften schon in der Champions League gut gespielt haben, aber nur ungl\u00fccklich den dritten Platz belegt haben, dann besteht gro\u00dfe Wahrscheinlichkeit, dass diese Mannschaften in der Europa League dominieren.<\/li><\/ul>\n\n\n\n<ul><li><strong>Zus\u00e4tzliche Wettbewerbe beachten:<\/strong> Verlass dich nicht nur auf die Quoten der Europa League, um dein Wettguthaben aufzubessern. Kombinier deine Kenntnisse mit deinem Wissen \u00fcber andere Ligen und gib nur Wetten auf Mannschaften ab, bei denen du der Meinung bist, dass diese Mannschaft das Potenzial hat, dir Gewinne einzufahren.&nbsp;<\/li><\/ul>\n\n\n\n<p>Ein Risiko besteht nat\u00fcrlich immer, aber du solltest dich bei deinen Wetten immer vergewissern, ob du wirklich die richtige Entscheidung triffst.<\/p>\n\n\t\t<\/article>\n\t\t<div class=\"lg:w-[300px] lg:flex-shrink-0 relative\" x-data=\"{show_toc: false}\">\n\t\t\t<div class=\"lg:sticky lg:top-4 z-30\">\n\t\t\t\t<div class=\"fixed -top-64 left-0 w-full z-50 lg:static transition-all hidden lg:block\" id=\"fixed-toc\">\n\t\t\t\t\t<div>\n\t\t\t\t<div class=\"border-b border-solid border-gray-30 text-lg font-bold lg:pt-7 max-lg:px-4 py-3 flex items-center justify-between bg-white lg:bg-transparent\">\n\t\t\tWas gibt es auf dieser Seite\n\t\t\t<button @click=\"show_toc = true\" class=\"btn btn-red-outline-white block lg:hidden\">Jump to<\/button>\n\t\t<\/div>\n\t\t\t\t<div\n\t\t\tclass=\"max-lg:fixed max-lg:top-0 max-lg:left-0 max-lg:w-screen max-lg:h-screen max-lg:bg-gray-70 max-lg:bg-opacity-75 max-lg:hidden\"\n\t\t\t:class=\"{'max-lg:hidden': !show_toc}\"\n\t\t\t@click=\"show_toc = false\"\n\t\t>\n\t\t\t<div class=\"max-lg:absolute max-lg:bottom-0 max-lg:left-0 max-lg:w-screen bg-white lg:bg-transparent\">\n\t\t\t\t\t\t\t\t<div class=\"flex lg:hidden items-center justify-between mx-4 border-b border-solid border-gray-30 pt-6 pb-2 font-bold\">\n\n\t\t\t\t\tAuf dieser Seite\n\t\t\t\t\t<button @click=\"show_toc = false\">\n\t\t\t\t\t\t<svg class=\"w-5 h-5 text-gray-100\" xmlns=\"http:\/\/www.w3.org\/2000\/svg\" fill=\"none\" stroke=\"currentColor\" stroke-width=\"1.5\" class=\"w-6 h-6\" viewBox=\"0 0 24 24\"><path stroke-linecap=\"round\" stroke-linejoin=\"round\" d=\"M6 18 18 6M6 6l12 12\"\/><\/svg>\t\t\t\t\t<\/button>\n\t\t\t\t<\/div>\n\t\t\t\t<ul id=\"toc\" class=\"mt-5 max-h-[85vh] overflow-y-auto list-none bt-scrollbars\">\n\n\t\t\t\t\t\t\t\t\t\t\t<li>\n\t\t\t\t\t\t\t<a href=\"#die-europa-league-quoten-verstehen\" data-bt-toc-item=\"die-europa-league-quoten-verstehen\"\n\t\t\t\t\t\t\t\t @click=\"show_toc = false\"\n\t\t\t\t\t\t\t\t class=\"block px-4 py-2 text-black border-l-4 border-solid border-transparent hover:border-red-100 transition-all hover:!border-b-0 hover:font-bold\">\nDie Europa League Quoten verstehen\n<\/a>\n\t\t\t\t\t\t<\/li>\n\t\t\t\t\t\t\t\t\t\t\t<li>\n\t\t\t\t\t\t\t<a href=\"#die-struktur-der-europa-league\" data-bt-toc-item=\"die-struktur-der-europa-league\"\n\t\t\t\t\t\t\t\t @click=\"show_toc = false\"\n\t\t\t\t\t\t\t\t class=\"block px-4 py-2 text-black border-l-4 border-solid border-transparent hover:border-red-100 transition-all hover:!border-b-0 hover:font-bold\">\nDie Struktur der Europa League\n<\/a>\n\t\t\t\t\t\t<\/li>\n\t\t\t\t\t\t\t\t\t\t\t<li>\n\t\t\t\t\t\t\t<a href=\"#welche-phase-der-europa-league-hat-die-besten-chancen\" data-bt-toc-item=\"welche-phase-der-europa-league-hat-die-besten-chancen\"\n\t\t\t\t\t\t\t\t @click=\"show_toc = false\"\n\t\t\t\t\t\t\t\t class=\"block px-4 py-2 text-black border-l-4 border-solid border-transparent hover:border-red-100 transition-all hover:!border-b-0 hover:font-bold\">\nWelche Phase der Europa League hat die besten Chancen?\n<\/a>\n\t\t\t\t\t\t<\/li>\n\t\t\t\t\t\t\t\t\t\t\t<li>\n\t\t\t\t\t\t\t<a href=\"#dies-sind-die-beliebtesten-markte-der-europa-league\" data-bt-toc-item=\"dies-sind-die-beliebtesten-markte-der-europa-league\"\n\t\t\t\t\t\t\t\t @click=\"show_toc = false\"\n\t\t\t\t\t\t\t\t class=\"block px-4 py-2 text-black border-l-4 border-solid border-transparent hover:border-red-100 transition-all hover:!border-b-0 hover:font-bold\">\nDies sind die Beliebtesten M\u00e4rkte der Europa League\n<\/a>\n\t\t\t\t\t\t<\/li>\n\t\t\t\t\t\t\t\t\t\t\t<li>\n\t\t\t\t\t\t\t<a href=\"#die-zukunftsmarkte-der-europa-league\" data-bt-toc-item=\"die-zukunftsmarkte-der-europa-league\"\n\t\t\t\t\t\t\t\t @click=\"show_toc = false\"\n\t\t\t\t\t\t\t\t class=\"block px-4 py-2 text-black border-l-4 border-solid border-transparent hover:border-red-100 transition-all hover:!border-b-0 hover:font-bold\">\nDie Zukunftsm\u00e4rkte der Europa League\n<\/a>\n\t\t\t\t\t\t<\/li>\n\t\t\t\t\t\t\t\t\t\t\t<li>\n\t\t\t\t\t\t\t<a href=\"#zusatzliche-markte\" data-bt-toc-item=\"zusatzliche-markte\"\n\t\t\t\t\t\t\t\t @click=\"show_toc = false\"\n\t\t\t\t\t\t\t\t class=\"block px-4 py-2 text-black border-l-4 border-solid border-transparent hover:border-red-100 transition-all hover:!border-b-0 hover:font-bold\">\nZus\u00e4tzliche M\u00e4rkte\n<\/a>\n\t\t\t\t\t\t<\/li>\n\t\t\t\t\t\t\t\t\t\t\t<li>\n\t\t\t\t\t\t\t<a href=\"#wichtige-hilfsmittel-fur-wetten-auf-die-europa-league\" data-bt-toc-item=\"wichtige-hilfsmittel-fur-wetten-auf-die-europa-league\"\n\t\t\t\t\t\t\t\t @click=\"show_toc = false\"\n\t\t\t\t\t\t\t\t class=\"block px-4 py-2 text-black border-l-4 border-solid border-transparent hover:border-red-100 transition-all hover:!border-b-0 hover:font-bold\">\nWichtige Hilfsmittel f\u00fcr Wetten auf die Europa League\n<\/a>\n\t\t\t\t\t\t<\/li>\n\t\t\t\t\t\t\t\t\t<\/ul>\n\t\t\t\t\t\t\t\t\t\t\t<\/div>\n\t\t<\/div>\n\t<\/div>\n\t\t\t\t\t<\/div>\n\t\t\t<\/div>\n\t\t<\/div>\n\t<\/div>\n<\/div>\n\t<\/div>\n<\/div>\n\n","protected":false},"excerpt":{"rendered":"","protected":false},"author":6,"featured_media":491,"parent":981,"menu_order":1000,"comment_status":"closed","ping_status":"closed","template":"","meta":{"footnotes":""},"tags":[],"acf":[],"_links":{"self":[{"href":"https:\/\/betting.com\/de\/wp-json\/wp\/v2\/pages\/45"}],"collection":[{"href":"https:\/\/betting.com\/de\/wp-json\/wp\/v2\/pages"}],"about":[{"href":"https:\/\/betting.com\/de\/wp-json\/wp\/v2\/types\/page"}],"author":[{"embeddable":true,"href":"https:\/\/betting.com\/de\/wp-json\/wp\/v2\/users\/6"}],"replies":[{"embeddable":true,"href":"https:\/\/betting.com\/de\/wp-json\/wp\/v2\/comments?post=45"}],"version-history":[{"count":4,"href":"https:\/\/betting.com\/de\/wp-json\/wp\/v2\/pages\/45\/revisions"}],"predecessor-version":[{"id":6133,"href":"https:\/\/betting.com\/de\/wp-json\/wp\/v2\/pages\/45\/revisions\/6133"}],"up":[{"embeddable":true,"href":"https:\/\/betting.com\/de\/wp-json\/wp\/v2\/pages\/981"}],"wp:featuredmedia":[{"embeddable":true,"href":"https:\/\/betting.com\/de\/wp-json\/wp\/v2\/media\/491"}],"wp:attachment":[{"href":"https:\/\/betting.com\/de\/wp-json\/wp\/v2\/media?parent=45"}],"wp:term":[{"taxonomy":"post_tag","embeddable":true,"href":"https:\/\/betting.com\/de\/wp-json\/wp\/v2\/tags?post=45"}],"curies":[{"name":"wp","href":"https:\/\/api.w.org\/{rel}","templated":true}]}}