{"id":43,"date":"2022-06-15T06:14:43","date_gmt":"2022-06-15T06:14:43","guid":{"rendered":"https:\/\/betting.com\/de\/?page_id=43"},"modified":"2023-08-02T12:31:09","modified_gmt":"2023-08-02T12:31:09","slug":"quoten","status":"publish","type":"page","link":"https:\/\/betting.com\/de\/eredivisie\/quoten","title":{"rendered":"Eredivisie Quoten"},"content":{"rendered":"<div class=\" container-white py-8\">\n\t<div class=\"wp-block-container-toc  \">\n\t\t\t<div class=\"bg-white\">\n\t<div class=\"flex flex-col-reverse lg:flex-row lg:gap-8 py-10\">\n\t\t<article class=\"max-w-[960px] flex-grow\" data-bt-content>\n\t\t\t\n<h2 class=\"wp-block-heading\" id=\"die-quoten-der-eredivisie\">Die Quoten der Eredivisie<\/h2>\n\n\n\n<p>Die Eredivisie ist f\u00fcr ihren spektakul\u00e4ren Spielstil und die Vielzahl talentierter Fu\u00dfballer bekannt. Auch wenn die Eredivisie nicht mit den gro\u00dfen Fu\u00dfballligen der Welt mithalten kann, sollte diese Liga nicht \u00fcbersehen werden, wenn es um Fu\u00dfballwetten geht.&nbsp;<\/p>\n\n\n\n<p>Die Spiele in der Eredivisie k\u00f6nnen oft sehr eng ausgehen und dies widerspiegelt sich auch in der Tabelle. Dies macht es f\u00fcr Buchmacher ein wenig schwieriger, die Spiele mit den richtigen Quoten auszustatten. Dies ist der Grund, warum man in der Eredivisie oftmals sehr gute Quoten vorfinden kann und diese auch nutzen sollte.&nbsp;<\/p>\n\n\n\n<h2 class=\"wp-block-heading\" id=\"hintergrundwissen-der-eredivisie\">Hintergrundwissen der Eredivisie<\/h2>\n\n\n\n<p>Die 1956 gegr\u00fcndete niederl\u00e4ndische Eredivisie ist die oberste Liga des niederl\u00e4ndischen Fu\u00dfballs. Sie umfasst 18 Mannschaften. Die Saison l\u00e4uft von August bis Mai und die Mannschaften spielen sowohl zu Hause als auch ausw\u00e4rts gegeneinander und bestreiten insgesamt 34 Spiele. Der Auf- und Abstieg der Eredivisie ist mit der Eerste Divisie, der zweiten Spielklasse, verbunden.&nbsp;<\/p>\n\n\n\n<p>In jeder Saison steigen drei Mannschaften aus der Eredivisie ab und drei Mannschaften aus der Eerste Divisie auf, wobei zwei Pl\u00e4tze \u00fcber Abstiegs-\/Aufstiegs-Playoffs entschieden werden.&nbsp;<\/p>\n\n\n\n<p>Seit seiner Gr\u00fcndung haben 53 verschiedene Vereine am Ligabetrieb teilgenommen, wobei Ajax die meisten Titel gewonnen hat (36). Der bisher beste Torsch\u00fctze des Wettbewerbs ist Willy van der Kuijlen (311 Tore).<\/p>\n\n\n\n<p>Auch wenn Ajax Amsterdam \u00fcber die meisten Titel der Liga verf\u00fcgt und oftmals als der Favorit in die neue Saison geht, ist die Eredivisie oftmals sehr eng, wenn es um die Tabellenpl\u00e4tze geht.&nbsp;<\/p>\n\n\n\n<p>Ajax ist sehr oft gejagt von PSV Eindhoven, die insgesamt \u00fcber 20 Meistertitel verf\u00fcgen. Auch Feyenoord Rotterdam k\u00e4mpft jedes Jahr wieder um die oberen Tabellenpl\u00e4tze. Rotterdam verf\u00fcgt \u00fcber 10 Meistertitel.&nbsp;<\/p>\n\n\n\n<p>Auch in der Champions League und der Europa League mischen die niederl\u00e4ndischen Teams mit. Die erstplatzierte Mannschaft und somit der Meister der Eredivisie qualifiziert sich f\u00fcr Champions League gruppenspiel.&nbsp;<\/p>\n\n\n\n<p>Die zweitplatzierte Mannschaft muss schon eine Runde fr\u00fcher ran und startet in der dritten Champions League Qualifikation. Die Mannschaften, die den dritten und vierten Platz belegen, haben eine Chance, sich f\u00fcr die Europa League zu qualifizieren. Dasselbe gilt f\u00fcr den Gewinner des KNVB Cups, der vergleichbar ist mit dem DFB Pokal.&nbsp;<\/p>\n\n\n\n<h2 class=\"wp-block-heading\" id=\"die-beliebtesten-wettmarkte-der-eredivisie\">Die Beliebtesten Wettm\u00e4rkte der Eredivisie<\/h2>\n\n\n\n<p><strong>&#8211; Spielergebnis (1&#215;2)<\/strong> &#8211; Hier wird auf den Ausgang des Spiels gewettet. In der Eredivisie w\u00e4re dies Sieg, Niederlage oder Unentschieden nach Spielende.<\/p>\n\n\n\n<p><strong>&#8211; \u00dcber\/Unter Tore <\/strong>&#8211; Hier geben die Buchmacher eine Dezimalzahl wie zum Beispiel 3.5 oder 4.5 an, die die Tore reflektieren sollen und deine Aufgabe ist es darauf zu wetten, ob mehr oder weniger Tore als diese Anzahl geschossen werden.&nbsp;<\/p>\n\n\n\n<p><strong>&#8211; Handicap <\/strong>&#8211; Bei Handicap Wetten wird darauf gewettet, um wie viel Tore die st\u00e4rkere Mannschaft gewinnen wird.<\/p>\n\n\n\n<h2 class=\"wp-block-heading\" id=\"die-zukunftswetten-in-der-eredivisie\">Die Zukunftswetten in der Eredivisie<\/h2>\n\n\n\n<p>Eine sehr beliebte Zukunftswette in der Eredivisie ist auf den Meister der Saison zu wetten. Auch wenn Ajax oftmals als fr\u00fcher Favorit gilt, um die Meisterschaft zu gewinnen, k\u00f6nnen andere Mannschaften oftmals \u00fcberraschen und genau auf diese Mannschaften sind die Quoten besonders zu Saisonbeginn sehr verlockend.&nbsp;<\/p>\n\n\n\n<p>Die letzten drei Meister in der Eredivisie waren alle unterschiedliche Mannschaften. Wenn du also der Meinung bist, dass eine bestimmte Mannschaft dieses Jahr den Titel holt, solltest du diese Zukunftswette definitiv platzieren.&nbsp;<\/p>\n\n\n\n<p>Eine weitere Zukunftswette, die Wettspieler mit Vorliebe abschlie\u00dfend, ist darauf zu wetten, welcher Spieler die meisten Tore in der Saison erzielen wird. Auch hier sind sehr oft gute Quoten vorzufinden.<\/p>\n\n\n\n<h2 class=\"wp-block-heading\" id=\"zusatzliche-wettmarkte-der-eredivisie\">Zus\u00e4tzliche Wettm\u00e4rkte der Eredivisie<\/h2>\n\n\n\n<p>Neben den traditionellen Wetten und den Zukunftswetten sind auch die Wetten auf Fouls, Karten und Eckb\u00e4lle sehr beliebt. Wenn man auf diese M\u00e4rkte wettet, ist es von Vorteil, wenn man gut informiert ist, denn oftmals lassen sich gewisse Trends feststellen, die einen gro\u00dfen Unterschied ausmachen k\u00f6nnen.&nbsp;<\/p>\n\n\n\n<p>Wenn dir zum Beispiel auff\u00e4llt, dass ein gewisser Spieler st\u00e4ndig Fouls begeht, dann w\u00e4re es eine gute Entscheidung, wenn du darauf wettest, dass dieser Spieler im n\u00e4chsten Spiel wieder ein Foul begeht. Wenn dir die Recherchen zu aufwendig sind, dann kannst du auch einem Tippgeber folgen.&nbsp;<\/p>\n\n\n\n<p>Tippgeber verf\u00fcgen \u00fcber sehr viel Fachwissen und Informationen, die die meisten Leute nicht besitzen. Die meisten Tippgeber spezialisieren sich auf gewisse Ligen und dadurch ist ihr Fachwissen noch spezifischer. Wenn du also auf die Eredivisie wetten willst, dir aber das gewisse Fachwissen fehlt, dann solltest du einen Tippgeber in Erw\u00e4gung ziehen.<\/p>\n\n\n\n<h2 class=\"wp-block-heading\" id=\"wichtige-informationen-die-deine-wetten-auf-die-eredivisie-beeinflussen-konnen\">Wichtige Informationen die deine wetten auf die Eredivisie beeinflussen k\u00f6nnen<\/h2>\n\n\n\n<p><strong>Die jungen Spieler:<\/strong> Die jungen Talente k\u00f6nnen in der Eredivisie einen gro\u00dfen Unterschied machen. Oftmals sind es die jungen Spieler, die hemmungslos dem Ball hinterherjagen oder die gro\u00dfen Spielz\u00fcge einleiten. Diese Spieler sollte man im Auge behalten.<\/p>\n\n\n\n<p><strong>Der Saisonverlauf: <\/strong>Von gro\u00dfer Bedeutung kann der Abstieg in die Zweite Liga sein. Deshalb ist es wichtig, dass man den Saisonverlauf und die Tabelle im Auge beh\u00e4lt. Speziell zum Schluss der Saison k\u00f6nnen verschiedene Mannschaften hoch motiviert antreten, um einen Abstieg zu vermeiden oder einen Europa oder Champions League Platz zu erreichen.&nbsp;<\/p>\n\n\n\n<p><strong>Vielf\u00e4ltiges Wett-Portfolio:<\/strong> Auch wenn die Eredivisie nicht deine erste Wahl ist, wenn du eine Wette platzierst, solltest du diese Liga in Erw\u00e4gung ziehen, um dein Wettportfolio zu erweitern. Oft sind es die Wetten, bei denen man sich anfangs nicht so sicher war, die Gewinne einbringen.<br><strong>Wett-Tools: <\/strong>Selbstverst\u00e4ndlich stehen dir auch alle Hilfsmittel von Betting.com zur Verf\u00fcgung. Mit Quotenvergleich hast du die M\u00f6glichkeit, die Besten Quoten auf die Eredivisie zu finden und kannst deine Wetten auch gleich von dort aus abschlie\u00dfen.<\/p>\n\n\t\t<\/article>\n\t\t<div class=\"lg:w-[300px] lg:flex-shrink-0 relative\" x-data=\"{show_toc: false}\">\n\t\t\t<div class=\"lg:sticky lg:top-4 z-30\">\n\t\t\t\t<div class=\"fixed -top-64 left-0 w-full z-50 lg:static transition-all hidden lg:block\" id=\"fixed-toc\">\n\t\t\t\t\t<div>\n\t\t\t\t<div class=\"border-b border-solid border-gray-30 text-lg font-bold lg:pt-7 max-lg:px-4 py-3 flex items-center justify-between bg-white lg:bg-transparent\">\n\t\t\tWas gibt es auf dieser Seite\n\t\t\t<button @click=\"show_toc = true\" class=\"btn btn-red-outline-white block lg:hidden\">Jump to<\/button>\n\t\t<\/div>\n\t\t\t\t<div\n\t\t\tclass=\"max-lg:fixed max-lg:top-0 max-lg:left-0 max-lg:w-screen max-lg:h-screen max-lg:bg-gray-70 max-lg:bg-opacity-75 max-lg:hidden\"\n\t\t\t:class=\"{'max-lg:hidden': !show_toc}\"\n\t\t\t@click=\"show_toc = false\"\n\t\t>\n\t\t\t<div class=\"max-lg:absolute max-lg:bottom-0 max-lg:left-0 max-lg:w-screen bg-white lg:bg-transparent\">\n\t\t\t\t\t\t\t\t<div class=\"flex lg:hidden items-center justify-between mx-4 border-b border-solid border-gray-30 pt-6 pb-2 font-bold\">\n\n\t\t\t\t\tAuf dieser Seite\n\t\t\t\t\t<button @click=\"show_toc = false\">\n\t\t\t\t\t\t<svg class=\"w-5 h-5 text-gray-100\" xmlns=\"http:\/\/www.w3.org\/2000\/svg\" fill=\"none\" stroke=\"currentColor\" stroke-width=\"1.5\" class=\"w-6 h-6\" viewBox=\"0 0 24 24\"><path stroke-linecap=\"round\" stroke-linejoin=\"round\" d=\"M6 18 18 6M6 6l12 12\"\/><\/svg>\t\t\t\t\t<\/button>\n\t\t\t\t<\/div>\n\t\t\t\t<ul id=\"toc\" class=\"mt-5 max-h-[85vh] overflow-y-auto list-none bt-scrollbars\">\n\n\t\t\t\t\t\t\t\t\t\t\t<li>\n\t\t\t\t\t\t\t<a href=\"#die-quoten-der-eredivisie\" data-bt-toc-item=\"die-quoten-der-eredivisie\"\n\t\t\t\t\t\t\t\t @click=\"show_toc = false\"\n\t\t\t\t\t\t\t\t class=\"block px-4 py-2 text-black border-l-4 border-solid border-transparent hover:border-red-100 transition-all hover:!border-b-0 hover:font-bold\">\nDie Quoten der Eredivisie\n<\/a>\n\t\t\t\t\t\t<\/li>\n\t\t\t\t\t\t\t\t\t\t\t<li>\n\t\t\t\t\t\t\t<a href=\"#hintergrundwissen-der-eredivisie\" data-bt-toc-item=\"hintergrundwissen-der-eredivisie\"\n\t\t\t\t\t\t\t\t @click=\"show_toc = false\"\n\t\t\t\t\t\t\t\t class=\"block px-4 py-2 text-black border-l-4 border-solid border-transparent hover:border-red-100 transition-all hover:!border-b-0 hover:font-bold\">\nHintergrundwissen der Eredivisie\n<\/a>\n\t\t\t\t\t\t<\/li>\n\t\t\t\t\t\t\t\t\t\t\t<li>\n\t\t\t\t\t\t\t<a href=\"#die-beliebtesten-wettmarkte-der-eredivisie\" data-bt-toc-item=\"die-beliebtesten-wettmarkte-der-eredivisie\"\n\t\t\t\t\t\t\t\t @click=\"show_toc = false\"\n\t\t\t\t\t\t\t\t class=\"block px-4 py-2 text-black border-l-4 border-solid border-transparent hover:border-red-100 transition-all hover:!border-b-0 hover:font-bold\">\nDie Beliebtesten Wettm\u00e4rkte der Eredivisie\n<\/a>\n\t\t\t\t\t\t<\/li>\n\t\t\t\t\t\t\t\t\t\t\t<li>\n\t\t\t\t\t\t\t<a href=\"#die-zukunftswetten-in-der-eredivisie\" data-bt-toc-item=\"die-zukunftswetten-in-der-eredivisie\"\n\t\t\t\t\t\t\t\t @click=\"show_toc = false\"\n\t\t\t\t\t\t\t\t class=\"block px-4 py-2 text-black border-l-4 border-solid border-transparent hover:border-red-100 transition-all hover:!border-b-0 hover:font-bold\">\nDie Zukunftswetten in der Eredivisie\n<\/a>\n\t\t\t\t\t\t<\/li>\n\t\t\t\t\t\t\t\t\t\t\t<li>\n\t\t\t\t\t\t\t<a href=\"#zusatzliche-wettmarkte-der-eredivisie\" data-bt-toc-item=\"zusatzliche-wettmarkte-der-eredivisie\"\n\t\t\t\t\t\t\t\t @click=\"show_toc = false\"\n\t\t\t\t\t\t\t\t class=\"block px-4 py-2 text-black border-l-4 border-solid border-transparent hover:border-red-100 transition-all hover:!border-b-0 hover:font-bold\">\nZus\u00e4tzliche Wettm\u00e4rkte der Eredivisie\n<\/a>\n\t\t\t\t\t\t<\/li>\n\t\t\t\t\t\t\t\t\t\t\t<li>\n\t\t\t\t\t\t\t<a href=\"#wichtige-informationen-die-deine-wetten-auf-die-eredivisie-beeinflussen-konnen\" data-bt-toc-item=\"wichtige-informationen-die-deine-wetten-auf-die-eredivisie-beeinflussen-konnen\"\n\t\t\t\t\t\t\t\t @click=\"show_toc = false\"\n\t\t\t\t\t\t\t\t class=\"block px-4 py-2 text-black border-l-4 border-solid border-transparent hover:border-red-100 transition-all hover:!border-b-0 hover:font-bold\">\nWichtige Informationen die deine wetten auf die Eredivisie beeinflussen k\u00f6nnen\n<\/a>\n\t\t\t\t\t\t<\/li>\n\t\t\t\t\t\t\t\t\t<\/ul>\n\t\t\t\t\t\t\t\t\t\t\t<\/div>\n\t\t<\/div>\n\t<\/div>\n\t\t\t\t\t<\/div>\n\t\t\t<\/div>\n\t\t<\/div>\n\t<\/div>\n<\/div>\n\t<\/div>\n<\/div>\n\n","protected":false},"excerpt":{"rendered":"","protected":false},"author":6,"featured_media":452,"parent":950,"menu_order":1000,"comment_status":"closed","ping_status":"closed","template":"","meta":{"footnotes":""},"tags":[],"acf":[],"_links":{"self":[{"href":"https:\/\/betting.com\/de\/wp-json\/wp\/v2\/pages\/43"}],"collection":[{"href":"https:\/\/betting.com\/de\/wp-json\/wp\/v2\/pages"}],"about":[{"href":"https:\/\/betting.com\/de\/wp-json\/wp\/v2\/types\/page"}],"author":[{"embeddable":true,"href":"https:\/\/betting.com\/de\/wp-json\/wp\/v2\/users\/6"}],"replies":[{"embeddable":true,"href":"https:\/\/betting.com\/de\/wp-json\/wp\/v2\/comments?post=43"}],"version-history":[{"count":4,"href":"https:\/\/betting.com\/de\/wp-json\/wp\/v2\/pages\/43\/revisions"}],"predecessor-version":[{"id":6132,"href":"https:\/\/betting.com\/de\/wp-json\/wp\/v2\/pages\/43\/revisions\/6132"}],"up":[{"embeddable":true,"href":"https:\/\/betting.com\/de\/wp-json\/wp\/v2\/pages\/950"}],"wp:featuredmedia":[{"embeddable":true,"href":"https:\/\/betting.com\/de\/wp-json\/wp\/v2\/media\/452"}],"wp:attachment":[{"href":"https:\/\/betting.com\/de\/wp-json\/wp\/v2\/media?parent=43"}],"wp:term":[{"taxonomy":"post_tag","embeddable":true,"href":"https:\/\/betting.com\/de\/wp-json\/wp\/v2\/tags?post=43"}],"curies":[{"name":"wp","href":"https:\/\/api.w.org\/{rel}","templated":true}]}}