{"id":41,"date":"2022-06-15T06:07:08","date_gmt":"2022-06-15T06:07:08","guid":{"rendered":"https:\/\/betting.com\/de\/?page_id=41"},"modified":"2023-08-02T12:31:09","modified_gmt":"2023-08-02T12:31:09","slug":"quoten","status":"publish","type":"page","link":"https:\/\/betting.com\/de\/daenische-superliga\/quoten","title":{"rendered":"D\u00e4nischen Superliga Quoten"},"content":{"rendered":"<div class=\" container-white py-8\">\n\t<div class=\"wp-block-container-toc  \">\n\t\t\t<div class=\"bg-white\">\n\t<div class=\"flex flex-col-reverse lg:flex-row lg:gap-8 py-10\">\n\t\t<article class=\"max-w-[960px] flex-grow\" data-bt-content>\n\t\t\t\n<h2 class=\"wp-block-heading\" id=\"die-quoten-der-danischen-superliga-verstehen\">Die Quoten der d\u00e4nischen Superliga verstehen<\/h2>\n\n\n\n<p>Die d\u00e4nische Superliga wurde in den letzten Jahren unter Wettspielern immer beliebter. Um genauer zu sein, die Superliga ist speziell f\u00fcr Akkumulatoren-Wetten f\u00fcr viele Wettspieler eine geniale Erg\u00e4nzung.&nbsp;<\/p>\n\n\n\n<p>Die Liga selbst ist sehr wettbewerbsf\u00e4hig und deshalb lassen sich in der Superliga durchaus gute Quoten vorfinden. Viele Wettspieler machen den Fehler und fokussieren sich nur auf eine einzige Liga.&nbsp;<\/p>\n\n\n\n<p>Dies ist eine sehr ungeschickte Strategie, denn diese Wettspieler lassen viele gewinnbringende M\u00f6glichkeiten liegen. Was bei unteren Liegen oft vergessen wird, ist, dass die Buchmacher f\u00fcr diese Ligen nicht so viel Zeit investieren, da sie genau wissen, dass die meisten Leute ihre Wetten auf die gro\u00dfen Ligen abschlie\u00dfen.&nbsp;<\/p>\n\n\n\n<p>Deshalb fokussieren sich auch die Buchmacher auf diese Ligen und wollen sicherstellen, dass sie die Quoten f\u00fcr die Premier League, Bundesliga, La Liga etc. richtig stellen, bevor sie viel Zeit mit den kleineren Ligen verschwenden.&nbsp;<\/p>\n\n\n\n<p>Wenn die Wettanbieter weniger Zeit damit verbringen, die Quoten f\u00fcr die kleineren Ligen zu bewerten, dann kommt es des \u00d6fteren vor, dass sich auf diese Ligen richtig gute Quoten vorfinden lassen.<\/p>\n\n\n\n<p>Diese solltest du dir nicht entgehen lassen. Nun werden sich einige Leute fragen, wie sie denn eine Wette auf eine Liga abschlie\u00dfen sollen, in der sie sich \u00fcberhaupt oder nur wenig auskennen.&nbsp;<\/p>\n\n\n\n<p>Sollte das der Fall sein, dann empfehlen wir dir die Dienste eines Tippgebers. Die meisten Tippgeber haben sich auf individuelle Ligen fokussiert, was bedeutet, dass sie in diesen Ligen \u00fcber ein unglaubliches Fachwissen verf\u00fcgen. Mit den Tipps der Tippgeber kannst du dann deine Wetten platzieren.<\/p>\n\n\n\n<h2 class=\"wp-block-heading\" id=\"die-geschichte-und-struktur-der-danischen-superliga\">Die Geschichte und Struktur der d\u00e4nischen Superliga<\/h2>\n\n\n\n<p>Die d\u00e4nische Superliga ist die h\u00f6chste professionelle Fu\u00dfballliga in D\u00e4nemark. Bis 1991 war die h\u00f6chste Spielklasse in D\u00e4nemark die 1. Division. Diese wurde 1991 dann von der Superliga \u00fcbernommen. Seit der Einf\u00fchrung der Superliga haben sich auch einige Favoritenmannschaften herauskristallisiert. Der FC Kopenhagen f\u00fchrt die Liste der meisten Titelgewinne mit 14 gewonnenen Meisterschaften an. Br\u00f8ndby IF verf\u00fcgt \u00fcber insgesamt sieben Meisterschaften.&nbsp;<\/p>\n\n\n\n<p>Neben dem FC Kopenhagen konnte auch der FC Midtjylland in den letzten Jahren gro\u00dfe Erfolge feiern. Die Mannschaft gewann drei der letzten sechs Meisterschaften. Auch letztes Jahr gewann der FC Midtjylland den Meistertitel.&nbsp;<\/p>\n\n\n\n<p>In der d\u00e4nischen Superliga spielen 12 Mannschaften und alle Teams treten jeweils zweimal gegeneinander an. Anschlie\u00dfend werden die Teams in zwei Gruppen aufgeteilt. Die besten sechs Mannschaften spielen die Meisterschaft aus, w\u00e4hrend die anderen sechs Mannschaften um den Abstieg spielen.&nbsp;<\/p>\n\n\n\n<p>Die letzten beiden Mannschaften steigen automatisch in die Zweite Liga ab, w\u00e4hrend die ersten zwei Mannschaften aus der Zweiten Liga in die Superliga aufsteigen.&nbsp;<\/p>\n\n\n\n<h2 class=\"wp-block-heading\" id=\"die-beliebtesten-wettmarkte-der-danischen-superliga\">Die beliebtesten Wettm\u00e4rkte der d\u00e4nischen Superliga<\/h2>\n\n\n\n<p><strong>&#8211; Spielergebnis (1&#215;2)<\/strong> &#8211; Hier wird auf den Ausgang des Spiels gewettet. In der d\u00e4nischen Superliga w\u00e4re dies Sieg, Niederlage oder Unentschieden nach Spielende.<\/p>\n\n\n\n<p><strong>&#8211; \u00dcber\/Unter Tore<\/strong> &#8211; Hier geben die Buchmacher eine Dezimalzahl wie zum Beispiel 3.5 oder 4.5 an, die die Tore reflektieren sollen und deine Aufgabe ist es darauf zu wetten, ob mehr oder weniger Tore als diese Anzahl geschossen werden.&nbsp;<\/p>\n\n\n\n<p><strong>&#8211; Handicap<\/strong> &#8211; Bei Handicap Wetten wird darauf gewettet, um wie viel Tore die st\u00e4rkere Mannschaft gewinnen wird.<\/p>\n\n\n\n<h2 class=\"wp-block-heading\" id=\"die-zukunftsmarkte-der-danischen-superliga\">Die Zukunftsm\u00e4rkte Der D\u00e4nischen Superliga<\/h2>\n\n\n\n<p>Auch in der d\u00e4nischen Superliga ist die beliebteste Zukunftswette auf die Mannschaft zu wetten, die den Meistertitel gewinnen wird. Auch Wetten auf den Top-Torsch\u00fctzen der d\u00e4nischen Superliga sind sehr beliebt.&nbsp;<\/p>\n\n\n\n<p>Generell sind Zukunftswetten oft ein wenig schwieriger vorherzusagen, da sich w\u00e4hrend der Saison einige Dinge \u00e4ndern k\u00f6nnen. In der d\u00e4nischen Superliga kommt noch erschwerend hinzu, dass die Liga relativ ausgeglichen ist.&nbsp;<\/p>\n\n\n\n<p>Dies bedeutet jedoch zugleich, dass auf die Zukunftsm\u00e4rkte oft sehr gute Quoten vergeben werden. Wenn du nat\u00fcrlich Informationen hast, die auf einen Vorteil einer Mannschaft hinweisen, dann solltest du diese Informationen definitiv nutzen.&nbsp;<\/p>\n\n\n\n<h2 class=\"wp-block-heading\" id=\"weiter-interessante-wettmarkte-der-danischen-superliga\">Weiter interessante Wettm\u00e4rkte der d\u00e4nischen Superliga<\/h2>\n\n\n\n<p>Auch In-Play Wetten k\u00f6nnen eine sehr interessante Option in der Superliga sein. Hier kann zum Beispiel darauf gewettet werden, welche Mannschaft die n\u00e4chste Ecke erh\u00e4lt oder welche Mannschaft den n\u00e4chsten Torschuss erzielt. Auch Wetten auf Fouls, Karten und Ballbesitz sind Optionen. In der d\u00e4nischen Superliga gibt es viele verschiedene M\u00f6glichkeiten, Wetten auf unterschiedliche M\u00e4rkte zu platzieren.<\/p>\n\n\n\n<h2 class=\"wp-block-heading\" id=\"wichtige-hilfsmitte-fur-wetten-auf-die-superliga\">Wichtige Hilfsmitte f\u00fcr wetten auf die Superliga<\/h2>\n\n\n\n<p><strong>Tippgeber:<\/strong> Tippgeber k\u00f6nnen in den nicht so begehrten Ligen oft den Unterschied ausmachen. Wenn du dich also mit der Superliga noch nicht befasst hast oder du \u00fcber keine grundlegenden Kenntnisse der Liga verf\u00fcgst, dann w\u00e4re es eine gute Idee, wenn du dir Tipps einholst.&nbsp;<\/p>\n\n\n\n<p>Unsere Daten zeigen, dass Wettspieler, die einen Tippgeber f\u00fcr ihre Wetten auf die Superliga angewendet haben, gewinnen 56 % mehr als die Spieler, die keine Tippgeber angewendet haben.&nbsp;<\/p>\n\n\n\n<p><strong>Gruppenaufteilungen:<\/strong> Nachdem alle Mannschaften zweimal gegeneinander gespielt haben, werden die Teams in zwei Gruppen aufgeteilt. In den Spielen um die Meisterschaft kann es dann noch mal richtig interessant werden und das widerspiegelt sich auch dementsprechend in den Quoten, die die Buchmacher f\u00fcr diese Spiele anbieten.&nbsp;<\/p>\n\n\n\n<p>Die Abstiegsrunde kann f\u00fcr gro\u00dfe \u00dcberraschungen sorgen, da jede Mannschaft noch einmal hoch motiviert an den Start geht, um den Klassenerhalt zu schaffen. Auf diese Spiele k\u00f6nnen hohe Gewinne erzielt werden, wenn man die richtigen Entscheidungen trifft.&nbsp;<\/p>\n\n\n\n<p><strong>Vielf\u00e4ltiges Wett-Portfolio:<\/strong> Auch wenn die d\u00e4nische Superliga nicht deine erste Wahl ist, wenn du eine Wette platzieren willst, solltest du diese Liga in Erw\u00e4gung ziehen, um dein Wettportfolio zu erweitern. Oft sind es die Wetten, bei denen man sich anfangs nicht so sicher war, die Gewinne einbringen. Ein vielf\u00e4ltiges Wett-Portfolio kann das Risiko ein wenig minimieren.&nbsp;<\/p>\n\n\n\n<p>Wenn du deinen Wetten n\u00e4mlich nur auf eine Liga oder einen spezifischen Markt abschlie\u00dft, dann riskierst du, dass dein ganzer Einsatz verloren geht. Wenn du allerdings mehrere Wetten auf unterschiedliche Ligen und M\u00e4rkte abschlie\u00dft, dann ist es nicht schlimm, wenn eine oder zwei Wetten nicht aufgehen, denn du hast dich mit den anderen Wetten abgesichert.<\/p>\n\n\t\t<\/article>\n\t\t<div class=\"lg:w-[300px] lg:flex-shrink-0 relative\" x-data=\"{show_toc: false}\">\n\t\t\t<div class=\"lg:sticky lg:top-4 z-30\">\n\t\t\t\t<div class=\"fixed -top-64 left-0 w-full z-50 lg:static transition-all hidden lg:block\" id=\"fixed-toc\">\n\t\t\t\t\t<div>\n\t\t\t\t<div class=\"border-b border-solid border-gray-30 text-lg font-bold lg:pt-7 max-lg:px-4 py-3 flex items-center justify-between bg-white lg:bg-transparent\">\n\t\t\tWas gibt es auf dieser Seite\n\t\t\t<button @click=\"show_toc = true\" class=\"btn btn-red-outline-white block lg:hidden\">Jump to<\/button>\n\t\t<\/div>\n\t\t\t\t<div\n\t\t\tclass=\"max-lg:fixed max-lg:top-0 max-lg:left-0 max-lg:w-screen max-lg:h-screen max-lg:bg-gray-70 max-lg:bg-opacity-75 max-lg:hidden\"\n\t\t\t:class=\"{'max-lg:hidden': !show_toc}\"\n\t\t\t@click=\"show_toc = false\"\n\t\t>\n\t\t\t<div class=\"max-lg:absolute max-lg:bottom-0 max-lg:left-0 max-lg:w-screen bg-white lg:bg-transparent\">\n\t\t\t\t\t\t\t\t<div class=\"flex lg:hidden items-center justify-between mx-4 border-b border-solid border-gray-30 pt-6 pb-2 font-bold\">\n\n\t\t\t\t\tAuf dieser Seite\n\t\t\t\t\t<button @click=\"show_toc = false\">\n\t\t\t\t\t\t<svg class=\"w-5 h-5 text-gray-100\" xmlns=\"http:\/\/www.w3.org\/2000\/svg\" fill=\"none\" stroke=\"currentColor\" stroke-width=\"1.5\" class=\"w-6 h-6\" viewBox=\"0 0 24 24\"><path stroke-linecap=\"round\" stroke-linejoin=\"round\" d=\"M6 18 18 6M6 6l12 12\"\/><\/svg>\t\t\t\t\t<\/button>\n\t\t\t\t<\/div>\n\t\t\t\t<ul id=\"toc\" class=\"mt-5 max-h-[85vh] overflow-y-auto list-none bt-scrollbars\">\n\n\t\t\t\t\t\t\t\t\t\t\t<li>\n\t\t\t\t\t\t\t<a href=\"#die-quoten-der-danischen-superliga-verstehen\" data-bt-toc-item=\"die-quoten-der-danischen-superliga-verstehen\"\n\t\t\t\t\t\t\t\t @click=\"show_toc = false\"\n\t\t\t\t\t\t\t\t class=\"block px-4 py-2 text-black border-l-4 border-solid border-transparent hover:border-red-100 transition-all hover:!border-b-0 hover:font-bold\">\nDie Quoten der d\u00e4nischen Superliga verstehen\n<\/a>\n\t\t\t\t\t\t<\/li>\n\t\t\t\t\t\t\t\t\t\t\t<li>\n\t\t\t\t\t\t\t<a href=\"#die-geschichte-und-struktur-der-danischen-superliga\" data-bt-toc-item=\"die-geschichte-und-struktur-der-danischen-superliga\"\n\t\t\t\t\t\t\t\t @click=\"show_toc = false\"\n\t\t\t\t\t\t\t\t class=\"block px-4 py-2 text-black border-l-4 border-solid border-transparent hover:border-red-100 transition-all hover:!border-b-0 hover:font-bold\">\nDie Geschichte und Struktur der d\u00e4nischen Superliga\n<\/a>\n\t\t\t\t\t\t<\/li>\n\t\t\t\t\t\t\t\t\t\t\t<li>\n\t\t\t\t\t\t\t<a href=\"#die-beliebtesten-wettmarkte-der-danischen-superliga\" data-bt-toc-item=\"die-beliebtesten-wettmarkte-der-danischen-superliga\"\n\t\t\t\t\t\t\t\t @click=\"show_toc = false\"\n\t\t\t\t\t\t\t\t class=\"block px-4 py-2 text-black border-l-4 border-solid border-transparent hover:border-red-100 transition-all hover:!border-b-0 hover:font-bold\">\nDie beliebtesten Wettm\u00e4rkte der d\u00e4nischen Superliga\n<\/a>\n\t\t\t\t\t\t<\/li>\n\t\t\t\t\t\t\t\t\t\t\t<li>\n\t\t\t\t\t\t\t<a href=\"#die-zukunftsmarkte-der-danischen-superliga\" data-bt-toc-item=\"die-zukunftsmarkte-der-danischen-superliga\"\n\t\t\t\t\t\t\t\t @click=\"show_toc = false\"\n\t\t\t\t\t\t\t\t class=\"block px-4 py-2 text-black border-l-4 border-solid border-transparent hover:border-red-100 transition-all hover:!border-b-0 hover:font-bold\">\nDie Zukunftsm\u00e4rkte Der D\u00e4nischen Superliga\n<\/a>\n\t\t\t\t\t\t<\/li>\n\t\t\t\t\t\t\t\t\t\t\t<li>\n\t\t\t\t\t\t\t<a href=\"#weiter-interessante-wettmarkte-der-danischen-superliga\" data-bt-toc-item=\"weiter-interessante-wettmarkte-der-danischen-superliga\"\n\t\t\t\t\t\t\t\t @click=\"show_toc = false\"\n\t\t\t\t\t\t\t\t class=\"block px-4 py-2 text-black border-l-4 border-solid border-transparent hover:border-red-100 transition-all hover:!border-b-0 hover:font-bold\">\nWeiter interessante Wettm\u00e4rkte der d\u00e4nischen Superliga\n<\/a>\n\t\t\t\t\t\t<\/li>\n\t\t\t\t\t\t\t\t\t\t\t<li>\n\t\t\t\t\t\t\t<a href=\"#wichtige-hilfsmitte-fur-wetten-auf-die-superliga\" data-bt-toc-item=\"wichtige-hilfsmitte-fur-wetten-auf-die-superliga\"\n\t\t\t\t\t\t\t\t @click=\"show_toc = false\"\n\t\t\t\t\t\t\t\t class=\"block px-4 py-2 text-black border-l-4 border-solid border-transparent hover:border-red-100 transition-all hover:!border-b-0 hover:font-bold\">\nWichtige Hilfsmitte f\u00fcr wetten auf die Superliga\n<\/a>\n\t\t\t\t\t\t<\/li>\n\t\t\t\t\t\t\t\t\t<\/ul>\n\t\t\t\t\t\t\t\t\t\t\t<\/div>\n\t\t<\/div>\n\t<\/div>\n\t\t\t\t\t<\/div>\n\t\t\t<\/div>\n\t\t<\/div>\n\t<\/div>\n<\/div>\n\t<\/div>\n<\/div>\n\n","protected":false},"excerpt":{"rendered":"","protected":false},"author":6,"featured_media":447,"parent":932,"menu_order":1000,"comment_status":"closed","ping_status":"closed","template":"","meta":{"footnotes":""},"tags":[],"acf":[],"_links":{"self":[{"href":"https:\/\/betting.com\/de\/wp-json\/wp\/v2\/pages\/41"}],"collection":[{"href":"https:\/\/betting.com\/de\/wp-json\/wp\/v2\/pages"}],"about":[{"href":"https:\/\/betting.com\/de\/wp-json\/wp\/v2\/types\/page"}],"author":[{"embeddable":true,"href":"https:\/\/betting.com\/de\/wp-json\/wp\/v2\/users\/6"}],"replies":[{"embeddable":true,"href":"https:\/\/betting.com\/de\/wp-json\/wp\/v2\/comments?post=41"}],"version-history":[{"count":4,"href":"https:\/\/betting.com\/de\/wp-json\/wp\/v2\/pages\/41\/revisions"}],"predecessor-version":[{"id":6131,"href":"https:\/\/betting.com\/de\/wp-json\/wp\/v2\/pages\/41\/revisions\/6131"}],"up":[{"embeddable":true,"href":"https:\/\/betting.com\/de\/wp-json\/wp\/v2\/pages\/932"}],"wp:featuredmedia":[{"embeddable":true,"href":"https:\/\/betting.com\/de\/wp-json\/wp\/v2\/media\/447"}],"wp:attachment":[{"href":"https:\/\/betting.com\/de\/wp-json\/wp\/v2\/media?parent=41"}],"wp:term":[{"taxonomy":"post_tag","embeddable":true,"href":"https:\/\/betting.com\/de\/wp-json\/wp\/v2\/tags?post=41"}],"curies":[{"name":"wp","href":"https:\/\/api.w.org\/{rel}","templated":true}]}}