{"id":39,"date":"2022-06-14T21:56:04","date_gmt":"2022-06-14T21:56:04","guid":{"rendered":"https:\/\/betting.com\/de\/?page_id=39"},"modified":"2023-08-02T12:31:09","modified_gmt":"2023-08-02T12:31:09","slug":"champions-league","status":"publish","type":"page","link":"https:\/\/betting.com\/de\/champions-league","title":{"rendered":"UEFA Champions League Quoten"},"content":{"rendered":"<div class=\" container-white py-8\">\n\t<div class=\"wp-block-container-toc  \">\n\t\t\t<div class=\"bg-white\">\n\t<div class=\"flex flex-col-reverse lg:flex-row lg:gap-8 py-10\">\n\t\t<article class=\"max-w-[960px] flex-grow\" data-bt-content>\n\t\t\t\n<h2 class=\"wp-block-heading\" id=\"die-quoten-der-champions-league\">Die Quoten der Champions League<\/h2>\n\n\n\n<p>Da es sich bei der Champions League um ein au\u00dfergew\u00f6hnliches Fu\u00dfballturnier handelt, kann es manchmal auch schwierig sein, die Quoten der Buchmacher nachzuvollziehen. Dies kann sowohl positiv als auch negativ sein.&nbsp;<\/p>\n\n\n\n<p>Da die Gruppenphase und die Finalspiele der Champions League \u00fcber unterschiedliche Konstellationen verf\u00fcgen, bedeutet dies auch, dass die Quoten auf individuelle Spiele unterschiedlich ausfallen k\u00f6nnen.&nbsp;<\/p>\n\n\n\n<p>Meistens ist es der Fall, dass die Gruppenphase noch ein wenig durchwachsen ist. Das hei\u00dft, dass in den Gruppen, Mannschaften mit unterschiedlichen F\u00e4higkeiten sind. Wenn es jedoch dann aus der Gruppenphase rausgeht und in die Finalspiele geht, k\u00f6nnen die Quoten nat\u00fcrlich anders aussehen, da die meisten Mannschaften dann auf Augenh\u00f6he stehen.<\/p>\n\n\n\n<p>Die Champions League ist f\u00fcr Profi Wett-Spieler unverzichtbar, da die Spiele sich als sehr lukrativ darstellen. Die Champions League Begegnungen sind auch eine hervorragende Gelegenheit f\u00fcr Akkumulatoren-Wetten, speziell in der Gruppenphase.&nbsp;<\/p>\n\n\n\n<p>Was das Wetten auf die Champions League ein wenig schwieriger macht, ist, dass man in der Regel nicht viel Information \u00fcber die Mannschaften hat, die an der Champions League teilnehmen. Nat\u00fcrlich ist man vertraut mit Mannschaften wie dem FC Bayern, Real Madrid oder dem FC Barcelona.&nbsp;<\/p>\n\n\n\n<p>Wenn es jedoch um Spiele geht wie zum Beispiel Olympiacos gegen Porto, dann wird das Ganze schon ein wenig schwieriger. Wenn du der Meinung bist, dass du \u00fcber gewisse Mannschaften oder bestimmten Begegnungen zu wenig informiert bist, um eine Wette abzuschlie\u00dfen, dann kann es sich auch lohnen, einem Tippgeber zu folgen.&nbsp;<\/p>\n\n\n\n<p>Viele Tippgeber stellen ihre Tipps kostenlos zur Verf\u00fcgung, jedoch gibt es auch welche, die f\u00fcr ihre Tipps eine Bezahlung wollen. Alle Tippgeber findest du hier.<\/p>\n\n\n\n<h2 class=\"wp-block-heading\" id=\"so-funktioniert-die-champions-league\">So Funktioniert die Champions League<\/h2>\n\n\n\n<p>Die erste Champions League Saison wurde 1955 unter dem Namen \u201cEuropean Cup\u201d ausgetragen. Damals traten 16 Mannschaften gegeneinander an und es war keine andere Mannschaft als Real Madrid, die das erste Turnier f\u00fcr sich entscheiden konnten.&nbsp;<\/p>\n\n\n\n<p>Bis heute h\u00e4lt Real Madrid auch den Rekord, f\u00fcnf Champions League Titel in Folge zu holen. Ein gro\u00dfer Umbruch in der Ausf\u00fchrung des Turniers geschah 1992.&nbsp;<\/p>\n\n\n\n<p>Zum ersten Mal wurden die Finalspiele unter dem KO-Modus ausgespielt. Zus\u00e4tzlich konnten auch mehrere Mannschaften aus demselben Land an dem Turnier teilnehmen.<\/p>\n\n\n\n<h3 class=\"wp-block-heading\" id=\"32-mannschaften-in-der-gruppenphase\">32 Mannschaften in der Gruppenphase<\/h3>\n\n\n\n<p>Heutzutage erreichen die Quoten der Champions League ihren H\u00f6hepunkt in der KO-Phase und auch die Struktur des Turniers sieht heute ein wenig anders aus als damals. 32 Mannschaften nehmen jetzt an der Champions League teil.&nbsp;<\/p>\n\n\n\n<p>Um herauszufinden, wie viele Mannschaften aus einem Land in der Champions League mitspielen k\u00f6nnen, wird von der UEFA die F\u00fcnfjahreswertung (Koeffizient) angewendet. Die F\u00fcnfjahreswertung ist eine Rangliste, die von der UEFA aufgestellt wird und bestimmt, welcher Verband mit wie vielen Vereinen in der Champions League vertreten ist. Je h\u00f6her eine Liga in der F\u00fcnfjahreswertung steht, desto mehr Vereine aus dieser Liga haben die M\u00f6glichkeit, an der Champions League teilzunehmen.&nbsp;<\/p>\n\n\n\n<p>Die Top-5 Ligen in Europa d\u00fcrfen vier Mannschaften f\u00fcr die Champions League stellen. Momentan sind dies die L\u00e4nder Deutschland, England, Frankreich, Italien und Spanien. Die anderen L\u00e4nder bekommen Pl\u00e4tze in der Champions League Qualifikation. Welche Pl\u00e4tze diese Mannschaften in der Quali bekommen, h\u00e4ngt wiederum von deren UEFA-Koeffizienten ab.<\/p>\n\n\n\n<p>Die 32 teilnehmenden Mannschaften bilden acht Vierergruppen. Jede Mannschaft spielt gegen ihren Gruppengegner zwei Mal. Einmal zu Hause und das andere Mal ausw\u00e4rts.&nbsp;<\/p>\n\n\n\n<h3 class=\"wp-block-heading\" id=\"finale-auf-neutralem-boden\">Finale auf neutralem Boden<\/h3>\n\n\n\n<p>Die Heim- und Ausw\u00e4rtsspiele k\u00f6nnen die Quoten \u00fcbrigens auch sehr beeinflussen, dazu sp\u00e4ter mehr. Die zwei besten Mannschaften aus jeder Gruppe kommen in die KO-Runde, f\u00fcr die anderen Mannschaften ist das Turnier somit beendet. In der KO-Runde werden die Mannschaften dann neu ausgelost und es werden jeweils wieder zwei Spiele pro Begegnung angesetzt (Heim und Ausw\u00e4rts).&nbsp;<\/p>\n\n\n\n<p>Wenn die KO-Runde vorbei ist, bilden die letzten zwei Mannschaften das Finale. Das Finale findet auf neutralem Boden statt und es wird auch nur ein Spiel gespielt.<\/p>\n\n\n\n<p>Was bedeutet also das Ganze f\u00fcr die Champions League Quoten? Offensichtlich h\u00e4ngt viel davon ab, wie die Qualifikation und die Gruppenphase f\u00fcr einzelne Mannschaften aussieht.&nbsp;<\/p>\n\n\n\n<p>Wenn eine schw\u00e4cher Mannschaft Pech hat, landet sie mit drei \u00dcberm\u00e4chten in einer Gruppe und kann nur auf ein Wunder hoffen. Dies bedeutet aber nat\u00fcrlich auch, dass einer von den drei Favoriten schon in der Gruppenphase ausscheiden wird. Selbstverst\u00e4ndlich widerspiegelt sich das auch in den Quoten.&nbsp;<\/p>\n\n\n\n<p>Wenn also ein Underdog gegen einen st\u00e4rkeren Gegner antritt, kannst du davon ausgehen, dass du auf die schw\u00e4chere Mannschaft die besseren Quoten vorfindest.<\/p>\n\n\n\n<h2 class=\"wp-block-heading\" id=\"welche-phase-der-champions-league-hat-die-besten-quoten\">Welche Phase der Champions League hat die Besten Quoten?<\/h2>\n\n\n\n<p>Wie bereits erw\u00e4hnt verf\u00fcgt die Champions League \u00fcber zwei Phasen, die Gruppenphase und die KO-Phase. Wett-Experten sind sich dessen nicht ganz einig. Die einen behaupten, die KO-Phase h\u00e4tte die besseren Quoten, da in der KO-Phase weniger Variablen mitwirken.&nbsp;<\/p>\n\n\n\n<p>In der Gruppenphase ist es oft so, dass Mannschaften kurz vor Spielbeginn doch noch ihren Star-St\u00fcrmer auf die Bank setzen, um ihn f\u00fcr den Ligabetrieb zu schonen und die gegnerische Mannschaft auch ohne ihn schlagbar ist.&nbsp;<\/p>\n\n\n\n<p>Ein weiterer Grund k\u00f6nnte auch sein, dass gewisse Mannschaften untersch\u00e4tzt werden. Speziell zum Ende der Gruppenphase haben sich viele Mannschaften schon f\u00fcr die n\u00e4chste Runde qualifizierte und wollen dann nat\u00fcrlich ihre besten Spieler vor Verletzungen sch\u00fctzen.<\/p>\n\n\n\n<p>Deshalb kann die Gruppenphase manchmal ein wenig schwierig sein, die Spiele genau einzusch\u00e4tzen. In der KO-Runde ist dies nicht der Fall, da es hier um alles geht.&nbsp;<\/p>\n\n\n\n<p>Die Mannschaften k\u00f6nnen es sich nicht leisten einen Spieler zu schonen oder einen Gegner zu untersch\u00e4tzen. Deshalb sind die Quoten in der KO-Runde ein wenig genauer. Wenn die Quoten jedoch gut genug sind, solltest du auf jeden Fall auch die Spiele der Gruppenphase mitnehmen.<\/p>\n\n\n\n<h2 class=\"wp-block-heading\" id=\"dies-sind-die-beliebtesten-markte-der-champions-league\">Dies Sind Die Beliebtesten M\u00e4rkte Der Champions League<\/h2>\n\n\n\n<p><strong>Spielergebnis (1&#215;2) <\/strong>&#8211; Hier wird auf den Ausgang des Spiels gewettet. In der Champions League w\u00e4re dies w\u00e4hrend der Gruppenphase Sieg, Niederlage oder Unentschieden nach Spielende. In der KO Runde kann dann auch ein Elfmeterschie\u00dfen eine Partie entscheiden.<\/p>\n\n\n\n<p><strong>\u00dcber\/Unter Tore<\/strong> &#8211; Hier geben die Buchmacher eine Dezimalzahl wie zum Beispiel 3.5 oder 4.5 an, die die Tore reflektieren sollen und deine Aufgabe ist es darauf zu wetten, ob mehr oder weniger Tore als diese Anzahl geschossen werden.<\/p>\n\n\n\n<p><strong>Handicap <\/strong>&#8211; Bei Handicap Wetten wird darauf gewettet, um wie viel Tore die st\u00e4rkere Mannschaft gewinnen wird.<\/p>\n\n\n\n<h2 class=\"wp-block-heading\" id=\"die-zukunftsmarkte-der-champions-league\">Die Zukunftsm\u00e4rkte der Champions League<\/h2>\n\n\n\n<p>Eine sehr beliebte Wette auf die Champions League ist nat\u00fcrlich auch darauf zu wetten, wer die Champions League gewinnen wird. Das gute an diesem Markt ist, dass du mit nur einem kleinen Einsatz relativ viel Geld gewinnen kannst.&nbsp;<\/p>\n\n\n\n<p>Auf der anderen Seite sind deine Gewinnchancen meist sehr niedrig, da es nicht vorhersehbar ist, wie die Gruppenphase verl\u00e4uft und welche Gegner einer Mannschaft zugelost werden.&nbsp;<\/p>\n\n\n\n<p>Wenn die Buchmacher ihre Quoten f\u00fcr diesen Markt berechnen, werden oft die Leistungen in der Champions League vom Vorjahr bewertet und die Leistungen der Mannschaft in der laufenden Saison.&nbsp;<\/p>\n\n\n\n<p>Wenn du einen Favoriten hast, bei dem du der Meinung bist, er k\u00f6nnte die Champions League gewinnen, dann solltest du alle Buchmacher auf ihre Quoten untersuchen, da viele Buchmacher unterschiedliche Quoten auf bestimmte Teams vergeben.<\/p>\n\n\n\n<h2 class=\"wp-block-heading\" id=\"zusatzliche-markte\">Zus\u00e4tzliche M\u00e4rkte<\/h2>\n\n\n\n<p>Interessante M\u00e4rkte k\u00f6nnen auch die M\u00e4rkte auf Eckb\u00e4lle, Tore, Gelbe und Rote Karten sowie Fouls sein. Oft sind dies die M\u00e4rkte, die in der Champions League rentable sein k\u00f6nnen.&nbsp;<\/p>\n\n\n\n<p>Wenn dir w\u00e4hrend deiner Recherche also auff\u00e4llt, dass gewisse Mannschaften eine hohe Anzahl auf Ecken hatten oder ein bestimmter Spieler des \u00d6fteren wegen Fouls auff\u00e4llt, solltest du diese Information zu deinem Vorteil nutzen.<\/p>\n\n\n\n<h2 class=\"wp-block-heading\" id=\"wichtige-informationen-fur-wetten-auf-die-champions-league\">Wichtige Informationen F\u00fcr Wetten Auf Die Champions League<\/h2>\n\n\n\n<ul><li>Der Wille der Teams: Auch wenn eine Mannschaft vielleicht schlechte Leistungen in der eigenen Liga gezeigt hat und eventuell auch schon mit der eigenen Liga abgeschlossen hat, bedeutet das nicht, dass diese Mannschaft keinen Anreiz hat, die Champions League zu gewinnen, wie zum Beispiel 2016 als Real Madrid den Titel holte. F\u00fcr viele Mannschaften z\u00e4hlt ein Champions League Gewinn mehr als eine Meisterschaft in der eigenen Liga.<\/li><\/ul>\n\n\n\n<ul><li>Eine lange Qualifikation: Mannschaften, die durch die Qualifikation gehen m\u00fcssen, um einen Platz in der Champions League zu erreichen, sind oft sehr angeschlagen. Selbstverst\u00e4ndlich kann dies dann auch Auswirkung auf ihre Leistungen haben. Dies kommt \u00f6fter vor, als man glaubt und sollte deshalb beachtet werden, wenn man seine Wetten platziert.<\/li><\/ul>\n\n\n\n<ul><li>Benutz die Boni der Buchmacher: Wenn es dir nicht von gro\u00dfer Bedeutung ist, bei welchem Buchmacher du deine Wetten abschlie\u00dft, dann solltest du immer Ausschau halten nach neuen Angeboten der Buchmacher. Oft k\u00f6nnen diese Boni dir gutes Geld einbringen und das Ganze ist praktisch komplett kostenlos. Wenn du also ein paar Willkommensboni von verschiedenen Buchmachern abstauben willst, dann solltest du unsere Seite mit allen Bonus und Promotionsangebote aller Buchmacher aufsuchen.<\/li><\/ul>\n\n\n\n<ul><li>Zus\u00e4tzlichen M\u00e4rkte: Wie bereits erw\u00e4hnt, kann es von Vorteil sein, auch auf die kleineren M\u00e4rkte wie Eckb\u00e4lle, Fouls, Torsch\u00fctzen oder Karten zu gehen. Oft liegt hier sehr viel Wert und mit gr\u00fcndlichen Recherchen lassen sich immer wertvolle Informationen einholen, die in diesen M\u00e4rkten n\u00fctzlich sein k\u00f6nnen.<\/li><\/ul>\n\n\t\t<\/article>\n\t\t<div class=\"lg:w-[300px] lg:flex-shrink-0 relative\" x-data=\"{show_toc: false}\">\n\t\t\t<div class=\"lg:sticky lg:top-4 z-30\">\n\t\t\t\t<div class=\"fixed -top-64 left-0 w-full z-50 lg:static transition-all hidden lg:block\" id=\"fixed-toc\">\n\t\t\t\t\t<div>\n\t\t\t\t<div class=\"border-b border-solid border-gray-30 text-lg font-bold lg:pt-7 max-lg:px-4 py-3 flex items-center justify-between bg-white lg:bg-transparent\">\n\t\t\tWas gibt es auf dieser Seite\n\t\t\t<button @click=\"show_toc = true\" class=\"btn btn-red-outline-white block lg:hidden\">Jump to<\/button>\n\t\t<\/div>\n\t\t\t\t<div\n\t\t\tclass=\"max-lg:fixed max-lg:top-0 max-lg:left-0 max-lg:w-screen max-lg:h-screen max-lg:bg-gray-70 max-lg:bg-opacity-75 max-lg:hidden\"\n\t\t\t:class=\"{'max-lg:hidden': !show_toc}\"\n\t\t\t@click=\"show_toc = false\"\n\t\t>\n\t\t\t<div class=\"max-lg:absolute max-lg:bottom-0 max-lg:left-0 max-lg:w-screen bg-white lg:bg-transparent\">\n\t\t\t\t\t\t\t\t<div class=\"flex lg:hidden items-center justify-between mx-4 border-b border-solid border-gray-30 pt-6 pb-2 font-bold\">\n\n\t\t\t\t\tAuf dieser Seite\n\t\t\t\t\t<button @click=\"show_toc = false\">\n\t\t\t\t\t\t<svg class=\"w-5 h-5 text-gray-100\" xmlns=\"http:\/\/www.w3.org\/2000\/svg\" fill=\"none\" stroke=\"currentColor\" stroke-width=\"1.5\" class=\"w-6 h-6\" viewBox=\"0 0 24 24\"><path stroke-linecap=\"round\" stroke-linejoin=\"round\" d=\"M6 18 18 6M6 6l12 12\"\/><\/svg>\t\t\t\t\t<\/button>\n\t\t\t\t<\/div>\n\t\t\t\t<ul id=\"toc\" class=\"mt-5 max-h-[85vh] overflow-y-auto list-none bt-scrollbars\">\n\n\t\t\t\t\t\t\t\t\t\t\t<li>\n\t\t\t\t\t\t\t<a href=\"#die-quoten-der-champions-league\" data-bt-toc-item=\"die-quoten-der-champions-league\"\n\t\t\t\t\t\t\t\t @click=\"show_toc = false\"\n\t\t\t\t\t\t\t\t class=\"block px-4 py-2 text-black border-l-4 border-solid border-transparent hover:border-red-100 transition-all hover:!border-b-0 hover:font-bold\">\nDie Quoten der Champions League\n<\/a>\n\t\t\t\t\t\t<\/li>\n\t\t\t\t\t\t\t\t\t\t\t<li>\n\t\t\t\t\t\t\t<a href=\"#so-funktioniert-die-champions-league\" data-bt-toc-item=\"so-funktioniert-die-champions-league\"\n\t\t\t\t\t\t\t\t @click=\"show_toc = false\"\n\t\t\t\t\t\t\t\t class=\"block px-4 py-2 text-black border-l-4 border-solid border-transparent hover:border-red-100 transition-all hover:!border-b-0 hover:font-bold\">\nSo Funktioniert die Champions League\n<\/a>\n\t\t\t\t\t\t<\/li>\n\t\t\t\t\t\t\t\t\t\t\t<li>\n\t\t\t\t\t\t\t<a href=\"#welche-phase-der-champions-league-hat-die-besten-quoten\" data-bt-toc-item=\"welche-phase-der-champions-league-hat-die-besten-quoten\"\n\t\t\t\t\t\t\t\t @click=\"show_toc = false\"\n\t\t\t\t\t\t\t\t class=\"block px-4 py-2 text-black border-l-4 border-solid border-transparent hover:border-red-100 transition-all hover:!border-b-0 hover:font-bold\">\nWelche Phase der Champions League hat die Besten Quoten?\n<\/a>\n\t\t\t\t\t\t<\/li>\n\t\t\t\t\t\t\t\t\t\t\t<li>\n\t\t\t\t\t\t\t<a href=\"#dies-sind-die-beliebtesten-markte-der-champions-league\" data-bt-toc-item=\"dies-sind-die-beliebtesten-markte-der-champions-league\"\n\t\t\t\t\t\t\t\t @click=\"show_toc = false\"\n\t\t\t\t\t\t\t\t class=\"block px-4 py-2 text-black border-l-4 border-solid border-transparent hover:border-red-100 transition-all hover:!border-b-0 hover:font-bold\">\nDies Sind Die Beliebtesten M\u00e4rkte Der Champions League\n<\/a>\n\t\t\t\t\t\t<\/li>\n\t\t\t\t\t\t\t\t\t\t\t<li>\n\t\t\t\t\t\t\t<a href=\"#die-zukunftsmarkte-der-champions-league\" data-bt-toc-item=\"die-zukunftsmarkte-der-champions-league\"\n\t\t\t\t\t\t\t\t @click=\"show_toc = false\"\n\t\t\t\t\t\t\t\t class=\"block px-4 py-2 text-black border-l-4 border-solid border-transparent hover:border-red-100 transition-all hover:!border-b-0 hover:font-bold\">\nDie Zukunftsm\u00e4rkte der Champions League\n<\/a>\n\t\t\t\t\t\t<\/li>\n\t\t\t\t\t\t\t\t\t\t\t<li>\n\t\t\t\t\t\t\t<a href=\"#zusatzliche-markte\" data-bt-toc-item=\"zusatzliche-markte\"\n\t\t\t\t\t\t\t\t @click=\"show_toc = false\"\n\t\t\t\t\t\t\t\t class=\"block px-4 py-2 text-black border-l-4 border-solid border-transparent hover:border-red-100 transition-all hover:!border-b-0 hover:font-bold\">\nZus\u00e4tzliche M\u00e4rkte\n<\/a>\n\t\t\t\t\t\t<\/li>\n\t\t\t\t\t\t\t\t\t\t\t<li>\n\t\t\t\t\t\t\t<a href=\"#wichtige-informationen-fur-wetten-auf-die-champions-league\" data-bt-toc-item=\"wichtige-informationen-fur-wetten-auf-die-champions-league\"\n\t\t\t\t\t\t\t\t @click=\"show_toc = false\"\n\t\t\t\t\t\t\t\t class=\"block px-4 py-2 text-black border-l-4 border-solid border-transparent hover:border-red-100 transition-all hover:!border-b-0 hover:font-bold\">\nWichtige Informationen F\u00fcr Wetten Auf Die Champions League\n<\/a>\n\t\t\t\t\t\t<\/li>\n\t\t\t\t\t\t\t\t\t<\/ul>\n\t\t\t\t\t\t\t\t\t\t\t<\/div>\n\t\t<\/div>\n\t<\/div>\n\t\t\t\t\t<\/div>\n\t\t\t<\/div>\n\t\t<\/div>\n\t<\/div>\n<\/div>\n\t<\/div>\n<\/div>\n\n","protected":false},"excerpt":{"rendered":"","protected":false},"author":6,"featured_media":441,"parent":0,"menu_order":1000,"comment_status":"closed","ping_status":"closed","template":"","meta":{"footnotes":""},"tags":[],"acf":[],"_links":{"self":[{"href":"https:\/\/betting.com\/de\/wp-json\/wp\/v2\/pages\/39"}],"collection":[{"href":"https:\/\/betting.com\/de\/wp-json\/wp\/v2\/pages"}],"about":[{"href":"https:\/\/betting.com\/de\/wp-json\/wp\/v2\/types\/page"}],"author":[{"embeddable":true,"href":"https:\/\/betting.com\/de\/wp-json\/wp\/v2\/users\/6"}],"replies":[{"embeddable":true,"href":"https:\/\/betting.com\/de\/wp-json\/wp\/v2\/comments?post=39"}],"version-history":[{"count":5,"href":"https:\/\/betting.com\/de\/wp-json\/wp\/v2\/pages\/39\/revisions"}],"predecessor-version":[{"id":6130,"href":"https:\/\/betting.com\/de\/wp-json\/wp\/v2\/pages\/39\/revisions\/6130"}],"wp:featuredmedia":[{"embeddable":true,"href":"https:\/\/betting.com\/de\/wp-json\/wp\/v2\/media\/441"}],"wp:attachment":[{"href":"https:\/\/betting.com\/de\/wp-json\/wp\/v2\/media?parent=39"}],"wp:term":[{"taxonomy":"post_tag","embeddable":true,"href":"https:\/\/betting.com\/de\/wp-json\/wp\/v2\/tags?post=39"}],"curies":[{"name":"wp","href":"https:\/\/api.w.org\/{rel}","templated":true}]}}