{"id":34,"date":"2022-06-14T21:42:32","date_gmt":"2022-06-14T21:42:32","guid":{"rendered":"https:\/\/betting.com\/de\/?page_id=34"},"modified":"2023-08-02T12:31:09","modified_gmt":"2023-08-02T12:31:09","slug":"quoten","status":"publish","type":"page","link":"https:\/\/betting.com\/de\/belgischen-first-division-a\/quoten","title":{"rendered":"Belgischen First Division A Quoten"},"content":{"rendered":"<div class=\" container-white py-8\">\n\t<div class=\"wp-block-container-toc  \">\n\t\t\t<div class=\"bg-white\">\n\t<div class=\"flex flex-col-reverse lg:flex-row lg:gap-8 py-10\">\n\t\t<article class=\"max-w-[960px] flex-grow\" data-bt-content>\n\t\t\t\n<h2 class=\"wp-block-heading\" id=\"die-quoten-der-belgischen-first-division-a-verstehen\">Die Quoten der Belgischen First Division A Verstehen<\/h2>\n\n\n\n<p>Die belgische Division A Quoten bieten eine hervorragende M\u00f6glichkeit f\u00fcr Akkumulatoren-Wetten. F\u00fcr Wettspieler, die ein oder zwei Wetten ben\u00f6tigen, um ihren Wettschein zu vervollst\u00e4ndigen, bietet die Division A eine perfekte Ausgangslage.&nbsp;<\/p>\n\n\n\n<p>An fast jedem Spieltag der belgischen Division A lassen sich \u201csichere\u201d Wetten vorfinden, die man nutzen kann, um einen Akkumulatoren-Wettschein tiefer zu gestalten. Viele Wettspieler nutzen die belgische Division A jedoch nicht nur f\u00fcr Akkumulatoren-Wetten und schlie\u00dfen auch Wetten auf andere M\u00e4rkte ab.&nbsp;<\/p>\n\n\n\n<p>Oft verbringen die Buchmacher zu viel Zeit mit den gro\u00dfen Fu\u00dfballligen der Welt wie zum Beispiel der Premier League, Bundesliga, La Liga etc. und vernachl\u00e4ssigen dabei die Quoten der weniger popul\u00e4ren Ligen wie die belgische Division A.&nbsp;<\/p>\n\n\n\n<p>Dies bedeutet, dass man auf diese Ligen oftmals \u00fcberraschende Quoten vorfindet. Wenn du dich mit der Division A befasst, dann hast du bereits eine sehr gute Ausgangsposition, um hervorragende Wetten abzuschlie\u00dfen.&nbsp;<\/p>\n\n\n\n<p>Wenn du dich mit der Division A jedoch nicht so gut auskennst, dann solltest du dich nach einem Tippgeber umsehen. Ein Tippgeber kann dir dabei helfen, Trends der Liga und Mannschaften zu erkennen und bietet dir zus\u00e4tzlich eine seri\u00f6se Informationsquelle f\u00fcr deine Wetten.&nbsp;<\/p>\n\n\n\n<p>Vorausgesetzt, es handelt sich um einen seri\u00f6sen Tippgeber. Auch auf unsere Webseite findest du Tippgeber, die ihre Tipps ver\u00f6ffentlichen.<\/p>\n\n\n\n<h2 class=\"wp-block-heading\" id=\"die-beliebtesten-wettmarkte-der-belgischen-first-division-a\">Die Beliebtesten Wettm\u00e4rkte der Belgischen First Division A<\/h2>\n\n\n\n<p><strong>&#8211; Spielergebnis (1&#215;2)<\/strong> &#8211; Hier wird auf den Ausgang des Spiels gewettet. In der belgischen First Division A w\u00e4re dies Sieg, Niederlage oder Unentschieden nach Spielende.<\/p>\n\n\n\n<p><strong>&#8211; \u00dcber\/Unter Tore<\/strong> &#8211; Hier geben die Buchmacher eine Dezimalzahl wie zum Beispiel 3.5 oder 4.5 an, die die Tore reflektieren sollen und deine Aufgabe ist es darauf zu wetten, ob mehr oder weniger Tore als diese Anzahl geschossen werden.&nbsp;<\/p>\n\n\n\n<p><strong>&#8211; Handicap <\/strong>&#8211; Bei Handicap Wetten wird darauf gewettet, um wie viel Tore die st\u00e4rkere Mannschaft gewinnen wird.<\/p>\n\n\n\n<h2 class=\"wp-block-heading\" id=\"weitere-beliebte-wettmarkte\">Weitere beliebte Wettm\u00e4rkte<\/h2>\n\n\n\n<p>Neben den Standardwetten und den Zukunftswetten, die du auf die belgische First Division A abschlie\u00dfen kannst, hast du auch die M\u00f6glichkeit, auf andere M\u00e4rkte zu wetten wie zum Beispiel Ecken, Gelbe und Rote Karten, Fouls oder welche Mannschaft das erste Tor erzielen wird.&nbsp;<\/p>\n\n\n\n<p>Diese M\u00e4rkte sind jedoch oft sehr schwer vorherzusagen, deshalb solltest du hier speziell bei Akkumulatoren Wetten vorsichtig sein. Diese Wetten k\u00f6nnen jedoch auch sehr lukrativ sein, wenn du gut informiert bist.&nbsp;<\/p>\n\n\n\n<p>Wenn du zum Beispiel beobachtet, dass eine bestimmte Mannschaft in der Division A eine hohe Anzahl an Ecken hat oder \u00fcber einen Spieler verf\u00fcgt, der st\u00e4ndig mit Gelben Karten verwarnt wird, dann w\u00e4ren das sehr gute M\u00e4rkte, auf die du eine Wette platzieren solltest.<\/p>\n\n\n\n<p>Welche Spieler in einer Partie ein Tor schie\u00dfen, ist eine weitere beliebte Wette unter Wettspielern<\/p>\n\n\n\n<h2 class=\"wp-block-heading\" id=\"die-zukunftsmarkte-der-belgischen-first-division-a\">Die Zukunftsm\u00e4rkte der Belgischen First Division A<\/h2>\n\n\n\n<p>Auch Zukunftswetten sind auf die belgische First Division A sehr beleibt. Die g\u00e4ngigste Zukunftswette ist definitiv auf die Meistermannschaft zu wetten, die am Saisonende den Titel holen wird. Diese Wetten k\u00f6nnen sehr rentable sein.&nbsp;<\/p>\n\n\n\n<p>Speziell am Anfang der Saison sind auf diese M\u00e4rkte sehr gute Quoten vorzufinden, denn zu diesem Zeitpunkt ist es f\u00fcr die Buchmacher oft noch schwierig, die Mannschaften einzusch\u00e4tzen.&nbsp;<\/p>\n\n\n\n<p>Selbstverst\u00e4ndlich kann auch darauf gewettet werden, welche Mannschaft in die Zweite Liga absteigt oder welcher Spieler die meisten Tore erzielen wird.&nbsp;<\/p>\n\n\n\n<h2 class=\"wp-block-heading\" id=\"wichtige-hilfsmittel-fur-wetten-auf-die-belgische-first-division-a\">Wichtige Hilfsmittel f\u00fcr Wetten auf die Belgische First Division A<\/h2>\n\n\n\n<p><strong>Portugal, Niederlande, Belgien:<\/strong> Unsere Recherchen zeigen, die beste Kombination f\u00fcr eine Akkumulatoren-Wette, die keine Wetten der gro\u00dfen Ligen beinhaltet, sind Wetten in Kombination auf die Ligen Portugal, Niederlande und Belgien.&nbsp;<\/p>\n\n\n\n<p><strong>Verfolge deine Wetten<\/strong>: Um herauszufinden, ob du mit deinen Wetten auf die belgische First Division A erfolgreich bist, solltest du deine Wetten genau beobachten und \u00fcberpr\u00fcfen, wo du richtige Entscheidungen getroffen hast oder wo du dir ein Fehler unterlaufen ist. Nur so kannst du deine Wettstrategie auf die Division A anpassen.&nbsp;<\/p>\n\n\n\n<p>Um deine Wetten zu verfolgen, haben wir bei Betting.com ein hervorragendes Wett-Toll entwickelt und zwar unseren Wett-Tracker. Mit unserem Wett-Tracker hast du die M\u00f6glichkeit, alle deine Wetten zu verfolgen. Mit einem \u00fcbersichtlichen Aufbau hast du alle deine Wetten auf einem Platz und du beh\u00e4ltst somit die Kontrolle.&nbsp;<\/p>\n\n\n\n<p><strong>Tippgeber:<\/strong> Viele Wettspieler verf\u00fcgen \u00fcber gro\u00dfartige Fu\u00dfballkenntnisse, wenn es um Fachwissen in den gr\u00f6\u00dferen Fu\u00dfballligen der Welt geht. In Ligen wie der belgischen First Division A ist dies jedoch nicht der Fall.&nbsp;<\/p>\n\n\n\n<p>Da die belgische Top-Liga nicht so beliebt und bekannt ist wie zum Beispiel die Premier League, befassen sich viele Wett-Spieler mit der belgischen Liga nicht.&nbsp;<\/p>\n\n\n\n<p>Dies bedeutet, dass diese Wettspieler \u00fcber wenig Fachwissen verf\u00fcgen und ihnen somit bei Wettentscheidungen die wichtigen Details und Informationen fehlen. Hier w\u00e4re es sinnvoll, wenn man sich nach einem Tippgeber umsieht, da sich gewisse Tippgeber auf die belgische First Division A spezialisiert haben und somit \u00fcber alle Informationen verf\u00fcgen, die f\u00fcr deine Wetten wichtig sind.&nbsp;<\/p>\n\n\t\t<\/article>\n\t\t<div class=\"lg:w-[300px] lg:flex-shrink-0 relative\" x-data=\"{show_toc: false}\">\n\t\t\t<div class=\"lg:sticky lg:top-4 z-30\">\n\t\t\t\t<div class=\"fixed -top-64 left-0 w-full z-50 lg:static transition-all hidden lg:block\" id=\"fixed-toc\">\n\t\t\t\t\t<div>\n\t\t\t\t<div class=\"border-b border-solid border-gray-30 text-lg font-bold lg:pt-7 max-lg:px-4 py-3 flex items-center justify-between bg-white lg:bg-transparent\">\n\t\t\tWas gibt es auf dieser Seite\n\t\t\t<button @click=\"show_toc = true\" class=\"btn btn-red-outline-white block lg:hidden\">Jump to<\/button>\n\t\t<\/div>\n\t\t\t\t<div\n\t\t\tclass=\"max-lg:fixed max-lg:top-0 max-lg:left-0 max-lg:w-screen max-lg:h-screen max-lg:bg-gray-70 max-lg:bg-opacity-75 max-lg:hidden\"\n\t\t\t:class=\"{'max-lg:hidden': !show_toc}\"\n\t\t\t@click=\"show_toc = false\"\n\t\t>\n\t\t\t<div class=\"max-lg:absolute max-lg:bottom-0 max-lg:left-0 max-lg:w-screen bg-white lg:bg-transparent\">\n\t\t\t\t\t\t\t\t<div class=\"flex lg:hidden items-center justify-between mx-4 border-b border-solid border-gray-30 pt-6 pb-2 font-bold\">\n\n\t\t\t\t\tAuf dieser Seite\n\t\t\t\t\t<button @click=\"show_toc = false\">\n\t\t\t\t\t\t<svg class=\"w-5 h-5 text-gray-100\" xmlns=\"http:\/\/www.w3.org\/2000\/svg\" fill=\"none\" stroke=\"currentColor\" stroke-width=\"1.5\" class=\"w-6 h-6\" viewBox=\"0 0 24 24\"><path stroke-linecap=\"round\" stroke-linejoin=\"round\" d=\"M6 18 18 6M6 6l12 12\"\/><\/svg>\t\t\t\t\t<\/button>\n\t\t\t\t<\/div>\n\t\t\t\t<ul id=\"toc\" class=\"mt-5 max-h-[85vh] overflow-y-auto list-none bt-scrollbars\">\n\n\t\t\t\t\t\t\t\t\t\t\t<li>\n\t\t\t\t\t\t\t<a href=\"#die-quoten-der-belgischen-first-division-a-verstehen\" data-bt-toc-item=\"die-quoten-der-belgischen-first-division-a-verstehen\"\n\t\t\t\t\t\t\t\t @click=\"show_toc = false\"\n\t\t\t\t\t\t\t\t class=\"block px-4 py-2 text-black border-l-4 border-solid border-transparent hover:border-red-100 transition-all hover:!border-b-0 hover:font-bold\">\nDie Quoten der Belgischen First Division A Verstehen\n<\/a>\n\t\t\t\t\t\t<\/li>\n\t\t\t\t\t\t\t\t\t\t\t<li>\n\t\t\t\t\t\t\t<a href=\"#die-beliebtesten-wettmarkte-der-belgischen-first-division-a\" data-bt-toc-item=\"die-beliebtesten-wettmarkte-der-belgischen-first-division-a\"\n\t\t\t\t\t\t\t\t @click=\"show_toc = false\"\n\t\t\t\t\t\t\t\t class=\"block px-4 py-2 text-black border-l-4 border-solid border-transparent hover:border-red-100 transition-all hover:!border-b-0 hover:font-bold\">\nDie Beliebtesten Wettm\u00e4rkte der Belgischen First Division A\n<\/a>\n\t\t\t\t\t\t<\/li>\n\t\t\t\t\t\t\t\t\t\t\t<li>\n\t\t\t\t\t\t\t<a href=\"#weitere-beliebte-wettmarkte\" data-bt-toc-item=\"weitere-beliebte-wettmarkte\"\n\t\t\t\t\t\t\t\t @click=\"show_toc = false\"\n\t\t\t\t\t\t\t\t class=\"block px-4 py-2 text-black border-l-4 border-solid border-transparent hover:border-red-100 transition-all hover:!border-b-0 hover:font-bold\">\nWeitere beliebte Wettm\u00e4rkte\n<\/a>\n\t\t\t\t\t\t<\/li>\n\t\t\t\t\t\t\t\t\t\t\t<li>\n\t\t\t\t\t\t\t<a href=\"#die-zukunftsmarkte-der-belgischen-first-division-a\" data-bt-toc-item=\"die-zukunftsmarkte-der-belgischen-first-division-a\"\n\t\t\t\t\t\t\t\t @click=\"show_toc = false\"\n\t\t\t\t\t\t\t\t class=\"block px-4 py-2 text-black border-l-4 border-solid border-transparent hover:border-red-100 transition-all hover:!border-b-0 hover:font-bold\">\nDie Zukunftsm\u00e4rkte der Belgischen First Division A\n<\/a>\n\t\t\t\t\t\t<\/li>\n\t\t\t\t\t\t\t\t\t\t\t<li>\n\t\t\t\t\t\t\t<a href=\"#wichtige-hilfsmittel-fur-wetten-auf-die-belgische-first-division-a\" data-bt-toc-item=\"wichtige-hilfsmittel-fur-wetten-auf-die-belgische-first-division-a\"\n\t\t\t\t\t\t\t\t @click=\"show_toc = false\"\n\t\t\t\t\t\t\t\t class=\"block px-4 py-2 text-black border-l-4 border-solid border-transparent hover:border-red-100 transition-all hover:!border-b-0 hover:font-bold\">\nWichtige Hilfsmittel f\u00fcr Wetten auf die Belgische First Division A\n<\/a>\n\t\t\t\t\t\t<\/li>\n\t\t\t\t\t\t\t\t\t<\/ul>\n\t\t\t\t\t\t\t\t\t\t\t<\/div>\n\t\t<\/div>\n\t<\/div>\n\t\t\t\t\t<\/div>\n\t\t\t<\/div>\n\t\t<\/div>\n\t<\/div>\n<\/div>\n\t<\/div>\n<\/div>\n\n","protected":false},"excerpt":{"rendered":"","protected":false},"author":6,"featured_media":457,"parent":943,"menu_order":1000,"comment_status":"closed","ping_status":"closed","template":"","meta":{"footnotes":""},"tags":[],"acf":[],"_links":{"self":[{"href":"https:\/\/betting.com\/de\/wp-json\/wp\/v2\/pages\/34"}],"collection":[{"href":"https:\/\/betting.com\/de\/wp-json\/wp\/v2\/pages"}],"about":[{"href":"https:\/\/betting.com\/de\/wp-json\/wp\/v2\/types\/page"}],"author":[{"embeddable":true,"href":"https:\/\/betting.com\/de\/wp-json\/wp\/v2\/users\/6"}],"replies":[{"embeddable":true,"href":"https:\/\/betting.com\/de\/wp-json\/wp\/v2\/comments?post=34"}],"version-history":[{"count":4,"href":"https:\/\/betting.com\/de\/wp-json\/wp\/v2\/pages\/34\/revisions"}],"predecessor-version":[{"id":6128,"href":"https:\/\/betting.com\/de\/wp-json\/wp\/v2\/pages\/34\/revisions\/6128"}],"up":[{"embeddable":true,"href":"https:\/\/betting.com\/de\/wp-json\/wp\/v2\/pages\/943"}],"wp:featuredmedia":[{"embeddable":true,"href":"https:\/\/betting.com\/de\/wp-json\/wp\/v2\/media\/457"}],"wp:attachment":[{"href":"https:\/\/betting.com\/de\/wp-json\/wp\/v2\/media?parent=34"}],"wp:term":[{"taxonomy":"post_tag","embeddable":true,"href":"https:\/\/betting.com\/de\/wp-json\/wp\/v2\/tags?post=34"}],"curies":[{"name":"wp","href":"https:\/\/api.w.org\/{rel}","templated":true}]}}