{"id":30,"date":"2022-06-14T14:44:44","date_gmt":"2022-06-14T14:44:44","guid":{"rendered":"https:\/\/betting.com\/de\/?page_id=30"},"modified":"2023-08-02T12:31:09","modified_gmt":"2023-08-02T12:31:09","slug":"quoten","status":"publish","type":"page","link":"https:\/\/betting.com\/de\/allsvenskan\/quoten","title":{"rendered":"Allsvenskan Quoten"},"content":{"rendered":"<div class=\" container-white py-8\">\n\t<div class=\"wp-block-container-toc  \">\n\t\t\t<div class=\"bg-white\">\n\t<div class=\"flex flex-col-reverse lg:flex-row lg:gap-8 py-10\">\n\t\t<article class=\"max-w-[960px] flex-grow\" data-bt-content>\n\t\t\t\n<h2 class=\"wp-block-heading\" id=\"betting-com-hat-die-beste-schwedische-allsvenskan-siegerquote\">Betting.com hat die beste schwedische Allsvenskan-Siegerquote<\/h2>\n\n\n\n<p>Betting.com hat die beste schwedische Allsvenskan-Siegerquote f\u00fcr Fu\u00dfballfans auf der ganzen Welt<\/p>\n\n\n\n<p>Wenn man nach den Wettquoten f\u00fcr den Sieg einer bestimmten Allsvenskan-Mannschaft sucht, sucht man eigentlich nach den Quoten f\u00fcr einen Rundumsieg dieser Mannschaft. Betting.com vergleicht die Quoten der Allsvenskan-Sieger mehrerer renommierter Sportwettenunternehmen.<\/p>\n\n\n\n<p>Auf diese Weise kann Betting.com die besten Quoten f\u00fcr jede Mannschaft anzeigen, die die Allsvenskan auf Anhieb gewinnt, so dass Sie ihre potenziellen Gewinne maximieren k\u00f6nnen.<\/p>\n\n\n\n<p>Wenn Sie den Anbieter mit den h\u00f6chsten potenziellen Renditen f\u00fcr Ihre Auswahl gefunden haben, suchen Sie nach Sportwetten-Boni, die dieser Anbieter oder die anderen, bei uns aufgef\u00fchrten Unternehmen anbieten.<\/p>\n\n\n\n<h3 class=\"wp-block-heading\" id=\"quoten-der-schwedischen-allsvenskan-geschichtlicher-hintergrund\">Quoten der schwedischen Allsvenskan: Geschichtlicher Hintergrund<\/h3>\n\n\n\n<p>Die Allsvenskan wurde 1924 gegr\u00fcndet. Alle Heimspiele werden in Schweden ausgetragen. Die Konf\u00f6deration f\u00fcr diese Liga ist die UEFA und insgesamt gibt es 16 einzelne Fu\u00dfballmannschaften, die in dieser Liga \u2013 der Nr. 1 der Ligenpyramide \u2013 spielen. Wenn eine Mannschaft aus dieser Liga ausscheidet, steigt sie in den Superettan ab.<\/p>\n\n\n\n<p>Im Rahmen der Pokalheimspiele wird auch der Svenska Cupen ausgetragen. Die Mannschaften dieser Liga k\u00f6nnen, sofern sie sich qualifizieren, auch um internationale Pokale spielen, darunter in der Champions League und in der UEFA Europa League.<\/p>\n\n\n\n<p>Der aktuelle Meister zum Zeitpunkt der Erstellung dieses Leitfadens ist Malm\u00f6 FF. Sie haben damit ihren 25. Titel gewonnen \u2013 womit sie, was die Anzahl der gewonnenen Titel anbelangt, ebenfalls ganz an der Spitze stehen.<\/p>\n\n\n\n<h3 class=\"wp-block-heading\" id=\"quoten-der-schwedischen-allsvenskan-schwedische-allsvenskan-futures-und-ante-post-markte-erklart\">Quoten der schwedischen Allsvenskan: Schwedische Allsvenskan Futures- und Ante-Post-M\u00e4rkte erkl\u00e4rt<\/h3>\n\n\n\n<p>Allsvenskan Outright-Wetten sind bei Weitem der beliebteste Markt f\u00fcr Allsvenskan-Futures-Wetten. Futures-M\u00e4rkte, auch Ante-Post-M\u00e4rkte genannt, sind jene, bei denen die Wette auf ein l\u00e4ngerfristiges Ergebnis \u00fcber den Verlauf einer ganzen Saison und nicht nur eines einzelnen Spiels abgegeben wird.<\/p>\n\n\n\n<p>Im Allgemeinen werden die h\u00f6chsten Auszahlungsquoten f\u00fcr Direkt- und Futures-Wettm\u00e4rkte vor Beginn der Saison erzielt.<\/p>\n\n\n\n<p>Je weiter die Allsvenskan-Saison fortschreitet und je mehr bestimmte Mannschaften in der Rangliste aufsteigen, w\u00e4hrend andere fallen, desto geringer werden die Quoten und desto weniger bringt die Mannschaft, die den Pokal schlussendlich mit nach Hause nehmen kann.<\/p>\n\n\n\n<h3 class=\"wp-block-heading\" id=\"wie-werden-die-quoten-der-schwedischen-allsvenskan-durch-europaische-wettbewerbe-und-abstiege-bestimmt\">Wie werden die Quoten der schwedischen Allsvenskan durch europ\u00e4ische Wettbewerbe und Abstiege bestimmt?<\/h3>\n\n\n\n<p>Diese Frage stellen wir uns t\u00e4glich und wir k\u00f6nnen verstehen, warum die Spieler durch diese beiden Faktoren beunruhigt sind. Wenn es um den Abstieg geht, werden Sie immer auf saftige Quoten sto\u00dfen.<\/p>\n\n\n\n<p>Um sicherzugehen, dass Sie nicht einfach von den Zahlen geblendet sind, \u00fcberpr\u00fcfen Sie Ihre Wettstatistiken, aber nur f\u00fcr Mannschaften, die vom Abstieg bedroht sind. Auf diese Weise erhalten Sie eine gute Vorstellung davon, ob Sie darauf eine Wette abschlie\u00dfen sollten oder nicht.<\/p>\n\n\n\n<h2 class=\"wp-block-heading\" id=\"einblicke-von-betting-com\">Einblicke von Betting.com<\/h2>\n\n\n\n<p>Um herauszufinden, warum dies der Fall ist, haben wir sie \u00fcber eine Saison lang studiert und einige wichtige Tipps zusammengestellt, die Ihnen helfen k\u00f6nnen, die Quoten der schwedischen Allsvenskan zu verstehen:<\/p>\n\n\n\n<ul><li>Unsere Untersuchungen haben gezeigt, dass Wett-Liebhaber, die Geld auf die schwedische Allsvenskan wetten (wobei der Tipp von einem seri\u00f6sen Tipster stammt, um 56 % mehr gewinnen als jene, die dies nicht tun.<\/li><\/ul>\n\n\n\n<ul><li>Fu\u00dfballprognosen sind nur n\u00fctzlich, wenn Sie Ihre Wettstatistiken auch verfolgen. Dies hilft ihnen, ihre Bankroll effektiver zu verwalten sowie unerw\u00fcnschte Vorkommnisse zu erkennen und sofort zu eliminieren.<\/li><\/ul>\n\n\n\n<ul><li>Gro\u00dfe Transfers bringen nicht immer die gew\u00fcnschten Ergebnisse, seien Sie also vorsichtig bei hohen Wetteins\u00e4tzen. Wenn ein namhafter Spieler nach Schweden wechselt, gibt es wahrscheinlich einen Grund, warum er es anderswo nicht geschafft hat.<\/li><\/ul>\n\n\n\n<ul><li>\u00c4ndern Sie nicht Ihre gesamte Einsatzstrategie wegen eines einzigen Transfers. Warten Sie ab und werden Sie dann aktiv.<\/li><\/ul>\n\n\t\t<\/article>\n\t\t<div class=\"lg:w-[300px] lg:flex-shrink-0 relative\" x-data=\"{show_toc: false}\">\n\t\t\t<div class=\"lg:sticky lg:top-4 z-30\">\n\t\t\t\t<div class=\"fixed -top-64 left-0 w-full z-50 lg:static transition-all hidden lg:block\" id=\"fixed-toc\">\n\t\t\t\t\t<div>\n\t\t\t\t<div class=\"border-b border-solid border-gray-30 text-lg font-bold lg:pt-7 max-lg:px-4 py-3 flex items-center justify-between bg-white lg:bg-transparent\">\n\t\t\tWas gibt es auf dieser Seite\n\t\t\t<button @click=\"show_toc = true\" class=\"btn btn-red-outline-white block lg:hidden\">Jump to<\/button>\n\t\t<\/div>\n\t\t\t\t<div\n\t\t\tclass=\"max-lg:fixed max-lg:top-0 max-lg:left-0 max-lg:w-screen max-lg:h-screen max-lg:bg-gray-70 max-lg:bg-opacity-75 max-lg:hidden\"\n\t\t\t:class=\"{'max-lg:hidden': !show_toc}\"\n\t\t\t@click=\"show_toc = false\"\n\t\t>\n\t\t\t<div class=\"max-lg:absolute max-lg:bottom-0 max-lg:left-0 max-lg:w-screen bg-white lg:bg-transparent\">\n\t\t\t\t\t\t\t\t<div class=\"flex lg:hidden items-center justify-between mx-4 border-b border-solid border-gray-30 pt-6 pb-2 font-bold\">\n\n\t\t\t\t\tAuf dieser Seite\n\t\t\t\t\t<button @click=\"show_toc = false\">\n\t\t\t\t\t\t<svg class=\"w-5 h-5 text-gray-100\" xmlns=\"http:\/\/www.w3.org\/2000\/svg\" fill=\"none\" stroke=\"currentColor\" stroke-width=\"1.5\" class=\"w-6 h-6\" viewBox=\"0 0 24 24\"><path stroke-linecap=\"round\" stroke-linejoin=\"round\" d=\"M6 18 18 6M6 6l12 12\"\/><\/svg>\t\t\t\t\t<\/button>\n\t\t\t\t<\/div>\n\t\t\t\t<ul id=\"toc\" class=\"mt-5 max-h-[85vh] overflow-y-auto list-none bt-scrollbars\">\n\n\t\t\t\t\t\t\t\t\t\t\t<li>\n\t\t\t\t\t\t\t<a href=\"#betting-com-hat-die-beste-schwedische-allsvenskan-siegerquote\" data-bt-toc-item=\"betting-com-hat-die-beste-schwedische-allsvenskan-siegerquote\"\n\t\t\t\t\t\t\t\t @click=\"show_toc = false\"\n\t\t\t\t\t\t\t\t class=\"block px-4 py-2 text-black border-l-4 border-solid border-transparent hover:border-red-100 transition-all hover:!border-b-0 hover:font-bold\">\nBetting.com hat die beste schwedische Allsvenskan-Siegerquote\n<\/a>\n\t\t\t\t\t\t<\/li>\n\t\t\t\t\t\t\t\t\t\t\t<li>\n\t\t\t\t\t\t\t<a href=\"#einblicke-von-betting-com\" data-bt-toc-item=\"einblicke-von-betting-com\"\n\t\t\t\t\t\t\t\t @click=\"show_toc = false\"\n\t\t\t\t\t\t\t\t class=\"block px-4 py-2 text-black border-l-4 border-solid border-transparent hover:border-red-100 transition-all hover:!border-b-0 hover:font-bold\">\nEinblicke von Betting.com\n<\/a>\n\t\t\t\t\t\t<\/li>\n\t\t\t\t\t\t\t\t\t<\/ul>\n\t\t\t\t\t\t\t\t\t\t\t<\/div>\n\t\t<\/div>\n\t<\/div>\n\t\t\t\t\t<\/div>\n\t\t\t<\/div>\n\t\t<\/div>\n\t<\/div>\n<\/div>\n\t<\/div>\n<\/div>\n\n","protected":false},"excerpt":{"rendered":"","protected":false},"author":6,"featured_media":434,"parent":989,"menu_order":1000,"comment_status":"closed","ping_status":"closed","template":"","meta":{"footnotes":""},"tags":[],"acf":[],"_links":{"self":[{"href":"https:\/\/betting.com\/de\/wp-json\/wp\/v2\/pages\/30"}],"collection":[{"href":"https:\/\/betting.com\/de\/wp-json\/wp\/v2\/pages"}],"about":[{"href":"https:\/\/betting.com\/de\/wp-json\/wp\/v2\/types\/page"}],"author":[{"embeddable":true,"href":"https:\/\/betting.com\/de\/wp-json\/wp\/v2\/users\/6"}],"replies":[{"embeddable":true,"href":"https:\/\/betting.com\/de\/wp-json\/wp\/v2\/comments?post=30"}],"version-history":[{"count":5,"href":"https:\/\/betting.com\/de\/wp-json\/wp\/v2\/pages\/30\/revisions"}],"predecessor-version":[{"id":6127,"href":"https:\/\/betting.com\/de\/wp-json\/wp\/v2\/pages\/30\/revisions\/6127"}],"up":[{"embeddable":true,"href":"https:\/\/betting.com\/de\/wp-json\/wp\/v2\/pages\/989"}],"wp:featuredmedia":[{"embeddable":true,"href":"https:\/\/betting.com\/de\/wp-json\/wp\/v2\/media\/434"}],"wp:attachment":[{"href":"https:\/\/betting.com\/de\/wp-json\/wp\/v2\/media?parent=30"}],"wp:term":[{"taxonomy":"post_tag","embeddable":true,"href":"https:\/\/betting.com\/de\/wp-json\/wp\/v2\/tags?post=30"}],"curies":[{"name":"wp","href":"https:\/\/api.w.org\/{rel}","templated":true}]}}