{"id":275,"date":"2022-06-16T08:59:26","date_gmt":"2022-06-16T08:59:26","guid":{"rendered":"https:\/\/betting.com\/de\/?page_id=275"},"modified":"2023-08-02T12:31:07","modified_gmt":"2023-08-02T12:31:07","slug":"tipps","status":"publish","type":"page","link":"https:\/\/betting.com\/de\/oesterreichische-bundesliga\/tipps","title":{"rendered":"\u00d6sterreichische 1. Bundesliga Wett Tipps"},"content":{"rendered":"<div class=\" container-white py-8\">\n\t<div class=\"wp-block-container-toc  \">\n\t\t\t<div class=\"bg-white\">\n\t<div class=\"flex flex-col-reverse lg:flex-row lg:gap-8 py-10\">\n\t\t<article class=\"max-w-[960px] flex-grow\" data-bt-content>\n\t\t\t\n<h2 class=\"wp-block-heading\" id=\"osterreichische-1-bundesliga-wettipps-fur-die-heutigen-veranstaltungen\">\u00d6sterreichische 1. Bundesliga-Wettipps f\u00fcr die heutigen Veranstaltungen<\/h2>\n\n\n\n<p>Um die Buchmacher zu schlagen, kommt es immer darauf an, die besten Informationen zu haben und dem Spiel immer einen Schritt voraus zu sein. Dies kann durch statistisches Wissen, Spielanalysen oder detaillierte Recherchen erreicht werden, und mit unseren Wett Tipps k\u00f6nnen Sie all diese Elemente zusammenfassen.<\/p>\n\n\n\n<p>Bei Betting.com finden Sie Tipps f\u00fcr die \u00f6sterreichische Bundesliga, die sowohl von unseren Experten als auch von unseren 100% verifizierten Tippern abgegeben werden. Da die \u00f6sterreichische Bundesliga ein sehr beliebter Wettmarkt ist, k\u00f6nnen Sie t\u00e4glich an Wett Tipps teilnehmen, die Ihnen helfen k\u00f6nnen, die Buchmacher zu \u00fcberbieten.<\/p>\n\n\n\n<p>Wetttipps f\u00fcr die \u00f6sterreichische Bundesliga k\u00f6nnen eine gute M\u00f6glichkeit sein, um mit Wetten auf diese Liga zu beginnen, oder falls Sie neu sind, Ihre Informationen und Ihr Wissen als Experte zu erweitern.&nbsp;<\/p>\n\n\n\n<p>Unsere Tipper verf\u00fcgen \u00fcber umfassendes Wissen bez\u00fcglich der Mannschaften und Spieler der Liga und nat\u00fcrlich auch \u00fcber alle relevanten Statistiken, die ben\u00f6tigen werden.<\/p>\n\n\n\n<h2 class=\"wp-block-heading\" id=\"fussball-wett-tipps-fur-die-osterreichische-bundesliga-2022-23\">Fu\u00dfball Wett Tipps f\u00fcr die \u00f6sterreichische Bundesliga 2022\/23<\/h2>\n\n\n\n<p>Zwar hat die \u00f6sterreichische Bundesliga nicht den gleichen Stellenwert wie ihre deutschen Nachbarn, aber sie geh\u00f6rt dennoch zu den h\u00f6herklassigen Ligen in Europa und kann mit ihren Vereinen, die den Wettbewerb oft in Europa vertreten, durchaus mithalten, wenn es um Aktivit\u00e4ten auf dem europ\u00e4ischen Kontinent geht.<\/p>\n\n\n\n<p>Die Vereine in \u00d6sterreich k\u00fcmmern sich jedoch eher um die heimischen Angelegenheiten, und ihre Version der Bundesliga ist ebenso hart umk\u00e4mpft wie die in Deutschland.<\/p>\n\n\n\n<p>Genau wie das deutsche Modell kann sich auch diese Variante der Bundesliga auf die leidenschaftliche Unterst\u00fctzung ihrer Fans verlassen, deren Stadien oft dicht gedr\u00e4ngt sind und die die Zuschauer lautstark anfeuern.<\/p>\n\n\n\n<p>Bei zw\u00f6lf Mannschaften, die in jeder Saison in der h\u00f6chsten Spielklasse spielen, besteht die erste Herausforderung darin, nicht unter den letzten sechs der regul\u00e4ren Saison zu landen.<\/p>\n\n\n\n<p>Denn genau wie in der Schottischen Premiership gibt es am Ende der Saison eine Aufteilung, bei der die besten sechs Mannschaften in die Meisterschaftsrunde einziehen und die restlichen sechs in die Abstiegsrunde.<\/p>\n\n\n\n<p>Vor der Teilung spielt jede Mannschaft im Gegensatz zur schottischen Liga nur zweimal gegeneinander (einmal zu Hause und einmal ausw\u00e4rts), d. h. es gibt 22 regul\u00e4re Saisonspiele, von denen weitere 10 Spiele in den jeweiligen Gruppen am Saisonende ausgetragen werden.<\/p>\n\n\n\n<p>Ebenfalls anders als in Schottland behalten die Vereine nach dem Split nicht ihr volles Punktekontingent, was bedeutet, dass die Punkte jedes der 12 Teams halbiert (und gegebenenfalls abgerundet) werden, was dann die neue Ausgangszahl f\u00fcr die letzten 10 Spielzeiten ist.<\/p>\n\n\n\n<p><em>\u201cInsgesamt werden in der Saison 32 Spiele ausgetragen, wobei der Sieger der Meisterschaftsgruppe zum Meister gek\u00fcrt wird und der Tabellenletzte der Relegationsgruppe in die zweite Liga absteigt.\u201d<\/em><\/p>\n\n\n\n<p>Theoretisch sollte dies in jeder Saison zu gro\u00dfer Dramatik f\u00fchren, da das Titelrennen bis zur letzten Sekunde spannend bleibt. In den letzten acht Ausgaben der \u00f6sterreichischen Bundesliga war dies jedoch nicht der Fall, denn Red Bull Salzburg war jedes Jahr die dominierende Kraft.<\/p>\n\n\n\n<h2 class=\"wp-block-heading\" id=\"wer-sind-die-besten-buchmacher-fur-die-osterreichische-bundesliga\">Wer sind die besten Buchmacher f\u00fcr die \u00f6sterreichische Bundesliga?<\/h2>\n\n\n\n<p>Die \u00d6sterreichische Bundesliga hat eine respektable Fangemeinde in ganz Europa, was bedeutet, dass eine breite Palette von angesehenen Buchmachern Quoten auf den Wettbewerb angeboten wird. Dar\u00fcber hinaus empfehlen wir Ihnen, bei der Wahl eines Buchmachers f\u00fcr Wetten auf die \u00f6sterreichische Bundesliga einen Bonus zu w\u00e4hlen, der zu Ihnen passt, oder eine spezielle Aktion zu finden, von der Sie profitieren k\u00f6nnen.<\/p>\n\n\n\n<p>F\u00fcr alle empfohlenen Buchmacher k\u00f6nnen wir b\u00fcrgen, darunter auch jene, die Sie weiter unten finden. Wenn Sie es vorziehen, k\u00f6nnen Sie auch zu unserem Buchmacher-Bereich gehen, wo Sie die aktuellen Willkommensboni und Aktionen sehen und unsere ausf\u00fchrlichen Bewertungen lesen k\u00f6nnen.<\/p>\n\n\n\n<h2 class=\"wp-block-heading\" id=\"wie-entstehen-unsere-wett-tipps\">Wie entstehen unsere Wett Tipps?<\/h2>\n\n\n\n<p>Zugegeben, die Wetten auf den mehrj\u00e4hrigen Meister sind nicht besonders lukrativ. Allerdings k\u00f6nnte man argumentieren, dass es sich gleichzeitig um eine sichere Wette handelt.<\/p>\n\n\n\n<p>Wer das Maximum aus seinen Wetten auf die \u00f6sterreichische Bundesliga herausholen m\u00f6chte, hat die M\u00f6glichkeit, einladende Quoten zu erzielen, da die Spiele, an denen der Meister nicht beteiligt ist, in beide Richtungen gehen k\u00f6nnen.<\/p>\n\n\n\n<p>Da es nur 12 Mannschaften im Wettbewerb gibt, ist die Volatilit\u00e4t der Ergebnisse sehr hoch, und da die anderen 11 Mannschaften (mit Ausnahme von Red Bull Salzburg) Punkte liegen lassen, k\u00f6nnen sich die richtigen Vorhersagen schnell in Gewinne verwandeln.<\/p>\n\n\n\n<p>Der Schl\u00fcssel zum Erfolg bei Wetten auf die \u00f6sterreichische Bundesliga sind Expertenwissen und Wett Tipps, die auf gut recherchierten statistischen Daten beruhen, und je mehr Informationen Sie in die H\u00e4nde bekommen k\u00f6nnen, desto gr\u00f6\u00dfer ist Ihre Chance, fundierte Wetten abzuschlie\u00dfen.<\/p>\n\n\n\n<p>Unabh\u00e4ngig davon, ob die Liga f\u00fcr Sie neu ist oder ob Sie bereits unseren verifizierten Tippern und internen Experten folgen, werden sie Ihnen wertvolle Hinweise geben k\u00f6nnen. Sie k\u00f6nnen ihren Vorhersagen folgen, indem Sie sich auf ihr Wissen verlassen oder die detaillierten Recherchen unterst\u00fctzen, die Sie bereits angestellt haben.<\/p>\n\n\n\n<h3 class=\"wp-block-heading\" id=\"fur-welche-spiele-der-osterreichischen-bundesliga-werden-tipps-angeboten\">F\u00fcr welche Spiele der \u00f6sterreichischen Bundesliga werden Tipps angeboten?<\/h3>\n\n\n\n<p>Alle unsere Tipper und Experten arbeiten mit fundierten statistischen Kenntnissen \u00fcber die \u00f6sterreichische Bundesliga und verf\u00fcgen \u00fcber einen gro\u00dfen Erfahrungsschatz, wenn es um Wetten auf diese Liga geht. Folglich bevorzugen sie keine Wetten auf bestimmte Mannschaften oder Spiele und sind nicht von pers\u00f6nlichen oder fr\u00fcheren Vorurteilen beeinflusst.<\/p>\n\n\n\n<p>Vielmehr st\u00fctzen sie sich bei ihren Wetttipps auf gut recherchierte Statistiken und Daten, was dazu f\u00fchrt, dass alle M\u00e4rkte relevant und von Interesse f\u00fcr diejenigen sind, die vor dem n\u00e4chsten Wett-Wochenende weitere Erkenntnisse gewinnen m\u00f6chten.<\/p>\n\n\n\n<p><em>\u201cAufgrund der gro\u00dfen Beliebtheit der \u00f6sterreichischen Bundesliga bei Wettenden auf der ganzen Welt k\u00f6nnen Sie erwarten, dass Sie Wett Tipps f\u00fcr eine Vielzahl von Spielen der \u00f6sterreichischen Bundesliga sehen werden, und jede Runde der \u00f6sterreichischen Bundesliga wird normalerweise durch mehrere Wett Tipps pro Spieltag abgedeckt.\u201d<\/em><\/p>\n\n\n\n<h3 class=\"wp-block-heading\" id=\"wie-haufig-bieten-wir-tipps-aus-der-osterreichischen-bundesliga-an\">Wie h\u00e4ufig bieten wir Tipps aus der \u00f6sterreichischen Bundesliga an?<\/h3>\n\n\n\n<p>Wie bereits oben erw\u00e4hnt, sind Wetttipps f\u00fcr die \u00f6sterreichische Bundesliga sehr gut abgedeckt, und f\u00fcr alle Spielrunden gibt es eine gro\u00dfe Anzahl von Vorhersagen. Unsere Tipper lieben es, auf den \u00f6sterreichischen Fu\u00dfball im Allgemeinen zu wetten, sodass es f\u00fcr das Spiel, f\u00fcr welches Sie sich interessieren, in den meisten F\u00e4llen einen Wett Tipp gibt.<\/p>\n\n\n\n<p>Selbst unsere hauseigenen Experten bei Betting.com scheuen sich nicht davor, die \u00f6sterreichische Bundesliga zu tippen, die zweifellos ein st\u00e4ndiges Interesse bei den Tippern hervorruft. Daher k\u00f6nnen Sie w\u00f6chentlich gut recherchierte Spielvorschauen und Wett Tipp-Artikel aus der \u00f6sterreichischen Bundesliga erwarten.<\/p>\n\n\n\n<h2 class=\"wp-block-heading\" id=\"alles-was-sie-uber-wetten-auf-die-osterreichische-bundesliga-wissen-mussen\">Alles, was Sie \u00fcber Wetten auf die \u00f6sterreichische Bundesliga wissen m\u00fcssen<\/h2>\n\n\n\n<p>Bei fast allen Buchmachern k\u00f6nnen Sie auf die \u00f6sterreichische Bundesliga wetten, und nicht selten gibt es auch eine gro\u00dfe Auswahl an Wettm\u00e4rkten.&nbsp;<\/p>\n\n\n\n<p>Im Vergleich zu weniger popul\u00e4ren Ligen m\u00fcssen Sie sich bei Wetten auf die \u00f6sterreichische Bundesliga nur darum k\u00fcmmern, die h\u00f6chsten Quoten zu finden, und dabei wird Ihnen unser Quotenvergleich mit Sicherheit weiterhelfen.<\/p>\n\n\n\n<p>Des Weiteren lohnt es sich immer, nach einem tollen Willkommensbonus oder besonderen Aktionen Ausschau zu halten. Jedoch k\u00f6nnen Sie beruhigt sein, denn Quoten f\u00fcr die \u00f6sterreichische Bundesliga zu finden, ist beim besten Willen keine Herausforderung.<\/p>\n\n\n\n<p>Welcher Bonus ist der beste f\u00fcr meine Wetten auf die \u00f6sterreichische Bundesliga?<\/p>\n\n\n\n<p>Solange Sie auf die \u00f6sterreichische Bundesliga wetten, gibt es viele Arten von Boni. Wir haben die meisten der verf\u00fcgbaren Boni getestet und die beliebtesten sind jene, die erh\u00f6hte Quoten, Gratiswetten und Geld-zur\u00fcck-Aktionen anbieten.<\/p>\n\n\t\t<\/article>\n\t\t<div class=\"lg:w-[300px] lg:flex-shrink-0 relative\" x-data=\"{show_toc: false}\">\n\t\t\t<div class=\"lg:sticky lg:top-4 z-30\">\n\t\t\t\t<div class=\"fixed -top-64 left-0 w-full z-50 lg:static transition-all hidden lg:block\" id=\"fixed-toc\">\n\t\t\t\t\t<div>\n\t\t\t\t<div class=\"border-b border-solid border-gray-30 text-lg font-bold lg:pt-7 max-lg:px-4 py-3 flex items-center justify-between bg-white lg:bg-transparent\">\n\t\t\tWas gibt es auf dieser Seite\n\t\t\t<button @click=\"show_toc = true\" class=\"btn btn-red-outline-white block lg:hidden\">Jump to<\/button>\n\t\t<\/div>\n\t\t\t\t<div\n\t\t\tclass=\"max-lg:fixed max-lg:top-0 max-lg:left-0 max-lg:w-screen max-lg:h-screen max-lg:bg-gray-70 max-lg:bg-opacity-75 max-lg:hidden\"\n\t\t\t:class=\"{'max-lg:hidden': !show_toc}\"\n\t\t\t@click=\"show_toc = false\"\n\t\t>\n\t\t\t<div class=\"max-lg:absolute max-lg:bottom-0 max-lg:left-0 max-lg:w-screen bg-white lg:bg-transparent\">\n\t\t\t\t\t\t\t\t<div class=\"flex lg:hidden items-center justify-between mx-4 border-b border-solid border-gray-30 pt-6 pb-2 font-bold\">\n\n\t\t\t\t\tAuf dieser Seite\n\t\t\t\t\t<button @click=\"show_toc = false\">\n\t\t\t\t\t\t<svg class=\"w-5 h-5 text-gray-100\" xmlns=\"http:\/\/www.w3.org\/2000\/svg\" fill=\"none\" stroke=\"currentColor\" stroke-width=\"1.5\" class=\"w-6 h-6\" viewBox=\"0 0 24 24\"><path stroke-linecap=\"round\" stroke-linejoin=\"round\" d=\"M6 18 18 6M6 6l12 12\"\/><\/svg>\t\t\t\t\t<\/button>\n\t\t\t\t<\/div>\n\t\t\t\t<ul id=\"toc\" class=\"mt-5 max-h-[85vh] overflow-y-auto list-none bt-scrollbars\">\n\n\t\t\t\t\t\t\t\t\t\t\t<li>\n\t\t\t\t\t\t\t<a href=\"#osterreichische-1-bundesliga-wettipps-fur-die-heutigen-veranstaltungen\" data-bt-toc-item=\"osterreichische-1-bundesliga-wettipps-fur-die-heutigen-veranstaltungen\"\n\t\t\t\t\t\t\t\t @click=\"show_toc = false\"\n\t\t\t\t\t\t\t\t class=\"block px-4 py-2 text-black border-l-4 border-solid border-transparent hover:border-red-100 transition-all hover:!border-b-0 hover:font-bold\">\n\u00d6sterreichische 1. Bundesliga-Wettipps f\u00fcr die heutigen Veranstaltungen\n<\/a>\n\t\t\t\t\t\t<\/li>\n\t\t\t\t\t\t\t\t\t\t\t<li>\n\t\t\t\t\t\t\t<a href=\"#fussball-wett-tipps-fur-die-osterreichische-bundesliga-2022-23\" data-bt-toc-item=\"fussball-wett-tipps-fur-die-osterreichische-bundesliga-2022-23\"\n\t\t\t\t\t\t\t\t @click=\"show_toc = false\"\n\t\t\t\t\t\t\t\t class=\"block px-4 py-2 text-black border-l-4 border-solid border-transparent hover:border-red-100 transition-all hover:!border-b-0 hover:font-bold\">\nFu\u00dfball Wett Tipps f\u00fcr die \u00f6sterreichische Bundesliga 2022\/23\n<\/a>\n\t\t\t\t\t\t<\/li>\n\t\t\t\t\t\t\t\t\t\t\t<li>\n\t\t\t\t\t\t\t<a href=\"#wer-sind-die-besten-buchmacher-fur-die-osterreichische-bundesliga\" data-bt-toc-item=\"wer-sind-die-besten-buchmacher-fur-die-osterreichische-bundesliga\"\n\t\t\t\t\t\t\t\t @click=\"show_toc = false\"\n\t\t\t\t\t\t\t\t class=\"block px-4 py-2 text-black border-l-4 border-solid border-transparent hover:border-red-100 transition-all hover:!border-b-0 hover:font-bold\">\nWer sind die besten Buchmacher f\u00fcr die \u00f6sterreichische Bundesliga?\n<\/a>\n\t\t\t\t\t\t<\/li>\n\t\t\t\t\t\t\t\t\t\t\t<li>\n\t\t\t\t\t\t\t<a href=\"#wie-entstehen-unsere-wett-tipps\" data-bt-toc-item=\"wie-entstehen-unsere-wett-tipps\"\n\t\t\t\t\t\t\t\t @click=\"show_toc = false\"\n\t\t\t\t\t\t\t\t class=\"block px-4 py-2 text-black border-l-4 border-solid border-transparent hover:border-red-100 transition-all hover:!border-b-0 hover:font-bold\">\nWie entstehen unsere Wett Tipps?\n<\/a>\n\t\t\t\t\t\t<\/li>\n\t\t\t\t\t\t\t\t\t\t\t<li>\n\t\t\t\t\t\t\t<a href=\"#alles-was-sie-uber-wetten-auf-die-osterreichische-bundesliga-wissen-mussen\" data-bt-toc-item=\"alles-was-sie-uber-wetten-auf-die-osterreichische-bundesliga-wissen-mussen\"\n\t\t\t\t\t\t\t\t @click=\"show_toc = false\"\n\t\t\t\t\t\t\t\t class=\"block px-4 py-2 text-black border-l-4 border-solid border-transparent hover:border-red-100 transition-all hover:!border-b-0 hover:font-bold\">\nAlles, was Sie \u00fcber Wetten auf die \u00f6sterreichische Bundesliga wissen m\u00fcssen\n<\/a>\n\t\t\t\t\t\t<\/li>\n\t\t\t\t\t\t\t\t\t<\/ul>\n\t\t\t\t\t\t\t\t\t\t\t<\/div>\n\t\t<\/div>\n\t<\/div>\n\t\t\t\t\t<\/div>\n\t\t\t<\/div>\n\t\t<\/div>\n\t<\/div>\n<\/div>\n\t<\/div>\n<\/div>\n\n","protected":false},"excerpt":{"rendered":"","protected":false},"author":6,"featured_media":440,"parent":903,"menu_order":1000,"comment_status":"closed","ping_status":"closed","template":"","meta":{"footnotes":""},"tags":[],"acf":[],"_links":{"self":[{"href":"https:\/\/betting.com\/de\/wp-json\/wp\/v2\/pages\/275"}],"collection":[{"href":"https:\/\/betting.com\/de\/wp-json\/wp\/v2\/pages"}],"about":[{"href":"https:\/\/betting.com\/de\/wp-json\/wp\/v2\/types\/page"}],"author":[{"embeddable":true,"href":"https:\/\/betting.com\/de\/wp-json\/wp\/v2\/users\/6"}],"replies":[{"embeddable":true,"href":"https:\/\/betting.com\/de\/wp-json\/wp\/v2\/comments?post=275"}],"version-history":[{"count":4,"href":"https:\/\/betting.com\/de\/wp-json\/wp\/v2\/pages\/275\/revisions"}],"predecessor-version":[{"id":6196,"href":"https:\/\/betting.com\/de\/wp-json\/wp\/v2\/pages\/275\/revisions\/6196"}],"up":[{"embeddable":true,"href":"https:\/\/betting.com\/de\/wp-json\/wp\/v2\/pages\/903"}],"wp:featuredmedia":[{"embeddable":true,"href":"https:\/\/betting.com\/de\/wp-json\/wp\/v2\/media\/440"}],"wp:attachment":[{"href":"https:\/\/betting.com\/de\/wp-json\/wp\/v2\/media?parent=275"}],"wp:term":[{"taxonomy":"post_tag","embeddable":true,"href":"https:\/\/betting.com\/de\/wp-json\/wp\/v2\/tags?post=275"}],"curies":[{"name":"wp","href":"https:\/\/api.w.org\/{rel}","templated":true}]}}