{"id":273,"date":"2022-06-16T08:55:55","date_gmt":"2022-06-16T08:55:55","guid":{"rendered":"https:\/\/betting.com\/de\/?page_id=273"},"modified":"2023-08-02T12:31:07","modified_gmt":"2023-08-02T12:31:07","slug":"tipps","status":"publish","type":"page","link":"https:\/\/betting.com\/de\/tuerkische-super-lig\/tipps","title":{"rendered":"T\u00fcrkische S\u00fcper Lig Wett Tipps"},"content":{"rendered":"<div class=\" container-white py-8\">\n\t<div class=\"wp-block-container-toc  \">\n\t\t\t<div class=\"bg-white\">\n\t<div class=\"flex flex-col-reverse lg:flex-row lg:gap-8 py-10\">\n\t\t<article class=\"max-w-[960px] flex-grow\" data-bt-content>\n\t\t\t\n<h2 class=\"wp-block-heading\" id=\"turkische-super-lig-wett-tipps-fur-die-heutigen-veranstaltungen\">T\u00fcrkische&nbsp; S\u00fcper Lig-Wett Tipps f\u00fcr die heutigen Veranstaltungen<\/h2>\n\n\n\n<p>Wenn es darum geht, langfristig profitabel zu wetten, kommt es immer darauf an, die besten Informationen zu haben und dem Spiel immer einen Schritt voraus zu sein. Das kann man mit Hilfe von Statistiken, Spielanalysen oder detaillierten Recherchen erreichen. Mit unseren Wett Tipps kannst du gl\u00fccklicherweise alle diese Elemente miteinander kombinieren.<\/p>\n\n\n\n<p>Auf Betting.com findest du Tipps f\u00fcr die t\u00fcrkische S\u00fcper Lig, die sowohl von unseren Experten als auch von unseren 100% verifizierten Tippern abgegeben werden. Da die t\u00fcrkische Super Lig in ganz Europa immer beliebter wird, gibt es regelm\u00e4\u00dfig Wett Tipps, mit denen du die Buchmacher schlagen kannst.<\/p>\n\n\n\n<p>Wetttipps f\u00fcr die t\u00fcrkische S\u00fcper Lig sind eine gro\u00dfartige M\u00f6glichkeit, um mit Wetten auf die Liga zu beginnen oder deine Informationen und dein Wissen als Experte zu vertiefen. Unsere Tipper verf\u00fcgen \u00fcber fundiertes Wissen zu den Mannschaften und Spielern der Liga und nat\u00fcrlich auch \u00fcber alle relevanten Statistiken, die man braucht.<\/p>\n\n\n\n<p>In diesem Sinne schauen wir uns jetzt genauer an, wie unsere Tipps f\u00fcr die t\u00fcrkische S\u00fcper Lig dir dabei helfen k\u00f6nnen, bessere Wetten abzuschlie\u00dfen und vor allem, dabei etwas Geld zu verdienen.<\/p>\n\n\n\n<h2 class=\"wp-block-heading\" id=\"fussball-wett-tipps-fur-die-turkische-super-lig-fur-die-saison-2022-23\">Fu\u00dfball-Wett Tipps f\u00fcr die t\u00fcrkische S\u00fcper Lig f\u00fcr die Saison 2022\/23<\/h2>\n\n\n\n<p>Wenn es ein Wort gibt, das den t\u00fcrkischen Fu\u00dfball am besten beschreibt, dann ist es wohl Leidenschaft. Andererseits beschreibt Leidenschaft nicht ann\u00e4hernd die leidenschaftliche Unterst\u00fctzung, die den Vereinen in der S\u00fcper Lig zuteil wird.<\/p>\n\n\n\n<p>Solange man nicht selbst ein Spiel besucht hat, kann man nicht einsch\u00e4tzen, wie sehr diese Stadien zu einem Hexenkessel werden. Im europ\u00e4ischen Wettbewerb kann dieser L\u00e4rm oft als zus\u00e4tzlicher Spieler auf dem Spielfeld wirken.<\/p>\n\n\n\n<p>Zweifellos hat der t\u00fcrkische Fu\u00dfball den Ruf, einsch\u00fcchternd zu sein, aber es stellt sich oft die Frage, ob die Talente auf dem Spielfeld dem gerecht werden k\u00f6nnen, was von den Trib\u00fcnen gerufen wird oder nicht.<\/p>\n\n\n\n<p>Obwohl es an Abl\u00f6sesummen nicht mangelt, wird kritisiert, dass die t\u00fcrkische Super Lig das europ\u00e4ische Altersheim f\u00fcr alternde Stars ist, die ihr Gl\u00fcck nicht in der J League oder in der MLS versuchen wollen.<\/p>\n\n\n\n<p>Das bedeutet, dass einige der Namen bekannt sind, aber ihnen vielleicht das Tempo fehlt, das sie fr\u00fcher hatten. Au\u00dferdem haben diese \u00e4lteren Spieler manchmal die Angewohnheit, j\u00fcngeren Spielern den Weg in die erste Mannschaft zu versperren.<\/p>\n\n\n\n<p><em>\u201cAllerdings ist die t\u00fcrkische S\u00fcper Lig ein Wettbewerb, der nie langweilig wird und mit dem derzeitigen 18. Platz in der UEFA-Koeffizienten-Rangliste muss man sich vielleicht mehr auf die Dinge innerhalb statt au\u00dferhalb des Platzes konzentrieren.\u201d<\/em><\/p>\n\n\n\n<p>Der Spielplan ist den gro\u00dfen europ\u00e4ischen Ligen nachempfunden und besteht aus einem doppelten Hin- und R\u00fcckspiel. Dabei treten 20 Vereine in 38 Spielrunden sowohl zu Hause als auch ausw\u00e4rts gegeneinander an, ohne dass die regul\u00e4re Saison aufgeteilt wird.<\/p>\n\n\n\n<p>Bei 20 Vereinen gibt es allerdings einen kleinen Unterschied zur englischen Premier League, da in dieser Saison vier Vereine absteigen, was bis zum letzten Spieltag f\u00fcr Unterhaltung sorgen wird.<\/p>\n\n\n\n<p>Im t\u00fcrkischen Fu\u00dfball gibt es nat\u00fcrlich eine Reihe legend\u00e4rer Vereine, die in Istanbul beheimatet sind. Das sind Galatasaray, Fenerbahce und Besiktas, die zwar als die gro\u00dfen Drei gelten, wenn es um den heimischen Fu\u00dfball geht, aber nicht unbedingt alles selbst in der Hand haben.<\/p>\n\n\n\n<p>Denn jetzt erleben wir in der S\u00fcper Lig so etwas wie ein neues Zeitalter, in dem eine Reihe von Vereinen, die nicht aus Istanbul kommen, an der Spitze mitspielen. Dadurch wurde der alte Status quo unterbrochen und ein frischer Wind weht durch die t\u00fcrkische Spitzenliga.<\/p>\n\n\n\n<h2 class=\"wp-block-heading\" id=\"wer-sind-die-besten-buchmacher-fur-die-turkische-super-lig\">Wer sind die besten Buchmacher f\u00fcr die t\u00fcrkische S\u00fcper Lig?<\/h2>\n\n\n\n<p>Die t\u00fcrkische S\u00fcper Lig ist eine der angesehensten Ligen in Europa und das bedeutet, dass jeder einzelne Buchmacher Quoten f\u00fcr diese Liga anbietet. Wenn du dich f\u00fcr einen Buchmacher entscheidest, um auf die t\u00fcrkische S\u00fcper Lig zu wetten, empfehlen wir dir, einen Bonus zu w\u00e4hlen, der zu dir passt.<\/p>\n\n\n\n<p>Wir k\u00f6nnen f\u00fcr alle von uns empfohlenen Buchmacher b\u00fcrgen und du kannst einige von ihnen weiter unten sehen.&nbsp;<\/p>\n\n\n\n<p>Solltest du es vorziehen, kannst du auch zu unserer Buchmacher-Sektion gehen, wo du die aktuellen Willkommensboni und Sonderaktionen sehen und unsere ausf\u00fchrlichen Rezensionen \u00fcber sie lesen kannst.<\/p>\n\n\n\n<h2 class=\"wp-block-heading\" id=\"wie-erstellen-wir-unsere-wett-tipps\">Wie erstellen wir unsere Wett Tipps?<\/h2>\n\n\n\n<p>Wenn es um Wetten auf die t\u00fcrkische S\u00fcper Lig geht, unterscheidet sie sich nicht gro\u00dfartig von den meisten anderen europ\u00e4ischen Ligen. Obwohl es von Zeit zu Zeit die M\u00f6glichkeit gibt, einen Schock zu erleben, hat die Creme de la Creme die Angewohnheit, an die Spitze zu kommen.<\/p>\n\n\n\n<p>Das bedeutet, dass es bei einer Standard 1&#215;2 Wette wenig Sinn macht, auf eines der drei Istanbuler Kraftpakete zu setzen und dass du etwas tiefer in die Tasche greifen musst, wenn du die besten Quoten finden willst.<\/p>\n\n\n\n<p>Wenn du jedoch auf der Suche nach anderen oder zus\u00e4tzlichen Wetten f\u00fcr jede Spielwoche bist, dann sind die Torm\u00e4rkte immer ein guter Weg, den du beschreiten kannst, und mit den Over\/Under und BTTS-Angeboten, die sich als beliebt erweisen, gibt es die M\u00f6glichkeit, einen anst\u00e4ndigen Gewinn zu erzielen.<\/p>\n\n\n\n<p>Expertenwissen und Wett Tipps, die auf gut recherchierten statistischen Daten beruhen, sind der Schl\u00fcssel zum Erfolg bei Wetten auf die t\u00fcrkische S\u00fcper Lig. Je mehr Informationen du in die H\u00e4nde bekommst, desto gr\u00f6\u00dfer ist deine Chance, fundierte Wetten abzuschlie\u00dfen.<\/p>\n\n\n\n<p>Unabh\u00e4ngig davon, ob die Liga f\u00fcr dich neu ist oder du bereits unseren verifizierten Tippern und internen Experten folgst, werden sie dir wertvolle Einblicke geben k\u00f6nnen. Du kannst ihren Vorhersagen folgen, indem du entweder auf ihr Wissen vertraust oder die detaillierten Nachforschungen unterst\u00fctzt, die du bereits angestellt hast.<\/p>\n\n\n\n<h2 class=\"wp-block-heading\" id=\"fur-welche-spiele-der-turkischen-super-lig-bieten-wir-tipps-an\">F\u00fcr welche Spiele der t\u00fcrkischen S\u00fcper Lig bieten wir Tipps an?<\/h2>\n\n\n\n<p>Unsere Tipper und Experten arbeiten mit fundierten statistischen Kenntnissen \u00fcber die t\u00fcrkische S\u00fcper Lig und verf\u00fcgen \u00fcber einen gro\u00dfen Erfahrungsschatz, wenn es um Wetten auf diese Liga geht. Das bedeutet, dass sie keine Wetten auf bestimmte Mannschaften oder Spiele bevorzugen und nicht von pers\u00f6nlichen oder fr\u00fcheren Vorurteilen beeinflusst werden.<\/p>\n\n\n\n<p>Stattdessen st\u00fctzen sie sich bei ihren Wett Tipps auf gut recherchierte Statistiken und Daten, was dazu f\u00fchrt, dass alle M\u00e4rkte relevant und f\u00fcr diejenigen von Interesse sind, die vor den Wettaktivit\u00e4ten des n\u00e4chsten Wochenendes weitere Erkenntnisse gewinnen m\u00f6chten.<\/p>\n\n\n\n<p><em>\u201cDu kannst erwarten, dass du Wetttipps f\u00fcr jedes der zehn Spiele pro Spielwoche der t\u00fcrkischen Super Lig sehen kannst und f\u00fcr jede Runde der t\u00fcrkischen S\u00fcper Lig gibt es in der Regel mehrere Wett Tipps.\u201d<\/em><\/p>\n\n\n\n<h2 class=\"wp-block-heading\" id=\"wie-oft-bieten-wir-tipps-aus-der-turkischen-super-lig-an\">Wie oft bieten wir Tipps aus der t\u00fcrkischen S\u00fcper Lig an?<\/h2>\n\n\n\n<p>Wie bereits erw\u00e4hnt, sind die Wetttipps f\u00fcr die t\u00fcrkische S\u00fcper Lig sehr gut abgedeckt. F\u00fcr alle Spielrunden gibt es eine gro\u00dfe Anzahl von Vorhersagen. Unsere Tipper lieben es, auf den t\u00fcrkischen Fu\u00dfball im Allgemeinen zu wetten und in den meisten F\u00e4llen gibt es f\u00fcr das Spiel, das dich interessiert, einen Wett Tipp.<\/p>\n\n\n\n<p>Unsere hauseigenen Experten bei Betting.com scheuen sich auch nicht, Tipps f\u00fcr die t\u00fcrkische S\u00fcper Lig abzugeben, die eine der beliebtesten europ\u00e4ischen Ligen ist. Das bedeutet, dass du w\u00f6chentlich gut recherchierte Spielvorschauen und Wett Tipp-Artikel aus der t\u00fcrkischen S\u00fcper Lig erwarten kannst.<\/p>\n\n\n\n<h2 class=\"wp-block-heading\" id=\"alles-was-man-uber-wetten-auf-die-turkische-super-lig-wissen-muss\">Alles, was man \u00fcber Wetten auf die t\u00fcrkische S\u00fcper Lig wissen muss&nbsp;<\/h2>\n\n\n\n<p>Im Vergleich zu weniger popul\u00e4ren europ\u00e4ischen Ligen solltest du bei Wetten auf die t\u00fcrkische S\u00fcper Lig nur darauf achten, die h\u00f6chsten Quoten zu finden. Dabei hilft dir unsere Seite Quotenvergleich sicher weiter.&nbsp;<\/p>\n\n\n\n<p>Ansonsten sind ein toller Willkommensbonus oder besondere Aktionen immer etwas, worauf man ein Auge haben sollte. Du kannst beruhigt sein, denn Quoten f\u00fcr die t\u00fcrkische S\u00fcper Lig zu finden, ist keine Herausforderung.<\/p>\n\n\n\n<h2 class=\"wp-block-heading\" id=\"welcher-bonus-ist-der-beste-fur-meine-wetten-auf-die-turkische-super-lig\">Welcher Bonus ist der beste f\u00fcr meine Wetten auf die t\u00fcrkische S\u00fcper Lig?<\/h2>\n\n\n\n<p>Es gibt viele Arten von Boni, wenn man auf die t\u00fcrkische S\u00fcper Lig wettet. Wir haben die meisten der verf\u00fcgbaren Boni getestet und die beliebtesten sind diejenigen, die erh\u00f6hte Quoten, Gratiswetten und Geld-zur\u00fcck-Aktionen anbieten.<\/p>\n\n\n\n<p>Die meisten der t\u00fcrkischen S\u00fcper Lig-Boni sind mit leicht zu erf\u00fcllenden Bedingungen verbunden (z.B. maximaler Einsatz oder Mindestquoten), was bedeutet, dass du deine Wetten jedes Wochenende und im Laufe der Saison voll genie\u00dfen kannst.<\/p>\n\n\t\t<\/article>\n\t\t<div class=\"lg:w-[300px] lg:flex-shrink-0 relative\" x-data=\"{show_toc: false}\">\n\t\t\t<div class=\"lg:sticky lg:top-4 z-30\">\n\t\t\t\t<div class=\"fixed -top-64 left-0 w-full z-50 lg:static transition-all hidden lg:block\" id=\"fixed-toc\">\n\t\t\t\t\t<div>\n\t\t\t\t<div class=\"border-b border-solid border-gray-30 text-lg font-bold lg:pt-7 max-lg:px-4 py-3 flex items-center justify-between bg-white lg:bg-transparent\">\n\t\t\tWas gibt es auf dieser Seite\n\t\t\t<button @click=\"show_toc = true\" class=\"btn btn-red-outline-white block lg:hidden\">Jump to<\/button>\n\t\t<\/div>\n\t\t\t\t<div\n\t\t\tclass=\"max-lg:fixed max-lg:top-0 max-lg:left-0 max-lg:w-screen max-lg:h-screen max-lg:bg-gray-70 max-lg:bg-opacity-75 max-lg:hidden\"\n\t\t\t:class=\"{'max-lg:hidden': !show_toc}\"\n\t\t\t@click=\"show_toc = false\"\n\t\t>\n\t\t\t<div class=\"max-lg:absolute max-lg:bottom-0 max-lg:left-0 max-lg:w-screen bg-white lg:bg-transparent\">\n\t\t\t\t\t\t\t\t<div class=\"flex lg:hidden items-center justify-between mx-4 border-b border-solid border-gray-30 pt-6 pb-2 font-bold\">\n\n\t\t\t\t\tAuf dieser Seite\n\t\t\t\t\t<button @click=\"show_toc = false\">\n\t\t\t\t\t\t<svg class=\"w-5 h-5 text-gray-100\" xmlns=\"http:\/\/www.w3.org\/2000\/svg\" fill=\"none\" stroke=\"currentColor\" stroke-width=\"1.5\" class=\"w-6 h-6\" viewBox=\"0 0 24 24\"><path stroke-linecap=\"round\" stroke-linejoin=\"round\" d=\"M6 18 18 6M6 6l12 12\"\/><\/svg>\t\t\t\t\t<\/button>\n\t\t\t\t<\/div>\n\t\t\t\t<ul id=\"toc\" class=\"mt-5 max-h-[85vh] overflow-y-auto list-none bt-scrollbars\">\n\n\t\t\t\t\t\t\t\t\t\t\t<li>\n\t\t\t\t\t\t\t<a href=\"#turkische-super-lig-wett-tipps-fur-die-heutigen-veranstaltungen\" data-bt-toc-item=\"turkische-super-lig-wett-tipps-fur-die-heutigen-veranstaltungen\"\n\t\t\t\t\t\t\t\t @click=\"show_toc = false\"\n\t\t\t\t\t\t\t\t class=\"block px-4 py-2 text-black border-l-4 border-solid border-transparent hover:border-red-100 transition-all hover:!border-b-0 hover:font-bold\">\nT\u00fcrkische&nbsp; S\u00fcper Lig-Wett Tipps f\u00fcr die heutigen Veranstaltungen\n<\/a>\n\t\t\t\t\t\t<\/li>\n\t\t\t\t\t\t\t\t\t\t\t<li>\n\t\t\t\t\t\t\t<a href=\"#fussball-wett-tipps-fur-die-turkische-super-lig-fur-die-saison-2022-23\" data-bt-toc-item=\"fussball-wett-tipps-fur-die-turkische-super-lig-fur-die-saison-2022-23\"\n\t\t\t\t\t\t\t\t @click=\"show_toc = false\"\n\t\t\t\t\t\t\t\t class=\"block px-4 py-2 text-black border-l-4 border-solid border-transparent hover:border-red-100 transition-all hover:!border-b-0 hover:font-bold\">\nFu\u00dfball-Wett Tipps f\u00fcr die t\u00fcrkische S\u00fcper Lig f\u00fcr die Saison 2022\/23\n<\/a>\n\t\t\t\t\t\t<\/li>\n\t\t\t\t\t\t\t\t\t\t\t<li>\n\t\t\t\t\t\t\t<a href=\"#wer-sind-die-besten-buchmacher-fur-die-turkische-super-lig\" data-bt-toc-item=\"wer-sind-die-besten-buchmacher-fur-die-turkische-super-lig\"\n\t\t\t\t\t\t\t\t @click=\"show_toc = false\"\n\t\t\t\t\t\t\t\t class=\"block px-4 py-2 text-black border-l-4 border-solid border-transparent hover:border-red-100 transition-all hover:!border-b-0 hover:font-bold\">\nWer sind die besten Buchmacher f\u00fcr die t\u00fcrkische S\u00fcper Lig?\n<\/a>\n\t\t\t\t\t\t<\/li>\n\t\t\t\t\t\t\t\t\t\t\t<li>\n\t\t\t\t\t\t\t<a href=\"#wie-erstellen-wir-unsere-wett-tipps\" data-bt-toc-item=\"wie-erstellen-wir-unsere-wett-tipps\"\n\t\t\t\t\t\t\t\t @click=\"show_toc = false\"\n\t\t\t\t\t\t\t\t class=\"block px-4 py-2 text-black border-l-4 border-solid border-transparent hover:border-red-100 transition-all hover:!border-b-0 hover:font-bold\">\nWie erstellen wir unsere Wett Tipps?\n<\/a>\n\t\t\t\t\t\t<\/li>\n\t\t\t\t\t\t\t\t\t\t\t<li>\n\t\t\t\t\t\t\t<a href=\"#fur-welche-spiele-der-turkischen-super-lig-bieten-wir-tipps-an\" data-bt-toc-item=\"fur-welche-spiele-der-turkischen-super-lig-bieten-wir-tipps-an\"\n\t\t\t\t\t\t\t\t @click=\"show_toc = false\"\n\t\t\t\t\t\t\t\t class=\"block px-4 py-2 text-black border-l-4 border-solid border-transparent hover:border-red-100 transition-all hover:!border-b-0 hover:font-bold\">\nF\u00fcr welche Spiele der t\u00fcrkischen S\u00fcper Lig bieten wir Tipps an?\n<\/a>\n\t\t\t\t\t\t<\/li>\n\t\t\t\t\t\t\t\t\t\t\t<li>\n\t\t\t\t\t\t\t<a href=\"#wie-oft-bieten-wir-tipps-aus-der-turkischen-super-lig-an\" data-bt-toc-item=\"wie-oft-bieten-wir-tipps-aus-der-turkischen-super-lig-an\"\n\t\t\t\t\t\t\t\t @click=\"show_toc = false\"\n\t\t\t\t\t\t\t\t class=\"block px-4 py-2 text-black border-l-4 border-solid border-transparent hover:border-red-100 transition-all hover:!border-b-0 hover:font-bold\">\nWie oft bieten wir Tipps aus der t\u00fcrkischen S\u00fcper Lig an?\n<\/a>\n\t\t\t\t\t\t<\/li>\n\t\t\t\t\t\t\t\t\t\t\t<li>\n\t\t\t\t\t\t\t<a href=\"#alles-was-man-uber-wetten-auf-die-turkische-super-lig-wissen-muss\" data-bt-toc-item=\"alles-was-man-uber-wetten-auf-die-turkische-super-lig-wissen-muss\"\n\t\t\t\t\t\t\t\t @click=\"show_toc = false\"\n\t\t\t\t\t\t\t\t class=\"block px-4 py-2 text-black border-l-4 border-solid border-transparent hover:border-red-100 transition-all hover:!border-b-0 hover:font-bold\">\nAlles, was man \u00fcber Wetten auf die t\u00fcrkische S\u00fcper Lig wissen muss&nbsp;\n<\/a>\n\t\t\t\t\t\t<\/li>\n\t\t\t\t\t\t\t\t\t\t\t<li>\n\t\t\t\t\t\t\t<a href=\"#welcher-bonus-ist-der-beste-fur-meine-wetten-auf-die-turkische-super-lig\" data-bt-toc-item=\"welcher-bonus-ist-der-beste-fur-meine-wetten-auf-die-turkische-super-lig\"\n\t\t\t\t\t\t\t\t @click=\"show_toc = false\"\n\t\t\t\t\t\t\t\t class=\"block px-4 py-2 text-black border-l-4 border-solid border-transparent hover:border-red-100 transition-all hover:!border-b-0 hover:font-bold\">\nWelcher Bonus ist der beste f\u00fcr meine Wetten auf die t\u00fcrkische S\u00fcper Lig?\n<\/a>\n\t\t\t\t\t\t<\/li>\n\t\t\t\t\t\t\t\t\t<\/ul>\n\t\t\t\t\t\t\t\t\t\t\t<\/div>\n\t\t<\/div>\n\t<\/div>\n\t\t\t\t\t<\/div>\n\t\t\t<\/div>\n\t\t<\/div>\n\t<\/div>\n<\/div>\n\t<\/div>\n<\/div>\n\n","protected":false},"excerpt":{"rendered":"","protected":false},"author":6,"featured_media":479,"parent":879,"menu_order":1000,"comment_status":"closed","ping_status":"closed","template":"","meta":{"footnotes":""},"tags":[],"acf":[],"_links":{"self":[{"href":"https:\/\/betting.com\/de\/wp-json\/wp\/v2\/pages\/273"}],"collection":[{"href":"https:\/\/betting.com\/de\/wp-json\/wp\/v2\/pages"}],"about":[{"href":"https:\/\/betting.com\/de\/wp-json\/wp\/v2\/types\/page"}],"author":[{"embeddable":true,"href":"https:\/\/betting.com\/de\/wp-json\/wp\/v2\/users\/6"}],"replies":[{"embeddable":true,"href":"https:\/\/betting.com\/de\/wp-json\/wp\/v2\/comments?post=273"}],"version-history":[{"count":4,"href":"https:\/\/betting.com\/de\/wp-json\/wp\/v2\/pages\/273\/revisions"}],"predecessor-version":[{"id":6195,"href":"https:\/\/betting.com\/de\/wp-json\/wp\/v2\/pages\/273\/revisions\/6195"}],"up":[{"embeddable":true,"href":"https:\/\/betting.com\/de\/wp-json\/wp\/v2\/pages\/879"}],"wp:featuredmedia":[{"embeddable":true,"href":"https:\/\/betting.com\/de\/wp-json\/wp\/v2\/media\/479"}],"wp:attachment":[{"href":"https:\/\/betting.com\/de\/wp-json\/wp\/v2\/media?parent=273"}],"wp:term":[{"taxonomy":"post_tag","embeddable":true,"href":"https:\/\/betting.com\/de\/wp-json\/wp\/v2\/tags?post=273"}],"curies":[{"name":"wp","href":"https:\/\/api.w.org\/{rel}","templated":true}]}}