{"id":271,"date":"2022-06-16T08:49:00","date_gmt":"2022-06-16T08:49:00","guid":{"rendered":"https:\/\/betting.com\/de\/?page_id=271"},"modified":"2023-08-02T12:31:07","modified_gmt":"2023-08-02T12:31:07","slug":"tipps","status":"publish","type":"page","link":"https:\/\/betting.com\/de\/slowakische-superliga\/tipps","title":{"rendered":"Slowakische Superliga Wett Tipps"},"content":{"rendered":"<div class=\" container-white py-8\">\n\t<div class=\"wp-block-container-toc  \">\n\t\t\t<div class=\"bg-white\">\n\t<div class=\"flex flex-col-reverse lg:flex-row lg:gap-8 py-10\">\n\t\t<article class=\"max-w-[960px] flex-grow\" data-bt-content>\n\t\t\t\n<h2 class=\"wp-block-heading\" id=\"slovakian-super-league-wett-tipps-fur-die-heutigen-veranstaltungen\">Slovakian Super League-Wett Tipps f\u00fcr die heutigen Veranstaltungen<\/h2>\n\n\n\n<p>Die Slowakische Superliga, auch bekannt als Fortuna Liga, ist die h\u00f6chste Spielklasse in der Slowakei.&nbsp;<\/p>\n\n\n\n<p>Dieser Artikel befasst sich ausf\u00fchrlich mit der Fortuna Liga, angefangen bei einem kurzen R\u00fcckblick auf die letzte Saison, \u00fcber bemerkenswerte Transfers in der aktuellen Saison bis hin zu Schl\u00fcsselspielern, die man im Auge behalten sollte. Dieser Beitrag ist n\u00fctzlich f\u00fcr Tipper, die mehr Hintergrundinformationen \u00fcber die slowakische Topliga suchen.<\/p>\n\n\n\n<h2 class=\"wp-block-heading\" id=\"wer-sind-die-besten-buchmacher-fur-die-slowakische-super-liga\">Wer sind die besten Buchmacher f\u00fcr die slowakische Super Liga?<\/h2>\n\n\n\n<p>F\u00fcr Fu\u00dfballwetten steht Ihnen eine gro\u00dfe Auswahl an Buchmachern zur Verf\u00fcgung. Sie werden feststellen, dass die besten Buchmacher gro\u00dfartige Boni anbieten und besonders gut f\u00fcr gro\u00dfe Wettgewinne auszahlen.<\/p>\n\n\n\n<ul><li>ComeOn<\/li><li>LeoVegas<\/li><\/ul>\n\n\n\n<h2 class=\"wp-block-heading\" id=\"wie-generieren-wir-unsere-wett-tipps\">Wie generieren wir unsere Wett Tipps?<\/h2>\n\n\n\n<p>Alle unsere Wetttipps werden anhand genauer Informationsquellen recherchiert. Unsere Experten wissen alles \u00fcber Fu\u00dfballwetten, was unsere Erfolgsquote eindrucksvoll beweist.<\/p>\n\n\n\n<p><em>\u201cUnsere Wett Tipps zur slowakischen Super Liga werden von Experten verfasst.\u201d<\/em><\/p>\n\n\n\n<p>Alle unsere Vorhersagen und kostenlosen Wett Tipps sind recherchiert und durch Statistiken belegt. Der Erfolg dieser Tipps bringt uns regelm\u00e4\u00dfig neue Spieler.<\/p>\n\n\n\n<h2 class=\"wp-block-heading\" id=\"fur-welche-spiele-der-slowakischen-super-liga-werden-tipps-angeboten\">F\u00fcr welche Spiele der slowakischen Super Liga werden Tipps angeboten?<\/h2>\n\n\n\n<p>Zu allen Spielen der slowakischen Super Liga finden Sie Wett Tipps unserer Tipper, vor allem zu den Spielen der Spitzenmannschaften. Vorhersagen und kostenlose Wett Tipps werden f\u00fcr alle wichtigen Spiele in der ersten slowakischen Spielklasse zur Verf\u00fcgung stehen.<\/p>\n\n\n\n<h2 class=\"wp-block-heading\" id=\"wie-oft-werden-unsere-wetttipps-fur-die-slowakische-super-liga-veroffentlicht\">Wie oft werden unsere Wetttipps f\u00fcr die slowakische Super Liga ver\u00f6ffentlicht?<\/h2>\n\n\n\n<p>Wetttipps und Prognosen zur slowakischen Super Liga k\u00f6nnen t\u00e4glich abgerufen werden, in der Regel am Tag vor dem Spiel oder am Tag des Anpfiffs. Diese Wett Tipps sind v\u00f6llig kostenlos.<\/p>\n\n\n\n<h2 class=\"wp-block-heading\" id=\"alles-was-man-uber-wetten-auf-die-slowakische-super-liga-wissen-musst\">Alles, was man \u00fcber Wetten auf die slowakische Super Liga wissen musst&nbsp;<\/h2>\n\n\n\n<p>Der Gesamtsieger der slowakischen Super Liga ist ein wichtiger Markt f\u00fcr die slowakische Super Liga. Unsere Experten-Wetttipps geben Ihnen einen detaillierten \u00dcberblick \u00fcber die slowakische Super Liga und informieren Sie \u00fcber Mannschaften, Spieler und Neuzug\u00e4nge. Diese Informationen k\u00f6nnen Ihnen bei der Auswahl Ihrer Wetten helfen.<\/p>\n\n\n\n<p>Unsere Plattform erm\u00f6glicht es Ihnen, Tippgebern zu folgen, die Ihnen bei Ihren Wettentscheidungen helfen. Mit betting.com k\u00f6nnen Sie immer mit ruhigem Gewissen wetten, indem Sie Quoten vergleichen und die besten Tipps f\u00fcr die Slowakische Superliga finden.<\/p>\n\n\n\n<h2 class=\"wp-block-heading\" id=\"welcher-bonus-ist-der-beste-fur-meine-wetten-auf-diese-liga\">Welcher Bonus ist der beste f\u00fcr meine Wetten auf diese Liga?<\/h2>\n\n\n\n<p>Viele Boni] k\u00f6nnen Ihr Wetterlebnis verbessern und Ihnen helfen, das Beste aus jeder einzelnen Wette auf die slowakische Super Liga herauszuholen. Wir haben zahlreiche Boni getestet und empfehlen Ihnen, nach erh\u00f6hten Quoten und Anmeldeangeboten Ausschau zu halten, um das Beste aus Ihren Wetten herauszuholen.<\/p>\n\n\t\t<\/article>\n\t\t<div class=\"lg:w-[300px] lg:flex-shrink-0 relative\" x-data=\"{show_toc: false}\">\n\t\t\t<div class=\"lg:sticky lg:top-4 z-30\">\n\t\t\t\t<div class=\"fixed -top-64 left-0 w-full z-50 lg:static transition-all hidden lg:block\" id=\"fixed-toc\">\n\t\t\t\t\t<div>\n\t\t\t\t<div class=\"border-b border-solid border-gray-30 text-lg font-bold lg:pt-7 max-lg:px-4 py-3 flex items-center justify-between bg-white lg:bg-transparent\">\n\t\t\tWas gibt es auf dieser Seite\n\t\t\t<button @click=\"show_toc = true\" class=\"btn btn-red-outline-white block lg:hidden\">Jump to<\/button>\n\t\t<\/div>\n\t\t\t\t<div\n\t\t\tclass=\"max-lg:fixed max-lg:top-0 max-lg:left-0 max-lg:w-screen max-lg:h-screen max-lg:bg-gray-70 max-lg:bg-opacity-75 max-lg:hidden\"\n\t\t\t:class=\"{'max-lg:hidden': !show_toc}\"\n\t\t\t@click=\"show_toc = false\"\n\t\t>\n\t\t\t<div class=\"max-lg:absolute max-lg:bottom-0 max-lg:left-0 max-lg:w-screen bg-white lg:bg-transparent\">\n\t\t\t\t\t\t\t\t<div class=\"flex lg:hidden items-center justify-between mx-4 border-b border-solid border-gray-30 pt-6 pb-2 font-bold\">\n\n\t\t\t\t\tAuf dieser Seite\n\t\t\t\t\t<button @click=\"show_toc = false\">\n\t\t\t\t\t\t<svg class=\"w-5 h-5 text-gray-100\" xmlns=\"http:\/\/www.w3.org\/2000\/svg\" fill=\"none\" stroke=\"currentColor\" stroke-width=\"1.5\" class=\"w-6 h-6\" viewBox=\"0 0 24 24\"><path stroke-linecap=\"round\" stroke-linejoin=\"round\" d=\"M6 18 18 6M6 6l12 12\"\/><\/svg>\t\t\t\t\t<\/button>\n\t\t\t\t<\/div>\n\t\t\t\t<ul id=\"toc\" class=\"mt-5 max-h-[85vh] overflow-y-auto list-none bt-scrollbars\">\n\n\t\t\t\t\t\t\t\t\t\t\t<li>\n\t\t\t\t\t\t\t<a href=\"#slovakian-super-league-wett-tipps-fur-die-heutigen-veranstaltungen\" data-bt-toc-item=\"slovakian-super-league-wett-tipps-fur-die-heutigen-veranstaltungen\"\n\t\t\t\t\t\t\t\t @click=\"show_toc = false\"\n\t\t\t\t\t\t\t\t class=\"block px-4 py-2 text-black border-l-4 border-solid border-transparent hover:border-red-100 transition-all hover:!border-b-0 hover:font-bold\">\nSlovakian Super League-Wett Tipps f\u00fcr die heutigen Veranstaltungen\n<\/a>\n\t\t\t\t\t\t<\/li>\n\t\t\t\t\t\t\t\t\t\t\t<li>\n\t\t\t\t\t\t\t<a href=\"#wer-sind-die-besten-buchmacher-fur-die-slowakische-super-liga\" data-bt-toc-item=\"wer-sind-die-besten-buchmacher-fur-die-slowakische-super-liga\"\n\t\t\t\t\t\t\t\t @click=\"show_toc = false\"\n\t\t\t\t\t\t\t\t class=\"block px-4 py-2 text-black border-l-4 border-solid border-transparent hover:border-red-100 transition-all hover:!border-b-0 hover:font-bold\">\nWer sind die besten Buchmacher f\u00fcr die slowakische Super Liga?\n<\/a>\n\t\t\t\t\t\t<\/li>\n\t\t\t\t\t\t\t\t\t\t\t<li>\n\t\t\t\t\t\t\t<a href=\"#wie-generieren-wir-unsere-wett-tipps\" data-bt-toc-item=\"wie-generieren-wir-unsere-wett-tipps\"\n\t\t\t\t\t\t\t\t @click=\"show_toc = false\"\n\t\t\t\t\t\t\t\t class=\"block px-4 py-2 text-black border-l-4 border-solid border-transparent hover:border-red-100 transition-all hover:!border-b-0 hover:font-bold\">\nWie generieren wir unsere Wett Tipps?\n<\/a>\n\t\t\t\t\t\t<\/li>\n\t\t\t\t\t\t\t\t\t\t\t<li>\n\t\t\t\t\t\t\t<a href=\"#fur-welche-spiele-der-slowakischen-super-liga-werden-tipps-angeboten\" data-bt-toc-item=\"fur-welche-spiele-der-slowakischen-super-liga-werden-tipps-angeboten\"\n\t\t\t\t\t\t\t\t @click=\"show_toc = false\"\n\t\t\t\t\t\t\t\t class=\"block px-4 py-2 text-black border-l-4 border-solid border-transparent hover:border-red-100 transition-all hover:!border-b-0 hover:font-bold\">\nF\u00fcr welche Spiele der slowakischen Super Liga werden Tipps angeboten?\n<\/a>\n\t\t\t\t\t\t<\/li>\n\t\t\t\t\t\t\t\t\t\t\t<li>\n\t\t\t\t\t\t\t<a href=\"#wie-oft-werden-unsere-wetttipps-fur-die-slowakische-super-liga-veroffentlicht\" data-bt-toc-item=\"wie-oft-werden-unsere-wetttipps-fur-die-slowakische-super-liga-veroffentlicht\"\n\t\t\t\t\t\t\t\t @click=\"show_toc = false\"\n\t\t\t\t\t\t\t\t class=\"block px-4 py-2 text-black border-l-4 border-solid border-transparent hover:border-red-100 transition-all hover:!border-b-0 hover:font-bold\">\nWie oft werden unsere Wetttipps f\u00fcr die slowakische Super Liga ver\u00f6ffentlicht?\n<\/a>\n\t\t\t\t\t\t<\/li>\n\t\t\t\t\t\t\t\t\t\t\t<li>\n\t\t\t\t\t\t\t<a href=\"#alles-was-man-uber-wetten-auf-die-slowakische-super-liga-wissen-musst\" data-bt-toc-item=\"alles-was-man-uber-wetten-auf-die-slowakische-super-liga-wissen-musst\"\n\t\t\t\t\t\t\t\t @click=\"show_toc = false\"\n\t\t\t\t\t\t\t\t class=\"block px-4 py-2 text-black border-l-4 border-solid border-transparent hover:border-red-100 transition-all hover:!border-b-0 hover:font-bold\">\nAlles, was man \u00fcber Wetten auf die slowakische Super Liga wissen musst&nbsp;\n<\/a>\n\t\t\t\t\t\t<\/li>\n\t\t\t\t\t\t\t\t\t\t\t<li>\n\t\t\t\t\t\t\t<a href=\"#welcher-bonus-ist-der-beste-fur-meine-wetten-auf-diese-liga\" data-bt-toc-item=\"welcher-bonus-ist-der-beste-fur-meine-wetten-auf-diese-liga\"\n\t\t\t\t\t\t\t\t @click=\"show_toc = false\"\n\t\t\t\t\t\t\t\t class=\"block px-4 py-2 text-black border-l-4 border-solid border-transparent hover:border-red-100 transition-all hover:!border-b-0 hover:font-bold\">\nWelcher Bonus ist der beste f\u00fcr meine Wetten auf diese Liga?\n<\/a>\n\t\t\t\t\t\t<\/li>\n\t\t\t\t\t\t\t\t\t<\/ul>\n\t\t\t\t\t\t\t\t\t\t\t<\/div>\n\t\t<\/div>\n\t<\/div>\n\t\t\t\t\t<\/div>\n\t\t\t<\/div>\n\t\t<\/div>\n\t<\/div>\n<\/div>\n\t<\/div>\n<\/div>\n\n","protected":false},"excerpt":{"rendered":"","protected":false},"author":6,"featured_media":478,"parent":876,"menu_order":1000,"comment_status":"closed","ping_status":"closed","template":"","meta":{"footnotes":""},"tags":[],"acf":[],"_links":{"self":[{"href":"https:\/\/betting.com\/de\/wp-json\/wp\/v2\/pages\/271"}],"collection":[{"href":"https:\/\/betting.com\/de\/wp-json\/wp\/v2\/pages"}],"about":[{"href":"https:\/\/betting.com\/de\/wp-json\/wp\/v2\/types\/page"}],"author":[{"embeddable":true,"href":"https:\/\/betting.com\/de\/wp-json\/wp\/v2\/users\/6"}],"replies":[{"embeddable":true,"href":"https:\/\/betting.com\/de\/wp-json\/wp\/v2\/comments?post=271"}],"version-history":[{"count":4,"href":"https:\/\/betting.com\/de\/wp-json\/wp\/v2\/pages\/271\/revisions"}],"predecessor-version":[{"id":6194,"href":"https:\/\/betting.com\/de\/wp-json\/wp\/v2\/pages\/271\/revisions\/6194"}],"up":[{"embeddable":true,"href":"https:\/\/betting.com\/de\/wp-json\/wp\/v2\/pages\/876"}],"wp:featuredmedia":[{"embeddable":true,"href":"https:\/\/betting.com\/de\/wp-json\/wp\/v2\/media\/478"}],"wp:attachment":[{"href":"https:\/\/betting.com\/de\/wp-json\/wp\/v2\/media?parent=271"}],"wp:term":[{"taxonomy":"post_tag","embeddable":true,"href":"https:\/\/betting.com\/de\/wp-json\/wp\/v2\/tags?post=271"}],"curies":[{"name":"wp","href":"https:\/\/api.w.org\/{rel}","templated":true}]}}