{"id":27,"date":"2022-06-14T14:38:23","date_gmt":"2022-06-14T14:38:23","guid":{"rendered":"https:\/\/betting.com\/de\/?page_id=27"},"modified":"2023-08-02T12:31:09","modified_gmt":"2023-08-02T12:31:09","slug":"quoten","status":"publish","type":"page","link":"https:\/\/betting.com\/de\/bundesliga-2\/quoten","title":{"rendered":"2. Bundesliga Quoten"},"content":{"rendered":"<div class=\" container-white py-8\">\n\t<div class=\"wp-block-container-toc  \">\n\t\t\t<div class=\"bg-white\">\n\t<div class=\"flex flex-col-reverse lg:flex-row lg:gap-8 py-10\">\n\t\t<article class=\"max-w-[960px] flex-grow\" data-bt-content>\n\t\t\t\n<h2 class=\"wp-block-heading\" id=\"die-struktur-der-2-bundesliga\">Die Struktur der 2. Bundesliga<\/h2>\n\n\n\n<p>Die 2. Bundesliga wurde 1974 gegr\u00fcndet und ist seither die zweith\u00f6chste Fu\u00dfballliga in Deutschland. \u00dcber die Jahre hat sich auch in der 2. Bundesliga viel ver\u00e4ndert. Heute verf\u00fcgt die Liga \u00fcber 18 Mannschaften, die 34 Spieltage bestreiten. Die zwei letzten Mannschaften nach Saisonende steigen automatisch in die 3. Liga ab, w\u00e4hrend die drittletzte Mannschaft noch die Chance hat, die Liga zu halten, wenn sie sich in einem Relegationsspiel gegen den Tabellendritten der 3. Liga durchsetzen k\u00f6nnen.<\/p>\n\n\n\n<p>Der Aufstieg in die Erste Bundesliga sieht genauso aus. Die ersten beiden Mannschaften der 2. Bundesliga steigen automatisch in die Erste Liga auf, w\u00e4hrend die drittplatzierte Mannschaft der 2. Bundesliga ein Relegationsspiel gegen die drittletzte Mannschaft in der Ersten Liga gewinnen muss, um in die Bundesliga aufzusteigen.<\/p>\n\n\n\n<p>Speziell zum Ende der Saison wird es in der 2. Bundesliga richtig spannend, denn hier geht es dann um den Auf- und Abstiegskampf. F\u00fcr viele Mannschaften geht es um alles die Liga zu halten oder in die Erste Bundesliga aufzusteigen. Hier kommen auch wieder die Wettquoten ins Spiel.<\/p>\n\n\n\n<p>Da es f\u00fcr die Mannschaften um alles geht, treten viele Mannschaften motivierter an und somit kann es auch vorkommen, dass Mannschaften im Tabellenkeller f\u00fcr \u00dcberraschungen sorgen k\u00f6nnen.<\/p>\n\n\n\n<p>Dadurch, dass Fu\u00dfball einen so hohen Stellenwert in Deutschland hat, ist auch die 2. Bundesliga unter Fu\u00dfballfans sehr beliebt. Dies widerspiegelt sich selbstverst\u00e4ndlich auch in den Sportwetten. Viele Wettspieler schlie\u00dfen ihre Wetten auf die 2. Bundesliga ab, da auch die Quoten immer wieder \u00fcberraschen.<\/p>\n\n\n\n<p>Auf internationaler Ebene sind Mannschaften der 2. Bundesliga nur in Ausnahmef\u00e4llen vertreten, jedoch nehmen alle Mannschaften der 2. Bundesliga an dem DFB-Pokal teil. Auch hier lassen sich oftmals sehr gute Quoten vorfinden. Zudem ist der DFB Pokal daf\u00fcr bekannt, dass es sehr viele \u00dcberraschungen gibt. Oftmals werden Mannschaften aus der Zweiten Liga von den Bundesliga Teams untersch\u00e4tzt. Hier kann es sich lohnen, die M\u00e4rkte ein wenig genauer zu untersuchen.<\/p>\n\n\n\n<p>Wenn es einer 2. Bundesliga Mannschaft jedoch gelingen sollte, den DFB-Pokal zu gewinnen, dann bekommt diese Mannschaft nat\u00fcrlich auch einen Platz in der Europa League.<\/p>\n\n\n\n<p>Alemannia Aachen schaffte es in der Saison 2004\/2005 in der Europa League mitzuspielen. Alemannia schaffe es anschlie\u00dfend sogar noch durch die Gruppenphase, schieden aber letzten Endes in der ersten Runde der Finalspiele gegen AZ Alkmaar aus.<\/p>\n\n\n\n<h2 class=\"wp-block-heading\" id=\"die-beliebtesten-wettmarkte-der-2-bundesliga\">Die Beliebtesten wettm\u00e4rkte der 2. Bundesliga<\/h2>\n\n\n\n<ul><li><strong>Spielergebnis (1&#215;2)<\/strong> &#8211; Hier wird auf den Ausgang des Spiels gewettet. In der 2. Bundesliga w\u00e4re dies Sieg, Niederlage oder Unentschieden nach Spielende.<\/li><\/ul>\n\n\n\n<ul><li><strong>\u00dcber\/Unter Tore <\/strong>&#8211; Hier geben die Buchmacher eine Dezimalzahl wie zum Beispiel 3.5 oder 4.5 an, die die Tore reflektieren sollen und deine Aufgabe ist es darauf zu wetten, ob mehr oder weniger Tore als diese Anzahl geschossen werden.<\/li><\/ul>\n\n\n\n<ul><li><strong>Handicap<\/strong> &#8211; Bei Handicap Wetten wird darauf gewettet, um wie viel Tore die st\u00e4rkere Mannschaft gewinnen wird.<br>Die Zukunftswetten der 2. Bundesliga<\/li><\/ul>\n\n\n\n<p>Um in der 2. Bundesliga auf den Sieger der Saison zu wetten, ist oftmals eine schwierige Angelegenheit, denn es kommen jedes Jahr neue Mannschaften aus der dritten Liga nach, die mit finanziellen Mitteln gleich oben mitspielen k\u00f6nnen, was es oftmals schwierig macht die Teams einzusch\u00e4tzen. Zudem steigen Mannschaften in die Erste Bundesliga auf und spielen somit nicht mehr in der 2. Bundesliga. Es gibt jedoch auch Jahre, in denen klare Favoriten an den Start gehen.<\/p>\n\n\n\n<p>Oft l\u00e4sst sich dies durch Neuverpflichtungen und den Aussagen des Teams erkennen. Hier ist es wichtig, die richtigen Informationen zu bekommen und die haben meistens seri\u00f6se Tippgeber.<\/p>\n\n\n\n<p>Seri\u00f6se und gut informierten Tippgeber k\u00f6nnen ein wirklich hilfreicher Bestandteil eines jeden Wettspielers sein, denn in der Regel verf\u00fcgen Tippgeber \u00fcber Informationen und Fachwissen, was Gelegenheitsspielern fehlt. Viele Tippgeber bieten ihre Tipps kostenlos an, w\u00e4hrend andere f\u00fcr ihre Dienste bezahlt werden wollen. Alle Tippgeber findest du hier.<\/p>\n\n\n\n<p>Selbstverst\u00e4ndlich kann man auch auf den besten Torsch\u00fctzen der 2. Bundesliga wetten. Das meiste l\u00e4sst sich hier nat\u00fcrlich rausholen, wenn man die Wette am Anfang der Saison abschlie\u00dft, denn wenn die Saison mal l\u00e4uft und ein paar Spieler im Rennen sind, dann fallen die Quoten nat\u00fcrlich. Zus\u00e4tzlich ist es am Anfang der Saison auch f\u00fcr die Buchmacher noch schwierig, diesen Markt einzusch\u00e4tzen und deshalb sind hier oft sehr gute Quoten vorzufinden.<\/p>\n\n\n\n<h2 class=\"wp-block-heading\" id=\"weitere-interessante-markte-der-2-bundesliga\">Weitere Interessante M\u00e4rkte der 2. Bundesliga<\/h2>\n\n\n\n<p>Neben den Standardwetten und Zukunftswetten schlie\u00dfen viele Wettspieler auch wetten auf die M\u00e4rkte wie Karten, Fouls, Eckb\u00e4lle und Torsch\u00fcsse ab. Diese M\u00e4rkte sorgen f\u00fcr Spannung, denn eine Wette kann oftmals noch in der Nachspielzeit gewonnen oder verloren werden.<\/p>\n\n\n\n<p>Viele Wettspieler schlie\u00dfen Wetten auf diese M\u00e4rkte vereinzelt ab, wobei es schwierig werden kann, den \u00dcberblick aller Wetten zu behalten. Genau aus diesem Grund haben wir unseren Wett-Tracker entwickelt. Mit dem Wett-Tracker von Betting.com hast du die M\u00f6glichkeit, alle deine Wetten zu verfolgen und zu analysieren<\/p>\n\n\n\n<h2 class=\"wp-block-heading\" id=\"wichtige-informationen-fur-wetten-auf-die-2-bundesliga\">Wichtige Informationen F\u00fcr Wetten Auf Die 2. Bundesliga<\/h2>\n\n\n\n<ul><li><strong>Derbies<\/strong>: Derbies in der 2. Bundesliga k\u00f6nnen einen gro\u00dfen Einfluss auf ein Spiel haben. Auch wenn momentan keine Zuschauer wegen der Corona Krise in die Stadien d\u00fcrfen, k\u00f6nnen Derbies einen gro\u00dfen Unterschied machen, da die beiden Teams oft Rivalen sind und dadurch nat\u00fcrlich auch gewisse Emotionen hochkommen. Dies kann sich dann auf die Leistung der Spieler und des Ergebnisses auswirken.<\/li><\/ul>\n\n\n\n<ul><li><strong>Benutz die Boni der Buchmacher<\/strong>: Wenn du am Anfang der Saison noch ein wenig zus\u00e4tzliches Wettkapital ben\u00f6tigst, solltest du die Angebote der Buchmacher nutzen. Oft lassen sich mit einem Willkommensbonus eines Buchmachers gro\u00dfartige Wetten abschlie\u00dfen. Alle Bonus und Promotionsangebote aller Buchmacher findest du hier.<\/li><\/ul>\n\n\n\n<ul><li><strong>Vielf\u00e4ltiges Wett-Portfolio<\/strong>: Auch wenn die 2. Bundesliga nicht deine erste Wahl ist, wenn du eine Wette platzierst, solltest du diese Liga in Erw\u00e4gung ziehen, um dein Wettportfolio zu erweitern. Oft sind es die Wetten, bei denen man sich anfangs nicht so sicher war, die Gewinne einbringen.<\/li><\/ul>\n\n\t\t<\/article>\n\t\t<div class=\"lg:w-[300px] lg:flex-shrink-0 relative\" x-data=\"{show_toc: false}\">\n\t\t\t<div class=\"lg:sticky lg:top-4 z-30\">\n\t\t\t\t<div class=\"fixed -top-64 left-0 w-full z-50 lg:static transition-all hidden lg:block\" id=\"fixed-toc\">\n\t\t\t\t\t<div>\n\t\t\t\t<div class=\"border-b border-solid border-gray-30 text-lg font-bold lg:pt-7 max-lg:px-4 py-3 flex items-center justify-between bg-white lg:bg-transparent\">\n\t\t\tWas gibt es auf dieser Seite\n\t\t\t<button @click=\"show_toc = true\" class=\"btn btn-red-outline-white block lg:hidden\">Jump to<\/button>\n\t\t<\/div>\n\t\t\t\t<div\n\t\t\tclass=\"max-lg:fixed max-lg:top-0 max-lg:left-0 max-lg:w-screen max-lg:h-screen max-lg:bg-gray-70 max-lg:bg-opacity-75 max-lg:hidden\"\n\t\t\t:class=\"{'max-lg:hidden': !show_toc}\"\n\t\t\t@click=\"show_toc = false\"\n\t\t>\n\t\t\t<div class=\"max-lg:absolute max-lg:bottom-0 max-lg:left-0 max-lg:w-screen bg-white lg:bg-transparent\">\n\t\t\t\t\t\t\t\t<div class=\"flex lg:hidden items-center justify-between mx-4 border-b border-solid border-gray-30 pt-6 pb-2 font-bold\">\n\n\t\t\t\t\tAuf dieser Seite\n\t\t\t\t\t<button @click=\"show_toc = false\">\n\t\t\t\t\t\t<svg class=\"w-5 h-5 text-gray-100\" xmlns=\"http:\/\/www.w3.org\/2000\/svg\" fill=\"none\" stroke=\"currentColor\" stroke-width=\"1.5\" class=\"w-6 h-6\" viewBox=\"0 0 24 24\"><path stroke-linecap=\"round\" stroke-linejoin=\"round\" d=\"M6 18 18 6M6 6l12 12\"\/><\/svg>\t\t\t\t\t<\/button>\n\t\t\t\t<\/div>\n\t\t\t\t<ul id=\"toc\" class=\"mt-5 max-h-[85vh] overflow-y-auto list-none bt-scrollbars\">\n\n\t\t\t\t\t\t\t\t\t\t\t<li>\n\t\t\t\t\t\t\t<a href=\"#die-struktur-der-2-bundesliga\" data-bt-toc-item=\"die-struktur-der-2-bundesliga\"\n\t\t\t\t\t\t\t\t @click=\"show_toc = false\"\n\t\t\t\t\t\t\t\t class=\"block px-4 py-2 text-black border-l-4 border-solid border-transparent hover:border-red-100 transition-all hover:!border-b-0 hover:font-bold\">\nDie Struktur der 2. Bundesliga\n<\/a>\n\t\t\t\t\t\t<\/li>\n\t\t\t\t\t\t\t\t\t\t\t<li>\n\t\t\t\t\t\t\t<a href=\"#die-beliebtesten-wettmarkte-der-2-bundesliga\" data-bt-toc-item=\"die-beliebtesten-wettmarkte-der-2-bundesliga\"\n\t\t\t\t\t\t\t\t @click=\"show_toc = false\"\n\t\t\t\t\t\t\t\t class=\"block px-4 py-2 text-black border-l-4 border-solid border-transparent hover:border-red-100 transition-all hover:!border-b-0 hover:font-bold\">\nDie Beliebtesten wettm\u00e4rkte der 2. Bundesliga\n<\/a>\n\t\t\t\t\t\t<\/li>\n\t\t\t\t\t\t\t\t\t\t\t<li>\n\t\t\t\t\t\t\t<a href=\"#weitere-interessante-markte-der-2-bundesliga\" data-bt-toc-item=\"weitere-interessante-markte-der-2-bundesliga\"\n\t\t\t\t\t\t\t\t @click=\"show_toc = false\"\n\t\t\t\t\t\t\t\t class=\"block px-4 py-2 text-black border-l-4 border-solid border-transparent hover:border-red-100 transition-all hover:!border-b-0 hover:font-bold\">\nWeitere Interessante M\u00e4rkte der 2. Bundesliga\n<\/a>\n\t\t\t\t\t\t<\/li>\n\t\t\t\t\t\t\t\t\t\t\t<li>\n\t\t\t\t\t\t\t<a href=\"#wichtige-informationen-fur-wetten-auf-die-2-bundesliga\" data-bt-toc-item=\"wichtige-informationen-fur-wetten-auf-die-2-bundesliga\"\n\t\t\t\t\t\t\t\t @click=\"show_toc = false\"\n\t\t\t\t\t\t\t\t class=\"block px-4 py-2 text-black border-l-4 border-solid border-transparent hover:border-red-100 transition-all hover:!border-b-0 hover:font-bold\">\nWichtige Informationen F\u00fcr Wetten Auf Die 2. Bundesliga\n<\/a>\n\t\t\t\t\t\t<\/li>\n\t\t\t\t\t\t\t\t\t<\/ul>\n\t\t\t\t\t\t\t\t\t\t\t<\/div>\n\t\t<\/div>\n\t<\/div>\n\t\t\t\t\t<\/div>\n\t\t\t<\/div>\n\t\t<\/div>\n\t<\/div>\n<\/div>\n\t<\/div>\n<\/div>\n\n","protected":false},"excerpt":{"rendered":"","protected":false},"author":6,"featured_media":439,"parent":938,"menu_order":1000,"comment_status":"closed","ping_status":"closed","template":"","meta":{"footnotes":""},"tags":[],"acf":[],"_links":{"self":[{"href":"https:\/\/betting.com\/de\/wp-json\/wp\/v2\/pages\/27"}],"collection":[{"href":"https:\/\/betting.com\/de\/wp-json\/wp\/v2\/pages"}],"about":[{"href":"https:\/\/betting.com\/de\/wp-json\/wp\/v2\/types\/page"}],"author":[{"embeddable":true,"href":"https:\/\/betting.com\/de\/wp-json\/wp\/v2\/users\/6"}],"replies":[{"embeddable":true,"href":"https:\/\/betting.com\/de\/wp-json\/wp\/v2\/comments?post=27"}],"version-history":[{"count":5,"href":"https:\/\/betting.com\/de\/wp-json\/wp\/v2\/pages\/27\/revisions"}],"predecessor-version":[{"id":6126,"href":"https:\/\/betting.com\/de\/wp-json\/wp\/v2\/pages\/27\/revisions\/6126"}],"up":[{"embeddable":true,"href":"https:\/\/betting.com\/de\/wp-json\/wp\/v2\/pages\/938"}],"wp:featuredmedia":[{"embeddable":true,"href":"https:\/\/betting.com\/de\/wp-json\/wp\/v2\/media\/439"}],"wp:attachment":[{"href":"https:\/\/betting.com\/de\/wp-json\/wp\/v2\/media?parent=27"}],"wp:term":[{"taxonomy":"post_tag","embeddable":true,"href":"https:\/\/betting.com\/de\/wp-json\/wp\/v2\/tags?post=27"}],"curies":[{"name":"wp","href":"https:\/\/api.w.org\/{rel}","templated":true}]}}