{"id":269,"date":"2022-06-16T06:20:39","date_gmt":"2022-06-16T06:20:39","guid":{"rendered":"https:\/\/betting.com\/de\/?page_id=269"},"modified":"2023-08-02T12:31:07","modified_gmt":"2023-08-02T12:31:07","slug":"tipps","status":"publish","type":"page","link":"https:\/\/betting.com\/de\/serie-a\/tipps","title":{"rendered":"Serie A Wett Tipps"},"content":{"rendered":"<div class=\" container-white py-8\">\n\t<div class=\"wp-block-container-toc  \">\n\t\t\t<div class=\"bg-white\">\n\t<div class=\"flex flex-col-reverse lg:flex-row lg:gap-8 py-10\">\n\t\t<article class=\"max-w-[960px] flex-grow\" data-bt-content>\n\t\t\t\n<h2 class=\"wp-block-heading\" id=\"serie-a-wett-tipps-fur-die-heutigen-veranstaltungen\">Serie A-Wett Tipps f\u00fcr die heutigen Veranstaltungen<\/h2>\n\n\n\n<p>F\u00fcr Wettende auf der ganzen Welt geh\u00f6rt die Serie A zu den f\u00fcnf beliebtesten Ligen, wenn es um das Zuschauen und Wetten geht. Mit hochwertigen Tipps, die von Branchenexperten bereitgestellt werden, kannst du dein Wetten auf die italienische Topliga verbessern.<\/p>\n\n\n\n<p>Hier bei Betting.com findest du wertvolle Informationen zu Wetttipps f\u00fcr die Serie A und wir hoffen, dass dieser Artikel dir helfen wird, wenn du hochwertige Tipps in deine w\u00f6chentlichen Wettaktivit\u00e4ten integrieren m\u00f6chtest<\/p>\n\n\n\n<p>Um dir einen Vorteil gegen\u00fcber den Buchmachern zu verschaffen und die Kunst der Value Bets zu beherrschen, haben wir einen hauseigenen Algorithmus entwickelt. Ein Algorithmus, der auf der Grundlage zahlreicher statistischer Variablen Ereignisse mit Wertchancen findet, um dir die neuesten und wichtigsten Informationen zu liefern.<\/p>\n\n\n\n<p>Bedenken auch, dass unser Algorithmus f\u00fcr Fu\u00dfballvorhersagen mehr als 20 Ligen gleichzeitig verfolgt, weshalb du, sobald du dich f\u00fcr ihn entscheidest, t\u00e4glich mit wertvollen Vorschl\u00e4gen \u00fcber mehrere Ligen und Wettbewerbe hinweg unterst\u00fctzt wirst.<\/p>\n\n\n\n<p>Durch die Nutzung des Algorithmus werden alle emotionalen Vorurteile aus der Gleichung entfernt, wodurch sichergestellt wird, dass deine Wetten auf wissenschaftlich fundierten und realen Daten basieren.&nbsp;<\/p>\n\n\n\n<p>Der Algorithmus \u00fcberpr\u00fcft jeden Buchmacher, dem wir vertrauen, so dass du nicht mit zwielichtigen Seiten und mangelnder Sicherheit konfrontiert wirst.<\/p>\n\n\n\n<p>Vor allem aber bedeutet dies, dass du Betting.com mit vollstem Vertrauen nutzen kannst.<\/p>\n\n\n\n<h2 class=\"wp-block-heading\" id=\"fussball-wetttipps-fur-die-serie-a-saison-2021-22\">Fu\u00dfball-Wetttipps f\u00fcr die Serie A Saison 2021\/22<\/h2>\n\n\n\n<p>Wenn es um die Serie A geht, ist jedes Spiel ein Derby, und es ist ein Einblick wie dieser, der dir helfen wird, wenn es darum geht, Wettentscheidungen zu treffen, und wenn du damit k\u00e4mpfst, die Entscheidungen selbst zu treffen, dann kannst du dich immer auf die gro\u00dfe Anzahl von Tipps verlassen, die bei Betting.com verf\u00fcgbar sind.<\/p>\n\n\n\n<p><em>\u201cJedes Jahr gibt es in Italien mindestens f\u00fcnf oder sechs Mannschaften, die in das Rennen um den Titel einsteigen wollen, und deshalb kann es schwierig sein, einen Wett Tipp aus dem Stegreif und ohne Einblicke auszuw\u00e4hlen.\u201d<\/em><\/p>\n\n\n\n<p>F\u00fcr solche Momente haben wir bei Betting.com unseren datengesteuerten Algorithmus entwickelt, der alle wichtigen und aktuellen Daten analysieren kann, um dir die besten Wett Tipps vorzuschlagen, die du dann verwenden kannst.<\/p>\n\n\n\n<p>Ein Beispiel f\u00fcr die stetig wachsende Rivalit\u00e4t in der italienischen Serie A ist Atalanta. Die Mannschaft aus Bergamo hat ihren Platz in der italienischen Fu\u00dfballlandschaft bereits gefunden und scheint ein Team zu sein, das jedem Gegner gro\u00dfe Probleme bereiten kann, zumal sie in der letzten Saison den dritten Platz belegte.<\/p>\n\n\n\n<p>Die beeindruckende Saison, die sie vor dem ewigen Meister Juventus Turin beendeten, unterstreicht nach einer so schwierigen Saison im Allianz Stadion, wie umk\u00e4mpft die Liga derzeit ist.<\/p>\n\n\n\n<p>Nicht zu vergessen sind die beiden Klubs, die im San Siro spielen. Obwohl Mailand nicht mehr ganz so stark ist wie fr\u00fcher, geht es mit ihnen aufw\u00e4rts, und da der Nachbarverein Inter finanziell angeschlagen ist, werden die Rot-Schwarzen versuchen, wieder die dominierende Kraft in der Stadt zu sein.<\/p>\n\n\n\n<h2 class=\"wp-block-heading\" id=\"wer-sind-die-besten-buchmacher-fur-die-serie-a\">Wer sind die besten Buchmacher f\u00fcr die Serie A?<\/h2>\n\n\n\n<p>Alle Buchmacher bieten eine gro\u00dfe Anzahl von M\u00e4rkten f\u00fcr die Serie A an. Die Wahl des besten Anbieters f\u00fcr deine Zwecke kann sich als schwierige Aufgabe herausstellen, aber wir k\u00f6nnen f\u00fcr die folgenden Buchmacher b\u00fcrgen, da sie gro\u00dfartig sind:<\/p>\n\n\n\n<ul><li>ComeOn<\/li><li>LeoVegas<\/li><\/ul>\n\n\n\n<h2 class=\"wp-block-heading\" id=\"wie-erstellen-wir-unsere-wett-tipps\">Wie erstellen wir unsere Wett Tipps?<\/h2>\n\n\n\n<p>Unsere Wett Tipps werden von Branchenprofis erstellt, die einen \u00fcberm\u00e4\u00dfigen Arbeitsaufwand betreiben, bevor sie ihre Tipps ver\u00f6ffentlichen, wobei sie diese erst dann mit den Nutzern unserer Website teilen, wenn sie alle ihre Recherchen sorgf\u00e4ltig \u00fcberpr\u00fcft haben.<\/p>\n\n\n\n<p>Das beginnt bei der Analyse von Daten wie H2H-Statistiken, Verletzungslisten und allen teambezogenen Statistiken wie Ballbesitz, P\u00e4sse, Ecken, Einw\u00fcrfe usw. Wenn es um den n\u00f6tigen Einblick geht, wird kein Stein auf dem anderen gelassen, um die Buchmacher zu schlagen.<\/p>\n\n\n\n<p>Jede noch so kleine Information, die f\u00fcr die Wettentscheidungen von Bedeutung sein k\u00f6nnte, wird ber\u00fccksichtigt. Sobald der Tipper davon \u00fcberzeugt ist, dass sein Tipp von hoher Qualit\u00e4t ist und er ihn live ver\u00f6ffentlicht, pr\u00fcft unser Algorithmus, ob der Wett Tipp seri\u00f6s ist, um dir das Leben so einfach wie m\u00f6glich zu machen.<\/p>\n\n\n\n<h2 class=\"wp-block-heading\" id=\"fur-welche-spiele-der-serie-a-werden-tipps-angeboten\">F\u00fcr welche Spiele der Serie A werden Tipps angeboten?<\/h2>\n\n\n\n<p>Unsere Tipps beziehen sich nicht nur auf eine Mannschaft oder eine bestimmte Runde, so dass die Wahrscheinlichkeit sehr hoch ist, dass du w\u00e4hrend der gesamten Saison Wett Tipps f\u00fcr eine gro\u00dfe Anzahl wichtiger Serie A-Spiele findest.<\/p>\n\n\n\n<p>Wenn es ein Spiel gibt, auf das es sich zu wetten lohnt, haben wir den passenden Tipp dazu. Egal, ob es um den Titel geht oder um den Kampf gegen den Abstieg, unser Heer von Top-Tippgebern liefert dir alle n\u00f6tigen Informationen, die du suchst.<\/p>\n\n\n\n<h2 class=\"wp-block-heading\" id=\"wie-oft-werden-tipps-aus-der-serie-a-angeboten\">Wie oft werden Tipps aus der Serie A angeboten?<\/h2>\n\n\n\n<p>An jedem Wochenende finden 10 Spiele der Serie A statt. Daher ist die Anzahl und das Volumen der Tipps, die auf der Plattform zur Verf\u00fcgung gestellt werden, in der Regel recht hoch. Bedeutet f\u00fcr dich, dass du jede Menge Optionen hast, aus denen du w\u00e4hlen kannst.<\/p>\n\n\n\n<p>Die Serie A war schon immer sehr beliebt, sowohl bei den Wettenden als auch bei den Fu\u00dfballfans. Jeden Tag finden Sie unsere kostenlosen Fu\u00dfballtipps von unserem Team von Tippern, die dir die besten Erkenntnisse bieten, damit du die Buchmacher schlagen kannst.<\/p>\n\n\n\n<p>Wir analysieren jede Woche mehr als 100 Spiele und schreiben Prognosen f\u00fcr die Spiele der Ligue 1, Champions League, Serie A, Bundesliga, Premier League, La Liga, Europa League und viele andere Wettbewerbe.<\/p>\n\n\n\n<p>Dank unseres st\u00e4ndig wachsenden Teams von Tippern und unseres datengesteuerten Algorithmus ist die Wahrscheinlichkeit gro\u00df, dass die Tipps f\u00fcr die Serie A mit nur einer Ber\u00fchrung deines Handys oder einem Mausklick verf\u00fcgbar sind.<\/p>\n\n\n\n<h2 class=\"wp-block-heading\" id=\"alles-was-du-uber-serie-a-wetten-wissen-musst\">Alles, was du \u00fcber Serie A-Wetten wissen musst<\/h2>\n\n\n\n<p>Wie die meisten gro\u00dfen europ\u00e4ischen Ligen besteht auch die Die Serie A aus 20 Mannschaften. Dies ist seit 2004 der Fall und hat mit der Einf\u00fchrung dieses Systems die zuvor gef\u00fchrte Debatte \u00fcber die Gr\u00f6\u00dfe der Liga beendet. Im Gegensatz zu anderen Wettbewerben wird in der Serie A nicht nach dem Zufallsprinzip ein Spielplan mit Hin- und R\u00fcckspielen erstellt. Stattdessen wird das Format in seiner wahren Form \u00fcbernommen.&nbsp;<\/p>\n\n\n\n<p>Wie funktioniert das genau? Vor der Winterpause treten die Mannschaften einmal gegeneinander an. Dieser Zeitraum wird &#8222;andata&#8220; genannt, gefolgt vom &#8222;ritorno&#8220;, der Wiederholung der Spielreihenfolge aus der ersten Saisonh\u00e4lfte. Wenn Juventus zum Beispiel die ersten drei Spiele im August gegen Bologna, Atalanta und Mailand bestreitet, wird es auch im Januar gegen diese Mannschaften antreten.&nbsp;<\/p>\n\n\n\n<p>Seit der Saison 1994\/95 erhalten die Mannschaften f\u00fcr jeden Sieg drei statt zwei Punkte. Dies hatte zur Folge, dass die Wett Tipps der Serie A auf den Kopf gestellt wurden, da sich sowohl die Buchmacher als auch die Branchenexperten nur schwer an das neue Modell gew\u00f6hnen konnten.&nbsp;<\/p>\n\n\n\n<p>Nach wie vor gibt es bei einem Unentschieden in der Liga einen Punkt f\u00fcr jede Mannschaft, w\u00e4hrend bei einer Niederlage nichts ausgezahlt wird. Die Mannschaft, die am Ende der Saison die meisten Punkte gesammelt hat, erh\u00e4lt den Scudetto. <\/p>\n\n\n\n<p>Haben zwei Vereine die gleiche Anzahl von Punkten, werden die folgenden Gleichheitsregeln angewendet:<\/p>\n\n\n\n<ol><li>H2H Rekord (sowohl Ergebnisse als auch Punkte)<\/li><li>H2h Tordifferen<\/li><li>Gesamttordifferenz<\/li><li>Anzahl der erzielten Tore und Unentschieden<\/li><\/ol>\n\n\n\n<p>Auf europ\u00e4ischer Ebene qualifizieren sich die ersten vier Mannschaften direkt f\u00fcr die Gruppenphase der Champions League, w\u00e4hrend der F\u00fcnfte und Sechste in die Europa League einziehen &#8211; sofern eine Mannschaft aus den Top-Sechs auch die Coppa Italia gewinnt. Der Tabellensiebte nimmt an der neuen Europa Conference League teil.<\/p>\n\n\n\n<p>Was den Abstieg betrifft, so gibt es im Hinblick auf das Format nicht viel zu sagen. Die Prognosen f\u00fcr die Serie A unterscheiden sich allerdings von denen anderer Ligen, denn die drei letztplatzierten Mannschaften steigen direkt in die Serie B ab, \u00e4hnlich wie in der englischen Premier League.<\/p>\n\n\n\n<p>Im Vergleich zur deutschen Bundesliga wird in der Serie A am Ende der Saison sehr viel h\u00e4rter gek\u00e4mpft. F\u00fcr die Vereine reicht es nicht aus, nur \u00fcber der Abstiegszone zu schweben, da die Tordifferenz oft dar\u00fcber entscheidet, wer sich \u00fcber Wasser h\u00e4lt, und das bedeutet, dass sich die Dramatik meist bis zum letzten Spieltag hinzieht.<\/p>\n\n\n\n<p>Welcher Bonus ist der beste f\u00fcr meine Serie A-Wetten?<br>Wenn du auf die Serie A wetten m\u00f6chtest, gibt es viele verschiedene Arten von Boni. Wir haben die meisten der verf\u00fcgbaren Boni getestet und die beliebtesten sind diejenigen, die erh\u00f6hte Quoten, Gratiswetten und Geld-zur\u00fcck-Aktionen anbieten.<\/p>\n\n\n\n<p>Die meisten der Serie A-Boni sind mit leicht zu erf\u00fcllenden Bedingungen verbunden (z.B. maximaler Einsatz oder Mindestquoten) und das bedeutet, dass du in der Lage sein wirst, deine Wetten jedes Wochenende und im Laufe der Saison voll und ganz zu genie\u00dfen.<\/p>\n\n\t\t<\/article>\n\t\t<div class=\"lg:w-[300px] lg:flex-shrink-0 relative\" x-data=\"{show_toc: false}\">\n\t\t\t<div class=\"lg:sticky lg:top-4 z-30\">\n\t\t\t\t<div class=\"fixed -top-64 left-0 w-full z-50 lg:static transition-all hidden lg:block\" id=\"fixed-toc\">\n\t\t\t\t\t<div>\n\t\t\t\t<div class=\"border-b border-solid border-gray-30 text-lg font-bold lg:pt-7 max-lg:px-4 py-3 flex items-center justify-between bg-white lg:bg-transparent\">\n\t\t\tWas gibt es auf dieser Seite\n\t\t\t<button @click=\"show_toc = true\" class=\"btn btn-red-outline-white block lg:hidden\">Jump to<\/button>\n\t\t<\/div>\n\t\t\t\t<div\n\t\t\tclass=\"max-lg:fixed max-lg:top-0 max-lg:left-0 max-lg:w-screen max-lg:h-screen max-lg:bg-gray-70 max-lg:bg-opacity-75 max-lg:hidden\"\n\t\t\t:class=\"{'max-lg:hidden': !show_toc}\"\n\t\t\t@click=\"show_toc = false\"\n\t\t>\n\t\t\t<div class=\"max-lg:absolute max-lg:bottom-0 max-lg:left-0 max-lg:w-screen bg-white lg:bg-transparent\">\n\t\t\t\t\t\t\t\t<div class=\"flex lg:hidden items-center justify-between mx-4 border-b border-solid border-gray-30 pt-6 pb-2 font-bold\">\n\n\t\t\t\t\tAuf dieser Seite\n\t\t\t\t\t<button @click=\"show_toc = false\">\n\t\t\t\t\t\t<svg class=\"w-5 h-5 text-gray-100\" xmlns=\"http:\/\/www.w3.org\/2000\/svg\" fill=\"none\" stroke=\"currentColor\" stroke-width=\"1.5\" class=\"w-6 h-6\" viewBox=\"0 0 24 24\"><path stroke-linecap=\"round\" stroke-linejoin=\"round\" d=\"M6 18 18 6M6 6l12 12\"\/><\/svg>\t\t\t\t\t<\/button>\n\t\t\t\t<\/div>\n\t\t\t\t<ul id=\"toc\" class=\"mt-5 max-h-[85vh] overflow-y-auto list-none bt-scrollbars\">\n\n\t\t\t\t\t\t\t\t\t\t\t<li>\n\t\t\t\t\t\t\t<a href=\"#serie-a-wett-tipps-fur-die-heutigen-veranstaltungen\" data-bt-toc-item=\"serie-a-wett-tipps-fur-die-heutigen-veranstaltungen\"\n\t\t\t\t\t\t\t\t @click=\"show_toc = false\"\n\t\t\t\t\t\t\t\t class=\"block px-4 py-2 text-black border-l-4 border-solid border-transparent hover:border-red-100 transition-all hover:!border-b-0 hover:font-bold\">\nSerie A-Wett Tipps f\u00fcr die heutigen Veranstaltungen\n<\/a>\n\t\t\t\t\t\t<\/li>\n\t\t\t\t\t\t\t\t\t\t\t<li>\n\t\t\t\t\t\t\t<a href=\"#fussball-wetttipps-fur-die-serie-a-saison-2021-22\" data-bt-toc-item=\"fussball-wetttipps-fur-die-serie-a-saison-2021-22\"\n\t\t\t\t\t\t\t\t @click=\"show_toc = false\"\n\t\t\t\t\t\t\t\t class=\"block px-4 py-2 text-black border-l-4 border-solid border-transparent hover:border-red-100 transition-all hover:!border-b-0 hover:font-bold\">\nFu\u00dfball-Wetttipps f\u00fcr die Serie A Saison 2021\/22\n<\/a>\n\t\t\t\t\t\t<\/li>\n\t\t\t\t\t\t\t\t\t\t\t<li>\n\t\t\t\t\t\t\t<a href=\"#wer-sind-die-besten-buchmacher-fur-die-serie-a\" data-bt-toc-item=\"wer-sind-die-besten-buchmacher-fur-die-serie-a\"\n\t\t\t\t\t\t\t\t @click=\"show_toc = false\"\n\t\t\t\t\t\t\t\t class=\"block px-4 py-2 text-black border-l-4 border-solid border-transparent hover:border-red-100 transition-all hover:!border-b-0 hover:font-bold\">\nWer sind die besten Buchmacher f\u00fcr die Serie A?\n<\/a>\n\t\t\t\t\t\t<\/li>\n\t\t\t\t\t\t\t\t\t\t\t<li>\n\t\t\t\t\t\t\t<a href=\"#wie-erstellen-wir-unsere-wett-tipps\" data-bt-toc-item=\"wie-erstellen-wir-unsere-wett-tipps\"\n\t\t\t\t\t\t\t\t @click=\"show_toc = false\"\n\t\t\t\t\t\t\t\t class=\"block px-4 py-2 text-black border-l-4 border-solid border-transparent hover:border-red-100 transition-all hover:!border-b-0 hover:font-bold\">\nWie erstellen wir unsere Wett Tipps?\n<\/a>\n\t\t\t\t\t\t<\/li>\n\t\t\t\t\t\t\t\t\t\t\t<li>\n\t\t\t\t\t\t\t<a href=\"#fur-welche-spiele-der-serie-a-werden-tipps-angeboten\" data-bt-toc-item=\"fur-welche-spiele-der-serie-a-werden-tipps-angeboten\"\n\t\t\t\t\t\t\t\t @click=\"show_toc = false\"\n\t\t\t\t\t\t\t\t class=\"block px-4 py-2 text-black border-l-4 border-solid border-transparent hover:border-red-100 transition-all hover:!border-b-0 hover:font-bold\">\nF\u00fcr welche Spiele der Serie A werden Tipps angeboten?\n<\/a>\n\t\t\t\t\t\t<\/li>\n\t\t\t\t\t\t\t\t\t\t\t<li>\n\t\t\t\t\t\t\t<a href=\"#wie-oft-werden-tipps-aus-der-serie-a-angeboten\" data-bt-toc-item=\"wie-oft-werden-tipps-aus-der-serie-a-angeboten\"\n\t\t\t\t\t\t\t\t @click=\"show_toc = false\"\n\t\t\t\t\t\t\t\t class=\"block px-4 py-2 text-black border-l-4 border-solid border-transparent hover:border-red-100 transition-all hover:!border-b-0 hover:font-bold\">\nWie oft werden Tipps aus der Serie A angeboten?\n<\/a>\n\t\t\t\t\t\t<\/li>\n\t\t\t\t\t\t\t\t\t\t\t<li>\n\t\t\t\t\t\t\t<a href=\"#alles-was-du-uber-serie-a-wetten-wissen-musst\" data-bt-toc-item=\"alles-was-du-uber-serie-a-wetten-wissen-musst\"\n\t\t\t\t\t\t\t\t @click=\"show_toc = false\"\n\t\t\t\t\t\t\t\t class=\"block px-4 py-2 text-black border-l-4 border-solid border-transparent hover:border-red-100 transition-all hover:!border-b-0 hover:font-bold\">\nAlles, was du \u00fcber Serie A-Wetten wissen musst\n<\/a>\n\t\t\t\t\t\t<\/li>\n\t\t\t\t\t\t\t\t\t<\/ul>\n\t\t\t\t\t\t\t\t\t\t\t<\/div>\n\t\t<\/div>\n\t<\/div>\n\t\t\t\t\t<\/div>\n\t\t\t<\/div>\n\t\t<\/div>\n\t<\/div>\n<\/div>\n\t<\/div>\n<\/div>\n\n","protected":false},"excerpt":{"rendered":"","protected":false},"author":6,"featured_media":472,"parent":975,"menu_order":1000,"comment_status":"closed","ping_status":"closed","template":"","meta":{"footnotes":""},"tags":[],"acf":[],"_links":{"self":[{"href":"https:\/\/betting.com\/de\/wp-json\/wp\/v2\/pages\/269"}],"collection":[{"href":"https:\/\/betting.com\/de\/wp-json\/wp\/v2\/pages"}],"about":[{"href":"https:\/\/betting.com\/de\/wp-json\/wp\/v2\/types\/page"}],"author":[{"embeddable":true,"href":"https:\/\/betting.com\/de\/wp-json\/wp\/v2\/users\/6"}],"replies":[{"embeddable":true,"href":"https:\/\/betting.com\/de\/wp-json\/wp\/v2\/comments?post=269"}],"version-history":[{"count":4,"href":"https:\/\/betting.com\/de\/wp-json\/wp\/v2\/pages\/269\/revisions"}],"predecessor-version":[{"id":6193,"href":"https:\/\/betting.com\/de\/wp-json\/wp\/v2\/pages\/269\/revisions\/6193"}],"up":[{"embeddable":true,"href":"https:\/\/betting.com\/de\/wp-json\/wp\/v2\/pages\/975"}],"wp:featuredmedia":[{"embeddable":true,"href":"https:\/\/betting.com\/de\/wp-json\/wp\/v2\/media\/472"}],"wp:attachment":[{"href":"https:\/\/betting.com\/de\/wp-json\/wp\/v2\/media?parent=269"}],"wp:term":[{"taxonomy":"post_tag","embeddable":true,"href":"https:\/\/betting.com\/de\/wp-json\/wp\/v2\/tags?post=269"}],"curies":[{"name":"wp","href":"https:\/\/api.w.org\/{rel}","templated":true}]}}