{"id":267,"date":"2022-06-16T06:11:39","date_gmt":"2022-06-16T06:11:39","guid":{"rendered":"https:\/\/betting.com\/de\/?page_id=267"},"modified":"2023-08-02T12:31:07","modified_gmt":"2023-08-02T12:31:07","slug":"tipps","status":"publish","type":"page","link":"https:\/\/betting.com\/de\/schweizer-super-league\/tipps","title":{"rendered":"Schweizer Super League Wett Tipps"},"content":{"rendered":"<div class=\" container-white py-8\">\n\t<div class=\"wp-block-container-toc  \">\n\t\t\t<div class=\"bg-white\">\n\t<div class=\"flex flex-col-reverse lg:flex-row lg:gap-8 py-10\">\n\t\t<article class=\"max-w-[960px] flex-grow\" data-bt-content>\n\t\t\t\n<p>Das A und O f\u00fcr gewinnbringende Wetten ist es, stets \u00fcber die besten Informationen zu verf\u00fcgen und dem Spiel immer einen Schritt voraus zu sein. Dies kann durch statistisches Know-how, Spielanalysen oder detaillierte Recherchen erreicht werden, die Sie mit unseren Wett Tipps miteinander kombinieren k\u00f6nnen.<\/p>\n\n\n\n<p>Auf Betting.com finden Sie Tipps f\u00fcr die Schweizer Super League, die sowohl von unseren Experten als auch von unseren 100% verifizierten Tippern abgegeben werden. Da die Schweizer Super League ein beliebter Wettmarkt ist, k\u00f6nnen Sie t\u00e4glich an Wett Tipps teilnehmen, damit Sie die Buchmacher schlagen k\u00f6nnen.<\/p>\n\n\n\n<p>Unsere Wetttipps f\u00fcr die Schweizer Super League sind eine gute M\u00f6glichkeit, um mit Wetten auf diese Liga zu beginnen, oder deine Informationen und dein Wissen als Experte zu vertiefen. Unsere Tipper verf\u00fcgen \u00fcber ein umfassendes Wissen \u00fcber die Mannschaften und Spieler der Liga und \u00fcber s\u00e4mtliche relevanten Statistiken, die Sie ben\u00f6tigen.<\/p>\n\n\n\n<p>Vor diesem Hintergrund schauen wir uns nun genauer an, wie unsere Tipps zur Schweizer Super League Ihnen helfen k\u00f6nnen, bessere Wetten abzuschlie\u00dfen.<\/p>\n\n\n\n<h2 class=\"wp-block-heading\" id=\"fussball-wett-tipps-fur-die-schweizer-super-league-2022-23\">Fussball Wett Tipps f\u00fcr die Schweizer Super League 2022\/23<\/h2>\n\n\n\n<p>Die Schweizer Super League gilt als eine der zweith\u00f6chsten Ligen in Europa und beherbergt die zehn besten Klubs innerhalb ihrer Struktur &#8211; wenn auch nicht unbedingt innerhalb des Landes, da auch liechtensteinische Klubs Teil der Struktur sind.<\/p>\n\n\n\n<p>Zwar gilt die Schweizer Super League nicht unbedingt als Brutst\u00e4tte des europ\u00e4ischen Fu\u00dfballs, doch ist sie ein zumindest respektabler Wettbewerb, der mit seinen Vereinen durchaus in der Lage ist, den einen oder anderen europ\u00e4ischen Erfolg zu erringen, auch wenn er manchmal \u00fcbersehen wird.<\/p>\n\n\n\n<p>Wie die \u00d6sterreichische Bundesliga von \u00e4hnlicher Gr\u00f6\u00dfe und Statur ist die Schweizer Super League ein attraktiver Wettbewerb, der von den Anh\u00e4ngern der zehn teilnehmenden Mannschaften leidenschaftlich unterst\u00fctzt wird, und sobald die Stadiontore ge\u00f6ffnet werden, kann man mit einer lautstarken Atmosph\u00e4re rechnen.<\/p>\n\n\n\n<p><em>\u201cDie zehn Spitzenvereine der Schweizer Super League spielen je zweimal zu Hause und ausw\u00e4rts gegeneinander, was zu vier wiederholten Spieltagen f\u00fchrt.\u201d<\/em><\/p>\n\n\n\n<p>Angesichts der geringen Anzahl an Vereinen in der obersten Spielklasse sind die einzigen anderen Ausweichm\u00f6glichkeiten 18 Spiele (Doppelrunde mit Heim- und Ausw\u00e4rtsspielen &#8211; aber eine zu kurze Saison) oder 27 Spiele (was zu einem Ungleichgewicht f\u00fchren w\u00fcrde), so dass man das Gef\u00fchl hat, dass dies die einzige praktikable Option ist.<\/p>\n\n\n\n<p>Dieses Format bietet auf jeden Fall interessanten Fu\u00dfball, auch wenn das Rennen um den Titel manchmal gar nicht stattfindet. Da es im Kampf um die europ\u00e4ische Qualifikation und im Abstiegs-Playoff immer spannend bleibt, gibt es an beiden Enden der Tabelle immer viel Spannung und Dramatik.<\/p>\n\n\n\n<h2 class=\"wp-block-heading\" id=\"wer-sind-die-besten-buchmacher-fur-die-schweizer-super-league\">Wer sind die besten Buchmacher f\u00fcr die Schweizer Super League?<\/h2>\n\n\n\n<p>Aufgrund der gro\u00dfen Beliebtheit der Schweizer Super League in ganz Europa bieten viele Buchmacher jede Woche passende Quoten an. Wenn Sie sich jedoch f\u00fcr einen Buchmacher entscheiden sollten, um auf die Schweizer Super League zu wetten, ist es sinnvoll, einen Bonus zu w\u00e4hlen, der zu Ihnen passt, oder eine spezielle Aktion zu finden, von der Sie profitieren k\u00f6nnen.<\/p>\n\n\n\n<p>Wir k\u00f6nnen f\u00fcr alle von uns empfohlenen Buchmacher b\u00fcrgen, von denen Sie weiter unten einige sehen k\u00f6nnen. Falls Sie es bevorzugen, k\u00f6nnen Sie auch zu unserem Buchmacher-Bereich gehen, wo Sie die aktuellen Willkommensboni und Aktionen sehen und unsere ausf\u00fchrlichen Bewertungen lesen k\u00f6nnen.<\/p>\n\n\n\n<h2 class=\"wp-block-heading\" id=\"wie-erstellen-wir-unsere-wett-tipps\">Wie erstellen wir unsere Wett Tipps?<\/h2>\n\n\n\n<p>Da die Young Boys die Schweizer Super League in der letzten Saison souver\u00e4n gewonnen haben, w\u00e4re es nicht besonders lukrativ gewesen, auf einen Gesamtsieg oder einen Sieg am letzten Spieltag zu wetten.<\/p>\n\n\n\n<p>F\u00fcr jene, die das Maximum aus ihren Wetten auf die Schweizer Super League herausholen wollen, gibt es jedoch die M\u00f6glichkeit, einladende Quoten zu bekommen, da die Spiele, an denen der Meister nicht beteiligt ist, in beide Richtungen gehen k\u00f6nnen.<\/p>\n\n\n\n<p><em>\u201cDa es nur 10 Mannschaften im Wettbewerb gibt, bleibt im Tabellenmittelfeld nicht viel \u00fcbrig, und da die anderen neun Mannschaften Punkte liegen lassen, werden richtige Prognosen schnell profitabel.\u201d<\/em><\/p>\n\n\n\n<p>Expertenwissen und Wett Tipps, die auf gut recherchierten statistischen Daten beruhen, sind der Schl\u00fcssel zum Erfolg bei Wetten auf die Schweizer Super League. Je mehr Informationen Sie in die H\u00e4nde bekommen, desto gr\u00f6\u00dfer sind Ihre Chancen, fundierte Wetten abzuschlie\u00dfen.<\/p>\n\n\n\n<p>Unabh\u00e4ngig davon, ob die Liga f\u00fcr Sie neu ist oder ob Sie bereits unseren verifizierten Tippern und internen Experten folgen, k\u00f6nnen diese Ihnen wertvolle Hinweise geben. Sie k\u00f6nnen ihren Vorhersagen folgen, indem Sie sich auf ihr Wissen verlassen oder die detaillierten Recherchen unterst\u00fctzen, die Sie bereits angestellt haben.<\/p>\n\n\n\n<h2 class=\"wp-block-heading\" id=\"fur-welche-spiele-der-schweizer-super-league-werden-tipps-angeboten\">F\u00fcr welche Spiele der Schweizer Super League werden Tipps angeboten?<\/h2>\n\n\n\n<p>Unsere Tipper und Experten arbeiten mit fundierten statistischen Kenntnissen \u00fcber die Schweizer Super League und verf\u00fcgen \u00fcber einen gro\u00dfen Erfahrungsschatz, wenn es um Wetten auf diese Liga geht. Das bedeutet, dass sie keine Wetten auf bestimmte Teams oder Spiele bevorzugen und nicht von pers\u00f6nlichen oder fr\u00fcheren Vorurteilen beeinflusst werden.<\/p>\n\n\n\n<p>Stattdessen st\u00fctzen sie sich bei ihren Wett Tipps auf gut recherchierte Statistiken und Daten, was dazu f\u00fchrt, dass alle M\u00e4rkte relevant und f\u00fcr diejenigen von Interesse sind, die vor den Wettaktivit\u00e4ten des n\u00e4chsten Wochenendes weitere Erkenntnisse gewinnen m\u00f6chten.<\/p>\n\n\n\n<p>Da die Schweizer Super League bei Wettenden auf der ganzen Welt sehr beliebt ist, gibt es eine Vielzahl von Wett Tipps zu den verschiedensten Spielen. F\u00fcr jede Runde der Schweizer Super League gibt es in der Regel mehrere Wett Tipps pro Spieltag.<\/p>\n\n\n\n<h2 class=\"wp-block-heading\" id=\"wie-oft-werden-tipps-fur-die-schweizer-super-league-angeboten\">Wie oft werden Tipps f\u00fcr die Schweizer Super League angeboten?<\/h2>\n\n\n\n<p>Wie bereits erw\u00e4hnt, sind die Wetttipps f\u00fcr die Schweizer Super League sehr gut abgedeckt, und f\u00fcr alle Spielrunden gibt es eine gro\u00dfe Anzahl von Vorhersagen. Unsere Tipper lieben es, auf den Schweizer Fu\u00dfball im Allgemeinen zu wetten, sodass es in den meisten F\u00e4llen f\u00fcr das Spiel, das Sie interessiert, einen Wett Tipp gibt.<\/p>\n\n\n\n<p><em>\u201cDie internen Experten von Betting.com scheuen sich auch nicht, \u00fcber die Schweizer Super League zu berichten, die sicherlich zu den popul\u00e4rsten Ligen da drau\u00dfen geh\u00f6rt. Das bedeutet, dass Sie w\u00f6chentlich gut recherchierte Spielvorschauen und Artikel mit Wett Tipps aus der Schweizer Super League erwarten k\u00f6nnen.\u201d<\/em><\/p>\n\n\n\n<p>Alles, was Sie \u00fcber das Wetten auf die Schweizer Super League wissen m\u00fcssen<\/p>\n\n\n\n<p>Im Gegensatz zu den weniger popul\u00e4ren europ\u00e4ischen Ligen sollten Sie bei Wetten auf die Schweizer Super League nur darauf achten, die besten Quoten zu finden, wobei Ihnen unser Quotenvergleich sicher weiterhelfen wird.<\/p>\n\n\n\n<p>Abgesehen davon sind ein toller Willkommensbonus oder Sonderaktionen immer etwas, worauf man ein Auge haben sollte. Seien Sie versichert, dass die Suche nach Quoten f\u00fcr die Schweizer Super League beim besten Willen keine Herausforderung darstellt.<\/p>\n\n\n\n<h2 class=\"wp-block-heading\" id=\"welcher-bonus-ist-der-beste-fur-meine-wetten-auf-die-schweizer-super-league\">Welcher Bonus ist der beste f\u00fcr meine Wetten auf die Schweizer Super League?<\/h2>\n\n\n\n<p>Solange Sie auf die Schweizer Super League wetten, gibt es viele verschiedene Arten von Boni, die Sie in Anspruch nehmen und genie\u00dfen k\u00f6nnen. Wir haben die meisten der verf\u00fcgbaren Boni getestet und die beliebtesten sind jene, die erh\u00f6hte Quoten, Gratiswetten und Geld-zur\u00fcck-Aktionen anbieten.<\/p>\n\n\n\n<p>Die meisten Boni sind mit einfach zu erf\u00fcllenden Bedingungen verbunden (z.B. maximaler Einsatz oder Mindestquoten) was bedeutet, dass Sie in der Lage sind, Ihre Wetten jedes Wochenende und im Laufe der Saison in vollen Z\u00fcgen zu genie\u00dfen.<\/p>\n\n\t\t<\/article>\n\t\t<div class=\"lg:w-[300px] lg:flex-shrink-0 relative\" x-data=\"{show_toc: false}\">\n\t\t\t<div class=\"lg:sticky lg:top-4 z-30\">\n\t\t\t\t<div class=\"fixed -top-64 left-0 w-full z-50 lg:static transition-all hidden lg:block\" id=\"fixed-toc\">\n\t\t\t\t\t<div>\n\t\t\t\t<div class=\"border-b border-solid border-gray-30 text-lg font-bold lg:pt-7 max-lg:px-4 py-3 flex items-center justify-between bg-white lg:bg-transparent\">\n\t\t\tWas gibt es auf dieser Seite\n\t\t\t<button @click=\"show_toc = true\" class=\"btn btn-red-outline-white block lg:hidden\">Jump to<\/button>\n\t\t<\/div>\n\t\t\t\t<div\n\t\t\tclass=\"max-lg:fixed max-lg:top-0 max-lg:left-0 max-lg:w-screen max-lg:h-screen max-lg:bg-gray-70 max-lg:bg-opacity-75 max-lg:hidden\"\n\t\t\t:class=\"{'max-lg:hidden': !show_toc}\"\n\t\t\t@click=\"show_toc = false\"\n\t\t>\n\t\t\t<div class=\"max-lg:absolute max-lg:bottom-0 max-lg:left-0 max-lg:w-screen bg-white lg:bg-transparent\">\n\t\t\t\t\t\t\t\t<div class=\"flex lg:hidden items-center justify-between mx-4 border-b border-solid border-gray-30 pt-6 pb-2 font-bold\">\n\n\t\t\t\t\tAuf dieser Seite\n\t\t\t\t\t<button @click=\"show_toc = false\">\n\t\t\t\t\t\t<svg class=\"w-5 h-5 text-gray-100\" xmlns=\"http:\/\/www.w3.org\/2000\/svg\" fill=\"none\" stroke=\"currentColor\" stroke-width=\"1.5\" class=\"w-6 h-6\" viewBox=\"0 0 24 24\"><path stroke-linecap=\"round\" stroke-linejoin=\"round\" d=\"M6 18 18 6M6 6l12 12\"\/><\/svg>\t\t\t\t\t<\/button>\n\t\t\t\t<\/div>\n\t\t\t\t<ul id=\"toc\" class=\"mt-5 max-h-[85vh] overflow-y-auto list-none bt-scrollbars\">\n\n\t\t\t\t\t\t\t\t\t\t\t<li>\n\t\t\t\t\t\t\t<a href=\"#fussball-wett-tipps-fur-die-schweizer-super-league-2022-23\" data-bt-toc-item=\"fussball-wett-tipps-fur-die-schweizer-super-league-2022-23\"\n\t\t\t\t\t\t\t\t @click=\"show_toc = false\"\n\t\t\t\t\t\t\t\t class=\"block px-4 py-2 text-black border-l-4 border-solid border-transparent hover:border-red-100 transition-all hover:!border-b-0 hover:font-bold\">\nFussball Wett Tipps f\u00fcr die Schweizer Super League 2022\/23\n<\/a>\n\t\t\t\t\t\t<\/li>\n\t\t\t\t\t\t\t\t\t\t\t<li>\n\t\t\t\t\t\t\t<a href=\"#wer-sind-die-besten-buchmacher-fur-die-schweizer-super-league\" data-bt-toc-item=\"wer-sind-die-besten-buchmacher-fur-die-schweizer-super-league\"\n\t\t\t\t\t\t\t\t @click=\"show_toc = false\"\n\t\t\t\t\t\t\t\t class=\"block px-4 py-2 text-black border-l-4 border-solid border-transparent hover:border-red-100 transition-all hover:!border-b-0 hover:font-bold\">\nWer sind die besten Buchmacher f\u00fcr die Schweizer Super League?\n<\/a>\n\t\t\t\t\t\t<\/li>\n\t\t\t\t\t\t\t\t\t\t\t<li>\n\t\t\t\t\t\t\t<a href=\"#wie-erstellen-wir-unsere-wett-tipps\" data-bt-toc-item=\"wie-erstellen-wir-unsere-wett-tipps\"\n\t\t\t\t\t\t\t\t @click=\"show_toc = false\"\n\t\t\t\t\t\t\t\t class=\"block px-4 py-2 text-black border-l-4 border-solid border-transparent hover:border-red-100 transition-all hover:!border-b-0 hover:font-bold\">\nWie erstellen wir unsere Wett Tipps?\n<\/a>\n\t\t\t\t\t\t<\/li>\n\t\t\t\t\t\t\t\t\t\t\t<li>\n\t\t\t\t\t\t\t<a href=\"#fur-welche-spiele-der-schweizer-super-league-werden-tipps-angeboten\" data-bt-toc-item=\"fur-welche-spiele-der-schweizer-super-league-werden-tipps-angeboten\"\n\t\t\t\t\t\t\t\t @click=\"show_toc = false\"\n\t\t\t\t\t\t\t\t class=\"block px-4 py-2 text-black border-l-4 border-solid border-transparent hover:border-red-100 transition-all hover:!border-b-0 hover:font-bold\">\nF\u00fcr welche Spiele der Schweizer Super League werden Tipps angeboten?\n<\/a>\n\t\t\t\t\t\t<\/li>\n\t\t\t\t\t\t\t\t\t\t\t<li>\n\t\t\t\t\t\t\t<a href=\"#wie-oft-werden-tipps-fur-die-schweizer-super-league-angeboten\" data-bt-toc-item=\"wie-oft-werden-tipps-fur-die-schweizer-super-league-angeboten\"\n\t\t\t\t\t\t\t\t @click=\"show_toc = false\"\n\t\t\t\t\t\t\t\t class=\"block px-4 py-2 text-black border-l-4 border-solid border-transparent hover:border-red-100 transition-all hover:!border-b-0 hover:font-bold\">\nWie oft werden Tipps f\u00fcr die Schweizer Super League angeboten?\n<\/a>\n\t\t\t\t\t\t<\/li>\n\t\t\t\t\t\t\t\t\t\t\t<li>\n\t\t\t\t\t\t\t<a href=\"#welcher-bonus-ist-der-beste-fur-meine-wetten-auf-die-schweizer-super-league\" data-bt-toc-item=\"welcher-bonus-ist-der-beste-fur-meine-wetten-auf-die-schweizer-super-league\"\n\t\t\t\t\t\t\t\t @click=\"show_toc = false\"\n\t\t\t\t\t\t\t\t class=\"block px-4 py-2 text-black border-l-4 border-solid border-transparent hover:border-red-100 transition-all hover:!border-b-0 hover:font-bold\">\nWelcher Bonus ist der beste f\u00fcr meine Wetten auf die Schweizer Super League?\n<\/a>\n\t\t\t\t\t\t<\/li>\n\t\t\t\t\t\t\t\t\t<\/ul>\n\t\t\t\t\t\t\t\t\t\t\t<\/div>\n\t\t<\/div>\n\t<\/div>\n\t\t\t\t\t<\/div>\n\t\t\t<\/div>\n\t\t<\/div>\n\t<\/div>\n<\/div>\n\t<\/div>\n<\/div>\n\n","protected":false},"excerpt":{"rendered":"","protected":false},"author":6,"featured_media":475,"parent":873,"menu_order":1000,"comment_status":"closed","ping_status":"closed","template":"","meta":{"footnotes":""},"tags":[],"acf":[],"_links":{"self":[{"href":"https:\/\/betting.com\/de\/wp-json\/wp\/v2\/pages\/267"}],"collection":[{"href":"https:\/\/betting.com\/de\/wp-json\/wp\/v2\/pages"}],"about":[{"href":"https:\/\/betting.com\/de\/wp-json\/wp\/v2\/types\/page"}],"author":[{"embeddable":true,"href":"https:\/\/betting.com\/de\/wp-json\/wp\/v2\/users\/6"}],"replies":[{"embeddable":true,"href":"https:\/\/betting.com\/de\/wp-json\/wp\/v2\/comments?post=267"}],"version-history":[{"count":4,"href":"https:\/\/betting.com\/de\/wp-json\/wp\/v2\/pages\/267\/revisions"}],"predecessor-version":[{"id":6192,"href":"https:\/\/betting.com\/de\/wp-json\/wp\/v2\/pages\/267\/revisions\/6192"}],"up":[{"embeddable":true,"href":"https:\/\/betting.com\/de\/wp-json\/wp\/v2\/pages\/873"}],"wp:featuredmedia":[{"embeddable":true,"href":"https:\/\/betting.com\/de\/wp-json\/wp\/v2\/media\/475"}],"wp:attachment":[{"href":"https:\/\/betting.com\/de\/wp-json\/wp\/v2\/media?parent=267"}],"wp:term":[{"taxonomy":"post_tag","embeddable":true,"href":"https:\/\/betting.com\/de\/wp-json\/wp\/v2\/tags?post=267"}],"curies":[{"name":"wp","href":"https:\/\/api.w.org\/{rel}","templated":true}]}}