{"id":265,"date":"2022-06-16T06:08:35","date_gmt":"2022-06-16T06:08:35","guid":{"rendered":"https:\/\/betting.com\/de\/?page_id=265"},"modified":"2023-08-02T12:31:07","modified_gmt":"2023-08-02T12:31:07","slug":"tipps","status":"publish","type":"page","link":"https:\/\/betting.com\/de\/schottische-premiership\/tipps","title":{"rendered":"Schottische Premiership SPFL Wett Tipps"},"content":{"rendered":"<div class=\" container-white py-8\">\n\t<div class=\"wp-block-container-toc  \">\n\t\t\t<div class=\"bg-white\">\n\t<div class=\"flex flex-col-reverse lg:flex-row lg:gap-8 py-10\">\n\t\t<article class=\"max-w-[960px] flex-grow\" data-bt-content>\n\t\t\t\n<h2 class=\"wp-block-heading\" id=\"premiership-wett-tipps-fur-die-heutigen-veranstaltungen\">Premiership-Wett Tipps f\u00fcr die heutigen Veranstaltungen<\/h2>\n\n\n\n<p>Obwohl die schottische Premier League als weniger glamour\u00f6s gilt als ihre englische Cousine, bedeutet das nicht, dass die Liga weniger enthusiastisch unterst\u00fctzt wird &#8211; man k\u00f6nnte sogar behaupten, dass die Leidenschaft n\u00f6rdlich der Grenze noch gr\u00f6\u00dfer ist.<\/p>\n\n\n\n<p>Obwohl sich Celtic und die Rangers st\u00e4ndig gegen\u00fcberstehen, ist die Leidenschaft und Spannung w\u00e4hrend der gesamten Saison zu sp\u00fcren, und obwohl der Wettbewerb immer nur ein Zweikampf ist, ist es ein Rennen, das normalerweise bis zum Schluss spannend bleibt.<\/p>\n\n\n\n<p>F\u00fcr diejenigen, die mit ihren Wetten einen Gewinn erzielen m\u00f6chten, ist Betting.com der perfekte Ort. Unsere Wetttipps und die dazugeh\u00f6rigen Informationen erm\u00f6glichen es dir, die besten Entscheidungen zu treffen, wenn es um Wetten auf die schottische Premiership geht.<\/p>\n\n\n\n<h2 class=\"wp-block-heading\" id=\"fussball-wett-tipps-fur-die-schottische-premiership-der-saison-22-23\">Fu\u00dfball-Wett Tipps f\u00fcr die schottische Premiership der Saison 22\/23<\/h2>\n\n\n\n<p>Die Scottish Professional League (SPFL) ist die h\u00f6chste Spielklasse f\u00fcr Profivereine in Schottland. Die Liga wurde 1998 als SPL gegr\u00fcndet, fusionierte jedoch 2013 mit den drei darunter liegenden Ligen, um ihre heutige Gr\u00f6\u00dfe zu erhalten.<\/p>\n\n\n\n<p>Die regul\u00e4re Saison l\u00e4uft von August bis Mai, wobei es am Ende der Saison an Dramatik nicht mangelt, und zwar in Form eines Abstiegs-Playoffs zwischen dem Verein, der den 11. Platz in der Premiership-Tabelle belegt und demjenigen, der sich aus der Championship qualifiziert.<\/p>\n\n\n\n<p>Der Teilnehmer der Championship am Abstiegs-\/Aufstiegs-Playoff wird in einer Reihe von Playoffs ermittelt, bei denen der Vierte gegen den Dritten spielt und der Sieger dieses Spiels ein weiteres Playoff mit zwei Spielen gegen den Zweitplatzierten der Division bestreitet.<\/p>\n\n\n\n<p>Der Sieger dieser Begegnung trifft dann auf den Zweitplatzierten der Scottish Premiership. Obwohl diese Konstellation die Mannschaft aus der obersten Spielklasse beg\u00fcnstigt, gab es in den letzten Jahren immer wieder Vereine, die den Abstieg hinnehmen mussten.<\/p>\n\n\n\n<p>In jeder Saison spielen 12 Mannschaften in der Scottish Premiership, welche in zwei Phasen unterteilt ist. In der ersten Phase spielt jeder Verein drei Spiele gegen jeden anderen Verein (zweimal zu Hause und einmal ausw\u00e4rts oder umgekehrt). Nach der ersten Phase haben alle Vereine 33 Spiele absolviert.<\/p>\n\n\n\n<p>In dieser Phase ziehen die sechs Erstplatzierten in die Meisterschaftsrunde ein, in der entschieden wird, wer in dieser Saison Meister wird und wer sich schlie\u00dflich f\u00fcr Europa qualifiziert.<\/p>\n\n\n\n<p>Die sechs letztplatzierten Vereine versuchen, sich \u00fcber Wasser zu halten und entweder den automatischen Abstieg zu vermeiden, indem sie den letzten Platz in der Tabelle belegen, oder in die bereits erw\u00e4hnten Play-offs einzuziehen.<\/p>\n\n\n\n<p>In dieser Saisonphase spielt jede Mannschaft innerhalb ihrer Gruppe einmal zu Beginn der Saison gegen alle anderen Mannschaften, was manchmal eine ungleiche Verteilung der Heim- und Ausw\u00e4rtsspiele bedeutet. Die Gesamtzahl der Spiele wird jedoch immer 38 f\u00fcr alle Vereine betragen.<\/p>\n\n\n\n<p>Dabei ist zu bedenken, dass die Mannschaften in der unteren H\u00e4lfte der Tabelle manchmal mehr Punkte sammeln k\u00f6nnen als die in der oberen H\u00e4lfte, weil sie mehr Siege gegen schw\u00e4chere Gegner einfahren. Allerdings k\u00f6nnen sie nur bis zum 7. Platz in der Tabelle vorsto\u00dfen.<\/p>\n\n\n\n<h2 class=\"wp-block-heading\" id=\"wer-sind-die-besten-buchmacher-fur-die-schottische-premiership\">Wer sind die besten Buchmacher f\u00fcr die schottische Premiership?<\/h2>\n\n\n\n<p>Fast jeder Buchmacher der Welt bietet Wettquoten f\u00fcr die SPFL an. Bei Sonderangeboten, Live-Streams und ausf\u00fchrlichen Statistiken ist dies jedoch nicht immer der Fall.<\/p>\n\n\n\n<p>Die Kombination von Wett Tipps, hohen Quoten und einem Sonderangebot f\u00fcr die Premiership ist eine kluge Entscheidung, die deine langfristigen Gewinne steigern kann!<\/p>\n\n\n\n<p>Wir haben die Buchmacher getestet und ihre Verf\u00fcgbarkeit von M\u00e4rkten, Angeboten und Quoten \u00fcberpr\u00fcft und k\u00f6nnen feststellen, dass die besten auf dem Markt sind:<\/p>\n\n\n\n<ul><li>ComeOn<\/li><li>LeoVegas<\/li><\/ul>\n\n\n\n<h2 class=\"wp-block-heading\" id=\"wie-werden-unsere-wett-tipps-generiert\">Wie werden unsere Wett Tipps generiert?<\/h2>\n\n\n\n<p>Die Tipps, die du auf Betting.com vorfindest, werden von einer st\u00e4ndig wachsenden Zahl erfahrener Profis aus der Welt der Wetten bereitgestellt. Sie haben die Aufgabe, alle verf\u00fcgbaren Nachrichten, Statistiken und Daten zu recherchieren, um die bestm\u00f6glichen Wett Tipps anzubieten.<\/p>\n\n\n\n<p>Auf Betting.com findest du eine endlose Liste von Wett Tipps, wobei alle Tipps von unseren Algorithmen \u00fcberpr\u00fcft werden, bevor sie live geschaltet werden. Auf diese Weise k\u00f6nnen wir dir gew\u00e4hrleisten, dass alle Tipps, die auf unserer Website verf\u00fcgbar sind, zu 100 % seri\u00f6s sind und du mit dem gr\u00f6\u00dften Vertrauen wetten kannst.<\/p>\n\n\n\n<h2 class=\"wp-block-heading\" id=\"fur-welche-spiele-der-schottischen-premiership-werden-tipps-angeboten\">F\u00fcr welche Spiele der schottischen Premiership werden Tipps angeboten?<\/h2>\n\n\n\n<p>Mit einer gro\u00dfen Menge an Daten, die verwendet werden, sind unsere Betting.com Tipps sicherlich eines der Dinge, die dir helfen werden, die Buchmacher auf einer regelm\u00e4\u00dfigen Basis zu schlagen. Mit diesen Wett Tipps hast du eine viel gr\u00f6\u00dfere Chance, im Laufe der schottischen Premiership-Saison mehr Gewinn zu machen.<\/p>\n\n\n\n<p>Dank unserer gro\u00dfen Liste von engagierten schottischen Premiership-Tippgebern wird in jeder Saison eine breite Palette von Spielen abgedeckt. Sie werden sich stets M\u00fche geben, um dich mit gen\u00fcgend Wettvorschl\u00e4gen zu versorgen, damit du deine Gewinne t\u00e4glich steigern kannst.<\/p>\n\n\n\n<p>Da sowohl Hearts als auch Dundee in dieser Saison aufgestiegen sind, stehen die Derbys in Edinburgh und Dundee wieder auf dem Spielplan.<\/p>\n\n\n\n<h2 class=\"wp-block-heading\" id=\"wie-oft-werden-tipps-aus-der-schottischen-premiership-angeboten\">Wie oft werden Tipps aus der schottischen Premiership angeboten?<\/h2>\n\n\n\n<p>Die Wett Tipps sind haupts\u00e4chlich an den Wochenenden und am Tag vor der Premiership-Runde verf\u00fcgbar. So kannst du dich auf Wett Tipps st\u00fctzen, die die neuesten Nachrichten enthalten und keine kurzfristigen Umst\u00e4nde wie z. B. Verletzungsmeldungen ber\u00fccksichtigen, die du vielleicht anderswo verpasst hast.<\/p>\n\n\n\n<p>Einige der Tipper, die \u00fcber mehr Wissen und Erfahrung verf\u00fcgen, bieten auch Wett Tipps f\u00fcr langfristige Ereignisse an, z. B. wer die n\u00e4chste Mannschaft ist, die die schottische Premiership gewinnt (oder welche Mannschaft aus Glasgow den Sieg davontr\u00e4gt), wer der beste Torsch\u00fctze der Liga wird oder wer absteigt.<\/p>\n\n\n\n<p>Mithilfe dieser Wett Tipps hast du die M\u00f6glichkeit, Wetten mit h\u00f6heren Quoten zu platzieren, wodurch du zwar l\u00e4nger warten musst, bis du deinen Gewinn abholen kannst, was sich aber auf lange Sicht hoffentlich auszahlt.<\/p>\n\n\n\n<p>Unser Scottish Premiership-Bereich auf der Website wird alle 30 Sekunden aktualisiert, so dass die neuesten Wett Tipps schnell nach ihrer Ver\u00f6ffentlichung live sind und du keine der neuesten Markt\u00e4nderungen verpasst.<\/p>\n\n\n\n<p>Sie werden per E-Mail oder Website-Benachrichtigung jedes Mal benachrichtigt, wenn der Tipper, dem du folgst, Wett Tipps ver\u00f6ffentlicht hat. Das bedeutet, dass du der Erste bist, der davon erf\u00e4hrt, wenn der Tipper seine neueste Vorhersage abgegeben hat.<\/p>\n\n\n\n<p>Der Gewinn aus der Nutzung von Wett Tipps ist nicht garantiert. Sie beinhalten ein Risiko und es liegt in deiner Verantwortung, mit einem Betrag zu wetten, den du dir leisten kannst. Wir k\u00f6nnen dir raten, zweimal nachzudenken, bevor du eine Wette abgibst &#8211; so stellst du sicher, dass du eine wohl\u00fcberlegte Entscheidung triffst.<\/p>\n\n\n\n<p>Dar\u00fcber hinaus empfiehlt es sich, einen bestimmten Betrag f\u00fcr Wetten beiseitezulegen und diesen unter mehreren Tippern aufzuteilen. Sobald diese gute Ergebnisse liefern, kann man die Geldsumme erh\u00f6hen und die Wett Tipps mit gr\u00f6\u00dferen Betr\u00e4gen platzieren.<\/p>\n\n\n\n<p><em>\u201cBei Wetten auf die Scottish Premiership (oder jede andere Liga) solltest du dir immer die Frage stellen, wie viel du zu verlieren bereit bist, anstatt wie viel du gewinnen willst. Mit dieser Einstellung wirst du in der Lage sein, viel kl\u00fcger zu wetten als zuvor.\u201d<\/em><\/p>\n\n\n\n<h2 class=\"wp-block-heading\" id=\"alles-was-du-uber-wetten-auf-die-schottischen-premiership-wissen-muss\">Alles, was du \u00fcber Wetten auf die schottischen Premiership wissen muss<\/h2>\n\n\n\n<p>n der Premiership gibt es nur 12 Mannschaften, was ein weiterer Grund ist, warum die Wett Tipps so einfach zu handhaben sind. Anstelle eines vierfachen Spielsystems wird in der Liga ein spezielles &#8222;Split&#8220;-Format angewandt.<\/p>\n\n\n\n<p>Die Liga wird nicht nur gut beworben, sondern verf\u00fcgt auch \u00fcber eine der besten Akademien in ganz Europa und r\u00fcckt dank der Anstrengungen ihrer Vereine im europ\u00e4ischen Wettbewerb in der UEFA-Koeffizientenrangliste immer weiter nach oben.<\/p>\n\n\n\n<p>Auch wenn die Vereine nicht alle Talente, die aus der Jugend kommen, an sich binden k\u00f6nnen, gibt es doch immer wieder tolle Talente, die in der englischen Premier League spielen.<\/p>\n\n\n\n<p>Namen wie John McGinn, Kieran Tierney und Andy Robertson haben in den letzten Jahren den Sprung in den S\u00fcden geschafft und ihre Erfahrung ist auch in die schottische Nationalmannschaft eingeflossen, die sich erstmals seit 23 Jahren wieder f\u00fcr ein gro\u00dfes internationales Turnier qualifiziert hat.<\/p>\n\n\n\n<h2 class=\"wp-block-heading\" id=\"welcher-bonus-ist-der-beste-fur-meine-wetten-auf-die-schottische-premiership\">Welcher Bonus ist der Beste f\u00fcr meine Wetten auf die schottische Premiership?<\/h2>\n\n\n\n<p>Es gibt viele Arten von Boni, wenn du auf die schottische Premiership wetten und gleichzeitig Spa\u00df am Wetten haben m\u00f6chtest. Wir haben die meisten der verf\u00fcgbaren Boni getestet und die beliebtesten sind jene, die erh\u00f6hte Quoten, Gratiswetten und Geld-zur\u00fcck-Aktionen anbieten.<\/p>\n\n\n\n<p>Die meisten der Scottish Premiership-Boni sind mit leicht zu erf\u00fcllenden Bedingungen verbunden (z. B. maximaler Einsatz oder Mindestquoten), so dass Sie Ihre Wetten jedes Wochenende und im Laufe der Saison in vollen Z\u00fcgen genie\u00dfen k\u00f6nnen.<\/p>\n\n\t\t<\/article>\n\t\t<div class=\"lg:w-[300px] lg:flex-shrink-0 relative\" x-data=\"{show_toc: false}\">\n\t\t\t<div class=\"lg:sticky lg:top-4 z-30\">\n\t\t\t\t<div class=\"fixed -top-64 left-0 w-full z-50 lg:static transition-all hidden lg:block\" id=\"fixed-toc\">\n\t\t\t\t\t<div>\n\t\t\t\t<div class=\"border-b border-solid border-gray-30 text-lg font-bold lg:pt-7 max-lg:px-4 py-3 flex items-center justify-between bg-white lg:bg-transparent\">\n\t\t\tWas gibt es auf dieser Seite\n\t\t\t<button @click=\"show_toc = true\" class=\"btn btn-red-outline-white block lg:hidden\">Jump to<\/button>\n\t\t<\/div>\n\t\t\t\t<div\n\t\t\tclass=\"max-lg:fixed max-lg:top-0 max-lg:left-0 max-lg:w-screen max-lg:h-screen max-lg:bg-gray-70 max-lg:bg-opacity-75 max-lg:hidden\"\n\t\t\t:class=\"{'max-lg:hidden': !show_toc}\"\n\t\t\t@click=\"show_toc = false\"\n\t\t>\n\t\t\t<div class=\"max-lg:absolute max-lg:bottom-0 max-lg:left-0 max-lg:w-screen bg-white lg:bg-transparent\">\n\t\t\t\t\t\t\t\t<div class=\"flex lg:hidden items-center justify-between mx-4 border-b border-solid border-gray-30 pt-6 pb-2 font-bold\">\n\n\t\t\t\t\tAuf dieser Seite\n\t\t\t\t\t<button @click=\"show_toc = false\">\n\t\t\t\t\t\t<svg class=\"w-5 h-5 text-gray-100\" xmlns=\"http:\/\/www.w3.org\/2000\/svg\" fill=\"none\" stroke=\"currentColor\" stroke-width=\"1.5\" class=\"w-6 h-6\" viewBox=\"0 0 24 24\"><path stroke-linecap=\"round\" stroke-linejoin=\"round\" d=\"M6 18 18 6M6 6l12 12\"\/><\/svg>\t\t\t\t\t<\/button>\n\t\t\t\t<\/div>\n\t\t\t\t<ul id=\"toc\" class=\"mt-5 max-h-[85vh] overflow-y-auto list-none bt-scrollbars\">\n\n\t\t\t\t\t\t\t\t\t\t\t<li>\n\t\t\t\t\t\t\t<a href=\"#premiership-wett-tipps-fur-die-heutigen-veranstaltungen\" data-bt-toc-item=\"premiership-wett-tipps-fur-die-heutigen-veranstaltungen\"\n\t\t\t\t\t\t\t\t @click=\"show_toc = false\"\n\t\t\t\t\t\t\t\t class=\"block px-4 py-2 text-black border-l-4 border-solid border-transparent hover:border-red-100 transition-all hover:!border-b-0 hover:font-bold\">\nPremiership-Wett Tipps f\u00fcr die heutigen Veranstaltungen\n<\/a>\n\t\t\t\t\t\t<\/li>\n\t\t\t\t\t\t\t\t\t\t\t<li>\n\t\t\t\t\t\t\t<a href=\"#fussball-wett-tipps-fur-die-schottische-premiership-der-saison-22-23\" data-bt-toc-item=\"fussball-wett-tipps-fur-die-schottische-premiership-der-saison-22-23\"\n\t\t\t\t\t\t\t\t @click=\"show_toc = false\"\n\t\t\t\t\t\t\t\t class=\"block px-4 py-2 text-black border-l-4 border-solid border-transparent hover:border-red-100 transition-all hover:!border-b-0 hover:font-bold\">\nFu\u00dfball-Wett Tipps f\u00fcr die schottische Premiership der Saison 22\/23\n<\/a>\n\t\t\t\t\t\t<\/li>\n\t\t\t\t\t\t\t\t\t\t\t<li>\n\t\t\t\t\t\t\t<a href=\"#wer-sind-die-besten-buchmacher-fur-die-schottische-premiership\" data-bt-toc-item=\"wer-sind-die-besten-buchmacher-fur-die-schottische-premiership\"\n\t\t\t\t\t\t\t\t @click=\"show_toc = false\"\n\t\t\t\t\t\t\t\t class=\"block px-4 py-2 text-black border-l-4 border-solid border-transparent hover:border-red-100 transition-all hover:!border-b-0 hover:font-bold\">\nWer sind die besten Buchmacher f\u00fcr die schottische Premiership?\n<\/a>\n\t\t\t\t\t\t<\/li>\n\t\t\t\t\t\t\t\t\t\t\t<li>\n\t\t\t\t\t\t\t<a href=\"#wie-werden-unsere-wett-tipps-generiert\" data-bt-toc-item=\"wie-werden-unsere-wett-tipps-generiert\"\n\t\t\t\t\t\t\t\t @click=\"show_toc = false\"\n\t\t\t\t\t\t\t\t class=\"block px-4 py-2 text-black border-l-4 border-solid border-transparent hover:border-red-100 transition-all hover:!border-b-0 hover:font-bold\">\nWie werden unsere Wett Tipps generiert?\n<\/a>\n\t\t\t\t\t\t<\/li>\n\t\t\t\t\t\t\t\t\t\t\t<li>\n\t\t\t\t\t\t\t<a href=\"#fur-welche-spiele-der-schottischen-premiership-werden-tipps-angeboten\" data-bt-toc-item=\"fur-welche-spiele-der-schottischen-premiership-werden-tipps-angeboten\"\n\t\t\t\t\t\t\t\t @click=\"show_toc = false\"\n\t\t\t\t\t\t\t\t class=\"block px-4 py-2 text-black border-l-4 border-solid border-transparent hover:border-red-100 transition-all hover:!border-b-0 hover:font-bold\">\nF\u00fcr welche Spiele der schottischen Premiership werden Tipps angeboten?\n<\/a>\n\t\t\t\t\t\t<\/li>\n\t\t\t\t\t\t\t\t\t\t\t<li>\n\t\t\t\t\t\t\t<a href=\"#wie-oft-werden-tipps-aus-der-schottischen-premiership-angeboten\" data-bt-toc-item=\"wie-oft-werden-tipps-aus-der-schottischen-premiership-angeboten\"\n\t\t\t\t\t\t\t\t @click=\"show_toc = false\"\n\t\t\t\t\t\t\t\t class=\"block px-4 py-2 text-black border-l-4 border-solid border-transparent hover:border-red-100 transition-all hover:!border-b-0 hover:font-bold\">\nWie oft werden Tipps aus der schottischen Premiership angeboten?\n<\/a>\n\t\t\t\t\t\t<\/li>\n\t\t\t\t\t\t\t\t\t\t\t<li>\n\t\t\t\t\t\t\t<a href=\"#alles-was-du-uber-wetten-auf-die-schottischen-premiership-wissen-muss\" data-bt-toc-item=\"alles-was-du-uber-wetten-auf-die-schottischen-premiership-wissen-muss\"\n\t\t\t\t\t\t\t\t @click=\"show_toc = false\"\n\t\t\t\t\t\t\t\t class=\"block px-4 py-2 text-black border-l-4 border-solid border-transparent hover:border-red-100 transition-all hover:!border-b-0 hover:font-bold\">\nAlles, was du \u00fcber Wetten auf die schottischen Premiership wissen muss\n<\/a>\n\t\t\t\t\t\t<\/li>\n\t\t\t\t\t\t\t\t\t\t\t<li>\n\t\t\t\t\t\t\t<a href=\"#welcher-bonus-ist-der-beste-fur-meine-wetten-auf-die-schottische-premiership\" data-bt-toc-item=\"welcher-bonus-ist-der-beste-fur-meine-wetten-auf-die-schottische-premiership\"\n\t\t\t\t\t\t\t\t @click=\"show_toc = false\"\n\t\t\t\t\t\t\t\t class=\"block px-4 py-2 text-black border-l-4 border-solid border-transparent hover:border-red-100 transition-all hover:!border-b-0 hover:font-bold\">\nWelcher Bonus ist der Beste f\u00fcr meine Wetten auf die schottische Premiership?\n<\/a>\n\t\t\t\t\t\t<\/li>\n\t\t\t\t\t\t\t\t\t<\/ul>\n\t\t\t\t\t\t\t\t\t\t\t<\/div>\n\t\t<\/div>\n\t<\/div>\n\t\t\t\t\t<\/div>\n\t\t\t<\/div>\n\t\t<\/div>\n\t<\/div>\n<\/div>\n\t<\/div>\n<\/div>\n\n","protected":false},"excerpt":{"rendered":"","protected":false},"author":6,"featured_media":473,"parent":881,"menu_order":1000,"comment_status":"closed","ping_status":"closed","template":"","meta":{"footnotes":""},"tags":[],"acf":[],"_links":{"self":[{"href":"https:\/\/betting.com\/de\/wp-json\/wp\/v2\/pages\/265"}],"collection":[{"href":"https:\/\/betting.com\/de\/wp-json\/wp\/v2\/pages"}],"about":[{"href":"https:\/\/betting.com\/de\/wp-json\/wp\/v2\/types\/page"}],"author":[{"embeddable":true,"href":"https:\/\/betting.com\/de\/wp-json\/wp\/v2\/users\/6"}],"replies":[{"embeddable":true,"href":"https:\/\/betting.com\/de\/wp-json\/wp\/v2\/comments?post=265"}],"version-history":[{"count":4,"href":"https:\/\/betting.com\/de\/wp-json\/wp\/v2\/pages\/265\/revisions"}],"predecessor-version":[{"id":6191,"href":"https:\/\/betting.com\/de\/wp-json\/wp\/v2\/pages\/265\/revisions\/6191"}],"up":[{"embeddable":true,"href":"https:\/\/betting.com\/de\/wp-json\/wp\/v2\/pages\/881"}],"wp:featuredmedia":[{"embeddable":true,"href":"https:\/\/betting.com\/de\/wp-json\/wp\/v2\/media\/473"}],"wp:attachment":[{"href":"https:\/\/betting.com\/de\/wp-json\/wp\/v2\/media?parent=265"}],"wp:term":[{"taxonomy":"post_tag","embeddable":true,"href":"https:\/\/betting.com\/de\/wp-json\/wp\/v2\/tags?post=265"}],"curies":[{"name":"wp","href":"https:\/\/api.w.org\/{rel}","templated":true}]}}