{"id":261,"date":"2022-06-16T06:04:21","date_gmt":"2022-06-16T06:04:21","guid":{"rendered":"https:\/\/betting.com\/de\/?page_id=261"},"modified":"2023-08-02T12:31:07","modified_gmt":"2023-08-02T12:31:07","slug":"tipps","status":"publish","type":"page","link":"https:\/\/betting.com\/de\/russische-premier-league\/tipps","title":{"rendered":"Russische Premier League Wett Tipps"},"content":{"rendered":"<div class=\" container-white py-8\">\n\t<div class=\"wp-block-container-toc  \">\n\t\t\t<div class=\"bg-white\">\n\t<div class=\"flex flex-col-reverse lg:flex-row lg:gap-8 py-10\">\n\t\t<article class=\"max-w-[960px] flex-grow\" data-bt-content>\n\t\t\t\n<h2 class=\"wp-block-heading\" id=\"russian-premier-league-wett-tipps-fur-die-heutigen-veranstaltungen\">Russian Premier League-Wett Tipps f\u00fcr die heutigen Veranstaltungen<\/h2>\n\n\n\n<p>Um beim Wetten voranzukommen, kommt es immer darauf an, die besten Informationen zu haben und dem Spiel immer einen Schritt voraus zu sein. Dies kann mit Hilfe von Statistiken, Spielanalysen oder detaillierten Recherchen erreicht werden, und mit unseren Wett Tipps k\u00f6nnen Sie all diese Elemente kombinieren.<\/p>\n\n\n\n<p>Auf Betting.com finden Sie Tipps f\u00fcr die russische Premier League, die sowohl von unseren Experten als auch von unseren 100% verifizierten Tippern abgegeben werden. Mittlerweile ist die russische Premier League ein beliebter Wettmarkt geworden und Sie k\u00f6nnen t\u00e4glich mit unseren Wett Tipps versuchen, die Buchmacher zu schlagen.<\/p>\n\n\n\n<p>Profitieren Sie von den Wett Tipps f\u00fcr die russische Premier League, wenn Sie neu in diesem Bereich sind, oder um Ihre Informationen und Ihr Wissen als Experte zu erweitern. Unsere Tipper verf\u00fcgen \u00fcber fundierte Kenntnisse \u00fcber die Mannschaften und Spieler der Liga und nat\u00fcrlich \u00fcber alle relevanten Statistiken, die Sie ben\u00f6tigen.<\/p>\n\n\n\n<h2 class=\"wp-block-heading\" id=\"fussball-wett-tipps-fur-die-russische-premier-league-der-saison-2021-22\">Fu\u00dfball Wett Tipps f\u00fcr die russische Premier League der Saison 2021\/22<\/h2>\n\n\n\n<p>Auch wenn die Russische Premier League im Vergleich zu anderen Spitzenwettbewerben in Europa ein recht neuer Wettbewerb ist, darf man nicht vergessen, dass dieses Land eine langj\u00e4hrige und traditionsreiche Fu\u00dfballgeschichte hat.<\/p>\n\n\n\n<p>Mit legend\u00e4ren Vereinen wie Spartak Moskau und seinem Stadtrivalen Lokomotiv, die noch immer aktiv sind, werden schnell Erinnerungen an die Zeit hinter dem Eisernen Vorhang wach.<\/p>\n\n\n\n<p>Gl\u00fccklicherweise ist der Kalte Krieg schon lange vorbei, und eine neue Welle des Wohlstands, die das Land in den letzten Jahrzehnten erfasst hat, hat den Aufstieg von Aufsteigern wie Zenit Sankt Petersburg erm\u00f6glicht.<\/p>\n\n\n\n<p>Damit wurde der traditionelle Status quo des sowjetischen und russischen Fu\u00dfballs durchbrochen, und mit der neuen Ordnung hat sich die Machtbasis des Fu\u00dfballs schon lange aus der Hauptstadt des Landes verlagert.<\/p>\n\n\n\n<p>Mit diesem Reichtum ging ein Zustrom ausl\u00e4ndischer Talente einher &#8211; vor allem brasilianischer Spieler, die dank des nach Osten gewanderten Sambastils zu einer der wettbewerbsf\u00e4higsten Ligen Europas geworden ist.<\/p>\n\n\n\n<p><em>\u201cDie Nation ist nun in der UEFA-Rangliste unter den 10 besten Ligen vertreten, was der Liga insgesamt f\u00fcnf europ\u00e4ische Qualifikationspl\u00e4tze f\u00fcr die n\u00e4chste Saison einbringt. Diese verteilen sich auf die Champions-, Europa- und Europa Conference League.\u201d<\/em><\/p>\n\n\n\n<h2 class=\"wp-block-heading\" id=\"wer-sind-die-besten-buchmacher-fur-die-russische-premier-league\">Wer sind die besten Buchmacher f\u00fcr die russische Premier League?<\/h2>\n\n\n\n<p>Die Erste Liga Russlands ist eine der beliebtesten Fu\u00dfballligen in Europa, und das bedeutet, dass jeder einzelne Buchmacher Quoten daf\u00fcr im Angebot hat. Wenn Sie sich f\u00fcr einen Buchmacher entscheiden, um auf die russische Premier League zu wetten, empfehlen wir Ihnen, einen Bonus zu w\u00e4hlen, der zu Ihnen passt, oder eine spezielle Aktion zu finden, von der Sie profitieren k\u00f6nnen.<\/p>\n\n\n\n<p>Wir k\u00f6nnen f\u00fcr alle von uns empfohlenen Buchmacher b\u00fcrgen, von denen Sie weiter unten einige sehen k\u00f6nnen. Falls Sie es bevorzugen, k\u00f6nnen Sie auch zu unserem Buchmacher-Bereich gehen, wo Sie die aktuellen Willkommensbonusse und Aktionen sehen und unsere ausf\u00fchrlichen Bewertungen lesen k\u00f6nnen.<\/p>\n\n\n\n<h2 class=\"wp-block-heading\" id=\"wie-werden-unsere-wett-tipps-erarbeitet\">Wie werden unsere Wett Tipps erarbeitet?<\/h2>\n\n\n\n<p>Beim Wetten auf die russische Premier League gibt es keinen gro\u00dfen Unterschied zu den meisten anderen europ\u00e4ischen Ligen, und obwohl es von Zeit zu Zeit zu \u00dcberraschungen kommen kann, hat die Creme de la Creme die Angewohnheit, sich an die Spitze zu setzen.<\/p>\n\n\n\n<p>Das bedeutet, dass Sie bei einer normalen 1&#215;2-Wette nur wenig Wert haben werden, wenn Sie auf Mannschaften wie Zenit oder die Moskauer setzen, und dass Sie etwas tiefer in die Tasche greifen m\u00fcssen, wenn Sie die besten Quoten finden wollen.<\/p>\n\n\n\n<p>Daher ist es wichtig herauszufinden, wie gut die Au\u00dfenseiter gegen die Favoriten abschneiden, oder umgekehrt, wie viel st\u00e4rker die Teams an der Spitze wirklich sind. Dabei ist zu beachten, dass sich das Gleichgewicht von Saison zu Saison \u00e4ndert, und hier k\u00f6nnen sich Experten-Tippgeber als n\u00fctzlich erweisen.<\/p>\n\n\n\n<p>Expertenwissen und Wett Tipps, die auf gut recherchierten statistischen Daten beruhen, sind der Schl\u00fcssel zum Erfolg bei Wetten auf die russische Premier League, und je mehr Informationen Sie in die H\u00e4nde bekommen, desto gr\u00f6\u00dfer sind Ihre Chancen, fundierte Wetten abzuschlie\u00dfen.<\/p>\n\n\n\n<p>Unabh\u00e4ngig davon, ob die Liga f\u00fcr Sie neu ist oder ob Sie bereits unseren verifizierten Tippern und internen Experten folgen, k\u00f6nnen sie Ihnen wertvolle Hinweise geben. Deren Vorhersagen k\u00f6nnen Sie entweder im Vertrauen auf ihr Wissen befolgen oder die detaillierten Recherchen, die Sie bereits durchgef\u00fchrt haben, unterst\u00fctzen.<\/p>\n\n\n\n<h2 class=\"wp-block-heading\" id=\"fur-welche-spiele-der-russischen-premier-league-werden-tipps-angeboten\">F\u00fcr welche Spiele der russischen Premier League werden Tipps angeboten?<\/h2>\n\n\n\n<p>Alle unsere Tipper und Experten verf\u00fcgen \u00fcber ein fundiertes statistisches Wissen \u00fcber die russische Premier League sowie \u00fcber einen gro\u00dfen Erfahrungsschatz, wenn es um Wetten auf diese Liga geht. Das bedeutet, dass sie keine Wetten auf bestimmte Mannschaften oder Spiele bevorzugen und nicht von pers\u00f6nlichen oder fr\u00fcheren Vorurteilen beeinflusst werden.<\/p>\n\n\n\n<p>Stattdessen st\u00fctzen sie sich bei ihren Wett Tipps auf gut recherchierte Statistiken und Daten, die dazu f\u00fchren, dass alle M\u00e4rkte relevant und f\u00fcr diejenigen von Interesse sind, die vor den Wettaktivit\u00e4ten des n\u00e4chsten Wochenendes weitere Erkenntnisse gewinnen m\u00f6chten.<\/p>\n\n\n\n<p><em>\u201cAngesichts der gro\u00dfen Beliebtheit der russischen Premier League bei Wettenden auf der ganzen Welt k\u00f6nnen Sie erwarten, dass Sie Wett Tipps f\u00fcr eine Vielzahl von Spielen der russischen Premier League finden.\u201d<\/em><\/p>\n\n\n\n<h2 class=\"wp-block-heading\" id=\"wie-oft-werden-tipps-fur-die-russische-premier-league-angeboten\">Wie oft werden Tipps f\u00fcr die russische Premier League angeboten?<\/h2>\n\n\n\n<p>Wie bereits erw\u00e4hnt, sind die Wetttipps f\u00fcr die russische Premier League sehr gut abgedeckt, sodass es f\u00fcr alle Spielrunden eine gro\u00dfe Anzahl an Vorhersagen gibt. Unsere Tipper lieben es, auf den russischen Fu\u00dfball im Allgemeinen zu wetten, weshalb es in den meisten F\u00e4llen f\u00fcr das Spiel, f\u00fcr das Sie sich interessieren, einen Wett Tipp gibt.<\/p>\n\n\n\n<h2 class=\"wp-block-heading\" id=\"alles-was-man-uber-wetten-auf-die-russische-premier-league-wissen-muss\">Alles, was man \u00fcber Wetten auf die russische Premier League wissen muss<\/h2>\n\n\n\n<p>Auf die russische Premier League zu wetten ist denkbar einfach, denn praktisch alle Buchmacher bieten Quoten auf die Liga an, und meistens steht auch eine gro\u00dfe Auswahl an M\u00e4rkten zur Verf\u00fcgung. Im Vergleich zu kleineren Ligen sollte Ihre einzige Sorge bei Wetten auf die russische Premier League sein, die besten Quoten zu finden, wof\u00fcr Ihnen unser Quotenvergleich sicherlich helfen wird.<\/p>\n\n\n\n<p>Au\u00dferdem sollten Sie immer ein Auge auf einen tollen Willkommensbonus oder besondere Aktionen haben. Au\u00dferdem k\u00f6nnen Sie sich beruhigt zur\u00fccklehnen, denn Quoten f\u00fcr die russische Premier League zu finden, ist beim besten Willen keine Herausforderung.<\/p>\n\n\n\n<h2 class=\"wp-block-heading\" id=\"was-fur-einen-bonus-sollte-ich-fur-meine-wetten-auf-die-russische-premier-league-wahlen\">Was f\u00fcr einen Bonus sollte ich f\u00fcr meine Wetten auf die russische Premier League w\u00e4hlen?<\/h2>\n\n\n\n<p>Es gibt viele Arten von Boni, die Ihnen beim Wetten auf die russische Premier League zur Verf\u00fcgung stehen und die Sie nutzen k\u00f6nnen. Wir haben die meisten der verf\u00fcgbaren Boni getestet und die beliebtesten sind jene, die erh\u00f6hte Quoten, Gratiswetten und Geld-zur\u00fcck-Aktionen anbieten.<\/p>\n\n\n\n<p>Die meisten Boni f\u00fcr die russische Premier League sind mit leicht zu erf\u00fcllenden Bedingungen verbunden (z.B. maximaler Einsatz oder Mindestquoten), so dass Sie Ihre Wetten jedes Wochenende und w\u00e4hrend der gesamten Saison in vollen Z\u00fcgen genie\u00dfen k\u00f6nnen.<\/p>\n\n\t\t<\/article>\n\t\t<div class=\"lg:w-[300px] lg:flex-shrink-0 relative\" x-data=\"{show_toc: false}\">\n\t\t\t<div class=\"lg:sticky lg:top-4 z-30\">\n\t\t\t\t<div class=\"fixed -top-64 left-0 w-full z-50 lg:static transition-all hidden lg:block\" id=\"fixed-toc\">\n\t\t\t\t\t<div>\n\t\t\t\t<div class=\"border-b border-solid border-gray-30 text-lg font-bold lg:pt-7 max-lg:px-4 py-3 flex items-center justify-between bg-white lg:bg-transparent\">\n\t\t\tWas gibt es auf dieser Seite\n\t\t\t<button @click=\"show_toc = true\" class=\"btn btn-red-outline-white block lg:hidden\">Jump to<\/button>\n\t\t<\/div>\n\t\t\t\t<div\n\t\t\tclass=\"max-lg:fixed max-lg:top-0 max-lg:left-0 max-lg:w-screen max-lg:h-screen max-lg:bg-gray-70 max-lg:bg-opacity-75 max-lg:hidden\"\n\t\t\t:class=\"{'max-lg:hidden': !show_toc}\"\n\t\t\t@click=\"show_toc = false\"\n\t\t>\n\t\t\t<div class=\"max-lg:absolute max-lg:bottom-0 max-lg:left-0 max-lg:w-screen bg-white lg:bg-transparent\">\n\t\t\t\t\t\t\t\t<div class=\"flex lg:hidden items-center justify-between mx-4 border-b border-solid border-gray-30 pt-6 pb-2 font-bold\">\n\n\t\t\t\t\tAuf dieser Seite\n\t\t\t\t\t<button @click=\"show_toc = false\">\n\t\t\t\t\t\t<svg class=\"w-5 h-5 text-gray-100\" xmlns=\"http:\/\/www.w3.org\/2000\/svg\" fill=\"none\" stroke=\"currentColor\" stroke-width=\"1.5\" class=\"w-6 h-6\" viewBox=\"0 0 24 24\"><path stroke-linecap=\"round\" stroke-linejoin=\"round\" d=\"M6 18 18 6M6 6l12 12\"\/><\/svg>\t\t\t\t\t<\/button>\n\t\t\t\t<\/div>\n\t\t\t\t<ul id=\"toc\" class=\"mt-5 max-h-[85vh] overflow-y-auto list-none bt-scrollbars\">\n\n\t\t\t\t\t\t\t\t\t\t\t<li>\n\t\t\t\t\t\t\t<a href=\"#russian-premier-league-wett-tipps-fur-die-heutigen-veranstaltungen\" data-bt-toc-item=\"russian-premier-league-wett-tipps-fur-die-heutigen-veranstaltungen\"\n\t\t\t\t\t\t\t\t @click=\"show_toc = false\"\n\t\t\t\t\t\t\t\t class=\"block px-4 py-2 text-black border-l-4 border-solid border-transparent hover:border-red-100 transition-all hover:!border-b-0 hover:font-bold\">\nRussian Premier League-Wett Tipps f\u00fcr die heutigen Veranstaltungen\n<\/a>\n\t\t\t\t\t\t<\/li>\n\t\t\t\t\t\t\t\t\t\t\t<li>\n\t\t\t\t\t\t\t<a href=\"#fussball-wett-tipps-fur-die-russische-premier-league-der-saison-2021-22\" data-bt-toc-item=\"fussball-wett-tipps-fur-die-russische-premier-league-der-saison-2021-22\"\n\t\t\t\t\t\t\t\t @click=\"show_toc = false\"\n\t\t\t\t\t\t\t\t class=\"block px-4 py-2 text-black border-l-4 border-solid border-transparent hover:border-red-100 transition-all hover:!border-b-0 hover:font-bold\">\nFu\u00dfball Wett Tipps f\u00fcr die russische Premier League der Saison 2021\/22\n<\/a>\n\t\t\t\t\t\t<\/li>\n\t\t\t\t\t\t\t\t\t\t\t<li>\n\t\t\t\t\t\t\t<a href=\"#wer-sind-die-besten-buchmacher-fur-die-russische-premier-league\" data-bt-toc-item=\"wer-sind-die-besten-buchmacher-fur-die-russische-premier-league\"\n\t\t\t\t\t\t\t\t @click=\"show_toc = false\"\n\t\t\t\t\t\t\t\t class=\"block px-4 py-2 text-black border-l-4 border-solid border-transparent hover:border-red-100 transition-all hover:!border-b-0 hover:font-bold\">\nWer sind die besten Buchmacher f\u00fcr die russische Premier League?\n<\/a>\n\t\t\t\t\t\t<\/li>\n\t\t\t\t\t\t\t\t\t\t\t<li>\n\t\t\t\t\t\t\t<a href=\"#wie-werden-unsere-wett-tipps-erarbeitet\" data-bt-toc-item=\"wie-werden-unsere-wett-tipps-erarbeitet\"\n\t\t\t\t\t\t\t\t @click=\"show_toc = false\"\n\t\t\t\t\t\t\t\t class=\"block px-4 py-2 text-black border-l-4 border-solid border-transparent hover:border-red-100 transition-all hover:!border-b-0 hover:font-bold\">\nWie werden unsere Wett Tipps erarbeitet?\n<\/a>\n\t\t\t\t\t\t<\/li>\n\t\t\t\t\t\t\t\t\t\t\t<li>\n\t\t\t\t\t\t\t<a href=\"#fur-welche-spiele-der-russischen-premier-league-werden-tipps-angeboten\" data-bt-toc-item=\"fur-welche-spiele-der-russischen-premier-league-werden-tipps-angeboten\"\n\t\t\t\t\t\t\t\t @click=\"show_toc = false\"\n\t\t\t\t\t\t\t\t class=\"block px-4 py-2 text-black border-l-4 border-solid border-transparent hover:border-red-100 transition-all hover:!border-b-0 hover:font-bold\">\nF\u00fcr welche Spiele der russischen Premier League werden Tipps angeboten?\n<\/a>\n\t\t\t\t\t\t<\/li>\n\t\t\t\t\t\t\t\t\t\t\t<li>\n\t\t\t\t\t\t\t<a href=\"#wie-oft-werden-tipps-fur-die-russische-premier-league-angeboten\" data-bt-toc-item=\"wie-oft-werden-tipps-fur-die-russische-premier-league-angeboten\"\n\t\t\t\t\t\t\t\t @click=\"show_toc = false\"\n\t\t\t\t\t\t\t\t class=\"block px-4 py-2 text-black border-l-4 border-solid border-transparent hover:border-red-100 transition-all hover:!border-b-0 hover:font-bold\">\nWie oft werden Tipps f\u00fcr die russische Premier League angeboten?\n<\/a>\n\t\t\t\t\t\t<\/li>\n\t\t\t\t\t\t\t\t\t\t\t<li>\n\t\t\t\t\t\t\t<a href=\"#alles-was-man-uber-wetten-auf-die-russische-premier-league-wissen-muss\" data-bt-toc-item=\"alles-was-man-uber-wetten-auf-die-russische-premier-league-wissen-muss\"\n\t\t\t\t\t\t\t\t @click=\"show_toc = false\"\n\t\t\t\t\t\t\t\t class=\"block px-4 py-2 text-black border-l-4 border-solid border-transparent hover:border-red-100 transition-all hover:!border-b-0 hover:font-bold\">\nAlles, was man \u00fcber Wetten auf die russische Premier League wissen muss\n<\/a>\n\t\t\t\t\t\t<\/li>\n\t\t\t\t\t\t\t\t\t\t\t<li>\n\t\t\t\t\t\t\t<a href=\"#was-fur-einen-bonus-sollte-ich-fur-meine-wetten-auf-die-russische-premier-league-wahlen\" data-bt-toc-item=\"was-fur-einen-bonus-sollte-ich-fur-meine-wetten-auf-die-russische-premier-league-wahlen\"\n\t\t\t\t\t\t\t\t @click=\"show_toc = false\"\n\t\t\t\t\t\t\t\t class=\"block px-4 py-2 text-black border-l-4 border-solid border-transparent hover:border-red-100 transition-all hover:!border-b-0 hover:font-bold\">\nWas f\u00fcr einen Bonus sollte ich f\u00fcr meine Wetten auf die russische Premier League w\u00e4hlen?\n<\/a>\n\t\t\t\t\t\t<\/li>\n\t\t\t\t\t\t\t\t\t<\/ul>\n\t\t\t\t\t\t\t\t\t\t\t<\/div>\n\t\t<\/div>\n\t<\/div>\n\t\t\t\t\t<\/div>\n\t\t\t<\/div>\n\t\t<\/div>\n\t<\/div>\n<\/div>\n\t<\/div>\n<\/div>\n\n","protected":false},"excerpt":{"rendered":"","protected":false},"author":6,"featured_media":495,"parent":889,"menu_order":1000,"comment_status":"closed","ping_status":"closed","template":"","meta":{"footnotes":""},"tags":[],"acf":[],"_links":{"self":[{"href":"https:\/\/betting.com\/de\/wp-json\/wp\/v2\/pages\/261"}],"collection":[{"href":"https:\/\/betting.com\/de\/wp-json\/wp\/v2\/pages"}],"about":[{"href":"https:\/\/betting.com\/de\/wp-json\/wp\/v2\/types\/page"}],"author":[{"embeddable":true,"href":"https:\/\/betting.com\/de\/wp-json\/wp\/v2\/users\/6"}],"replies":[{"embeddable":true,"href":"https:\/\/betting.com\/de\/wp-json\/wp\/v2\/comments?post=261"}],"version-history":[{"count":6,"href":"https:\/\/betting.com\/de\/wp-json\/wp\/v2\/pages\/261\/revisions"}],"predecessor-version":[{"id":6190,"href":"https:\/\/betting.com\/de\/wp-json\/wp\/v2\/pages\/261\/revisions\/6190"}],"up":[{"embeddable":true,"href":"https:\/\/betting.com\/de\/wp-json\/wp\/v2\/pages\/889"}],"wp:featuredmedia":[{"embeddable":true,"href":"https:\/\/betting.com\/de\/wp-json\/wp\/v2\/media\/495"}],"wp:attachment":[{"href":"https:\/\/betting.com\/de\/wp-json\/wp\/v2\/media?parent=261"}],"wp:term":[{"taxonomy":"post_tag","embeddable":true,"href":"https:\/\/betting.com\/de\/wp-json\/wp\/v2\/tags?post=261"}],"curies":[{"name":"wp","href":"https:\/\/api.w.org\/{rel}","templated":true}]}}