{"id":259,"date":"2022-06-16T05:57:56","date_gmt":"2022-06-16T05:57:56","guid":{"rendered":"https:\/\/betting.com\/de\/?page_id=259"},"modified":"2023-08-02T12:31:07","modified_gmt":"2023-08-02T12:31:07","slug":"tipps","status":"publish","type":"page","link":"https:\/\/betting.com\/de\/rumaenische-liga-1\/tipps","title":{"rendered":"Rum\u00e4nische Liga 1 Wett Tipps"},"content":{"rendered":"<div class=\" container-white py-8\">\n\t<div class=\"wp-block-container-toc  \">\n\t\t\t<div class=\"bg-white\">\n\t<div class=\"flex flex-col-reverse lg:flex-row lg:gap-8 py-10\">\n\t\t<article class=\"max-w-[960px] flex-grow\" data-bt-content>\n\t\t\t\n<h2 class=\"wp-block-heading\" id=\"romanian-liga-i-wett-tipps-fur-die-heutigen-veranstaltungen\">Romanian Liga I-Wett Tipps f\u00fcr die heutigen Veranstaltungen<\/h2>\n\n\n\n<p>Um langfristig profitabel zu wetten, ist es wichtig, die besten Informationen zu haben und dem Spiel immer einen Schritt voraus zu sein. Das kann man mit Hilfe von Statistiken, Spielanalysen oder detaillierten Recherchen erreichen, und mit unseren Wett Tipps k\u00f6nnen Sie gl\u00fccklicherweise alle diese Elemente miteinander verbinden.<\/p>\n\n\n\n<p>Bei Betting.com finden Sie Tipps f\u00fcr die rum\u00e4nische Liga 1, Tipps, die sowohl von unseren Experten als auch von unseren 100% verifizierten Tippern abgegeben werden. Da die rum\u00e4nische Liga 1 in ganz Europa immer beliebter wird, gibt es regelm\u00e4\u00dfig Wett Tipps, mit denen Sie die Buchmacher schlagen k\u00f6nnen.<\/p>\n\n\n\n<h2 class=\"wp-block-heading\" id=\"fussball-wett-tipps-fur-die-rumanische-liga-1-der-saison-2022-23\">Fu\u00dfball Wett Tipps f\u00fcr die rum\u00e4nische Liga 1 der Saison 2022\/23<\/h2>\n\n\n\n<p>Wetttipps f\u00fcr die rum\u00e4nische Liga 1 sind eine gro\u00dfartige M\u00f6glichkeit, um mit Wetten auf die Liga zu beginnen oder um Ihre Informationen und Ihr Wissen als Experte zu erweitern. Unsere Tipper verf\u00fcgen \u00fcber ein umfassendes Wissen \u00fcber die Mannschaften und Spieler der Liga und nat\u00fcrlich \u00fcber alle relevanten Statistiken, die Sie ben\u00f6tigen.<\/p>\n\n\n\n<p>Vor diesem Hintergrund wollen wir uns nun genauer ansehen, wie unsere Tipps f\u00fcr die rum\u00e4nische Liga 1 Ihnen dabei helfen k\u00f6nnen, bessere Wetten abzuschlie\u00dfen und dabei auch noch Geld zu verdienen.<\/p>\n\n\n\n<p><em>\u201cIm rum\u00e4nischen Fu\u00dfball war der H\u00f6hepunkt der Erfolg von Steaua Bukarest im Europapokal in den sp\u00e4ten 1980er Jahren, und obwohl der Verein seitdem schwere Zeiten durchgemacht hat, wird diese magische Nacht lange in Erinnerung bleiben.\u201d<\/em><\/p>\n\n\n\n<p>Da Rum\u00e4nien zu dieser Zeit ein kommunistisches Land war, wurde vielen der beteiligten Spieler die M\u00f6glichkeit verwehrt, bei einigen der gr\u00f6\u00dften europ\u00e4ischen Klubs zu spielen, so dass sie nie das erlebten, was andere nur wenige Jahre sp\u00e4ter erlebten.<\/p>\n\n\n\n<p>Denn mit dem Fall des Kommunismus fiel der Eiserne Vorhang, und damit konnten Spieler wie Gheorge Hagi, Ilie Dumitrescu, Florin Raducioiu und Giga Popescu ihr Talent auf der gr\u00f6\u00dften B\u00fchne und in den gr\u00f6\u00dften Wettbewerben unter Beweis stellen.<\/p>\n\n\n\n<p><em>\u201cDie gr\u00f6\u00dfte B\u00fchne f\u00fcr die gesamte Nation war zweifellos die Weltmeisterschaft 1994, bei der dieses junge Ensemble ein wesentlicher Bestandteil des rum\u00e4nischen Angebots war, wodurch es schnell zu Rum\u00e4niens zweiter Mannschaft wurde.\u201d<\/em><\/p>\n\n\n\n<p>Leider war dies f\u00fcr den rum\u00e4nischen Fu\u00dfball die goldene Generation, und obwohl in dem Vierteljahrhundert, das seitdem vergangen ist, einzelne Stars herangezogen wurden, gab es keine Mannschaft, die mit der von Mitte der 90er Jahre mithalten konnte.<\/p>\n\n\n\n<p>Das Gleiche gilt f\u00fcr die oberste Spielklasse des rum\u00e4nischen Fu\u00dfballs, wo zwar Mannschaften wie CFR Cluj zu den bekannten Gesichtern geh\u00f6ren, wenn es um die europ\u00e4ischen Wettbewerbe geht, doch niemand hat jemals die gleichen H\u00f6hen erklommen wie Steaua Bukarest vor mehr als 30 Jahren.<\/p>\n\n\n\n<p>Die rum\u00e4nische Liga 1, die in der UEFA-Koeffizienten-Rangliste auf Platz 25 liegt, gilt europaweit als mittelklassige Liga, was durch das Niveau des Fu\u00dfballs, das Woche f\u00fcr Woche geboten wird, noch verst\u00e4rkt wird.<\/p>\n\n\n\n<p>Wie in vielen anderen Ligen \u00e4hnlicher Gr\u00f6\u00dfe oder mit \u00e4hnlichem Stellenwert mangelt es nicht an Leidenschaft, wobei bei den Vereinen, die in der Hauptstadt Bukarest spielen, der st\u00e4ndige Kampf um das Recht zu prahlen immer von Interesse ist.<\/p>\n\n\n\n<p>Das derzeitige Wettbewerbsformat sieht vor, dass 16 Vereine in der regul\u00e4ren Saison in insgesamt 30 Spielen zu Hause und ausw\u00e4rts gegeneinander antreten, von denen die besten sechs in die Play-off-Runde und die letzten zehn in die Play-out-Runde einziehen.<\/p>\n\n\n\n<p>In beiden Phasen werden die in der regul\u00e4ren Saison erzielten Punkte halbiert, und in der Play-off-Runde spielen die sechs Qualifikanten zu Hause und ausw\u00e4rts gegeneinander, wobei die Mannschaft, die nach zehn Runden an der Spitze steht, zum Meister gek\u00fcrt wird.<\/p>\n\n\n\n<p>In der Playout-Runde spielen die zehn Mannschaften in diesem Abschnitt der Aufteilung nur einmal zu Hause oder ausw\u00e4rts gegeneinander, woraufhin die beiden letztplatzierten Vereine nach neun Spieltagen in die zweite Liga absteigen.<\/p>\n\n\n\n<h2 class=\"wp-block-heading\" id=\"wer-sind-die-besten-buchmacher-fur-die-rumanische-liga-1\">Wer sind die besten Buchmacher f\u00fcr die rum\u00e4nische Liga 1?<\/h2>\n\n\n\n<p>Obwohl die rum\u00e4nische Liga 1 nicht zu den popul\u00e4rsten Ligen in Europa geh\u00f6rt, bietet jeder einzelne Buchmacher Quoten f\u00fcr sie an. Wenn Sie sich f\u00fcr einen Buchmacher entscheiden, um auf die rum\u00e4nische Liga 1 zu wetten, empfehlen wir Ihnen stattdessen, einen Bonus zu w\u00e4hlen, der zu Ihnen passt, oder eine spezielle Aktion zu finden, von der Sie profitieren.<\/p>\n\n\n\n<p>Wir k\u00f6nnen f\u00fcr alle von uns empfohlenen Buchmacher b\u00fcrgen, und Sie k\u00f6nnen einige von ihnen unten sehen.&nbsp;<\/p>\n\n\n\n<p>Wenn Sie es vorziehen, k\u00f6nnen Sie auch zu unserem Buchmacher-Bereich gehen, wo Sie die aktuellen Willkommensboni und Aktionen sehen und unsere ausf\u00fchrlichen Bewertungen lesen k\u00f6nnen.<\/p>\n\n\n\n<h2 class=\"wp-block-heading\" id=\"wie-erstellen-wir-unsere-wett-tipps\">Wie erstellen wir unsere Wett Tipps?<\/h2>\n\n\n\n<p>Da der CFR Cluj einst die dominierende Kraft in der Liga war, sind Wetten auf den Beinahe-Dauermeister in der Gesamtwette oder im w\u00f6chentlichen 1&#215;2-Markt nicht sonderlich lukrativ.<\/p>\n\n\n\n<p>F\u00fcr diejenigen, die den maximalen Wert aus ihren Wetten auf die rum\u00e4nische Liga 1 herausholen m\u00f6chten, gibt es jedoch die M\u00f6glichkeit, verlockende Quoten zu erzielen, da die Spiele, an denen der Meister nicht beteiligt ist, in beide Richtungen gehen k\u00f6nnen.<\/p>\n\n\n\n<p>Da es nur 16 Mannschaften im Wettbewerb gibt und die Spiele am Ende der Saison aufgeteilt werden, gibt es nur wenige Spiele im Tabellenmittelfeld, und da die Konkurrenz so gro\u00df ist, k\u00f6nnen sich die richtigen Prognosen schnell bezahlt machen.<\/p>\n\n\n\n<p>Expertenwissen und Wetttipps, die auf gut recherchierten statistischen Daten basieren, sind der Schl\u00fcssel zum Erfolg bei Wetten auf die rum\u00e4nische Liga 1, und je mehr Informationen Sie in die H\u00e4nde bekommen, desto gr\u00f6\u00dfer ist Ihre Chance, fundierte Wetten abzuschlie\u00dfen.<\/p>\n\n\n\n<p>Ganz gleich, ob die Liga f\u00fcr Sie neu ist oder ob Sie bereits unseren verifizierten Tippern und internen Experten folgen, sie werden Ihnen wertvolle Hinweise geben k\u00f6nnen. Ihre Vorhersagen k\u00f6nnen Sie entweder befolgen, indem Sie auf ihr Wissen vertrauen, oder indem Sie die detaillierten Recherchen unterst\u00fctzen, die Sie bereits durchgef\u00fchrt haben.<\/p>\n\n\n\n<h2 class=\"wp-block-heading\" id=\"fur-welche-spiele-der-rumanischen-liga-1-bieten-sie-tipps-an\">F\u00fcr welche Spiele der rum\u00e4nischen Liga 1 bieten Sie Tipps an?<\/h2>\n\n\n\n<p>Unsere Tipper und Experten arbeiten mit fundierten statistischen Kenntnissen der rum\u00e4nischen Liga 1 und verf\u00fcgen \u00fcber einen gro\u00dfen Erfahrungsschatz, wenn es um Wetten auf diese Liga geht. Das bedeutet, dass sie keine Wetten auf bestimmte Mannschaften oder Spiele bevorzugen und nicht von pers\u00f6nlichen oder fr\u00fcheren Vorurteilen beeinflusst werden.<\/p>\n\n\n\n<p>Stattdessen st\u00fctzen sie sich bei ihren Wett Tipps auf gut recherchierte Statistiken und Daten, was dazu f\u00fchrt, dass alle M\u00e4rkte relevant und f\u00fcr diejenigen von Interesse sind, die vor den Wettaktivit\u00e4ten des n\u00e4chsten Wochenendes weitere Erkenntnisse gewinnen m\u00f6chten.<\/p>\n\n\n\n<p>Sie k\u00f6nnen erwarten, Wetttipps f\u00fcr jedes der acht Spiele der rum\u00e4nischen Liga 1 zu sehen, die pro Spielwoche stattfinden, und zu jeder Runde der rum\u00e4nischen Liga 1 gibt es in der Regel mehrere Wett Tipps, die die Nutzer nutzen k\u00f6nnen.<\/p>\n\n\n\n<h2 class=\"wp-block-heading\" id=\"wie-oft-bieten-wir-tipps-aus-der-rumanischen-liga-1-an\">Wie oft bieten wir Tipps aus der rum\u00e4nischen Liga 1 an?<\/h2>\n\n\n\n<p>Wie bereits erw\u00e4hnt, sind die Wetttipps f\u00fcr die rum\u00e4nische Liga 1 sehr gut abgedeckt, und f\u00fcr alle Spielrunden gibt es eine gro\u00dfe Anzahl von Vorhersagen. Unsere Tipper lieben es, auf den rum\u00e4nischen Fu\u00dfball im Allgemeinen zu wetten, und in den meisten F\u00e4llen gibt es f\u00fcr das Spiel, das Sie interessiert, einen Wett Tipp.<\/p>\n\n\n\n<p>Unsere hauseigenen Experten bei Betting.com scheuen sich auch nicht davor, Tipps f\u00fcr die rum\u00e4nische Liga 1 abzugeben, obwohl es sich nicht um die popul\u00e4rste europ\u00e4ische Liga handelt. Das hei\u00dft, Sie k\u00f6nnen w\u00f6chentlich gut recherchierte Spielvorschauen und Wett Tipp-Artikel aus der rum\u00e4nischen Liga 1 erwarten.<\/p>\n\n\n\n<h2 class=\"wp-block-heading\" id=\"alles-was-sie-uber-wetten-auf-die-rumanische-liga-1-wissen-mussen\">Alles, was Sie \u00fcber Wetten auf die rum\u00e4nische Liga 1 wissen m\u00fcssen<\/h2>\n\n\n\n<p>Im Vergleich zu anderen, weniger popul\u00e4ren europ\u00e4ischen Ligen sollten Sie bei Wetten auf die rum\u00e4nische Liga 1 nur darauf achten, die h\u00f6chsten Quoten zu finden, und dabei hilft Ihnen unsere Seite Quotenvergleich sicher weiter.<\/p>\n\n\n\n<p>Abgesehen davon sollten Sie immer ein Auge auf einen tollen Willkommensbonus oder besondere Aktionen haben. Sie k\u00f6nnen aber auch ganz beruhigt sein, denn Quoten f\u00fcr die rum\u00e4nische Liga 1 zu finden, ist keine gro\u00dfe Herausforderung.<\/p>\n\n\n\n<h2 class=\"wp-block-heading\" id=\"welcher-bonus-ist-der-beste-fur-meine-wetten-auf-die-rumanische-liga-1\">Welcher Bonus ist der beste f\u00fcr meine Wetten auf die rum\u00e4nische Liga 1?<\/h2>\n\n\n\n<p>Es gibt viele Arten von Boni, wenn Sie auf die rum\u00e4nische Liga 1 wetten. Wir haben die meisten der verf\u00fcgbaren Boni getestet und die beliebtesten sind diejenigen, die erh\u00f6hte Quoten, Gratiswetten und Geld-zur\u00fcck-Aktionen anbieten.<\/p>\n\n\n\n<p>Die meisten Rum\u00e4nische Liga 1 Boni sind mit einfach zu erf\u00fcllenden Bedingungen verbunden (z.B. maximaler Einsatz oder Mindestquoten), was bedeutet, dass Sie Ihre Wetten jedes Wochenende und im Laufe der Saison voll genie\u00dfen k\u00f6nnen.<\/p>\n\n\n\n<h2 class=\"wp-block-heading\" id=\"quotenvergleich-fur-die-rumanische-liga-1\">Quotenvergleich f\u00fcr die rum\u00e4nische Liga 1<\/h2>\n\n\n\n<p>Trotz der Popularit\u00e4t der rum\u00e4nischen Liga 1 bieten wir Ihnen eine gro\u00dfe Auswahl an Wettm\u00e4rkten, und solange der Buchmacher Quoten f\u00fcr den Markt anbietet, k\u00f6nnen Sie diese vergleichen.<\/p>\n\n\n\n<p><em>\u201cBei Betting.com sind wir der Meinung, dass Wetten mit den h\u00f6chstm\u00f6glichen Quoten eine Selbstverst\u00e4ndlichkeit sein sollten, und wir m\u00f6chten, dass alle Wettenden ihren Gewinn maximieren &#8211; deshalb empfehlen wir IMMER, diesen Prozess zu durchlaufen, bevor Sie Ihre Wetten platzieren.\u201d<\/em><\/p>\n\n\n\n<p>Nat\u00fcrlich kann es sein, dass Sie sich als jemand betrachten, der nur zum Spa\u00df wettet, und wenn das der Fall ist, warum suchen Sie dann nicht nach den besten Quoten, die angeboten werden, und verdienen Sie sich eine ansehnliche Auszahlung f\u00fcr all Ihre rum\u00e4nische Liga 1-Wettbem\u00fchungen. Machen Sie von unseren Tipps Gebrauch und w\u00fcnschen Sie uns nat\u00fcrlich viel Gl\u00fcck.<\/p>\n\n\t\t<\/article>\n\t\t<div class=\"lg:w-[300px] lg:flex-shrink-0 relative\" x-data=\"{show_toc: false}\">\n\t\t\t<div class=\"lg:sticky lg:top-4 z-30\">\n\t\t\t\t<div class=\"fixed -top-64 left-0 w-full z-50 lg:static transition-all hidden lg:block\" id=\"fixed-toc\">\n\t\t\t\t\t<div>\n\t\t\t\t<div class=\"border-b border-solid border-gray-30 text-lg font-bold lg:pt-7 max-lg:px-4 py-3 flex items-center justify-between bg-white lg:bg-transparent\">\n\t\t\tWas gibt es auf dieser Seite\n\t\t\t<button @click=\"show_toc = true\" class=\"btn btn-red-outline-white block lg:hidden\">Jump to<\/button>\n\t\t<\/div>\n\t\t\t\t<div\n\t\t\tclass=\"max-lg:fixed max-lg:top-0 max-lg:left-0 max-lg:w-screen max-lg:h-screen max-lg:bg-gray-70 max-lg:bg-opacity-75 max-lg:hidden\"\n\t\t\t:class=\"{'max-lg:hidden': !show_toc}\"\n\t\t\t@click=\"show_toc = false\"\n\t\t>\n\t\t\t<div class=\"max-lg:absolute max-lg:bottom-0 max-lg:left-0 max-lg:w-screen bg-white lg:bg-transparent\">\n\t\t\t\t\t\t\t\t<div class=\"flex lg:hidden items-center justify-between mx-4 border-b border-solid border-gray-30 pt-6 pb-2 font-bold\">\n\n\t\t\t\t\tAuf dieser Seite\n\t\t\t\t\t<button @click=\"show_toc = false\">\n\t\t\t\t\t\t<svg class=\"w-5 h-5 text-gray-100\" xmlns=\"http:\/\/www.w3.org\/2000\/svg\" fill=\"none\" stroke=\"currentColor\" stroke-width=\"1.5\" class=\"w-6 h-6\" viewBox=\"0 0 24 24\"><path stroke-linecap=\"round\" stroke-linejoin=\"round\" d=\"M6 18 18 6M6 6l12 12\"\/><\/svg>\t\t\t\t\t<\/button>\n\t\t\t\t<\/div>\n\t\t\t\t<ul id=\"toc\" class=\"mt-5 max-h-[85vh] overflow-y-auto list-none bt-scrollbars\">\n\n\t\t\t\t\t\t\t\t\t\t\t<li>\n\t\t\t\t\t\t\t<a href=\"#romanian-liga-i-wett-tipps-fur-die-heutigen-veranstaltungen\" data-bt-toc-item=\"romanian-liga-i-wett-tipps-fur-die-heutigen-veranstaltungen\"\n\t\t\t\t\t\t\t\t @click=\"show_toc = false\"\n\t\t\t\t\t\t\t\t class=\"block px-4 py-2 text-black border-l-4 border-solid border-transparent hover:border-red-100 transition-all hover:!border-b-0 hover:font-bold\">\nRomanian Liga I-Wett Tipps f\u00fcr die heutigen Veranstaltungen\n<\/a>\n\t\t\t\t\t\t<\/li>\n\t\t\t\t\t\t\t\t\t\t\t<li>\n\t\t\t\t\t\t\t<a href=\"#fussball-wett-tipps-fur-die-rumanische-liga-1-der-saison-2022-23\" data-bt-toc-item=\"fussball-wett-tipps-fur-die-rumanische-liga-1-der-saison-2022-23\"\n\t\t\t\t\t\t\t\t @click=\"show_toc = false\"\n\t\t\t\t\t\t\t\t class=\"block px-4 py-2 text-black border-l-4 border-solid border-transparent hover:border-red-100 transition-all hover:!border-b-0 hover:font-bold\">\nFu\u00dfball Wett Tipps f\u00fcr die rum\u00e4nische Liga 1 der Saison 2022\/23\n<\/a>\n\t\t\t\t\t\t<\/li>\n\t\t\t\t\t\t\t\t\t\t\t<li>\n\t\t\t\t\t\t\t<a href=\"#wer-sind-die-besten-buchmacher-fur-die-rumanische-liga-1\" data-bt-toc-item=\"wer-sind-die-besten-buchmacher-fur-die-rumanische-liga-1\"\n\t\t\t\t\t\t\t\t @click=\"show_toc = false\"\n\t\t\t\t\t\t\t\t class=\"block px-4 py-2 text-black border-l-4 border-solid border-transparent hover:border-red-100 transition-all hover:!border-b-0 hover:font-bold\">\nWer sind die besten Buchmacher f\u00fcr die rum\u00e4nische Liga 1?\n<\/a>\n\t\t\t\t\t\t<\/li>\n\t\t\t\t\t\t\t\t\t\t\t<li>\n\t\t\t\t\t\t\t<a href=\"#wie-erstellen-wir-unsere-wett-tipps\" data-bt-toc-item=\"wie-erstellen-wir-unsere-wett-tipps\"\n\t\t\t\t\t\t\t\t @click=\"show_toc = false\"\n\t\t\t\t\t\t\t\t class=\"block px-4 py-2 text-black border-l-4 border-solid border-transparent hover:border-red-100 transition-all hover:!border-b-0 hover:font-bold\">\nWie erstellen wir unsere Wett Tipps?\n<\/a>\n\t\t\t\t\t\t<\/li>\n\t\t\t\t\t\t\t\t\t\t\t<li>\n\t\t\t\t\t\t\t<a href=\"#fur-welche-spiele-der-rumanischen-liga-1-bieten-sie-tipps-an\" data-bt-toc-item=\"fur-welche-spiele-der-rumanischen-liga-1-bieten-sie-tipps-an\"\n\t\t\t\t\t\t\t\t @click=\"show_toc = false\"\n\t\t\t\t\t\t\t\t class=\"block px-4 py-2 text-black border-l-4 border-solid border-transparent hover:border-red-100 transition-all hover:!border-b-0 hover:font-bold\">\nF\u00fcr welche Spiele der rum\u00e4nischen Liga 1 bieten Sie Tipps an?\n<\/a>\n\t\t\t\t\t\t<\/li>\n\t\t\t\t\t\t\t\t\t\t\t<li>\n\t\t\t\t\t\t\t<a href=\"#wie-oft-bieten-wir-tipps-aus-der-rumanischen-liga-1-an\" data-bt-toc-item=\"wie-oft-bieten-wir-tipps-aus-der-rumanischen-liga-1-an\"\n\t\t\t\t\t\t\t\t @click=\"show_toc = false\"\n\t\t\t\t\t\t\t\t class=\"block px-4 py-2 text-black border-l-4 border-solid border-transparent hover:border-red-100 transition-all hover:!border-b-0 hover:font-bold\">\nWie oft bieten wir Tipps aus der rum\u00e4nischen Liga 1 an?\n<\/a>\n\t\t\t\t\t\t<\/li>\n\t\t\t\t\t\t\t\t\t\t\t<li>\n\t\t\t\t\t\t\t<a href=\"#alles-was-sie-uber-wetten-auf-die-rumanische-liga-1-wissen-mussen\" data-bt-toc-item=\"alles-was-sie-uber-wetten-auf-die-rumanische-liga-1-wissen-mussen\"\n\t\t\t\t\t\t\t\t @click=\"show_toc = false\"\n\t\t\t\t\t\t\t\t class=\"block px-4 py-2 text-black border-l-4 border-solid border-transparent hover:border-red-100 transition-all hover:!border-b-0 hover:font-bold\">\nAlles, was Sie \u00fcber Wetten auf die rum\u00e4nische Liga 1 wissen m\u00fcssen\n<\/a>\n\t\t\t\t\t\t<\/li>\n\t\t\t\t\t\t\t\t\t\t\t<li>\n\t\t\t\t\t\t\t<a href=\"#welcher-bonus-ist-der-beste-fur-meine-wetten-auf-die-rumanische-liga-1\" data-bt-toc-item=\"welcher-bonus-ist-der-beste-fur-meine-wetten-auf-die-rumanische-liga-1\"\n\t\t\t\t\t\t\t\t @click=\"show_toc = false\"\n\t\t\t\t\t\t\t\t class=\"block px-4 py-2 text-black border-l-4 border-solid border-transparent hover:border-red-100 transition-all hover:!border-b-0 hover:font-bold\">\nWelcher Bonus ist der beste f\u00fcr meine Wetten auf die rum\u00e4nische Liga 1?\n<\/a>\n\t\t\t\t\t\t<\/li>\n\t\t\t\t\t\t\t\t\t\t\t<li>\n\t\t\t\t\t\t\t<a href=\"#quotenvergleich-fur-die-rumanische-liga-1\" data-bt-toc-item=\"quotenvergleich-fur-die-rumanische-liga-1\"\n\t\t\t\t\t\t\t\t @click=\"show_toc = false\"\n\t\t\t\t\t\t\t\t class=\"block px-4 py-2 text-black border-l-4 border-solid border-transparent hover:border-red-100 transition-all hover:!border-b-0 hover:font-bold\">\nQuotenvergleich f\u00fcr die rum\u00e4nische Liga 1\n<\/a>\n\t\t\t\t\t\t<\/li>\n\t\t\t\t\t\t\t\t\t<\/ul>\n\t\t\t\t\t\t\t\t\t\t\t<\/div>\n\t\t<\/div>\n\t<\/div>\n\t\t\t\t\t<\/div>\n\t\t\t<\/div>\n\t\t<\/div>\n\t<\/div>\n<\/div>\n\t<\/div>\n<\/div>\n\n","protected":false},"excerpt":{"rendered":"","protected":false},"author":6,"featured_media":431,"parent":892,"menu_order":1000,"comment_status":"closed","ping_status":"closed","template":"","meta":{"footnotes":""},"tags":[],"acf":[],"_links":{"self":[{"href":"https:\/\/betting.com\/de\/wp-json\/wp\/v2\/pages\/259"}],"collection":[{"href":"https:\/\/betting.com\/de\/wp-json\/wp\/v2\/pages"}],"about":[{"href":"https:\/\/betting.com\/de\/wp-json\/wp\/v2\/types\/page"}],"author":[{"embeddable":true,"href":"https:\/\/betting.com\/de\/wp-json\/wp\/v2\/users\/6"}],"replies":[{"embeddable":true,"href":"https:\/\/betting.com\/de\/wp-json\/wp\/v2\/comments?post=259"}],"version-history":[{"count":4,"href":"https:\/\/betting.com\/de\/wp-json\/wp\/v2\/pages\/259\/revisions"}],"predecessor-version":[{"id":6189,"href":"https:\/\/betting.com\/de\/wp-json\/wp\/v2\/pages\/259\/revisions\/6189"}],"up":[{"embeddable":true,"href":"https:\/\/betting.com\/de\/wp-json\/wp\/v2\/pages\/892"}],"wp:featuredmedia":[{"embeddable":true,"href":"https:\/\/betting.com\/de\/wp-json\/wp\/v2\/media\/431"}],"wp:attachment":[{"href":"https:\/\/betting.com\/de\/wp-json\/wp\/v2\/media?parent=259"}],"wp:term":[{"taxonomy":"post_tag","embeddable":true,"href":"https:\/\/betting.com\/de\/wp-json\/wp\/v2\/tags?post=259"}],"curies":[{"name":"wp","href":"https:\/\/api.w.org\/{rel}","templated":true}]}}