{"id":256,"date":"2022-06-15T23:06:59","date_gmt":"2022-06-15T23:06:59","guid":{"rendered":"https:\/\/betting.com\/de\/?page_id=256"},"modified":"2023-08-02T12:31:07","modified_gmt":"2023-08-02T12:31:07","slug":"tipps","status":"publish","type":"page","link":"https:\/\/betting.com\/de\/slowenische-prva-liga\/tipps","title":{"rendered":"Prva Liga Wett Tipps"},"content":{"rendered":"<div class=\" container-white py-8\">\n\t<div class=\"wp-block-container-toc  \">\n\t\t\t<div class=\"bg-white\">\n\t<div class=\"flex flex-col-reverse lg:flex-row lg:gap-8 py-10\">\n\t\t<article class=\"max-w-[960px] flex-grow\" data-bt-content>\n\t\t\t\n<h2 class=\"wp-block-heading\" id=\"prva-liga-wett-tipps-fur-die-heutigen-veranstaltungen\">Prva Liga-Wett Tipps f\u00fcr die heutigen Veranstaltungen<\/h2>\n\n\n\n<p>Die slowenische Prva Liga, auch bekannt als Prva Liga Telekom, ist die h\u00f6chste Spielklasse in Slowenien und wurde 1991 gegr\u00fcndet.&nbsp;<\/p>\n\n\n\n<p>Der folgende Artikel enth\u00e4lt einige wichtige Details zur slowenischen Prva Liga, wie z. B. bemerkenswerte Transfers, Favoriten auf den Meistertitel, abstiegsgef\u00e4hrdete Mannschaften und eine Auswahl von Spielern, die man in dieser Saison im Auge behalten sollte. Der Artikel ist f\u00fcr jeden hilfreich, der eine Wette platzieren m\u00f6chte und bietet n\u00fctzliche Tipps f\u00fcr Wettende.&nbsp;<\/p>\n\n\n\n<h2 class=\"wp-block-heading\" id=\"fussball-wett-tipps-fur-die-slowenische-prva-liga-in-der-saison-2022-23\">Fu\u00dfball-Wett Tipps f\u00fcr die slowenische Prva Liga in der Saison 2022\/23<\/h2>\n\n\n\n<p>In der Prva Liga spielen die 10 besten Mannschaften Sloweniens und haben die M\u00f6glichkeit, sich f\u00fcr beide UEFA-Wettbewerbe zu qualifizieren. In der Saison 2020\/21 wurde N\u0160 Mura zum ersten Mal in der Vereinsgeschichte zum Liga-Meister gekr\u00f6nt. Das Duell mit Maribor an der Tabellenspitze war \u00e4u\u00dferst knapp und ging bis zum Schluss.<\/p>\n\n\n\n<p><em>\u201cDas Spielformat der Prva Liga sieht vor, dass alle Mannschaften insgesamt 36 Spiele bestreiten, wobei die Teams viermal in der Saison gegeneinander antreten. Nach einer erstaunlichen Saison im vergangenen Jahr ist N\u0160 Mura der Titelverteidiger.\u201d<\/em><\/p>\n\n\n\n<h3 class=\"wp-block-heading\" id=\"welche-buchmacher-gelten-als-die-besten-fur-die-slowenische-prva-liga\">Welche Buchmacher gelten als die besten f\u00fcr die slowenische Prva Liga?<\/h3>\n\n\n\n<p>Die Auswahl an Buchmachern ist gro\u00df, wenn es um Fu\u00dfballwetten geht. Du wirst feststellen, dass die besten Buchmacher gro\u00dfartige Boni anbieten und besonders gut f\u00fcr gro\u00dfe Gewinnauszahlungen sind.<\/p>\n\n\n\n<h2 class=\"wp-block-heading\" id=\"wie-erstellen-wir-unsere-wett-tipps\">Wie erstellen wir unsere Wett Tipps?<\/h2>\n\n\n\n<p>Alle unsere Wett Tipps stammen aus zuverl\u00e4ssigen Quellen. Unsere Experten kennen sich mit Fu\u00dfballwetten aus und unsere Erfolgsquote beweist das.<\/p>\n\n\n\n<p>Unsere Informationen zur slowenischen Prva Liga sind sorgf\u00e4ltig zusammengestellt. Alle unsere Vorhersagen und kostenlosen Wett Tipps werden durch Statistiken unterst\u00fctzt.<\/p>\n\n\n\n<p>Der Erfolg unserer Tipps bringt jedes Mal viele Wettende wieder zur\u00fcck zu uns.<\/p>\n\n\n\n<p>F\u00fcr welche Spiele der slowenischen Prva Liga bieten wir Tipps an?<\/p>\n\n\n\n<p>Hier findest du Wett Tipps zur slowenischen Prva Liga von unseren Top-Tippern f\u00fcr alle Spiele, insbesondere f\u00fcr gro\u00dfe Derbys. Vorhersagen und kostenlose Wett Tipps werden f\u00fcr alle wichtigen Spiele in der slowenischen Spitzenklasse verf\u00fcgbar sein.<\/p>\n\n\n\n<h3 class=\"wp-block-heading\" id=\"wie-oft-veroffentlichen-wir-unsere-slowenischen-prva-liga-wett-tipps\">Wie oft ver\u00f6ffentlichen wir unsere slowenischen Prva Liga-Wett Tipps?<\/h3>\n\n\n\n<p>Wetttipps und Prognosen zur slowenischen Prva Liga findest du jeden Tag, meist einen Tag vor dem Spiel oder am Tag des Anpfiffs. Diese Wetttipps sind dank unserer Experten-Tippgeber kostenlos.<\/p>\n\n\n\n<p>Alles, was du \u00fcber die slowenische Prva Liga-Wetten wissen musst<\/p>\n\n\n\n<p>Der Gesamtsieger der Liga ist der beliebteste Wettmarkt f\u00fcr die slowenische Prva Liga.<\/p>\n\n\n\n<p><em>\u201cUnsere Experten-Wetttipps geben dir einen detaillierten \u00dcberblick \u00fcber die slowenische Prva Liga und informieren dich \u00fcber Spieler und Vereine. Diese Informationen k\u00f6nnen helfen, mit Vertrauen zu wetten.\u201d&nbsp;<\/em><\/p>\n\n\n\n<p>Auf unserer Plattform kannst du Tippern folgen, die dir bei deinen Wettentscheidungen helfen. Dar\u00fcber hinaus kannst du auch betting.com nutzen, um Quoten zu vergleichen und die besten Tipps f\u00fcr die slowenische Prva Liga zu entdecken.<\/p>\n\n\n\n<h2 class=\"wp-block-heading\" id=\"welcher-bonus-ist-der-beste-fur-meine-liga-wetten\">Welcher Bonus ist der beste f\u00fcr meine Liga-Wetten?<\/h2>\n\n\n\n<p>Es gibt so viele verschiedene Boni, die deine Wetten auf die slowenische Prva Liga verbessern k\u00f6nnen. Die Bonusarten, die wir empfehlen, sind erh\u00f6hte Quoten und Anmeldeangebote, um das Beste aus Ihren Wetten herauszuholen. Die meisten Slowenische Prva Liga-Boni sind mit leicht zu erf\u00fcllenden Bedingungen verbunden.<\/p>\n\n\t\t<\/article>\n\t\t<div class=\"lg:w-[300px] lg:flex-shrink-0 relative\" x-data=\"{show_toc: false}\">\n\t\t\t<div class=\"lg:sticky lg:top-4 z-30\">\n\t\t\t\t<div class=\"fixed -top-64 left-0 w-full z-50 lg:static transition-all hidden lg:block\" id=\"fixed-toc\">\n\t\t\t\t\t<div>\n\t\t\t\t<div class=\"border-b border-solid border-gray-30 text-lg font-bold lg:pt-7 max-lg:px-4 py-3 flex items-center justify-between bg-white lg:bg-transparent\">\n\t\t\tWas gibt es auf dieser Seite\n\t\t\t<button @click=\"show_toc = true\" class=\"btn btn-red-outline-white block lg:hidden\">Jump to<\/button>\n\t\t<\/div>\n\t\t\t\t<div\n\t\t\tclass=\"max-lg:fixed max-lg:top-0 max-lg:left-0 max-lg:w-screen max-lg:h-screen max-lg:bg-gray-70 max-lg:bg-opacity-75 max-lg:hidden\"\n\t\t\t:class=\"{'max-lg:hidden': !show_toc}\"\n\t\t\t@click=\"show_toc = false\"\n\t\t>\n\t\t\t<div class=\"max-lg:absolute max-lg:bottom-0 max-lg:left-0 max-lg:w-screen bg-white lg:bg-transparent\">\n\t\t\t\t\t\t\t\t<div class=\"flex lg:hidden items-center justify-between mx-4 border-b border-solid border-gray-30 pt-6 pb-2 font-bold\">\n\n\t\t\t\t\tAuf dieser Seite\n\t\t\t\t\t<button @click=\"show_toc = false\">\n\t\t\t\t\t\t<svg class=\"w-5 h-5 text-gray-100\" xmlns=\"http:\/\/www.w3.org\/2000\/svg\" fill=\"none\" stroke=\"currentColor\" stroke-width=\"1.5\" class=\"w-6 h-6\" viewBox=\"0 0 24 24\"><path stroke-linecap=\"round\" stroke-linejoin=\"round\" d=\"M6 18 18 6M6 6l12 12\"\/><\/svg>\t\t\t\t\t<\/button>\n\t\t\t\t<\/div>\n\t\t\t\t<ul id=\"toc\" class=\"mt-5 max-h-[85vh] overflow-y-auto list-none bt-scrollbars\">\n\n\t\t\t\t\t\t\t\t\t\t\t<li>\n\t\t\t\t\t\t\t<a href=\"#prva-liga-wett-tipps-fur-die-heutigen-veranstaltungen\" data-bt-toc-item=\"prva-liga-wett-tipps-fur-die-heutigen-veranstaltungen\"\n\t\t\t\t\t\t\t\t @click=\"show_toc = false\"\n\t\t\t\t\t\t\t\t class=\"block px-4 py-2 text-black border-l-4 border-solid border-transparent hover:border-red-100 transition-all hover:!border-b-0 hover:font-bold\">\nPrva Liga-Wett Tipps f\u00fcr die heutigen Veranstaltungen\n<\/a>\n\t\t\t\t\t\t<\/li>\n\t\t\t\t\t\t\t\t\t\t\t<li>\n\t\t\t\t\t\t\t<a href=\"#fussball-wett-tipps-fur-die-slowenische-prva-liga-in-der-saison-2022-23\" data-bt-toc-item=\"fussball-wett-tipps-fur-die-slowenische-prva-liga-in-der-saison-2022-23\"\n\t\t\t\t\t\t\t\t @click=\"show_toc = false\"\n\t\t\t\t\t\t\t\t class=\"block px-4 py-2 text-black border-l-4 border-solid border-transparent hover:border-red-100 transition-all hover:!border-b-0 hover:font-bold\">\nFu\u00dfball-Wett Tipps f\u00fcr die slowenische Prva Liga in der Saison 2022\/23\n<\/a>\n\t\t\t\t\t\t<\/li>\n\t\t\t\t\t\t\t\t\t\t\t<li>\n\t\t\t\t\t\t\t<a href=\"#wie-erstellen-wir-unsere-wett-tipps\" data-bt-toc-item=\"wie-erstellen-wir-unsere-wett-tipps\"\n\t\t\t\t\t\t\t\t @click=\"show_toc = false\"\n\t\t\t\t\t\t\t\t class=\"block px-4 py-2 text-black border-l-4 border-solid border-transparent hover:border-red-100 transition-all hover:!border-b-0 hover:font-bold\">\nWie erstellen wir unsere Wett Tipps?\n<\/a>\n\t\t\t\t\t\t<\/li>\n\t\t\t\t\t\t\t\t\t\t\t<li>\n\t\t\t\t\t\t\t<a href=\"#welcher-bonus-ist-der-beste-fur-meine-liga-wetten\" data-bt-toc-item=\"welcher-bonus-ist-der-beste-fur-meine-liga-wetten\"\n\t\t\t\t\t\t\t\t @click=\"show_toc = false\"\n\t\t\t\t\t\t\t\t class=\"block px-4 py-2 text-black border-l-4 border-solid border-transparent hover:border-red-100 transition-all hover:!border-b-0 hover:font-bold\">\nWelcher Bonus ist der beste f\u00fcr meine Liga-Wetten?\n<\/a>\n\t\t\t\t\t\t<\/li>\n\t\t\t\t\t\t\t\t\t<\/ul>\n\t\t\t\t\t\t\t\t\t\t\t<\/div>\n\t\t<\/div>\n\t<\/div>\n\t\t\t\t\t<\/div>\n\t\t\t<\/div>\n\t\t<\/div>\n\t<\/div>\n<\/div>\n\t<\/div>\n<\/div>\n\n","protected":false},"excerpt":{"rendered":"","protected":false},"author":6,"featured_media":471,"parent":887,"menu_order":1000,"comment_status":"closed","ping_status":"closed","template":"","meta":{"footnotes":""},"tags":[],"acf":[],"_links":{"self":[{"href":"https:\/\/betting.com\/de\/wp-json\/wp\/v2\/pages\/256"}],"collection":[{"href":"https:\/\/betting.com\/de\/wp-json\/wp\/v2\/pages"}],"about":[{"href":"https:\/\/betting.com\/de\/wp-json\/wp\/v2\/types\/page"}],"author":[{"embeddable":true,"href":"https:\/\/betting.com\/de\/wp-json\/wp\/v2\/users\/6"}],"replies":[{"embeddable":true,"href":"https:\/\/betting.com\/de\/wp-json\/wp\/v2\/comments?post=256"}],"version-history":[{"count":5,"href":"https:\/\/betting.com\/de\/wp-json\/wp\/v2\/pages\/256\/revisions"}],"predecessor-version":[{"id":6188,"href":"https:\/\/betting.com\/de\/wp-json\/wp\/v2\/pages\/256\/revisions\/6188"}],"up":[{"embeddable":true,"href":"https:\/\/betting.com\/de\/wp-json\/wp\/v2\/pages\/887"}],"wp:featuredmedia":[{"embeddable":true,"href":"https:\/\/betting.com\/de\/wp-json\/wp\/v2\/media\/471"}],"wp:attachment":[{"href":"https:\/\/betting.com\/de\/wp-json\/wp\/v2\/media?parent=256"}],"wp:term":[{"taxonomy":"post_tag","embeddable":true,"href":"https:\/\/betting.com\/de\/wp-json\/wp\/v2\/tags?post=256"}],"curies":[{"name":"wp","href":"https:\/\/api.w.org\/{rel}","templated":true}]}}