{"id":252,"date":"2022-06-15T23:00:19","date_gmt":"2022-06-15T23:00:19","guid":{"rendered":"https:\/\/betting.com\/de\/?page_id=252"},"modified":"2023-08-02T12:31:07","modified_gmt":"2023-08-02T12:31:07","slug":"tipps","status":"publish","type":"page","link":"https:\/\/betting.com\/de\/premier-league\/tipps","title":{"rendered":"Premier League Wett Tipps"},"content":{"rendered":"<div class=\" container-white py-8\">\n\t<div class=\"wp-block-container-toc  \">\n\t\t\t<div class=\"bg-white\">\n\t<div class=\"flex flex-col-reverse lg:flex-row lg:gap-8 py-10\">\n\t\t<article class=\"max-w-[960px] flex-grow\" data-bt-content>\n\t\t\t\n<h2 class=\"wp-block-heading\" id=\"premier-league-wett-tipps-fur-die-heutigen-veranstaltungen\">Premier League-Wett Tipps f\u00fcr die heutigen Veranstaltungen<\/h2>\n\n\n\n<p>Gerade wenn es um Wetten auf die Premier League geht, ist Wissen sehr wichtig, und f\u00fcr diejenigen, die sich einen entscheidenden Vorteil gegen\u00fcber den Buchmachern verschaffen wollen, haben wir uns zum Ziel gesetzt, dich mit so viel Wissen wie m\u00f6glich zu versorgen.<\/p>\n\n\n\n<p>Bei uns findest du die neuesten Premier League-Tipps, die von unserer st\u00e4ndig wachsenden Gemeinschaft verifizierter Tipper bereitgestellt werden. Um die hohe Qualit\u00e4t unserer Tipps zu gew\u00e4hrleisten, l\u00e4uft unser vollautomatischer Algorithmus rund um die Uhr, um sicherzustellen, dass alle unsere ver\u00f6ffentlichten Premier League-Tipps jederzeit nachempfunden werden k\u00f6nnen.<\/p>\n\n\n\n<p>Mit diesen wertvollen Informationen im Gep\u00e4ck hat man als Wettender eine gr\u00f6\u00dfere Chance, die Quoten zu \u00fcbertreffen, weshalb es f\u00fcr Wetten keinen besseren Ort als betting.com gibt.<\/p>\n\n\n\n<h2 class=\"wp-block-heading\" id=\"wer-sind-die-besten-buchmacher-fur-die-premier-league\">Wer sind die besten Buchmacher f\u00fcr die Premier League?<\/h2>\n\n\n\n<p>Die englische Premier League wird von so gut wie jedem Buchmacher abgedeckt. Um an ihr hart verdientes Geld zu kommen, werden zahlreiche Willkommens- und Dauerboni angeboten.<\/p>\n\n\n\n<p>Da es so viele Buchmacher gibt, die Quoten auf die Premier League anbieten, sind die M\u00e4rkte genauso umk\u00e4mpft wie der Fu\u00dfball selbst. Es lohnt sich daher, einen Blick darauf zu werfen, wer jedes Wochenende die besten Preise anbietet.<\/p>\n\n\n\n<p>Aufgrund des hohen Geldvolumens, das f\u00fcr die Premier League zur Verf\u00fcgung steht, sind die Buchmacher auch bereit, viel h\u00f6here Eins\u00e4tze zu akzeptieren. Die Wahl des besten Anbieters f\u00fcr Ihre Zwecke kann sich als schwierige Aufgabe erweisen, aber wir k\u00f6nnen f\u00fcr die folgenden Buchmacher b\u00fcrgen, die sehr gut sind:<\/p>\n\n\n\n<ul><li>ComeOn!<\/li><li>LeoVegas<\/li><\/ul>\n\n\n\n<h2 class=\"wp-block-heading\" id=\"wie-entstehen-unsere-wett-tipps\">Wie entstehen unsere Wett Tipps?<\/h2>\n\n\n\n<p>Hinter den Wett Tipps f\u00fcr die englische Premier League stecken unz\u00e4hlige Stunden an Analysen und Recherchen, da jede einzelne Statistik mit unglaublicher Detailgenauigkeit gepr\u00fcft wird.<\/p>\n\n\n\n<p>Alle Tipps, die auf der Website von betting.com ver\u00f6ffentlicht werden, werden von unseren Algorithmen \u00fcberpr\u00fcft, bevor sie live geschaltet werden. Das hei\u00dft, wenn du dich entscheidest, die angebotenen Tipps zu nutzen, kannst du das mit dem vollsten Vertrauen tun.<\/p>\n\n\n\n<p>Jeden Tag werden neue Wett Tipps von unserer st\u00e4ndig wachsenden Zahl von Mitgliedern ver\u00f6ffentlicht, was einen endlosen Fluss von Informationen und intelligenten Konzepten sicherstellt, um dich auf deiner Suche nach Wettreichtum zu unterst\u00fctzen.<\/p>\n\n\n\n<p>Zur weiteren Erleichterung und Bequemlichkeit f\u00fcgen unsere Wettexperten ihren Vorhersagen zur Premier League st\u00e4ndig tiefer gehende Analysen hinzu. Das macht es einfacher zu entscheiden, wo und wann du deine Wetten platzieren solltest.<\/p>\n\n\n\n<h2 class=\"wp-block-heading\" id=\"fur-welche-spiele-der-premier-league-werden-tipps-angeboten\">F\u00fcr welche Spiele der Premier League werden Tipps angeboten?<\/h2>\n\n\n\n<p>Unser ultimatives Ziel ist es, alle 380 Spiele pro Saison abzudecken, wobei es absolut keine Begrenzung gibt, wie viele Premier League-Tipps auf der Website verf\u00fcgbar sein werden. Unsere Gemeinschaft von Wettexperten w\u00e4chst schnell, was dazu f\u00fchrt, dass t\u00e4glich eine gr\u00f6\u00dfere Anzahl von Tipps ver\u00f6ffentlicht wird.<\/p>\n\n\n\n<p>Ganz gleich, ob du einfach nur Spa\u00df haben willst oder eine langfristige, profitable Strategie aufbauen willst, wir haben alles f\u00fcr dich im Angebot. Unsere Tipper sind sehr aktiv und ver\u00f6ffentlichen t\u00e4glich sowohl Einzel- als auch Kombi-Tipps zur Premier League.<\/p>\n\n\n\n<p>Wenn es um die gro\u00dfen Spiele wie die Nordlondoner, Manchester- oder Merseyside-Derbys geht, sind unsere Tipper bereit, alle Erkenntnisse zu liefern, die man braucht, oder sogar solche, an die man vielleicht nicht gedacht hat.<\/p>\n\n\n\n<h2 class=\"wp-block-heading\" id=\"wie-oft-werden-tipps-aus-der-premier-league-angeboten\">Wie oft werden Tipps aus der Premier League angeboten?<\/h2>\n\n\n\n<p>Auf der Website von Betting.com findest du Wetttipps zur englischen Premier League vom ersten bis zum letzten Spieltag jeder Saison. Wir wissen, wie wichtig Informationen f\u00fcr den Tipper sind und bieten daher stets so viele Tipps wie m\u00f6glich an.<\/p>\n\n\n\n<p>Da die meisten der 38 Runden an Wochenenden gespielt werden, empfiehlt es sich, jeden Samstag und Sonntag nach den neuesten Tipps zu suchen. Unsere Tipper sind jedoch immer bereit, dir weitere Einblicke zu gew\u00e4hren, so dass es nicht schadet, auch w\u00e4hrend der Woche nachzuschauen.<\/p>\n\n\n\n<h2 class=\"wp-block-heading\" id=\"alles-was-man-uber-wetten-auf-die-premier-league-wissen-muss\">Alles, was man \u00fcber Wetten auf die Premier League wissen muss<\/h2>\n\n\n\n<p>Obwohl die Pr\u00e4misse von Fu\u00dfballwetten recht einfach ist, bietet jeder Wettbewerb seine eigenen einzigartigen Faktoren. Doch wenn es um die Premier League geht, gibt es einen entscheidenden Punkt, der immer beachtet werden sollte.<\/p>\n\n\n\n<p>Mit der Zunahme der Fernsehgelder in den letzten Jahren hat sich die Landschaft des Wettbewerbs ver\u00e4ndert, sodass es zwar immer noch ein St\u00fcck weit so ist, dass die &#8222;Habenden&#8220; gegen die &#8222;Nichthabenden&#8220; antreten, aber das Spielfeld ist vielleicht ausgeglichener als je zuvor.<\/p>\n\n\n\n<p>Auch wenn Manchester City, Manchester United und Chelsea das Geschehen \u00fcber die gesamte Saison hinweg dominieren werden, gibt es immer noch das Potenzial f\u00fcr zahlreiche \u00dcberraschungen, die Woche f\u00fcr Woche stattfinden.<\/p>\n\n\n\n<p>Diese \u00dcberraschungen machen diese Liga zu einer der attraktivsten aus Sicht der Wettanbieter. Doch obwohl viele Tipper an jedem Wochenende ihr Gl\u00fcck versuchen, lauert hinter jeder Ecke ein potenzieller Haken.<\/p>\n\n\n\n<p>Und wenn es um \u00dcberraschungen geht, sollte niemand die Heldengeschichte von Leicester City vergessen. Nachdem das Team 2015 dem Abstieg entkommen war, schockierte es die Fu\u00dfballwelt im darauffolgenden Jahr mit dem Gewinn der Premier League.<\/p>\n\n\n\n<p>Angesichts von vier Champions-League-Pl\u00e4tzen und der Dramatik, die ein j\u00e4hrlicher Abstiegskampf mit sich bringt, gibt es eine Reihe von w\u00f6chentlichen Nebenschaupl\u00e4tzen, die Ihre Aufmerksamkeit und vor allem Ihren Wettfokus wecken.<\/p>\n\n\n\n<p>Diese Nebenschaupl\u00e4tze sorgen in der gesamten Liga f\u00fcr Spannung, denn jede Mannschaft hat die Chance, ein dringend ben\u00f6tigtes Ergebnis zu erzielen. Das ist der Grund, warum die Liga so viele Fernsehzuschauer im In- und Ausland anzieht.<\/p>\n\n\n\n<p>Da so viele Fernsehgelder an die Vereine flie\u00dfen, k\u00f6nnen die Aufsteiger sogar hohe Abl\u00f6sesummen ausgeben. Angesichts der Tatsache, dass die Liga so hart umk\u00e4mpft ist, kann es manchmal schwierig sein, Wetten abzuschlie\u00dfen.<\/p>\n\n\n\n<p>Mit den Analysen und Recherchen, die von unseren Tippern durchgef\u00fchrt werden, wollen wir dir das Leben ein wenig leichter machen, wenn es um Wetten auf die Premier League geht, damit du mit den angebotenen Informationen eine bessere Chance hast, die Buchmacher jedes Wochenende zu \u00fcberlisten.<\/p>\n\n\n\n<h3 class=\"wp-block-heading\" id=\"welcher-bonus-ist-der-beste-fur-meine-wetten-auf-die-premier-league\">Welcher Bonus ist der beste f\u00fcr meine Wetten auf die Premier League?<\/h3>\n\n\n\n<p>Es gibt viele Arten von Boni, wenn du gerne auf die Premier League wettest. Wir haben die meisten der verf\u00fcgbaren Bonusangebote getestet und die beliebtesten sind diejenigen, die erh\u00f6hte Quoten, Gratiswetten und Geld-zur\u00fcck-Aktionen anbieten.<\/p>\n\n\n\n<p>Die meisten Premier-League-Boni sind mit leicht zu erf\u00fcllenden Bedingungen verbunden (z. B. maximaler Einsatz oder Mindestquoten), sodass du deine Wetten jedes Wochenende und im Laufe der Saison in vollen Z\u00fcgen genie\u00dfen kannst.<\/p>\n\n\n\n<h3 class=\"wp-block-heading\" id=\"quotenvergleich-fur-die-premier-league\">Quotenvergleich f\u00fcr die Premier League<\/h3>\n\n\n\n<p>Eine wichtige Faustregel ist, dass du deine Wetten immer mit der h\u00f6chstm\u00f6glichen Quote platzieren solltest &#8211; dies wird deine langfristige Bilanz erheblich verbessern und dir eine bessere Chance geben, eine Gewinnsumme aufzubauen.<\/p>\n\n\n\n<p>Nat\u00fcrlich kann es sein, dass du dich als jemand betrachtest, der nur zum Spa\u00df wettet, und wenn das der Fall ist, warum suchst du nicht nach den besten Quoten, die angeboten werden, und verdienst dir eine ansehnliche Auszahlung f\u00fcr all deine Premier League-Wettbem\u00fchungen.<\/p>\n\n\n\n<p><strong>In den meisten F\u00e4llen sind die Wett Tipps, die du auf unserer Website findest, mit den h\u00f6chsten verf\u00fcgbaren Quoten versehen, aber ein guter Wettender wird immer doppelt pr\u00fcfen.<\/strong><\/p>\n\n\n\n<h2 class=\"wp-block-heading\" id=\"ubersicht-der-englischen-premier-league-2022-23\">\u00dcbersicht der englischen Premier League 2022\/23<\/h2>\n\n\n\n<p><strong>Saisonstart-Ende:<\/strong> August 2022 &#8211; Mai 2023<\/p>\n\n\n\n<p><strong>Alle Mannschaften und ihre Heimstadien<\/strong><\/p>\n\n\n\n<p>Arsenal, Emirates Stadium<\/p>\n\n\n\n<p>Aston Villa, Villa Park<\/p>\n\n\n\n<p>Bournemouth, Vitality Stadium<\/p>\n\n\n\n<p>Brentford, Brentford Community Stadium<\/p>\n\n\n\n<p>Brighton, American Express Community Stadium<\/p>\n\n\n\n<p>Chelsea, Stamford Bridge<\/p>\n\n\n\n<p>Crystal Palace, Selhurst Park<\/p>\n\n\n\n<p>Everton, Goodison Park<\/p>\n\n\n\n<p>Fulham, Craven Cottage<\/p>\n\n\n\n<p>Leeds, Elland Road<\/p>\n\n\n\n<p>Leicester, King Power Stadium<\/p>\n\n\n\n<p>Liverpool, Anfield<\/p>\n\n\n\n<p>Manchester City, Etihad Stadium<\/p>\n\n\n\n<p>Manchester United, Old Trafford Newcastle, St James\u2019 Park<\/p>\n\n\n\n<p>Nottingham Forest, City Ground<\/p>\n\n\n\n<p>Southampton, St Mary\u2019s Stadium<\/p>\n\n\n\n<p>Tottenham, Tottenham Hotspur Stadium<\/p>\n\n\n\n<p>West Ham, London Stadium<\/p>\n\n\n\n<p>Wolves, Molineux<\/p>\n\n\n\n<p><strong>Mannschaften in der Champions League:<\/strong> Manchester City, Liverpool, Chelsea und Tottenham<\/p>\n\n\n\n<p><strong>Mannschaften in der Europa League:<\/strong> Arsenal und Manchester United<\/p>\n\n\n\n<p><strong>Mannschaften in der Europa Conference League:<\/strong> West Ham<\/p>\n\n\n\n<p><strong>Aufgestiegen: <\/strong>Nottingham Forest, Fulham und Bournemouth<\/p>\n\n\n\n<p><strong>Titelverteidiger: <\/strong>Manchester City<\/p>\n\n\t\t<\/article>\n\t\t<div class=\"lg:w-[300px] lg:flex-shrink-0 relative\" x-data=\"{show_toc: false}\">\n\t\t\t<div class=\"lg:sticky lg:top-4 z-30\">\n\t\t\t\t<div class=\"fixed -top-64 left-0 w-full z-50 lg:static transition-all hidden lg:block\" id=\"fixed-toc\">\n\t\t\t\t\t<div>\n\t\t\t\t<div class=\"border-b border-solid border-gray-30 text-lg font-bold lg:pt-7 max-lg:px-4 py-3 flex items-center justify-between bg-white lg:bg-transparent\">\n\t\t\tWas gibt es auf dieser Seite\n\t\t\t<button @click=\"show_toc = true\" class=\"btn btn-red-outline-white block lg:hidden\">Jump to<\/button>\n\t\t<\/div>\n\t\t\t\t<div\n\t\t\tclass=\"max-lg:fixed max-lg:top-0 max-lg:left-0 max-lg:w-screen max-lg:h-screen max-lg:bg-gray-70 max-lg:bg-opacity-75 max-lg:hidden\"\n\t\t\t:class=\"{'max-lg:hidden': !show_toc}\"\n\t\t\t@click=\"show_toc = false\"\n\t\t>\n\t\t\t<div class=\"max-lg:absolute max-lg:bottom-0 max-lg:left-0 max-lg:w-screen bg-white lg:bg-transparent\">\n\t\t\t\t\t\t\t\t<div class=\"flex lg:hidden items-center justify-between mx-4 border-b border-solid border-gray-30 pt-6 pb-2 font-bold\">\n\n\t\t\t\t\tAuf dieser Seite\n\t\t\t\t\t<button @click=\"show_toc = false\">\n\t\t\t\t\t\t<svg class=\"w-5 h-5 text-gray-100\" xmlns=\"http:\/\/www.w3.org\/2000\/svg\" fill=\"none\" stroke=\"currentColor\" stroke-width=\"1.5\" class=\"w-6 h-6\" viewBox=\"0 0 24 24\"><path stroke-linecap=\"round\" stroke-linejoin=\"round\" d=\"M6 18 18 6M6 6l12 12\"\/><\/svg>\t\t\t\t\t<\/button>\n\t\t\t\t<\/div>\n\t\t\t\t<ul id=\"toc\" class=\"mt-5 max-h-[85vh] overflow-y-auto list-none bt-scrollbars\">\n\n\t\t\t\t\t\t\t\t\t\t\t<li>\n\t\t\t\t\t\t\t<a href=\"#premier-league-wett-tipps-fur-die-heutigen-veranstaltungen\" data-bt-toc-item=\"premier-league-wett-tipps-fur-die-heutigen-veranstaltungen\"\n\t\t\t\t\t\t\t\t @click=\"show_toc = false\"\n\t\t\t\t\t\t\t\t class=\"block px-4 py-2 text-black border-l-4 border-solid border-transparent hover:border-red-100 transition-all hover:!border-b-0 hover:font-bold\">\nPremier League-Wett Tipps f\u00fcr die heutigen Veranstaltungen\n<\/a>\n\t\t\t\t\t\t<\/li>\n\t\t\t\t\t\t\t\t\t\t\t<li>\n\t\t\t\t\t\t\t<a href=\"#wer-sind-die-besten-buchmacher-fur-die-premier-league\" data-bt-toc-item=\"wer-sind-die-besten-buchmacher-fur-die-premier-league\"\n\t\t\t\t\t\t\t\t @click=\"show_toc = false\"\n\t\t\t\t\t\t\t\t class=\"block px-4 py-2 text-black border-l-4 border-solid border-transparent hover:border-red-100 transition-all hover:!border-b-0 hover:font-bold\">\nWer sind die besten Buchmacher f\u00fcr die Premier League?\n<\/a>\n\t\t\t\t\t\t<\/li>\n\t\t\t\t\t\t\t\t\t\t\t<li>\n\t\t\t\t\t\t\t<a href=\"#wie-entstehen-unsere-wett-tipps\" data-bt-toc-item=\"wie-entstehen-unsere-wett-tipps\"\n\t\t\t\t\t\t\t\t @click=\"show_toc = false\"\n\t\t\t\t\t\t\t\t class=\"block px-4 py-2 text-black border-l-4 border-solid border-transparent hover:border-red-100 transition-all hover:!border-b-0 hover:font-bold\">\nWie entstehen unsere Wett Tipps?\n<\/a>\n\t\t\t\t\t\t<\/li>\n\t\t\t\t\t\t\t\t\t\t\t<li>\n\t\t\t\t\t\t\t<a href=\"#fur-welche-spiele-der-premier-league-werden-tipps-angeboten\" data-bt-toc-item=\"fur-welche-spiele-der-premier-league-werden-tipps-angeboten\"\n\t\t\t\t\t\t\t\t @click=\"show_toc = false\"\n\t\t\t\t\t\t\t\t class=\"block px-4 py-2 text-black border-l-4 border-solid border-transparent hover:border-red-100 transition-all hover:!border-b-0 hover:font-bold\">\nF\u00fcr welche Spiele der Premier League werden Tipps angeboten?\n<\/a>\n\t\t\t\t\t\t<\/li>\n\t\t\t\t\t\t\t\t\t\t\t<li>\n\t\t\t\t\t\t\t<a href=\"#wie-oft-werden-tipps-aus-der-premier-league-angeboten\" data-bt-toc-item=\"wie-oft-werden-tipps-aus-der-premier-league-angeboten\"\n\t\t\t\t\t\t\t\t @click=\"show_toc = false\"\n\t\t\t\t\t\t\t\t class=\"block px-4 py-2 text-black border-l-4 border-solid border-transparent hover:border-red-100 transition-all hover:!border-b-0 hover:font-bold\">\nWie oft werden Tipps aus der Premier League angeboten?\n<\/a>\n\t\t\t\t\t\t<\/li>\n\t\t\t\t\t\t\t\t\t\t\t<li>\n\t\t\t\t\t\t\t<a href=\"#alles-was-man-uber-wetten-auf-die-premier-league-wissen-muss\" data-bt-toc-item=\"alles-was-man-uber-wetten-auf-die-premier-league-wissen-muss\"\n\t\t\t\t\t\t\t\t @click=\"show_toc = false\"\n\t\t\t\t\t\t\t\t class=\"block px-4 py-2 text-black border-l-4 border-solid border-transparent hover:border-red-100 transition-all hover:!border-b-0 hover:font-bold\">\nAlles, was man \u00fcber Wetten auf die Premier League wissen muss\n<\/a>\n\t\t\t\t\t\t<\/li>\n\t\t\t\t\t\t\t\t\t\t\t<li>\n\t\t\t\t\t\t\t<a href=\"#ubersicht-der-englischen-premier-league-2022-23\" data-bt-toc-item=\"ubersicht-der-englischen-premier-league-2022-23\"\n\t\t\t\t\t\t\t\t @click=\"show_toc = false\"\n\t\t\t\t\t\t\t\t class=\"block px-4 py-2 text-black border-l-4 border-solid border-transparent hover:border-red-100 transition-all hover:!border-b-0 hover:font-bold\">\n\u00dcbersicht der englischen Premier League 2022\/23\n<\/a>\n\t\t\t\t\t\t<\/li>\n\t\t\t\t\t\t\t\t\t<\/ul>\n\t\t\t\t\t\t\t\t\t\t\t<\/div>\n\t\t<\/div>\n\t<\/div>\n\t\t\t\t\t<\/div>\n\t\t\t<\/div>\n\t\t<\/div>\n\t<\/div>\n<\/div>\n\t<\/div>\n<\/div>\n\n","protected":false},"excerpt":{"rendered":"","protected":false},"author":6,"featured_media":463,"parent":956,"menu_order":1000,"comment_status":"closed","ping_status":"closed","template":"","meta":{"footnotes":""},"tags":[],"acf":[],"_links":{"self":[{"href":"https:\/\/betting.com\/de\/wp-json\/wp\/v2\/pages\/252"}],"collection":[{"href":"https:\/\/betting.com\/de\/wp-json\/wp\/v2\/pages"}],"about":[{"href":"https:\/\/betting.com\/de\/wp-json\/wp\/v2\/types\/page"}],"author":[{"embeddable":true,"href":"https:\/\/betting.com\/de\/wp-json\/wp\/v2\/users\/6"}],"replies":[{"embeddable":true,"href":"https:\/\/betting.com\/de\/wp-json\/wp\/v2\/comments?post=252"}],"version-history":[{"count":5,"href":"https:\/\/betting.com\/de\/wp-json\/wp\/v2\/pages\/252\/revisions"}],"predecessor-version":[{"id":6187,"href":"https:\/\/betting.com\/de\/wp-json\/wp\/v2\/pages\/252\/revisions\/6187"}],"up":[{"embeddable":true,"href":"https:\/\/betting.com\/de\/wp-json\/wp\/v2\/pages\/956"}],"wp:featuredmedia":[{"embeddable":true,"href":"https:\/\/betting.com\/de\/wp-json\/wp\/v2\/media\/463"}],"wp:attachment":[{"href":"https:\/\/betting.com\/de\/wp-json\/wp\/v2\/media?parent=252"}],"wp:term":[{"taxonomy":"post_tag","embeddable":true,"href":"https:\/\/betting.com\/de\/wp-json\/wp\/v2\/tags?post=252"}],"curies":[{"name":"wp","href":"https:\/\/api.w.org\/{rel}","templated":true}]}}