{"id":25,"date":"2022-06-14T13:34:57","date_gmt":"2022-06-14T13:34:57","guid":{"rendered":"https:\/\/betting.com\/de\/?page_id=25"},"modified":"2023-08-02T12:31:09","modified_gmt":"2023-08-02T12:31:09","slug":"quoten","status":"publish","type":"page","link":"https:\/\/betting.com\/de\/bundesliga\/quoten","title":{"rendered":"1. Bundesliga Quoten"},"content":{"rendered":"<div class=\" container-white py-8\">\n\t<div class=\"wp-block-container-toc  \">\n\t\t\t<div class=\"bg-white\">\n\t<div class=\"flex flex-col-reverse lg:flex-row lg:gap-8 py-10\">\n\t\t<article class=\"max-w-[960px] flex-grow\" data-bt-content>\n\t\t\t\n<h2 class=\"wp-block-heading\" id=\"die-1-bundesliga-quoten-verstehen\">Die 1. Bundesliga Quoten Verstehen<\/h2>\n\n\n\n<p>Sportwetten auf die deutsche Bundesliga haben erst Anfang der 2000er so richtig fahrt aufgenommen. Zuvor haben sich nicht viele Leute in der Sportwettenbranche f\u00fcr die deutsche Bundesliga interessiert. Nichtsdestotrotz hat sich die deutsche Bundesliga \u00fcber die Jahre einen sehr hohen Stellenwert im Weltfu\u00dfball errungen.&nbsp;<\/p>\n\n\n\n<p>Dies liegt wahrscheinlich daran, dass mehrere deutsche Bundesliga Teams, \u00fcber Jahre mehrere Erfolge bei gro\u00dfen Events wie der Champions League oder der Europa League hatten.&nbsp;<\/p>\n\n\n\n<p>Auch die Erfolge der deutschen Nationalmannschaft tragen dazu bei, dass die Bundesliga einen so hohen Stellenwert genie\u00dft, da die meisten Nationalspieler in der Bundesliga t\u00e4tig sind. Keine Frage, Wett-Spieler, die \u00fcber ein solides Wett-Portfolio verf\u00fcgen, lassen sich die Gelegenheiten in der deutschen Bundesliga nicht entgehen.&nbsp;<\/p>\n\n\n\n<h2 class=\"wp-block-heading\" id=\"die-geschichte-der-deutschen-fussball-1-bundesliga\">Die Geschichte der deutschen Fu\u00dfball 1. Bundesliga<\/h2>\n\n\n\n<p>1963\/64 wurde die Erste Bundesliga Saison gespielt. Zur Einf\u00fchrung der Bundesliga gingen damals 16 Mannschaften an den Start. Die erfolgreichsten Teams vor dem Zweiten Weltkrieg (bis 1939) waren der 1.FC N\u00fcrnberg, Schalke 04 (jeweils 6 Meisterschaften), Hertha BSC Berlin, Spvgg. F\u00fcrth, der Hamburger SV und vor dem Ersten Weltkrieg der VfB Leipzig.&nbsp;<\/p>\n\n\n\n<p>Auch andere prominente Namen waren bereits vor Ort (Fortuna D\u00fcsseldorf, Hannover 96, Bayern M\u00fcnchen, 1860\u00b4M\u00fcnchen, Karlsruhe, VfB Stuttgart und Eintracht Frankfurt). Nach dem Zweiten Weltkrieg und bis 1989 (im Fu\u00dfball bis 1991) war Deutschland in einen \u00f6stlichen Teil (Deutsche Demokratische Republik) und den Rest (Bundesrepublik Deutschland) geteilt.&nbsp;<\/p>\n\n\n\n<p>Heute besteht die Bundesliga aus 18 Mannschaften und jede Mannschaft bestreitet 34 Spiele w\u00e4hrend einer Saison. Die Mannschaft, die nach 34 Spielen die meisten Punkte vorweisen kann, gewinnt die Meisterschaft. Sollte es der Fall sein, dass nach dem letzten Spieltag die zwei besten Mannschaften dieselbe Punktzahl haben, dann wird durch die Tordifferenz entschieden.&nbsp;<\/p>\n\n\n\n<p>Der Bundesliga-Rekordmeister ist der FC Bayern M\u00fcnchen, der insgesamt 30-Bundesliga-Meisterschaften gewonnen hat. Der FC Bayern konnte sich auch letzten Saison die Meisterschaft sichern.&nbsp;<\/p>\n\n\n\n<p>Auch dieses Jahr z\u00e4hlt die Mannschaft von Julian Nagelsmann wieder zu den Top-Titelanw\u00e4rtern, jedoch sollten Mannschaften wie der RB Leipzig, Dortmund, Bayer Leverkusen und der VfL Wolfsburg nicht untersch\u00e4tzt werden, da sich diese Mannschaften auf einigen Positionen verbessert haben.&nbsp;<\/p>\n\n\n\n<p>Auch wenn in den letzten Jahren der FC Bayern dominierte, gibt es in der Bundesliga immer wieder \u00dcberraschungen wie zum Beispiel 2011 und 2012, als Borussia Dortmund zwei Mal in Folge die Meisterschaft gewann.&nbsp;<\/p>\n\n\n\n<p>Die Bundesliga bietet nicht nur erstklassigen Fu\u00dfball, sondern betreibt auch hervorragendes Marketing und deshalb sind auch viele Wettanbieter an der Bundesliga interessiert, um verschiedene Mannschaften zu sponsern.&nbsp;<\/p>\n\n\n\n<h2 class=\"wp-block-heading\" id=\"die-zusatzlichen-veranstaltungen-der-teams\">Die zus\u00e4tzlichen veranstaltungen der Teams<\/h2>\n\n\n\n<p>Selbstverst\u00e4ndlich spielen auch die Champions League, Europa League und der DFB Pokal eine gro\u00dfe Rolle f\u00fcr die deutschen Bundesliga Teams. Dies sind Veranstaltungen, an denen jede deutsche Mannschaft mit Vorliebe teilnehmen will.&nbsp;<\/p>\n\n\n\n<p>F\u00fcr Wett-Spieler sind diese Veranstaltungen auch von hoher Bedeutung. Nicht nur, weil diese Events eine zus\u00e4tzliche M\u00f6glichkeit bieten, um eine Wette abzuschlie\u00dfen, sondern auch, weil die zus\u00e4tzlichen Veranstaltungen auch oft die Quoten der Bundesliga beeinflussen. Die ersten vier Mannschaften nach Saisonende qualifizieren sich automatisch f\u00fcr die Champions League Gruppenphase.&nbsp;<\/p>\n\n\n\n<p>Die f\u00fcnfte Mannschaft qualifiziert sich direkt f\u00fcr die Gruppenphase der Europa League. Auch der Sieger des DFB Pokals qualifiziert sich f\u00fcr die Gruppenphase der Europa League. Die Mannschaft, die den sechsten Platz belegt, steigt automatisch in die dritte Qualifikationsrunde der Europa League ein.&nbsp;<\/p>\n\n\n\n<p>Sollte der DFB Pokal Gewinner sich gleichzeitig schon f\u00fcr die Champions League qualifiziert haben, dann bekommt automatisch die Mannschaft einen Europa League Platz, die am n\u00e4chsten an den Champions League Pl\u00e4tzen war.&nbsp;<\/p>\n\n\n\n<h2 class=\"wp-block-heading\" id=\"die-beliebtesten-markte-in-der-deutschen-fussball-1-bundesliga\">Die beliebtesten M\u00e4rkte in der Deutschen Fu\u00dfball 1.Bundesliga<\/h2>\n\n\n\n<p><strong>&#8211; Spielergebnis (1&#215;2) <\/strong>&#8211; Hier wird auf den Ausgang des Spiels gewettet. In der Bundesliga w\u00e4re dies Sieg, Niederlage oder Unentschieden nach Spielende.<\/p>\n\n\n\n<p><strong>&#8211; \u00dcber\/Unter Tore<\/strong> &#8211; Hier geben die Buchmacher eine Dezimalzahl wie zum Beispiel 3.5 oder 4.5 an, die die Tore reflektieren sollen und deine Aufgabe ist es darauf zu wetten, ob mehr oder weniger Tore als diese Anzahl geschossen werden.&nbsp;<\/p>\n\n\n\n<p><strong>&#8211; Handicap<\/strong> &#8211; Bei Handicap Wetten wird darauf gewettet, um wie viel Tore die st\u00e4rkere Mannschaft gewinnen wird.&nbsp;<\/p>\n\n\n\n<h2 class=\"wp-block-heading\" id=\"zusatzliche-markte-die-interessant-sein-konnten\">Zus\u00e4tzliche M\u00e4rkte, Die interessant sein k\u00f6nnten<\/h2>\n\n\n\n<p>Selbstverst\u00e4ndlich gibt es auf die Bundesliga unz\u00e4hlige M\u00e4rkte, auf die Wett-Spieler ihre Wetten platzieren k\u00f6nnen. Diese M\u00e4rkte sind zum Beispiel Wetten auf Karten, Ecken, Fouls oder welcher Spieler ein Tor schie\u00dft. Des Weiteren lassen sich auch skurrile Wetten finden, wie zum Beispiel zu was f\u00fcr einem Zeitpunkt ein Spieler eingewechselt wird oder wie lange nachgespielt wird.&nbsp;<\/p>\n\n\n\n<h2 class=\"wp-block-heading\" id=\"die-zukunftswetten-in-der-1-bundesliga\">Die Zukunftswetten in der 1. Bundesliga<\/h2>\n\n\n\n<p>Auch diese M\u00e4rkte sind beliebt, da es oft sehr spannend ist, eine Wette \u00fcber eine ganze Saison oder \u00fcber einen l\u00e4ngeren Zeitraum laufen zu lassen. In diesen M\u00e4rkten kannst du darauf wetten, welche Mannschaft den Bundesliga Titel gewinnen wird, welcher Spieler die meisten Tore schie\u00dfen wird oder welche Mannschaft absteigen wird.&nbsp;<\/p>\n\n\n\n<p>Der Abstieg in der Bundesliga ist immer eine seht interessante Angelegenheit und wir bei Betting.com nutzen diese Gelegenheit immer, speziell zum Ende der Saison. Der Grund hierf\u00fcr ist, dass Spiele am Ende der Saison oft f\u00fcr \u00dcberraschungen sorgen k\u00f6nnen, da es f\u00fcr viele Mannschaften um alles geht.&nbsp;<\/p>\n\n\n\n<p>F\u00fcr die Buchmacher ist es dadurch immer schwer, diese Spiele einzusch\u00e4tzen. F\u00fcr diese Spiele k\u00f6nnen Wett-Tipps oft hilfreich sein, jedoch solltest du sicherstellen, dass der Tippgeber, dem du folgst, auch das Thema \u201cAbstieg\u201d ber\u00fccksichtigt.&nbsp;<\/p>\n\n\n\n<h2 class=\"wp-block-heading\" id=\"hilfreiche-tipps-fur-wetten-auf-die-bundesliga\">Hilfreiche Tipps f\u00fcr wetten auf die Bundesliga<\/h2>\n\n\n\n<p><strong>&#8211; Wirf ein auge auf die Jungen Spieler<\/strong>: Das Talent und K\u00f6nnen junger Spieler wird in der Bundesliga oft \u00fcbersehen, da die Liga an sich ein sehr hohes Niveau und \u00fcber jede Menge Star-Spieler verf\u00fcgt. Jedoch sind es oft die jungen Spieler sowie Jadon Sancho oder Erling Halland, die einen Unterschied ausmachen k\u00f6nnen.&nbsp;<\/p>\n\n\n\n<p><strong>&#8211; Verletzungsanf\u00e4llige Spieler<\/strong>: Hier solltest du speziell bei Zukunftswetten aufpassen. Wenn eine starke Mannschaft \u00fcber ein paar Spieler verf\u00fcgt, die verletzungsanf\u00e4llig sind, dann sollte dies f\u00fcr dich ein Warnzeichen sein. Eine Zukunftswette kann so n\u00e4mlich schnell verloren gehen, wenn der beste Spiele f\u00fcr die H\u00e4lfte der Saison ausf\u00e4llt.<\/p>\n\n\n\n<p><br><strong>&#8211; Derbies<\/strong>: Derbies in der Fu\u00dfball Bundesliga k\u00f6nnen einen gro\u00dfen Einfluss auf ein Spiel haben. Jetzt, w\u00e4hrend der Corona-Krise spielt dies vielleicht weniger eine Rolle, wenn jedoch wieder Zuschauer in die Stadien d\u00fcrfen, kann dies einen sehr gro\u00dfen Unterschied machen. Wenn zwei Rivalen gegeneinander antreten ist die Kulisse im Station ph\u00e4nomenal. Dies kann auch Auswirkungen auf die Leistung der Spieler haben.<\/p>\n\n\t\t<\/article>\n\t\t<div class=\"lg:w-[300px] lg:flex-shrink-0 relative\" x-data=\"{show_toc: false}\">\n\t\t\t<div class=\"lg:sticky lg:top-4 z-30\">\n\t\t\t\t<div class=\"fixed -top-64 left-0 w-full z-50 lg:static transition-all hidden lg:block\" id=\"fixed-toc\">\n\t\t\t\t\t<div>\n\t\t\t\t<div class=\"border-b border-solid border-gray-30 text-lg font-bold lg:pt-7 max-lg:px-4 py-3 flex items-center justify-between bg-white lg:bg-transparent\">\n\t\t\tWas gibt es auf dieser Seite\n\t\t\t<button @click=\"show_toc = true\" class=\"btn btn-red-outline-white block lg:hidden\">Jump to<\/button>\n\t\t<\/div>\n\t\t\t\t<div\n\t\t\tclass=\"max-lg:fixed max-lg:top-0 max-lg:left-0 max-lg:w-screen max-lg:h-screen max-lg:bg-gray-70 max-lg:bg-opacity-75 max-lg:hidden\"\n\t\t\t:class=\"{'max-lg:hidden': !show_toc}\"\n\t\t\t@click=\"show_toc = false\"\n\t\t>\n\t\t\t<div class=\"max-lg:absolute max-lg:bottom-0 max-lg:left-0 max-lg:w-screen bg-white lg:bg-transparent\">\n\t\t\t\t\t\t\t\t<div class=\"flex lg:hidden items-center justify-between mx-4 border-b border-solid border-gray-30 pt-6 pb-2 font-bold\">\n\n\t\t\t\t\tAuf dieser Seite\n\t\t\t\t\t<button @click=\"show_toc = false\">\n\t\t\t\t\t\t<svg class=\"w-5 h-5 text-gray-100\" xmlns=\"http:\/\/www.w3.org\/2000\/svg\" fill=\"none\" stroke=\"currentColor\" stroke-width=\"1.5\" class=\"w-6 h-6\" viewBox=\"0 0 24 24\"><path stroke-linecap=\"round\" stroke-linejoin=\"round\" d=\"M6 18 18 6M6 6l12 12\"\/><\/svg>\t\t\t\t\t<\/button>\n\t\t\t\t<\/div>\n\t\t\t\t<ul id=\"toc\" class=\"mt-5 max-h-[85vh] overflow-y-auto list-none bt-scrollbars\">\n\n\t\t\t\t\t\t\t\t\t\t\t<li>\n\t\t\t\t\t\t\t<a href=\"#die-1-bundesliga-quoten-verstehen\" data-bt-toc-item=\"die-1-bundesliga-quoten-verstehen\"\n\t\t\t\t\t\t\t\t @click=\"show_toc = false\"\n\t\t\t\t\t\t\t\t class=\"block px-4 py-2 text-black border-l-4 border-solid border-transparent hover:border-red-100 transition-all hover:!border-b-0 hover:font-bold\">\nDie 1. Bundesliga Quoten Verstehen\n<\/a>\n\t\t\t\t\t\t<\/li>\n\t\t\t\t\t\t\t\t\t\t\t<li>\n\t\t\t\t\t\t\t<a href=\"#die-geschichte-der-deutschen-fussball-1-bundesliga\" data-bt-toc-item=\"die-geschichte-der-deutschen-fussball-1-bundesliga\"\n\t\t\t\t\t\t\t\t @click=\"show_toc = false\"\n\t\t\t\t\t\t\t\t class=\"block px-4 py-2 text-black border-l-4 border-solid border-transparent hover:border-red-100 transition-all hover:!border-b-0 hover:font-bold\">\nDie Geschichte der deutschen Fu\u00dfball 1. Bundesliga\n<\/a>\n\t\t\t\t\t\t<\/li>\n\t\t\t\t\t\t\t\t\t\t\t<li>\n\t\t\t\t\t\t\t<a href=\"#die-zusatzlichen-veranstaltungen-der-teams\" data-bt-toc-item=\"die-zusatzlichen-veranstaltungen-der-teams\"\n\t\t\t\t\t\t\t\t @click=\"show_toc = false\"\n\t\t\t\t\t\t\t\t class=\"block px-4 py-2 text-black border-l-4 border-solid border-transparent hover:border-red-100 transition-all hover:!border-b-0 hover:font-bold\">\nDie zus\u00e4tzlichen veranstaltungen der Teams\n<\/a>\n\t\t\t\t\t\t<\/li>\n\t\t\t\t\t\t\t\t\t\t\t<li>\n\t\t\t\t\t\t\t<a href=\"#die-beliebtesten-markte-in-der-deutschen-fussball-1-bundesliga\" data-bt-toc-item=\"die-beliebtesten-markte-in-der-deutschen-fussball-1-bundesliga\"\n\t\t\t\t\t\t\t\t @click=\"show_toc = false\"\n\t\t\t\t\t\t\t\t class=\"block px-4 py-2 text-black border-l-4 border-solid border-transparent hover:border-red-100 transition-all hover:!border-b-0 hover:font-bold\">\nDie beliebtesten M\u00e4rkte in der Deutschen Fu\u00dfball 1.Bundesliga\n<\/a>\n\t\t\t\t\t\t<\/li>\n\t\t\t\t\t\t\t\t\t\t\t<li>\n\t\t\t\t\t\t\t<a href=\"#zusatzliche-markte-die-interessant-sein-konnten\" data-bt-toc-item=\"zusatzliche-markte-die-interessant-sein-konnten\"\n\t\t\t\t\t\t\t\t @click=\"show_toc = false\"\n\t\t\t\t\t\t\t\t class=\"block px-4 py-2 text-black border-l-4 border-solid border-transparent hover:border-red-100 transition-all hover:!border-b-0 hover:font-bold\">\nZus\u00e4tzliche M\u00e4rkte, Die interessant sein k\u00f6nnten\n<\/a>\n\t\t\t\t\t\t<\/li>\n\t\t\t\t\t\t\t\t\t\t\t<li>\n\t\t\t\t\t\t\t<a href=\"#die-zukunftswetten-in-der-1-bundesliga\" data-bt-toc-item=\"die-zukunftswetten-in-der-1-bundesliga\"\n\t\t\t\t\t\t\t\t @click=\"show_toc = false\"\n\t\t\t\t\t\t\t\t class=\"block px-4 py-2 text-black border-l-4 border-solid border-transparent hover:border-red-100 transition-all hover:!border-b-0 hover:font-bold\">\nDie Zukunftswetten in der 1. Bundesliga\n<\/a>\n\t\t\t\t\t\t<\/li>\n\t\t\t\t\t\t\t\t\t\t\t<li>\n\t\t\t\t\t\t\t<a href=\"#hilfreiche-tipps-fur-wetten-auf-die-bundesliga\" data-bt-toc-item=\"hilfreiche-tipps-fur-wetten-auf-die-bundesliga\"\n\t\t\t\t\t\t\t\t @click=\"show_toc = false\"\n\t\t\t\t\t\t\t\t class=\"block px-4 py-2 text-black border-l-4 border-solid border-transparent hover:border-red-100 transition-all hover:!border-b-0 hover:font-bold\">\nHilfreiche Tipps f\u00fcr wetten auf die Bundesliga\n<\/a>\n\t\t\t\t\t\t<\/li>\n\t\t\t\t\t\t\t\t\t<\/ul>\n\t\t\t\t\t\t\t\t\t\t\t<\/div>\n\t\t<\/div>\n\t<\/div>\n\t\t\t\t\t<\/div>\n\t\t\t<\/div>\n\t\t<\/div>\n\t<\/div>\n<\/div>\n\t<\/div>\n<\/div>\n\n","protected":false},"excerpt":{"rendered":"","protected":false},"author":6,"featured_media":438,"parent":977,"menu_order":1000,"comment_status":"closed","ping_status":"closed","template":"","meta":{"footnotes":""},"tags":[],"acf":[],"_links":{"self":[{"href":"https:\/\/betting.com\/de\/wp-json\/wp\/v2\/pages\/25"}],"collection":[{"href":"https:\/\/betting.com\/de\/wp-json\/wp\/v2\/pages"}],"about":[{"href":"https:\/\/betting.com\/de\/wp-json\/wp\/v2\/types\/page"}],"author":[{"embeddable":true,"href":"https:\/\/betting.com\/de\/wp-json\/wp\/v2\/users\/6"}],"replies":[{"embeddable":true,"href":"https:\/\/betting.com\/de\/wp-json\/wp\/v2\/comments?post=25"}],"version-history":[{"count":4,"href":"https:\/\/betting.com\/de\/wp-json\/wp\/v2\/pages\/25\/revisions"}],"predecessor-version":[{"id":6125,"href":"https:\/\/betting.com\/de\/wp-json\/wp\/v2\/pages\/25\/revisions\/6125"}],"up":[{"embeddable":true,"href":"https:\/\/betting.com\/de\/wp-json\/wp\/v2\/pages\/977"}],"wp:featuredmedia":[{"embeddable":true,"href":"https:\/\/betting.com\/de\/wp-json\/wp\/v2\/media\/438"}],"wp:attachment":[{"href":"https:\/\/betting.com\/de\/wp-json\/wp\/v2\/media?parent=25"}],"wp:term":[{"taxonomy":"post_tag","embeddable":true,"href":"https:\/\/betting.com\/de\/wp-json\/wp\/v2\/tags?post=25"}],"curies":[{"name":"wp","href":"https:\/\/api.w.org\/{rel}","templated":true}]}}