{"id":248,"date":"2022-06-15T22:49:24","date_gmt":"2022-06-15T22:49:24","guid":{"rendered":"https:\/\/betting.com\/de\/?page_id=248"},"modified":"2023-08-02T12:31:07","modified_gmt":"2023-08-02T12:31:07","slug":"tipps","status":"publish","type":"page","link":"https:\/\/betting.com\/de\/primeira-liga\/tipps","title":{"rendered":"Primeira Liga Wett Tipps"},"content":{"rendered":"<div class=\" container-white py-8\">\n\t<div class=\"wp-block-container-toc  \">\n\t\t\t<div class=\"bg-white\">\n\t<div class=\"flex flex-col-reverse lg:flex-row lg:gap-8 py-10\">\n\t\t<article class=\"max-w-[960px] flex-grow\" data-bt-content>\n\t\t\t\n<h2 class=\"wp-block-heading\" id=\"primeira-liga-wett-tipps-fur-die-heutigen-veranstaltungen\">Primeira Liga-Wett Tipps f\u00fcr die heutigen Veranstaltungen<\/h2>\n\n\n\n<p>Als gr\u00f6\u00dfte Fu\u00dfballliga Portugals zieht die Primeira Liga jede Woche zahlreiche Zuschauer an, und das Wettangebot auf alle Mannschaften ist beeindruckend gro\u00df. Mit einigen echten Qualit\u00e4tsmannschaften wie Sporting Lissabon und Benfica ist der portugiesische Fu\u00dfball ein au\u00dferordentlich unterhaltsamer Ort, an dem Tore, Paraden und magische Momente an jedem Wochenende die Regel sind.<\/p>\n\n\n\n<p>Unsere kostenlosen Primeira Liga-Wett Tipps sollen deine Wett-Erfahrung auf die n\u00e4chste Stufe heben, denn wir bieten dir einige der besten kostenlosen Fu\u00dfball Tipps von engagierten Primeira Liga-Experten, die sich f\u00fcr alles interessieren, was mit dem portugiesischen Fu\u00dfball zu tun hat.<\/p>\n\n\n\n<h2 class=\"wp-block-heading\" id=\"fussball-wetttipps-fur-die-primeira-liga-2022-23\">Fu\u00dfball-Wetttipps f\u00fcr die Primeira Liga 2022\/23<\/h2>\n\n\n\n<p>Wie bereits erw\u00e4hnt, sind die gr\u00f6\u00dften Mannschaften in der Primeira Liga in der Regel Sporting Lissabon, Porto und Benfica. In der Tat haben Benfica (37 Titel), Porto (30 Titel) und Sporting (19 Titel) die Liga dominiert, und kein anderes Team kann ihnen in Bezug auf die Anzahl der gewonnenen Titel das Wasser reichen.<\/p>\n\n\n\n<p>Diese Dominanz hat sich auch auf die aktuellen Mannschaften \u00fcbertragen: Porto gewann die Liga 2021\/22, w\u00e4hrend Sporting und Benfica Zweiter bzw. Dritter wurden.<\/p>\n\n\n\n<p><em>\u201cIn dieser Phase der Saison sieht man in unseren Prognosen und Wett Tipps wieder die klassischen Top-Drei um die Krone k\u00e4mpfen. Aber wenn man die richtigen Karten ausspielt und zum richtigen Zeitpunkt auf eine bestimmte Mannschaft setzt, k\u00f6nnte ein Tipper eine gute Rendite erzielen, wenn er mit hohen Quoten auf diese Mannschaft setzt, nur damit diese zur\u00fcckschl\u00e4gt und den Titel holt.\u201d<\/em><\/p>\n\n\n\n<p>Wenn es um den Sieger der Liga geht, werden hohe Eins\u00e4tze erwartet und fast jede Mannschaft bietet vor dem ersten Ansto\u00df gute Quoten.<\/p>\n\n\n\n<h2 class=\"wp-block-heading\" id=\"welche-sind-die-besten-wettanbieter-fur-primeira-liga-wetten\">Welche sind die besten Wettanbieter f\u00fcr Primeira Liga-Wetten?<\/h2>\n\n\n\n<p>Die gr\u00f6\u00dften Buchmacher in diesem Spiel sind in der Regel die gro\u00dfen Standardanbieter. Von all diesen gro\u00dfen Buchmachern w\u00fcrden wir jedoch William Hill am meisten empfehlen. Die Mischung aus attraktiven Quoten und Angeboten f\u00fcr Neu- und Bestandskunden f\u00fcr portugiesische und andere Fu\u00dfballligen ist ausgezeichnet, was bedeutet, dass du niemals zu einem anderen Buchmacher wechseln musst, um die Wetten zu platzieren.<\/p>\n\n\t\t<\/article>\n\t\t<div class=\"lg:w-[300px] lg:flex-shrink-0 relative\" x-data=\"{show_toc: false}\">\n\t\t\t<div class=\"lg:sticky lg:top-4 z-30\">\n\t\t\t\t<div class=\"fixed -top-64 left-0 w-full z-50 lg:static transition-all hidden lg:block\" id=\"fixed-toc\">\n\t\t\t\t\t<div>\n\t\t\t\t<div class=\"border-b border-solid border-gray-30 text-lg font-bold lg:pt-7 max-lg:px-4 py-3 flex items-center justify-between bg-white lg:bg-transparent\">\n\t\t\tWas gibt es auf dieser Seite\n\t\t\t<button @click=\"show_toc = true\" class=\"btn btn-red-outline-white block lg:hidden\">Jump to<\/button>\n\t\t<\/div>\n\t\t\t\t<div\n\t\t\tclass=\"max-lg:fixed max-lg:top-0 max-lg:left-0 max-lg:w-screen max-lg:h-screen max-lg:bg-gray-70 max-lg:bg-opacity-75 max-lg:hidden\"\n\t\t\t:class=\"{'max-lg:hidden': !show_toc}\"\n\t\t\t@click=\"show_toc = false\"\n\t\t>\n\t\t\t<div class=\"max-lg:absolute max-lg:bottom-0 max-lg:left-0 max-lg:w-screen bg-white lg:bg-transparent\">\n\t\t\t\t\t\t\t\t<div class=\"flex lg:hidden items-center justify-between mx-4 border-b border-solid border-gray-30 pt-6 pb-2 font-bold\">\n\n\t\t\t\t\tAuf dieser Seite\n\t\t\t\t\t<button @click=\"show_toc = false\">\n\t\t\t\t\t\t<svg class=\"w-5 h-5 text-gray-100\" xmlns=\"http:\/\/www.w3.org\/2000\/svg\" fill=\"none\" stroke=\"currentColor\" stroke-width=\"1.5\" class=\"w-6 h-6\" viewBox=\"0 0 24 24\"><path stroke-linecap=\"round\" stroke-linejoin=\"round\" d=\"M6 18 18 6M6 6l12 12\"\/><\/svg>\t\t\t\t\t<\/button>\n\t\t\t\t<\/div>\n\t\t\t\t<ul id=\"toc\" class=\"mt-5 max-h-[85vh] overflow-y-auto list-none bt-scrollbars\">\n\n\t\t\t\t\t\t\t\t\t\t\t<li>\n\t\t\t\t\t\t\t<a href=\"#primeira-liga-wett-tipps-fur-die-heutigen-veranstaltungen\" data-bt-toc-item=\"primeira-liga-wett-tipps-fur-die-heutigen-veranstaltungen\"\n\t\t\t\t\t\t\t\t @click=\"show_toc = false\"\n\t\t\t\t\t\t\t\t class=\"block px-4 py-2 text-black border-l-4 border-solid border-transparent hover:border-red-100 transition-all hover:!border-b-0 hover:font-bold\">\nPrimeira Liga-Wett Tipps f\u00fcr die heutigen Veranstaltungen\n<\/a>\n\t\t\t\t\t\t<\/li>\n\t\t\t\t\t\t\t\t\t\t\t<li>\n\t\t\t\t\t\t\t<a href=\"#fussball-wetttipps-fur-die-primeira-liga-2022-23\" data-bt-toc-item=\"fussball-wetttipps-fur-die-primeira-liga-2022-23\"\n\t\t\t\t\t\t\t\t @click=\"show_toc = false\"\n\t\t\t\t\t\t\t\t class=\"block px-4 py-2 text-black border-l-4 border-solid border-transparent hover:border-red-100 transition-all hover:!border-b-0 hover:font-bold\">\nFu\u00dfball-Wetttipps f\u00fcr die Primeira Liga 2022\/23\n<\/a>\n\t\t\t\t\t\t<\/li>\n\t\t\t\t\t\t\t\t\t\t\t<li>\n\t\t\t\t\t\t\t<a href=\"#welche-sind-die-besten-wettanbieter-fur-primeira-liga-wetten\" data-bt-toc-item=\"welche-sind-die-besten-wettanbieter-fur-primeira-liga-wetten\"\n\t\t\t\t\t\t\t\t @click=\"show_toc = false\"\n\t\t\t\t\t\t\t\t class=\"block px-4 py-2 text-black border-l-4 border-solid border-transparent hover:border-red-100 transition-all hover:!border-b-0 hover:font-bold\">\nWelche sind die besten Wettanbieter f\u00fcr Primeira Liga-Wetten?\n<\/a>\n\t\t\t\t\t\t<\/li>\n\t\t\t\t\t\t\t\t\t<\/ul>\n\t\t\t\t\t\t\t\t\t\t\t<\/div>\n\t\t<\/div>\n\t<\/div>\n\t\t\t\t\t<\/div>\n\t\t\t<\/div>\n\t\t<\/div>\n\t<\/div>\n<\/div>\n\t<\/div>\n<\/div>\n\n","protected":false},"excerpt":{"rendered":"","protected":false},"author":6,"featured_media":470,"parent":983,"menu_order":1000,"comment_status":"closed","ping_status":"closed","template":"","meta":{"footnotes":""},"tags":[],"acf":[],"_links":{"self":[{"href":"https:\/\/betting.com\/de\/wp-json\/wp\/v2\/pages\/248"}],"collection":[{"href":"https:\/\/betting.com\/de\/wp-json\/wp\/v2\/pages"}],"about":[{"href":"https:\/\/betting.com\/de\/wp-json\/wp\/v2\/types\/page"}],"author":[{"embeddable":true,"href":"https:\/\/betting.com\/de\/wp-json\/wp\/v2\/users\/6"}],"replies":[{"embeddable":true,"href":"https:\/\/betting.com\/de\/wp-json\/wp\/v2\/comments?post=248"}],"version-history":[{"count":5,"href":"https:\/\/betting.com\/de\/wp-json\/wp\/v2\/pages\/248\/revisions"}],"predecessor-version":[{"id":6186,"href":"https:\/\/betting.com\/de\/wp-json\/wp\/v2\/pages\/248\/revisions\/6186"}],"up":[{"embeddable":true,"href":"https:\/\/betting.com\/de\/wp-json\/wp\/v2\/pages\/983"}],"wp:featuredmedia":[{"embeddable":true,"href":"https:\/\/betting.com\/de\/wp-json\/wp\/v2\/media\/470"}],"wp:attachment":[{"href":"https:\/\/betting.com\/de\/wp-json\/wp\/v2\/media?parent=248"}],"wp:term":[{"taxonomy":"post_tag","embeddable":true,"href":"https:\/\/betting.com\/de\/wp-json\/wp\/v2\/tags?post=248"}],"curies":[{"name":"wp","href":"https:\/\/api.w.org\/{rel}","templated":true}]}}