{"id":245,"date":"2022-06-15T22:27:21","date_gmt":"2022-06-15T22:27:21","guid":{"rendered":"https:\/\/betting.com\/de\/?page_id=245"},"modified":"2023-08-02T12:31:07","modified_gmt":"2023-08-02T12:31:07","slug":"tipps","status":"publish","type":"page","link":"https:\/\/betting.com\/de\/polnische-ekstraklasa\/tipps","title":{"rendered":"Polnische Ekstraklasa Wett Tipps"},"content":{"rendered":"<div class=\" container-white py-8\">\n\t<div class=\"wp-block-container-toc  \">\n\t\t\t<div class=\"bg-white\">\n\t<div class=\"flex flex-col-reverse lg:flex-row lg:gap-8 py-10\">\n\t\t<article class=\"max-w-[960px] flex-grow\" data-bt-content>\n\t\t\t\n<h2 class=\"wp-block-heading\" id=\"ekstraklasa-wett-tipps-fur-die-heutigen-veranstaltungen\">Ekstraklasa-Wett Tipps f\u00fcr die heutigen Veranstaltungen<\/h2>\n\n\n\n<p>Die Ekstraklasa ist die h\u00f6chste Spielklasse in Polen und zieht Zuschauer aus ganz Europa an. 18 Mannschaften treten in dieser Saison in der polnischen Ekstraklasa an (von 16 aufgestockt), und der Meister qualifiziert sich f\u00fcr die Champions League. Dieser Artikel gibt einen \u00dcberblick \u00fcber die Ekstraklasa und bietet Vorschl\u00e4ge und Tipps f\u00fcr Wettauswahlen und -m\u00e4rkte.<\/p>\n\n\n\n<p>In der Ekstraklasa-Saison 2021\/22 gewann Lech Poznan mit f\u00fcnf Punkten Vorsprung seinen 8. Titel. Am Ende der Saison verpasste Piast Gliwice nur knapp den vierten Platz, w\u00e4hrend Lechia Gdansk sich den letzten Qualifikationsplatz f\u00fcr die Europa Conference League sicherte.<\/p>\n\n\n\n<h2 class=\"wp-block-heading\" id=\"wie-werden-unsere-wetttipps-erstellt\">Wie werden unsere Wetttipps erstellt?<\/h2>\n\n\n\n<p>Alle unsere Wettvorschl\u00e4ge, Tipps und Informationen sind vollst\u00e4ndig recherchiert und faktengepr\u00fcft. Die Plattform ist voll von Top-Fu\u00dfballwetten Marktinformationen und die Erfolgsquote der Website ist ein Beweis daf\u00fcr.<\/p>\n\n\n\n<p>Unsere polnischen Wetttipps zur Ekstraklasa sind sorgf\u00e4ltig zusammengestellt und recherchiert. Alle unsere Vorhersagen und kostenlosen Wett Tipps sind mit echten Daten und Fu\u00dfballwissen untermauert.<\/p>\n\n\n\n<p><em>\u201cDer gro\u00dfe Erfolg unserer Fu\u00dfball-Wetttipps f\u00fchrt dazu, dass viele Tipper wiederkommen, um weitere Einblicke und Ratschl\u00e4ge zu erhalten\u201d<\/em><\/p>\n\n\n\n<h2 class=\"wp-block-heading\" id=\"wie-oft-veroffentlichen-wir-unsere-polnische-ekstraklasa-wett-tipps\">Wie oft ver\u00f6ffentlichen wir unsere Polnische Ekstraklasa-Wett Tipps?<\/h2>\n\n\n\n<p>Wett Tipps und Vorhersagen zur polnischen Ekstraklasa finden Sie t\u00e4glich, in der Regel am Tag vor dem Spiel oder am Tag des Anpfiffs. Diese Wetttipps sind dank der Experten-Tippgeber v\u00f6llig kostenlos.<\/p>\n\n\n\n<h2 class=\"wp-block-heading\" id=\"alles-was-sie-uber-wetten-auf-die-polnische-ekstraklasa-wissen-mussen\">Alles, was Sie \u00fcber Wetten auf die polnische Ekstraklasa wissen m\u00fcssen<\/h2>\n\n\n\n<p>Der Gesamtsieger der polnischen Ekstraklasa ist der beliebteste Wettmarkt f\u00fcr Wettende. Obwohl Legia Warschau im letzten Jahr gewonnen hat, ist dies keineswegs garantiert, was f\u00fcr ein spannendes und offenes Wetten mit dem Potenzial f\u00fcr gro\u00dfe Gewinne sorgt.<\/p>\n\n\n\n<p><em>\u201cUnsere Experten-Wetttipps geben Ihnen einen detaillierten \u00dcberblick \u00fcber die polnische Ekstraklasa und liefern Hintergrundinformationen zu den Mannschaften, Topspielern und neuen Transfers. All diese Informationen helfen Ihnen, Ihre Wettentscheidungen zu treffen, und bieten Ihnen die besten Chancen, einen Gewinn zu erzielen.\u201d<\/em><\/p>\n\n\n\n<p>Sie k\u00f6nnen Tippgebern auf unserer Plattform folgen, um weitere Einblicke in Ihre Wetten zu erhalten, so dass Sie immer mit Vertrauen wetten k\u00f6nnen. Sie k\u00f6nnen auch betting.com nutzen, um Quoten zu vergleichen und tolle Tipps aus zuverl\u00e4ssigen Quellen zu finden.<\/p>\n\n\n\n<h2 class=\"wp-block-heading\" id=\"welcher-bonus-ist-der-beste-fur-meine-liga-wetten\">Welcher Bonus ist der beste f\u00fcr meine Liga-Wetten?<\/h2>\n\n\n\n<p>Es gibt viele Arten von Boni, die Ihr Wetten noch angenehmer und lohnender machen. Wir haben viele verf\u00fcgbare Boni getestet und empfehlen Ihnen, nach erh\u00f6hten Quoten und Anmeldeangeboten Ausschau zu halten, um das Beste aus Ihren Wetten herauszuholen.<\/p>\n\n\n\n<p>Die meisten polnischen Ekstraklasa-Boni sind mit leicht zu erf\u00fcllenden Bedingungen verbunden, aber lesen Sie diese sorgf\u00e4ltig durch, bevor Sie eine Wette abschlie\u00dfen.<\/p>\n\n\t\t<\/article>\n\t\t<div class=\"lg:w-[300px] lg:flex-shrink-0 relative\" x-data=\"{show_toc: false}\">\n\t\t\t<div class=\"lg:sticky lg:top-4 z-30\">\n\t\t\t\t<div class=\"fixed -top-64 left-0 w-full z-50 lg:static transition-all hidden lg:block\" id=\"fixed-toc\">\n\t\t\t\t\t<div>\n\t\t\t\t<div class=\"border-b border-solid border-gray-30 text-lg font-bold lg:pt-7 max-lg:px-4 py-3 flex items-center justify-between bg-white lg:bg-transparent\">\n\t\t\tWas gibt es auf dieser Seite\n\t\t\t<button @click=\"show_toc = true\" class=\"btn btn-red-outline-white block lg:hidden\">Jump to<\/button>\n\t\t<\/div>\n\t\t\t\t<div\n\t\t\tclass=\"max-lg:fixed max-lg:top-0 max-lg:left-0 max-lg:w-screen max-lg:h-screen max-lg:bg-gray-70 max-lg:bg-opacity-75 max-lg:hidden\"\n\t\t\t:class=\"{'max-lg:hidden': !show_toc}\"\n\t\t\t@click=\"show_toc = false\"\n\t\t>\n\t\t\t<div class=\"max-lg:absolute max-lg:bottom-0 max-lg:left-0 max-lg:w-screen bg-white lg:bg-transparent\">\n\t\t\t\t\t\t\t\t<div class=\"flex lg:hidden items-center justify-between mx-4 border-b border-solid border-gray-30 pt-6 pb-2 font-bold\">\n\n\t\t\t\t\tAuf dieser Seite\n\t\t\t\t\t<button @click=\"show_toc = false\">\n\t\t\t\t\t\t<svg class=\"w-5 h-5 text-gray-100\" xmlns=\"http:\/\/www.w3.org\/2000\/svg\" fill=\"none\" stroke=\"currentColor\" stroke-width=\"1.5\" class=\"w-6 h-6\" viewBox=\"0 0 24 24\"><path stroke-linecap=\"round\" stroke-linejoin=\"round\" d=\"M6 18 18 6M6 6l12 12\"\/><\/svg>\t\t\t\t\t<\/button>\n\t\t\t\t<\/div>\n\t\t\t\t<ul id=\"toc\" class=\"mt-5 max-h-[85vh] overflow-y-auto list-none bt-scrollbars\">\n\n\t\t\t\t\t\t\t\t\t\t\t<li>\n\t\t\t\t\t\t\t<a href=\"#ekstraklasa-wett-tipps-fur-die-heutigen-veranstaltungen\" data-bt-toc-item=\"ekstraklasa-wett-tipps-fur-die-heutigen-veranstaltungen\"\n\t\t\t\t\t\t\t\t @click=\"show_toc = false\"\n\t\t\t\t\t\t\t\t class=\"block px-4 py-2 text-black border-l-4 border-solid border-transparent hover:border-red-100 transition-all hover:!border-b-0 hover:font-bold\">\nEkstraklasa-Wett Tipps f\u00fcr die heutigen Veranstaltungen\n<\/a>\n\t\t\t\t\t\t<\/li>\n\t\t\t\t\t\t\t\t\t\t\t<li>\n\t\t\t\t\t\t\t<a href=\"#wie-werden-unsere-wetttipps-erstellt\" data-bt-toc-item=\"wie-werden-unsere-wetttipps-erstellt\"\n\t\t\t\t\t\t\t\t @click=\"show_toc = false\"\n\t\t\t\t\t\t\t\t class=\"block px-4 py-2 text-black border-l-4 border-solid border-transparent hover:border-red-100 transition-all hover:!border-b-0 hover:font-bold\">\nWie werden unsere Wetttipps erstellt?\n<\/a>\n\t\t\t\t\t\t<\/li>\n\t\t\t\t\t\t\t\t\t\t\t<li>\n\t\t\t\t\t\t\t<a href=\"#wie-oft-veroffentlichen-wir-unsere-polnische-ekstraklasa-wett-tipps\" data-bt-toc-item=\"wie-oft-veroffentlichen-wir-unsere-polnische-ekstraklasa-wett-tipps\"\n\t\t\t\t\t\t\t\t @click=\"show_toc = false\"\n\t\t\t\t\t\t\t\t class=\"block px-4 py-2 text-black border-l-4 border-solid border-transparent hover:border-red-100 transition-all hover:!border-b-0 hover:font-bold\">\nWie oft ver\u00f6ffentlichen wir unsere Polnische Ekstraklasa-Wett Tipps?\n<\/a>\n\t\t\t\t\t\t<\/li>\n\t\t\t\t\t\t\t\t\t\t\t<li>\n\t\t\t\t\t\t\t<a href=\"#alles-was-sie-uber-wetten-auf-die-polnische-ekstraklasa-wissen-mussen\" data-bt-toc-item=\"alles-was-sie-uber-wetten-auf-die-polnische-ekstraklasa-wissen-mussen\"\n\t\t\t\t\t\t\t\t @click=\"show_toc = false\"\n\t\t\t\t\t\t\t\t class=\"block px-4 py-2 text-black border-l-4 border-solid border-transparent hover:border-red-100 transition-all hover:!border-b-0 hover:font-bold\">\nAlles, was Sie \u00fcber Wetten auf die polnische Ekstraklasa wissen m\u00fcssen\n<\/a>\n\t\t\t\t\t\t<\/li>\n\t\t\t\t\t\t\t\t\t\t\t<li>\n\t\t\t\t\t\t\t<a href=\"#welcher-bonus-ist-der-beste-fur-meine-liga-wetten\" data-bt-toc-item=\"welcher-bonus-ist-der-beste-fur-meine-liga-wetten\"\n\t\t\t\t\t\t\t\t @click=\"show_toc = false\"\n\t\t\t\t\t\t\t\t class=\"block px-4 py-2 text-black border-l-4 border-solid border-transparent hover:border-red-100 transition-all hover:!border-b-0 hover:font-bold\">\nWelcher Bonus ist der beste f\u00fcr meine Liga-Wetten?\n<\/a>\n\t\t\t\t\t\t<\/li>\n\t\t\t\t\t\t\t\t\t<\/ul>\n\t\t\t\t\t\t\t\t\t\t\t<\/div>\n\t\t<\/div>\n\t<\/div>\n\t\t\t\t\t<\/div>\n\t\t\t<\/div>\n\t\t<\/div>\n\t<\/div>\n<\/div>\n\t<\/div>\n<\/div>\n\n","protected":false},"excerpt":{"rendered":"","protected":false},"author":6,"featured_media":453,"parent":901,"menu_order":1000,"comment_status":"closed","ping_status":"closed","template":"","meta":{"footnotes":""},"tags":[],"acf":[],"_links":{"self":[{"href":"https:\/\/betting.com\/de\/wp-json\/wp\/v2\/pages\/245"}],"collection":[{"href":"https:\/\/betting.com\/de\/wp-json\/wp\/v2\/pages"}],"about":[{"href":"https:\/\/betting.com\/de\/wp-json\/wp\/v2\/types\/page"}],"author":[{"embeddable":true,"href":"https:\/\/betting.com\/de\/wp-json\/wp\/v2\/users\/6"}],"replies":[{"embeddable":true,"href":"https:\/\/betting.com\/de\/wp-json\/wp\/v2\/comments?post=245"}],"version-history":[{"count":5,"href":"https:\/\/betting.com\/de\/wp-json\/wp\/v2\/pages\/245\/revisions"}],"predecessor-version":[{"id":6185,"href":"https:\/\/betting.com\/de\/wp-json\/wp\/v2\/pages\/245\/revisions\/6185"}],"up":[{"embeddable":true,"href":"https:\/\/betting.com\/de\/wp-json\/wp\/v2\/pages\/901"}],"wp:featuredmedia":[{"embeddable":true,"href":"https:\/\/betting.com\/de\/wp-json\/wp\/v2\/media\/453"}],"wp:attachment":[{"href":"https:\/\/betting.com\/de\/wp-json\/wp\/v2\/media?parent=245"}],"wp:term":[{"taxonomy":"post_tag","embeddable":true,"href":"https:\/\/betting.com\/de\/wp-json\/wp\/v2\/tags?post=245"}],"curies":[{"name":"wp","href":"https:\/\/api.w.org\/{rel}","templated":true}]}}